{"id":60770,"date":"2025-06-05T03:17:25","date_gmt":"2025-06-05T02:17:25","guid":{"rendered":"https:\/\/truusk.store\/product\/sportnow-justerbar-hojd-pa-boxsackstall-fristaende-boxsackshallare-med-speedball-upp-till-60-kg-belastning-stal-svart\/"},"modified":"2026-03-12T09:40:38","modified_gmt":"2026-03-12T08:40:38","slug":"truusk-justerbar-hojd-boxsackstall-fristaende-med-speedball-upp-till-60-kg-belastning-stal-svart","status":"publish","type":"product","link":"https:\/\/truusk.store\/sv\/produkt\/truusk-justerbar-hojd-boxsackstall-fristaende-med-speedball-upp-till-60-kg-belastning-stal-svart\/","title":{"rendered":"TRUUSK Justerbar H\u00f6jd Boxs\u00e4ckst\u00e4ll &#8211; Frist\u00e5ende Med Speedball &#8211; Upp Till 60 Kg Belastning &#8211; St\u00e5l &#8211; Svart"},"content":{"rendered":"<p>Sl\u00e4pp loss din inre boxare med SPORTNOW boxningsst\u00e4ll. Detta genomt\u00e4nkta st\u00e4ll har plats f\u00f6r en boxningss\u00e4ck (ing\u00e5r ej) och har en speedball f\u00f6r att tr\u00e4na din slagfart. H\u00f6jden kan justeras fr\u00e5n 175 till 220 cm och med sex f\u00f6rst\u00e4rkningsstag absorberas st\u00f6tar optimalt och en stabil, m\u00e5ngsidig tr\u00e4ningsupplevelse skapas<\/p>\n<p>Beskrivning:<\/p>\n<ul>\n<li> St\u00e4ll f\u00f6r en boxningss\u00e4ck p\u00e5 ena sidan (ing\u00e5r ej) och en speedball p\u00e5 den andra sidan<\/li>\n<li> H\u00f6jden kan justeras fr\u00e5n 175 till 220 cm f\u00f6r optimal anv\u00e4ndarkomfort<\/li>\n<li> Sex f\u00f6rst\u00e4rkningsstag f\u00f6r h\u00f6gre stabilitet<\/li>\n<li> Speedball f\u00f6rb\u00e4ttrar reaktion, precision och r\u00f6rlighet<\/li>\n<li> Montering kr\u00e4vs<\/li>\n<\/ul>\n<p>Tekniska specifikationer:<\/p>\n<ul>\n<li> F\u00e4rg: Svart<\/li>\n<li> Material: St\u00e5l<\/li>\n<li> Totala m\u00e5tt: 160L x 145B x 175-220H cm<\/li>\n<li> Krokens h\u00f6jd: 165-210 cm<\/li>\n<li> Speedball: 25L x 25B cm<\/li>\n<li> Maximal belastning: 60 kg<\/li>\n<\/ul>\n<p>Inneh\u00e5ll:<\/p>\n<ul>\n<li> 1 x Boxningss\u00e4cksst\u00e4ll<\/li>\n<li> 1 x Speedball<\/li>\n<li> 1 x Handbok<\/li>\n<\/ul>\n","protected":false},"excerpt":{"rendered":"<p>Sl\u00e4pp loss din inre boxare med SPORTNOW boxningsst\u00e4ll. Detta genomt\u00e4nkta st\u00e4ll har plats f\u00f6r en boxningss\u00e4ck (ing\u00e5r ej) och har&#8230;<\/p>\n","protected":false},"featured_media":60760,"template":"","meta":[],"product_brand":[],"product_cat":[667,873,647],"product_tag":[],"class_list":{"0":"post-60770","1":"product","2":"type-product","3":"status-publish","4":"has-post-thumbnail","6":"product_cat-boxningssack","7":"product_cat-fitness-styrketraning","8":"product_cat-sport-fritid","10":"first","11":"instock","12":"sale","13":"taxable","14":"shipping-taxable","15":"purchasable","16":"product-type-simple"},"yoast_head":"<!-- This site is optimized with the Yoast SEO plugin v25.4 - https:\/\/yoast.com\/wordpress\/plugins\/seo\/ -->\n<title>TRUUSK Justerbar H\u00f6jd Boxs\u00e4ckst\u00e4ll - Frist\u00e5ende Med Speedball - Upp Till 60 Kg Belastning - St\u00e5l - Svart - TRUUSK - Hem, Tr\u00e4dg\u00e5rd &amp; Fritid<\/title>\n<meta name=\"robots\" content=\"index, follow, max-snippet:-1, max-image-preview:large, max-video-preview:-1\" \/>\n<link rel=\"canonical\" href=\"https:\/\/truusk.store\/sv\/produkt\/truusk-justerbar-hojd-boxsackstall-fristaende-med-speedball-upp-till-60-kg-belastning-stal-svart\/\" \/>\n<meta property=\"og:locale\" content=\"sv_SE\" \/>\n<meta property=\"og:type\" content=\"article\" \/>\n<meta property=\"og:title\" content=\"TRUUSK Justerbar H\u00f6jd Boxs\u00e4ckst\u00e4ll - Frist\u00e5ende Med Speedball - Upp Till 60 Kg Belastning - St\u00e5l - Svart - TRUUSK - Hem, Tr\u00e4dg\u00e5rd &amp; Fritid\" \/>\n<meta property=\"og:description\" content=\"Sl\u00e4pp loss din inre boxare med SPORTNOW boxningsst\u00e4ll. Detta genomt\u00e4nkta st\u00e4ll har plats f\u00f6r en boxningss\u00e4ck (ing\u00e5r ej) och har...\" \/>\n<meta property=\"og:url\" content=\"https:\/\/truusk.store\/sv\/produkt\/truusk-justerbar-hojd-boxsackstall-fristaende-med-speedball-upp-till-60-kg-belastning-stal-svart\/\" \/>\n<meta property=\"og:site_name\" content=\"TRUUSK - Hem, Tr\u00e4dg\u00e5rd &amp; Fritid\" \/>\n<meta property=\"article:modified_time\" content=\"2026-03-12T08:40:38+00:00\" \/>\n<meta property=\"og:image\" content=\"https:\/\/i0.wp.com\/truusk.se\/wp-content\/uploads\/2025\/06\/sportnow-justerbar-hojd-pa-boxsackstall-fristaende-boxsackshallare-med-speedball-upp-till-60-kg-belastning-stal-svart-1.webp?fit=2000%2C2000&ssl=1\" \/>\n\t<meta property=\"og:image:width\" content=\"2000\" \/>\n\t<meta property=\"og:image:height\" content=\"2000\" \/>\n\t<meta property=\"og:image:type\" content=\"image\/webp\" \/>\n<meta name=\"twitter:card\" content=\"summary_large_image\" \/>\n<meta name=\"twitter:label1\" content=\"Ber\u00e4knad l\u00e4stid\" \/>\n\t<meta name=\"twitter:data1\" content=\"1 minut\" \/>\n<!-- \/ Yoast SEO plugin. -->","yoast_head_json":{"title":"TRUUSK Justerbar H\u00f6jd Boxs\u00e4ckst\u00e4ll - Frist\u00e5ende Med Speedball - Upp Till 60 Kg Belastning - St\u00e5l - Svart - TRUUSK - Hem, Tr\u00e4dg\u00e5rd &amp; Fritid","robots":{"index":"index","follow":"follow","max-snippet":"max-snippet:-1","max-image-preview":"max-image-preview:large","max-video-preview":"max-video-preview:-1"},"canonical":"https:\/\/truusk.store\/sv\/produkt\/truusk-justerbar-hojd-boxsackstall-fristaende-med-speedball-upp-till-60-kg-belastning-stal-svart\/","og_locale":"sv_SE","og_type":"article","og_title":"TRUUSK Justerbar H\u00f6jd Boxs\u00e4ckst\u00e4ll - Frist\u00e5ende Med Speedball - Upp Till 60 Kg Belastning - St\u00e5l - Svart - TRUUSK - Hem, Tr\u00e4dg\u00e5rd &amp; Fritid","og_description":"Sl\u00e4pp loss din inre boxare med SPORTNOW boxningsst\u00e4ll. Detta genomt\u00e4nkta st\u00e4ll har plats f\u00f6r en boxningss\u00e4ck (ing\u00e5r ej) och har...","og_url":"https:\/\/truusk.store\/sv\/produkt\/truusk-justerbar-hojd-boxsackstall-fristaende-med-speedball-upp-till-60-kg-belastning-stal-svart\/","og_site_name":"TRUUSK - Hem, Tr\u00e4dg\u00e5rd &amp; Fritid","article_modified_time":"2026-03-12T08:40:38+00:00","og_image":[{"width":2000,"height":2000,"url":"https:\/\/i0.wp.com\/truusk.se\/wp-content\/uploads\/2025\/06\/sportnow-justerbar-hojd-pa-boxsackstall-fristaende-boxsackshallare-med-speedball-upp-till-60-kg-belastning-stal-svart-1.webp?fit=2000%2C2000&ssl=1","type":"image\/webp"}],"twitter_card":"summary_large_image","twitter_misc":{"Ber\u00e4knad l\u00e4stid":"1 minut"},"schema":{"@context":"https:\/\/schema.org","@graph":[{"@type":"WebPage","@id":"https:\/\/truusk.store\/sv\/produkt\/truusk-justerbar-hojd-boxsackstall-fristaende-med-speedball-upp-till-60-kg-belastning-stal-svart\/","url":"https:\/\/truusk.store\/sv\/produkt\/truusk-justerbar-hojd-boxsackstall-fristaende-med-speedball-upp-till-60-kg-belastning-stal-svart\/","name":"TRUUSK Justerbar H\u00f6jd Boxs\u00e4ckst\u00e4ll - Frist\u00e5ende Med Speedball - Upp Till 60 Kg Belastning - St\u00e5l - Svart - TRUUSK - Hem, Tr\u00e4dg\u00e5rd &amp; Fritid","isPartOf":{"@id":"https:\/\/truusk.store\/sv\/#website"},"primaryImageOfPage":{"@id":"https:\/\/truusk.store\/sv\/produkt\/truusk-justerbar-hojd-boxsackstall-fristaende-med-speedball-upp-till-60-kg-belastning-stal-svart\/#primaryimage"},"image":{"@id":"https:\/\/truusk.store\/sv\/produkt\/truusk-justerbar-hojd-boxsackstall-fristaende-med-speedball-upp-till-60-kg-belastning-stal-svart\/#primaryimage"},"thumbnailUrl":"https:\/\/i0.wp.com\/truusk.store\/wp-content\/uploads\/2025\/06\/sportnow-justerbar-hojd-pa-boxsackstall-fristaende-boxsackshallare-med-speedball-upp-till-60-kg-belastning-stal-svart-1.webp?fit=2000%2C2000&ssl=1","datePublished":"2025-06-05T02:17:25+00:00","dateModified":"2026-03-12T08:40:38+00:00","breadcrumb":{"@id":"https:\/\/truusk.store\/sv\/produkt\/truusk-justerbar-hojd-boxsackstall-fristaende-med-speedball-upp-till-60-kg-belastning-stal-svart\/#breadcrumb"},"inLanguage":"sv-SE","potentialAction":[{"@type":"ReadAction","target":["https:\/\/truusk.store\/sv\/produkt\/truusk-justerbar-hojd-boxsackstall-fristaende-med-speedball-upp-till-60-kg-belastning-stal-svart\/"]}]},{"@type":"ImageObject","inLanguage":"sv-SE","@id":"https:\/\/truusk.store\/sv\/produkt\/truusk-justerbar-hojd-boxsackstall-fristaende-med-speedball-upp-till-60-kg-belastning-stal-svart\/#primaryimage","url":"https:\/\/i0.wp.com\/truusk.store\/wp-content\/uploads\/2025\/06\/sportnow-justerbar-hojd-pa-boxsackstall-fristaende-boxsackshallare-med-speedball-upp-till-60-kg-belastning-stal-svart-1.webp?fit=2000%2C2000&ssl=1","contentUrl":"https:\/\/i0.wp.com\/truusk.store\/wp-content\/uploads\/2025\/06\/sportnow-justerbar-hojd-pa-boxsackstall-fristaende-boxsackshallare-med-speedball-upp-till-60-kg-belastning-stal-svart-1.webp?fit=2000%2C2000&ssl=1","width":2000,"height":2000},{"@type":"BreadcrumbList","@id":"https:\/\/truusk.store\/sv\/produkt\/truusk-justerbar-hojd-boxsackstall-fristaende-med-speedball-upp-till-60-kg-belastning-stal-svart\/#breadcrumb","itemListElement":[{"@type":"ListItem","position":1,"name":"Home","item":"https:\/\/truusk.store\/sv\/"},{"@type":"ListItem","position":2,"name":"Shop","item":"https:\/\/truusk.store\/shop\/"},{"@type":"ListItem","position":3,"name":"TRUUSK Justerbar H\u00f6jd Boxs\u00e4ckst\u00e4ll &#8211; Frist\u00e5ende Med Speedball &#8211; Upp Till 60 Kg Belastning &#8211; St\u00e5l &#8211; Svart"}]},{"@type":"WebSite","@id":"https:\/\/truusk.store\/sv\/#website","url":"https:\/\/truusk.store\/sv\/","name":"TRUUSK - Hem, Tr\u00e4dg\u00e5rd & Fritid","description":"","publisher":{"@id":"https:\/\/truusk.store\/sv\/#organization"},"potentialAction":[{"@type":"SearchAction","target":{"@type":"EntryPoint","urlTemplate":"https:\/\/truusk.store\/sv\/?s={search_term_string}"},"query-input":{"@type":"PropertyValueSpecification","valueRequired":true,"valueName":"search_term_string"}}],"inLanguage":"sv-SE"},{"@type":"Organization","@id":"https:\/\/truusk.store\/sv\/#organization","name":"TRUUSK - Hem, Tr\u00e4dg\u00e5rd & Fritid","url":"https:\/\/truusk.store\/sv\/","logo":{"@type":"ImageObject","inLanguage":"sv-SE","@id":"https:\/\/truusk.store\/sv\/#\/schema\/logo\/image\/","url":"https:\/\/i0.wp.com\/truusk.store\/wp-content\/uploads\/2026\/03\/cropped-TRUUSK.png?fit=2032%2C917&ssl=1","contentUrl":"https:\/\/i0.wp.com\/truusk.store\/wp-content\/uploads\/2026\/03\/cropped-TRUUSK.png?fit=2032%2C917&ssl=1","width":2032,"height":917,"caption":"TRUUSK - Hem, Tr\u00e4dg\u00e5rd & Fritid"},"image":{"@id":"https:\/\/truusk.store\/sv\/#\/schema\/logo\/image\/"}}]}},"jetpack_sharing_enabled":true,"_links":{"self":[{"href":"https:\/\/truusk.store\/sv\/wp-json\/wp\/v2\/product\/60770","targetHints":{"allow":["GET"]}}],"collection":[{"href":"https:\/\/truusk.store\/sv\/wp-json\/wp\/v2\/product"}],"about":[{"href":"https:\/\/truusk.store\/sv\/wp-json\/wp\/v2\/types\/product"}],"wp:featuredmedia":[{"embeddable":true,"href":"https:\/\/truusk.store\/sv\/wp-json\/wp\/v2\/media\/60760"}],"wp:attachment":[{"href":"https:\/\/truusk.store\/sv\/wp-json\/wp\/v2\/media?parent=60770"}],"wp:term":[{"taxonomy":"product_brand","embeddable":true,"href":"https:\/\/truusk.store\/sv\/wp-json\/wp\/v2\/product_brand?post=60770"},{"taxonomy":"product_cat","embeddable":true,"href":"https:\/\/truusk.store\/sv\/wp-json\/wp\/v2\/product_cat?post=60770"},{"taxonomy":"product_tag","embeddable":true,"href":"https:\/\/truusk.store\/sv\/wp-json\/wp\/v2\/product_tag?post=60770"}],"curies":[{"name":"wp","href":"https:\/\/api.w.org\/{rel}","templated":true}]}}