{"id":60790,"date":"2025-06-05T03:19:37","date_gmt":"2025-06-05T02:19:37","guid":{"rendered":"https:\/\/truusk.store\/product\/sittbank-med-forvaring-och-oppet-lock-stoppad-bank-i-velvet-touch-gummitra-morkgra-120x46x42cm-for-sovrum-hall\/"},"modified":"2026-03-12T09:42:21","modified_gmt":"2026-03-12T08:42:21","slug":"truusk-sittbank-med-forvaring-och-oppet-lock-stoppad-bank-i-velvet-touch-gummitra-morkgra-120x46x42cm-for-sovrum-hall","status":"publish","type":"product","link":"https:\/\/truusk.store\/sv\/produkt\/truusk-sittbank-med-forvaring-och-oppet-lock-stoppad-bank-i-velvet-touch-gummitra-morkgra-120x46x42cm-for-sovrum-hall\/","title":{"rendered":"TRUUSK Sittb\u00e4nk med F\u00f6rvaring och \u00f6ppet Lock &#8211; Stoppad B\u00e4nk i Velvet-Touch &#8211; Gummitr\u00e4 &#8211; M\u00f6rkgr\u00e5 &#8211; 120x46x42cm &#8211; F\u00f6r Sovrum &amp; Hall"},"content":{"rendered":"<p>Upplev tidl\u00f6s elegans med v\u00e5r uts\u00f6kta pall med f\u00f6rvaring. De konstfullt utformade benen i svart gummitr\u00e4 och den eleganta m\u00f6rkgr\u00e5a sammetkl\u00e4dseln ger ditt vardagsrum, sovrum, omkl\u00e4dningsrum eller kontor en touch av klassisk chic. Anv\u00e4nd det gener\u00f6sa f\u00f6rvaringsutrymmet f\u00f6r filtar, kuddar, fj\u00e4rrkontroller eller tidningar. Denna b\u00e4nk med f\u00f6rvaring \u00e4r inte bara en stilfull m\u00f6bel, utan ocks\u00e5 en praktisk ordningshj\u00e4lp f\u00f6r ditt hem.<\/p>\n<p>Beskrivning:<\/p>\n<ul>\n<li> 2-i-1 sittb\u00e4nk med f\u00f6rvaring, idealisk f\u00f6r att f\u00f6rvara pl\u00e4dar, kuddar, fj\u00e4rrkontroller, tidskrifter eller andra f\u00f6rem\u00e5l<\/li>\n<li> Halvcirkelformad, stoppad pall med elegant, klassiskt chic design och bl\u00e5 sammetkl\u00e4dsel<\/li>\n<li> Inre f\u00f6rvaringsutrymme, perfekt f\u00f6r placering i ditt vardagsrum, sovrum, omkl\u00e4dningsrum eller kontor<\/li>\n<li> H\u00f6gkvalitativ bearbetning av s\u00e4ngb\u00e4nken i t\u00e4t sammet (240 g\/m\u00b2, 100% polyester), svarta gummitr\u00e4f\u00f6tter och en robust plywoodstruktur<\/li>\n<li> H\u00f6g komfort tack vare tjock stoppning av h\u00f6gdensitetsskum (26D) och mjuk sammetkl\u00e4dsel<\/li>\n<li> Optimal s\u00e4kerhet tack vare den praktiska och s\u00e4kra \u00f6ppningen och st\u00e4ngningen av det uppf\u00e4llbara f\u00f6rvaringsutrymmet med tv\u00e5 hydrauliska d\u00e4mpare<\/li>\n<li> Enkel och snabb montering med den medf\u00f6ljande, illustrerade monteringsanvisningen<\/li>\n<\/ul>\n<p>Tekniska data:<\/p>\n<ul>\n<li> F\u00e4rg: M\u00f6rkgr\u00e5<\/li>\n<li> Material: Sammet (100 % polyester), skum, gummitr\u00e4, plywood<\/li>\n<li> Totala dimensioner: 120L x 46B x 42H cm<\/li>\n<li> F\u00f6rvaringsdimensioner: 111,5L x 37,5B x 24H cm<\/li>\n<li> Fotdimensioner: \u00d86,5 x 10H cm<\/li>\n<li> Maximal \u00f6ppningsvinkel: 70\u00b0<\/li>\n<li> Maximal belastningskapacitet: 120 kg<\/li>\n<\/ul>\n<p>Leveransinneh\u00e5ll:<\/p>\n<ul>\n<li> 1 x f\u00f6rvaringsb\u00e4nk<\/li>\n<li> 1 x instruktion<\/li>\n<\/ul>\n","protected":false},"excerpt":{"rendered":"<p>Upplev tidl\u00f6s elegans med v\u00e5r uts\u00f6kta pall med f\u00f6rvaring. De konstfullt utformade benen i svart gummitr\u00e4 och den eleganta m\u00f6rkgr\u00e5a&#8230;<\/p>\n","protected":false},"featured_media":60781,"template":"","meta":[],"product_brand":[],"product_cat":[871,944,910],"product_tag":[],"class_list":{"0":"post-60790","1":"product","2":"type-product","3":"status-publish","4":"has-post-thumbnail","6":"product_cat-hus-hem","7":"product_cat-pallar-fotpallar","8":"product_cat-vardagsrum","10":"first","11":"instock","12":"sale","13":"taxable","14":"shipping-taxable","15":"purchasable","16":"product-type-simple"},"yoast_head":"<!-- This site is optimized with the Yoast SEO plugin v25.4 - https:\/\/yoast.com\/wordpress\/plugins\/seo\/ -->\n<title>TRUUSK Sittb\u00e4nk med F\u00f6rvaring och \u00f6ppet Lock - Stoppad B\u00e4nk i Velvet-Touch - Gummitr\u00e4 - M\u00f6rkgr\u00e5 - 120x46x42cm - F\u00f6r Sovrum &amp; Hall - TRUUSK - Hem, Tr\u00e4dg\u00e5rd &amp; Fritid<\/title>\n<meta name=\"robots\" content=\"index, follow, max-snippet:-1, max-image-preview:large, max-video-preview:-1\" \/>\n<link rel=\"canonical\" href=\"https:\/\/truusk.store\/sv\/produkt\/truusk-sittbank-med-forvaring-och-oppet-lock-stoppad-bank-i-velvet-touch-gummitra-morkgra-120x46x42cm-for-sovrum-hall\/\" \/>\n<meta property=\"og:locale\" content=\"sv_SE\" \/>\n<meta property=\"og:type\" content=\"article\" \/>\n<meta property=\"og:title\" content=\"TRUUSK Sittb\u00e4nk med F\u00f6rvaring och \u00f6ppet Lock - Stoppad B\u00e4nk i Velvet-Touch - Gummitr\u00e4 - M\u00f6rkgr\u00e5 - 120x46x42cm - F\u00f6r Sovrum &amp; Hall - TRUUSK - Hem, Tr\u00e4dg\u00e5rd &amp; Fritid\" \/>\n<meta property=\"og:description\" content=\"Upplev tidl\u00f6s elegans med v\u00e5r uts\u00f6kta pall med f\u00f6rvaring. De konstfullt utformade benen i svart gummitr\u00e4 och den eleganta m\u00f6rkgr\u00e5a...\" \/>\n<meta property=\"og:url\" content=\"https:\/\/truusk.store\/sv\/produkt\/truusk-sittbank-med-forvaring-och-oppet-lock-stoppad-bank-i-velvet-touch-gummitra-morkgra-120x46x42cm-for-sovrum-hall\/\" \/>\n<meta property=\"og:site_name\" content=\"TRUUSK - Hem, Tr\u00e4dg\u00e5rd &amp; Fritid\" \/>\n<meta property=\"article:modified_time\" content=\"2026-03-12T08:42:21+00:00\" \/>\n<meta property=\"og:image\" content=\"https:\/\/i0.wp.com\/truusk.se\/wp-content\/uploads\/2025\/06\/sittbank-med-forvaring-och-oppet-lock-stoppad-bank-i-velvet-touch-gummitra-morkgra-120x46x42cm-for-sovrum-hall-1.webp?fit=2000%2C2000&ssl=1\" \/>\n\t<meta property=\"og:image:width\" content=\"2000\" \/>\n\t<meta property=\"og:image:height\" content=\"2000\" \/>\n\t<meta property=\"og:image:type\" content=\"image\/webp\" \/>\n<meta name=\"twitter:card\" content=\"summary_large_image\" \/>\n<meta name=\"twitter:label1\" content=\"Ber\u00e4knad l\u00e4stid\" \/>\n\t<meta name=\"twitter:data1\" content=\"1 minut\" \/>\n<!-- \/ Yoast SEO plugin. -->","yoast_head_json":{"title":"TRUUSK Sittb\u00e4nk med F\u00f6rvaring och \u00f6ppet Lock - Stoppad B\u00e4nk i Velvet-Touch - Gummitr\u00e4 - M\u00f6rkgr\u00e5 - 120x46x42cm - F\u00f6r Sovrum &amp; Hall - TRUUSK - Hem, Tr\u00e4dg\u00e5rd &amp; Fritid","robots":{"index":"index","follow":"follow","max-snippet":"max-snippet:-1","max-image-preview":"max-image-preview:large","max-video-preview":"max-video-preview:-1"},"canonical":"https:\/\/truusk.store\/sv\/produkt\/truusk-sittbank-med-forvaring-och-oppet-lock-stoppad-bank-i-velvet-touch-gummitra-morkgra-120x46x42cm-for-sovrum-hall\/","og_locale":"sv_SE","og_type":"article","og_title":"TRUUSK Sittb\u00e4nk med F\u00f6rvaring och \u00f6ppet Lock - Stoppad B\u00e4nk i Velvet-Touch - Gummitr\u00e4 - M\u00f6rkgr\u00e5 - 120x46x42cm - F\u00f6r Sovrum &amp; Hall - TRUUSK - Hem, Tr\u00e4dg\u00e5rd &amp; Fritid","og_description":"Upplev tidl\u00f6s elegans med v\u00e5r uts\u00f6kta pall med f\u00f6rvaring. De konstfullt utformade benen i svart gummitr\u00e4 och den eleganta m\u00f6rkgr\u00e5a...","og_url":"https:\/\/truusk.store\/sv\/produkt\/truusk-sittbank-med-forvaring-och-oppet-lock-stoppad-bank-i-velvet-touch-gummitra-morkgra-120x46x42cm-for-sovrum-hall\/","og_site_name":"TRUUSK - Hem, Tr\u00e4dg\u00e5rd &amp; Fritid","article_modified_time":"2026-03-12T08:42:21+00:00","og_image":[{"width":2000,"height":2000,"url":"https:\/\/i0.wp.com\/truusk.se\/wp-content\/uploads\/2025\/06\/sittbank-med-forvaring-och-oppet-lock-stoppad-bank-i-velvet-touch-gummitra-morkgra-120x46x42cm-for-sovrum-hall-1.webp?fit=2000%2C2000&ssl=1","type":"image\/webp"}],"twitter_card":"summary_large_image","twitter_misc":{"Ber\u00e4knad l\u00e4stid":"1 minut"},"schema":{"@context":"https:\/\/schema.org","@graph":[{"@type":"WebPage","@id":"https:\/\/truusk.store\/sv\/produkt\/truusk-sittbank-med-forvaring-och-oppet-lock-stoppad-bank-i-velvet-touch-gummitra-morkgra-120x46x42cm-for-sovrum-hall\/","url":"https:\/\/truusk.store\/sv\/produkt\/truusk-sittbank-med-forvaring-och-oppet-lock-stoppad-bank-i-velvet-touch-gummitra-morkgra-120x46x42cm-for-sovrum-hall\/","name":"TRUUSK Sittb\u00e4nk med F\u00f6rvaring och \u00f6ppet Lock - Stoppad B\u00e4nk i Velvet-Touch - Gummitr\u00e4 - M\u00f6rkgr\u00e5 - 120x46x42cm - F\u00f6r Sovrum &amp; Hall - TRUUSK - Hem, Tr\u00e4dg\u00e5rd &amp; Fritid","isPartOf":{"@id":"https:\/\/truusk.store\/sv\/#website"},"primaryImageOfPage":{"@id":"https:\/\/truusk.store\/sv\/produkt\/truusk-sittbank-med-forvaring-och-oppet-lock-stoppad-bank-i-velvet-touch-gummitra-morkgra-120x46x42cm-for-sovrum-hall\/#primaryimage"},"image":{"@id":"https:\/\/truusk.store\/sv\/produkt\/truusk-sittbank-med-forvaring-och-oppet-lock-stoppad-bank-i-velvet-touch-gummitra-morkgra-120x46x42cm-for-sovrum-hall\/#primaryimage"},"thumbnailUrl":"https:\/\/i0.wp.com\/truusk.store\/wp-content\/uploads\/2025\/06\/sittbank-med-forvaring-och-oppet-lock-stoppad-bank-i-velvet-touch-gummitra-morkgra-120x46x42cm-for-sovrum-hall-1.webp?fit=2000%2C2000&ssl=1","datePublished":"2025-06-05T02:19:37+00:00","dateModified":"2026-03-12T08:42:21+00:00","breadcrumb":{"@id":"https:\/\/truusk.store\/sv\/produkt\/truusk-sittbank-med-forvaring-och-oppet-lock-stoppad-bank-i-velvet-touch-gummitra-morkgra-120x46x42cm-for-sovrum-hall\/#breadcrumb"},"inLanguage":"sv-SE","potentialAction":[{"@type":"ReadAction","target":["https:\/\/truusk.store\/sv\/produkt\/truusk-sittbank-med-forvaring-och-oppet-lock-stoppad-bank-i-velvet-touch-gummitra-morkgra-120x46x42cm-for-sovrum-hall\/"]}]},{"@type":"ImageObject","inLanguage":"sv-SE","@id":"https:\/\/truusk.store\/sv\/produkt\/truusk-sittbank-med-forvaring-och-oppet-lock-stoppad-bank-i-velvet-touch-gummitra-morkgra-120x46x42cm-for-sovrum-hall\/#primaryimage","url":"https:\/\/i0.wp.com\/truusk.store\/wp-content\/uploads\/2025\/06\/sittbank-med-forvaring-och-oppet-lock-stoppad-bank-i-velvet-touch-gummitra-morkgra-120x46x42cm-for-sovrum-hall-1.webp?fit=2000%2C2000&ssl=1","contentUrl":"https:\/\/i0.wp.com\/truusk.store\/wp-content\/uploads\/2025\/06\/sittbank-med-forvaring-och-oppet-lock-stoppad-bank-i-velvet-touch-gummitra-morkgra-120x46x42cm-for-sovrum-hall-1.webp?fit=2000%2C2000&ssl=1","width":2000,"height":2000},{"@type":"BreadcrumbList","@id":"https:\/\/truusk.store\/sv\/produkt\/truusk-sittbank-med-forvaring-och-oppet-lock-stoppad-bank-i-velvet-touch-gummitra-morkgra-120x46x42cm-for-sovrum-hall\/#breadcrumb","itemListElement":[{"@type":"ListItem","position":1,"name":"Home","item":"https:\/\/truusk.store\/sv\/"},{"@type":"ListItem","position":2,"name":"Shop","item":"https:\/\/truusk.store\/shop\/"},{"@type":"ListItem","position":3,"name":"TRUUSK Sittb\u00e4nk med F\u00f6rvaring och \u00f6ppet Lock &#8211; Stoppad B\u00e4nk i Velvet-Touch &#8211; Gummitr\u00e4 &#8211; M\u00f6rkgr\u00e5 &#8211; 120x46x42cm &#8211; F\u00f6r Sovrum &amp; Hall"}]},{"@type":"WebSite","@id":"https:\/\/truusk.store\/sv\/#website","url":"https:\/\/truusk.store\/sv\/","name":"TRUUSK - Hem, Tr\u00e4dg\u00e5rd & Fritid","description":"","publisher":{"@id":"https:\/\/truusk.store\/sv\/#organization"},"potentialAction":[{"@type":"SearchAction","target":{"@type":"EntryPoint","urlTemplate":"https:\/\/truusk.store\/sv\/?s={search_term_string}"},"query-input":{"@type":"PropertyValueSpecification","valueRequired":true,"valueName":"search_term_string"}}],"inLanguage":"sv-SE"},{"@type":"Organization","@id":"https:\/\/truusk.store\/sv\/#organization","name":"TRUUSK - Hem, Tr\u00e4dg\u00e5rd & Fritid","url":"https:\/\/truusk.store\/sv\/","logo":{"@type":"ImageObject","inLanguage":"sv-SE","@id":"https:\/\/truusk.store\/sv\/#\/schema\/logo\/image\/","url":"https:\/\/i0.wp.com\/truusk.store\/wp-content\/uploads\/2026\/03\/cropped-TRUUSK.png?fit=2032%2C917&ssl=1","contentUrl":"https:\/\/i0.wp.com\/truusk.store\/wp-content\/uploads\/2026\/03\/cropped-TRUUSK.png?fit=2032%2C917&ssl=1","width":2032,"height":917,"caption":"TRUUSK - Hem, Tr\u00e4dg\u00e5rd & Fritid"},"image":{"@id":"https:\/\/truusk.store\/sv\/#\/schema\/logo\/image\/"}}]}},"jetpack_sharing_enabled":true,"_links":{"self":[{"href":"https:\/\/truusk.store\/sv\/wp-json\/wp\/v2\/product\/60790","targetHints":{"allow":["GET"]}}],"collection":[{"href":"https:\/\/truusk.store\/sv\/wp-json\/wp\/v2\/product"}],"about":[{"href":"https:\/\/truusk.store\/sv\/wp-json\/wp\/v2\/types\/product"}],"wp:featuredmedia":[{"embeddable":true,"href":"https:\/\/truusk.store\/sv\/wp-json\/wp\/v2\/media\/60781"}],"wp:attachment":[{"href":"https:\/\/truusk.store\/sv\/wp-json\/wp\/v2\/media?parent=60790"}],"wp:term":[{"taxonomy":"product_brand","embeddable":true,"href":"https:\/\/truusk.store\/sv\/wp-json\/wp\/v2\/product_brand?post=60790"},{"taxonomy":"product_cat","embeddable":true,"href":"https:\/\/truusk.store\/sv\/wp-json\/wp\/v2\/product_cat?post=60790"},{"taxonomy":"product_tag","embeddable":true,"href":"https:\/\/truusk.store\/sv\/wp-json\/wp\/v2\/product_tag?post=60790"}],"curies":[{"name":"wp","href":"https:\/\/api.w.org\/{rel}","templated":true}]}}