{"id":60810,"date":"2025-06-05T03:21:34","date_gmt":"2025-06-05T02:21:34","guid":{"rendered":"https:\/\/truusk.store\/product\/sittbank-med-forvaring-stoppad-bank-med-linneutseende-traben-sangbank-med-sakerhetshangsel-for-vardagsrum-sovrum-hall\/"},"modified":"2026-03-12T09:43:13","modified_gmt":"2026-03-12T08:43:13","slug":"truusk-sittbank-med-forvaring-stoppad-linneutseende-traben-sakerhetshangsel-vardagsrum-sovrum-hall","status":"publish","type":"product","link":"https:\/\/truusk.store\/sv\/produkt\/truusk-sittbank-med-forvaring-stoppad-linneutseende-traben-sakerhetshangsel-vardagsrum-sovrum-hall\/","title":{"rendered":"TRUUSK Sittb\u00e4nk med F\u00f6rvaring &#8211; Stoppad &#8211; Linneutseende &#8211; Tr\u00e4ben &#8211; S\u00e4kerhetsh\u00e4ngsel &#8211; Vardagsrum &#8211; Sovrum &#8211; Hall"},"content":{"rendered":"<p>Ge ditt hem en touch av elegans och funktionalitet med TRUUSK f\u00f6rvaringsb\u00e4nk. Denna stilfulla b\u00e4nk med f\u00f6rvaring erbjuder inte bara en extra sittplats f\u00f6r dig eller dina g\u00e4ster, utan ocks\u00e5 praktisk f\u00f6rvaring under sittytan. Idealisk f\u00f6r filtar, handdukar eller andra f\u00f6rem\u00e5l som du vill f\u00f6rvara ordentligt. G\u00f6r ditt hem mer mysigt och organiserat &#8211; med TRUUSK pall med f\u00f6rvaring.<\/p>\n<p>Beskrivning:<\/p>\n<ul>\n<li> F\u00f6rvaringsutrymme under s\u00e4tet g\u00f6r det m\u00f6jligt f\u00f6r dig att f\u00f6rvara saker som inte har en fast plats<\/li>\n<li> Fj\u00e4derbelastade g\u00e5ngj\u00e4rn p\u00e5 den vadderade b\u00e4nken f\u00f6r enkel \u00f6ppning, st\u00e4ngning och h\u00e5llning av \u00f6ppen position<\/li>\n<li> Skumvaddering med andningsbart tyg\u00f6verdrag ger en bekv\u00e4m sittupplevelse<\/li>\n<li> Solida U-formade boktr\u00e4ben p\u00e5 s\u00e4ngb\u00e4nken f\u00f6r h\u00f6g stabilitet<\/li>\n<li> Kan anv\u00e4ndas som en b\u00e4nk vid fot\u00e4ndan av s\u00e4ngen, f\u00f6nsterbr\u00e4da eller entr\u00e9b\u00e4nk<\/li>\n<li> Halkfria fotdynor skyddar ditt golv fr\u00e5n repor<\/li>\n<li> Montering kr\u00e4vs<\/li>\n<\/ul>\n<p> Tekniska data:<\/p>\n<ul>\n<li> F\u00e4rg: Kr\u00e4mvit<\/li>\n<li> Material: Linneimitation (100% polyester), skum, boktr\u00e4<\/li>\n<li> Totala m\u00e5tt: 111B x 44T x 44,5H cm<\/li>\n<li> F\u00f6rvaringsstorlek: 103B x 31T x 25H cm<\/li>\n<li> Benh\u00f6jd: 10,5 cm<\/li>\n<li> Belastningskapacitet: 150 kg (totalt), 120 kg (sitt)<\/li>\n<\/ul>\n<p>Leveransinneh\u00e5ll:<\/p>\n<ul>\n<li> 1 x F\u00f6rvaringsb\u00e4nk<\/li>\n<li> 1 x Instruktioner<\/li>\n<\/ul>\n","protected":false},"excerpt":{"rendered":"<p>Ge ditt hem en touch av elegans och funktionalitet med TRUUSK f\u00f6rvaringsb\u00e4nk. Denna stilfulla b\u00e4nk med f\u00f6rvaring erbjuder inte bara&#8230;<\/p>\n","protected":false},"featured_media":60801,"template":"","meta":[],"product_brand":[],"product_cat":[893,871,979],"product_tag":[],"class_list":{"0":"post-60810","1":"product","2":"type-product","3":"status-publish","4":"has-post-thumbnail","6":"product_cat-garderob-hall","7":"product_cat-hus-hem","8":"product_cat-sittbankar","10":"first","11":"instock","12":"sale","13":"taxable","14":"shipping-taxable","15":"purchasable","16":"product-type-simple"},"yoast_head":"<!-- This site is optimized with the Yoast SEO plugin v25.4 - https:\/\/yoast.com\/wordpress\/plugins\/seo\/ -->\n<title>TRUUSK Sittb\u00e4nk med F\u00f6rvaring - Stoppad - Linneutseende - Tr\u00e4ben - S\u00e4kerhetsh\u00e4ngsel - Vardagsrum - Sovrum - Hall - TRUUSK - Hem, Tr\u00e4dg\u00e5rd &amp; Fritid<\/title>\n<meta name=\"robots\" content=\"index, follow, max-snippet:-1, max-image-preview:large, max-video-preview:-1\" \/>\n<link rel=\"canonical\" href=\"https:\/\/truusk.store\/sv\/produkt\/truusk-sittbank-med-forvaring-stoppad-linneutseende-traben-sakerhetshangsel-vardagsrum-sovrum-hall\/\" \/>\n<meta property=\"og:locale\" content=\"sv_SE\" \/>\n<meta property=\"og:type\" content=\"article\" \/>\n<meta property=\"og:title\" content=\"TRUUSK Sittb\u00e4nk med F\u00f6rvaring - Stoppad - Linneutseende - Tr\u00e4ben - S\u00e4kerhetsh\u00e4ngsel - Vardagsrum - Sovrum - Hall - TRUUSK - Hem, Tr\u00e4dg\u00e5rd &amp; Fritid\" \/>\n<meta property=\"og:description\" content=\"Ge ditt hem en touch av elegans och funktionalitet med TRUUSK f\u00f6rvaringsb\u00e4nk. Denna stilfulla b\u00e4nk med f\u00f6rvaring erbjuder inte bara...\" \/>\n<meta property=\"og:url\" content=\"https:\/\/truusk.store\/sv\/produkt\/truusk-sittbank-med-forvaring-stoppad-linneutseende-traben-sakerhetshangsel-vardagsrum-sovrum-hall\/\" \/>\n<meta property=\"og:site_name\" content=\"TRUUSK - Hem, Tr\u00e4dg\u00e5rd &amp; Fritid\" \/>\n<meta property=\"article:modified_time\" content=\"2026-03-12T08:43:13+00:00\" \/>\n<meta property=\"og:image\" content=\"https:\/\/i0.wp.com\/truusk.se\/wp-content\/uploads\/2025\/06\/sittbank-med-forvaring-stoppad-bank-med-linneutseende-traben-sangbank-med-sakerhetshangsel-for-vardagsrum-sovrum-hall-1.webp?fit=2000%2C2000&ssl=1\" \/>\n\t<meta property=\"og:image:width\" content=\"2000\" \/>\n\t<meta property=\"og:image:height\" content=\"2000\" \/>\n\t<meta property=\"og:image:type\" content=\"image\/webp\" \/>\n<meta name=\"twitter:card\" content=\"summary_large_image\" \/>\n<meta name=\"twitter:label1\" content=\"Ber\u00e4knad l\u00e4stid\" \/>\n\t<meta name=\"twitter:data1\" content=\"1 minut\" \/>\n<!-- \/ Yoast SEO plugin. -->","yoast_head_json":{"title":"TRUUSK Sittb\u00e4nk med F\u00f6rvaring - Stoppad - Linneutseende - Tr\u00e4ben - S\u00e4kerhetsh\u00e4ngsel - Vardagsrum - Sovrum - Hall - TRUUSK - Hem, Tr\u00e4dg\u00e5rd &amp; Fritid","robots":{"index":"index","follow":"follow","max-snippet":"max-snippet:-1","max-image-preview":"max-image-preview:large","max-video-preview":"max-video-preview:-1"},"canonical":"https:\/\/truusk.store\/sv\/produkt\/truusk-sittbank-med-forvaring-stoppad-linneutseende-traben-sakerhetshangsel-vardagsrum-sovrum-hall\/","og_locale":"sv_SE","og_type":"article","og_title":"TRUUSK Sittb\u00e4nk med F\u00f6rvaring - Stoppad - Linneutseende - Tr\u00e4ben - S\u00e4kerhetsh\u00e4ngsel - Vardagsrum - Sovrum - Hall - TRUUSK - Hem, Tr\u00e4dg\u00e5rd &amp; Fritid","og_description":"Ge ditt hem en touch av elegans och funktionalitet med TRUUSK f\u00f6rvaringsb\u00e4nk. Denna stilfulla b\u00e4nk med f\u00f6rvaring erbjuder inte bara...","og_url":"https:\/\/truusk.store\/sv\/produkt\/truusk-sittbank-med-forvaring-stoppad-linneutseende-traben-sakerhetshangsel-vardagsrum-sovrum-hall\/","og_site_name":"TRUUSK - Hem, Tr\u00e4dg\u00e5rd &amp; Fritid","article_modified_time":"2026-03-12T08:43:13+00:00","og_image":[{"width":2000,"height":2000,"url":"https:\/\/i0.wp.com\/truusk.se\/wp-content\/uploads\/2025\/06\/sittbank-med-forvaring-stoppad-bank-med-linneutseende-traben-sangbank-med-sakerhetshangsel-for-vardagsrum-sovrum-hall-1.webp?fit=2000%2C2000&ssl=1","type":"image\/webp"}],"twitter_card":"summary_large_image","twitter_misc":{"Ber\u00e4knad l\u00e4stid":"1 minut"},"schema":{"@context":"https:\/\/schema.org","@graph":[{"@type":"WebPage","@id":"https:\/\/truusk.store\/sv\/produkt\/truusk-sittbank-med-forvaring-stoppad-linneutseende-traben-sakerhetshangsel-vardagsrum-sovrum-hall\/","url":"https:\/\/truusk.store\/sv\/produkt\/truusk-sittbank-med-forvaring-stoppad-linneutseende-traben-sakerhetshangsel-vardagsrum-sovrum-hall\/","name":"TRUUSK Sittb\u00e4nk med F\u00f6rvaring - Stoppad - Linneutseende - Tr\u00e4ben - S\u00e4kerhetsh\u00e4ngsel - Vardagsrum - Sovrum - Hall - TRUUSK - Hem, Tr\u00e4dg\u00e5rd &amp; Fritid","isPartOf":{"@id":"https:\/\/truusk.store\/sv\/#website"},"primaryImageOfPage":{"@id":"https:\/\/truusk.store\/sv\/produkt\/truusk-sittbank-med-forvaring-stoppad-linneutseende-traben-sakerhetshangsel-vardagsrum-sovrum-hall\/#primaryimage"},"image":{"@id":"https:\/\/truusk.store\/sv\/produkt\/truusk-sittbank-med-forvaring-stoppad-linneutseende-traben-sakerhetshangsel-vardagsrum-sovrum-hall\/#primaryimage"},"thumbnailUrl":"https:\/\/i0.wp.com\/truusk.store\/wp-content\/uploads\/2025\/06\/sittbank-med-forvaring-stoppad-bank-med-linneutseende-traben-sangbank-med-sakerhetshangsel-for-vardagsrum-sovrum-hall-1.webp?fit=2000%2C2000&ssl=1","datePublished":"2025-06-05T02:21:34+00:00","dateModified":"2026-03-12T08:43:13+00:00","breadcrumb":{"@id":"https:\/\/truusk.store\/sv\/produkt\/truusk-sittbank-med-forvaring-stoppad-linneutseende-traben-sakerhetshangsel-vardagsrum-sovrum-hall\/#breadcrumb"},"inLanguage":"sv-SE","potentialAction":[{"@type":"ReadAction","target":["https:\/\/truusk.store\/sv\/produkt\/truusk-sittbank-med-forvaring-stoppad-linneutseende-traben-sakerhetshangsel-vardagsrum-sovrum-hall\/"]}]},{"@type":"ImageObject","inLanguage":"sv-SE","@id":"https:\/\/truusk.store\/sv\/produkt\/truusk-sittbank-med-forvaring-stoppad-linneutseende-traben-sakerhetshangsel-vardagsrum-sovrum-hall\/#primaryimage","url":"https:\/\/i0.wp.com\/truusk.store\/wp-content\/uploads\/2025\/06\/sittbank-med-forvaring-stoppad-bank-med-linneutseende-traben-sangbank-med-sakerhetshangsel-for-vardagsrum-sovrum-hall-1.webp?fit=2000%2C2000&ssl=1","contentUrl":"https:\/\/i0.wp.com\/truusk.store\/wp-content\/uploads\/2025\/06\/sittbank-med-forvaring-stoppad-bank-med-linneutseende-traben-sangbank-med-sakerhetshangsel-for-vardagsrum-sovrum-hall-1.webp?fit=2000%2C2000&ssl=1","width":2000,"height":2000},{"@type":"BreadcrumbList","@id":"https:\/\/truusk.store\/sv\/produkt\/truusk-sittbank-med-forvaring-stoppad-linneutseende-traben-sakerhetshangsel-vardagsrum-sovrum-hall\/#breadcrumb","itemListElement":[{"@type":"ListItem","position":1,"name":"Home","item":"https:\/\/truusk.store\/sv\/"},{"@type":"ListItem","position":2,"name":"Shop","item":"https:\/\/truusk.store\/shop\/"},{"@type":"ListItem","position":3,"name":"TRUUSK Sittb\u00e4nk med F\u00f6rvaring &#8211; Stoppad &#8211; Linneutseende &#8211; Tr\u00e4ben &#8211; S\u00e4kerhetsh\u00e4ngsel &#8211; Vardagsrum &#8211; Sovrum &#8211; Hall"}]},{"@type":"WebSite","@id":"https:\/\/truusk.store\/sv\/#website","url":"https:\/\/truusk.store\/sv\/","name":"TRUUSK - Hem, Tr\u00e4dg\u00e5rd & Fritid","description":"","publisher":{"@id":"https:\/\/truusk.store\/sv\/#organization"},"potentialAction":[{"@type":"SearchAction","target":{"@type":"EntryPoint","urlTemplate":"https:\/\/truusk.store\/sv\/?s={search_term_string}"},"query-input":{"@type":"PropertyValueSpecification","valueRequired":true,"valueName":"search_term_string"}}],"inLanguage":"sv-SE"},{"@type":"Organization","@id":"https:\/\/truusk.store\/sv\/#organization","name":"TRUUSK - Hem, Tr\u00e4dg\u00e5rd & Fritid","url":"https:\/\/truusk.store\/sv\/","logo":{"@type":"ImageObject","inLanguage":"sv-SE","@id":"https:\/\/truusk.store\/sv\/#\/schema\/logo\/image\/","url":"https:\/\/i0.wp.com\/truusk.store\/wp-content\/uploads\/2026\/03\/cropped-TRUUSK.png?fit=2032%2C917&ssl=1","contentUrl":"https:\/\/i0.wp.com\/truusk.store\/wp-content\/uploads\/2026\/03\/cropped-TRUUSK.png?fit=2032%2C917&ssl=1","width":2032,"height":917,"caption":"TRUUSK - Hem, Tr\u00e4dg\u00e5rd & Fritid"},"image":{"@id":"https:\/\/truusk.store\/sv\/#\/schema\/logo\/image\/"}}]}},"jetpack_sharing_enabled":true,"_links":{"self":[{"href":"https:\/\/truusk.store\/sv\/wp-json\/wp\/v2\/product\/60810","targetHints":{"allow":["GET"]}}],"collection":[{"href":"https:\/\/truusk.store\/sv\/wp-json\/wp\/v2\/product"}],"about":[{"href":"https:\/\/truusk.store\/sv\/wp-json\/wp\/v2\/types\/product"}],"wp:featuredmedia":[{"embeddable":true,"href":"https:\/\/truusk.store\/sv\/wp-json\/wp\/v2\/media\/60801"}],"wp:attachment":[{"href":"https:\/\/truusk.store\/sv\/wp-json\/wp\/v2\/media?parent=60810"}],"wp:term":[{"taxonomy":"product_brand","embeddable":true,"href":"https:\/\/truusk.store\/sv\/wp-json\/wp\/v2\/product_brand?post=60810"},{"taxonomy":"product_cat","embeddable":true,"href":"https:\/\/truusk.store\/sv\/wp-json\/wp\/v2\/product_cat?post=60810"},{"taxonomy":"product_tag","embeddable":true,"href":"https:\/\/truusk.store\/sv\/wp-json\/wp\/v2\/product_tag?post=60810"}],"curies":[{"name":"wp","href":"https:\/\/api.w.org\/{rel}","templated":true}]}}