{"id":60910,"date":"2025-06-05T03:31:35","date_gmt":"2025-06-05T02:31:35","guid":{"rendered":"https:\/\/truusk.store\/product\/5-delat-avsparrningsgaller-for-hund-hundskyddsgaller-hundgaller-for-lagenhet-tra-vit\/"},"modified":"2026-03-12T09:42:22","modified_gmt":"2026-03-12T08:42:22","slug":"truusk-hundavsparrningsgaller-5-delat-hundskyddsgaller-for-lagenhet-tra-vit","status":"publish","type":"product","link":"https:\/\/truusk.store\/sv\/produkt\/truusk-hundavsparrningsgaller-5-delat-hundskyddsgaller-for-lagenhet-tra-vit\/","title":{"rendered":"TRUUSK Hundavsp\u00e4rrningsgaller &#8211; 5-delat &#8211; Hundskyddsgaller &#8211; F\u00f6r L\u00e4genhet &#8211; Tr\u00e4 &#8211; Vit"},"content":{"rendered":"<p>Det enkla att anv\u00e4nda TRUUSK hundavsp\u00e4rrningsgrind passar harmoniskt in i din bostadsmilj\u00f6 och erbjuder samtidigt h\u00f6gsta s\u00e4kerhet f\u00f6r din \u00e4lskade fyrbenta v\u00e4n. Oavsett om det \u00e4r i entr\u00e9omr\u00e5det eller som rumsavdelare, passar de stabila st\u00f6dbenen och flexibla anslutningarna smidigt till varje d\u00f6rr\u00f6ppning. S\u00e5 du kan njuta av din tr\u00e4dg\u00e5rd utan bekymmer medan din hund \u00e4r s\u00e4ker och trygg i huset. Lita p\u00e5 TRUUSK f\u00f6r ett stilfullt och s\u00e4kert hem.<\/p>\n<p>Beskrivning:<\/p>\n<ul>\n<li> Best\u00e5r av 5 separata paneler som \u00e4r kopplade till varandra med stabila g\u00e5ngj\u00e4rn<\/li>\n<li> Tillverkad av h\u00e5llbart massivt tr\u00e4 och MDF<\/li>\n<li> Med vit lackering<\/li>\n<li> Flexibla anslutningar av hundavsp\u00e4rrningsgrinden g\u00f6r att panelerna kan arrangeras i olika former<\/li>\n<li> Hopf\u00e4llbar design av hundgrinden f\u00f6r platsbesparande f\u00f6rvaring<\/li>\n<li> Idealisk f\u00f6r d\u00f6rr\u00f6ppningar, entr\u00e9er, korridorer och trapphuset<\/li>\n<li> L\u00e4mplig f\u00f6r sm\u00e5 hundar upp till en skulderh\u00f6jd p\u00e5 41 cm<\/li>\n<li> Montering kr\u00e4vs<\/li>\n<li> Obs: Eftersom denna hundavsp\u00e4rrningsgrind har st\u00f6dben kan den str\u00e4ckas ut helt<\/li>\n<\/ul>\n<p>Tekniska data:<\/p>\n<ul>\n<li> Material: MDF, tr\u00e4<\/li>\n<li> F\u00e4rg: Vit<\/li>\n<li> Totala dimensioner: 254,5L x 29,5B x 61H cm<\/li>\n<li> Storlek p\u00e5 enskilda paneler: 50,8L x 1,8B x 61H cm<\/li>\n<li> Avst\u00e5nd mellan st\u00e4ngsel: 5 cm<\/li>\n<li> Hopf\u00e4lld storlek: 50,8L x 9,6B x 61H cm<\/li>\n<li> St\u00f6dben: 29,5L cm<\/li>\n<\/ul>\n<p>Leveransinneh\u00e5ll:<\/p>\n<ul>\n<li> 5 x Enkelpanel<\/li>\n<li> 2 x St\u00f6dben<\/li>\n<li> 1 x Instruktioner<\/li>\n<\/ul>\n","protected":false},"excerpt":{"rendered":"<p>Det enkla att anv\u00e4nda TRUUSK hundavsp\u00e4rrningsgrind passar harmoniskt in i din bostadsmilj\u00f6 och erbjuder samtidigt h\u00f6gsta s\u00e4kerhet f\u00f6r din \u00e4lskade&#8230;<\/p>\n","protected":false},"featured_media":60901,"template":"","meta":[],"product_brand":[],"product_cat":[878,948,574],"product_tag":[],"class_list":{"0":"post-60910","1":"product","2":"type-product","3":"status-publish","4":"has-post-thumbnail","6":"product_cat-djurbehov","7":"product_cat-hundgaller-skiljevaggar","8":"product_cat-hundtillbehor","10":"first","11":"instock","12":"sale","13":"taxable","14":"shipping-taxable","15":"purchasable","16":"product-type-simple"},"yoast_head":"<!-- This site is optimized with the Yoast SEO plugin v25.4 - https:\/\/yoast.com\/wordpress\/plugins\/seo\/ -->\n<title>TRUUSK Hundavsp\u00e4rrningsgaller - 5-delat - Hundskyddsgaller - F\u00f6r L\u00e4genhet - Tr\u00e4 - Vit - TRUUSK - Hem, Tr\u00e4dg\u00e5rd &amp; Fritid<\/title>\n<meta name=\"robots\" content=\"index, follow, max-snippet:-1, max-image-preview:large, max-video-preview:-1\" \/>\n<link rel=\"canonical\" href=\"https:\/\/truusk.store\/sv\/produkt\/truusk-hundavsparrningsgaller-5-delat-hundskyddsgaller-for-lagenhet-tra-vit\/\" \/>\n<meta property=\"og:locale\" content=\"sv_SE\" \/>\n<meta property=\"og:type\" content=\"article\" \/>\n<meta property=\"og:title\" content=\"TRUUSK Hundavsp\u00e4rrningsgaller - 5-delat - Hundskyddsgaller - F\u00f6r L\u00e4genhet - Tr\u00e4 - Vit - TRUUSK - Hem, Tr\u00e4dg\u00e5rd &amp; Fritid\" \/>\n<meta property=\"og:description\" content=\"Det enkla att anv\u00e4nda TRUUSK hundavsp\u00e4rrningsgrind passar harmoniskt in i din bostadsmilj\u00f6 och erbjuder samtidigt h\u00f6gsta s\u00e4kerhet f\u00f6r din \u00e4lskade...\" \/>\n<meta property=\"og:url\" content=\"https:\/\/truusk.store\/sv\/produkt\/truusk-hundavsparrningsgaller-5-delat-hundskyddsgaller-for-lagenhet-tra-vit\/\" \/>\n<meta property=\"og:site_name\" content=\"TRUUSK - Hem, Tr\u00e4dg\u00e5rd &amp; Fritid\" \/>\n<meta property=\"article:modified_time\" content=\"2026-03-12T08:42:22+00:00\" \/>\n<meta property=\"og:image\" content=\"https:\/\/i0.wp.com\/truusk.se\/wp-content\/uploads\/2025\/06\/5-delat-avsparrningsgaller-for-hund-hundskyddsgaller-hundgaller-for-lagenhet-tra-vit-1.webp?fit=2000%2C2000&ssl=1\" \/>\n\t<meta property=\"og:image:width\" content=\"2000\" \/>\n\t<meta property=\"og:image:height\" content=\"2000\" \/>\n\t<meta property=\"og:image:type\" content=\"image\/webp\" \/>\n<meta name=\"twitter:card\" content=\"summary_large_image\" \/>\n<meta name=\"twitter:label1\" content=\"Ber\u00e4knad l\u00e4stid\" \/>\n\t<meta name=\"twitter:data1\" content=\"1 minut\" \/>\n<!-- \/ Yoast SEO plugin. -->","yoast_head_json":{"title":"TRUUSK Hundavsp\u00e4rrningsgaller - 5-delat - Hundskyddsgaller - F\u00f6r L\u00e4genhet - Tr\u00e4 - Vit - TRUUSK - Hem, Tr\u00e4dg\u00e5rd &amp; Fritid","robots":{"index":"index","follow":"follow","max-snippet":"max-snippet:-1","max-image-preview":"max-image-preview:large","max-video-preview":"max-video-preview:-1"},"canonical":"https:\/\/truusk.store\/sv\/produkt\/truusk-hundavsparrningsgaller-5-delat-hundskyddsgaller-for-lagenhet-tra-vit\/","og_locale":"sv_SE","og_type":"article","og_title":"TRUUSK Hundavsp\u00e4rrningsgaller - 5-delat - Hundskyddsgaller - F\u00f6r L\u00e4genhet - Tr\u00e4 - Vit - TRUUSK - Hem, Tr\u00e4dg\u00e5rd &amp; Fritid","og_description":"Det enkla att anv\u00e4nda TRUUSK hundavsp\u00e4rrningsgrind passar harmoniskt in i din bostadsmilj\u00f6 och erbjuder samtidigt h\u00f6gsta s\u00e4kerhet f\u00f6r din \u00e4lskade...","og_url":"https:\/\/truusk.store\/sv\/produkt\/truusk-hundavsparrningsgaller-5-delat-hundskyddsgaller-for-lagenhet-tra-vit\/","og_site_name":"TRUUSK - Hem, Tr\u00e4dg\u00e5rd &amp; Fritid","article_modified_time":"2026-03-12T08:42:22+00:00","og_image":[{"width":2000,"height":2000,"url":"https:\/\/i0.wp.com\/truusk.se\/wp-content\/uploads\/2025\/06\/5-delat-avsparrningsgaller-for-hund-hundskyddsgaller-hundgaller-for-lagenhet-tra-vit-1.webp?fit=2000%2C2000&ssl=1","type":"image\/webp"}],"twitter_card":"summary_large_image","twitter_misc":{"Ber\u00e4knad l\u00e4stid":"1 minut"},"schema":{"@context":"https:\/\/schema.org","@graph":[{"@type":"WebPage","@id":"https:\/\/truusk.store\/sv\/produkt\/truusk-hundavsparrningsgaller-5-delat-hundskyddsgaller-for-lagenhet-tra-vit\/","url":"https:\/\/truusk.store\/sv\/produkt\/truusk-hundavsparrningsgaller-5-delat-hundskyddsgaller-for-lagenhet-tra-vit\/","name":"TRUUSK Hundavsp\u00e4rrningsgaller - 5-delat - Hundskyddsgaller - F\u00f6r L\u00e4genhet - Tr\u00e4 - Vit - TRUUSK - Hem, Tr\u00e4dg\u00e5rd &amp; Fritid","isPartOf":{"@id":"https:\/\/truusk.store\/sv\/#website"},"primaryImageOfPage":{"@id":"https:\/\/truusk.store\/sv\/produkt\/truusk-hundavsparrningsgaller-5-delat-hundskyddsgaller-for-lagenhet-tra-vit\/#primaryimage"},"image":{"@id":"https:\/\/truusk.store\/sv\/produkt\/truusk-hundavsparrningsgaller-5-delat-hundskyddsgaller-for-lagenhet-tra-vit\/#primaryimage"},"thumbnailUrl":"https:\/\/i0.wp.com\/truusk.store\/wp-content\/uploads\/2025\/06\/5-delat-avsparrningsgaller-for-hund-hundskyddsgaller-hundgaller-for-lagenhet-tra-vit-1.webp?fit=2000%2C2000&ssl=1","datePublished":"2025-06-05T02:31:35+00:00","dateModified":"2026-03-12T08:42:22+00:00","breadcrumb":{"@id":"https:\/\/truusk.store\/sv\/produkt\/truusk-hundavsparrningsgaller-5-delat-hundskyddsgaller-for-lagenhet-tra-vit\/#breadcrumb"},"inLanguage":"sv-SE","potentialAction":[{"@type":"ReadAction","target":["https:\/\/truusk.store\/sv\/produkt\/truusk-hundavsparrningsgaller-5-delat-hundskyddsgaller-for-lagenhet-tra-vit\/"]}]},{"@type":"ImageObject","inLanguage":"sv-SE","@id":"https:\/\/truusk.store\/sv\/produkt\/truusk-hundavsparrningsgaller-5-delat-hundskyddsgaller-for-lagenhet-tra-vit\/#primaryimage","url":"https:\/\/i0.wp.com\/truusk.store\/wp-content\/uploads\/2025\/06\/5-delat-avsparrningsgaller-for-hund-hundskyddsgaller-hundgaller-for-lagenhet-tra-vit-1.webp?fit=2000%2C2000&ssl=1","contentUrl":"https:\/\/i0.wp.com\/truusk.store\/wp-content\/uploads\/2025\/06\/5-delat-avsparrningsgaller-for-hund-hundskyddsgaller-hundgaller-for-lagenhet-tra-vit-1.webp?fit=2000%2C2000&ssl=1","width":2000,"height":2000},{"@type":"BreadcrumbList","@id":"https:\/\/truusk.store\/sv\/produkt\/truusk-hundavsparrningsgaller-5-delat-hundskyddsgaller-for-lagenhet-tra-vit\/#breadcrumb","itemListElement":[{"@type":"ListItem","position":1,"name":"Home","item":"https:\/\/truusk.store\/sv\/"},{"@type":"ListItem","position":2,"name":"Shop","item":"https:\/\/truusk.store\/shop\/"},{"@type":"ListItem","position":3,"name":"TRUUSK Hundavsp\u00e4rrningsgaller &#8211; 5-delat &#8211; Hundskyddsgaller &#8211; F\u00f6r L\u00e4genhet &#8211; Tr\u00e4 &#8211; Vit"}]},{"@type":"WebSite","@id":"https:\/\/truusk.store\/sv\/#website","url":"https:\/\/truusk.store\/sv\/","name":"TRUUSK - Hem, Tr\u00e4dg\u00e5rd & Fritid","description":"","publisher":{"@id":"https:\/\/truusk.store\/sv\/#organization"},"potentialAction":[{"@type":"SearchAction","target":{"@type":"EntryPoint","urlTemplate":"https:\/\/truusk.store\/sv\/?s={search_term_string}"},"query-input":{"@type":"PropertyValueSpecification","valueRequired":true,"valueName":"search_term_string"}}],"inLanguage":"sv-SE"},{"@type":"Organization","@id":"https:\/\/truusk.store\/sv\/#organization","name":"TRUUSK - Hem, Tr\u00e4dg\u00e5rd & Fritid","url":"https:\/\/truusk.store\/sv\/","logo":{"@type":"ImageObject","inLanguage":"sv-SE","@id":"https:\/\/truusk.store\/sv\/#\/schema\/logo\/image\/","url":"https:\/\/i0.wp.com\/truusk.store\/wp-content\/uploads\/2026\/03\/cropped-TRUUSK.png?fit=2032%2C917&ssl=1","contentUrl":"https:\/\/i0.wp.com\/truusk.store\/wp-content\/uploads\/2026\/03\/cropped-TRUUSK.png?fit=2032%2C917&ssl=1","width":2032,"height":917,"caption":"TRUUSK - Hem, Tr\u00e4dg\u00e5rd & Fritid"},"image":{"@id":"https:\/\/truusk.store\/sv\/#\/schema\/logo\/image\/"}}]}},"jetpack_sharing_enabled":true,"_links":{"self":[{"href":"https:\/\/truusk.store\/sv\/wp-json\/wp\/v2\/product\/60910","targetHints":{"allow":["GET"]}}],"collection":[{"href":"https:\/\/truusk.store\/sv\/wp-json\/wp\/v2\/product"}],"about":[{"href":"https:\/\/truusk.store\/sv\/wp-json\/wp\/v2\/types\/product"}],"wp:featuredmedia":[{"embeddable":true,"href":"https:\/\/truusk.store\/sv\/wp-json\/wp\/v2\/media\/60901"}],"wp:attachment":[{"href":"https:\/\/truusk.store\/sv\/wp-json\/wp\/v2\/media?parent=60910"}],"wp:term":[{"taxonomy":"product_brand","embeddable":true,"href":"https:\/\/truusk.store\/sv\/wp-json\/wp\/v2\/product_brand?post=60910"},{"taxonomy":"product_cat","embeddable":true,"href":"https:\/\/truusk.store\/sv\/wp-json\/wp\/v2\/product_cat?post=60910"},{"taxonomy":"product_tag","embeddable":true,"href":"https:\/\/truusk.store\/sv\/wp-json\/wp\/v2\/product_tag?post=60910"}],"curies":[{"name":"wp","href":"https:\/\/api.w.org\/{rel}","templated":true}]}}