{"id":60920,"date":"2025-06-05T03:32:36","date_gmt":"2025-06-05T02:32:36","guid":{"rendered":"https:\/\/truusk.store\/product\/gungstol-med-pall-belastbar-upp-till-130-kg-svangstol-avkopplande-stol-med-armstod-i-linneoptik-for-mysig-avkoppling\/"},"modified":"2026-03-12T09:41:24","modified_gmt":"2026-03-12T08:41:24","slug":"truusk-gungstol-med-pall-belastbar-upp-till-130-kg-svangstol-avkopplande-stol-med-armstod-mysig-avkoppling-linneoptik","status":"publish","type":"product","link":"https:\/\/truusk.store\/sv\/produkt\/truusk-gungstol-med-pall-belastbar-upp-till-130-kg-svangstol-avkopplande-stol-med-armstod-mysig-avkoppling-linneoptik\/","title":{"rendered":"TRUUSK Gungstol Med Pall &#8211; Belastbar Upp Till 130 Kg &#8211; Sv\u00e4ngstol &#8211; Avkopplande Stol Med Armst\u00f6d &#8211; Mysig Avkoppling &#8211; Linneoptik"},"content":{"rendered":"<p>Saknar du gungstolen fr\u00e5n dina morf\u00f6r\u00e4ldrars hus? Letar du efter en bekv\u00e4m sittplats f\u00f6r att amma eller mata ditt barn med flaska, eller f\u00f6r att koppla av efter en l\u00e5ng arbetsdag? D\u00e5 \u00e4r denna fantastiska gungstol fr\u00e5n TRUUSK med matchande fotpall precis vad du beh\u00f6ver. Fullt stoppad och kl\u00e4dd, perfekt f\u00f6r l\u00e4sning i vardagsrummet eller f\u00f6r barnrummet. Unna dig denna komfort och skapa en oas av lugn i ditt hem.<\/p>\n<p>Beskrivning:<\/p>\n<ul>\n<li> Modern gungstol med bred sittplats, h\u00f6g ryggst\u00f6d och armst\u00f6d f\u00f6r maximal komfort<\/li>\n<li> Denna gungstol levereras med en matchande fotpall f\u00f6r att koppla av benen<\/li>\n<li> Dess eleganta design f\u00f6r med sig charmen fr\u00e5n svunna tider till din favoritplats<\/li>\n<li> B\u00f6jda tr\u00e4ben p\u00e5 gungstolen f\u00f6r att gunga fram och tillbaka<\/li>\n<li> Den tjocka stoppningen p\u00e5 amningsstolen ger en utm\u00e4rkt sittupplevelse<\/li>\n<li> Det breda ryggst\u00f6det och armst\u00f6den ger fullt st\u00f6d<\/li>\n<li> Perfekt f\u00f6r barnrummet, f\u00f6r att sova, l\u00e4sa och titta p\u00e5 TV<\/li>\n<li> Skyddskuddar h\u00e5ller ditt golv i gott skick<\/li>\n<li> Enkel montering kr\u00e4vs<\/li>\n<\/ul>\n<p>Tekniska data:<\/p>\n<ul>\n<li> F\u00e4rg: M\u00f6rkgr\u00e5<\/li>\n<li> Material: Polyester, skum, boktr\u00e4<\/li>\n<li> Stolens dimensioner: 64L x 89B x 90H cm<\/li>\n<li> Pallens dimensioner: 45L x 37B x 31H cm<\/li>\n<li> Sitskuddens storlek: 59L x 47B x 7H cm<\/li>\n<li> Ryggst\u00f6dets storlek: 63B x 60H cm<\/li>\n<li> B\u00e4rkapacitet: 130 kg<\/li>\n<\/ul>\n<p>Leveransinneh\u00e5ll:<\/p>\n<ul>\n<li> 1 x Gungstol<\/li>\n<li> 1 x Fotst\u00f6d<\/li>\n<li> 1 x Instruktioner<\/li>\n<\/ul>\n","protected":false},"excerpt":{"rendered":"<p>Saknar du gungstolen fr\u00e5n dina morf\u00f6r\u00e4ldrars hus? Letar du efter en bekv\u00e4m sittplats f\u00f6r att amma eller mata ditt barn&#8230;<\/p>\n","protected":false},"featured_media":60911,"template":"","meta":[],"product_brand":[],"product_cat":[520,871,910],"product_tag":[],"class_list":{"0":"post-60920","1":"product","2":"type-product","3":"status-publish","4":"has-post-thumbnail","6":"product_cat-gungstolar","7":"product_cat-hus-hem","8":"product_cat-vardagsrum","10":"first","11":"instock","12":"sale","13":"taxable","14":"shipping-taxable","15":"purchasable","16":"product-type-simple"},"yoast_head":"<!-- This site is optimized with the Yoast SEO plugin v25.4 - https:\/\/yoast.com\/wordpress\/plugins\/seo\/ -->\n<title>TRUUSK Gungstol Med Pall - Belastbar Upp Till 130 Kg - Sv\u00e4ngstol - Avkopplande Stol Med Armst\u00f6d - Mysig Avkoppling - Linneoptik - TRUUSK - Hem, Tr\u00e4dg\u00e5rd &amp; Fritid<\/title>\n<meta name=\"robots\" content=\"index, follow, max-snippet:-1, max-image-preview:large, max-video-preview:-1\" \/>\n<link rel=\"canonical\" href=\"https:\/\/truusk.store\/sv\/produkt\/truusk-gungstol-med-pall-belastbar-upp-till-130-kg-svangstol-avkopplande-stol-med-armstod-mysig-avkoppling-linneoptik\/\" \/>\n<meta property=\"og:locale\" content=\"sv_SE\" \/>\n<meta property=\"og:type\" content=\"article\" \/>\n<meta property=\"og:title\" content=\"TRUUSK Gungstol Med Pall - Belastbar Upp Till 130 Kg - Sv\u00e4ngstol - Avkopplande Stol Med Armst\u00f6d - Mysig Avkoppling - Linneoptik - TRUUSK - Hem, Tr\u00e4dg\u00e5rd &amp; Fritid\" \/>\n<meta property=\"og:description\" content=\"Saknar du gungstolen fr\u00e5n dina morf\u00f6r\u00e4ldrars hus? Letar du efter en bekv\u00e4m sittplats f\u00f6r att amma eller mata ditt barn...\" \/>\n<meta property=\"og:url\" content=\"https:\/\/truusk.store\/sv\/produkt\/truusk-gungstol-med-pall-belastbar-upp-till-130-kg-svangstol-avkopplande-stol-med-armstod-mysig-avkoppling-linneoptik\/\" \/>\n<meta property=\"og:site_name\" content=\"TRUUSK - Hem, Tr\u00e4dg\u00e5rd &amp; Fritid\" \/>\n<meta property=\"article:modified_time\" content=\"2026-03-12T08:41:24+00:00\" \/>\n<meta property=\"og:image\" content=\"https:\/\/i0.wp.com\/truusk.se\/wp-content\/uploads\/2025\/06\/gungstol-med-pall-belastbar-upp-till-130-kg-svangstol-avkopplande-stol-med-armstod-i-linneoptik-for-mysig-avkoppling-1.webp?fit=2000%2C2000&ssl=1\" \/>\n\t<meta property=\"og:image:width\" content=\"2000\" \/>\n\t<meta property=\"og:image:height\" content=\"2000\" \/>\n\t<meta property=\"og:image:type\" content=\"image\/webp\" \/>\n<meta name=\"twitter:card\" content=\"summary_large_image\" \/>\n<meta name=\"twitter:label1\" content=\"Ber\u00e4knad l\u00e4stid\" \/>\n\t<meta name=\"twitter:data1\" content=\"1 minut\" \/>\n<!-- \/ Yoast SEO plugin. -->","yoast_head_json":{"title":"TRUUSK Gungstol Med Pall - Belastbar Upp Till 130 Kg - Sv\u00e4ngstol - Avkopplande Stol Med Armst\u00f6d - Mysig Avkoppling - Linneoptik - TRUUSK - Hem, Tr\u00e4dg\u00e5rd &amp; Fritid","robots":{"index":"index","follow":"follow","max-snippet":"max-snippet:-1","max-image-preview":"max-image-preview:large","max-video-preview":"max-video-preview:-1"},"canonical":"https:\/\/truusk.store\/sv\/produkt\/truusk-gungstol-med-pall-belastbar-upp-till-130-kg-svangstol-avkopplande-stol-med-armstod-mysig-avkoppling-linneoptik\/","og_locale":"sv_SE","og_type":"article","og_title":"TRUUSK Gungstol Med Pall - Belastbar Upp Till 130 Kg - Sv\u00e4ngstol - Avkopplande Stol Med Armst\u00f6d - Mysig Avkoppling - Linneoptik - TRUUSK - Hem, Tr\u00e4dg\u00e5rd &amp; Fritid","og_description":"Saknar du gungstolen fr\u00e5n dina morf\u00f6r\u00e4ldrars hus? Letar du efter en bekv\u00e4m sittplats f\u00f6r att amma eller mata ditt barn...","og_url":"https:\/\/truusk.store\/sv\/produkt\/truusk-gungstol-med-pall-belastbar-upp-till-130-kg-svangstol-avkopplande-stol-med-armstod-mysig-avkoppling-linneoptik\/","og_site_name":"TRUUSK - Hem, Tr\u00e4dg\u00e5rd &amp; Fritid","article_modified_time":"2026-03-12T08:41:24+00:00","og_image":[{"width":2000,"height":2000,"url":"https:\/\/i0.wp.com\/truusk.se\/wp-content\/uploads\/2025\/06\/gungstol-med-pall-belastbar-upp-till-130-kg-svangstol-avkopplande-stol-med-armstod-i-linneoptik-for-mysig-avkoppling-1.webp?fit=2000%2C2000&ssl=1","type":"image\/webp"}],"twitter_card":"summary_large_image","twitter_misc":{"Ber\u00e4knad l\u00e4stid":"1 minut"},"schema":{"@context":"https:\/\/schema.org","@graph":[{"@type":"WebPage","@id":"https:\/\/truusk.store\/sv\/produkt\/truusk-gungstol-med-pall-belastbar-upp-till-130-kg-svangstol-avkopplande-stol-med-armstod-mysig-avkoppling-linneoptik\/","url":"https:\/\/truusk.store\/sv\/produkt\/truusk-gungstol-med-pall-belastbar-upp-till-130-kg-svangstol-avkopplande-stol-med-armstod-mysig-avkoppling-linneoptik\/","name":"TRUUSK Gungstol Med Pall - Belastbar Upp Till 130 Kg - Sv\u00e4ngstol - Avkopplande Stol Med Armst\u00f6d - Mysig Avkoppling - Linneoptik - TRUUSK - Hem, Tr\u00e4dg\u00e5rd &amp; Fritid","isPartOf":{"@id":"https:\/\/truusk.store\/sv\/#website"},"primaryImageOfPage":{"@id":"https:\/\/truusk.store\/sv\/produkt\/truusk-gungstol-med-pall-belastbar-upp-till-130-kg-svangstol-avkopplande-stol-med-armstod-mysig-avkoppling-linneoptik\/#primaryimage"},"image":{"@id":"https:\/\/truusk.store\/sv\/produkt\/truusk-gungstol-med-pall-belastbar-upp-till-130-kg-svangstol-avkopplande-stol-med-armstod-mysig-avkoppling-linneoptik\/#primaryimage"},"thumbnailUrl":"https:\/\/i0.wp.com\/truusk.store\/wp-content\/uploads\/2025\/06\/gungstol-med-pall-belastbar-upp-till-130-kg-svangstol-avkopplande-stol-med-armstod-i-linneoptik-for-mysig-avkoppling-1.webp?fit=2000%2C2000&ssl=1","datePublished":"2025-06-05T02:32:36+00:00","dateModified":"2026-03-12T08:41:24+00:00","breadcrumb":{"@id":"https:\/\/truusk.store\/sv\/produkt\/truusk-gungstol-med-pall-belastbar-upp-till-130-kg-svangstol-avkopplande-stol-med-armstod-mysig-avkoppling-linneoptik\/#breadcrumb"},"inLanguage":"sv-SE","potentialAction":[{"@type":"ReadAction","target":["https:\/\/truusk.store\/sv\/produkt\/truusk-gungstol-med-pall-belastbar-upp-till-130-kg-svangstol-avkopplande-stol-med-armstod-mysig-avkoppling-linneoptik\/"]}]},{"@type":"ImageObject","inLanguage":"sv-SE","@id":"https:\/\/truusk.store\/sv\/produkt\/truusk-gungstol-med-pall-belastbar-upp-till-130-kg-svangstol-avkopplande-stol-med-armstod-mysig-avkoppling-linneoptik\/#primaryimage","url":"https:\/\/i0.wp.com\/truusk.store\/wp-content\/uploads\/2025\/06\/gungstol-med-pall-belastbar-upp-till-130-kg-svangstol-avkopplande-stol-med-armstod-i-linneoptik-for-mysig-avkoppling-1.webp?fit=2000%2C2000&ssl=1","contentUrl":"https:\/\/i0.wp.com\/truusk.store\/wp-content\/uploads\/2025\/06\/gungstol-med-pall-belastbar-upp-till-130-kg-svangstol-avkopplande-stol-med-armstod-i-linneoptik-for-mysig-avkoppling-1.webp?fit=2000%2C2000&ssl=1","width":2000,"height":2000},{"@type":"BreadcrumbList","@id":"https:\/\/truusk.store\/sv\/produkt\/truusk-gungstol-med-pall-belastbar-upp-till-130-kg-svangstol-avkopplande-stol-med-armstod-mysig-avkoppling-linneoptik\/#breadcrumb","itemListElement":[{"@type":"ListItem","position":1,"name":"Home","item":"https:\/\/truusk.store\/sv\/"},{"@type":"ListItem","position":2,"name":"Shop","item":"https:\/\/truusk.store\/shop\/"},{"@type":"ListItem","position":3,"name":"TRUUSK Gungstol Med Pall &#8211; Belastbar Upp Till 130 Kg &#8211; Sv\u00e4ngstol &#8211; Avkopplande Stol Med Armst\u00f6d &#8211; Mysig Avkoppling &#8211; Linneoptik"}]},{"@type":"WebSite","@id":"https:\/\/truusk.store\/sv\/#website","url":"https:\/\/truusk.store\/sv\/","name":"TRUUSK - Hem, Tr\u00e4dg\u00e5rd & Fritid","description":"","publisher":{"@id":"https:\/\/truusk.store\/sv\/#organization"},"potentialAction":[{"@type":"SearchAction","target":{"@type":"EntryPoint","urlTemplate":"https:\/\/truusk.store\/sv\/?s={search_term_string}"},"query-input":{"@type":"PropertyValueSpecification","valueRequired":true,"valueName":"search_term_string"}}],"inLanguage":"sv-SE"},{"@type":"Organization","@id":"https:\/\/truusk.store\/sv\/#organization","name":"TRUUSK - Hem, Tr\u00e4dg\u00e5rd & Fritid","url":"https:\/\/truusk.store\/sv\/","logo":{"@type":"ImageObject","inLanguage":"sv-SE","@id":"https:\/\/truusk.store\/sv\/#\/schema\/logo\/image\/","url":"https:\/\/i0.wp.com\/truusk.store\/wp-content\/uploads\/2026\/03\/cropped-TRUUSK.png?fit=2032%2C917&ssl=1","contentUrl":"https:\/\/i0.wp.com\/truusk.store\/wp-content\/uploads\/2026\/03\/cropped-TRUUSK.png?fit=2032%2C917&ssl=1","width":2032,"height":917,"caption":"TRUUSK - Hem, Tr\u00e4dg\u00e5rd & Fritid"},"image":{"@id":"https:\/\/truusk.store\/sv\/#\/schema\/logo\/image\/"}}]}},"jetpack_sharing_enabled":true,"_links":{"self":[{"href":"https:\/\/truusk.store\/sv\/wp-json\/wp\/v2\/product\/60920","targetHints":{"allow":["GET"]}}],"collection":[{"href":"https:\/\/truusk.store\/sv\/wp-json\/wp\/v2\/product"}],"about":[{"href":"https:\/\/truusk.store\/sv\/wp-json\/wp\/v2\/types\/product"}],"wp:featuredmedia":[{"embeddable":true,"href":"https:\/\/truusk.store\/sv\/wp-json\/wp\/v2\/media\/60911"}],"wp:attachment":[{"href":"https:\/\/truusk.store\/sv\/wp-json\/wp\/v2\/media?parent=60920"}],"wp:term":[{"taxonomy":"product_brand","embeddable":true,"href":"https:\/\/truusk.store\/sv\/wp-json\/wp\/v2\/product_brand?post=60920"},{"taxonomy":"product_cat","embeddable":true,"href":"https:\/\/truusk.store\/sv\/wp-json\/wp\/v2\/product_cat?post=60920"},{"taxonomy":"product_tag","embeddable":true,"href":"https:\/\/truusk.store\/sv\/wp-json\/wp\/v2\/product_tag?post=60920"}],"curies":[{"name":"wp","href":"https:\/\/api.w.org\/{rel}","templated":true}]}}