{"id":60949,"date":"2025-06-05T03:35:27","date_gmt":"2025-06-05T02:35:27","guid":{"rendered":"https:\/\/truusk.store\/product\/rullpall-hojdjusterbar-arbetspall-med-ryggstod-roterande-salongspall-i-konstlader-gra-o35-x-72-84-cm-for-massage-kontor\/"},"modified":"2026-03-12T09:01:23","modified_gmt":"2026-03-12T08:01:23","slug":"truusk-justerbar-massagepall-med-ryggstod-roterande-konstlader-gra-o35-x-72-84-cm-for-massage-kontor","status":"publish","type":"product","link":"https:\/\/truusk.store\/sv\/produkt\/truusk-justerbar-massagepall-med-ryggstod-roterande-konstlader-gra-o35-x-72-84-cm-for-massage-kontor\/","title":{"rendered":"TRUUSK Justerbar Massagepall &#8211; Med Ryggst\u00f6d &#8211; Roterande &#8211; Konstl\u00e4der &#8211; Gr\u00e5 &#8211; \u00d835 X 72-84 cm &#8211; F\u00f6r Massage &amp; Kontor"},"content":{"rendered":"<p>Uppt\u00e4ck ultimat komfort med v\u00e5r runda salongpall! Med en diameter p\u00e5 35 cm och en h\u00f6jdjusterbar sittyta fr\u00e5n 43 till 55 cm \u00e4r denna pall perfekt f\u00f6r massage, sk\u00f6nhetssalonger, l\u00e4karmottagningar och mer. Upplev ergonomisk design som underl\u00e4ttar ditt arbete och imponerar p\u00e5 dina kunder. Ett m\u00e5ste f\u00f6r varje proffs som v\u00e4rdes\u00e4tter kvalitet och bekv\u00e4mlighet. Unna dig sj\u00e4lv och dina kunder det b\u00e4sta!<\/p>\n<p>Beskrivning:<\/p>\n<ul>\n<li> H\u00f6jdjusterbar sittyta f\u00f6r den mest bekv\u00e4ma arbetspositionen<\/li>\n<li> H\u00f6gkvalitativ gasfj\u00e4der f\u00f6r mjuk och s\u00e4ker lyftning<\/li>\n<li> Ergonomiskt stoppad sits och ryggst\u00f6d med h\u00f6gdensitetsskum f\u00f6r maximal komfort (8 cm tjock stoppning)<\/li>\n<li> 360\u00b0 roterande stol med 5 multidirektionella hjul f\u00f6r \u00f6kad mobilitet p\u00e5 kontoret<\/li>\n<li> Perfekt f\u00f6r anv\u00e4ndning i sk\u00f6nhetssalonger, tatueringsstudios, fris\u00f6rsalonger eller barer som massagestol, fris\u00f6rstol, barstol etc.<\/li>\n<li> Enkel montering tack vare en monteringsanvisning<\/li>\n<\/ul>\n<p> Tekniska data:<\/p>\n<ul>\n<li> F\u00e4rg: Gr\u00e5<\/li>\n<li> Material: Konstl\u00e4der, skum<\/li>\n<li> Totala dimensioner: \u00d835 x 72-84H cm<\/li>\n<li> Sitsdimensioner: \u00d835 cm<\/li>\n<li> Sitskuddens tjocklek: 8 cm<\/li>\n<li> Sitsens h\u00f6jd justerbar: 43-55 cm<\/li>\n<li> Hjuldiameter: 5 cm<\/li>\n<li> Maximal belastningskapacitet: 135 kg<\/li>\n<\/ul>\n<p>Leveransinneh\u00e5ll:<\/p>\n<ul>\n<li> 1 x Salongstol<\/li>\n<li> 1 x Instruktion<\/li>\n<\/ul>\n","protected":false},"excerpt":{"rendered":"<p>Uppt\u00e4ck ultimat komfort med v\u00e5r runda salongpall! Med en diameter p\u00e5 35 cm och en h\u00f6jdjusterbar sittyta fr\u00e5n 43 till&#8230;<\/p>\n","protected":false},"featured_media":60940,"template":"","meta":[],"product_brand":[],"product_cat":[643,871,889],"product_tag":[],"class_list":{"0":"post-60949","1":"product","2":"type-product","3":"status-publish","4":"has-post-thumbnail","6":"product_cat-barnstolar","7":"product_cat-hus-hem","8":"product_cat-kok-matsal","10":"first","11":"instock","12":"sale","13":"taxable","14":"shipping-taxable","15":"purchasable","16":"product-type-simple"},"yoast_head":"<!-- This site is optimized with the Yoast SEO plugin v25.4 - https:\/\/yoast.com\/wordpress\/plugins\/seo\/ -->\n<title>TRUUSK Justerbar Massagepall - Med Ryggst\u00f6d - Roterande - Konstl\u00e4der - Gr\u00e5 - \u00d835 X 72-84 cm - F\u00f6r Massage &amp; Kontor - TRUUSK - Hem, Tr\u00e4dg\u00e5rd &amp; Fritid<\/title>\n<meta name=\"robots\" content=\"index, follow, max-snippet:-1, max-image-preview:large, max-video-preview:-1\" \/>\n<link rel=\"canonical\" href=\"https:\/\/truusk.store\/sv\/produkt\/truusk-justerbar-massagepall-med-ryggstod-roterande-konstlader-gra-o35-x-72-84-cm-for-massage-kontor\/\" \/>\n<meta property=\"og:locale\" content=\"sv_SE\" \/>\n<meta property=\"og:type\" content=\"article\" \/>\n<meta property=\"og:title\" content=\"TRUUSK Justerbar Massagepall - Med Ryggst\u00f6d - Roterande - Konstl\u00e4der - Gr\u00e5 - \u00d835 X 72-84 cm - F\u00f6r Massage &amp; Kontor - TRUUSK - Hem, Tr\u00e4dg\u00e5rd &amp; Fritid\" \/>\n<meta property=\"og:description\" content=\"Uppt\u00e4ck ultimat komfort med v\u00e5r runda salongpall! Med en diameter p\u00e5 35 cm och en h\u00f6jdjusterbar sittyta fr\u00e5n 43 till...\" \/>\n<meta property=\"og:url\" content=\"https:\/\/truusk.store\/sv\/produkt\/truusk-justerbar-massagepall-med-ryggstod-roterande-konstlader-gra-o35-x-72-84-cm-for-massage-kontor\/\" \/>\n<meta property=\"og:site_name\" content=\"TRUUSK - Hem, Tr\u00e4dg\u00e5rd &amp; Fritid\" \/>\n<meta property=\"article:modified_time\" content=\"2026-03-12T08:01:23+00:00\" \/>\n<meta property=\"og:image\" content=\"https:\/\/i0.wp.com\/truusk.se\/wp-content\/uploads\/2025\/06\/rullpall-hojdjusterbar-arbetspall-med-ryggstod-roterande-salongspall-i-konstlader-gra-o35-x-72-84-cm-for-massage-kontor-1.webp?fit=1600%2C1600&ssl=1\" \/>\n\t<meta property=\"og:image:width\" content=\"1600\" \/>\n\t<meta property=\"og:image:height\" content=\"1600\" \/>\n\t<meta property=\"og:image:type\" content=\"image\/webp\" \/>\n<meta name=\"twitter:card\" content=\"summary_large_image\" \/>\n<meta name=\"twitter:label1\" content=\"Ber\u00e4knad l\u00e4stid\" \/>\n\t<meta name=\"twitter:data1\" content=\"1 minut\" \/>\n<!-- \/ Yoast SEO plugin. -->","yoast_head_json":{"title":"TRUUSK Justerbar Massagepall - Med Ryggst\u00f6d - Roterande - Konstl\u00e4der - Gr\u00e5 - \u00d835 X 72-84 cm - F\u00f6r Massage &amp; Kontor - TRUUSK - Hem, Tr\u00e4dg\u00e5rd &amp; Fritid","robots":{"index":"index","follow":"follow","max-snippet":"max-snippet:-1","max-image-preview":"max-image-preview:large","max-video-preview":"max-video-preview:-1"},"canonical":"https:\/\/truusk.store\/sv\/produkt\/truusk-justerbar-massagepall-med-ryggstod-roterande-konstlader-gra-o35-x-72-84-cm-for-massage-kontor\/","og_locale":"sv_SE","og_type":"article","og_title":"TRUUSK Justerbar Massagepall - Med Ryggst\u00f6d - Roterande - Konstl\u00e4der - Gr\u00e5 - \u00d835 X 72-84 cm - F\u00f6r Massage &amp; Kontor - TRUUSK - Hem, Tr\u00e4dg\u00e5rd &amp; Fritid","og_description":"Uppt\u00e4ck ultimat komfort med v\u00e5r runda salongpall! Med en diameter p\u00e5 35 cm och en h\u00f6jdjusterbar sittyta fr\u00e5n 43 till...","og_url":"https:\/\/truusk.store\/sv\/produkt\/truusk-justerbar-massagepall-med-ryggstod-roterande-konstlader-gra-o35-x-72-84-cm-for-massage-kontor\/","og_site_name":"TRUUSK - Hem, Tr\u00e4dg\u00e5rd &amp; Fritid","article_modified_time":"2026-03-12T08:01:23+00:00","og_image":[{"width":1600,"height":1600,"url":"https:\/\/i0.wp.com\/truusk.se\/wp-content\/uploads\/2025\/06\/rullpall-hojdjusterbar-arbetspall-med-ryggstod-roterande-salongspall-i-konstlader-gra-o35-x-72-84-cm-for-massage-kontor-1.webp?fit=1600%2C1600&ssl=1","type":"image\/webp"}],"twitter_card":"summary_large_image","twitter_misc":{"Ber\u00e4knad l\u00e4stid":"1 minut"},"schema":{"@context":"https:\/\/schema.org","@graph":[{"@type":"WebPage","@id":"https:\/\/truusk.store\/sv\/produkt\/truusk-justerbar-massagepall-med-ryggstod-roterande-konstlader-gra-o35-x-72-84-cm-for-massage-kontor\/","url":"https:\/\/truusk.store\/sv\/produkt\/truusk-justerbar-massagepall-med-ryggstod-roterande-konstlader-gra-o35-x-72-84-cm-for-massage-kontor\/","name":"TRUUSK Justerbar Massagepall - Med Ryggst\u00f6d - Roterande - Konstl\u00e4der - Gr\u00e5 - \u00d835 X 72-84 cm - F\u00f6r Massage &amp; Kontor - TRUUSK - Hem, Tr\u00e4dg\u00e5rd &amp; Fritid","isPartOf":{"@id":"https:\/\/truusk.store\/sv\/#website"},"primaryImageOfPage":{"@id":"https:\/\/truusk.store\/sv\/produkt\/truusk-justerbar-massagepall-med-ryggstod-roterande-konstlader-gra-o35-x-72-84-cm-for-massage-kontor\/#primaryimage"},"image":{"@id":"https:\/\/truusk.store\/sv\/produkt\/truusk-justerbar-massagepall-med-ryggstod-roterande-konstlader-gra-o35-x-72-84-cm-for-massage-kontor\/#primaryimage"},"thumbnailUrl":"https:\/\/i0.wp.com\/truusk.store\/wp-content\/uploads\/2025\/06\/rullpall-hojdjusterbar-arbetspall-med-ryggstod-roterande-salongspall-i-konstlader-gra-o35-x-72-84-cm-for-massage-kontor-1.webp?fit=1600%2C1600&ssl=1","datePublished":"2025-06-05T02:35:27+00:00","dateModified":"2026-03-12T08:01:23+00:00","breadcrumb":{"@id":"https:\/\/truusk.store\/sv\/produkt\/truusk-justerbar-massagepall-med-ryggstod-roterande-konstlader-gra-o35-x-72-84-cm-for-massage-kontor\/#breadcrumb"},"inLanguage":"sv-SE","potentialAction":[{"@type":"ReadAction","target":["https:\/\/truusk.store\/sv\/produkt\/truusk-justerbar-massagepall-med-ryggstod-roterande-konstlader-gra-o35-x-72-84-cm-for-massage-kontor\/"]}]},{"@type":"ImageObject","inLanguage":"sv-SE","@id":"https:\/\/truusk.store\/sv\/produkt\/truusk-justerbar-massagepall-med-ryggstod-roterande-konstlader-gra-o35-x-72-84-cm-for-massage-kontor\/#primaryimage","url":"https:\/\/i0.wp.com\/truusk.store\/wp-content\/uploads\/2025\/06\/rullpall-hojdjusterbar-arbetspall-med-ryggstod-roterande-salongspall-i-konstlader-gra-o35-x-72-84-cm-for-massage-kontor-1.webp?fit=1600%2C1600&ssl=1","contentUrl":"https:\/\/i0.wp.com\/truusk.store\/wp-content\/uploads\/2025\/06\/rullpall-hojdjusterbar-arbetspall-med-ryggstod-roterande-salongspall-i-konstlader-gra-o35-x-72-84-cm-for-massage-kontor-1.webp?fit=1600%2C1600&ssl=1","width":1600,"height":1600},{"@type":"BreadcrumbList","@id":"https:\/\/truusk.store\/sv\/produkt\/truusk-justerbar-massagepall-med-ryggstod-roterande-konstlader-gra-o35-x-72-84-cm-for-massage-kontor\/#breadcrumb","itemListElement":[{"@type":"ListItem","position":1,"name":"Home","item":"https:\/\/truusk.store\/sv\/"},{"@type":"ListItem","position":2,"name":"Shop","item":"https:\/\/truusk.store\/shop\/"},{"@type":"ListItem","position":3,"name":"TRUUSK Justerbar Massagepall &#8211; Med Ryggst\u00f6d &#8211; Roterande &#8211; Konstl\u00e4der &#8211; Gr\u00e5 &#8211; \u00d835 X 72-84 cm &#8211; F\u00f6r Massage &amp; Kontor"}]},{"@type":"WebSite","@id":"https:\/\/truusk.store\/sv\/#website","url":"https:\/\/truusk.store\/sv\/","name":"TRUUSK - Hem, Tr\u00e4dg\u00e5rd & Fritid","description":"","publisher":{"@id":"https:\/\/truusk.store\/sv\/#organization"},"potentialAction":[{"@type":"SearchAction","target":{"@type":"EntryPoint","urlTemplate":"https:\/\/truusk.store\/sv\/?s={search_term_string}"},"query-input":{"@type":"PropertyValueSpecification","valueRequired":true,"valueName":"search_term_string"}}],"inLanguage":"sv-SE"},{"@type":"Organization","@id":"https:\/\/truusk.store\/sv\/#organization","name":"TRUUSK - Hem, Tr\u00e4dg\u00e5rd & Fritid","url":"https:\/\/truusk.store\/sv\/","logo":{"@type":"ImageObject","inLanguage":"sv-SE","@id":"https:\/\/truusk.store\/sv\/#\/schema\/logo\/image\/","url":"https:\/\/i0.wp.com\/truusk.store\/wp-content\/uploads\/2026\/03\/cropped-TRUUSK.png?fit=2032%2C917&ssl=1","contentUrl":"https:\/\/i0.wp.com\/truusk.store\/wp-content\/uploads\/2026\/03\/cropped-TRUUSK.png?fit=2032%2C917&ssl=1","width":2032,"height":917,"caption":"TRUUSK - Hem, Tr\u00e4dg\u00e5rd & Fritid"},"image":{"@id":"https:\/\/truusk.store\/sv\/#\/schema\/logo\/image\/"}}]}},"jetpack_sharing_enabled":true,"_links":{"self":[{"href":"https:\/\/truusk.store\/sv\/wp-json\/wp\/v2\/product\/60949","targetHints":{"allow":["GET"]}}],"collection":[{"href":"https:\/\/truusk.store\/sv\/wp-json\/wp\/v2\/product"}],"about":[{"href":"https:\/\/truusk.store\/sv\/wp-json\/wp\/v2\/types\/product"}],"wp:featuredmedia":[{"embeddable":true,"href":"https:\/\/truusk.store\/sv\/wp-json\/wp\/v2\/media\/60940"}],"wp:attachment":[{"href":"https:\/\/truusk.store\/sv\/wp-json\/wp\/v2\/media?parent=60949"}],"wp:term":[{"taxonomy":"product_brand","embeddable":true,"href":"https:\/\/truusk.store\/sv\/wp-json\/wp\/v2\/product_brand?post=60949"},{"taxonomy":"product_cat","embeddable":true,"href":"https:\/\/truusk.store\/sv\/wp-json\/wp\/v2\/product_cat?post=60949"},{"taxonomy":"product_tag","embeddable":true,"href":"https:\/\/truusk.store\/sv\/wp-json\/wp\/v2\/product_tag?post=60949"}],"curies":[{"name":"wp","href":"https:\/\/api.w.org\/{rel}","templated":true}]}}