{"id":60989,"date":"2025-06-05T03:39:44","date_gmt":"2025-06-05T02:39:44","guid":{"rendered":"https:\/\/truusk.store\/product\/aiyaplay-barns-elbil-med-24g-fjarrkontroll-fjadring-mp3-usb-led-ljus-for-3-5-ar-vitt-elfordon\/"},"modified":"2026-03-12T09:41:10","modified_gmt":"2026-03-12T08:41:10","slug":"truusk-barnbil-med-fjarrkontroll-fjadring-mp3-usb-led-ljus-for-3-5-ar-vit-elbil","status":"publish","type":"product","link":"https:\/\/truusk.store\/sv\/produkt\/truusk-barnbil-med-fjarrkontroll-fjadring-mp3-usb-led-ljus-for-3-5-ar-vit-elbil\/","title":{"rendered":"TRUUSK Barnbil med Fj\u00e4rrkontroll &#8211; Fj\u00e4dring &#8211; MP3 &#8211; USB &#8211; LED-ljus &#8211; F\u00f6r 3-5 \u00e5r &#8211; Vit Elbil"},"content":{"rendered":"<p>Upplev gr\u00e4nsl\u00f6s k\u00f6rning med AIYAPLAY BMW M4 elbil f\u00f6r barn! Denna licensierade barnbil kan styras b\u00e5de med en fj\u00e4rrkontroll och med ratten. Utrustad med ett praktiskt b\u00e4rhandtag och sm\u00e5 st\u00f6dhjul, kan den l\u00e4tt skjutas vid behov. Lysande str\u00e5lkastare, bakljus, en signalhorn och musik ger sp\u00e4nnande \u00e5kturer. En barns\u00e4ker hastighet mellan 3 och 5 km\/h l\u00e5ter ditt lilla hj\u00e4rta puttra runt i parken.<\/p>\n<p>Beskrivning:<\/p>\n<ul>\n<li> Officiellt licensierad 12V BMW M4 barns elbil med fj\u00e4rrkontroll och manuell styrning<\/li>\n<li> Praktiskt b\u00e4rhandtag och extra st\u00f6dhjul p\u00e5 elbilen f\u00f6r enkel transport n\u00e4r den \u00e4r avst\u00e4ngd<\/li>\n<li> Realistisk k\u00f6rupplevelse med fungerande str\u00e5lkastare, bakljus, signalhorn och musikfunktion<\/li>\n<li> S\u00e4kerhetsb\u00e4lte och fj\u00e4dring p\u00e5 barnbilen p\u00e5 bakhjulen f\u00f6r en s\u00e4ker och mjuk \u00e5ktur, l\u00e5ngsam start \u00f6kar s\u00e4kerheten vid start<\/li>\n<li> Hastighet fr\u00e5n 3 till 5 km\/h, idealisk f\u00f6r asfalt, kullersten eller betongv\u00e4gar<\/li>\n<li> Batteriindikator f\u00f6r att \u00f6vervaka laddningsstatus<\/li>\n<li> Montering kr\u00e4vs<\/li>\n<\/ul>\n<p>Tekniska data:<\/p>\n<ul>\n<li> F\u00e4rg: Vit<\/li>\n<li> Material: Plast, metall<\/li>\n<li> Totala dimensioner: 108L x 69,5B x 51H cm<\/li>\n<li> Sitsstorlek: 35L x 19B cm<\/li>\n<li> Sits h\u00f6jd: 20 cm (fr\u00e5n golvet)<\/li>\n<li> Hjuldiameter: \u00d820,5 cm<\/li>\n<li> R\u00e4ckvidd f\u00f6r fj\u00e4rrkontroll: 20 m<\/li>\n<li> Batteri: 12V 4,5AH<\/li>\n<li> Motor: 2 x 12V<\/li>\n<li> Laddningstid: 8-12 timmar<\/li>\n<li> Drifttid: 45 minuter<\/li>\n<li> Hastighet: 3-5 km\/h<\/li>\n<li> B\u00e4rkapacitet: 25 kg<\/li>\n<li> Kvalificerad \u00e5lder: 37-95 m\u00e5nader<\/li>\n<li> Rekommenderad \u00e5lder: 37-60 m\u00e5nader<\/li>\n<li> Registreringsskylt: 13,9L x 2,7H cm (fram), 15,5L x 3,3H cm (bak)<\/li>\n<li> Obs: 1. \u00d6vervaka alltid dina barn n\u00e4r de k\u00f6r, 2. 2 x 1,5V AAA-batterier ing\u00e5r inte<\/li>\n<\/ul>\n<p>Leverans inneh\u00e5ller:<\/p>\n<ul>\n<li> 1 x Elbil<\/li>\n<li> 1 x Fj\u00e4rrkontroll<\/li>\n<li> 1 x Instruktioner<\/li>\n<\/ul>\n","protected":false},"excerpt":{"rendered":"<p>Upplev gr\u00e4nsl\u00f6s k\u00f6rning med AIYAPLAY BMW M4 elbil f\u00f6r barn! Denna licensierade barnbil kan styras b\u00e5de med en fj\u00e4rrkontroll och&#8230;<\/p>\n","protected":false},"featured_media":60980,"template":"","meta":[],"product_brand":[],"product_cat":[880,610,925],"product_tag":[],"class_list":{"0":"post-60989","1":"product","2":"type-product","3":"status-publish","4":"has-post-thumbnail","6":"product_cat-baby-barn-2","7":"product_cat-barnfordon","8":"product_cat-barns-elektriska-fordon","10":"first","11":"instock","12":"sale","13":"taxable","14":"shipping-taxable","15":"purchasable","16":"product-type-simple"},"yoast_head":"<!-- This site is optimized with the Yoast SEO plugin v25.4 - https:\/\/yoast.com\/wordpress\/plugins\/seo\/ -->\n<title>TRUUSK Barnbil med Fj\u00e4rrkontroll - Fj\u00e4dring - MP3 - USB - LED-ljus - F\u00f6r 3-5 \u00e5r - Vit Elbil - TRUUSK - Hem, Tr\u00e4dg\u00e5rd &amp; Fritid<\/title>\n<meta name=\"robots\" content=\"index, follow, max-snippet:-1, max-image-preview:large, max-video-preview:-1\" \/>\n<link rel=\"canonical\" href=\"https:\/\/truusk.store\/sv\/produkt\/truusk-barnbil-med-fjarrkontroll-fjadring-mp3-usb-led-ljus-for-3-5-ar-vit-elbil\/\" \/>\n<meta property=\"og:locale\" content=\"sv_SE\" \/>\n<meta property=\"og:type\" content=\"article\" \/>\n<meta property=\"og:title\" content=\"TRUUSK Barnbil med Fj\u00e4rrkontroll - Fj\u00e4dring - MP3 - USB - LED-ljus - F\u00f6r 3-5 \u00e5r - Vit Elbil - TRUUSK - Hem, Tr\u00e4dg\u00e5rd &amp; Fritid\" \/>\n<meta property=\"og:description\" content=\"Upplev gr\u00e4nsl\u00f6s k\u00f6rning med AIYAPLAY BMW M4 elbil f\u00f6r barn! Denna licensierade barnbil kan styras b\u00e5de med en fj\u00e4rrkontroll och...\" \/>\n<meta property=\"og:url\" content=\"https:\/\/truusk.store\/sv\/produkt\/truusk-barnbil-med-fjarrkontroll-fjadring-mp3-usb-led-ljus-for-3-5-ar-vit-elbil\/\" \/>\n<meta property=\"og:site_name\" content=\"TRUUSK - Hem, Tr\u00e4dg\u00e5rd &amp; Fritid\" \/>\n<meta property=\"article:modified_time\" content=\"2026-03-12T08:41:10+00:00\" \/>\n<meta property=\"og:image\" content=\"https:\/\/i0.wp.com\/truusk.se\/wp-content\/uploads\/2025\/06\/aiyaplay-barns-elbil-med-24g-fjarrkontroll-fjadring-mp3-usb-led-ljus-for-3-5-ar-vitt-elfordon-1.webp?fit=2000%2C2000&ssl=1\" \/>\n\t<meta property=\"og:image:width\" content=\"2000\" \/>\n\t<meta property=\"og:image:height\" content=\"2000\" \/>\n\t<meta property=\"og:image:type\" content=\"image\/webp\" \/>\n<meta name=\"twitter:card\" content=\"summary_large_image\" \/>\n<meta name=\"twitter:label1\" content=\"Ber\u00e4knad l\u00e4stid\" \/>\n\t<meta name=\"twitter:data1\" content=\"1 minut\" \/>\n<!-- \/ Yoast SEO plugin. -->","yoast_head_json":{"title":"TRUUSK Barnbil med Fj\u00e4rrkontroll - Fj\u00e4dring - MP3 - USB - LED-ljus - F\u00f6r 3-5 \u00e5r - Vit Elbil - TRUUSK - Hem, Tr\u00e4dg\u00e5rd &amp; Fritid","robots":{"index":"index","follow":"follow","max-snippet":"max-snippet:-1","max-image-preview":"max-image-preview:large","max-video-preview":"max-video-preview:-1"},"canonical":"https:\/\/truusk.store\/sv\/produkt\/truusk-barnbil-med-fjarrkontroll-fjadring-mp3-usb-led-ljus-for-3-5-ar-vit-elbil\/","og_locale":"sv_SE","og_type":"article","og_title":"TRUUSK Barnbil med Fj\u00e4rrkontroll - Fj\u00e4dring - MP3 - USB - LED-ljus - F\u00f6r 3-5 \u00e5r - Vit Elbil - TRUUSK - Hem, Tr\u00e4dg\u00e5rd &amp; Fritid","og_description":"Upplev gr\u00e4nsl\u00f6s k\u00f6rning med AIYAPLAY BMW M4 elbil f\u00f6r barn! Denna licensierade barnbil kan styras b\u00e5de med en fj\u00e4rrkontroll och...","og_url":"https:\/\/truusk.store\/sv\/produkt\/truusk-barnbil-med-fjarrkontroll-fjadring-mp3-usb-led-ljus-for-3-5-ar-vit-elbil\/","og_site_name":"TRUUSK - Hem, Tr\u00e4dg\u00e5rd &amp; Fritid","article_modified_time":"2026-03-12T08:41:10+00:00","og_image":[{"width":2000,"height":2000,"url":"https:\/\/i0.wp.com\/truusk.se\/wp-content\/uploads\/2025\/06\/aiyaplay-barns-elbil-med-24g-fjarrkontroll-fjadring-mp3-usb-led-ljus-for-3-5-ar-vitt-elfordon-1.webp?fit=2000%2C2000&ssl=1","type":"image\/webp"}],"twitter_card":"summary_large_image","twitter_misc":{"Ber\u00e4knad l\u00e4stid":"1 minut"},"schema":{"@context":"https:\/\/schema.org","@graph":[{"@type":"WebPage","@id":"https:\/\/truusk.store\/sv\/produkt\/truusk-barnbil-med-fjarrkontroll-fjadring-mp3-usb-led-ljus-for-3-5-ar-vit-elbil\/","url":"https:\/\/truusk.store\/sv\/produkt\/truusk-barnbil-med-fjarrkontroll-fjadring-mp3-usb-led-ljus-for-3-5-ar-vit-elbil\/","name":"TRUUSK Barnbil med Fj\u00e4rrkontroll - Fj\u00e4dring - MP3 - USB - LED-ljus - F\u00f6r 3-5 \u00e5r - Vit Elbil - TRUUSK - Hem, Tr\u00e4dg\u00e5rd &amp; Fritid","isPartOf":{"@id":"https:\/\/truusk.store\/sv\/#website"},"primaryImageOfPage":{"@id":"https:\/\/truusk.store\/sv\/produkt\/truusk-barnbil-med-fjarrkontroll-fjadring-mp3-usb-led-ljus-for-3-5-ar-vit-elbil\/#primaryimage"},"image":{"@id":"https:\/\/truusk.store\/sv\/produkt\/truusk-barnbil-med-fjarrkontroll-fjadring-mp3-usb-led-ljus-for-3-5-ar-vit-elbil\/#primaryimage"},"thumbnailUrl":"https:\/\/i0.wp.com\/truusk.store\/wp-content\/uploads\/2025\/06\/aiyaplay-barns-elbil-med-24g-fjarrkontroll-fjadring-mp3-usb-led-ljus-for-3-5-ar-vitt-elfordon-1.webp?fit=2000%2C2000&ssl=1","datePublished":"2025-06-05T02:39:44+00:00","dateModified":"2026-03-12T08:41:10+00:00","breadcrumb":{"@id":"https:\/\/truusk.store\/sv\/produkt\/truusk-barnbil-med-fjarrkontroll-fjadring-mp3-usb-led-ljus-for-3-5-ar-vit-elbil\/#breadcrumb"},"inLanguage":"sv-SE","potentialAction":[{"@type":"ReadAction","target":["https:\/\/truusk.store\/sv\/produkt\/truusk-barnbil-med-fjarrkontroll-fjadring-mp3-usb-led-ljus-for-3-5-ar-vit-elbil\/"]}]},{"@type":"ImageObject","inLanguage":"sv-SE","@id":"https:\/\/truusk.store\/sv\/produkt\/truusk-barnbil-med-fjarrkontroll-fjadring-mp3-usb-led-ljus-for-3-5-ar-vit-elbil\/#primaryimage","url":"https:\/\/i0.wp.com\/truusk.store\/wp-content\/uploads\/2025\/06\/aiyaplay-barns-elbil-med-24g-fjarrkontroll-fjadring-mp3-usb-led-ljus-for-3-5-ar-vitt-elfordon-1.webp?fit=2000%2C2000&ssl=1","contentUrl":"https:\/\/i0.wp.com\/truusk.store\/wp-content\/uploads\/2025\/06\/aiyaplay-barns-elbil-med-24g-fjarrkontroll-fjadring-mp3-usb-led-ljus-for-3-5-ar-vitt-elfordon-1.webp?fit=2000%2C2000&ssl=1","width":2000,"height":2000},{"@type":"BreadcrumbList","@id":"https:\/\/truusk.store\/sv\/produkt\/truusk-barnbil-med-fjarrkontroll-fjadring-mp3-usb-led-ljus-for-3-5-ar-vit-elbil\/#breadcrumb","itemListElement":[{"@type":"ListItem","position":1,"name":"Home","item":"https:\/\/truusk.store\/sv\/"},{"@type":"ListItem","position":2,"name":"Shop","item":"https:\/\/truusk.store\/shop\/"},{"@type":"ListItem","position":3,"name":"TRUUSK Barnbil med Fj\u00e4rrkontroll &#8211; Fj\u00e4dring &#8211; MP3 &#8211; USB &#8211; LED-ljus &#8211; F\u00f6r 3-5 \u00e5r &#8211; Vit Elbil"}]},{"@type":"WebSite","@id":"https:\/\/truusk.store\/sv\/#website","url":"https:\/\/truusk.store\/sv\/","name":"TRUUSK - Hem, Tr\u00e4dg\u00e5rd & Fritid","description":"","publisher":{"@id":"https:\/\/truusk.store\/sv\/#organization"},"potentialAction":[{"@type":"SearchAction","target":{"@type":"EntryPoint","urlTemplate":"https:\/\/truusk.store\/sv\/?s={search_term_string}"},"query-input":{"@type":"PropertyValueSpecification","valueRequired":true,"valueName":"search_term_string"}}],"inLanguage":"sv-SE"},{"@type":"Organization","@id":"https:\/\/truusk.store\/sv\/#organization","name":"TRUUSK - Hem, Tr\u00e4dg\u00e5rd & Fritid","url":"https:\/\/truusk.store\/sv\/","logo":{"@type":"ImageObject","inLanguage":"sv-SE","@id":"https:\/\/truusk.store\/sv\/#\/schema\/logo\/image\/","url":"https:\/\/i0.wp.com\/truusk.store\/wp-content\/uploads\/2026\/03\/cropped-TRUUSK.png?fit=2032%2C917&ssl=1","contentUrl":"https:\/\/i0.wp.com\/truusk.store\/wp-content\/uploads\/2026\/03\/cropped-TRUUSK.png?fit=2032%2C917&ssl=1","width":2032,"height":917,"caption":"TRUUSK - Hem, Tr\u00e4dg\u00e5rd & Fritid"},"image":{"@id":"https:\/\/truusk.store\/sv\/#\/schema\/logo\/image\/"}}]}},"jetpack_sharing_enabled":true,"_links":{"self":[{"href":"https:\/\/truusk.store\/sv\/wp-json\/wp\/v2\/product\/60989","targetHints":{"allow":["GET"]}}],"collection":[{"href":"https:\/\/truusk.store\/sv\/wp-json\/wp\/v2\/product"}],"about":[{"href":"https:\/\/truusk.store\/sv\/wp-json\/wp\/v2\/types\/product"}],"wp:featuredmedia":[{"embeddable":true,"href":"https:\/\/truusk.store\/sv\/wp-json\/wp\/v2\/media\/60980"}],"wp:attachment":[{"href":"https:\/\/truusk.store\/sv\/wp-json\/wp\/v2\/media?parent=60989"}],"wp:term":[{"taxonomy":"product_brand","embeddable":true,"href":"https:\/\/truusk.store\/sv\/wp-json\/wp\/v2\/product_brand?post=60989"},{"taxonomy":"product_cat","embeddable":true,"href":"https:\/\/truusk.store\/sv\/wp-json\/wp\/v2\/product_cat?post=60989"},{"taxonomy":"product_tag","embeddable":true,"href":"https:\/\/truusk.store\/sv\/wp-json\/wp\/v2\/product_tag?post=60989"}],"curies":[{"name":"wp","href":"https:\/\/api.w.org\/{rel}","templated":true}]}}