{"id":60999,"date":"2025-06-05T03:40:40","date_gmt":"2025-06-05T02:40:40","guid":{"rendered":"https:\/\/truusk.store\/product\/barns-elektriska-bil-12v-med-24g-fjarrkontroll-musik-elektriskt-fordon-med-ljus-usb-mp3-anslutning-backfunktion\/"},"modified":"2026-03-12T08:58:27","modified_gmt":"2026-03-12T07:58:27","slug":"truusk-elektrisk-bil-for-barn-12v-med-fjarrkontroll-24g-musik-ljus-usb-mp3-backfunktion-for-barn-bla","status":"publish","type":"product","link":"https:\/\/truusk.store\/sv\/produkt\/truusk-elektrisk-bil-for-barn-12v-med-fjarrkontroll-24g-musik-ljus-usb-mp3-backfunktion-for-barn-bla\/","title":{"rendered":"TRUUSK Elektrisk Bil f\u00f6r Barn 12V &#8211; Med Fj\u00e4rrkontroll 2,4G &#8211; Musik &amp; Ljus &#8211; USB\/MP3 &#8211; Backfunktion &#8211; F\u00f6r Barn &#8211; Bl\u00e5"},"content":{"rendered":"<p>Detta snygga barnbil fr\u00e5n TRUUSK ser ut som en riktig sportbil: Lysande str\u00e5lkastare och bakljus ger klar sikt, medan instrumentbr\u00e4dan \u00e4r utrustad med hastighetsm\u00e4tare och musikspelare (USB- och TF-kortanslutning). Den robusta s\u00e4kerhetsb\u00e4ltet ger extra s\u00e4kerhet medan din lilla f\u00f6rare \u00e4r p\u00e5 v\u00e4g med upp till 3 km\/h &#8211; idealisk f\u00f6r barn mellan 3 och 5 \u00e5r. Vid behov kan du styra barnfordonet med den medf\u00f6ljande fj\u00e4rrkontrollen.<\/p>\n<p>Beskrivning:<\/p>\n<ul>\n<li> Elbil f\u00f6r barn fr\u00e5n 3 till 5 \u00e5r<\/li>\n<li> Enkel anv\u00e4ndning med pedal och ratt<\/li>\n<li> Hjulfj\u00e4dring av elbilen f\u00f6r en mjuk k\u00f6rning<\/li>\n<li> Utrustad med str\u00e5lkastare och bakljus<\/li>\n<li> S\u00e4kerhetsb\u00e4lte och h\u00f6g horn f\u00f6r \u00f6kad s\u00e4kerhet<\/li>\n<li> USB-anslutning av elbilen f\u00f6r egen musik i MP3-format<\/li>\n<li> Musikknappar p\u00e5 ratten f\u00f6r extra roligt<\/li>\n<li> Upp till 45 minuters k\u00f6rning vid full batteriladdning<\/li>\n<li> Display i instrumentbr\u00e4dan visar aktuell batteristatus<\/li>\n<li> 2,4G fj\u00e4rrkontroll av elbilen f\u00f6r barn med 2 AAA-batterier (batterier ing\u00e5r inte)<\/li>\n<li> Enkel montering<\/li>\n<\/ul>\n<p> Tekniska data:<\/p>\n<ul>\n<li> Material: Plast, Metall<\/li>\n<li> F\u00e4rg: Vit<\/li>\n<li> Totala m\u00e5tt: 102L x 60B x 44H cm<\/li>\n<li> Sitsstorlek: 35,5L x 19,5B x 21,5H cm<\/li>\n<li> Hjulstorlek: \u00d821 x 6,5B cm<\/li>\n<li> Laddningstid: 8\u201312 h<\/li>\n<li> Drifttid: 45 Min.<\/li>\n<li> Motor: 30 W<\/li>\n<li> Hastighet: max. 3 km\/h<\/li>\n<li> Laddare: 12 V\/500 mA<\/li>\n<li> Maximal belastning: 25 kg<\/li>\n<li> Obs: L\u00e4mplig f\u00f6r ett barn mellan 3 och 5 \u00e5r<\/li>\n<\/ul>\n<p>Leverans:<\/p>\n<ul>\n<li> 1 x Barnbil<\/li>\n<li> 1 x Laddare<\/li>\n<li> 1 x Monteringsanvisning<\/li>\n<\/ul>\n","protected":false},"excerpt":{"rendered":"<p>Detta snygga barnbil fr\u00e5n TRUUSK ser ut som en riktig sportbil: Lysande str\u00e5lkastare och bakljus ger klar sikt, medan instrumentbr\u00e4dan&#8230;<\/p>\n","protected":false},"featured_media":60990,"template":"","meta":[],"product_brand":[],"product_cat":[880,610,925],"product_tag":[],"class_list":{"0":"post-60999","1":"product","2":"type-product","3":"status-publish","4":"has-post-thumbnail","6":"product_cat-baby-barn-2","7":"product_cat-barnfordon","8":"product_cat-barns-elektriska-fordon","10":"first","11":"instock","12":"sale","13":"taxable","14":"shipping-taxable","15":"purchasable","16":"product-type-simple"},"yoast_head":"<!-- This site is optimized with the Yoast SEO plugin v25.4 - https:\/\/yoast.com\/wordpress\/plugins\/seo\/ -->\n<title>TRUUSK Elektrisk Bil f\u00f6r Barn 12V - Med Fj\u00e4rrkontroll 2,4G - Musik &amp; Ljus - USB\/MP3 - Backfunktion - F\u00f6r Barn - Bl\u00e5 - TRUUSK - Hem, Tr\u00e4dg\u00e5rd &amp; Fritid<\/title>\n<meta name=\"robots\" content=\"index, follow, max-snippet:-1, max-image-preview:large, max-video-preview:-1\" \/>\n<link rel=\"canonical\" href=\"https:\/\/truusk.store\/sv\/produkt\/truusk-elektrisk-bil-for-barn-12v-med-fjarrkontroll-24g-musik-ljus-usb-mp3-backfunktion-for-barn-bla\/\" \/>\n<meta property=\"og:locale\" content=\"sv_SE\" \/>\n<meta property=\"og:type\" content=\"article\" \/>\n<meta property=\"og:title\" content=\"TRUUSK Elektrisk Bil f\u00f6r Barn 12V - Med Fj\u00e4rrkontroll 2,4G - Musik &amp; Ljus - USB\/MP3 - Backfunktion - F\u00f6r Barn - Bl\u00e5 - TRUUSK - Hem, Tr\u00e4dg\u00e5rd &amp; Fritid\" \/>\n<meta property=\"og:description\" content=\"Detta snygga barnbil fr\u00e5n TRUUSK ser ut som en riktig sportbil: Lysande str\u00e5lkastare och bakljus ger klar sikt, medan instrumentbr\u00e4dan...\" \/>\n<meta property=\"og:url\" content=\"https:\/\/truusk.store\/sv\/produkt\/truusk-elektrisk-bil-for-barn-12v-med-fjarrkontroll-24g-musik-ljus-usb-mp3-backfunktion-for-barn-bla\/\" \/>\n<meta property=\"og:site_name\" content=\"TRUUSK - Hem, Tr\u00e4dg\u00e5rd &amp; Fritid\" \/>\n<meta property=\"article:modified_time\" content=\"2026-03-12T07:58:27+00:00\" \/>\n<meta property=\"og:image\" content=\"https:\/\/i0.wp.com\/truusk.se\/wp-content\/uploads\/2025\/06\/barns-elektriska-bil-12v-med-24g-fjarrkontroll-musik-elektriskt-fordon-med-ljus-usb-mp3-anslutning-backfunktion-1.webp?fit=2000%2C2000&ssl=1\" \/>\n\t<meta property=\"og:image:width\" content=\"2000\" \/>\n\t<meta property=\"og:image:height\" content=\"2000\" \/>\n\t<meta property=\"og:image:type\" content=\"image\/webp\" \/>\n<meta name=\"twitter:card\" content=\"summary_large_image\" \/>\n<meta name=\"twitter:label1\" content=\"Ber\u00e4knad l\u00e4stid\" \/>\n\t<meta name=\"twitter:data1\" content=\"1 minut\" \/>\n<!-- \/ Yoast SEO plugin. -->","yoast_head_json":{"title":"TRUUSK Elektrisk Bil f\u00f6r Barn 12V - Med Fj\u00e4rrkontroll 2,4G - Musik &amp; Ljus - USB\/MP3 - Backfunktion - F\u00f6r Barn - Bl\u00e5 - TRUUSK - Hem, Tr\u00e4dg\u00e5rd &amp; Fritid","robots":{"index":"index","follow":"follow","max-snippet":"max-snippet:-1","max-image-preview":"max-image-preview:large","max-video-preview":"max-video-preview:-1"},"canonical":"https:\/\/truusk.store\/sv\/produkt\/truusk-elektrisk-bil-for-barn-12v-med-fjarrkontroll-24g-musik-ljus-usb-mp3-backfunktion-for-barn-bla\/","og_locale":"sv_SE","og_type":"article","og_title":"TRUUSK Elektrisk Bil f\u00f6r Barn 12V - Med Fj\u00e4rrkontroll 2,4G - Musik &amp; Ljus - USB\/MP3 - Backfunktion - F\u00f6r Barn - Bl\u00e5 - TRUUSK - Hem, Tr\u00e4dg\u00e5rd &amp; Fritid","og_description":"Detta snygga barnbil fr\u00e5n TRUUSK ser ut som en riktig sportbil: Lysande str\u00e5lkastare och bakljus ger klar sikt, medan instrumentbr\u00e4dan...","og_url":"https:\/\/truusk.store\/sv\/produkt\/truusk-elektrisk-bil-for-barn-12v-med-fjarrkontroll-24g-musik-ljus-usb-mp3-backfunktion-for-barn-bla\/","og_site_name":"TRUUSK - Hem, Tr\u00e4dg\u00e5rd &amp; Fritid","article_modified_time":"2026-03-12T07:58:27+00:00","og_image":[{"width":2000,"height":2000,"url":"https:\/\/i0.wp.com\/truusk.se\/wp-content\/uploads\/2025\/06\/barns-elektriska-bil-12v-med-24g-fjarrkontroll-musik-elektriskt-fordon-med-ljus-usb-mp3-anslutning-backfunktion-1.webp?fit=2000%2C2000&ssl=1","type":"image\/webp"}],"twitter_card":"summary_large_image","twitter_misc":{"Ber\u00e4knad l\u00e4stid":"1 minut"},"schema":{"@context":"https:\/\/schema.org","@graph":[{"@type":"WebPage","@id":"https:\/\/truusk.store\/sv\/produkt\/truusk-elektrisk-bil-for-barn-12v-med-fjarrkontroll-24g-musik-ljus-usb-mp3-backfunktion-for-barn-bla\/","url":"https:\/\/truusk.store\/sv\/produkt\/truusk-elektrisk-bil-for-barn-12v-med-fjarrkontroll-24g-musik-ljus-usb-mp3-backfunktion-for-barn-bla\/","name":"TRUUSK Elektrisk Bil f\u00f6r Barn 12V - Med Fj\u00e4rrkontroll 2,4G - Musik &amp; Ljus - USB\/MP3 - Backfunktion - F\u00f6r Barn - Bl\u00e5 - TRUUSK - Hem, Tr\u00e4dg\u00e5rd &amp; Fritid","isPartOf":{"@id":"https:\/\/truusk.store\/sv\/#website"},"primaryImageOfPage":{"@id":"https:\/\/truusk.store\/sv\/produkt\/truusk-elektrisk-bil-for-barn-12v-med-fjarrkontroll-24g-musik-ljus-usb-mp3-backfunktion-for-barn-bla\/#primaryimage"},"image":{"@id":"https:\/\/truusk.store\/sv\/produkt\/truusk-elektrisk-bil-for-barn-12v-med-fjarrkontroll-24g-musik-ljus-usb-mp3-backfunktion-for-barn-bla\/#primaryimage"},"thumbnailUrl":"https:\/\/i0.wp.com\/truusk.store\/wp-content\/uploads\/2025\/06\/barns-elektriska-bil-12v-med-24g-fjarrkontroll-musik-elektriskt-fordon-med-ljus-usb-mp3-anslutning-backfunktion-1.webp?fit=2000%2C2000&ssl=1","datePublished":"2025-06-05T02:40:40+00:00","dateModified":"2026-03-12T07:58:27+00:00","breadcrumb":{"@id":"https:\/\/truusk.store\/sv\/produkt\/truusk-elektrisk-bil-for-barn-12v-med-fjarrkontroll-24g-musik-ljus-usb-mp3-backfunktion-for-barn-bla\/#breadcrumb"},"inLanguage":"sv-SE","potentialAction":[{"@type":"ReadAction","target":["https:\/\/truusk.store\/sv\/produkt\/truusk-elektrisk-bil-for-barn-12v-med-fjarrkontroll-24g-musik-ljus-usb-mp3-backfunktion-for-barn-bla\/"]}]},{"@type":"ImageObject","inLanguage":"sv-SE","@id":"https:\/\/truusk.store\/sv\/produkt\/truusk-elektrisk-bil-for-barn-12v-med-fjarrkontroll-24g-musik-ljus-usb-mp3-backfunktion-for-barn-bla\/#primaryimage","url":"https:\/\/i0.wp.com\/truusk.store\/wp-content\/uploads\/2025\/06\/barns-elektriska-bil-12v-med-24g-fjarrkontroll-musik-elektriskt-fordon-med-ljus-usb-mp3-anslutning-backfunktion-1.webp?fit=2000%2C2000&ssl=1","contentUrl":"https:\/\/i0.wp.com\/truusk.store\/wp-content\/uploads\/2025\/06\/barns-elektriska-bil-12v-med-24g-fjarrkontroll-musik-elektriskt-fordon-med-ljus-usb-mp3-anslutning-backfunktion-1.webp?fit=2000%2C2000&ssl=1","width":2000,"height":2000},{"@type":"BreadcrumbList","@id":"https:\/\/truusk.store\/sv\/produkt\/truusk-elektrisk-bil-for-barn-12v-med-fjarrkontroll-24g-musik-ljus-usb-mp3-backfunktion-for-barn-bla\/#breadcrumb","itemListElement":[{"@type":"ListItem","position":1,"name":"Home","item":"https:\/\/truusk.store\/sv\/"},{"@type":"ListItem","position":2,"name":"Shop","item":"https:\/\/truusk.store\/shop\/"},{"@type":"ListItem","position":3,"name":"TRUUSK Elektrisk Bil f\u00f6r Barn 12V &#8211; Med Fj\u00e4rrkontroll 2,4G &#8211; Musik &amp; Ljus &#8211; USB\/MP3 &#8211; Backfunktion &#8211; F\u00f6r Barn &#8211; Bl\u00e5"}]},{"@type":"WebSite","@id":"https:\/\/truusk.store\/sv\/#website","url":"https:\/\/truusk.store\/sv\/","name":"TRUUSK - Hem, Tr\u00e4dg\u00e5rd & Fritid","description":"","publisher":{"@id":"https:\/\/truusk.store\/sv\/#organization"},"potentialAction":[{"@type":"SearchAction","target":{"@type":"EntryPoint","urlTemplate":"https:\/\/truusk.store\/sv\/?s={search_term_string}"},"query-input":{"@type":"PropertyValueSpecification","valueRequired":true,"valueName":"search_term_string"}}],"inLanguage":"sv-SE"},{"@type":"Organization","@id":"https:\/\/truusk.store\/sv\/#organization","name":"TRUUSK - Hem, Tr\u00e4dg\u00e5rd & Fritid","url":"https:\/\/truusk.store\/sv\/","logo":{"@type":"ImageObject","inLanguage":"sv-SE","@id":"https:\/\/truusk.store\/sv\/#\/schema\/logo\/image\/","url":"https:\/\/i0.wp.com\/truusk.store\/wp-content\/uploads\/2026\/03\/cropped-TRUUSK.png?fit=2032%2C917&ssl=1","contentUrl":"https:\/\/i0.wp.com\/truusk.store\/wp-content\/uploads\/2026\/03\/cropped-TRUUSK.png?fit=2032%2C917&ssl=1","width":2032,"height":917,"caption":"TRUUSK - Hem, Tr\u00e4dg\u00e5rd & Fritid"},"image":{"@id":"https:\/\/truusk.store\/sv\/#\/schema\/logo\/image\/"}}]}},"jetpack_sharing_enabled":true,"_links":{"self":[{"href":"https:\/\/truusk.store\/sv\/wp-json\/wp\/v2\/product\/60999","targetHints":{"allow":["GET"]}}],"collection":[{"href":"https:\/\/truusk.store\/sv\/wp-json\/wp\/v2\/product"}],"about":[{"href":"https:\/\/truusk.store\/sv\/wp-json\/wp\/v2\/types\/product"}],"wp:featuredmedia":[{"embeddable":true,"href":"https:\/\/truusk.store\/sv\/wp-json\/wp\/v2\/media\/60990"}],"wp:attachment":[{"href":"https:\/\/truusk.store\/sv\/wp-json\/wp\/v2\/media?parent=60999"}],"wp:term":[{"taxonomy":"product_brand","embeddable":true,"href":"https:\/\/truusk.store\/sv\/wp-json\/wp\/v2\/product_brand?post=60999"},{"taxonomy":"product_cat","embeddable":true,"href":"https:\/\/truusk.store\/sv\/wp-json\/wp\/v2\/product_cat?post=60999"},{"taxonomy":"product_tag","embeddable":true,"href":"https:\/\/truusk.store\/sv\/wp-json\/wp\/v2\/product_tag?post=60999"}],"curies":[{"name":"wp","href":"https:\/\/api.w.org\/{rel}","templated":true}]}}