{"id":61079,"date":"2025-06-05T03:48:29","date_gmt":"2025-06-05T02:48:29","guid":{"rendered":"https:\/\/truusk.store\/product\/fotpall-sittplats-kvadratisk-med-kashmir-utseende-morkgra-stalben-idealisk-for-vardagsrum-sovrum\/"},"modified":"2026-03-12T09:42:10","modified_gmt":"2026-03-12T08:42:10","slug":"truusk-fotpall-med-kvadratisk-design-morkgra-med-kashmir-utseende-stalben-idealisk-for-vardagsrum-sovrum","status":"publish","type":"product","link":"https:\/\/truusk.store\/sv\/produkt\/truusk-fotpall-med-kvadratisk-design-morkgra-med-kashmir-utseende-stalben-idealisk-for-vardagsrum-sovrum\/","title":{"rendered":"TRUUSK Fotpall med Kvadratisk Design &#8211; M\u00f6rkgr\u00e5 med Kashmir-utseende &#8211; St\u00e5lben &#8211; Idealisk f\u00f6r Vardagsrum &amp; Sovrum"},"content":{"rendered":"<p>Ge ditt hem en touch av elegans och mysighet med TRUUSK pall. Oavsett om det \u00e4r en fotpall eller extra sittplats &#8211; denna sittplats \u00f6vertygar med sin mjuka stoppning och det lyxiga \u00f6vermaterialet i kashmir-look. Perfekt som en accentstol i ett h\u00f6rn av rummet eller som en bekv\u00e4m sittplats f\u00f6r g\u00e4ster. G\u00f6r det mysigt och njut av stilfull komfort med TRUUSK pall.<\/p>\n<p>Beskrivning:<\/p>\n<ul>\n<li> I\u00f6gonfallande, stilfull look passar bra med moderna m\u00f6bler<\/li>\n<li> Denna multifunktionella pall kan anv\u00e4ndas som fotst\u00f6d, pall eller extra sittplats<\/li>\n<li> Den stoppade sitsen och den mjuka tyget av sittplatsen i kashmir-look erbjuder exceptionell komfort och avkoppling<\/li>\n<li> Sl\u00e4ta st\u00e5lbens av pallen med pulverlackering f\u00f6r stabilitet och h\u00e5llbarhet<\/li>\n<li> Montering kr\u00e4vs<\/li>\n<\/ul>\n<p> Tekniska data:<\/p>\n<ul>\n<li> F\u00e4rg: M\u00f6rkgr\u00e5<\/li>\n<li> Material: Polyester, St\u00e5l<\/li>\n<li> Totala dimensioner: 42L x 42B x 47H cm<\/li>\n<li> Tjocklek p\u00e5 sitskudden: 10 cm<\/li>\n<li> H\u00f6jd p\u00e5 benen: 34,5 cm<\/li>\n<li> B\u00e4rkapacitet: 120 kg<\/li>\n<\/ul>\n<p> Leveransinneh\u00e5ll:<\/p>\n<ul>\n<li> 1 x Fotpall<\/li>\n<li> 1 x Instruktioner<\/li>\n<\/ul>\n","protected":false},"excerpt":{"rendered":"<p>Ge ditt hem en touch av elegans och mysighet med TRUUSK pall. Oavsett om det \u00e4r en fotpall eller extra&#8230;<\/p>\n","protected":false},"featured_media":61070,"template":"","meta":[],"product_brand":[],"product_cat":[871,944,910],"product_tag":[],"class_list":{"0":"post-61079","1":"product","2":"type-product","3":"status-publish","4":"has-post-thumbnail","6":"product_cat-hus-hem","7":"product_cat-pallar-fotpallar","8":"product_cat-vardagsrum","10":"first","11":"instock","12":"sale","13":"taxable","14":"shipping-taxable","15":"purchasable","16":"product-type-simple"},"yoast_head":"<!-- This site is optimized with the Yoast SEO plugin v25.4 - https:\/\/yoast.com\/wordpress\/plugins\/seo\/ -->\n<title>TRUUSK Fotpall med Kvadratisk Design - M\u00f6rkgr\u00e5 med Kashmir-utseende - St\u00e5lben - Idealisk f\u00f6r Vardagsrum &amp; Sovrum - TRUUSK - Hem, Tr\u00e4dg\u00e5rd &amp; Fritid<\/title>\n<meta name=\"robots\" content=\"index, follow, max-snippet:-1, max-image-preview:large, max-video-preview:-1\" \/>\n<link rel=\"canonical\" href=\"https:\/\/truusk.store\/sv\/produkt\/truusk-fotpall-med-kvadratisk-design-morkgra-med-kashmir-utseende-stalben-idealisk-for-vardagsrum-sovrum\/\" \/>\n<meta property=\"og:locale\" content=\"sv_SE\" \/>\n<meta property=\"og:type\" content=\"article\" \/>\n<meta property=\"og:title\" content=\"TRUUSK Fotpall med Kvadratisk Design - M\u00f6rkgr\u00e5 med Kashmir-utseende - St\u00e5lben - Idealisk f\u00f6r Vardagsrum &amp; Sovrum - TRUUSK - Hem, Tr\u00e4dg\u00e5rd &amp; Fritid\" \/>\n<meta property=\"og:description\" content=\"Ge ditt hem en touch av elegans och mysighet med TRUUSK pall. Oavsett om det \u00e4r en fotpall eller extra...\" \/>\n<meta property=\"og:url\" content=\"https:\/\/truusk.store\/sv\/produkt\/truusk-fotpall-med-kvadratisk-design-morkgra-med-kashmir-utseende-stalben-idealisk-for-vardagsrum-sovrum\/\" \/>\n<meta property=\"og:site_name\" content=\"TRUUSK - Hem, Tr\u00e4dg\u00e5rd &amp; Fritid\" \/>\n<meta property=\"article:modified_time\" content=\"2026-03-12T08:42:10+00:00\" \/>\n<meta property=\"og:image\" content=\"https:\/\/i0.wp.com\/truusk.se\/wp-content\/uploads\/2025\/06\/fotpall-sittplats-kvadratisk-med-kashmir-utseende-morkgra-stalben-idealisk-for-vardagsrum-sovrum-1.webp?fit=2000%2C2000&ssl=1\" \/>\n\t<meta property=\"og:image:width\" content=\"2000\" \/>\n\t<meta property=\"og:image:height\" content=\"2000\" \/>\n\t<meta property=\"og:image:type\" content=\"image\/webp\" \/>\n<meta name=\"twitter:card\" content=\"summary_large_image\" \/>\n<meta name=\"twitter:label1\" content=\"Ber\u00e4knad l\u00e4stid\" \/>\n\t<meta name=\"twitter:data1\" content=\"1 minut\" \/>\n<!-- \/ Yoast SEO plugin. -->","yoast_head_json":{"title":"TRUUSK Fotpall med Kvadratisk Design - M\u00f6rkgr\u00e5 med Kashmir-utseende - St\u00e5lben - Idealisk f\u00f6r Vardagsrum &amp; Sovrum - TRUUSK - Hem, Tr\u00e4dg\u00e5rd &amp; Fritid","robots":{"index":"index","follow":"follow","max-snippet":"max-snippet:-1","max-image-preview":"max-image-preview:large","max-video-preview":"max-video-preview:-1"},"canonical":"https:\/\/truusk.store\/sv\/produkt\/truusk-fotpall-med-kvadratisk-design-morkgra-med-kashmir-utseende-stalben-idealisk-for-vardagsrum-sovrum\/","og_locale":"sv_SE","og_type":"article","og_title":"TRUUSK Fotpall med Kvadratisk Design - M\u00f6rkgr\u00e5 med Kashmir-utseende - St\u00e5lben - Idealisk f\u00f6r Vardagsrum &amp; Sovrum - TRUUSK - Hem, Tr\u00e4dg\u00e5rd &amp; Fritid","og_description":"Ge ditt hem en touch av elegans och mysighet med TRUUSK pall. Oavsett om det \u00e4r en fotpall eller extra...","og_url":"https:\/\/truusk.store\/sv\/produkt\/truusk-fotpall-med-kvadratisk-design-morkgra-med-kashmir-utseende-stalben-idealisk-for-vardagsrum-sovrum\/","og_site_name":"TRUUSK - Hem, Tr\u00e4dg\u00e5rd &amp; Fritid","article_modified_time":"2026-03-12T08:42:10+00:00","og_image":[{"width":2000,"height":2000,"url":"https:\/\/i0.wp.com\/truusk.se\/wp-content\/uploads\/2025\/06\/fotpall-sittplats-kvadratisk-med-kashmir-utseende-morkgra-stalben-idealisk-for-vardagsrum-sovrum-1.webp?fit=2000%2C2000&ssl=1","type":"image\/webp"}],"twitter_card":"summary_large_image","twitter_misc":{"Ber\u00e4knad l\u00e4stid":"1 minut"},"schema":{"@context":"https:\/\/schema.org","@graph":[{"@type":"WebPage","@id":"https:\/\/truusk.store\/sv\/produkt\/truusk-fotpall-med-kvadratisk-design-morkgra-med-kashmir-utseende-stalben-idealisk-for-vardagsrum-sovrum\/","url":"https:\/\/truusk.store\/sv\/produkt\/truusk-fotpall-med-kvadratisk-design-morkgra-med-kashmir-utseende-stalben-idealisk-for-vardagsrum-sovrum\/","name":"TRUUSK Fotpall med Kvadratisk Design - M\u00f6rkgr\u00e5 med Kashmir-utseende - St\u00e5lben - Idealisk f\u00f6r Vardagsrum &amp; Sovrum - TRUUSK - Hem, Tr\u00e4dg\u00e5rd &amp; Fritid","isPartOf":{"@id":"https:\/\/truusk.store\/sv\/#website"},"primaryImageOfPage":{"@id":"https:\/\/truusk.store\/sv\/produkt\/truusk-fotpall-med-kvadratisk-design-morkgra-med-kashmir-utseende-stalben-idealisk-for-vardagsrum-sovrum\/#primaryimage"},"image":{"@id":"https:\/\/truusk.store\/sv\/produkt\/truusk-fotpall-med-kvadratisk-design-morkgra-med-kashmir-utseende-stalben-idealisk-for-vardagsrum-sovrum\/#primaryimage"},"thumbnailUrl":"https:\/\/i0.wp.com\/truusk.store\/wp-content\/uploads\/2025\/06\/fotpall-sittplats-kvadratisk-med-kashmir-utseende-morkgra-stalben-idealisk-for-vardagsrum-sovrum-1.webp?fit=2000%2C2000&ssl=1","datePublished":"2025-06-05T02:48:29+00:00","dateModified":"2026-03-12T08:42:10+00:00","breadcrumb":{"@id":"https:\/\/truusk.store\/sv\/produkt\/truusk-fotpall-med-kvadratisk-design-morkgra-med-kashmir-utseende-stalben-idealisk-for-vardagsrum-sovrum\/#breadcrumb"},"inLanguage":"sv-SE","potentialAction":[{"@type":"ReadAction","target":["https:\/\/truusk.store\/sv\/produkt\/truusk-fotpall-med-kvadratisk-design-morkgra-med-kashmir-utseende-stalben-idealisk-for-vardagsrum-sovrum\/"]}]},{"@type":"ImageObject","inLanguage":"sv-SE","@id":"https:\/\/truusk.store\/sv\/produkt\/truusk-fotpall-med-kvadratisk-design-morkgra-med-kashmir-utseende-stalben-idealisk-for-vardagsrum-sovrum\/#primaryimage","url":"https:\/\/i0.wp.com\/truusk.store\/wp-content\/uploads\/2025\/06\/fotpall-sittplats-kvadratisk-med-kashmir-utseende-morkgra-stalben-idealisk-for-vardagsrum-sovrum-1.webp?fit=2000%2C2000&ssl=1","contentUrl":"https:\/\/i0.wp.com\/truusk.store\/wp-content\/uploads\/2025\/06\/fotpall-sittplats-kvadratisk-med-kashmir-utseende-morkgra-stalben-idealisk-for-vardagsrum-sovrum-1.webp?fit=2000%2C2000&ssl=1","width":2000,"height":2000},{"@type":"BreadcrumbList","@id":"https:\/\/truusk.store\/sv\/produkt\/truusk-fotpall-med-kvadratisk-design-morkgra-med-kashmir-utseende-stalben-idealisk-for-vardagsrum-sovrum\/#breadcrumb","itemListElement":[{"@type":"ListItem","position":1,"name":"Home","item":"https:\/\/truusk.store\/sv\/"},{"@type":"ListItem","position":2,"name":"Shop","item":"https:\/\/truusk.store\/shop\/"},{"@type":"ListItem","position":3,"name":"TRUUSK Fotpall med Kvadratisk Design &#8211; M\u00f6rkgr\u00e5 med Kashmir-utseende &#8211; St\u00e5lben &#8211; Idealisk f\u00f6r Vardagsrum &amp; Sovrum"}]},{"@type":"WebSite","@id":"https:\/\/truusk.store\/sv\/#website","url":"https:\/\/truusk.store\/sv\/","name":"TRUUSK - Hem, Tr\u00e4dg\u00e5rd & Fritid","description":"","publisher":{"@id":"https:\/\/truusk.store\/sv\/#organization"},"potentialAction":[{"@type":"SearchAction","target":{"@type":"EntryPoint","urlTemplate":"https:\/\/truusk.store\/sv\/?s={search_term_string}"},"query-input":{"@type":"PropertyValueSpecification","valueRequired":true,"valueName":"search_term_string"}}],"inLanguage":"sv-SE"},{"@type":"Organization","@id":"https:\/\/truusk.store\/sv\/#organization","name":"TRUUSK - Hem, Tr\u00e4dg\u00e5rd & Fritid","url":"https:\/\/truusk.store\/sv\/","logo":{"@type":"ImageObject","inLanguage":"sv-SE","@id":"https:\/\/truusk.store\/sv\/#\/schema\/logo\/image\/","url":"https:\/\/i0.wp.com\/truusk.store\/wp-content\/uploads\/2026\/03\/cropped-TRUUSK.png?fit=2032%2C917&ssl=1","contentUrl":"https:\/\/i0.wp.com\/truusk.store\/wp-content\/uploads\/2026\/03\/cropped-TRUUSK.png?fit=2032%2C917&ssl=1","width":2032,"height":917,"caption":"TRUUSK - Hem, Tr\u00e4dg\u00e5rd & Fritid"},"image":{"@id":"https:\/\/truusk.store\/sv\/#\/schema\/logo\/image\/"}}]}},"jetpack_sharing_enabled":true,"_links":{"self":[{"href":"https:\/\/truusk.store\/sv\/wp-json\/wp\/v2\/product\/61079","targetHints":{"allow":["GET"]}}],"collection":[{"href":"https:\/\/truusk.store\/sv\/wp-json\/wp\/v2\/product"}],"about":[{"href":"https:\/\/truusk.store\/sv\/wp-json\/wp\/v2\/types\/product"}],"wp:featuredmedia":[{"embeddable":true,"href":"https:\/\/truusk.store\/sv\/wp-json\/wp\/v2\/media\/61070"}],"wp:attachment":[{"href":"https:\/\/truusk.store\/sv\/wp-json\/wp\/v2\/media?parent=61079"}],"wp:term":[{"taxonomy":"product_brand","embeddable":true,"href":"https:\/\/truusk.store\/sv\/wp-json\/wp\/v2\/product_brand?post=61079"},{"taxonomy":"product_cat","embeddable":true,"href":"https:\/\/truusk.store\/sv\/wp-json\/wp\/v2\/product_cat?post=61079"},{"taxonomy":"product_tag","embeddable":true,"href":"https:\/\/truusk.store\/sv\/wp-json\/wp\/v2\/product_tag?post=61079"}],"curies":[{"name":"wp","href":"https:\/\/api.w.org\/{rel}","templated":true}]}}