{"id":61109,"date":"2025-06-05T03:51:37","date_gmt":"2025-06-05T02:51:37","guid":{"rendered":"https:\/\/truusk.store\/product\/katt-klattervagg-4-delar-kattklostrad-med-klattring-katttrappa-hangmatta-hoppbrada-vaggklostrad-for-katter-upp-till-5-kg\/"},"modified":"2026-03-12T09:16:06","modified_gmt":"2026-03-12T08:16:06","slug":"truusk-kattklattervagg-4-delar-klattring-katttrappa-hangmatta-hoppbrada-for-katter-upp-till-5-kg","status":"publish","type":"product","link":"https:\/\/truusk.store\/sv\/produkt\/truusk-kattklattervagg-4-delar-klattring-katttrappa-hangmatta-hoppbrada-for-katter-upp-till-5-kg\/","title":{"rendered":"TRUUSK Kattkl\u00e4tterv\u00e4gg 4 Delar &#8211; Kl\u00e4ttring &#8211; Katttrappa &#8211; H\u00e4ngmatta &#8211; Hoppbr\u00e4da &#8211; F\u00f6r Katter Upp Till 5 Kg"},"content":{"rendered":"<p>F\u00f6rvandla ditt hem till ett paradis f\u00f6r din katt med detta fyrdelade kattkl\u00e4tterv\u00e4ggset fr\u00e5n TRUUSK! Detta v\u00e4ggkl\u00e4ttertr\u00e4dset ger din innekatt en fast plats att leka, kl\u00e4ttra och kl\u00f6sa p\u00e5. Tillverkat av robust sp\u00e5nskiva och mjuk plysch i neutrala toner, sm\u00e4lter kattkl\u00e4tterv\u00e4ggen s\u00f6ml\u00f6st in i alla inredningar. Skapa ett sp\u00e4nnande \u00e4ventyrsland f\u00f6r din katt och fr\u00e4mja samtidigt dess h\u00e4lsa och tillfredsst\u00e4llelse. Ett m\u00e5ste f\u00f6r alla katt\u00e4lskare!<\/p>\n<p>Beskrivning:<\/p>\n<ul>\n<li> Kattkl\u00e4tterv\u00e4ggset best\u00e5ende av 4 delar, inklusive ett 3-v\u00e5nings kl\u00e4ttertr\u00e4d med h\u00e4ngmatta, en platt plattform, en trappa och en liggsk\u00e5l<\/li>\n<li> V\u00e4ggmontering f\u00f6r att spara golvutrymme och utnyttja h\u00f6jden i ditt hem, vilket katter \u00e4lskar<\/li>\n<li> Kattkl\u00e4tterv\u00e4ggen fr\u00e4mjar naturlig klov\u00e5rd f\u00f6r din katt och skyddar dina m\u00f6bler fr\u00e5n skador<\/li>\n<li> Neutrala f\u00e4rgtoner p\u00e5 v\u00e4ggkl\u00e4ttertr\u00e4det passar l\u00e4tt in i din befintliga heminredning<\/li>\n<\/ul>\n<p>Tekniska data:<\/p>\n<ul>\n<li> F\u00e4rg: Beige<\/li>\n<li> Material: Sp\u00e5nskiva, Polyester, Sisal<\/li>\n<li> Plattform p\u00e5 en niv\u00e5: 40L x 27,5B x 23,5H cm<\/li>\n<li> Plattform med tre niv\u00e5er: 40L x 28B x 73H cm<\/li>\n<li> Trappa: 38L x 22B x 12H cm<\/li>\n<li> Halvrund plattform: 42L x 25,5B x 21H cm<\/li>\n<li> Korg: \u00d830 x 5H cm<\/li>\n<li> Obs: F\u00f6rutom tr\u00e4panelv\u00e4ggar som kan skruvas direkt med sj\u00e4lvsk\u00e4rande skruvar, kr\u00e4ver alla andra v\u00e4ggar en installation anpassad till deras egenskaper med borrning av h\u00e5l i v\u00e4ggen, inf\u00f6rande av expanderpluggar och l\u00e4mplig skruvning<\/li>\n<\/ul>\n<p>Inneh\u00e5ll:<\/p>\n<ul>\n<li> 1 x Kl\u00e4tterspel f\u00f6r katter<\/li>\n<li> 1 x Instruktioner<\/li>\n<\/ul>\n","protected":false},"excerpt":{"rendered":"<p>F\u00f6rvandla ditt hem till ett paradis f\u00f6r din katt med detta fyrdelade kattkl\u00e4tterv\u00e4ggset fr\u00e5n TRUUSK! Detta v\u00e4ggkl\u00e4ttertr\u00e4dset ger din innekatt&#8230;<\/p>\n","protected":false},"featured_media":61100,"template":"","meta":[],"product_brand":[],"product_cat":[878,588,592],"product_tag":[],"class_list":{"0":"post-61109","1":"product","2":"type-product","3":"status-publish","4":"has-post-thumbnail","6":"product_cat-djurbehov","7":"product_cat-katttillbehor","8":"product_cat-katttrappa","10":"first","11":"instock","12":"sale","13":"taxable","14":"shipping-taxable","15":"purchasable","16":"product-type-simple"},"yoast_head":"<!-- This site is optimized with the Yoast SEO plugin v25.4 - https:\/\/yoast.com\/wordpress\/plugins\/seo\/ -->\n<title>TRUUSK Kattkl\u00e4tterv\u00e4gg 4 Delar - Kl\u00e4ttring - Katttrappa - H\u00e4ngmatta - Hoppbr\u00e4da - F\u00f6r Katter Upp Till 5 Kg - TRUUSK - Hem, Tr\u00e4dg\u00e5rd &amp; Fritid<\/title>\n<meta name=\"robots\" content=\"index, follow, max-snippet:-1, max-image-preview:large, max-video-preview:-1\" \/>\n<link rel=\"canonical\" href=\"https:\/\/truusk.store\/sv\/produkt\/truusk-kattklattervagg-4-delar-klattring-katttrappa-hangmatta-hoppbrada-for-katter-upp-till-5-kg\/\" \/>\n<meta property=\"og:locale\" content=\"sv_SE\" \/>\n<meta property=\"og:type\" content=\"article\" \/>\n<meta property=\"og:title\" content=\"TRUUSK Kattkl\u00e4tterv\u00e4gg 4 Delar - Kl\u00e4ttring - Katttrappa - H\u00e4ngmatta - Hoppbr\u00e4da - F\u00f6r Katter Upp Till 5 Kg - TRUUSK - Hem, Tr\u00e4dg\u00e5rd &amp; Fritid\" \/>\n<meta property=\"og:description\" content=\"F\u00f6rvandla ditt hem till ett paradis f\u00f6r din katt med detta fyrdelade kattkl\u00e4tterv\u00e4ggset fr\u00e5n TRUUSK! Detta v\u00e4ggkl\u00e4ttertr\u00e4dset ger din innekatt...\" \/>\n<meta property=\"og:url\" content=\"https:\/\/truusk.store\/sv\/produkt\/truusk-kattklattervagg-4-delar-klattring-katttrappa-hangmatta-hoppbrada-for-katter-upp-till-5-kg\/\" \/>\n<meta property=\"og:site_name\" content=\"TRUUSK - Hem, Tr\u00e4dg\u00e5rd &amp; Fritid\" \/>\n<meta property=\"article:modified_time\" content=\"2026-03-12T08:16:06+00:00\" \/>\n<meta property=\"og:image\" content=\"https:\/\/i0.wp.com\/truusk.se\/wp-content\/uploads\/2025\/06\/katt-klattervagg-4-delar-kattklostrad-med-klattring-katttrappa-hangmatta-hoppbrada-vaggklostrad-for-katter-upp-till-5-kg-1.webp?fit=2000%2C2000&ssl=1\" \/>\n\t<meta property=\"og:image:width\" content=\"2000\" \/>\n\t<meta property=\"og:image:height\" content=\"2000\" \/>\n\t<meta property=\"og:image:type\" content=\"image\/webp\" \/>\n<meta name=\"twitter:card\" content=\"summary_large_image\" \/>\n<meta name=\"twitter:label1\" content=\"Ber\u00e4knad l\u00e4stid\" \/>\n\t<meta name=\"twitter:data1\" content=\"1 minut\" \/>\n<!-- \/ Yoast SEO plugin. -->","yoast_head_json":{"title":"TRUUSK Kattkl\u00e4tterv\u00e4gg 4 Delar - Kl\u00e4ttring - Katttrappa - H\u00e4ngmatta - Hoppbr\u00e4da - F\u00f6r Katter Upp Till 5 Kg - TRUUSK - Hem, Tr\u00e4dg\u00e5rd &amp; Fritid","robots":{"index":"index","follow":"follow","max-snippet":"max-snippet:-1","max-image-preview":"max-image-preview:large","max-video-preview":"max-video-preview:-1"},"canonical":"https:\/\/truusk.store\/sv\/produkt\/truusk-kattklattervagg-4-delar-klattring-katttrappa-hangmatta-hoppbrada-for-katter-upp-till-5-kg\/","og_locale":"sv_SE","og_type":"article","og_title":"TRUUSK Kattkl\u00e4tterv\u00e4gg 4 Delar - Kl\u00e4ttring - Katttrappa - H\u00e4ngmatta - Hoppbr\u00e4da - F\u00f6r Katter Upp Till 5 Kg - TRUUSK - Hem, Tr\u00e4dg\u00e5rd &amp; Fritid","og_description":"F\u00f6rvandla ditt hem till ett paradis f\u00f6r din katt med detta fyrdelade kattkl\u00e4tterv\u00e4ggset fr\u00e5n TRUUSK! Detta v\u00e4ggkl\u00e4ttertr\u00e4dset ger din innekatt...","og_url":"https:\/\/truusk.store\/sv\/produkt\/truusk-kattklattervagg-4-delar-klattring-katttrappa-hangmatta-hoppbrada-for-katter-upp-till-5-kg\/","og_site_name":"TRUUSK - Hem, Tr\u00e4dg\u00e5rd &amp; Fritid","article_modified_time":"2026-03-12T08:16:06+00:00","og_image":[{"width":2000,"height":2000,"url":"https:\/\/i0.wp.com\/truusk.se\/wp-content\/uploads\/2025\/06\/katt-klattervagg-4-delar-kattklostrad-med-klattring-katttrappa-hangmatta-hoppbrada-vaggklostrad-for-katter-upp-till-5-kg-1.webp?fit=2000%2C2000&ssl=1","type":"image\/webp"}],"twitter_card":"summary_large_image","twitter_misc":{"Ber\u00e4knad l\u00e4stid":"1 minut"},"schema":{"@context":"https:\/\/schema.org","@graph":[{"@type":"WebPage","@id":"https:\/\/truusk.store\/sv\/produkt\/truusk-kattklattervagg-4-delar-klattring-katttrappa-hangmatta-hoppbrada-for-katter-upp-till-5-kg\/","url":"https:\/\/truusk.store\/sv\/produkt\/truusk-kattklattervagg-4-delar-klattring-katttrappa-hangmatta-hoppbrada-for-katter-upp-till-5-kg\/","name":"TRUUSK Kattkl\u00e4tterv\u00e4gg 4 Delar - Kl\u00e4ttring - Katttrappa - H\u00e4ngmatta - Hoppbr\u00e4da - F\u00f6r Katter Upp Till 5 Kg - TRUUSK - Hem, Tr\u00e4dg\u00e5rd &amp; Fritid","isPartOf":{"@id":"https:\/\/truusk.store\/sv\/#website"},"primaryImageOfPage":{"@id":"https:\/\/truusk.store\/sv\/produkt\/truusk-kattklattervagg-4-delar-klattring-katttrappa-hangmatta-hoppbrada-for-katter-upp-till-5-kg\/#primaryimage"},"image":{"@id":"https:\/\/truusk.store\/sv\/produkt\/truusk-kattklattervagg-4-delar-klattring-katttrappa-hangmatta-hoppbrada-for-katter-upp-till-5-kg\/#primaryimage"},"thumbnailUrl":"https:\/\/i0.wp.com\/truusk.store\/wp-content\/uploads\/2025\/06\/katt-klattervagg-4-delar-kattklostrad-med-klattring-katttrappa-hangmatta-hoppbrada-vaggklostrad-for-katter-upp-till-5-kg-1.webp?fit=2000%2C2000&ssl=1","datePublished":"2025-06-05T02:51:37+00:00","dateModified":"2026-03-12T08:16:06+00:00","breadcrumb":{"@id":"https:\/\/truusk.store\/sv\/produkt\/truusk-kattklattervagg-4-delar-klattring-katttrappa-hangmatta-hoppbrada-for-katter-upp-till-5-kg\/#breadcrumb"},"inLanguage":"sv-SE","potentialAction":[{"@type":"ReadAction","target":["https:\/\/truusk.store\/sv\/produkt\/truusk-kattklattervagg-4-delar-klattring-katttrappa-hangmatta-hoppbrada-for-katter-upp-till-5-kg\/"]}]},{"@type":"ImageObject","inLanguage":"sv-SE","@id":"https:\/\/truusk.store\/sv\/produkt\/truusk-kattklattervagg-4-delar-klattring-katttrappa-hangmatta-hoppbrada-for-katter-upp-till-5-kg\/#primaryimage","url":"https:\/\/i0.wp.com\/truusk.store\/wp-content\/uploads\/2025\/06\/katt-klattervagg-4-delar-kattklostrad-med-klattring-katttrappa-hangmatta-hoppbrada-vaggklostrad-for-katter-upp-till-5-kg-1.webp?fit=2000%2C2000&ssl=1","contentUrl":"https:\/\/i0.wp.com\/truusk.store\/wp-content\/uploads\/2025\/06\/katt-klattervagg-4-delar-kattklostrad-med-klattring-katttrappa-hangmatta-hoppbrada-vaggklostrad-for-katter-upp-till-5-kg-1.webp?fit=2000%2C2000&ssl=1","width":2000,"height":2000},{"@type":"BreadcrumbList","@id":"https:\/\/truusk.store\/sv\/produkt\/truusk-kattklattervagg-4-delar-klattring-katttrappa-hangmatta-hoppbrada-for-katter-upp-till-5-kg\/#breadcrumb","itemListElement":[{"@type":"ListItem","position":1,"name":"Home","item":"https:\/\/truusk.store\/sv\/"},{"@type":"ListItem","position":2,"name":"Shop","item":"https:\/\/truusk.store\/shop\/"},{"@type":"ListItem","position":3,"name":"TRUUSK Kattkl\u00e4tterv\u00e4gg 4 Delar &#8211; Kl\u00e4ttring &#8211; Katttrappa &#8211; H\u00e4ngmatta &#8211; Hoppbr\u00e4da &#8211; F\u00f6r Katter Upp Till 5 Kg"}]},{"@type":"WebSite","@id":"https:\/\/truusk.store\/sv\/#website","url":"https:\/\/truusk.store\/sv\/","name":"TRUUSK - Hem, Tr\u00e4dg\u00e5rd & Fritid","description":"","publisher":{"@id":"https:\/\/truusk.store\/sv\/#organization"},"potentialAction":[{"@type":"SearchAction","target":{"@type":"EntryPoint","urlTemplate":"https:\/\/truusk.store\/sv\/?s={search_term_string}"},"query-input":{"@type":"PropertyValueSpecification","valueRequired":true,"valueName":"search_term_string"}}],"inLanguage":"sv-SE"},{"@type":"Organization","@id":"https:\/\/truusk.store\/sv\/#organization","name":"TRUUSK - Hem, Tr\u00e4dg\u00e5rd & Fritid","url":"https:\/\/truusk.store\/sv\/","logo":{"@type":"ImageObject","inLanguage":"sv-SE","@id":"https:\/\/truusk.store\/sv\/#\/schema\/logo\/image\/","url":"https:\/\/i0.wp.com\/truusk.store\/wp-content\/uploads\/2026\/03\/cropped-TRUUSK.png?fit=2032%2C917&ssl=1","contentUrl":"https:\/\/i0.wp.com\/truusk.store\/wp-content\/uploads\/2026\/03\/cropped-TRUUSK.png?fit=2032%2C917&ssl=1","width":2032,"height":917,"caption":"TRUUSK - Hem, Tr\u00e4dg\u00e5rd & Fritid"},"image":{"@id":"https:\/\/truusk.store\/sv\/#\/schema\/logo\/image\/"}}]}},"jetpack_sharing_enabled":true,"_links":{"self":[{"href":"https:\/\/truusk.store\/sv\/wp-json\/wp\/v2\/product\/61109","targetHints":{"allow":["GET"]}}],"collection":[{"href":"https:\/\/truusk.store\/sv\/wp-json\/wp\/v2\/product"}],"about":[{"href":"https:\/\/truusk.store\/sv\/wp-json\/wp\/v2\/types\/product"}],"wp:featuredmedia":[{"embeddable":true,"href":"https:\/\/truusk.store\/sv\/wp-json\/wp\/v2\/media\/61100"}],"wp:attachment":[{"href":"https:\/\/truusk.store\/sv\/wp-json\/wp\/v2\/media?parent=61109"}],"wp:term":[{"taxonomy":"product_brand","embeddable":true,"href":"https:\/\/truusk.store\/sv\/wp-json\/wp\/v2\/product_brand?post=61109"},{"taxonomy":"product_cat","embeddable":true,"href":"https:\/\/truusk.store\/sv\/wp-json\/wp\/v2\/product_cat?post=61109"},{"taxonomy":"product_tag","embeddable":true,"href":"https:\/\/truusk.store\/sv\/wp-json\/wp\/v2\/product_tag?post=61109"}],"curies":[{"name":"wp","href":"https:\/\/api.w.org\/{rel}","templated":true}]}}