{"id":61129,"date":"2025-06-05T03:53:42","date_gmt":"2025-06-05T02:53:42","guid":{"rendered":"https:\/\/truusk.store\/product\/klostrad-1005-cm-hogt-med-kattgrotta-sang-och-katttrappa-sisal-klospelare-och-kuddar-for-sma-katter-natur\/"},"modified":"2026-03-12T09:08:20","modified_gmt":"2026-03-12T08:08:20","slug":"truusk-katttrad-1005-cm-hogt-med-kattgrotta-och-kuddar-sisal-klospelare-for-sma-katter-natur","status":"publish","type":"product","link":"https:\/\/truusk.store\/sv\/produkt\/truusk-katttrad-1005-cm-hogt-med-kattgrotta-och-kuddar-sisal-klospelare-for-sma-katter-natur\/","title":{"rendered":"TRUUSK Katttr\u00e4d 100,5 cm H\u00f6gt &#8211; Med Kattgrotta och Kuddar &#8211; Sisal Kl\u00f6spelare &#8211; F\u00f6r Sm\u00e5 Katter &#8211; Natur"},"content":{"rendered":"<p>Uppt\u00e4ck den ultimata lek- och avkopplingsplatsen f\u00f6r din katt med TRUUSK kl\u00f6str\u00e4d. Detta m\u00e5ngsidiga katttr\u00e4d erbjuder robusta kl\u00f6spelare f\u00f6r klov\u00e5rd och flera niv\u00e5er f\u00f6r sp\u00e4nnande kl\u00e4tter\u00e4ventyr. Din innekatt kan dra sig tillbaka till det mysiga kattboet eller slappna av p\u00e5 den mjuka, vadderade topps\u00e4ngen. Den h\u00e5llbara ramen av sp\u00e5nskivor ger stabilitet och s\u00e4kerhet. Ge din katt ett paradis att leka och koppla av i!<\/p>\n<p>Beskrivning:<\/p>\n<ul>\n<li> Mysigt kattbo och \u00f6versta s\u00e4ngen erbjuder bekv\u00e4ma viloplatser f\u00f6r katter att slappna av och \u00e5terh\u00e4mta sig<\/li>\n<li> Sisal kl\u00f6spelare uppmuntrar katter att kl\u00f6sa och slipa sina klor, vilket skyddar dina m\u00f6bler<\/li>\n<li> Tillverkad av h\u00e5llbara sp\u00e5nskivor f\u00f6r en solid och stabil struktur som beh\u00e5ller sin form under anv\u00e4ndning<\/li>\n<li> Stilfulla f\u00e4rgtoner p\u00e5 katttr\u00e4det sm\u00e4lter s\u00f6ml\u00f6st in i din heminredning<\/li>\n<li> Flera niv\u00e5er av kl\u00f6str\u00e4det erbjuder gott om m\u00f6jligheter att kl\u00e4ttra och lekfullt utforska<\/li>\n<li> Tv\u00e4ttbara kuddar g\u00f6r det enkelt att sk\u00f6ta och h\u00e5lla platsen ren och fr\u00e4sch<\/li>\n<li> L\u00e4mplig f\u00f6r katter med en vikt under 4,5 kg<\/li>\n<li> Montering kr\u00e4vs<\/li>\n<\/ul>\n<p> Tekniska data:<\/p>\n<ul>\n<li> F\u00e4rg: Vit + Natur<\/li>\n<li> Material: Sp\u00e5nskiva, plysch, juncus<\/li>\n<li> M\u00e5tt: 57L x 37B x 100,5H cm<\/li>\n<li> Bas: 57L x 37B cm<\/li>\n<li> Stege: 44L x 19B cm<\/li>\n<li> Andra plattformen: 55L x 30B cm<\/li>\n<li> Hus: 31L x 31B x 29,5H cm<\/li>\n<li> S\u00e4ng: 40L x 40B x 12,5H cm<\/li>\n<li> Huskudde: 33L x 31B cm<\/li>\n<li> S\u00e4ngkudde: \u00d830 cm<\/li>\n<li> Pelardiameter: \u00d89 cm<\/li>\n<\/ul>\n<p> Leverans inneh\u00e5ller:<\/p>\n<ul>\n<li> 1 x Kl\u00f6str\u00e4d<\/li>\n<li> 1 x Instruktioner<\/li>\n<\/ul>\n","protected":false},"excerpt":{"rendered":"<p>Uppt\u00e4ck den ultimata lek- och avkopplingsplatsen f\u00f6r din katt med TRUUSK kl\u00f6str\u00e4d. Detta m\u00e5ngsidiga katttr\u00e4d erbjuder robusta kl\u00f6spelare f\u00f6r klov\u00e5rd&#8230;<\/p>\n","protected":false},"featured_media":61120,"template":"","meta":[],"product_brand":[],"product_cat":[878,588,879],"product_tag":[],"class_list":{"0":"post-61129","1":"product","2":"type-product","3":"status-publish","4":"has-post-thumbnail","6":"product_cat-djurbehov","7":"product_cat-katttillbehor","8":"product_cat-klostrad","10":"first","11":"instock","12":"sale","13":"taxable","14":"shipping-taxable","15":"purchasable","16":"product-type-simple"},"yoast_head":"<!-- This site is optimized with the Yoast SEO plugin v25.4 - https:\/\/yoast.com\/wordpress\/plugins\/seo\/ -->\n<title>TRUUSK Katttr\u00e4d 100,5 cm H\u00f6gt - Med Kattgrotta och Kuddar - Sisal Kl\u00f6spelare - F\u00f6r Sm\u00e5 Katter - Natur - TRUUSK - Hem, Tr\u00e4dg\u00e5rd &amp; Fritid<\/title>\n<meta name=\"robots\" content=\"index, follow, max-snippet:-1, max-image-preview:large, max-video-preview:-1\" \/>\n<link rel=\"canonical\" href=\"https:\/\/truusk.store\/sv\/produkt\/truusk-katttrad-1005-cm-hogt-med-kattgrotta-och-kuddar-sisal-klospelare-for-sma-katter-natur\/\" \/>\n<meta property=\"og:locale\" content=\"sv_SE\" \/>\n<meta property=\"og:type\" content=\"article\" \/>\n<meta property=\"og:title\" content=\"TRUUSK Katttr\u00e4d 100,5 cm H\u00f6gt - Med Kattgrotta och Kuddar - Sisal Kl\u00f6spelare - F\u00f6r Sm\u00e5 Katter - Natur - TRUUSK - Hem, Tr\u00e4dg\u00e5rd &amp; Fritid\" \/>\n<meta property=\"og:description\" content=\"Uppt\u00e4ck den ultimata lek- och avkopplingsplatsen f\u00f6r din katt med TRUUSK kl\u00f6str\u00e4d. Detta m\u00e5ngsidiga katttr\u00e4d erbjuder robusta kl\u00f6spelare f\u00f6r klov\u00e5rd...\" \/>\n<meta property=\"og:url\" content=\"https:\/\/truusk.store\/sv\/produkt\/truusk-katttrad-1005-cm-hogt-med-kattgrotta-och-kuddar-sisal-klospelare-for-sma-katter-natur\/\" \/>\n<meta property=\"og:site_name\" content=\"TRUUSK - Hem, Tr\u00e4dg\u00e5rd &amp; Fritid\" \/>\n<meta property=\"article:modified_time\" content=\"2026-03-12T08:08:20+00:00\" \/>\n<meta property=\"og:image\" content=\"https:\/\/i0.wp.com\/truusk.se\/wp-content\/uploads\/2025\/06\/klostrad-1005-cm-hogt-med-kattgrotta-sang-och-katttrappa-sisal-klospelare-och-kuddar-for-sma-katter-natur-1.webp?fit=2000%2C2000&ssl=1\" \/>\n\t<meta property=\"og:image:width\" content=\"2000\" \/>\n\t<meta property=\"og:image:height\" content=\"2000\" \/>\n\t<meta property=\"og:image:type\" content=\"image\/webp\" \/>\n<meta name=\"twitter:card\" content=\"summary_large_image\" \/>\n<meta name=\"twitter:label1\" content=\"Ber\u00e4knad l\u00e4stid\" \/>\n\t<meta name=\"twitter:data1\" content=\"1 minut\" \/>\n<!-- \/ Yoast SEO plugin. -->","yoast_head_json":{"title":"TRUUSK Katttr\u00e4d 100,5 cm H\u00f6gt - Med Kattgrotta och Kuddar - Sisal Kl\u00f6spelare - F\u00f6r Sm\u00e5 Katter - Natur - TRUUSK - Hem, Tr\u00e4dg\u00e5rd &amp; Fritid","robots":{"index":"index","follow":"follow","max-snippet":"max-snippet:-1","max-image-preview":"max-image-preview:large","max-video-preview":"max-video-preview:-1"},"canonical":"https:\/\/truusk.store\/sv\/produkt\/truusk-katttrad-1005-cm-hogt-med-kattgrotta-och-kuddar-sisal-klospelare-for-sma-katter-natur\/","og_locale":"sv_SE","og_type":"article","og_title":"TRUUSK Katttr\u00e4d 100,5 cm H\u00f6gt - Med Kattgrotta och Kuddar - Sisal Kl\u00f6spelare - F\u00f6r Sm\u00e5 Katter - Natur - TRUUSK - Hem, Tr\u00e4dg\u00e5rd &amp; Fritid","og_description":"Uppt\u00e4ck den ultimata lek- och avkopplingsplatsen f\u00f6r din katt med TRUUSK kl\u00f6str\u00e4d. Detta m\u00e5ngsidiga katttr\u00e4d erbjuder robusta kl\u00f6spelare f\u00f6r klov\u00e5rd...","og_url":"https:\/\/truusk.store\/sv\/produkt\/truusk-katttrad-1005-cm-hogt-med-kattgrotta-och-kuddar-sisal-klospelare-for-sma-katter-natur\/","og_site_name":"TRUUSK - Hem, Tr\u00e4dg\u00e5rd &amp; Fritid","article_modified_time":"2026-03-12T08:08:20+00:00","og_image":[{"width":2000,"height":2000,"url":"https:\/\/i0.wp.com\/truusk.se\/wp-content\/uploads\/2025\/06\/klostrad-1005-cm-hogt-med-kattgrotta-sang-och-katttrappa-sisal-klospelare-och-kuddar-for-sma-katter-natur-1.webp?fit=2000%2C2000&ssl=1","type":"image\/webp"}],"twitter_card":"summary_large_image","twitter_misc":{"Ber\u00e4knad l\u00e4stid":"1 minut"},"schema":{"@context":"https:\/\/schema.org","@graph":[{"@type":"WebPage","@id":"https:\/\/truusk.store\/sv\/produkt\/truusk-katttrad-1005-cm-hogt-med-kattgrotta-och-kuddar-sisal-klospelare-for-sma-katter-natur\/","url":"https:\/\/truusk.store\/sv\/produkt\/truusk-katttrad-1005-cm-hogt-med-kattgrotta-och-kuddar-sisal-klospelare-for-sma-katter-natur\/","name":"TRUUSK Katttr\u00e4d 100,5 cm H\u00f6gt - Med Kattgrotta och Kuddar - Sisal Kl\u00f6spelare - F\u00f6r Sm\u00e5 Katter - Natur - TRUUSK - Hem, Tr\u00e4dg\u00e5rd &amp; Fritid","isPartOf":{"@id":"https:\/\/truusk.store\/sv\/#website"},"primaryImageOfPage":{"@id":"https:\/\/truusk.store\/sv\/produkt\/truusk-katttrad-1005-cm-hogt-med-kattgrotta-och-kuddar-sisal-klospelare-for-sma-katter-natur\/#primaryimage"},"image":{"@id":"https:\/\/truusk.store\/sv\/produkt\/truusk-katttrad-1005-cm-hogt-med-kattgrotta-och-kuddar-sisal-klospelare-for-sma-katter-natur\/#primaryimage"},"thumbnailUrl":"https:\/\/i0.wp.com\/truusk.store\/wp-content\/uploads\/2025\/06\/klostrad-1005-cm-hogt-med-kattgrotta-sang-och-katttrappa-sisal-klospelare-och-kuddar-for-sma-katter-natur-1.webp?fit=2000%2C2000&ssl=1","datePublished":"2025-06-05T02:53:42+00:00","dateModified":"2026-03-12T08:08:20+00:00","breadcrumb":{"@id":"https:\/\/truusk.store\/sv\/produkt\/truusk-katttrad-1005-cm-hogt-med-kattgrotta-och-kuddar-sisal-klospelare-for-sma-katter-natur\/#breadcrumb"},"inLanguage":"sv-SE","potentialAction":[{"@type":"ReadAction","target":["https:\/\/truusk.store\/sv\/produkt\/truusk-katttrad-1005-cm-hogt-med-kattgrotta-och-kuddar-sisal-klospelare-for-sma-katter-natur\/"]}]},{"@type":"ImageObject","inLanguage":"sv-SE","@id":"https:\/\/truusk.store\/sv\/produkt\/truusk-katttrad-1005-cm-hogt-med-kattgrotta-och-kuddar-sisal-klospelare-for-sma-katter-natur\/#primaryimage","url":"https:\/\/i0.wp.com\/truusk.store\/wp-content\/uploads\/2025\/06\/klostrad-1005-cm-hogt-med-kattgrotta-sang-och-katttrappa-sisal-klospelare-och-kuddar-for-sma-katter-natur-1.webp?fit=2000%2C2000&ssl=1","contentUrl":"https:\/\/i0.wp.com\/truusk.store\/wp-content\/uploads\/2025\/06\/klostrad-1005-cm-hogt-med-kattgrotta-sang-och-katttrappa-sisal-klospelare-och-kuddar-for-sma-katter-natur-1.webp?fit=2000%2C2000&ssl=1","width":2000,"height":2000},{"@type":"BreadcrumbList","@id":"https:\/\/truusk.store\/sv\/produkt\/truusk-katttrad-1005-cm-hogt-med-kattgrotta-och-kuddar-sisal-klospelare-for-sma-katter-natur\/#breadcrumb","itemListElement":[{"@type":"ListItem","position":1,"name":"Home","item":"https:\/\/truusk.store\/sv\/"},{"@type":"ListItem","position":2,"name":"Shop","item":"https:\/\/truusk.store\/shop\/"},{"@type":"ListItem","position":3,"name":"TRUUSK Katttr\u00e4d 100,5 cm H\u00f6gt &#8211; Med Kattgrotta och Kuddar &#8211; Sisal Kl\u00f6spelare &#8211; F\u00f6r Sm\u00e5 Katter &#8211; Natur"}]},{"@type":"WebSite","@id":"https:\/\/truusk.store\/sv\/#website","url":"https:\/\/truusk.store\/sv\/","name":"TRUUSK - Hem, Tr\u00e4dg\u00e5rd & Fritid","description":"","publisher":{"@id":"https:\/\/truusk.store\/sv\/#organization"},"potentialAction":[{"@type":"SearchAction","target":{"@type":"EntryPoint","urlTemplate":"https:\/\/truusk.store\/sv\/?s={search_term_string}"},"query-input":{"@type":"PropertyValueSpecification","valueRequired":true,"valueName":"search_term_string"}}],"inLanguage":"sv-SE"},{"@type":"Organization","@id":"https:\/\/truusk.store\/sv\/#organization","name":"TRUUSK - Hem, Tr\u00e4dg\u00e5rd & Fritid","url":"https:\/\/truusk.store\/sv\/","logo":{"@type":"ImageObject","inLanguage":"sv-SE","@id":"https:\/\/truusk.store\/sv\/#\/schema\/logo\/image\/","url":"https:\/\/i0.wp.com\/truusk.store\/wp-content\/uploads\/2026\/03\/cropped-TRUUSK.png?fit=2032%2C917&ssl=1","contentUrl":"https:\/\/i0.wp.com\/truusk.store\/wp-content\/uploads\/2026\/03\/cropped-TRUUSK.png?fit=2032%2C917&ssl=1","width":2032,"height":917,"caption":"TRUUSK - Hem, Tr\u00e4dg\u00e5rd & Fritid"},"image":{"@id":"https:\/\/truusk.store\/sv\/#\/schema\/logo\/image\/"}}]}},"jetpack_sharing_enabled":true,"_links":{"self":[{"href":"https:\/\/truusk.store\/sv\/wp-json\/wp\/v2\/product\/61129","targetHints":{"allow":["GET"]}}],"collection":[{"href":"https:\/\/truusk.store\/sv\/wp-json\/wp\/v2\/product"}],"about":[{"href":"https:\/\/truusk.store\/sv\/wp-json\/wp\/v2\/types\/product"}],"wp:featuredmedia":[{"embeddable":true,"href":"https:\/\/truusk.store\/sv\/wp-json\/wp\/v2\/media\/61120"}],"wp:attachment":[{"href":"https:\/\/truusk.store\/sv\/wp-json\/wp\/v2\/media?parent=61129"}],"wp:term":[{"taxonomy":"product_brand","embeddable":true,"href":"https:\/\/truusk.store\/sv\/wp-json\/wp\/v2\/product_brand?post=61129"},{"taxonomy":"product_cat","embeddable":true,"href":"https:\/\/truusk.store\/sv\/wp-json\/wp\/v2\/product_cat?post=61129"},{"taxonomy":"product_tag","embeddable":true,"href":"https:\/\/truusk.store\/sv\/wp-json\/wp\/v2\/product_tag?post=61129"}],"curies":[{"name":"wp","href":"https:\/\/api.w.org\/{rel}","templated":true}]}}