{"id":61159,"date":"2025-06-05T03:56:31","date_gmt":"2025-06-05T02:56:31","guid":{"rendered":"https:\/\/truusk.store\/product\/sitt-och-fotpall-rund-stoppad-fotstod-med-sittkudde-for-vardagsrum-sovrum-kramvit-o40-x-45-cm\/"},"modified":"2026-03-12T09:41:19","modified_gmt":"2026-03-12T08:41:19","slug":"truusk-sitt-och-fotpall-rund-stoppad-fotstod-med-sittkudde-o40-x-45-cm-kramvit","status":"publish","type":"product","link":"https:\/\/truusk.store\/sv\/produkt\/truusk-sitt-och-fotpall-rund-stoppad-fotstod-med-sittkudde-o40-x-45-cm-kramvit\/","title":{"rendered":"TRUUSK Sitt- Och Fotpall &#8211; Rund Stoppad Fotst\u00f6d &#8211; Med Sittkudde &#8211; \u00d840 X 45 cm &#8211; Kr\u00e4mvit"},"content":{"rendered":"<p>Ge ditt rum en touch av elegans med TRUUSK pall! Denna stilfulla, runda sittplats utm\u00e4rker sig med sin enkla design med rena linjer. Den erbjuder h\u00f6g komfort genom gener\u00f6s stoppning och en mjuk, hudv\u00e4nlig tyg\u00f6verdrag. M\u00e5ngsidigt anv\u00e4ndbar, oavsett om det \u00e4r som fotst\u00f6d eller sittplats, garanterar dess solida st\u00e5lram med golvskydd att dina golv f\u00f6rblir repfria. Idealisk f\u00f6r att s\u00e4tta sig ner eller lyfta upp f\u00f6tterna emellan\u00e5t.<\/p>\n<p>Beskrivning:<\/p>\n<ul>\n<li> Enkel stil med rund form och rena linjer som f\u00f6rb\u00e4ttrar interi\u00f6ren<\/li>\n<li> Tjock skumstoppning och mjukt teddy-fleece\u00f6verdrag p\u00e5 pallen ger komfort<\/li>\n<li> Robust st\u00e5lram p\u00e5 den stoppade pallen garanterar stabilitet<\/li>\n<li> Halkfria f\u00f6tter p\u00e5 pallen f\u00f6rhindrar repor p\u00e5 golvet<\/li>\n<li> L\u00e4tt design g\u00f6r det enkelt att flytta<\/li>\n<li> Ingen montering kr\u00e4vs<\/li>\n<\/ul>\n<p> Tekniska data:<\/p>\n<ul>\n<li> F\u00e4rg: Kr\u00e4mvit<\/li>\n<li> Material: Polyester, skum, st\u00e5l<\/li>\n<li> Totala dimensioner: \u00d840 x 45H cm<\/li>\n<li> Sitt tjocklek: 4 cm<\/li>\n<li> B\u00e4rkapacitet: 120 kg<\/li>\n<\/ul>\n<p> Leveransinneh\u00e5ll:<\/p>\n<ul>\n<li> 1 x Pall<\/li>\n<li> 1 x Handbok<\/li>\n<\/ul>\n","protected":false},"excerpt":{"rendered":"<p>Ge ditt rum en touch av elegans med TRUUSK pall! Denna stilfulla, runda sittplats utm\u00e4rker sig med sin enkla design&#8230;<\/p>\n","protected":false},"featured_media":61150,"template":"","meta":[],"product_brand":[],"product_cat":[871,944,910],"product_tag":[],"class_list":{"0":"post-61159","1":"product","2":"type-product","3":"status-publish","4":"has-post-thumbnail","6":"product_cat-hus-hem","7":"product_cat-pallar-fotpallar","8":"product_cat-vardagsrum","10":"first","11":"instock","12":"sale","13":"taxable","14":"shipping-taxable","15":"purchasable","16":"product-type-simple"},"yoast_head":"<!-- This site is optimized with the Yoast SEO plugin v25.4 - https:\/\/yoast.com\/wordpress\/plugins\/seo\/ -->\n<title>TRUUSK Sitt- Och Fotpall - Rund Stoppad Fotst\u00f6d - Med Sittkudde - \u00d840 X 45 cm - Kr\u00e4mvit - TRUUSK - Hem, Tr\u00e4dg\u00e5rd &amp; Fritid<\/title>\n<meta name=\"robots\" content=\"index, follow, max-snippet:-1, max-image-preview:large, max-video-preview:-1\" \/>\n<link rel=\"canonical\" href=\"https:\/\/truusk.store\/sv\/produkt\/truusk-sitt-och-fotpall-rund-stoppad-fotstod-med-sittkudde-o40-x-45-cm-kramvit\/\" \/>\n<meta property=\"og:locale\" content=\"sv_SE\" \/>\n<meta property=\"og:type\" content=\"article\" \/>\n<meta property=\"og:title\" content=\"TRUUSK Sitt- Och Fotpall - Rund Stoppad Fotst\u00f6d - Med Sittkudde - \u00d840 X 45 cm - Kr\u00e4mvit - TRUUSK - Hem, Tr\u00e4dg\u00e5rd &amp; Fritid\" \/>\n<meta property=\"og:description\" content=\"Ge ditt rum en touch av elegans med TRUUSK pall! Denna stilfulla, runda sittplats utm\u00e4rker sig med sin enkla design...\" \/>\n<meta property=\"og:url\" content=\"https:\/\/truusk.store\/sv\/produkt\/truusk-sitt-och-fotpall-rund-stoppad-fotstod-med-sittkudde-o40-x-45-cm-kramvit\/\" \/>\n<meta property=\"og:site_name\" content=\"TRUUSK - Hem, Tr\u00e4dg\u00e5rd &amp; Fritid\" \/>\n<meta property=\"article:modified_time\" content=\"2026-03-12T08:41:19+00:00\" \/>\n<meta property=\"og:image\" content=\"https:\/\/i0.wp.com\/truusk.se\/wp-content\/uploads\/2025\/06\/sitt-och-fotpall-rund-stoppad-fotstod-med-sittkudde-for-vardagsrum-sovrum-kramvit-o40-x-45-cm-1.webp?fit=2000%2C2000&ssl=1\" \/>\n\t<meta property=\"og:image:width\" content=\"2000\" \/>\n\t<meta property=\"og:image:height\" content=\"2000\" \/>\n\t<meta property=\"og:image:type\" content=\"image\/webp\" \/>\n<meta name=\"twitter:card\" content=\"summary_large_image\" \/>\n<meta name=\"twitter:label1\" content=\"Ber\u00e4knad l\u00e4stid\" \/>\n\t<meta name=\"twitter:data1\" content=\"1 minut\" \/>\n<!-- \/ Yoast SEO plugin. -->","yoast_head_json":{"title":"TRUUSK Sitt- Och Fotpall - Rund Stoppad Fotst\u00f6d - Med Sittkudde - \u00d840 X 45 cm - Kr\u00e4mvit - TRUUSK - Hem, Tr\u00e4dg\u00e5rd &amp; Fritid","robots":{"index":"index","follow":"follow","max-snippet":"max-snippet:-1","max-image-preview":"max-image-preview:large","max-video-preview":"max-video-preview:-1"},"canonical":"https:\/\/truusk.store\/sv\/produkt\/truusk-sitt-och-fotpall-rund-stoppad-fotstod-med-sittkudde-o40-x-45-cm-kramvit\/","og_locale":"sv_SE","og_type":"article","og_title":"TRUUSK Sitt- Och Fotpall - Rund Stoppad Fotst\u00f6d - Med Sittkudde - \u00d840 X 45 cm - Kr\u00e4mvit - TRUUSK - Hem, Tr\u00e4dg\u00e5rd &amp; Fritid","og_description":"Ge ditt rum en touch av elegans med TRUUSK pall! Denna stilfulla, runda sittplats utm\u00e4rker sig med sin enkla design...","og_url":"https:\/\/truusk.store\/sv\/produkt\/truusk-sitt-och-fotpall-rund-stoppad-fotstod-med-sittkudde-o40-x-45-cm-kramvit\/","og_site_name":"TRUUSK - Hem, Tr\u00e4dg\u00e5rd &amp; Fritid","article_modified_time":"2026-03-12T08:41:19+00:00","og_image":[{"width":2000,"height":2000,"url":"https:\/\/i0.wp.com\/truusk.se\/wp-content\/uploads\/2025\/06\/sitt-och-fotpall-rund-stoppad-fotstod-med-sittkudde-for-vardagsrum-sovrum-kramvit-o40-x-45-cm-1.webp?fit=2000%2C2000&ssl=1","type":"image\/webp"}],"twitter_card":"summary_large_image","twitter_misc":{"Ber\u00e4knad l\u00e4stid":"1 minut"},"schema":{"@context":"https:\/\/schema.org","@graph":[{"@type":"WebPage","@id":"https:\/\/truusk.store\/sv\/produkt\/truusk-sitt-och-fotpall-rund-stoppad-fotstod-med-sittkudde-o40-x-45-cm-kramvit\/","url":"https:\/\/truusk.store\/sv\/produkt\/truusk-sitt-och-fotpall-rund-stoppad-fotstod-med-sittkudde-o40-x-45-cm-kramvit\/","name":"TRUUSK Sitt- Och Fotpall - Rund Stoppad Fotst\u00f6d - Med Sittkudde - \u00d840 X 45 cm - Kr\u00e4mvit - TRUUSK - Hem, Tr\u00e4dg\u00e5rd &amp; Fritid","isPartOf":{"@id":"https:\/\/truusk.store\/sv\/#website"},"primaryImageOfPage":{"@id":"https:\/\/truusk.store\/sv\/produkt\/truusk-sitt-och-fotpall-rund-stoppad-fotstod-med-sittkudde-o40-x-45-cm-kramvit\/#primaryimage"},"image":{"@id":"https:\/\/truusk.store\/sv\/produkt\/truusk-sitt-och-fotpall-rund-stoppad-fotstod-med-sittkudde-o40-x-45-cm-kramvit\/#primaryimage"},"thumbnailUrl":"https:\/\/i0.wp.com\/truusk.store\/wp-content\/uploads\/2025\/06\/sitt-och-fotpall-rund-stoppad-fotstod-med-sittkudde-for-vardagsrum-sovrum-kramvit-o40-x-45-cm-1.webp?fit=2000%2C2000&ssl=1","datePublished":"2025-06-05T02:56:31+00:00","dateModified":"2026-03-12T08:41:19+00:00","breadcrumb":{"@id":"https:\/\/truusk.store\/sv\/produkt\/truusk-sitt-och-fotpall-rund-stoppad-fotstod-med-sittkudde-o40-x-45-cm-kramvit\/#breadcrumb"},"inLanguage":"sv-SE","potentialAction":[{"@type":"ReadAction","target":["https:\/\/truusk.store\/sv\/produkt\/truusk-sitt-och-fotpall-rund-stoppad-fotstod-med-sittkudde-o40-x-45-cm-kramvit\/"]}]},{"@type":"ImageObject","inLanguage":"sv-SE","@id":"https:\/\/truusk.store\/sv\/produkt\/truusk-sitt-och-fotpall-rund-stoppad-fotstod-med-sittkudde-o40-x-45-cm-kramvit\/#primaryimage","url":"https:\/\/i0.wp.com\/truusk.store\/wp-content\/uploads\/2025\/06\/sitt-och-fotpall-rund-stoppad-fotstod-med-sittkudde-for-vardagsrum-sovrum-kramvit-o40-x-45-cm-1.webp?fit=2000%2C2000&ssl=1","contentUrl":"https:\/\/i0.wp.com\/truusk.store\/wp-content\/uploads\/2025\/06\/sitt-och-fotpall-rund-stoppad-fotstod-med-sittkudde-for-vardagsrum-sovrum-kramvit-o40-x-45-cm-1.webp?fit=2000%2C2000&ssl=1","width":2000,"height":2000},{"@type":"BreadcrumbList","@id":"https:\/\/truusk.store\/sv\/produkt\/truusk-sitt-och-fotpall-rund-stoppad-fotstod-med-sittkudde-o40-x-45-cm-kramvit\/#breadcrumb","itemListElement":[{"@type":"ListItem","position":1,"name":"Home","item":"https:\/\/truusk.store\/sv\/"},{"@type":"ListItem","position":2,"name":"Shop","item":"https:\/\/truusk.store\/shop\/"},{"@type":"ListItem","position":3,"name":"TRUUSK Sitt- Och Fotpall &#8211; Rund Stoppad Fotst\u00f6d &#8211; Med Sittkudde &#8211; \u00d840 X 45 cm &#8211; Kr\u00e4mvit"}]},{"@type":"WebSite","@id":"https:\/\/truusk.store\/sv\/#website","url":"https:\/\/truusk.store\/sv\/","name":"TRUUSK - Hem, Tr\u00e4dg\u00e5rd & Fritid","description":"","publisher":{"@id":"https:\/\/truusk.store\/sv\/#organization"},"potentialAction":[{"@type":"SearchAction","target":{"@type":"EntryPoint","urlTemplate":"https:\/\/truusk.store\/sv\/?s={search_term_string}"},"query-input":{"@type":"PropertyValueSpecification","valueRequired":true,"valueName":"search_term_string"}}],"inLanguage":"sv-SE"},{"@type":"Organization","@id":"https:\/\/truusk.store\/sv\/#organization","name":"TRUUSK - Hem, Tr\u00e4dg\u00e5rd & Fritid","url":"https:\/\/truusk.store\/sv\/","logo":{"@type":"ImageObject","inLanguage":"sv-SE","@id":"https:\/\/truusk.store\/sv\/#\/schema\/logo\/image\/","url":"https:\/\/i0.wp.com\/truusk.store\/wp-content\/uploads\/2026\/03\/cropped-TRUUSK.png?fit=2032%2C917&ssl=1","contentUrl":"https:\/\/i0.wp.com\/truusk.store\/wp-content\/uploads\/2026\/03\/cropped-TRUUSK.png?fit=2032%2C917&ssl=1","width":2032,"height":917,"caption":"TRUUSK - Hem, Tr\u00e4dg\u00e5rd & Fritid"},"image":{"@id":"https:\/\/truusk.store\/sv\/#\/schema\/logo\/image\/"}}]}},"jetpack_sharing_enabled":true,"_links":{"self":[{"href":"https:\/\/truusk.store\/sv\/wp-json\/wp\/v2\/product\/61159","targetHints":{"allow":["GET"]}}],"collection":[{"href":"https:\/\/truusk.store\/sv\/wp-json\/wp\/v2\/product"}],"about":[{"href":"https:\/\/truusk.store\/sv\/wp-json\/wp\/v2\/types\/product"}],"wp:featuredmedia":[{"embeddable":true,"href":"https:\/\/truusk.store\/sv\/wp-json\/wp\/v2\/media\/61150"}],"wp:attachment":[{"href":"https:\/\/truusk.store\/sv\/wp-json\/wp\/v2\/media?parent=61159"}],"wp:term":[{"taxonomy":"product_brand","embeddable":true,"href":"https:\/\/truusk.store\/sv\/wp-json\/wp\/v2\/product_brand?post=61159"},{"taxonomy":"product_cat","embeddable":true,"href":"https:\/\/truusk.store\/sv\/wp-json\/wp\/v2\/product_cat?post=61159"},{"taxonomy":"product_tag","embeddable":true,"href":"https:\/\/truusk.store\/sv\/wp-json\/wp\/v2\/product_tag?post=61159"}],"curies":[{"name":"wp","href":"https:\/\/api.w.org\/{rel}","templated":true}]}}