{"id":61209,"date":"2025-06-05T04:01:49","date_gmt":"2025-06-05T03:01:49","guid":{"rendered":"https:\/\/truusk.store\/product\/liten-klostrad-med-massage-och-klospanel-gra-kattklostrad-for-kattalskare-stabil-och-utrymmesbesparande\/"},"modified":"2026-03-12T09:09:32","modified_gmt":"2026-03-12T08:09:32","slug":"truusk-liten-klostrad-med-massage-och-klospanel-gra-kattklostrad-for-kattalskare-stabil-och-utrymmesbesparande","status":"publish","type":"product","link":"https:\/\/truusk.store\/sv\/produkt\/truusk-liten-klostrad-med-massage-och-klospanel-gra-kattklostrad-for-kattalskare-stabil-och-utrymmesbesparande\/","title":{"rendered":"TRUUSK Liten Kl\u00f6str\u00e4d med Massage- och Kl\u00f6spanel &#8211; Gr\u00e5 Kattkl\u00f6str\u00e4d f\u00f6r Katt\u00e4lskare &#8211; Stabil och Utrymmesbesparande"},"content":{"rendered":"<p>Uppfyll din katts naturliga instinkter p\u00e5 ett s\u00e4kert och stilfullt s\u00e4tt med TRUUSK kl\u00f6str\u00e4d! Detta kompakta kl\u00f6str\u00e4d erbjuder en skrapplatta f\u00f6r massage, en h\u00e4ngande bollklocka och en jutepelare f\u00f6r o\u00e4ndligt mycket lek. Kattkl\u00f6str\u00e4det skyddar dina m\u00f6bler och mattor medan din katt f\u00e5r utlopp f\u00f6r sin kl\u00f6s- och kl\u00e4tterlust. Ett m\u00e5ste f\u00f6r varje katt\u00e4lskare som v\u00e4rdes\u00e4tter kvalitet och design. Ge din katt den ultimata kl\u00f6s-upplevelsen!<\/p>\n<p>Beskrivning:<\/p>\n<ul>\n<li> Jute\u00f6verdraget p\u00e5 kl\u00f6str\u00e4det tillfredsst\u00e4ller din katts naturliga instinkter och skyddar dina m\u00f6bler<\/li>\n<li> Tillverkad av E1-sp\u00e5nskivor<\/li>\n<li> H\u00e4ngande boll med klocka p\u00e5 katttr\u00e4det f\u00f6r lek och skrapbr\u00e4da f\u00f6r massage<\/li>\n<li> Klassiskt f\u00e4rgschema p\u00e5 kl\u00f6str\u00e4det sm\u00e4lter s\u00f6ml\u00f6st in i din befintliga inredning<\/li>\n<li> L\u00e4mplig f\u00f6r katter som v\u00e4ger mindre \u00e4n 4,5 kg<\/li>\n<li> Montering kr\u00e4vs<\/li>\n<\/ul>\n<p> Tekniska data:<\/p>\n<ul>\n<li> F\u00e4rg: Gr\u00e5<\/li>\n<li> Material: Sp\u00e5nskiva, jute, polyester<\/li>\n<li> Totala dimensioner: 34L x 24B x 43H cm<\/li>\n<li> Dimensioner p\u00e5 skrapmattan: 40L x 11B cm<\/li>\n<li> H\u00f6jd p\u00e5 jutepelaren: 20 cm<\/li>\n<li> Diameter p\u00e5 pelaren: 7 cm<\/li>\n<li> Dimensioner p\u00e5 bollen: \u00d84 x 14L cm<\/li>\n<\/ul>\n<p> Leverans inneh\u00e5ller:<\/p>\n<ul>\n<li> 1 x kl\u00f6str\u00e4d f\u00f6r katter<\/li>\n<li> 1 x instruktioner<\/li>\n<\/ul>\n","protected":false},"excerpt":{"rendered":"<p>Uppfyll din katts naturliga instinkter p\u00e5 ett s\u00e4kert och stilfullt s\u00e4tt med TRUUSK kl\u00f6str\u00e4d! Detta kompakta kl\u00f6str\u00e4d erbjuder en skrapplatta&#8230;<\/p>\n","protected":false},"featured_media":61200,"template":"","meta":[],"product_brand":[],"product_cat":[895,588,879],"product_tag":[],"class_list":{"0":"post-61209","1":"product","2":"type-product","3":"status-publish","4":"has-post-thumbnail","6":"product_cat-djurutrustning","7":"product_cat-katttillbehor","8":"product_cat-klostrad","10":"first","11":"instock","12":"sale","13":"taxable","14":"shipping-taxable","15":"purchasable","16":"product-type-simple"},"yoast_head":"<!-- This site is optimized with the Yoast SEO plugin v25.4 - https:\/\/yoast.com\/wordpress\/plugins\/seo\/ -->\n<title>TRUUSK Liten Kl\u00f6str\u00e4d med Massage- och Kl\u00f6spanel - Gr\u00e5 Kattkl\u00f6str\u00e4d f\u00f6r Katt\u00e4lskare - Stabil och Utrymmesbesparande - TRUUSK - Hem, Tr\u00e4dg\u00e5rd &amp; Fritid<\/title>\n<meta name=\"robots\" content=\"index, follow, max-snippet:-1, max-image-preview:large, max-video-preview:-1\" \/>\n<link rel=\"canonical\" href=\"https:\/\/truusk.store\/sv\/produkt\/truusk-liten-klostrad-med-massage-och-klospanel-gra-kattklostrad-for-kattalskare-stabil-och-utrymmesbesparande\/\" \/>\n<meta property=\"og:locale\" content=\"sv_SE\" \/>\n<meta property=\"og:type\" content=\"article\" \/>\n<meta property=\"og:title\" content=\"TRUUSK Liten Kl\u00f6str\u00e4d med Massage- och Kl\u00f6spanel - Gr\u00e5 Kattkl\u00f6str\u00e4d f\u00f6r Katt\u00e4lskare - Stabil och Utrymmesbesparande - TRUUSK - Hem, Tr\u00e4dg\u00e5rd &amp; Fritid\" \/>\n<meta property=\"og:description\" content=\"Uppfyll din katts naturliga instinkter p\u00e5 ett s\u00e4kert och stilfullt s\u00e4tt med TRUUSK kl\u00f6str\u00e4d! Detta kompakta kl\u00f6str\u00e4d erbjuder en skrapplatta...\" \/>\n<meta property=\"og:url\" content=\"https:\/\/truusk.store\/sv\/produkt\/truusk-liten-klostrad-med-massage-och-klospanel-gra-kattklostrad-for-kattalskare-stabil-och-utrymmesbesparande\/\" \/>\n<meta property=\"og:site_name\" content=\"TRUUSK - Hem, Tr\u00e4dg\u00e5rd &amp; Fritid\" \/>\n<meta property=\"article:modified_time\" content=\"2026-03-12T08:09:32+00:00\" \/>\n<meta property=\"og:image\" content=\"https:\/\/i0.wp.com\/truusk.se\/wp-content\/uploads\/2025\/06\/liten-klostrad-med-massage-och-klospanel-gra-kattklostrad-for-kattalskare-stabil-och-utrymmesbesparande-1.webp?fit=2000%2C2000&ssl=1\" \/>\n\t<meta property=\"og:image:width\" content=\"2000\" \/>\n\t<meta property=\"og:image:height\" content=\"2000\" \/>\n\t<meta property=\"og:image:type\" content=\"image\/webp\" \/>\n<meta name=\"twitter:card\" content=\"summary_large_image\" \/>\n<meta name=\"twitter:label1\" content=\"Ber\u00e4knad l\u00e4stid\" \/>\n\t<meta name=\"twitter:data1\" content=\"1 minut\" \/>\n<!-- \/ Yoast SEO plugin. -->","yoast_head_json":{"title":"TRUUSK Liten Kl\u00f6str\u00e4d med Massage- och Kl\u00f6spanel - Gr\u00e5 Kattkl\u00f6str\u00e4d f\u00f6r Katt\u00e4lskare - Stabil och Utrymmesbesparande - TRUUSK - Hem, Tr\u00e4dg\u00e5rd &amp; Fritid","robots":{"index":"index","follow":"follow","max-snippet":"max-snippet:-1","max-image-preview":"max-image-preview:large","max-video-preview":"max-video-preview:-1"},"canonical":"https:\/\/truusk.store\/sv\/produkt\/truusk-liten-klostrad-med-massage-och-klospanel-gra-kattklostrad-for-kattalskare-stabil-och-utrymmesbesparande\/","og_locale":"sv_SE","og_type":"article","og_title":"TRUUSK Liten Kl\u00f6str\u00e4d med Massage- och Kl\u00f6spanel - Gr\u00e5 Kattkl\u00f6str\u00e4d f\u00f6r Katt\u00e4lskare - Stabil och Utrymmesbesparande - TRUUSK - Hem, Tr\u00e4dg\u00e5rd &amp; Fritid","og_description":"Uppfyll din katts naturliga instinkter p\u00e5 ett s\u00e4kert och stilfullt s\u00e4tt med TRUUSK kl\u00f6str\u00e4d! Detta kompakta kl\u00f6str\u00e4d erbjuder en skrapplatta...","og_url":"https:\/\/truusk.store\/sv\/produkt\/truusk-liten-klostrad-med-massage-och-klospanel-gra-kattklostrad-for-kattalskare-stabil-och-utrymmesbesparande\/","og_site_name":"TRUUSK - Hem, Tr\u00e4dg\u00e5rd &amp; Fritid","article_modified_time":"2026-03-12T08:09:32+00:00","og_image":[{"width":2000,"height":2000,"url":"https:\/\/i0.wp.com\/truusk.se\/wp-content\/uploads\/2025\/06\/liten-klostrad-med-massage-och-klospanel-gra-kattklostrad-for-kattalskare-stabil-och-utrymmesbesparande-1.webp?fit=2000%2C2000&ssl=1","type":"image\/webp"}],"twitter_card":"summary_large_image","twitter_misc":{"Ber\u00e4knad l\u00e4stid":"1 minut"},"schema":{"@context":"https:\/\/schema.org","@graph":[{"@type":"WebPage","@id":"https:\/\/truusk.store\/sv\/produkt\/truusk-liten-klostrad-med-massage-och-klospanel-gra-kattklostrad-for-kattalskare-stabil-och-utrymmesbesparande\/","url":"https:\/\/truusk.store\/sv\/produkt\/truusk-liten-klostrad-med-massage-och-klospanel-gra-kattklostrad-for-kattalskare-stabil-och-utrymmesbesparande\/","name":"TRUUSK Liten Kl\u00f6str\u00e4d med Massage- och Kl\u00f6spanel - Gr\u00e5 Kattkl\u00f6str\u00e4d f\u00f6r Katt\u00e4lskare - Stabil och Utrymmesbesparande - TRUUSK - Hem, Tr\u00e4dg\u00e5rd &amp; Fritid","isPartOf":{"@id":"https:\/\/truusk.store\/sv\/#website"},"primaryImageOfPage":{"@id":"https:\/\/truusk.store\/sv\/produkt\/truusk-liten-klostrad-med-massage-och-klospanel-gra-kattklostrad-for-kattalskare-stabil-och-utrymmesbesparande\/#primaryimage"},"image":{"@id":"https:\/\/truusk.store\/sv\/produkt\/truusk-liten-klostrad-med-massage-och-klospanel-gra-kattklostrad-for-kattalskare-stabil-och-utrymmesbesparande\/#primaryimage"},"thumbnailUrl":"https:\/\/i0.wp.com\/truusk.store\/wp-content\/uploads\/2025\/06\/liten-klostrad-med-massage-och-klospanel-gra-kattklostrad-for-kattalskare-stabil-och-utrymmesbesparande-1.webp?fit=2000%2C2000&ssl=1","datePublished":"2025-06-05T03:01:49+00:00","dateModified":"2026-03-12T08:09:32+00:00","breadcrumb":{"@id":"https:\/\/truusk.store\/sv\/produkt\/truusk-liten-klostrad-med-massage-och-klospanel-gra-kattklostrad-for-kattalskare-stabil-och-utrymmesbesparande\/#breadcrumb"},"inLanguage":"sv-SE","potentialAction":[{"@type":"ReadAction","target":["https:\/\/truusk.store\/sv\/produkt\/truusk-liten-klostrad-med-massage-och-klospanel-gra-kattklostrad-for-kattalskare-stabil-och-utrymmesbesparande\/"]}]},{"@type":"ImageObject","inLanguage":"sv-SE","@id":"https:\/\/truusk.store\/sv\/produkt\/truusk-liten-klostrad-med-massage-och-klospanel-gra-kattklostrad-for-kattalskare-stabil-och-utrymmesbesparande\/#primaryimage","url":"https:\/\/i0.wp.com\/truusk.store\/wp-content\/uploads\/2025\/06\/liten-klostrad-med-massage-och-klospanel-gra-kattklostrad-for-kattalskare-stabil-och-utrymmesbesparande-1.webp?fit=2000%2C2000&ssl=1","contentUrl":"https:\/\/i0.wp.com\/truusk.store\/wp-content\/uploads\/2025\/06\/liten-klostrad-med-massage-och-klospanel-gra-kattklostrad-for-kattalskare-stabil-och-utrymmesbesparande-1.webp?fit=2000%2C2000&ssl=1","width":2000,"height":2000},{"@type":"BreadcrumbList","@id":"https:\/\/truusk.store\/sv\/produkt\/truusk-liten-klostrad-med-massage-och-klospanel-gra-kattklostrad-for-kattalskare-stabil-och-utrymmesbesparande\/#breadcrumb","itemListElement":[{"@type":"ListItem","position":1,"name":"Home","item":"https:\/\/truusk.store\/sv\/"},{"@type":"ListItem","position":2,"name":"Shop","item":"https:\/\/truusk.store\/shop\/"},{"@type":"ListItem","position":3,"name":"TRUUSK Liten Kl\u00f6str\u00e4d med Massage- och Kl\u00f6spanel &#8211; Gr\u00e5 Kattkl\u00f6str\u00e4d f\u00f6r Katt\u00e4lskare &#8211; Stabil och Utrymmesbesparande"}]},{"@type":"WebSite","@id":"https:\/\/truusk.store\/sv\/#website","url":"https:\/\/truusk.store\/sv\/","name":"TRUUSK - Hem, Tr\u00e4dg\u00e5rd & Fritid","description":"","publisher":{"@id":"https:\/\/truusk.store\/sv\/#organization"},"potentialAction":[{"@type":"SearchAction","target":{"@type":"EntryPoint","urlTemplate":"https:\/\/truusk.store\/sv\/?s={search_term_string}"},"query-input":{"@type":"PropertyValueSpecification","valueRequired":true,"valueName":"search_term_string"}}],"inLanguage":"sv-SE"},{"@type":"Organization","@id":"https:\/\/truusk.store\/sv\/#organization","name":"TRUUSK - Hem, Tr\u00e4dg\u00e5rd & Fritid","url":"https:\/\/truusk.store\/sv\/","logo":{"@type":"ImageObject","inLanguage":"sv-SE","@id":"https:\/\/truusk.store\/sv\/#\/schema\/logo\/image\/","url":"https:\/\/i0.wp.com\/truusk.store\/wp-content\/uploads\/2026\/03\/cropped-TRUUSK.png?fit=2032%2C917&ssl=1","contentUrl":"https:\/\/i0.wp.com\/truusk.store\/wp-content\/uploads\/2026\/03\/cropped-TRUUSK.png?fit=2032%2C917&ssl=1","width":2032,"height":917,"caption":"TRUUSK - Hem, Tr\u00e4dg\u00e5rd & Fritid"},"image":{"@id":"https:\/\/truusk.store\/sv\/#\/schema\/logo\/image\/"}}]}},"jetpack_sharing_enabled":true,"_links":{"self":[{"href":"https:\/\/truusk.store\/sv\/wp-json\/wp\/v2\/product\/61209","targetHints":{"allow":["GET"]}}],"collection":[{"href":"https:\/\/truusk.store\/sv\/wp-json\/wp\/v2\/product"}],"about":[{"href":"https:\/\/truusk.store\/sv\/wp-json\/wp\/v2\/types\/product"}],"wp:featuredmedia":[{"embeddable":true,"href":"https:\/\/truusk.store\/sv\/wp-json\/wp\/v2\/media\/61200"}],"wp:attachment":[{"href":"https:\/\/truusk.store\/sv\/wp-json\/wp\/v2\/media?parent=61209"}],"wp:term":[{"taxonomy":"product_brand","embeddable":true,"href":"https:\/\/truusk.store\/sv\/wp-json\/wp\/v2\/product_brand?post=61209"},{"taxonomy":"product_cat","embeddable":true,"href":"https:\/\/truusk.store\/sv\/wp-json\/wp\/v2\/product_cat?post=61209"},{"taxonomy":"product_tag","embeddable":true,"href":"https:\/\/truusk.store\/sv\/wp-json\/wp\/v2\/product_tag?post=61209"}],"curies":[{"name":"wp","href":"https:\/\/api.w.org\/{rel}","templated":true}]}}