{"id":61229,"date":"2025-06-05T04:03:39","date_gmt":"2025-06-05T03:03:39","guid":{"rendered":"https:\/\/truusk.store\/product\/aiyaplay-glassbar-barn-traleksak-med-koksutrustning-glassbutik-for-2-5-ar-fargglad-och-kreativ-perfekt-for-lek-och-skoj\/"},"modified":"2026-03-12T09:41:25","modified_gmt":"2026-03-12T08:41:25","slug":"truusk-glassbar-leksak-for-barn-fargglad-koksutrustning-perfekt-for-lek-och-skoj-for-barn-2-5-ar-kreativ-och-rolig","status":"publish","type":"product","link":"https:\/\/truusk.store\/sv\/produkt\/truusk-glassbar-leksak-for-barn-fargglad-koksutrustning-perfekt-for-lek-och-skoj-for-barn-2-5-ar-kreativ-och-rolig\/","title":{"rendered":"TRUUSK Glassbar Leksak F\u00f6r Barn &#8211; F\u00e4rgglad K\u00f6ksutrustning &#8211; Perfekt F\u00f6r Lek Och Skoj &#8211; F\u00f6r Barn 2-5 \u00e5r &#8211; Kreativ Och Rolig"},"content":{"rendered":"<p>Uppt\u00e4ck en v\u00e4rld av s\u00f6ta n\u00f6jen med AIYAPLAY isglass tr\u00e4leksak! Detta set, fyllt med en m\u00e4ngd glassar, godis och skedar, l\u00e5ter barn skapa sina egna shopping-scenarier och hj\u00e4lper till att l\u00e4ra dem att k\u00f6pa, handla och spara p\u00e5 ett lekfullt s\u00e4tt. Tillverkad av barnv\u00e4nliga material med rundade h\u00f6rn, \u00e4r glassbutiken den perfekta g\u00e5van f\u00f6r sm\u00e5 uppt\u00e4ckare i \u00e5ldern tv\u00e5 till fem \u00e5r. Ge ditt barn o\u00e4ndligt med lekgl\u00e4dje!<\/p>\n<p>Beskrivning:<\/p>\n<ul>\n<li> Omfattande tillbeh\u00f6r till glassbutiken f\u00f6r varierande lekgl\u00e4dje<\/li>\n<li> Inklusive glassar, godis och skedar f\u00f6r realistiskt spel<\/li>\n<li> Simulerar verkliga vardagsscenarier och fr\u00e4mjar fantasin<\/li>\n<li> Idealisk f\u00f6r gemensamt spel mellan barn och f\u00f6r\u00e4ldrar<\/li>\n<li> En fantastisk present f\u00f6r barn i \u00e5ldern 2 till 5 \u00e5r, kommer i en presentf\u00f6rpackning<\/li>\n<li> Tillverkad av barnv\u00e4nliga material som MDF med rundade h\u00f6rn<\/li>\n<li> Montering av isglass tr\u00e4leksaken fr\u00e4mjar barnens motoriska f\u00e4rdigheter och probleml\u00f6sningsf\u00f6rm\u00e5ga<\/li>\n<\/ul>\n<p>Tekniska data:<\/p>\n<ul>\n<li> F\u00e4rg: Ljusbl\u00e5<\/li>\n<li> Material: MDF, flerskiktsplatta, gummitr\u00e4<\/li>\n<li> Totala m\u00e5tt: 42L x 20B x 24,5H cm<\/li>\n<li> F\u00f6rvaringsutrymme: 27,5\/12B x 10T x 8,2H cm<\/li>\n<li> Glasshylla: 14B x 5,5T cm<\/li>\n<li> L\u00e4mplig \u00e5lder: 2-5 \u00e5r<\/li>\n<li> Kvalificerad \u00e5lder: \u00d6ver 24 m\u00e5nader<\/li>\n<li> Presentf\u00f6rpackning: 41L x 27B x 12H cm<\/li>\n<\/ul>\n<p>Leverans:<\/p>\n<ul>\n<li> 1 x Barnk\u00f6ksspelset<\/li>\n<li> 1 x Instruktioner<\/li>\n<\/ul>\n","protected":false},"excerpt":{"rendered":"<p>Uppt\u00e4ck en v\u00e4rld av s\u00f6ta n\u00f6jen med AIYAPLAY isglass tr\u00e4leksak! Detta set, fyllt med en m\u00e4ngd glassar, godis och skedar,&#8230;<\/p>\n","protected":false},"featured_media":61220,"template":"","meta":[],"product_brand":[],"product_cat":[880,626,918],"product_tag":[],"class_list":{"0":"post-61229","1":"product","2":"type-product","3":"status-publish","4":"has-post-thumbnail","6":"product_cat-baby-barn-2","7":"product_cat-barns-rollspel","8":"product_cat-leksaker","10":"first","11":"instock","12":"sale","13":"taxable","14":"shipping-taxable","15":"purchasable","16":"product-type-simple"},"yoast_head":"<!-- This site is optimized with the Yoast SEO plugin v25.4 - https:\/\/yoast.com\/wordpress\/plugins\/seo\/ -->\n<title>TRUUSK Glassbar Leksak F\u00f6r Barn - F\u00e4rgglad K\u00f6ksutrustning - Perfekt F\u00f6r Lek Och Skoj - F\u00f6r Barn 2-5 \u00e5r - Kreativ Och Rolig - TRUUSK - Hem, Tr\u00e4dg\u00e5rd &amp; Fritid<\/title>\n<meta name=\"robots\" content=\"index, follow, max-snippet:-1, max-image-preview:large, max-video-preview:-1\" \/>\n<link rel=\"canonical\" href=\"https:\/\/truusk.store\/sv\/produkt\/truusk-glassbar-leksak-for-barn-fargglad-koksutrustning-perfekt-for-lek-och-skoj-for-barn-2-5-ar-kreativ-och-rolig\/\" \/>\n<meta property=\"og:locale\" content=\"sv_SE\" \/>\n<meta property=\"og:type\" content=\"article\" \/>\n<meta property=\"og:title\" content=\"TRUUSK Glassbar Leksak F\u00f6r Barn - F\u00e4rgglad K\u00f6ksutrustning - Perfekt F\u00f6r Lek Och Skoj - F\u00f6r Barn 2-5 \u00e5r - Kreativ Och Rolig - TRUUSK - Hem, Tr\u00e4dg\u00e5rd &amp; Fritid\" \/>\n<meta property=\"og:description\" content=\"Uppt\u00e4ck en v\u00e4rld av s\u00f6ta n\u00f6jen med AIYAPLAY isglass tr\u00e4leksak! Detta set, fyllt med en m\u00e4ngd glassar, godis och skedar,...\" \/>\n<meta property=\"og:url\" content=\"https:\/\/truusk.store\/sv\/produkt\/truusk-glassbar-leksak-for-barn-fargglad-koksutrustning-perfekt-for-lek-och-skoj-for-barn-2-5-ar-kreativ-och-rolig\/\" \/>\n<meta property=\"og:site_name\" content=\"TRUUSK - Hem, Tr\u00e4dg\u00e5rd &amp; Fritid\" \/>\n<meta property=\"article:modified_time\" content=\"2026-03-12T08:41:25+00:00\" \/>\n<meta property=\"og:image\" content=\"https:\/\/i0.wp.com\/truusk.se\/wp-content\/uploads\/2025\/06\/aiyaplay-glassbar-barn-traleksak-med-koksutrustning-glassbutik-for-2-5-ar-fargglad-och-kreativ-perfekt-for-lek-och-skoj-1.webp?fit=2000%2C2000&ssl=1\" \/>\n\t<meta property=\"og:image:width\" content=\"2000\" \/>\n\t<meta property=\"og:image:height\" content=\"2000\" \/>\n\t<meta property=\"og:image:type\" content=\"image\/webp\" \/>\n<meta name=\"twitter:card\" content=\"summary_large_image\" \/>\n<meta name=\"twitter:label1\" content=\"Ber\u00e4knad l\u00e4stid\" \/>\n\t<meta name=\"twitter:data1\" content=\"1 minut\" \/>\n<!-- \/ Yoast SEO plugin. -->","yoast_head_json":{"title":"TRUUSK Glassbar Leksak F\u00f6r Barn - F\u00e4rgglad K\u00f6ksutrustning - Perfekt F\u00f6r Lek Och Skoj - F\u00f6r Barn 2-5 \u00e5r - Kreativ Och Rolig - TRUUSK - Hem, Tr\u00e4dg\u00e5rd &amp; Fritid","robots":{"index":"index","follow":"follow","max-snippet":"max-snippet:-1","max-image-preview":"max-image-preview:large","max-video-preview":"max-video-preview:-1"},"canonical":"https:\/\/truusk.store\/sv\/produkt\/truusk-glassbar-leksak-for-barn-fargglad-koksutrustning-perfekt-for-lek-och-skoj-for-barn-2-5-ar-kreativ-och-rolig\/","og_locale":"sv_SE","og_type":"article","og_title":"TRUUSK Glassbar Leksak F\u00f6r Barn - F\u00e4rgglad K\u00f6ksutrustning - Perfekt F\u00f6r Lek Och Skoj - F\u00f6r Barn 2-5 \u00e5r - Kreativ Och Rolig - TRUUSK - Hem, Tr\u00e4dg\u00e5rd &amp; Fritid","og_description":"Uppt\u00e4ck en v\u00e4rld av s\u00f6ta n\u00f6jen med AIYAPLAY isglass tr\u00e4leksak! Detta set, fyllt med en m\u00e4ngd glassar, godis och skedar,...","og_url":"https:\/\/truusk.store\/sv\/produkt\/truusk-glassbar-leksak-for-barn-fargglad-koksutrustning-perfekt-for-lek-och-skoj-for-barn-2-5-ar-kreativ-och-rolig\/","og_site_name":"TRUUSK - Hem, Tr\u00e4dg\u00e5rd &amp; Fritid","article_modified_time":"2026-03-12T08:41:25+00:00","og_image":[{"width":2000,"height":2000,"url":"https:\/\/i0.wp.com\/truusk.se\/wp-content\/uploads\/2025\/06\/aiyaplay-glassbar-barn-traleksak-med-koksutrustning-glassbutik-for-2-5-ar-fargglad-och-kreativ-perfekt-for-lek-och-skoj-1.webp?fit=2000%2C2000&ssl=1","type":"image\/webp"}],"twitter_card":"summary_large_image","twitter_misc":{"Ber\u00e4knad l\u00e4stid":"1 minut"},"schema":{"@context":"https:\/\/schema.org","@graph":[{"@type":"WebPage","@id":"https:\/\/truusk.store\/sv\/produkt\/truusk-glassbar-leksak-for-barn-fargglad-koksutrustning-perfekt-for-lek-och-skoj-for-barn-2-5-ar-kreativ-och-rolig\/","url":"https:\/\/truusk.store\/sv\/produkt\/truusk-glassbar-leksak-for-barn-fargglad-koksutrustning-perfekt-for-lek-och-skoj-for-barn-2-5-ar-kreativ-och-rolig\/","name":"TRUUSK Glassbar Leksak F\u00f6r Barn - F\u00e4rgglad K\u00f6ksutrustning - Perfekt F\u00f6r Lek Och Skoj - F\u00f6r Barn 2-5 \u00e5r - Kreativ Och Rolig - TRUUSK - Hem, Tr\u00e4dg\u00e5rd &amp; Fritid","isPartOf":{"@id":"https:\/\/truusk.store\/sv\/#website"},"primaryImageOfPage":{"@id":"https:\/\/truusk.store\/sv\/produkt\/truusk-glassbar-leksak-for-barn-fargglad-koksutrustning-perfekt-for-lek-och-skoj-for-barn-2-5-ar-kreativ-och-rolig\/#primaryimage"},"image":{"@id":"https:\/\/truusk.store\/sv\/produkt\/truusk-glassbar-leksak-for-barn-fargglad-koksutrustning-perfekt-for-lek-och-skoj-for-barn-2-5-ar-kreativ-och-rolig\/#primaryimage"},"thumbnailUrl":"https:\/\/i0.wp.com\/truusk.store\/wp-content\/uploads\/2025\/06\/aiyaplay-glassbar-barn-traleksak-med-koksutrustning-glassbutik-for-2-5-ar-fargglad-och-kreativ-perfekt-for-lek-och-skoj-1.webp?fit=2000%2C2000&ssl=1","datePublished":"2025-06-05T03:03:39+00:00","dateModified":"2026-03-12T08:41:25+00:00","breadcrumb":{"@id":"https:\/\/truusk.store\/sv\/produkt\/truusk-glassbar-leksak-for-barn-fargglad-koksutrustning-perfekt-for-lek-och-skoj-for-barn-2-5-ar-kreativ-och-rolig\/#breadcrumb"},"inLanguage":"sv-SE","potentialAction":[{"@type":"ReadAction","target":["https:\/\/truusk.store\/sv\/produkt\/truusk-glassbar-leksak-for-barn-fargglad-koksutrustning-perfekt-for-lek-och-skoj-for-barn-2-5-ar-kreativ-och-rolig\/"]}]},{"@type":"ImageObject","inLanguage":"sv-SE","@id":"https:\/\/truusk.store\/sv\/produkt\/truusk-glassbar-leksak-for-barn-fargglad-koksutrustning-perfekt-for-lek-och-skoj-for-barn-2-5-ar-kreativ-och-rolig\/#primaryimage","url":"https:\/\/i0.wp.com\/truusk.store\/wp-content\/uploads\/2025\/06\/aiyaplay-glassbar-barn-traleksak-med-koksutrustning-glassbutik-for-2-5-ar-fargglad-och-kreativ-perfekt-for-lek-och-skoj-1.webp?fit=2000%2C2000&ssl=1","contentUrl":"https:\/\/i0.wp.com\/truusk.store\/wp-content\/uploads\/2025\/06\/aiyaplay-glassbar-barn-traleksak-med-koksutrustning-glassbutik-for-2-5-ar-fargglad-och-kreativ-perfekt-for-lek-och-skoj-1.webp?fit=2000%2C2000&ssl=1","width":2000,"height":2000},{"@type":"BreadcrumbList","@id":"https:\/\/truusk.store\/sv\/produkt\/truusk-glassbar-leksak-for-barn-fargglad-koksutrustning-perfekt-for-lek-och-skoj-for-barn-2-5-ar-kreativ-och-rolig\/#breadcrumb","itemListElement":[{"@type":"ListItem","position":1,"name":"Home","item":"https:\/\/truusk.store\/sv\/"},{"@type":"ListItem","position":2,"name":"Shop","item":"https:\/\/truusk.store\/shop\/"},{"@type":"ListItem","position":3,"name":"TRUUSK Glassbar Leksak F\u00f6r Barn &#8211; F\u00e4rgglad K\u00f6ksutrustning &#8211; Perfekt F\u00f6r Lek Och Skoj &#8211; F\u00f6r Barn 2-5 \u00e5r &#8211; Kreativ Och Rolig"}]},{"@type":"WebSite","@id":"https:\/\/truusk.store\/sv\/#website","url":"https:\/\/truusk.store\/sv\/","name":"TRUUSK - Hem, Tr\u00e4dg\u00e5rd & Fritid","description":"","publisher":{"@id":"https:\/\/truusk.store\/sv\/#organization"},"potentialAction":[{"@type":"SearchAction","target":{"@type":"EntryPoint","urlTemplate":"https:\/\/truusk.store\/sv\/?s={search_term_string}"},"query-input":{"@type":"PropertyValueSpecification","valueRequired":true,"valueName":"search_term_string"}}],"inLanguage":"sv-SE"},{"@type":"Organization","@id":"https:\/\/truusk.store\/sv\/#organization","name":"TRUUSK - Hem, Tr\u00e4dg\u00e5rd & Fritid","url":"https:\/\/truusk.store\/sv\/","logo":{"@type":"ImageObject","inLanguage":"sv-SE","@id":"https:\/\/truusk.store\/sv\/#\/schema\/logo\/image\/","url":"https:\/\/i0.wp.com\/truusk.store\/wp-content\/uploads\/2026\/03\/cropped-TRUUSK.png?fit=2032%2C917&ssl=1","contentUrl":"https:\/\/i0.wp.com\/truusk.store\/wp-content\/uploads\/2026\/03\/cropped-TRUUSK.png?fit=2032%2C917&ssl=1","width":2032,"height":917,"caption":"TRUUSK - Hem, Tr\u00e4dg\u00e5rd & Fritid"},"image":{"@id":"https:\/\/truusk.store\/sv\/#\/schema\/logo\/image\/"}}]}},"jetpack_sharing_enabled":true,"_links":{"self":[{"href":"https:\/\/truusk.store\/sv\/wp-json\/wp\/v2\/product\/61229","targetHints":{"allow":["GET"]}}],"collection":[{"href":"https:\/\/truusk.store\/sv\/wp-json\/wp\/v2\/product"}],"about":[{"href":"https:\/\/truusk.store\/sv\/wp-json\/wp\/v2\/types\/product"}],"wp:featuredmedia":[{"embeddable":true,"href":"https:\/\/truusk.store\/sv\/wp-json\/wp\/v2\/media\/61220"}],"wp:attachment":[{"href":"https:\/\/truusk.store\/sv\/wp-json\/wp\/v2\/media?parent=61229"}],"wp:term":[{"taxonomy":"product_brand","embeddable":true,"href":"https:\/\/truusk.store\/sv\/wp-json\/wp\/v2\/product_brand?post=61229"},{"taxonomy":"product_cat","embeddable":true,"href":"https:\/\/truusk.store\/sv\/wp-json\/wp\/v2\/product_cat?post=61229"},{"taxonomy":"product_tag","embeddable":true,"href":"https:\/\/truusk.store\/sv\/wp-json\/wp\/v2\/product_tag?post=61229"}],"curies":[{"name":"wp","href":"https:\/\/api.w.org\/{rel}","templated":true}]}}