{"id":61269,"date":"2025-06-05T04:07:28","date_gmt":"2025-06-05T03:07:28","guid":{"rendered":"https:\/\/truusk.store\/product\/baseball-rebounder-pitchback-aterstudsande-vagg-med-slagzon-for-baseball-och-fotboll-barbar-metall-svart-123-x-174-cm\/"},"modified":"2026-03-12T08:55:22","modified_gmt":"2026-03-12T07:55:22","slug":"truusk-baseball-rebounder-pitchback-aterstudsande-vagg-for-baseball-och-fotboll-barbar-metall-svart-123-x-174-cm","status":"publish","type":"product","link":"https:\/\/truusk.store\/sv\/produkt\/truusk-baseball-rebounder-pitchback-aterstudsande-vagg-for-baseball-och-fotboll-barbar-metall-svart-123-x-174-cm\/","title":{"rendered":"TRUUSK Baseball Rebounder PitchBack &#8211; \u00c5terstudsande V\u00e4gg f\u00f6r Baseball och Fotboll &#8211; B\u00e4rbar &#8211; Metall &#8211; Svart &#8211; 123 x 174 cm"},"content":{"rendered":"<p>F\u00f6rb\u00e4ttra ditt basebollspel med TRUUSK Baseball-Rebounder! Oavsett om du \u00e4r nyb\u00f6rjare eller proffs, st\u00e4rker detta n\u00e4t dina f\u00e4rdigheter, bygger upp styrka och \u00f6kar ditt sj\u00e4lvf\u00f6rtroende. Den robusta metallramen och det v\u00e4derbest\u00e4ndiga n\u00e4tet p\u00e5 fotbollsreboundern, s\u00e4krat med 21 elastiska band, garanterar \u00e5rs tr\u00e4ning. Den gr\u00f6nt markerade tr\u00e4ffzonen hj\u00e4lper dig att finslipa dina kast- och slagtekniker. Investera i din sportiga framtid och upplev skillnaden!<\/p>\n<p>Beskrivning:<\/p>\n<ul>\n<li> Metallramen p\u00e5 reboundern f\u00f6r stabilitet och styrka<\/li>\n<li> V\u00e4derbest\u00e4ndigt n\u00e4t p\u00e5 reboundern f\u00f6r fotboll, som t\u00e5l h\u00f6ga p\u00e5verkningskrafter<\/li>\n<li> Gr\u00f6n tr\u00e4ffzon f\u00f6r att f\u00f6rb\u00e4ttra precisionen<\/li>\n<li> L\u00e4tt och enkel att flytta och f\u00f6rvara<\/li>\n<li> Markankare f\u00f6r s\u00e4kring ing\u00e5r<\/li>\n<li> Montering kr\u00e4vs<\/li>\n<\/ul>\n<p> Tekniska data:<\/p>\n<ul>\n<li> F\u00e4rg: Svart<\/li>\n<li> Material: PE-n\u00e4t, metallr\u00f6r<\/li>\n<li> Produktm\u00e5tt: 123B x 90D x 174H cm<\/li>\n<li> N\u00e4tstorlek: 108L x 158B cm<\/li>\n<li> Slagzonstorlek: 50L x 62,5B cm<\/li>\n<\/ul>\n<p> Leveransinneh\u00e5ll:<\/p>\n<ul>\n<li> 1 x Rebounder;<\/li>\n<\/ul>\n","protected":false},"excerpt":{"rendered":"<p>F\u00f6rb\u00e4ttra ditt basebollspel med TRUUSK Baseball-Rebounder! Oavsett om du \u00e4r nyb\u00f6rjare eller proffs, st\u00e4rker detta n\u00e4t dina f\u00e4rdigheter, bygger upp&#8230;<\/p>\n","protected":false},"featured_media":61260,"template":"","meta":[],"product_brand":[],"product_cat":[982,647],"product_tag":[],"class_list":{"0":"post-61269","1":"product","2":"type-product","3":"status-publish","4":"has-post-thumbnail","6":"product_cat-bollsport","7":"product_cat-sport-fritid","9":"first","10":"instock","11":"sale","12":"taxable","13":"shipping-taxable","14":"purchasable","15":"product-type-simple"},"yoast_head":"<!-- This site is optimized with the Yoast SEO plugin v25.4 - https:\/\/yoast.com\/wordpress\/plugins\/seo\/ -->\n<title>TRUUSK Baseball Rebounder PitchBack - \u00c5terstudsande V\u00e4gg f\u00f6r Baseball och Fotboll - B\u00e4rbar - Metall - Svart - 123 x 174 cm - TRUUSK - Hem, Tr\u00e4dg\u00e5rd &amp; Fritid<\/title>\n<meta name=\"robots\" content=\"index, follow, max-snippet:-1, max-image-preview:large, max-video-preview:-1\" \/>\n<link rel=\"canonical\" href=\"https:\/\/truusk.store\/sv\/produkt\/truusk-baseball-rebounder-pitchback-aterstudsande-vagg-for-baseball-och-fotboll-barbar-metall-svart-123-x-174-cm\/\" \/>\n<meta property=\"og:locale\" content=\"sv_SE\" \/>\n<meta property=\"og:type\" content=\"article\" \/>\n<meta property=\"og:title\" content=\"TRUUSK Baseball Rebounder PitchBack - \u00c5terstudsande V\u00e4gg f\u00f6r Baseball och Fotboll - B\u00e4rbar - Metall - Svart - 123 x 174 cm - TRUUSK - Hem, Tr\u00e4dg\u00e5rd &amp; Fritid\" \/>\n<meta property=\"og:description\" content=\"F\u00f6rb\u00e4ttra ditt basebollspel med TRUUSK Baseball-Rebounder! Oavsett om du \u00e4r nyb\u00f6rjare eller proffs, st\u00e4rker detta n\u00e4t dina f\u00e4rdigheter, bygger upp...\" \/>\n<meta property=\"og:url\" content=\"https:\/\/truusk.store\/sv\/produkt\/truusk-baseball-rebounder-pitchback-aterstudsande-vagg-for-baseball-och-fotboll-barbar-metall-svart-123-x-174-cm\/\" \/>\n<meta property=\"og:site_name\" content=\"TRUUSK - Hem, Tr\u00e4dg\u00e5rd &amp; Fritid\" \/>\n<meta property=\"article:modified_time\" content=\"2026-03-12T07:55:22+00:00\" \/>\n<meta property=\"og:image\" content=\"https:\/\/i0.wp.com\/truusk.se\/wp-content\/uploads\/2025\/06\/baseball-rebounder-pitchback-aterstudsande-vagg-med-slagzon-for-baseball-och-fotboll-barbar-metall-svart-123-x-174-cm-1.webp?fit=1600%2C1600&ssl=1\" \/>\n\t<meta property=\"og:image:width\" content=\"1600\" \/>\n\t<meta property=\"og:image:height\" content=\"1600\" \/>\n\t<meta property=\"og:image:type\" content=\"image\/webp\" \/>\n<meta name=\"twitter:card\" content=\"summary_large_image\" \/>\n<meta name=\"twitter:label1\" content=\"Ber\u00e4knad l\u00e4stid\" \/>\n\t<meta name=\"twitter:data1\" content=\"1 minut\" \/>\n<!-- \/ Yoast SEO plugin. -->","yoast_head_json":{"title":"TRUUSK Baseball Rebounder PitchBack - \u00c5terstudsande V\u00e4gg f\u00f6r Baseball och Fotboll - B\u00e4rbar - Metall - Svart - 123 x 174 cm - TRUUSK - Hem, Tr\u00e4dg\u00e5rd &amp; Fritid","robots":{"index":"index","follow":"follow","max-snippet":"max-snippet:-1","max-image-preview":"max-image-preview:large","max-video-preview":"max-video-preview:-1"},"canonical":"https:\/\/truusk.store\/sv\/produkt\/truusk-baseball-rebounder-pitchback-aterstudsande-vagg-for-baseball-och-fotboll-barbar-metall-svart-123-x-174-cm\/","og_locale":"sv_SE","og_type":"article","og_title":"TRUUSK Baseball Rebounder PitchBack - \u00c5terstudsande V\u00e4gg f\u00f6r Baseball och Fotboll - B\u00e4rbar - Metall - Svart - 123 x 174 cm - TRUUSK - Hem, Tr\u00e4dg\u00e5rd &amp; Fritid","og_description":"F\u00f6rb\u00e4ttra ditt basebollspel med TRUUSK Baseball-Rebounder! Oavsett om du \u00e4r nyb\u00f6rjare eller proffs, st\u00e4rker detta n\u00e4t dina f\u00e4rdigheter, bygger upp...","og_url":"https:\/\/truusk.store\/sv\/produkt\/truusk-baseball-rebounder-pitchback-aterstudsande-vagg-for-baseball-och-fotboll-barbar-metall-svart-123-x-174-cm\/","og_site_name":"TRUUSK - Hem, Tr\u00e4dg\u00e5rd &amp; Fritid","article_modified_time":"2026-03-12T07:55:22+00:00","og_image":[{"width":1600,"height":1600,"url":"https:\/\/i0.wp.com\/truusk.se\/wp-content\/uploads\/2025\/06\/baseball-rebounder-pitchback-aterstudsande-vagg-med-slagzon-for-baseball-och-fotboll-barbar-metall-svart-123-x-174-cm-1.webp?fit=1600%2C1600&ssl=1","type":"image\/webp"}],"twitter_card":"summary_large_image","twitter_misc":{"Ber\u00e4knad l\u00e4stid":"1 minut"},"schema":{"@context":"https:\/\/schema.org","@graph":[{"@type":"WebPage","@id":"https:\/\/truusk.store\/sv\/produkt\/truusk-baseball-rebounder-pitchback-aterstudsande-vagg-for-baseball-och-fotboll-barbar-metall-svart-123-x-174-cm\/","url":"https:\/\/truusk.store\/sv\/produkt\/truusk-baseball-rebounder-pitchback-aterstudsande-vagg-for-baseball-och-fotboll-barbar-metall-svart-123-x-174-cm\/","name":"TRUUSK Baseball Rebounder PitchBack - \u00c5terstudsande V\u00e4gg f\u00f6r Baseball och Fotboll - B\u00e4rbar - Metall - Svart - 123 x 174 cm - TRUUSK - Hem, Tr\u00e4dg\u00e5rd &amp; Fritid","isPartOf":{"@id":"https:\/\/truusk.store\/sv\/#website"},"primaryImageOfPage":{"@id":"https:\/\/truusk.store\/sv\/produkt\/truusk-baseball-rebounder-pitchback-aterstudsande-vagg-for-baseball-och-fotboll-barbar-metall-svart-123-x-174-cm\/#primaryimage"},"image":{"@id":"https:\/\/truusk.store\/sv\/produkt\/truusk-baseball-rebounder-pitchback-aterstudsande-vagg-for-baseball-och-fotboll-barbar-metall-svart-123-x-174-cm\/#primaryimage"},"thumbnailUrl":"https:\/\/i0.wp.com\/truusk.store\/wp-content\/uploads\/2025\/06\/baseball-rebounder-pitchback-aterstudsande-vagg-med-slagzon-for-baseball-och-fotboll-barbar-metall-svart-123-x-174-cm-1.webp?fit=1600%2C1600&ssl=1","datePublished":"2025-06-05T03:07:28+00:00","dateModified":"2026-03-12T07:55:22+00:00","breadcrumb":{"@id":"https:\/\/truusk.store\/sv\/produkt\/truusk-baseball-rebounder-pitchback-aterstudsande-vagg-for-baseball-och-fotboll-barbar-metall-svart-123-x-174-cm\/#breadcrumb"},"inLanguage":"sv-SE","potentialAction":[{"@type":"ReadAction","target":["https:\/\/truusk.store\/sv\/produkt\/truusk-baseball-rebounder-pitchback-aterstudsande-vagg-for-baseball-och-fotboll-barbar-metall-svart-123-x-174-cm\/"]}]},{"@type":"ImageObject","inLanguage":"sv-SE","@id":"https:\/\/truusk.store\/sv\/produkt\/truusk-baseball-rebounder-pitchback-aterstudsande-vagg-for-baseball-och-fotboll-barbar-metall-svart-123-x-174-cm\/#primaryimage","url":"https:\/\/i0.wp.com\/truusk.store\/wp-content\/uploads\/2025\/06\/baseball-rebounder-pitchback-aterstudsande-vagg-med-slagzon-for-baseball-och-fotboll-barbar-metall-svart-123-x-174-cm-1.webp?fit=1600%2C1600&ssl=1","contentUrl":"https:\/\/i0.wp.com\/truusk.store\/wp-content\/uploads\/2025\/06\/baseball-rebounder-pitchback-aterstudsande-vagg-med-slagzon-for-baseball-och-fotboll-barbar-metall-svart-123-x-174-cm-1.webp?fit=1600%2C1600&ssl=1","width":1600,"height":1600},{"@type":"BreadcrumbList","@id":"https:\/\/truusk.store\/sv\/produkt\/truusk-baseball-rebounder-pitchback-aterstudsande-vagg-for-baseball-och-fotboll-barbar-metall-svart-123-x-174-cm\/#breadcrumb","itemListElement":[{"@type":"ListItem","position":1,"name":"Home","item":"https:\/\/truusk.store\/sv\/"},{"@type":"ListItem","position":2,"name":"Shop","item":"https:\/\/truusk.store\/shop\/"},{"@type":"ListItem","position":3,"name":"TRUUSK Baseball Rebounder PitchBack &#8211; \u00c5terstudsande V\u00e4gg f\u00f6r Baseball och Fotboll &#8211; B\u00e4rbar &#8211; Metall &#8211; Svart &#8211; 123 x 174 cm"}]},{"@type":"WebSite","@id":"https:\/\/truusk.store\/sv\/#website","url":"https:\/\/truusk.store\/sv\/","name":"TRUUSK - Hem, Tr\u00e4dg\u00e5rd & Fritid","description":"","publisher":{"@id":"https:\/\/truusk.store\/sv\/#organization"},"potentialAction":[{"@type":"SearchAction","target":{"@type":"EntryPoint","urlTemplate":"https:\/\/truusk.store\/sv\/?s={search_term_string}"},"query-input":{"@type":"PropertyValueSpecification","valueRequired":true,"valueName":"search_term_string"}}],"inLanguage":"sv-SE"},{"@type":"Organization","@id":"https:\/\/truusk.store\/sv\/#organization","name":"TRUUSK - Hem, Tr\u00e4dg\u00e5rd & Fritid","url":"https:\/\/truusk.store\/sv\/","logo":{"@type":"ImageObject","inLanguage":"sv-SE","@id":"https:\/\/truusk.store\/sv\/#\/schema\/logo\/image\/","url":"https:\/\/i0.wp.com\/truusk.store\/wp-content\/uploads\/2026\/03\/cropped-TRUUSK.png?fit=2032%2C917&ssl=1","contentUrl":"https:\/\/i0.wp.com\/truusk.store\/wp-content\/uploads\/2026\/03\/cropped-TRUUSK.png?fit=2032%2C917&ssl=1","width":2032,"height":917,"caption":"TRUUSK - Hem, Tr\u00e4dg\u00e5rd & Fritid"},"image":{"@id":"https:\/\/truusk.store\/sv\/#\/schema\/logo\/image\/"}}]}},"jetpack_sharing_enabled":true,"_links":{"self":[{"href":"https:\/\/truusk.store\/sv\/wp-json\/wp\/v2\/product\/61269","targetHints":{"allow":["GET"]}}],"collection":[{"href":"https:\/\/truusk.store\/sv\/wp-json\/wp\/v2\/product"}],"about":[{"href":"https:\/\/truusk.store\/sv\/wp-json\/wp\/v2\/types\/product"}],"wp:featuredmedia":[{"embeddable":true,"href":"https:\/\/truusk.store\/sv\/wp-json\/wp\/v2\/media\/61260"}],"wp:attachment":[{"href":"https:\/\/truusk.store\/sv\/wp-json\/wp\/v2\/media?parent=61269"}],"wp:term":[{"taxonomy":"product_brand","embeddable":true,"href":"https:\/\/truusk.store\/sv\/wp-json\/wp\/v2\/product_brand?post=61269"},{"taxonomy":"product_cat","embeddable":true,"href":"https:\/\/truusk.store\/sv\/wp-json\/wp\/v2\/product_cat?post=61269"},{"taxonomy":"product_tag","embeddable":true,"href":"https:\/\/truusk.store\/sv\/wp-json\/wp\/v2\/product_tag?post=61269"}],"curies":[{"name":"wp","href":"https:\/\/api.w.org\/{rel}","templated":true}]}}