{"id":6128,"date":"2024-02-13T08:18:13","date_gmt":"2024-02-13T07:18:13","guid":{"rendered":"https:\/\/truusk.store\/product\/parasoll-fribarande-paraply-vev-paraply-med-handvev-rund-stal-bagstanger-och-stal-staende-stavar-polyestervav-svart-3-x-25h-m\/"},"modified":"2026-03-12T08:55:14","modified_gmt":"2026-03-12T07:55:14","slug":"truusk-parasoll-fribarande-paraply-vevbar-handvev-stal-bagstanger-stal-staende-stavar-polyestervav-svart-3-x-25h-m","status":"publish","type":"product","link":"https:\/\/truusk.store\/sv\/produkt\/truusk-parasoll-fribarande-paraply-vevbar-handvev-stal-bagstanger-stal-staende-stavar-polyestervav-svart-3-x-25h-m\/","title":{"rendered":"TRUUSK Parasoll Frib\u00e4rande Paraply &#8211; Vevbar Handvev &#8211; St\u00e5l B\u00e5gst\u00e4nger &#8211; St\u00e5l St\u00e5ende Stavar &#8211; Polyesterv\u00e4v &#8211; Svart &#8211; 3 x 2,5H m"},"content":{"rendered":"<p>V\u00e5rt h\u00f6gkvalitativa och stora frib\u00e4rande paraply \u00e4r den perfekta skuggan f\u00f6r soliga dagar. Den kan anv\u00e4ndas p\u00e5 en m\u00e4ngd olika s\u00e4tt p\u00e5 din terrass, balkong eller p\u00e5 en fest. Paraplyst\u00e5ngen \u00e4r gjord av robust st\u00e5l. Sj\u00e4lva parasollet \u00e4r tillverkat av vattenavvisande polyester. Lutningsvinkeln p\u00e5 paraplyskyddet kan flexibelt justeras s\u00e5 att du f\u00e5r det b\u00e4sta skyddet mot starkt solljus. Tack vare handveven kan ditt tr\u00e4dg\u00e5rdsparaply l\u00e4tt \u00f6ppnas och st\u00e4ngas. Sommaren kan komma!<\/p>\n<h3>Beskrivning:<\/h3>\n<ul>\n<li>Parasoll f\u00f6r tr\u00e4dg\u00e5rden, terrassen eller stranden<\/li>\n<li>Paraplyst\u00e5ng i st\u00e5l, robust och h\u00e5llbar<\/li>\n<li>8 metallstag s\u00e4kerst\u00e4ller h\u00f6g stabilitet<\/li>\n<li>Handvev m\u00f6jligg\u00f6r enkel \u00f6ppning och st\u00e4ngning<\/li>\n<li>Korsformad bas f\u00f6r h\u00f6g stabilitet<\/li>\n<li>Snabb och enkel att montera och demontera<\/li>\n<\/ul>\n<h3>Teknisk data:<\/h3>\n<ul>\n<li>Material: st\u00e5l, polyester<\/li>\n<li>Svart f\u00e4rg<\/li>\n<li>M\u00e5tt: 3 x 2,5H m<\/li>\n<li>M\u00e5tt p\u00e5 stativet: 100L x 10W cm<\/li>\n<li>R\u00f6rdiameter: 48mm<\/li>\n<\/ul>\n<h3>Leveransens omfattning:<\/h3>\n<ul>\n<li>1 x parasoll;<\/li>\n<\/ul>\n","protected":false},"excerpt":{"rendered":"<p>V\u00e5rt h\u00f6gkvalitativa och stora frib\u00e4rande paraply \u00e4r den perfekta skuggan f\u00f6r soliga dagar. Den kan anv\u00e4ndas p\u00e5 en m\u00e4ngd olika&#8230;<\/p>\n","protected":false},"featured_media":6129,"template":"","meta":[],"product_brand":[],"product_cat":[472,471,435],"product_tag":[],"class_list":{"0":"post-6128","1":"product","2":"type-product","3":"status-publish","4":"has-post-thumbnail","6":"product_cat-parasoller","7":"product_cat-solskydd-integritetsskydd","8":"product_cat-tradgard-och-terrass","10":"first","11":"instock","12":"sale","13":"taxable","14":"shipping-taxable","15":"purchasable","16":"product-type-simple"},"yoast_head":"<!-- This site is optimized with the Yoast SEO plugin v25.4 - https:\/\/yoast.com\/wordpress\/plugins\/seo\/ -->\n<title>TRUUSK Parasoll Frib\u00e4rande Paraply - Vevbar Handvev - St\u00e5l B\u00e5gst\u00e4nger - St\u00e5l St\u00e5ende Stavar - Polyesterv\u00e4v - Svart - 3 x 2,5H m - TRUUSK - Hem, Tr\u00e4dg\u00e5rd &amp; Fritid<\/title>\n<meta name=\"robots\" content=\"index, follow, max-snippet:-1, max-image-preview:large, max-video-preview:-1\" \/>\n<link rel=\"canonical\" href=\"https:\/\/truusk.store\/sv\/produkt\/truusk-parasoll-fribarande-paraply-vevbar-handvev-stal-bagstanger-stal-staende-stavar-polyestervav-svart-3-x-25h-m\/\" \/>\n<meta property=\"og:locale\" content=\"sv_SE\" \/>\n<meta property=\"og:type\" content=\"article\" \/>\n<meta property=\"og:title\" content=\"TRUUSK Parasoll Frib\u00e4rande Paraply - Vevbar Handvev - St\u00e5l B\u00e5gst\u00e4nger - St\u00e5l St\u00e5ende Stavar - Polyesterv\u00e4v - Svart - 3 x 2,5H m - TRUUSK - Hem, Tr\u00e4dg\u00e5rd &amp; Fritid\" \/>\n<meta property=\"og:description\" content=\"V\u00e5rt h\u00f6gkvalitativa och stora frib\u00e4rande paraply \u00e4r den perfekta skuggan f\u00f6r soliga dagar. Den kan anv\u00e4ndas p\u00e5 en m\u00e4ngd olika...\" \/>\n<meta property=\"og:url\" content=\"https:\/\/truusk.store\/sv\/produkt\/truusk-parasoll-fribarande-paraply-vevbar-handvev-stal-bagstanger-stal-staende-stavar-polyestervav-svart-3-x-25h-m\/\" \/>\n<meta property=\"og:site_name\" content=\"TRUUSK - Hem, Tr\u00e4dg\u00e5rd &amp; Fritid\" \/>\n<meta property=\"article:modified_time\" content=\"2026-03-12T07:55:14+00:00\" \/>\n<meta property=\"og:image\" content=\"https:\/\/i0.wp.com\/truusk.se\/wp-content\/uploads\/2024\/02\/parasoll-fribarande-paraply-vev-paraply-med-handvev-rund-stal-bagstanger-och-stal-staende-stavar-polyestervav-svart-3-x-25h-m.webp?fit=800%2C800&ssl=1\" \/>\n\t<meta property=\"og:image:width\" content=\"800\" \/>\n\t<meta property=\"og:image:height\" content=\"800\" \/>\n\t<meta property=\"og:image:type\" content=\"image\/webp\" \/>\n<meta name=\"twitter:card\" content=\"summary_large_image\" \/>\n<meta name=\"twitter:label1\" content=\"Ber\u00e4knad l\u00e4stid\" \/>\n\t<meta name=\"twitter:data1\" content=\"1 minut\" \/>\n<!-- \/ Yoast SEO plugin. -->","yoast_head_json":{"title":"TRUUSK Parasoll Frib\u00e4rande Paraply - Vevbar Handvev - St\u00e5l B\u00e5gst\u00e4nger - St\u00e5l St\u00e5ende Stavar - Polyesterv\u00e4v - Svart - 3 x 2,5H m - TRUUSK - Hem, Tr\u00e4dg\u00e5rd &amp; Fritid","robots":{"index":"index","follow":"follow","max-snippet":"max-snippet:-1","max-image-preview":"max-image-preview:large","max-video-preview":"max-video-preview:-1"},"canonical":"https:\/\/truusk.store\/sv\/produkt\/truusk-parasoll-fribarande-paraply-vevbar-handvev-stal-bagstanger-stal-staende-stavar-polyestervav-svart-3-x-25h-m\/","og_locale":"sv_SE","og_type":"article","og_title":"TRUUSK Parasoll Frib\u00e4rande Paraply - Vevbar Handvev - St\u00e5l B\u00e5gst\u00e4nger - St\u00e5l St\u00e5ende Stavar - Polyesterv\u00e4v - Svart - 3 x 2,5H m - TRUUSK - Hem, Tr\u00e4dg\u00e5rd &amp; Fritid","og_description":"V\u00e5rt h\u00f6gkvalitativa och stora frib\u00e4rande paraply \u00e4r den perfekta skuggan f\u00f6r soliga dagar. Den kan anv\u00e4ndas p\u00e5 en m\u00e4ngd olika...","og_url":"https:\/\/truusk.store\/sv\/produkt\/truusk-parasoll-fribarande-paraply-vevbar-handvev-stal-bagstanger-stal-staende-stavar-polyestervav-svart-3-x-25h-m\/","og_site_name":"TRUUSK - Hem, Tr\u00e4dg\u00e5rd &amp; Fritid","article_modified_time":"2026-03-12T07:55:14+00:00","og_image":[{"width":800,"height":800,"url":"https:\/\/i0.wp.com\/truusk.se\/wp-content\/uploads\/2024\/02\/parasoll-fribarande-paraply-vev-paraply-med-handvev-rund-stal-bagstanger-och-stal-staende-stavar-polyestervav-svart-3-x-25h-m.webp?fit=800%2C800&ssl=1","type":"image\/webp"}],"twitter_card":"summary_large_image","twitter_misc":{"Ber\u00e4knad l\u00e4stid":"1 minut"},"schema":{"@context":"https:\/\/schema.org","@graph":[{"@type":"WebPage","@id":"https:\/\/truusk.store\/sv\/produkt\/truusk-parasoll-fribarande-paraply-vevbar-handvev-stal-bagstanger-stal-staende-stavar-polyestervav-svart-3-x-25h-m\/","url":"https:\/\/truusk.store\/sv\/produkt\/truusk-parasoll-fribarande-paraply-vevbar-handvev-stal-bagstanger-stal-staende-stavar-polyestervav-svart-3-x-25h-m\/","name":"TRUUSK Parasoll Frib\u00e4rande Paraply - Vevbar Handvev - St\u00e5l B\u00e5gst\u00e4nger - St\u00e5l St\u00e5ende Stavar - Polyesterv\u00e4v - Svart - 3 x 2,5H m - TRUUSK - Hem, Tr\u00e4dg\u00e5rd &amp; Fritid","isPartOf":{"@id":"https:\/\/truusk.store\/sv\/#website"},"primaryImageOfPage":{"@id":"https:\/\/truusk.store\/sv\/produkt\/truusk-parasoll-fribarande-paraply-vevbar-handvev-stal-bagstanger-stal-staende-stavar-polyestervav-svart-3-x-25h-m\/#primaryimage"},"image":{"@id":"https:\/\/truusk.store\/sv\/produkt\/truusk-parasoll-fribarande-paraply-vevbar-handvev-stal-bagstanger-stal-staende-stavar-polyestervav-svart-3-x-25h-m\/#primaryimage"},"thumbnailUrl":"https:\/\/i0.wp.com\/truusk.store\/wp-content\/uploads\/2024\/02\/parasoll-fribarande-paraply-vev-paraply-med-handvev-rund-stal-bagstanger-och-stal-staende-stavar-polyestervav-svart-3-x-25h-m.webp?fit=800%2C800&ssl=1","datePublished":"2024-02-13T07:18:13+00:00","dateModified":"2026-03-12T07:55:14+00:00","breadcrumb":{"@id":"https:\/\/truusk.store\/sv\/produkt\/truusk-parasoll-fribarande-paraply-vevbar-handvev-stal-bagstanger-stal-staende-stavar-polyestervav-svart-3-x-25h-m\/#breadcrumb"},"inLanguage":"sv-SE","potentialAction":[{"@type":"ReadAction","target":["https:\/\/truusk.store\/sv\/produkt\/truusk-parasoll-fribarande-paraply-vevbar-handvev-stal-bagstanger-stal-staende-stavar-polyestervav-svart-3-x-25h-m\/"]}]},{"@type":"ImageObject","inLanguage":"sv-SE","@id":"https:\/\/truusk.store\/sv\/produkt\/truusk-parasoll-fribarande-paraply-vevbar-handvev-stal-bagstanger-stal-staende-stavar-polyestervav-svart-3-x-25h-m\/#primaryimage","url":"https:\/\/i0.wp.com\/truusk.store\/wp-content\/uploads\/2024\/02\/parasoll-fribarande-paraply-vev-paraply-med-handvev-rund-stal-bagstanger-och-stal-staende-stavar-polyestervav-svart-3-x-25h-m.webp?fit=800%2C800&ssl=1","contentUrl":"https:\/\/i0.wp.com\/truusk.store\/wp-content\/uploads\/2024\/02\/parasoll-fribarande-paraply-vev-paraply-med-handvev-rund-stal-bagstanger-och-stal-staende-stavar-polyestervav-svart-3-x-25h-m.webp?fit=800%2C800&ssl=1","width":800,"height":800,"caption":"Parasoll Frib\u00e4rande Paraply Vev Paraply Med Handvev Rund, St\u00e5l B\u00e5gst\u00e4nger Och St\u00e5l St\u00e5ende Stavar, Polyesterv\u00e4v, Svart, 3 X 2,5H M 1"},{"@type":"BreadcrumbList","@id":"https:\/\/truusk.store\/sv\/produkt\/truusk-parasoll-fribarande-paraply-vevbar-handvev-stal-bagstanger-stal-staende-stavar-polyestervav-svart-3-x-25h-m\/#breadcrumb","itemListElement":[{"@type":"ListItem","position":1,"name":"Home","item":"https:\/\/truusk.store\/sv\/"},{"@type":"ListItem","position":2,"name":"Shop","item":"https:\/\/truusk.store\/shop\/"},{"@type":"ListItem","position":3,"name":"TRUUSK Parasoll Frib\u00e4rande Paraply &#8211; Vevbar Handvev &#8211; St\u00e5l B\u00e5gst\u00e4nger &#8211; St\u00e5l St\u00e5ende Stavar &#8211; Polyesterv\u00e4v &#8211; Svart &#8211; 3 x 2,5H m"}]},{"@type":"WebSite","@id":"https:\/\/truusk.store\/sv\/#website","url":"https:\/\/truusk.store\/sv\/","name":"TRUUSK - Hem, Tr\u00e4dg\u00e5rd & Fritid","description":"","publisher":{"@id":"https:\/\/truusk.store\/sv\/#organization"},"potentialAction":[{"@type":"SearchAction","target":{"@type":"EntryPoint","urlTemplate":"https:\/\/truusk.store\/sv\/?s={search_term_string}"},"query-input":{"@type":"PropertyValueSpecification","valueRequired":true,"valueName":"search_term_string"}}],"inLanguage":"sv-SE"},{"@type":"Organization","@id":"https:\/\/truusk.store\/sv\/#organization","name":"TRUUSK - Hem, Tr\u00e4dg\u00e5rd & Fritid","url":"https:\/\/truusk.store\/sv\/","logo":{"@type":"ImageObject","inLanguage":"sv-SE","@id":"https:\/\/truusk.store\/sv\/#\/schema\/logo\/image\/","url":"https:\/\/i0.wp.com\/truusk.store\/wp-content\/uploads\/2026\/03\/cropped-TRUUSK.png?fit=2032%2C917&ssl=1","contentUrl":"https:\/\/i0.wp.com\/truusk.store\/wp-content\/uploads\/2026\/03\/cropped-TRUUSK.png?fit=2032%2C917&ssl=1","width":2032,"height":917,"caption":"TRUUSK - Hem, Tr\u00e4dg\u00e5rd & Fritid"},"image":{"@id":"https:\/\/truusk.store\/sv\/#\/schema\/logo\/image\/"}}]}},"jetpack_sharing_enabled":true,"_links":{"self":[{"href":"https:\/\/truusk.store\/sv\/wp-json\/wp\/v2\/product\/6128","targetHints":{"allow":["GET"]}}],"collection":[{"href":"https:\/\/truusk.store\/sv\/wp-json\/wp\/v2\/product"}],"about":[{"href":"https:\/\/truusk.store\/sv\/wp-json\/wp\/v2\/types\/product"}],"wp:featuredmedia":[{"embeddable":true,"href":"https:\/\/truusk.store\/sv\/wp-json\/wp\/v2\/media\/6129"}],"wp:attachment":[{"href":"https:\/\/truusk.store\/sv\/wp-json\/wp\/v2\/media?parent=6128"}],"wp:term":[{"taxonomy":"product_brand","embeddable":true,"href":"https:\/\/truusk.store\/sv\/wp-json\/wp\/v2\/product_brand?post=6128"},{"taxonomy":"product_cat","embeddable":true,"href":"https:\/\/truusk.store\/sv\/wp-json\/wp\/v2\/product_cat?post=6128"},{"taxonomy":"product_tag","embeddable":true,"href":"https:\/\/truusk.store\/sv\/wp-json\/wp\/v2\/product_tag?post=6128"}],"curies":[{"name":"wp","href":"https:\/\/api.w.org\/{rel}","templated":true}]}}