{"id":61289,"date":"2025-06-05T04:09:27","date_gmt":"2025-06-05T03:09:27","guid":{"rendered":"https:\/\/truusk.store\/product\/fotbollsmal-2-delat-set-vikbara-miniatyrmal-i-metall-med-oxfordtyg-for-barn-utomhus-i-orange-183-x-90-x-90-cm\/"},"modified":"2026-03-12T08:55:57","modified_gmt":"2026-03-12T07:55:57","slug":"truusk-fotbollsmal-2-delat-set-vikbara-miniatyrmal-i-metall-oxfordtyg-for-barn-utomhus-orange-183-x-90-x-90-cm","status":"publish","type":"product","link":"https:\/\/truusk.store\/sv\/produkt\/truusk-fotbollsmal-2-delat-set-vikbara-miniatyrmal-i-metall-oxfordtyg-for-barn-utomhus-orange-183-x-90-x-90-cm\/","title":{"rendered":"TRUUSK Fotbollsm\u00e5l 2-delat Set &#8211; Vikbara Miniatyrm\u00e5l i Metall &#8211; Oxfordtyg &#8211; F\u00f6r Barn Utomhus &#8211; Orange &#8211; 183 x 90 x 90 cm"},"content":{"rendered":"<p>Uppt\u00e4ck TRUUSK-fotbollsm\u00e5let &#8211; din perfekta f\u00f6ljeslagare f\u00f6r sp\u00e4nnande utomhusaktiviteter! Idealisk f\u00f6r familjer, v\u00e4nner och kollegor, fr\u00e4mjar fotbollsm\u00e5let interaktion och tillf\u00f6r roligt till varje fest. Tack vare den l\u00e4tta, b\u00e4rbara designen kan den anv\u00e4ndas var som helst. F\u00f6rb\u00e4ttra din reaktionsf\u00f6rm\u00e5ga, kroppskoordination och r\u00f6rlighet p\u00e5 ett lekfullt s\u00e4tt. Upplev of\u00f6rgl\u00f6mliga stunder och f\u00f6rb\u00e4ttra dina psykomotoriska f\u00e4rdigheter med detta m\u00e5ngsidiga fotbollsm\u00e5l.<\/p>\n<p>Beskrivning:<\/p>\n<ul>\n<li> L\u00e4ttviktig artikel och b\u00e4rbar v\u00e4ska f\u00f6r fotbollsm\u00e5let f\u00f6r enkel transport ing\u00e5r<\/li>\n<li> Perfekt fotbollsm\u00e5l f\u00f6r vuxna som har roligt med fotbollsspel<\/li>\n<li> H\u00f6gkvalitativt material av fotbollsm\u00e5let f\u00f6r l\u00e5ngvarig anv\u00e4ndning<\/li>\n<li> Enkel montering<\/li>\n<li> Inkluderar en b\u00e4rbar v\u00e4ska<\/li>\n<li> 2 PCS fotbollsn\u00e4t inkluderat i setet<\/li>\n<\/ul>\n<p> Tekniska data:<\/p>\n<ul>\n<li> F\u00e4rg: Orange<\/li>\n<li> Material: Metall, Oxfordtyg, Tetoron-tyg<\/li>\n<li> Total storlek: 183L x 90B x 90H cm<\/li>\n<\/ul>\n<p>Leveransinneh\u00e5ll:<\/p>\n<ul>\n<li> 2 x Fotbollsm\u00e5l<\/li>\n<li> 8 x J-typ spik<\/li>\n<li> 4 x Glasfiberst\u00e4nger<\/li>\n<li> 1 x V\u00e4ska<\/li>\n<li> 1 x Instruktioner<\/li>\n<\/ul>\n","protected":false},"excerpt":{"rendered":"<p>Uppt\u00e4ck TRUUSK-fotbollsm\u00e5let &#8211; din perfekta f\u00f6ljeslagare f\u00f6r sp\u00e4nnande utomhusaktiviteter! Idealisk f\u00f6r familjer, v\u00e4nner och kollegor, fr\u00e4mjar fotbollsm\u00e5let interaktion och tillf\u00f6r&#8230;<\/p>\n","protected":false},"featured_media":61280,"template":"","meta":[],"product_brand":[],"product_cat":[880,939,983,616],"product_tag":[],"class_list":{"0":"post-61289","1":"product","2":"type-product","3":"status-publish","4":"has-post-thumbnail","6":"product_cat-baby-barn-2","7":"product_cat-barnsport","8":"product_cat-fusballtore","9":"product_cat-utomhusleksaker","11":"first","12":"instock","13":"sale","14":"taxable","15":"shipping-taxable","16":"purchasable","17":"product-type-simple"},"yoast_head":"<!-- This site is optimized with the Yoast SEO plugin v25.4 - https:\/\/yoast.com\/wordpress\/plugins\/seo\/ -->\n<title>TRUUSK Fotbollsm\u00e5l 2-delat Set - Vikbara Miniatyrm\u00e5l i Metall - Oxfordtyg - F\u00f6r Barn Utomhus - Orange - 183 x 90 x 90 cm - TRUUSK - Hem, Tr\u00e4dg\u00e5rd &amp; Fritid<\/title>\n<meta name=\"robots\" content=\"index, follow, max-snippet:-1, max-image-preview:large, max-video-preview:-1\" \/>\n<link rel=\"canonical\" href=\"https:\/\/truusk.store\/sv\/produkt\/truusk-fotbollsmal-2-delat-set-vikbara-miniatyrmal-i-metall-oxfordtyg-for-barn-utomhus-orange-183-x-90-x-90-cm\/\" \/>\n<meta property=\"og:locale\" content=\"sv_SE\" \/>\n<meta property=\"og:type\" content=\"article\" \/>\n<meta property=\"og:title\" content=\"TRUUSK Fotbollsm\u00e5l 2-delat Set - Vikbara Miniatyrm\u00e5l i Metall - Oxfordtyg - F\u00f6r Barn Utomhus - Orange - 183 x 90 x 90 cm - TRUUSK - Hem, Tr\u00e4dg\u00e5rd &amp; Fritid\" \/>\n<meta property=\"og:description\" content=\"Uppt\u00e4ck TRUUSK-fotbollsm\u00e5let &#8211; din perfekta f\u00f6ljeslagare f\u00f6r sp\u00e4nnande utomhusaktiviteter! Idealisk f\u00f6r familjer, v\u00e4nner och kollegor, fr\u00e4mjar fotbollsm\u00e5let interaktion och tillf\u00f6r...\" \/>\n<meta property=\"og:url\" content=\"https:\/\/truusk.store\/sv\/produkt\/truusk-fotbollsmal-2-delat-set-vikbara-miniatyrmal-i-metall-oxfordtyg-for-barn-utomhus-orange-183-x-90-x-90-cm\/\" \/>\n<meta property=\"og:site_name\" content=\"TRUUSK - Hem, Tr\u00e4dg\u00e5rd &amp; Fritid\" \/>\n<meta property=\"article:modified_time\" content=\"2026-03-12T07:55:57+00:00\" \/>\n<meta property=\"og:image\" content=\"https:\/\/i0.wp.com\/truusk.se\/wp-content\/uploads\/2025\/06\/fotbollsmal-2-delat-set-vikbara-miniatyrmal-i-metall-med-oxfordtyg-for-barn-utomhus-i-orange-183-x-90-x-90-cm-1.webp?fit=1600%2C1600&ssl=1\" \/>\n\t<meta property=\"og:image:width\" content=\"1600\" \/>\n\t<meta property=\"og:image:height\" content=\"1600\" \/>\n\t<meta property=\"og:image:type\" content=\"image\/webp\" \/>\n<meta name=\"twitter:card\" content=\"summary_large_image\" \/>\n<meta name=\"twitter:label1\" content=\"Ber\u00e4knad l\u00e4stid\" \/>\n\t<meta name=\"twitter:data1\" content=\"1 minut\" \/>\n<!-- \/ Yoast SEO plugin. -->","yoast_head_json":{"title":"TRUUSK Fotbollsm\u00e5l 2-delat Set - Vikbara Miniatyrm\u00e5l i Metall - Oxfordtyg - F\u00f6r Barn Utomhus - Orange - 183 x 90 x 90 cm - TRUUSK - Hem, Tr\u00e4dg\u00e5rd &amp; Fritid","robots":{"index":"index","follow":"follow","max-snippet":"max-snippet:-1","max-image-preview":"max-image-preview:large","max-video-preview":"max-video-preview:-1"},"canonical":"https:\/\/truusk.store\/sv\/produkt\/truusk-fotbollsmal-2-delat-set-vikbara-miniatyrmal-i-metall-oxfordtyg-for-barn-utomhus-orange-183-x-90-x-90-cm\/","og_locale":"sv_SE","og_type":"article","og_title":"TRUUSK Fotbollsm\u00e5l 2-delat Set - Vikbara Miniatyrm\u00e5l i Metall - Oxfordtyg - F\u00f6r Barn Utomhus - Orange - 183 x 90 x 90 cm - TRUUSK - Hem, Tr\u00e4dg\u00e5rd &amp; Fritid","og_description":"Uppt\u00e4ck TRUUSK-fotbollsm\u00e5let &#8211; din perfekta f\u00f6ljeslagare f\u00f6r sp\u00e4nnande utomhusaktiviteter! Idealisk f\u00f6r familjer, v\u00e4nner och kollegor, fr\u00e4mjar fotbollsm\u00e5let interaktion och tillf\u00f6r...","og_url":"https:\/\/truusk.store\/sv\/produkt\/truusk-fotbollsmal-2-delat-set-vikbara-miniatyrmal-i-metall-oxfordtyg-for-barn-utomhus-orange-183-x-90-x-90-cm\/","og_site_name":"TRUUSK - Hem, Tr\u00e4dg\u00e5rd &amp; Fritid","article_modified_time":"2026-03-12T07:55:57+00:00","og_image":[{"width":1600,"height":1600,"url":"https:\/\/i0.wp.com\/truusk.se\/wp-content\/uploads\/2025\/06\/fotbollsmal-2-delat-set-vikbara-miniatyrmal-i-metall-med-oxfordtyg-for-barn-utomhus-i-orange-183-x-90-x-90-cm-1.webp?fit=1600%2C1600&ssl=1","type":"image\/webp"}],"twitter_card":"summary_large_image","twitter_misc":{"Ber\u00e4knad l\u00e4stid":"1 minut"},"schema":{"@context":"https:\/\/schema.org","@graph":[{"@type":"WebPage","@id":"https:\/\/truusk.store\/sv\/produkt\/truusk-fotbollsmal-2-delat-set-vikbara-miniatyrmal-i-metall-oxfordtyg-for-barn-utomhus-orange-183-x-90-x-90-cm\/","url":"https:\/\/truusk.store\/sv\/produkt\/truusk-fotbollsmal-2-delat-set-vikbara-miniatyrmal-i-metall-oxfordtyg-for-barn-utomhus-orange-183-x-90-x-90-cm\/","name":"TRUUSK Fotbollsm\u00e5l 2-delat Set - Vikbara Miniatyrm\u00e5l i Metall - Oxfordtyg - F\u00f6r Barn Utomhus - Orange - 183 x 90 x 90 cm - TRUUSK - Hem, Tr\u00e4dg\u00e5rd &amp; Fritid","isPartOf":{"@id":"https:\/\/truusk.store\/sv\/#website"},"primaryImageOfPage":{"@id":"https:\/\/truusk.store\/sv\/produkt\/truusk-fotbollsmal-2-delat-set-vikbara-miniatyrmal-i-metall-oxfordtyg-for-barn-utomhus-orange-183-x-90-x-90-cm\/#primaryimage"},"image":{"@id":"https:\/\/truusk.store\/sv\/produkt\/truusk-fotbollsmal-2-delat-set-vikbara-miniatyrmal-i-metall-oxfordtyg-for-barn-utomhus-orange-183-x-90-x-90-cm\/#primaryimage"},"thumbnailUrl":"https:\/\/i0.wp.com\/truusk.store\/wp-content\/uploads\/2025\/06\/fotbollsmal-2-delat-set-vikbara-miniatyrmal-i-metall-med-oxfordtyg-for-barn-utomhus-i-orange-183-x-90-x-90-cm-1.webp?fit=1600%2C1600&ssl=1","datePublished":"2025-06-05T03:09:27+00:00","dateModified":"2026-03-12T07:55:57+00:00","breadcrumb":{"@id":"https:\/\/truusk.store\/sv\/produkt\/truusk-fotbollsmal-2-delat-set-vikbara-miniatyrmal-i-metall-oxfordtyg-for-barn-utomhus-orange-183-x-90-x-90-cm\/#breadcrumb"},"inLanguage":"sv-SE","potentialAction":[{"@type":"ReadAction","target":["https:\/\/truusk.store\/sv\/produkt\/truusk-fotbollsmal-2-delat-set-vikbara-miniatyrmal-i-metall-oxfordtyg-for-barn-utomhus-orange-183-x-90-x-90-cm\/"]}]},{"@type":"ImageObject","inLanguage":"sv-SE","@id":"https:\/\/truusk.store\/sv\/produkt\/truusk-fotbollsmal-2-delat-set-vikbara-miniatyrmal-i-metall-oxfordtyg-for-barn-utomhus-orange-183-x-90-x-90-cm\/#primaryimage","url":"https:\/\/i0.wp.com\/truusk.store\/wp-content\/uploads\/2025\/06\/fotbollsmal-2-delat-set-vikbara-miniatyrmal-i-metall-med-oxfordtyg-for-barn-utomhus-i-orange-183-x-90-x-90-cm-1.webp?fit=1600%2C1600&ssl=1","contentUrl":"https:\/\/i0.wp.com\/truusk.store\/wp-content\/uploads\/2025\/06\/fotbollsmal-2-delat-set-vikbara-miniatyrmal-i-metall-med-oxfordtyg-for-barn-utomhus-i-orange-183-x-90-x-90-cm-1.webp?fit=1600%2C1600&ssl=1","width":1600,"height":1600},{"@type":"BreadcrumbList","@id":"https:\/\/truusk.store\/sv\/produkt\/truusk-fotbollsmal-2-delat-set-vikbara-miniatyrmal-i-metall-oxfordtyg-for-barn-utomhus-orange-183-x-90-x-90-cm\/#breadcrumb","itemListElement":[{"@type":"ListItem","position":1,"name":"Home","item":"https:\/\/truusk.store\/sv\/"},{"@type":"ListItem","position":2,"name":"Shop","item":"https:\/\/truusk.store\/shop\/"},{"@type":"ListItem","position":3,"name":"TRUUSK Fotbollsm\u00e5l 2-delat Set &#8211; Vikbara Miniatyrm\u00e5l i Metall &#8211; Oxfordtyg &#8211; F\u00f6r Barn Utomhus &#8211; Orange &#8211; 183 x 90 x 90 cm"}]},{"@type":"WebSite","@id":"https:\/\/truusk.store\/sv\/#website","url":"https:\/\/truusk.store\/sv\/","name":"TRUUSK - Hem, Tr\u00e4dg\u00e5rd & Fritid","description":"","publisher":{"@id":"https:\/\/truusk.store\/sv\/#organization"},"potentialAction":[{"@type":"SearchAction","target":{"@type":"EntryPoint","urlTemplate":"https:\/\/truusk.store\/sv\/?s={search_term_string}"},"query-input":{"@type":"PropertyValueSpecification","valueRequired":true,"valueName":"search_term_string"}}],"inLanguage":"sv-SE"},{"@type":"Organization","@id":"https:\/\/truusk.store\/sv\/#organization","name":"TRUUSK - Hem, Tr\u00e4dg\u00e5rd & Fritid","url":"https:\/\/truusk.store\/sv\/","logo":{"@type":"ImageObject","inLanguage":"sv-SE","@id":"https:\/\/truusk.store\/sv\/#\/schema\/logo\/image\/","url":"https:\/\/i0.wp.com\/truusk.store\/wp-content\/uploads\/2026\/03\/cropped-TRUUSK.png?fit=2032%2C917&ssl=1","contentUrl":"https:\/\/i0.wp.com\/truusk.store\/wp-content\/uploads\/2026\/03\/cropped-TRUUSK.png?fit=2032%2C917&ssl=1","width":2032,"height":917,"caption":"TRUUSK - Hem, Tr\u00e4dg\u00e5rd & Fritid"},"image":{"@id":"https:\/\/truusk.store\/sv\/#\/schema\/logo\/image\/"}}]}},"jetpack_sharing_enabled":true,"_links":{"self":[{"href":"https:\/\/truusk.store\/sv\/wp-json\/wp\/v2\/product\/61289","targetHints":{"allow":["GET"]}}],"collection":[{"href":"https:\/\/truusk.store\/sv\/wp-json\/wp\/v2\/product"}],"about":[{"href":"https:\/\/truusk.store\/sv\/wp-json\/wp\/v2\/types\/product"}],"wp:featuredmedia":[{"embeddable":true,"href":"https:\/\/truusk.store\/sv\/wp-json\/wp\/v2\/media\/61280"}],"wp:attachment":[{"href":"https:\/\/truusk.store\/sv\/wp-json\/wp\/v2\/media?parent=61289"}],"wp:term":[{"taxonomy":"product_brand","embeddable":true,"href":"https:\/\/truusk.store\/sv\/wp-json\/wp\/v2\/product_brand?post=61289"},{"taxonomy":"product_cat","embeddable":true,"href":"https:\/\/truusk.store\/sv\/wp-json\/wp\/v2\/product_cat?post=61289"},{"taxonomy":"product_tag","embeddable":true,"href":"https:\/\/truusk.store\/sv\/wp-json\/wp\/v2\/product_tag?post=61289"}],"curies":[{"name":"wp","href":"https:\/\/api.w.org\/{rel}","templated":true}]}}