{"id":61349,"date":"2025-06-05T04:15:33","date_gmt":"2025-06-05T03:15:33","guid":{"rendered":"https:\/\/truusk.store\/product\/rebounder-for-fotboll-hopfallbar-5-stegs-hojdjusterbar-med-skyddskant-taltpinnar-aterstudsande-vagg-nat-for-handboll-volleyboll-basket-rod\/"},"modified":"2026-03-12T09:41:34","modified_gmt":"2026-03-12T08:41:34","slug":"truusk-fotbollsrebounder-hopfallbar-5-stegs-hojdjustering-skyddskant-taltpinnar-aterstudsande-vagg-nat-rod","status":"publish","type":"product","link":"https:\/\/truusk.store\/sv\/produkt\/truusk-fotbollsrebounder-hopfallbar-5-stegs-hojdjustering-skyddskant-taltpinnar-aterstudsande-vagg-nat-rod\/","title":{"rendered":"TRUUSK Fotbollsrebounder &#8211; Hopf\u00e4llbar &#8211; 5-stegs H\u00f6jdjustering &#8211; Skyddskant &#8211; T\u00e4ltpinnar &#8211; \u00e5terstudsande V\u00e4gg &#8211; N\u00e4t &#8211; R\u00f6d"},"content":{"rendered":"<p>F\u00f6rb\u00e4ttra dina bollf\u00e4rdigheter med den m\u00e5ngsidiga fotbolls-reboundern fr\u00e5n TRUUSK! Den robusta, pulverlackerade metallramen garanterar h\u00f6g stabilitet, medan bollarna studsar i olika vinklar och tr\u00e4nar din reaktionsf\u00f6rm\u00e5ga. Tack vare den hopf\u00e4llbara designen \u00e4r reboundern l\u00e4tt att transportera och f\u00f6rvara. Perfekt f\u00f6r ambiti\u00f6sa fotbollsspelare som vill ta sina f\u00e4rdigheter till n\u00e4sta niv\u00e5!<\/p>\n<p>Beskrivning:<\/p>\n<ul>\n<li> Allv\u00e4ders-PE-n\u00e4t<\/li>\n<li> Stabil metallram p\u00e5 fotbolls-reboundern klarar starka st\u00f6tar utan problem<\/li>\n<li> Justerbar vinkel p\u00e5 reboundern f\u00f6r fotboll f\u00f6r b\u00e4ttre anpassning till dina tr\u00e4ningsm\u00e5l<\/li>\n<li> L\u00e4tt att transportera och f\u00f6rvara tack vare den hopf\u00e4llbara designen<\/li>\n<li> Idealisk f\u00f6r fotboll-, baseboll-, basket- och volleybolltr\u00e4ning<\/li>\n<li> Inkluderar t\u00e4ltspikar f\u00f6r att f\u00f6rhindra att den v\u00e4lter under anv\u00e4ndning<\/li>\n<li> Monteringen kr\u00e4vs<\/li>\n<\/ul>\n<p>Tekniska data:<\/p>\n<ul>\n<li> F\u00e4rg: R\u00f6d<\/li>\n<li> Material: Metall PE-plast, Oxford<\/li>\n<li> Totala m\u00e5tt: 128L x 118B x 108-120H cm<\/li>\n<li> Hopf\u00e4llt m\u00e5tt: 128L x 128B x 6,4H cm<\/li>\n<li> N\u00e4tets m\u00e5tt: 105L x 105B cm<\/li>\n<li> Maskstorlek: 4,5L x 4,5B cm<\/li>\n<\/ul>\n<p>Leveransinneh\u00e5ll:<\/p>\n<ul>\n<li> 1 x Bolln\u00e4t<\/li>\n<li> T\u00e4ltspikar<\/li>\n<li> 1 x Instruktioner<\/li>\n<\/ul>\n","protected":false},"excerpt":{"rendered":"<p>F\u00f6rb\u00e4ttra dina bollf\u00e4rdigheter med den m\u00e5ngsidiga fotbolls-reboundern fr\u00e5n TRUUSK! Den robusta, pulverlackerade metallramen garanterar h\u00f6g stabilitet, medan bollarna studsar i&#8230;<\/p>\n","protected":false},"featured_media":61340,"template":"","meta":[],"product_brand":[],"product_cat":[982,647],"product_tag":[],"class_list":{"0":"post-61349","1":"product","2":"type-product","3":"status-publish","4":"has-post-thumbnail","6":"product_cat-bollsport","7":"product_cat-sport-fritid","9":"first","10":"instock","11":"sale","12":"taxable","13":"shipping-taxable","14":"purchasable","15":"product-type-simple"},"yoast_head":"<!-- This site is optimized with the Yoast SEO plugin v25.4 - https:\/\/yoast.com\/wordpress\/plugins\/seo\/ -->\n<title>TRUUSK Fotbollsrebounder - Hopf\u00e4llbar - 5-stegs H\u00f6jdjustering - Skyddskant - T\u00e4ltpinnar - \u00e5terstudsande V\u00e4gg - N\u00e4t - R\u00f6d - TRUUSK - Hem, Tr\u00e4dg\u00e5rd &amp; Fritid<\/title>\n<meta name=\"robots\" content=\"index, follow, max-snippet:-1, max-image-preview:large, max-video-preview:-1\" \/>\n<link rel=\"canonical\" href=\"https:\/\/truusk.store\/sv\/produkt\/truusk-fotbollsrebounder-hopfallbar-5-stegs-hojdjustering-skyddskant-taltpinnar-aterstudsande-vagg-nat-rod\/\" \/>\n<meta property=\"og:locale\" content=\"sv_SE\" \/>\n<meta property=\"og:type\" content=\"article\" \/>\n<meta property=\"og:title\" content=\"TRUUSK Fotbollsrebounder - Hopf\u00e4llbar - 5-stegs H\u00f6jdjustering - Skyddskant - T\u00e4ltpinnar - \u00e5terstudsande V\u00e4gg - N\u00e4t - R\u00f6d - TRUUSK - Hem, Tr\u00e4dg\u00e5rd &amp; Fritid\" \/>\n<meta property=\"og:description\" content=\"F\u00f6rb\u00e4ttra dina bollf\u00e4rdigheter med den m\u00e5ngsidiga fotbolls-reboundern fr\u00e5n TRUUSK! Den robusta, pulverlackerade metallramen garanterar h\u00f6g stabilitet, medan bollarna studsar i...\" \/>\n<meta property=\"og:url\" content=\"https:\/\/truusk.store\/sv\/produkt\/truusk-fotbollsrebounder-hopfallbar-5-stegs-hojdjustering-skyddskant-taltpinnar-aterstudsande-vagg-nat-rod\/\" \/>\n<meta property=\"og:site_name\" content=\"TRUUSK - Hem, Tr\u00e4dg\u00e5rd &amp; Fritid\" \/>\n<meta property=\"article:modified_time\" content=\"2026-03-12T08:41:34+00:00\" \/>\n<meta property=\"og:image\" content=\"https:\/\/i0.wp.com\/truusk.se\/wp-content\/uploads\/2025\/06\/rebounder-for-fotboll-hopfallbar-5-stegs-hojdjusterbar-med-skyddskant-taltpinnar-aterstudsande-vagg-nat-for-handboll-volleyboll-basket-rod-1.webp?fit=2000%2C2000&ssl=1\" \/>\n\t<meta property=\"og:image:width\" content=\"2000\" \/>\n\t<meta property=\"og:image:height\" content=\"2000\" \/>\n\t<meta property=\"og:image:type\" content=\"image\/webp\" \/>\n<meta name=\"twitter:card\" content=\"summary_large_image\" \/>\n<meta name=\"twitter:label1\" content=\"Ber\u00e4knad l\u00e4stid\" \/>\n\t<meta name=\"twitter:data1\" content=\"1 minut\" \/>\n<!-- \/ Yoast SEO plugin. -->","yoast_head_json":{"title":"TRUUSK Fotbollsrebounder - Hopf\u00e4llbar - 5-stegs H\u00f6jdjustering - Skyddskant - T\u00e4ltpinnar - \u00e5terstudsande V\u00e4gg - N\u00e4t - R\u00f6d - TRUUSK - Hem, Tr\u00e4dg\u00e5rd &amp; Fritid","robots":{"index":"index","follow":"follow","max-snippet":"max-snippet:-1","max-image-preview":"max-image-preview:large","max-video-preview":"max-video-preview:-1"},"canonical":"https:\/\/truusk.store\/sv\/produkt\/truusk-fotbollsrebounder-hopfallbar-5-stegs-hojdjustering-skyddskant-taltpinnar-aterstudsande-vagg-nat-rod\/","og_locale":"sv_SE","og_type":"article","og_title":"TRUUSK Fotbollsrebounder - Hopf\u00e4llbar - 5-stegs H\u00f6jdjustering - Skyddskant - T\u00e4ltpinnar - \u00e5terstudsande V\u00e4gg - N\u00e4t - R\u00f6d - TRUUSK - Hem, Tr\u00e4dg\u00e5rd &amp; Fritid","og_description":"F\u00f6rb\u00e4ttra dina bollf\u00e4rdigheter med den m\u00e5ngsidiga fotbolls-reboundern fr\u00e5n TRUUSK! Den robusta, pulverlackerade metallramen garanterar h\u00f6g stabilitet, medan bollarna studsar i...","og_url":"https:\/\/truusk.store\/sv\/produkt\/truusk-fotbollsrebounder-hopfallbar-5-stegs-hojdjustering-skyddskant-taltpinnar-aterstudsande-vagg-nat-rod\/","og_site_name":"TRUUSK - Hem, Tr\u00e4dg\u00e5rd &amp; Fritid","article_modified_time":"2026-03-12T08:41:34+00:00","og_image":[{"width":2000,"height":2000,"url":"https:\/\/i0.wp.com\/truusk.se\/wp-content\/uploads\/2025\/06\/rebounder-for-fotboll-hopfallbar-5-stegs-hojdjusterbar-med-skyddskant-taltpinnar-aterstudsande-vagg-nat-for-handboll-volleyboll-basket-rod-1.webp?fit=2000%2C2000&ssl=1","type":"image\/webp"}],"twitter_card":"summary_large_image","twitter_misc":{"Ber\u00e4knad l\u00e4stid":"1 minut"},"schema":{"@context":"https:\/\/schema.org","@graph":[{"@type":"WebPage","@id":"https:\/\/truusk.store\/sv\/produkt\/truusk-fotbollsrebounder-hopfallbar-5-stegs-hojdjustering-skyddskant-taltpinnar-aterstudsande-vagg-nat-rod\/","url":"https:\/\/truusk.store\/sv\/produkt\/truusk-fotbollsrebounder-hopfallbar-5-stegs-hojdjustering-skyddskant-taltpinnar-aterstudsande-vagg-nat-rod\/","name":"TRUUSK Fotbollsrebounder - Hopf\u00e4llbar - 5-stegs H\u00f6jdjustering - Skyddskant - T\u00e4ltpinnar - \u00e5terstudsande V\u00e4gg - N\u00e4t - R\u00f6d - TRUUSK - Hem, Tr\u00e4dg\u00e5rd &amp; Fritid","isPartOf":{"@id":"https:\/\/truusk.store\/sv\/#website"},"primaryImageOfPage":{"@id":"https:\/\/truusk.store\/sv\/produkt\/truusk-fotbollsrebounder-hopfallbar-5-stegs-hojdjustering-skyddskant-taltpinnar-aterstudsande-vagg-nat-rod\/#primaryimage"},"image":{"@id":"https:\/\/truusk.store\/sv\/produkt\/truusk-fotbollsrebounder-hopfallbar-5-stegs-hojdjustering-skyddskant-taltpinnar-aterstudsande-vagg-nat-rod\/#primaryimage"},"thumbnailUrl":"https:\/\/i0.wp.com\/truusk.store\/wp-content\/uploads\/2025\/06\/rebounder-for-fotboll-hopfallbar-5-stegs-hojdjusterbar-med-skyddskant-taltpinnar-aterstudsande-vagg-nat-for-handboll-volleyboll-basket-rod-1.webp?fit=2000%2C2000&ssl=1","datePublished":"2025-06-05T03:15:33+00:00","dateModified":"2026-03-12T08:41:34+00:00","breadcrumb":{"@id":"https:\/\/truusk.store\/sv\/produkt\/truusk-fotbollsrebounder-hopfallbar-5-stegs-hojdjustering-skyddskant-taltpinnar-aterstudsande-vagg-nat-rod\/#breadcrumb"},"inLanguage":"sv-SE","potentialAction":[{"@type":"ReadAction","target":["https:\/\/truusk.store\/sv\/produkt\/truusk-fotbollsrebounder-hopfallbar-5-stegs-hojdjustering-skyddskant-taltpinnar-aterstudsande-vagg-nat-rod\/"]}]},{"@type":"ImageObject","inLanguage":"sv-SE","@id":"https:\/\/truusk.store\/sv\/produkt\/truusk-fotbollsrebounder-hopfallbar-5-stegs-hojdjustering-skyddskant-taltpinnar-aterstudsande-vagg-nat-rod\/#primaryimage","url":"https:\/\/i0.wp.com\/truusk.store\/wp-content\/uploads\/2025\/06\/rebounder-for-fotboll-hopfallbar-5-stegs-hojdjusterbar-med-skyddskant-taltpinnar-aterstudsande-vagg-nat-for-handboll-volleyboll-basket-rod-1.webp?fit=2000%2C2000&ssl=1","contentUrl":"https:\/\/i0.wp.com\/truusk.store\/wp-content\/uploads\/2025\/06\/rebounder-for-fotboll-hopfallbar-5-stegs-hojdjusterbar-med-skyddskant-taltpinnar-aterstudsande-vagg-nat-for-handboll-volleyboll-basket-rod-1.webp?fit=2000%2C2000&ssl=1","width":2000,"height":2000},{"@type":"BreadcrumbList","@id":"https:\/\/truusk.store\/sv\/produkt\/truusk-fotbollsrebounder-hopfallbar-5-stegs-hojdjustering-skyddskant-taltpinnar-aterstudsande-vagg-nat-rod\/#breadcrumb","itemListElement":[{"@type":"ListItem","position":1,"name":"Home","item":"https:\/\/truusk.store\/sv\/"},{"@type":"ListItem","position":2,"name":"Shop","item":"https:\/\/truusk.store\/shop\/"},{"@type":"ListItem","position":3,"name":"TRUUSK Fotbollsrebounder &#8211; Hopf\u00e4llbar &#8211; 5-stegs H\u00f6jdjustering &#8211; Skyddskant &#8211; T\u00e4ltpinnar &#8211; \u00e5terstudsande V\u00e4gg &#8211; N\u00e4t &#8211; R\u00f6d"}]},{"@type":"WebSite","@id":"https:\/\/truusk.store\/sv\/#website","url":"https:\/\/truusk.store\/sv\/","name":"TRUUSK - Hem, Tr\u00e4dg\u00e5rd & Fritid","description":"","publisher":{"@id":"https:\/\/truusk.store\/sv\/#organization"},"potentialAction":[{"@type":"SearchAction","target":{"@type":"EntryPoint","urlTemplate":"https:\/\/truusk.store\/sv\/?s={search_term_string}"},"query-input":{"@type":"PropertyValueSpecification","valueRequired":true,"valueName":"search_term_string"}}],"inLanguage":"sv-SE"},{"@type":"Organization","@id":"https:\/\/truusk.store\/sv\/#organization","name":"TRUUSK - Hem, Tr\u00e4dg\u00e5rd & Fritid","url":"https:\/\/truusk.store\/sv\/","logo":{"@type":"ImageObject","inLanguage":"sv-SE","@id":"https:\/\/truusk.store\/sv\/#\/schema\/logo\/image\/","url":"https:\/\/i0.wp.com\/truusk.store\/wp-content\/uploads\/2026\/03\/cropped-TRUUSK.png?fit=2032%2C917&ssl=1","contentUrl":"https:\/\/i0.wp.com\/truusk.store\/wp-content\/uploads\/2026\/03\/cropped-TRUUSK.png?fit=2032%2C917&ssl=1","width":2032,"height":917,"caption":"TRUUSK - Hem, Tr\u00e4dg\u00e5rd & Fritid"},"image":{"@id":"https:\/\/truusk.store\/sv\/#\/schema\/logo\/image\/"}}]}},"jetpack_sharing_enabled":true,"_links":{"self":[{"href":"https:\/\/truusk.store\/sv\/wp-json\/wp\/v2\/product\/61349","targetHints":{"allow":["GET"]}}],"collection":[{"href":"https:\/\/truusk.store\/sv\/wp-json\/wp\/v2\/product"}],"about":[{"href":"https:\/\/truusk.store\/sv\/wp-json\/wp\/v2\/types\/product"}],"wp:featuredmedia":[{"embeddable":true,"href":"https:\/\/truusk.store\/sv\/wp-json\/wp\/v2\/media\/61340"}],"wp:attachment":[{"href":"https:\/\/truusk.store\/sv\/wp-json\/wp\/v2\/media?parent=61349"}],"wp:term":[{"taxonomy":"product_brand","embeddable":true,"href":"https:\/\/truusk.store\/sv\/wp-json\/wp\/v2\/product_brand?post=61349"},{"taxonomy":"product_cat","embeddable":true,"href":"https:\/\/truusk.store\/sv\/wp-json\/wp\/v2\/product_cat?post=61349"},{"taxonomy":"product_tag","embeddable":true,"href":"https:\/\/truusk.store\/sv\/wp-json\/wp\/v2\/product_tag?post=61349"}],"curies":[{"name":"wp","href":"https:\/\/api.w.org\/{rel}","templated":true}]}}