{"id":61379,"date":"2025-06-05T04:18:28","date_gmt":"2025-06-05T03:18:28","guid":{"rendered":"https:\/\/truusk.store\/product\/bar-table-med-barstolar-set-5-delad-matgrupp-koksbord-bistrobord-med-4-stolar-bar-table-set-for-kok-vardagsrum-stal-beige-120-x-60-x-91-cm\/"},"modified":"2026-03-12T09:42:13","modified_gmt":"2026-03-12T08:42:13","slug":"truusk-bar-table-set-5-delad-matgrupp-koksbord-med-4-stolar-stal-beige-120-x-60-x-91-cm","status":"publish","type":"product","link":"https:\/\/truusk.store\/sv\/produkt\/truusk-bar-table-set-5-delad-matgrupp-koksbord-med-4-stolar-stal-beige-120-x-60-x-91-cm\/","title":{"rendered":"TRUUSK Bar Table Set &#8211; 5-delad Matgrupp &#8211; K\u00f6ksbord Med 4 Stolar &#8211; St\u00e5l &#8211; Beige &#8211; 120 x 60 x 91 cm"},"content":{"rendered":"<p>F\u00f6rvandla ditt utrymme till en inbjudande matsal med det 5-delade TRUUSK-barbordssatsen. Denna matgrupp erbjuder dig en stilfull och mysig l\u00f6sning f\u00f6r dagliga m\u00e5ltider, spelkv\u00e4llar eller arbetstimmar. Den moderna industriella designen p\u00e5 matgruppen passar s\u00f6ml\u00f6st in i alla rum och skapar en varm atmosf\u00e4r. Idealisk f\u00f6r sm\u00e5 utrymmen, erbjuder det extra sittplatser och f\u00f6rvandlar ditt hem till en plats f\u00f6r socialt umg\u00e4nge och avkoppling.<\/p>\n<p>Beskrivning:<\/p>\n<ul>\n<li> Det 5-delade barbordssatsen best\u00e5r av ett bord och 4 stolar<\/li>\n<li> Knappf\u00e4stning, tjock stoppning och tyg i linneutseende f\u00f6r h\u00f6g komfort<\/li>\n<li> Bordsskivan i tr\u00e4material \u00e4r l\u00e4tt att reng\u00f6ra<\/li>\n<li> Stark st\u00e5lram f\u00f6r matgruppen f\u00f6r robusthet<\/li>\n<li> Justerbara f\u00f6tter p\u00e5 barbordssatsen f\u00f6r att skydda golvet mot repor och h\u00e5lla det stabilt<\/li>\n<li> Montering kr\u00e4vs<\/li>\n<\/ul>\n<p> Tekniska data:<\/p>\n<ul>\n<li> F\u00e4rg: Beige<\/li>\n<li> Material: Polyester, sp\u00e5nskiva, st\u00e5l, skum<\/li>\n<li> Totala m\u00e5tt: 120L x 60B x 91H cm (bord), 49B x 43T x 91H cm (pall)<\/li>\n<li> Sitsstorlek: 43B x 36T x 62H cm<\/li>\n<li> H\u00f6jd p\u00e5 fotst\u00f6det: 14,5H cm<\/li>\n<li> Min. till\u00e4mplig yta: 320L x 260B cm<\/li>\n<li> Belastningskapacitet: 60 kg (bord), 120 kg (pall)<\/li>\n<\/ul>\n<p> Leveransinneh\u00e5ll:<\/p>\n<ul>\n<li> 1 x Bord<\/li>\n<li> 4 x Pallar<\/li>\n<li> 1 x Instruktioner<\/li>\n<\/ul>\n","protected":false},"excerpt":{"rendered":"<p>F\u00f6rvandla ditt utrymme till en inbjudande matsal med det 5-delade TRUUSK-barbordssatsen. Denna matgrupp erbjuder dig en stilfull och mysig l\u00f6sning&#8230;<\/p>\n","protected":false},"featured_media":61370,"template":"","meta":[],"product_brand":[],"product_cat":[871,889,512],"product_tag":[],"class_list":{"0":"post-61379","1":"product","2":"type-product","3":"status-publish","4":"has-post-thumbnail","6":"product_cat-hus-hem","7":"product_cat-kok-matsal","8":"product_cat-matgrupper","10":"first","11":"instock","12":"sale","13":"taxable","14":"shipping-taxable","15":"purchasable","16":"product-type-simple"},"yoast_head":"<!-- This site is optimized with the Yoast SEO plugin v25.4 - https:\/\/yoast.com\/wordpress\/plugins\/seo\/ -->\n<title>TRUUSK Bar Table Set - 5-delad Matgrupp - K\u00f6ksbord Med 4 Stolar - St\u00e5l - Beige - 120 x 60 x 91 cm - TRUUSK - Hem, Tr\u00e4dg\u00e5rd &amp; Fritid<\/title>\n<meta name=\"robots\" content=\"index, follow, max-snippet:-1, max-image-preview:large, max-video-preview:-1\" \/>\n<link rel=\"canonical\" href=\"https:\/\/truusk.store\/sv\/produkt\/truusk-bar-table-set-5-delad-matgrupp-koksbord-med-4-stolar-stal-beige-120-x-60-x-91-cm\/\" \/>\n<meta property=\"og:locale\" content=\"sv_SE\" \/>\n<meta property=\"og:type\" content=\"article\" \/>\n<meta property=\"og:title\" content=\"TRUUSK Bar Table Set - 5-delad Matgrupp - K\u00f6ksbord Med 4 Stolar - St\u00e5l - Beige - 120 x 60 x 91 cm - TRUUSK - Hem, Tr\u00e4dg\u00e5rd &amp; Fritid\" \/>\n<meta property=\"og:description\" content=\"F\u00f6rvandla ditt utrymme till en inbjudande matsal med det 5-delade TRUUSK-barbordssatsen. Denna matgrupp erbjuder dig en stilfull och mysig l\u00f6sning...\" \/>\n<meta property=\"og:url\" content=\"https:\/\/truusk.store\/sv\/produkt\/truusk-bar-table-set-5-delad-matgrupp-koksbord-med-4-stolar-stal-beige-120-x-60-x-91-cm\/\" \/>\n<meta property=\"og:site_name\" content=\"TRUUSK - Hem, Tr\u00e4dg\u00e5rd &amp; Fritid\" \/>\n<meta property=\"article:modified_time\" content=\"2026-03-12T08:42:13+00:00\" \/>\n<meta property=\"og:image\" content=\"https:\/\/i0.wp.com\/truusk.se\/wp-content\/uploads\/2025\/06\/bar-table-med-barstolar-set-5-delad-matgrupp-koksbord-bistrobord-med-4-stolar-bar-table-set-for-kok-vardagsrum-stal-beige-120-x-60-x-91-cm-1.webp?fit=2000%2C2000&ssl=1\" \/>\n\t<meta property=\"og:image:width\" content=\"2000\" \/>\n\t<meta property=\"og:image:height\" content=\"2000\" \/>\n\t<meta property=\"og:image:type\" content=\"image\/webp\" \/>\n<meta name=\"twitter:card\" content=\"summary_large_image\" \/>\n<meta name=\"twitter:label1\" content=\"Ber\u00e4knad l\u00e4stid\" \/>\n\t<meta name=\"twitter:data1\" content=\"1 minut\" \/>\n<!-- \/ Yoast SEO plugin. -->","yoast_head_json":{"title":"TRUUSK Bar Table Set - 5-delad Matgrupp - K\u00f6ksbord Med 4 Stolar - St\u00e5l - Beige - 120 x 60 x 91 cm - TRUUSK - Hem, Tr\u00e4dg\u00e5rd &amp; Fritid","robots":{"index":"index","follow":"follow","max-snippet":"max-snippet:-1","max-image-preview":"max-image-preview:large","max-video-preview":"max-video-preview:-1"},"canonical":"https:\/\/truusk.store\/sv\/produkt\/truusk-bar-table-set-5-delad-matgrupp-koksbord-med-4-stolar-stal-beige-120-x-60-x-91-cm\/","og_locale":"sv_SE","og_type":"article","og_title":"TRUUSK Bar Table Set - 5-delad Matgrupp - K\u00f6ksbord Med 4 Stolar - St\u00e5l - Beige - 120 x 60 x 91 cm - TRUUSK - Hem, Tr\u00e4dg\u00e5rd &amp; Fritid","og_description":"F\u00f6rvandla ditt utrymme till en inbjudande matsal med det 5-delade TRUUSK-barbordssatsen. Denna matgrupp erbjuder dig en stilfull och mysig l\u00f6sning...","og_url":"https:\/\/truusk.store\/sv\/produkt\/truusk-bar-table-set-5-delad-matgrupp-koksbord-med-4-stolar-stal-beige-120-x-60-x-91-cm\/","og_site_name":"TRUUSK - Hem, Tr\u00e4dg\u00e5rd &amp; Fritid","article_modified_time":"2026-03-12T08:42:13+00:00","og_image":[{"width":2000,"height":2000,"url":"https:\/\/i0.wp.com\/truusk.se\/wp-content\/uploads\/2025\/06\/bar-table-med-barstolar-set-5-delad-matgrupp-koksbord-bistrobord-med-4-stolar-bar-table-set-for-kok-vardagsrum-stal-beige-120-x-60-x-91-cm-1.webp?fit=2000%2C2000&ssl=1","type":"image\/webp"}],"twitter_card":"summary_large_image","twitter_misc":{"Ber\u00e4knad l\u00e4stid":"1 minut"},"schema":{"@context":"https:\/\/schema.org","@graph":[{"@type":"WebPage","@id":"https:\/\/truusk.store\/sv\/produkt\/truusk-bar-table-set-5-delad-matgrupp-koksbord-med-4-stolar-stal-beige-120-x-60-x-91-cm\/","url":"https:\/\/truusk.store\/sv\/produkt\/truusk-bar-table-set-5-delad-matgrupp-koksbord-med-4-stolar-stal-beige-120-x-60-x-91-cm\/","name":"TRUUSK Bar Table Set - 5-delad Matgrupp - K\u00f6ksbord Med 4 Stolar - St\u00e5l - Beige - 120 x 60 x 91 cm - TRUUSK - Hem, Tr\u00e4dg\u00e5rd &amp; Fritid","isPartOf":{"@id":"https:\/\/truusk.store\/sv\/#website"},"primaryImageOfPage":{"@id":"https:\/\/truusk.store\/sv\/produkt\/truusk-bar-table-set-5-delad-matgrupp-koksbord-med-4-stolar-stal-beige-120-x-60-x-91-cm\/#primaryimage"},"image":{"@id":"https:\/\/truusk.store\/sv\/produkt\/truusk-bar-table-set-5-delad-matgrupp-koksbord-med-4-stolar-stal-beige-120-x-60-x-91-cm\/#primaryimage"},"thumbnailUrl":"https:\/\/i0.wp.com\/truusk.store\/wp-content\/uploads\/2025\/06\/bar-table-med-barstolar-set-5-delad-matgrupp-koksbord-bistrobord-med-4-stolar-bar-table-set-for-kok-vardagsrum-stal-beige-120-x-60-x-91-cm-1.webp?fit=2000%2C2000&ssl=1","datePublished":"2025-06-05T03:18:28+00:00","dateModified":"2026-03-12T08:42:13+00:00","breadcrumb":{"@id":"https:\/\/truusk.store\/sv\/produkt\/truusk-bar-table-set-5-delad-matgrupp-koksbord-med-4-stolar-stal-beige-120-x-60-x-91-cm\/#breadcrumb"},"inLanguage":"sv-SE","potentialAction":[{"@type":"ReadAction","target":["https:\/\/truusk.store\/sv\/produkt\/truusk-bar-table-set-5-delad-matgrupp-koksbord-med-4-stolar-stal-beige-120-x-60-x-91-cm\/"]}]},{"@type":"ImageObject","inLanguage":"sv-SE","@id":"https:\/\/truusk.store\/sv\/produkt\/truusk-bar-table-set-5-delad-matgrupp-koksbord-med-4-stolar-stal-beige-120-x-60-x-91-cm\/#primaryimage","url":"https:\/\/i0.wp.com\/truusk.store\/wp-content\/uploads\/2025\/06\/bar-table-med-barstolar-set-5-delad-matgrupp-koksbord-bistrobord-med-4-stolar-bar-table-set-for-kok-vardagsrum-stal-beige-120-x-60-x-91-cm-1.webp?fit=2000%2C2000&ssl=1","contentUrl":"https:\/\/i0.wp.com\/truusk.store\/wp-content\/uploads\/2025\/06\/bar-table-med-barstolar-set-5-delad-matgrupp-koksbord-bistrobord-med-4-stolar-bar-table-set-for-kok-vardagsrum-stal-beige-120-x-60-x-91-cm-1.webp?fit=2000%2C2000&ssl=1","width":2000,"height":2000},{"@type":"BreadcrumbList","@id":"https:\/\/truusk.store\/sv\/produkt\/truusk-bar-table-set-5-delad-matgrupp-koksbord-med-4-stolar-stal-beige-120-x-60-x-91-cm\/#breadcrumb","itemListElement":[{"@type":"ListItem","position":1,"name":"Home","item":"https:\/\/truusk.store\/sv\/"},{"@type":"ListItem","position":2,"name":"Shop","item":"https:\/\/truusk.store\/shop\/"},{"@type":"ListItem","position":3,"name":"TRUUSK Bar Table Set &#8211; 5-delad Matgrupp &#8211; K\u00f6ksbord Med 4 Stolar &#8211; St\u00e5l &#8211; Beige &#8211; 120 x 60 x 91 cm"}]},{"@type":"WebSite","@id":"https:\/\/truusk.store\/sv\/#website","url":"https:\/\/truusk.store\/sv\/","name":"TRUUSK - Hem, Tr\u00e4dg\u00e5rd & Fritid","description":"","publisher":{"@id":"https:\/\/truusk.store\/sv\/#organization"},"potentialAction":[{"@type":"SearchAction","target":{"@type":"EntryPoint","urlTemplate":"https:\/\/truusk.store\/sv\/?s={search_term_string}"},"query-input":{"@type":"PropertyValueSpecification","valueRequired":true,"valueName":"search_term_string"}}],"inLanguage":"sv-SE"},{"@type":"Organization","@id":"https:\/\/truusk.store\/sv\/#organization","name":"TRUUSK - Hem, Tr\u00e4dg\u00e5rd & Fritid","url":"https:\/\/truusk.store\/sv\/","logo":{"@type":"ImageObject","inLanguage":"sv-SE","@id":"https:\/\/truusk.store\/sv\/#\/schema\/logo\/image\/","url":"https:\/\/i0.wp.com\/truusk.store\/wp-content\/uploads\/2026\/03\/cropped-TRUUSK.png?fit=2032%2C917&ssl=1","contentUrl":"https:\/\/i0.wp.com\/truusk.store\/wp-content\/uploads\/2026\/03\/cropped-TRUUSK.png?fit=2032%2C917&ssl=1","width":2032,"height":917,"caption":"TRUUSK - Hem, Tr\u00e4dg\u00e5rd & Fritid"},"image":{"@id":"https:\/\/truusk.store\/sv\/#\/schema\/logo\/image\/"}}]}},"jetpack_sharing_enabled":true,"_links":{"self":[{"href":"https:\/\/truusk.store\/sv\/wp-json\/wp\/v2\/product\/61379","targetHints":{"allow":["GET"]}}],"collection":[{"href":"https:\/\/truusk.store\/sv\/wp-json\/wp\/v2\/product"}],"about":[{"href":"https:\/\/truusk.store\/sv\/wp-json\/wp\/v2\/types\/product"}],"wp:featuredmedia":[{"embeddable":true,"href":"https:\/\/truusk.store\/sv\/wp-json\/wp\/v2\/media\/61370"}],"wp:attachment":[{"href":"https:\/\/truusk.store\/sv\/wp-json\/wp\/v2\/media?parent=61379"}],"wp:term":[{"taxonomy":"product_brand","embeddable":true,"href":"https:\/\/truusk.store\/sv\/wp-json\/wp\/v2\/product_brand?post=61379"},{"taxonomy":"product_cat","embeddable":true,"href":"https:\/\/truusk.store\/sv\/wp-json\/wp\/v2\/product_cat?post=61379"},{"taxonomy":"product_tag","embeddable":true,"href":"https:\/\/truusk.store\/sv\/wp-json\/wp\/v2\/product_tag?post=61379"}],"curies":[{"name":"wp","href":"https:\/\/api.w.org\/{rel}","templated":true}]}}