{"id":61449,"date":"2025-06-05T04:25:29","date_gmt":"2025-06-05T03:25:29","guid":{"rendered":"https:\/\/truusk.store\/product\/mjuka-byggklossar-5-delars-set-skumbyggklossar-for-barn-1-3-ar-jattebyggklossar-byggleksak-konstlader-epe-mjuk-saker\/"},"modified":"2026-03-12T09:43:17","modified_gmt":"2026-03-12T08:43:17","slug":"truusk-mjuka-byggklossar-5-delars-set-skumbyggklossar-for-barn-1-3-ar-jattebyggklossar-byggleksak-konstlader-epe-mjuk","status":"publish","type":"product","link":"https:\/\/truusk.store\/sv\/produkt\/truusk-mjuka-byggklossar-5-delars-set-skumbyggklossar-for-barn-1-3-ar-jattebyggklossar-byggleksak-konstlader-epe-mjuk\/","title":{"rendered":"TRUUSK Mjuka Byggklossar 5-delars Set &#8211; Skumbyggklossar F\u00f6r Barn 1-3 \u00e5r &#8211; J\u00e4ttebyggklossar &#8211; Byggleksak Konstl\u00e4der EPE &#8211; Mjuk &amp;"},"content":{"rendered":"<p>Uppt\u00e4ck den perfekta kombinationen av kul och l\u00e4rande med TRUUSK mjuka byggklossar! Dessa mjuka, s\u00e4kra leksakskuber fr\u00e4mjar ditt barns motoriska f\u00e4rdigheter och st\u00f6djer utvecklingen av balans och koordination. Idealisk f\u00f6r sp\u00e4dbarn och sm\u00e5barn, erbjuder mjuka byggklossar o\u00e4ndliga lekm\u00f6jligheter och f\u00f6ljer ditt barn p\u00e5 sin tillv\u00e4xtv\u00e4g. En underbar g\u00e5va som f\u00f6renar gl\u00e4dje och utbildning &#8211; f\u00f6r lyckliga och h\u00e4lsosamma barn!<\/p>\n<p>Beskrivning:<\/p>\n<ul>\n<li> Perfekt f\u00f6r anv\u00e4ndning i skolan, p\u00e5 daghemmet eller hemma<\/li>\n<li> Utvecklad f\u00f6r att l\u00e5ta sp\u00e4dbarn och sm\u00e5barn kl\u00e4ttra, krypa, utforska och glida<\/li>\n<li> Skr\u00e4ddarsydda konfigurationer av mjuka byggklossar ger mycket kul f\u00f6r de sm\u00e5<\/li>\n<li> Tillverkad av mjuk och h\u00f6gdensitet EPE-skum<\/li>\n<li> Mjuka byggklossar kan enkelt torkas av med en mild tv\u00e5l- och vattenl\u00f6sning<\/li>\n<li> Ingen montering kr\u00e4vs<\/li>\n<\/ul>\n<p>Tekniska data:<\/p>\n<ul>\n<li> F\u00e4rg: Flerf\u00e4rgad<\/li>\n<li> Material: Konstl\u00e4der, EPE<\/li>\n<li> Kvadratisk block: 40,6L x 40,6B x 20,3H cm<\/li>\n<li> Rektangul\u00e4rt block: 20,3L x 20,3B x 40,6H cm<\/li>\n<li> Cylinder: \u00d820,3 x 40,6L x 40,6H cm<\/li>\n<li> Stor halvcylinder: 40,6L x 40,6B x 20,3H cm<\/li>\n<li> Ramp: 40,6L x 61B x 20,3H cm<\/li>\n<li> Rekommenderad \u00e5lder: 1-3 \u00e5r<\/li>\n<li> Nettovikt: 3,5 kg<\/li>\n<\/ul>\n<p>Leveransinneh\u00e5ll:<\/p>\n<ul>\n<li> 5 x skumblock<\/li>\n<li> 1 x instruktioner<\/li>\n<\/ul>\n","protected":false},"excerpt":{"rendered":"<p>Uppt\u00e4ck den perfekta kombinationen av kul och l\u00e4rande med TRUUSK mjuka byggklossar! Dessa mjuka, s\u00e4kra leksakskuber fr\u00e4mjar ditt barns motoriska&#8230;<\/p>\n","protected":false},"featured_media":61440,"template":"","meta":[],"product_brand":[],"product_cat":[880,919,918],"product_tag":[],"class_list":{"0":"post-61449","1":"product","2":"type-product","3":"status-publish","4":"has-post-thumbnail","6":"product_cat-baby-barn-2","7":"product_cat-byggklossar","8":"product_cat-leksaker","10":"first","11":"instock","12":"sale","13":"taxable","14":"shipping-taxable","15":"purchasable","16":"product-type-simple"},"yoast_head":"<!-- This site is optimized with the Yoast SEO plugin v25.4 - https:\/\/yoast.com\/wordpress\/plugins\/seo\/ -->\n<title>TRUUSK Mjuka Byggklossar 5-delars Set - Skumbyggklossar F\u00f6r Barn 1-3 \u00e5r - J\u00e4ttebyggklossar - Byggleksak Konstl\u00e4der EPE - Mjuk &amp; - TRUUSK - Hem, Tr\u00e4dg\u00e5rd &amp; Fritid<\/title>\n<meta name=\"robots\" content=\"index, follow, max-snippet:-1, max-image-preview:large, max-video-preview:-1\" \/>\n<link rel=\"canonical\" href=\"https:\/\/truusk.store\/sv\/produkt\/truusk-mjuka-byggklossar-5-delars-set-skumbyggklossar-for-barn-1-3-ar-jattebyggklossar-byggleksak-konstlader-epe-mjuk\/\" \/>\n<meta property=\"og:locale\" content=\"sv_SE\" \/>\n<meta property=\"og:type\" content=\"article\" \/>\n<meta property=\"og:title\" content=\"TRUUSK Mjuka Byggklossar 5-delars Set - Skumbyggklossar F\u00f6r Barn 1-3 \u00e5r - J\u00e4ttebyggklossar - Byggleksak Konstl\u00e4der EPE - Mjuk &amp; - TRUUSK - Hem, Tr\u00e4dg\u00e5rd &amp; Fritid\" \/>\n<meta property=\"og:description\" content=\"Uppt\u00e4ck den perfekta kombinationen av kul och l\u00e4rande med TRUUSK mjuka byggklossar! Dessa mjuka, s\u00e4kra leksakskuber fr\u00e4mjar ditt barns motoriska...\" \/>\n<meta property=\"og:url\" content=\"https:\/\/truusk.store\/sv\/produkt\/truusk-mjuka-byggklossar-5-delars-set-skumbyggklossar-for-barn-1-3-ar-jattebyggklossar-byggleksak-konstlader-epe-mjuk\/\" \/>\n<meta property=\"og:site_name\" content=\"TRUUSK - Hem, Tr\u00e4dg\u00e5rd &amp; Fritid\" \/>\n<meta property=\"article:modified_time\" content=\"2026-03-12T08:43:17+00:00\" \/>\n<meta property=\"og:image\" content=\"https:\/\/i0.wp.com\/truusk.se\/wp-content\/uploads\/2025\/06\/mjuka-byggklossar-5-delars-set-skumbyggklossar-for-barn-1-3-ar-jattebyggklossar-byggleksak-konstlader-epe-mjuk-saker-1.webp?fit=2000%2C2000&ssl=1\" \/>\n\t<meta property=\"og:image:width\" content=\"2000\" \/>\n\t<meta property=\"og:image:height\" content=\"2000\" \/>\n\t<meta property=\"og:image:type\" content=\"image\/webp\" \/>\n<meta name=\"twitter:card\" content=\"summary_large_image\" \/>\n<meta name=\"twitter:label1\" content=\"Ber\u00e4knad l\u00e4stid\" \/>\n\t<meta name=\"twitter:data1\" content=\"1 minut\" \/>\n<!-- \/ Yoast SEO plugin. -->","yoast_head_json":{"title":"TRUUSK Mjuka Byggklossar 5-delars Set - Skumbyggklossar F\u00f6r Barn 1-3 \u00e5r - J\u00e4ttebyggklossar - Byggleksak Konstl\u00e4der EPE - Mjuk &amp; - TRUUSK - Hem, Tr\u00e4dg\u00e5rd &amp; Fritid","robots":{"index":"index","follow":"follow","max-snippet":"max-snippet:-1","max-image-preview":"max-image-preview:large","max-video-preview":"max-video-preview:-1"},"canonical":"https:\/\/truusk.store\/sv\/produkt\/truusk-mjuka-byggklossar-5-delars-set-skumbyggklossar-for-barn-1-3-ar-jattebyggklossar-byggleksak-konstlader-epe-mjuk\/","og_locale":"sv_SE","og_type":"article","og_title":"TRUUSK Mjuka Byggklossar 5-delars Set - Skumbyggklossar F\u00f6r Barn 1-3 \u00e5r - J\u00e4ttebyggklossar - Byggleksak Konstl\u00e4der EPE - Mjuk &amp; - TRUUSK - Hem, Tr\u00e4dg\u00e5rd &amp; Fritid","og_description":"Uppt\u00e4ck den perfekta kombinationen av kul och l\u00e4rande med TRUUSK mjuka byggklossar! Dessa mjuka, s\u00e4kra leksakskuber fr\u00e4mjar ditt barns motoriska...","og_url":"https:\/\/truusk.store\/sv\/produkt\/truusk-mjuka-byggklossar-5-delars-set-skumbyggklossar-for-barn-1-3-ar-jattebyggklossar-byggleksak-konstlader-epe-mjuk\/","og_site_name":"TRUUSK - Hem, Tr\u00e4dg\u00e5rd &amp; Fritid","article_modified_time":"2026-03-12T08:43:17+00:00","og_image":[{"width":2000,"height":2000,"url":"https:\/\/i0.wp.com\/truusk.se\/wp-content\/uploads\/2025\/06\/mjuka-byggklossar-5-delars-set-skumbyggklossar-for-barn-1-3-ar-jattebyggklossar-byggleksak-konstlader-epe-mjuk-saker-1.webp?fit=2000%2C2000&ssl=1","type":"image\/webp"}],"twitter_card":"summary_large_image","twitter_misc":{"Ber\u00e4knad l\u00e4stid":"1 minut"},"schema":{"@context":"https:\/\/schema.org","@graph":[{"@type":"WebPage","@id":"https:\/\/truusk.store\/sv\/produkt\/truusk-mjuka-byggklossar-5-delars-set-skumbyggklossar-for-barn-1-3-ar-jattebyggklossar-byggleksak-konstlader-epe-mjuk\/","url":"https:\/\/truusk.store\/sv\/produkt\/truusk-mjuka-byggklossar-5-delars-set-skumbyggklossar-for-barn-1-3-ar-jattebyggklossar-byggleksak-konstlader-epe-mjuk\/","name":"TRUUSK Mjuka Byggklossar 5-delars Set - Skumbyggklossar F\u00f6r Barn 1-3 \u00e5r - J\u00e4ttebyggklossar - Byggleksak Konstl\u00e4der EPE - Mjuk &amp; - TRUUSK - Hem, Tr\u00e4dg\u00e5rd &amp; Fritid","isPartOf":{"@id":"https:\/\/truusk.store\/sv\/#website"},"primaryImageOfPage":{"@id":"https:\/\/truusk.store\/sv\/produkt\/truusk-mjuka-byggklossar-5-delars-set-skumbyggklossar-for-barn-1-3-ar-jattebyggklossar-byggleksak-konstlader-epe-mjuk\/#primaryimage"},"image":{"@id":"https:\/\/truusk.store\/sv\/produkt\/truusk-mjuka-byggklossar-5-delars-set-skumbyggklossar-for-barn-1-3-ar-jattebyggklossar-byggleksak-konstlader-epe-mjuk\/#primaryimage"},"thumbnailUrl":"https:\/\/i0.wp.com\/truusk.store\/wp-content\/uploads\/2025\/06\/mjuka-byggklossar-5-delars-set-skumbyggklossar-for-barn-1-3-ar-jattebyggklossar-byggleksak-konstlader-epe-mjuk-saker-1.webp?fit=2000%2C2000&ssl=1","datePublished":"2025-06-05T03:25:29+00:00","dateModified":"2026-03-12T08:43:17+00:00","breadcrumb":{"@id":"https:\/\/truusk.store\/sv\/produkt\/truusk-mjuka-byggklossar-5-delars-set-skumbyggklossar-for-barn-1-3-ar-jattebyggklossar-byggleksak-konstlader-epe-mjuk\/#breadcrumb"},"inLanguage":"sv-SE","potentialAction":[{"@type":"ReadAction","target":["https:\/\/truusk.store\/sv\/produkt\/truusk-mjuka-byggklossar-5-delars-set-skumbyggklossar-for-barn-1-3-ar-jattebyggklossar-byggleksak-konstlader-epe-mjuk\/"]}]},{"@type":"ImageObject","inLanguage":"sv-SE","@id":"https:\/\/truusk.store\/sv\/produkt\/truusk-mjuka-byggklossar-5-delars-set-skumbyggklossar-for-barn-1-3-ar-jattebyggklossar-byggleksak-konstlader-epe-mjuk\/#primaryimage","url":"https:\/\/i0.wp.com\/truusk.store\/wp-content\/uploads\/2025\/06\/mjuka-byggklossar-5-delars-set-skumbyggklossar-for-barn-1-3-ar-jattebyggklossar-byggleksak-konstlader-epe-mjuk-saker-1.webp?fit=2000%2C2000&ssl=1","contentUrl":"https:\/\/i0.wp.com\/truusk.store\/wp-content\/uploads\/2025\/06\/mjuka-byggklossar-5-delars-set-skumbyggklossar-for-barn-1-3-ar-jattebyggklossar-byggleksak-konstlader-epe-mjuk-saker-1.webp?fit=2000%2C2000&ssl=1","width":2000,"height":2000},{"@type":"BreadcrumbList","@id":"https:\/\/truusk.store\/sv\/produkt\/truusk-mjuka-byggklossar-5-delars-set-skumbyggklossar-for-barn-1-3-ar-jattebyggklossar-byggleksak-konstlader-epe-mjuk\/#breadcrumb","itemListElement":[{"@type":"ListItem","position":1,"name":"Home","item":"https:\/\/truusk.store\/sv\/"},{"@type":"ListItem","position":2,"name":"Shop","item":"https:\/\/truusk.store\/shop\/"},{"@type":"ListItem","position":3,"name":"TRUUSK Mjuka Byggklossar 5-delars Set &#8211; Skumbyggklossar F\u00f6r Barn 1-3 \u00e5r &#8211; J\u00e4ttebyggklossar &#8211; Byggleksak Konstl\u00e4der EPE &#8211; Mjuk &amp;"}]},{"@type":"WebSite","@id":"https:\/\/truusk.store\/sv\/#website","url":"https:\/\/truusk.store\/sv\/","name":"TRUUSK - Hem, Tr\u00e4dg\u00e5rd & Fritid","description":"","publisher":{"@id":"https:\/\/truusk.store\/sv\/#organization"},"potentialAction":[{"@type":"SearchAction","target":{"@type":"EntryPoint","urlTemplate":"https:\/\/truusk.store\/sv\/?s={search_term_string}"},"query-input":{"@type":"PropertyValueSpecification","valueRequired":true,"valueName":"search_term_string"}}],"inLanguage":"sv-SE"},{"@type":"Organization","@id":"https:\/\/truusk.store\/sv\/#organization","name":"TRUUSK - Hem, Tr\u00e4dg\u00e5rd & Fritid","url":"https:\/\/truusk.store\/sv\/","logo":{"@type":"ImageObject","inLanguage":"sv-SE","@id":"https:\/\/truusk.store\/sv\/#\/schema\/logo\/image\/","url":"https:\/\/i0.wp.com\/truusk.store\/wp-content\/uploads\/2026\/03\/cropped-TRUUSK.png?fit=2032%2C917&ssl=1","contentUrl":"https:\/\/i0.wp.com\/truusk.store\/wp-content\/uploads\/2026\/03\/cropped-TRUUSK.png?fit=2032%2C917&ssl=1","width":2032,"height":917,"caption":"TRUUSK - Hem, Tr\u00e4dg\u00e5rd & Fritid"},"image":{"@id":"https:\/\/truusk.store\/sv\/#\/schema\/logo\/image\/"}}]}},"jetpack_sharing_enabled":true,"_links":{"self":[{"href":"https:\/\/truusk.store\/sv\/wp-json\/wp\/v2\/product\/61449","targetHints":{"allow":["GET"]}}],"collection":[{"href":"https:\/\/truusk.store\/sv\/wp-json\/wp\/v2\/product"}],"about":[{"href":"https:\/\/truusk.store\/sv\/wp-json\/wp\/v2\/types\/product"}],"wp:featuredmedia":[{"embeddable":true,"href":"https:\/\/truusk.store\/sv\/wp-json\/wp\/v2\/media\/61440"}],"wp:attachment":[{"href":"https:\/\/truusk.store\/sv\/wp-json\/wp\/v2\/media?parent=61449"}],"wp:term":[{"taxonomy":"product_brand","embeddable":true,"href":"https:\/\/truusk.store\/sv\/wp-json\/wp\/v2\/product_brand?post=61449"},{"taxonomy":"product_cat","embeddable":true,"href":"https:\/\/truusk.store\/sv\/wp-json\/wp\/v2\/product_cat?post=61449"},{"taxonomy":"product_tag","embeddable":true,"href":"https:\/\/truusk.store\/sv\/wp-json\/wp\/v2\/product_tag?post=61449"}],"curies":[{"name":"wp","href":"https:\/\/api.w.org\/{rel}","templated":true}]}}