{"id":61499,"date":"2025-06-05T04:30:29","date_gmt":"2025-06-05T03:30:29","guid":{"rendered":"https:\/\/truusk.store\/product\/papperskorg-20l-pedalhink-i-rostfritt-stal-med-lock-och-fotpedal-kosmetikhink-med-innerhink-for-vardagsrum-och-kontor-215-x-372-x-57-cm\/"},"modified":"2026-03-12T09:42:14","modified_gmt":"2026-03-12T08:42:14","slug":"truusk-20l-pedalhink-i-rostfritt-stal-med-lock-och-fotpedal-for-vardagsrum-och-kontor-215-x-372-x-57-cm","status":"publish","type":"product","link":"https:\/\/truusk.store\/sv\/produkt\/truusk-20l-pedalhink-i-rostfritt-stal-med-lock-och-fotpedal-for-vardagsrum-och-kontor-215-x-372-x-57-cm\/","title":{"rendered":"TRUUSK 20L Pedalhink i Rostfritt St\u00e5l &#8211; Med Lock och Fotpedal &#8211; F\u00f6r Vardagsrum och Kontor &#8211; 21,5 x 37,2 x 57 cm"},"content":{"rendered":"<p>H\u00e5ll ditt k\u00f6k rent och luktfritt med TRUUSK 20L soptunna med lock! Soft-Close-mekanismen och den luktt\u00e4ta f\u00f6rslutningen garanterar fr\u00e4schhet inuti. Tillverkad av fingeravtryckss\u00e4kert rostfritt st\u00e5l, ger denna robusta och stiliga soptunna organisation, stil och kvalitet till ditt k\u00f6k. Det praktiska fotpedalen och de avtagbara innerbeh\u00e5llarna g\u00f6r det enklare att anv\u00e4nda och reng\u00f6ra. En perfekt kombination av funktionalitet och modern design f\u00f6r ditt hem.<\/p>\n<p>Beskrivning:<\/p>\n<ul>\n<li> 20L kapacitet, kompakt och smal storlek f\u00f6r sm\u00e5 k\u00f6k<\/li>\n<li> Soft-Close och Stay-Open lock p\u00e5 soptunnan med ett fack f\u00f6r deodorant (ing\u00e5r ej) f\u00f6r luktkontroll<\/li>\n<li> Fingeravtryckss\u00e4kert 410 rostfritt st\u00e5l med polerad och oljeseglad yta<\/li>\n<li> Avtagbar hink med h\u00e5l f\u00f6r p\u00e5sf\u00e4ste f\u00f6r att f\u00f6renkla reng\u00f6ringen<\/li>\n<li> Fotpedal p\u00e5 soptunnan f\u00f6r handsfree-anv\u00e4ndning<\/li>\n<li> Stilfull och smal design p\u00e5 soptunnan, kompletterar moderna inredningar<\/li>\n<li> Ingen montering kr\u00e4vs<\/li>\n<\/ul>\n<p> Tekniska data:<\/p>\n<ul>\n<li> F\u00e4rg: Silver<\/li>\n<li> Material: Rostfritt st\u00e5l, plast<\/li>\n<li> Totala m\u00e5tt: 21,5L x 37,2B x 57H cm<\/li>\n<li> Volym: 20L<\/li>\n<\/ul>\n<p> Leveransinneh\u00e5ll:<\/p>\n<ul>\n<li> 1 x k\u00f6kssopbeh\u00e5llare<\/li>\n<li> 1 x instruktioner<\/li>\n<\/ul>\n","protected":false},"excerpt":{"rendered":"<p>H\u00e5ll ditt k\u00f6k rent och luktfritt med TRUUSK 20L soptunna med lock! Soft-Close-mekanismen och den luktt\u00e4ta f\u00f6rslutningen garanterar fr\u00e4schhet inuti&#8230;.<\/p>\n","protected":false},"featured_media":61490,"template":"","meta":[],"product_brand":[],"product_cat":[867,869,870],"product_tag":[],"class_list":{"0":"post-61499","1":"product","2":"type-product","3":"status-publish","4":"has-post-thumbnail","6":"product_cat-byggmarknad","7":"product_cat-rengoring-ordning","8":"product_cat-sopkorgar","10":"first","11":"instock","12":"sale","13":"taxable","14":"shipping-taxable","15":"purchasable","16":"product-type-simple"},"yoast_head":"<!-- This site is optimized with the Yoast SEO plugin v25.4 - https:\/\/yoast.com\/wordpress\/plugins\/seo\/ -->\n<title>TRUUSK 20L Pedalhink i Rostfritt St\u00e5l - Med Lock och Fotpedal - F\u00f6r Vardagsrum och Kontor - 21,5 x 37,2 x 57 cm - TRUUSK - Hem, Tr\u00e4dg\u00e5rd &amp; Fritid<\/title>\n<meta name=\"robots\" content=\"index, follow, max-snippet:-1, max-image-preview:large, max-video-preview:-1\" \/>\n<link rel=\"canonical\" href=\"https:\/\/truusk.store\/sv\/produkt\/truusk-20l-pedalhink-i-rostfritt-stal-med-lock-och-fotpedal-for-vardagsrum-och-kontor-215-x-372-x-57-cm\/\" \/>\n<meta property=\"og:locale\" content=\"sv_SE\" \/>\n<meta property=\"og:type\" content=\"article\" \/>\n<meta property=\"og:title\" content=\"TRUUSK 20L Pedalhink i Rostfritt St\u00e5l - Med Lock och Fotpedal - F\u00f6r Vardagsrum och Kontor - 21,5 x 37,2 x 57 cm - TRUUSK - Hem, Tr\u00e4dg\u00e5rd &amp; Fritid\" \/>\n<meta property=\"og:description\" content=\"H\u00e5ll ditt k\u00f6k rent och luktfritt med TRUUSK 20L soptunna med lock! Soft-Close-mekanismen och den luktt\u00e4ta f\u00f6rslutningen garanterar fr\u00e4schhet inuti....\" \/>\n<meta property=\"og:url\" content=\"https:\/\/truusk.store\/sv\/produkt\/truusk-20l-pedalhink-i-rostfritt-stal-med-lock-och-fotpedal-for-vardagsrum-och-kontor-215-x-372-x-57-cm\/\" \/>\n<meta property=\"og:site_name\" content=\"TRUUSK - Hem, Tr\u00e4dg\u00e5rd &amp; Fritid\" \/>\n<meta property=\"article:modified_time\" content=\"2026-03-12T08:42:14+00:00\" \/>\n<meta property=\"og:image\" content=\"https:\/\/i0.wp.com\/truusk.se\/wp-content\/uploads\/2025\/06\/papperskorg-20l-pedalhink-i-rostfritt-stal-med-lock-och-fotpedal-kosmetikhink-med-innerhink-for-vardagsrum-och-kontor-215-x-372-x-57-cm-1.webp?fit=2000%2C2000&ssl=1\" \/>\n\t<meta property=\"og:image:width\" content=\"2000\" \/>\n\t<meta property=\"og:image:height\" content=\"2000\" \/>\n\t<meta property=\"og:image:type\" content=\"image\/webp\" \/>\n<meta name=\"twitter:card\" content=\"summary_large_image\" \/>\n<meta name=\"twitter:label1\" content=\"Ber\u00e4knad l\u00e4stid\" \/>\n\t<meta name=\"twitter:data1\" content=\"1 minut\" \/>\n<!-- \/ Yoast SEO plugin. -->","yoast_head_json":{"title":"TRUUSK 20L Pedalhink i Rostfritt St\u00e5l - Med Lock och Fotpedal - F\u00f6r Vardagsrum och Kontor - 21,5 x 37,2 x 57 cm - TRUUSK - Hem, Tr\u00e4dg\u00e5rd &amp; Fritid","robots":{"index":"index","follow":"follow","max-snippet":"max-snippet:-1","max-image-preview":"max-image-preview:large","max-video-preview":"max-video-preview:-1"},"canonical":"https:\/\/truusk.store\/sv\/produkt\/truusk-20l-pedalhink-i-rostfritt-stal-med-lock-och-fotpedal-for-vardagsrum-och-kontor-215-x-372-x-57-cm\/","og_locale":"sv_SE","og_type":"article","og_title":"TRUUSK 20L Pedalhink i Rostfritt St\u00e5l - Med Lock och Fotpedal - F\u00f6r Vardagsrum och Kontor - 21,5 x 37,2 x 57 cm - TRUUSK - Hem, Tr\u00e4dg\u00e5rd &amp; Fritid","og_description":"H\u00e5ll ditt k\u00f6k rent och luktfritt med TRUUSK 20L soptunna med lock! Soft-Close-mekanismen och den luktt\u00e4ta f\u00f6rslutningen garanterar fr\u00e4schhet inuti....","og_url":"https:\/\/truusk.store\/sv\/produkt\/truusk-20l-pedalhink-i-rostfritt-stal-med-lock-och-fotpedal-for-vardagsrum-och-kontor-215-x-372-x-57-cm\/","og_site_name":"TRUUSK - Hem, Tr\u00e4dg\u00e5rd &amp; Fritid","article_modified_time":"2026-03-12T08:42:14+00:00","og_image":[{"width":2000,"height":2000,"url":"https:\/\/i0.wp.com\/truusk.se\/wp-content\/uploads\/2025\/06\/papperskorg-20l-pedalhink-i-rostfritt-stal-med-lock-och-fotpedal-kosmetikhink-med-innerhink-for-vardagsrum-och-kontor-215-x-372-x-57-cm-1.webp?fit=2000%2C2000&ssl=1","type":"image\/webp"}],"twitter_card":"summary_large_image","twitter_misc":{"Ber\u00e4knad l\u00e4stid":"1 minut"},"schema":{"@context":"https:\/\/schema.org","@graph":[{"@type":"WebPage","@id":"https:\/\/truusk.store\/sv\/produkt\/truusk-20l-pedalhink-i-rostfritt-stal-med-lock-och-fotpedal-for-vardagsrum-och-kontor-215-x-372-x-57-cm\/","url":"https:\/\/truusk.store\/sv\/produkt\/truusk-20l-pedalhink-i-rostfritt-stal-med-lock-och-fotpedal-for-vardagsrum-och-kontor-215-x-372-x-57-cm\/","name":"TRUUSK 20L Pedalhink i Rostfritt St\u00e5l - Med Lock och Fotpedal - F\u00f6r Vardagsrum och Kontor - 21,5 x 37,2 x 57 cm - TRUUSK - Hem, Tr\u00e4dg\u00e5rd &amp; Fritid","isPartOf":{"@id":"https:\/\/truusk.store\/sv\/#website"},"primaryImageOfPage":{"@id":"https:\/\/truusk.store\/sv\/produkt\/truusk-20l-pedalhink-i-rostfritt-stal-med-lock-och-fotpedal-for-vardagsrum-och-kontor-215-x-372-x-57-cm\/#primaryimage"},"image":{"@id":"https:\/\/truusk.store\/sv\/produkt\/truusk-20l-pedalhink-i-rostfritt-stal-med-lock-och-fotpedal-for-vardagsrum-och-kontor-215-x-372-x-57-cm\/#primaryimage"},"thumbnailUrl":"https:\/\/i0.wp.com\/truusk.store\/wp-content\/uploads\/2025\/06\/papperskorg-20l-pedalhink-i-rostfritt-stal-med-lock-och-fotpedal-kosmetikhink-med-innerhink-for-vardagsrum-och-kontor-215-x-372-x-57-cm-1.webp?fit=2000%2C2000&ssl=1","datePublished":"2025-06-05T03:30:29+00:00","dateModified":"2026-03-12T08:42:14+00:00","breadcrumb":{"@id":"https:\/\/truusk.store\/sv\/produkt\/truusk-20l-pedalhink-i-rostfritt-stal-med-lock-och-fotpedal-for-vardagsrum-och-kontor-215-x-372-x-57-cm\/#breadcrumb"},"inLanguage":"sv-SE","potentialAction":[{"@type":"ReadAction","target":["https:\/\/truusk.store\/sv\/produkt\/truusk-20l-pedalhink-i-rostfritt-stal-med-lock-och-fotpedal-for-vardagsrum-och-kontor-215-x-372-x-57-cm\/"]}]},{"@type":"ImageObject","inLanguage":"sv-SE","@id":"https:\/\/truusk.store\/sv\/produkt\/truusk-20l-pedalhink-i-rostfritt-stal-med-lock-och-fotpedal-for-vardagsrum-och-kontor-215-x-372-x-57-cm\/#primaryimage","url":"https:\/\/i0.wp.com\/truusk.store\/wp-content\/uploads\/2025\/06\/papperskorg-20l-pedalhink-i-rostfritt-stal-med-lock-och-fotpedal-kosmetikhink-med-innerhink-for-vardagsrum-och-kontor-215-x-372-x-57-cm-1.webp?fit=2000%2C2000&ssl=1","contentUrl":"https:\/\/i0.wp.com\/truusk.store\/wp-content\/uploads\/2025\/06\/papperskorg-20l-pedalhink-i-rostfritt-stal-med-lock-och-fotpedal-kosmetikhink-med-innerhink-for-vardagsrum-och-kontor-215-x-372-x-57-cm-1.webp?fit=2000%2C2000&ssl=1","width":2000,"height":2000},{"@type":"BreadcrumbList","@id":"https:\/\/truusk.store\/sv\/produkt\/truusk-20l-pedalhink-i-rostfritt-stal-med-lock-och-fotpedal-for-vardagsrum-och-kontor-215-x-372-x-57-cm\/#breadcrumb","itemListElement":[{"@type":"ListItem","position":1,"name":"Home","item":"https:\/\/truusk.store\/sv\/"},{"@type":"ListItem","position":2,"name":"Shop","item":"https:\/\/truusk.store\/shop\/"},{"@type":"ListItem","position":3,"name":"TRUUSK 20L Pedalhink i Rostfritt St\u00e5l &#8211; Med Lock och Fotpedal &#8211; F\u00f6r Vardagsrum och Kontor &#8211; 21,5 x 37,2 x 57 cm"}]},{"@type":"WebSite","@id":"https:\/\/truusk.store\/sv\/#website","url":"https:\/\/truusk.store\/sv\/","name":"TRUUSK - Hem, Tr\u00e4dg\u00e5rd & Fritid","description":"","publisher":{"@id":"https:\/\/truusk.store\/sv\/#organization"},"potentialAction":[{"@type":"SearchAction","target":{"@type":"EntryPoint","urlTemplate":"https:\/\/truusk.store\/sv\/?s={search_term_string}"},"query-input":{"@type":"PropertyValueSpecification","valueRequired":true,"valueName":"search_term_string"}}],"inLanguage":"sv-SE"},{"@type":"Organization","@id":"https:\/\/truusk.store\/sv\/#organization","name":"TRUUSK - Hem, Tr\u00e4dg\u00e5rd & Fritid","url":"https:\/\/truusk.store\/sv\/","logo":{"@type":"ImageObject","inLanguage":"sv-SE","@id":"https:\/\/truusk.store\/sv\/#\/schema\/logo\/image\/","url":"https:\/\/i0.wp.com\/truusk.store\/wp-content\/uploads\/2026\/03\/cropped-TRUUSK.png?fit=2032%2C917&ssl=1","contentUrl":"https:\/\/i0.wp.com\/truusk.store\/wp-content\/uploads\/2026\/03\/cropped-TRUUSK.png?fit=2032%2C917&ssl=1","width":2032,"height":917,"caption":"TRUUSK - Hem, Tr\u00e4dg\u00e5rd & Fritid"},"image":{"@id":"https:\/\/truusk.store\/sv\/#\/schema\/logo\/image\/"}}]}},"jetpack_sharing_enabled":true,"_links":{"self":[{"href":"https:\/\/truusk.store\/sv\/wp-json\/wp\/v2\/product\/61499","targetHints":{"allow":["GET"]}}],"collection":[{"href":"https:\/\/truusk.store\/sv\/wp-json\/wp\/v2\/product"}],"about":[{"href":"https:\/\/truusk.store\/sv\/wp-json\/wp\/v2\/types\/product"}],"wp:featuredmedia":[{"embeddable":true,"href":"https:\/\/truusk.store\/sv\/wp-json\/wp\/v2\/media\/61490"}],"wp:attachment":[{"href":"https:\/\/truusk.store\/sv\/wp-json\/wp\/v2\/media?parent=61499"}],"wp:term":[{"taxonomy":"product_brand","embeddable":true,"href":"https:\/\/truusk.store\/sv\/wp-json\/wp\/v2\/product_brand?post=61499"},{"taxonomy":"product_cat","embeddable":true,"href":"https:\/\/truusk.store\/sv\/wp-json\/wp\/v2\/product_cat?post=61499"},{"taxonomy":"product_tag","embeddable":true,"href":"https:\/\/truusk.store\/sv\/wp-json\/wp\/v2\/product_tag?post=61499"}],"curies":[{"name":"wp","href":"https:\/\/api.w.org\/{rel}","templated":true}]}}