{"id":61519,"date":"2025-06-05T04:32:28","date_gmt":"2025-06-05T03:32:28","guid":{"rendered":"https:\/\/truusk.store\/product\/balansbalk-210-cm-hopfallbar-for-inomhus-och-utomhus-gymnastikbalk-balansbalk-upp-till-120-kg-stabil-balansbalk-i-brun\/"},"modified":"2026-03-12T09:41:37","modified_gmt":"2026-03-12T08:41:37","slug":"truusk-balansbalk-210-cm-hopfallbar-for-inomhus-och-utomhus-stabil-upp-till-120-kg-brun","status":"publish","type":"product","link":"https:\/\/truusk.store\/sv\/produkt\/truusk-balansbalk-210-cm-hopfallbar-for-inomhus-och-utomhus-stabil-upp-till-120-kg-brun\/","title":{"rendered":"TRUUSK Balansbalk 210 cm &#8211; Hopf\u00e4llbar f\u00f6r Inomhus och Utomhus &#8211; Stabil &#8211; Upp till 120 kg &#8211; Brun"},"content":{"rendered":"<p>Uppt\u00e4ck den ultimata balansbommen f\u00f6r din tr\u00e4ning hemma eller i klubben! Denna hopf\u00e4llbara balansbom med elegant mocka\u00f6verdrag ger dig h\u00f6gsta komfort och s\u00e4kerhet. Tack vare de halkfria f\u00f6tterna och de robusta rostfria st\u00e5ngg\u00e5ngj\u00e4rnen kan du helt och h\u00e5llet fokusera p\u00e5 dina \u00f6vningar. Perfekt f\u00f6r nyb\u00f6rjare och proffs &#8211; tr\u00e4na som m\u00e4starna och f\u00f6rb\u00e4ttra din balans och teknik med l\u00e4tthet!<\/p>\n<p>Beskrivning:<\/p>\n<ul>\n<li> Hopf\u00e4llbar gymnastikst\u00e5ng, idealisk f\u00f6r gymnaster, cheerleaders, dansare eller andra artister<\/li>\n<li> G\u00f6r det m\u00f6jligt att l\u00e4ra sig balansera utan risk f\u00f6r fall innan mer komplexa r\u00f6relser som hopp, handst\u00e5ende och mer \u00f6vas<\/li>\n<li> M\u00e5ngsidig anv\u00e4ndning: hemma, i sportklubben, vid t\u00e4vlingar och mer<\/li>\n<li> Sparar utrymme genom att f\u00e4llas ihop f\u00f6r enkel f\u00f6rvaring och transport<\/li>\n<li> Bekv\u00e4mt, halkfritt \u00f6verdrag av mocka p\u00e5 balansbommen<\/li>\n<li> Tillverkad av robusta kvalitetsmaterial (tr\u00e4 och EPE) f\u00f6r l\u00e5ng livsl\u00e4ngd<\/li>\n<li> Robusta g\u00e5ngj\u00e4rn av rostfritt st\u00e5l p\u00e5 balansbommen<\/li>\n<li> 4 halkfria, rept\u00e5liga f\u00f6tter<\/li>\n<li> Rekommenderad maximal belastning p\u00e5 120 kg<\/li>\n<\/ul>\n<p>Tekniska specifikationer:<\/p>\n<ul>\n<li> Huvudf\u00e4rg: Brun<\/li>\n<li> Material: Talltr\u00e4, polyester, EPE<\/li>\n<li> Totala dimensioner: 210L x 10B x 6,5H cm<\/li>\n<li> Rekommenderad max. belastning: 120 kg<\/li>\n<\/ul>\n<p>Inneh\u00e5ll:<\/p>\n<ul>\n<li> 1 x balansbom;<\/li>\n<\/ul>\n","protected":false},"excerpt":{"rendered":"<p>Uppt\u00e4ck den ultimata balansbommen f\u00f6r din tr\u00e4ning hemma eller i klubben! Denna hopf\u00e4llbara balansbom med elegant mocka\u00f6verdrag ger dig h\u00f6gsta&#8230;<\/p>\n","protected":false},"featured_media":61510,"template":"","meta":[],"product_brand":[],"product_cat":[873,647],"product_tag":[],"class_list":{"0":"post-61519","1":"product","2":"type-product","3":"status-publish","4":"has-post-thumbnail","6":"product_cat-fitness-styrketraning","7":"product_cat-sport-fritid","9":"first","10":"instock","11":"sale","12":"taxable","13":"shipping-taxable","14":"purchasable","15":"product-type-simple"},"yoast_head":"<!-- This site is optimized with the Yoast SEO plugin v25.4 - https:\/\/yoast.com\/wordpress\/plugins\/seo\/ -->\n<title>TRUUSK Balansbalk 210 cm - Hopf\u00e4llbar f\u00f6r Inomhus och Utomhus - Stabil - Upp till 120 kg - Brun - TRUUSK - Hem, Tr\u00e4dg\u00e5rd &amp; Fritid<\/title>\n<meta name=\"robots\" content=\"index, follow, max-snippet:-1, max-image-preview:large, max-video-preview:-1\" \/>\n<link rel=\"canonical\" href=\"https:\/\/truusk.store\/sv\/produkt\/truusk-balansbalk-210-cm-hopfallbar-for-inomhus-och-utomhus-stabil-upp-till-120-kg-brun\/\" \/>\n<meta property=\"og:locale\" content=\"sv_SE\" \/>\n<meta property=\"og:type\" content=\"article\" \/>\n<meta property=\"og:title\" content=\"TRUUSK Balansbalk 210 cm - Hopf\u00e4llbar f\u00f6r Inomhus och Utomhus - Stabil - Upp till 120 kg - Brun - TRUUSK - Hem, Tr\u00e4dg\u00e5rd &amp; Fritid\" \/>\n<meta property=\"og:description\" content=\"Uppt\u00e4ck den ultimata balansbommen f\u00f6r din tr\u00e4ning hemma eller i klubben! Denna hopf\u00e4llbara balansbom med elegant mocka\u00f6verdrag ger dig h\u00f6gsta...\" \/>\n<meta property=\"og:url\" content=\"https:\/\/truusk.store\/sv\/produkt\/truusk-balansbalk-210-cm-hopfallbar-for-inomhus-och-utomhus-stabil-upp-till-120-kg-brun\/\" \/>\n<meta property=\"og:site_name\" content=\"TRUUSK - Hem, Tr\u00e4dg\u00e5rd &amp; Fritid\" \/>\n<meta property=\"article:modified_time\" content=\"2026-03-12T08:41:37+00:00\" \/>\n<meta property=\"og:image\" content=\"https:\/\/i0.wp.com\/truusk.se\/wp-content\/uploads\/2025\/06\/balansbalk-210-cm-hopfallbar-for-inomhus-och-utomhus-gymnastikbalk-balansbalk-upp-till-120-kg-stabil-balansbalk-i-brun-1.webp?fit=2000%2C2000&ssl=1\" \/>\n\t<meta property=\"og:image:width\" content=\"2000\" \/>\n\t<meta property=\"og:image:height\" content=\"2000\" \/>\n\t<meta property=\"og:image:type\" content=\"image\/webp\" \/>\n<meta name=\"twitter:card\" content=\"summary_large_image\" \/>\n<meta name=\"twitter:label1\" content=\"Ber\u00e4knad l\u00e4stid\" \/>\n\t<meta name=\"twitter:data1\" content=\"1 minut\" \/>\n<!-- \/ Yoast SEO plugin. -->","yoast_head_json":{"title":"TRUUSK Balansbalk 210 cm - Hopf\u00e4llbar f\u00f6r Inomhus och Utomhus - Stabil - Upp till 120 kg - Brun - TRUUSK - Hem, Tr\u00e4dg\u00e5rd &amp; Fritid","robots":{"index":"index","follow":"follow","max-snippet":"max-snippet:-1","max-image-preview":"max-image-preview:large","max-video-preview":"max-video-preview:-1"},"canonical":"https:\/\/truusk.store\/sv\/produkt\/truusk-balansbalk-210-cm-hopfallbar-for-inomhus-och-utomhus-stabil-upp-till-120-kg-brun\/","og_locale":"sv_SE","og_type":"article","og_title":"TRUUSK Balansbalk 210 cm - Hopf\u00e4llbar f\u00f6r Inomhus och Utomhus - Stabil - Upp till 120 kg - Brun - TRUUSK - Hem, Tr\u00e4dg\u00e5rd &amp; Fritid","og_description":"Uppt\u00e4ck den ultimata balansbommen f\u00f6r din tr\u00e4ning hemma eller i klubben! Denna hopf\u00e4llbara balansbom med elegant mocka\u00f6verdrag ger dig h\u00f6gsta...","og_url":"https:\/\/truusk.store\/sv\/produkt\/truusk-balansbalk-210-cm-hopfallbar-for-inomhus-och-utomhus-stabil-upp-till-120-kg-brun\/","og_site_name":"TRUUSK - Hem, Tr\u00e4dg\u00e5rd &amp; Fritid","article_modified_time":"2026-03-12T08:41:37+00:00","og_image":[{"width":2000,"height":2000,"url":"https:\/\/i0.wp.com\/truusk.se\/wp-content\/uploads\/2025\/06\/balansbalk-210-cm-hopfallbar-for-inomhus-och-utomhus-gymnastikbalk-balansbalk-upp-till-120-kg-stabil-balansbalk-i-brun-1.webp?fit=2000%2C2000&ssl=1","type":"image\/webp"}],"twitter_card":"summary_large_image","twitter_misc":{"Ber\u00e4knad l\u00e4stid":"1 minut"},"schema":{"@context":"https:\/\/schema.org","@graph":[{"@type":"WebPage","@id":"https:\/\/truusk.store\/sv\/produkt\/truusk-balansbalk-210-cm-hopfallbar-for-inomhus-och-utomhus-stabil-upp-till-120-kg-brun\/","url":"https:\/\/truusk.store\/sv\/produkt\/truusk-balansbalk-210-cm-hopfallbar-for-inomhus-och-utomhus-stabil-upp-till-120-kg-brun\/","name":"TRUUSK Balansbalk 210 cm - Hopf\u00e4llbar f\u00f6r Inomhus och Utomhus - Stabil - Upp till 120 kg - Brun - TRUUSK - Hem, Tr\u00e4dg\u00e5rd &amp; Fritid","isPartOf":{"@id":"https:\/\/truusk.store\/sv\/#website"},"primaryImageOfPage":{"@id":"https:\/\/truusk.store\/sv\/produkt\/truusk-balansbalk-210-cm-hopfallbar-for-inomhus-och-utomhus-stabil-upp-till-120-kg-brun\/#primaryimage"},"image":{"@id":"https:\/\/truusk.store\/sv\/produkt\/truusk-balansbalk-210-cm-hopfallbar-for-inomhus-och-utomhus-stabil-upp-till-120-kg-brun\/#primaryimage"},"thumbnailUrl":"https:\/\/i0.wp.com\/truusk.store\/wp-content\/uploads\/2025\/06\/balansbalk-210-cm-hopfallbar-for-inomhus-och-utomhus-gymnastikbalk-balansbalk-upp-till-120-kg-stabil-balansbalk-i-brun-1.webp?fit=2000%2C2000&ssl=1","datePublished":"2025-06-05T03:32:28+00:00","dateModified":"2026-03-12T08:41:37+00:00","breadcrumb":{"@id":"https:\/\/truusk.store\/sv\/produkt\/truusk-balansbalk-210-cm-hopfallbar-for-inomhus-och-utomhus-stabil-upp-till-120-kg-brun\/#breadcrumb"},"inLanguage":"sv-SE","potentialAction":[{"@type":"ReadAction","target":["https:\/\/truusk.store\/sv\/produkt\/truusk-balansbalk-210-cm-hopfallbar-for-inomhus-och-utomhus-stabil-upp-till-120-kg-brun\/"]}]},{"@type":"ImageObject","inLanguage":"sv-SE","@id":"https:\/\/truusk.store\/sv\/produkt\/truusk-balansbalk-210-cm-hopfallbar-for-inomhus-och-utomhus-stabil-upp-till-120-kg-brun\/#primaryimage","url":"https:\/\/i0.wp.com\/truusk.store\/wp-content\/uploads\/2025\/06\/balansbalk-210-cm-hopfallbar-for-inomhus-och-utomhus-gymnastikbalk-balansbalk-upp-till-120-kg-stabil-balansbalk-i-brun-1.webp?fit=2000%2C2000&ssl=1","contentUrl":"https:\/\/i0.wp.com\/truusk.store\/wp-content\/uploads\/2025\/06\/balansbalk-210-cm-hopfallbar-for-inomhus-och-utomhus-gymnastikbalk-balansbalk-upp-till-120-kg-stabil-balansbalk-i-brun-1.webp?fit=2000%2C2000&ssl=1","width":2000,"height":2000},{"@type":"BreadcrumbList","@id":"https:\/\/truusk.store\/sv\/produkt\/truusk-balansbalk-210-cm-hopfallbar-for-inomhus-och-utomhus-stabil-upp-till-120-kg-brun\/#breadcrumb","itemListElement":[{"@type":"ListItem","position":1,"name":"Home","item":"https:\/\/truusk.store\/sv\/"},{"@type":"ListItem","position":2,"name":"Shop","item":"https:\/\/truusk.store\/shop\/"},{"@type":"ListItem","position":3,"name":"TRUUSK Balansbalk 210 cm &#8211; Hopf\u00e4llbar f\u00f6r Inomhus och Utomhus &#8211; Stabil &#8211; Upp till 120 kg &#8211; Brun"}]},{"@type":"WebSite","@id":"https:\/\/truusk.store\/sv\/#website","url":"https:\/\/truusk.store\/sv\/","name":"TRUUSK - Hem, Tr\u00e4dg\u00e5rd & Fritid","description":"","publisher":{"@id":"https:\/\/truusk.store\/sv\/#organization"},"potentialAction":[{"@type":"SearchAction","target":{"@type":"EntryPoint","urlTemplate":"https:\/\/truusk.store\/sv\/?s={search_term_string}"},"query-input":{"@type":"PropertyValueSpecification","valueRequired":true,"valueName":"search_term_string"}}],"inLanguage":"sv-SE"},{"@type":"Organization","@id":"https:\/\/truusk.store\/sv\/#organization","name":"TRUUSK - Hem, Tr\u00e4dg\u00e5rd & Fritid","url":"https:\/\/truusk.store\/sv\/","logo":{"@type":"ImageObject","inLanguage":"sv-SE","@id":"https:\/\/truusk.store\/sv\/#\/schema\/logo\/image\/","url":"https:\/\/i0.wp.com\/truusk.store\/wp-content\/uploads\/2026\/03\/cropped-TRUUSK.png?fit=2032%2C917&ssl=1","contentUrl":"https:\/\/i0.wp.com\/truusk.store\/wp-content\/uploads\/2026\/03\/cropped-TRUUSK.png?fit=2032%2C917&ssl=1","width":2032,"height":917,"caption":"TRUUSK - Hem, Tr\u00e4dg\u00e5rd & Fritid"},"image":{"@id":"https:\/\/truusk.store\/sv\/#\/schema\/logo\/image\/"}}]}},"jetpack_sharing_enabled":true,"_links":{"self":[{"href":"https:\/\/truusk.store\/sv\/wp-json\/wp\/v2\/product\/61519","targetHints":{"allow":["GET"]}}],"collection":[{"href":"https:\/\/truusk.store\/sv\/wp-json\/wp\/v2\/product"}],"about":[{"href":"https:\/\/truusk.store\/sv\/wp-json\/wp\/v2\/types\/product"}],"wp:featuredmedia":[{"embeddable":true,"href":"https:\/\/truusk.store\/sv\/wp-json\/wp\/v2\/media\/61510"}],"wp:attachment":[{"href":"https:\/\/truusk.store\/sv\/wp-json\/wp\/v2\/media?parent=61519"}],"wp:term":[{"taxonomy":"product_brand","embeddable":true,"href":"https:\/\/truusk.store\/sv\/wp-json\/wp\/v2\/product_brand?post=61519"},{"taxonomy":"product_cat","embeddable":true,"href":"https:\/\/truusk.store\/sv\/wp-json\/wp\/v2\/product_cat?post=61519"},{"taxonomy":"product_tag","embeddable":true,"href":"https:\/\/truusk.store\/sv\/wp-json\/wp\/v2\/product_tag?post=61519"}],"curies":[{"name":"wp","href":"https:\/\/api.w.org\/{rel}","templated":true}]}}