{"id":61539,"date":"2025-06-05T04:34:33","date_gmt":"2025-06-05T03:34:33","guid":{"rendered":"https:\/\/truusk.store\/product\/avsparrningsgrind-for-hund-4-delad-hundgrind-med-dorr-hopfallbar-hundgrind-tra-ljusgra\/"},"modified":"2026-03-12T09:41:30","modified_gmt":"2026-03-12T08:41:30","slug":"truusk-avsparrningsgrind-for-hund-4-delad-med-dorr-hopfallbar-tra-ljusgra","status":"publish","type":"product","link":"https:\/\/truusk.store\/sv\/produkt\/truusk-avsparrningsgrind-for-hund-4-delad-med-dorr-hopfallbar-tra-ljusgra\/","title":{"rendered":"TRUUSK Avsp\u00e4rrningsgrind f\u00f6r Hund &#8211; 4-delad &#8211; Med d\u00f6rr &#8211; Hopf\u00e4llbar &#8211; Tr\u00e4 &#8211; Ljusgr\u00e5"},"content":{"rendered":"<p>Uppt\u00e4ck hundgaller med d\u00f6rr fr\u00e5n TRUUSK &#8211; den perfekta kombinationen av s\u00e4kerhet och stil f\u00f6r ditt hem. Med sina 4 vikbara paneler anpassar sig det frist\u00e5ende hundskyddsgallret flexibelt efter dina behov. Den inbyggda d\u00f6rren g\u00f6r det enkelt f\u00f6r ditt husdjur att komma in och ut. Tack vare den kompakta vikfunktionen kan gallret f\u00f6rvaras platsbesparande. Skydda dina favoriter och f\u00f6rsk\u00f6na samtidigt ditt hem &#8211; med TRUUSK.<\/p>\n<p>Beskrivning:<\/p>\n<ul>\n<li> Tillverkad av h\u00f6gkvalitativt massivt furutr\u00e4, h\u00e5llbart och djurv\u00e4nligt<\/li>\n<li> Best\u00e5r av 4 paneler som h\u00e5lls samman av robusta g\u00e5ngj\u00e4rn<\/li>\n<li> Flexibla anslutningar g\u00f6r det m\u00f6jligt att arrangera panelerna i olika former f\u00f6r en frist\u00e5ende design<\/li>\n<li> L\u00e4mplig f\u00f6r medelstora hundar och mindre. Det rekommenderas att hundens h\u00f6jd vid axeln ska vara mindre \u00e4n 50 cm, vilket \u00e4r l\u00e4mpligt f\u00f6r icke-destruktiva hundar<\/li>\n<li> 2 st\u00f6dben p\u00e5 hundgallret f\u00f6r stabilitet<\/li>\n<li> Anti-slip f\u00f6tter p\u00e5 hundbarri\u00e4ren f\u00f6rhindrar golvskrap och \u00f6kar s\u00e4kerheten avsev\u00e4rt<\/li>\n<li> L\u00e4tt vikbar och tar liten plats<\/li>\n<li> En av d\u00f6rrarna \u00e4r \u00f6ppen s\u00e5 att din hund l\u00e4tt kan komma in och ut<\/li>\n<li> INTE L\u00c4MPLIG F\u00d6R STORA HUNDAR<\/li>\n<\/ul>\n<p> Tekniska data:<\/p>\n<ul>\n<li> F\u00e4rg: Ljusgr\u00e5<\/li>\n<li> Material: Furutr\u00e4<\/li>\n<li> Totala m\u00e5tt: 204L x 36B x 75H cm<\/li>\n<li> Storlek p\u00e5 enskild del: 51L x 75H cm<\/li>\n<li> Vikbar storlek: 51L x 75B x 8,2T cm<\/li>\n<li> D\u00f6rrstorlek: 39L x 66H cm<\/li>\n<li> St\u00f6dbensstorlek: 36L cm<\/li>\n<li> St\u00e5ngstorlek: 4,5 cm<\/li>\n<\/ul>\n<p> Leveransinneh\u00e5ll:<\/p>\n<ul>\n<li> 1 x Skyddsgaller<\/li>\n<li> 1 x Instruktioner<\/li>\n<\/ul>\n","protected":false},"excerpt":{"rendered":"<p>Uppt\u00e4ck hundgaller med d\u00f6rr fr\u00e5n TRUUSK &#8211; den perfekta kombinationen av s\u00e4kerhet och stil f\u00f6r ditt hem. Med sina 4&#8230;<\/p>\n","protected":false},"featured_media":61530,"template":"","meta":[],"product_brand":[],"product_cat":[878,948,574],"product_tag":[],"class_list":{"0":"post-61539","1":"product","2":"type-product","3":"status-publish","4":"has-post-thumbnail","6":"product_cat-djurbehov","7":"product_cat-hundgaller-skiljevaggar","8":"product_cat-hundtillbehor","10":"first","11":"instock","12":"sale","13":"taxable","14":"shipping-taxable","15":"purchasable","16":"product-type-simple"},"yoast_head":"<!-- This site is optimized with the Yoast SEO plugin v25.4 - https:\/\/yoast.com\/wordpress\/plugins\/seo\/ -->\n<title>TRUUSK Avsp\u00e4rrningsgrind f\u00f6r Hund - 4-delad - Med d\u00f6rr - Hopf\u00e4llbar - Tr\u00e4 - Ljusgr\u00e5 - TRUUSK - Hem, Tr\u00e4dg\u00e5rd &amp; Fritid<\/title>\n<meta name=\"robots\" content=\"index, follow, max-snippet:-1, max-image-preview:large, max-video-preview:-1\" \/>\n<link rel=\"canonical\" href=\"https:\/\/truusk.store\/sv\/produkt\/truusk-avsparrningsgrind-for-hund-4-delad-med-dorr-hopfallbar-tra-ljusgra\/\" \/>\n<meta property=\"og:locale\" content=\"sv_SE\" \/>\n<meta property=\"og:type\" content=\"article\" \/>\n<meta property=\"og:title\" content=\"TRUUSK Avsp\u00e4rrningsgrind f\u00f6r Hund - 4-delad - Med d\u00f6rr - Hopf\u00e4llbar - Tr\u00e4 - Ljusgr\u00e5 - TRUUSK - Hem, Tr\u00e4dg\u00e5rd &amp; Fritid\" \/>\n<meta property=\"og:description\" content=\"Uppt\u00e4ck hundgaller med d\u00f6rr fr\u00e5n TRUUSK &#8211; den perfekta kombinationen av s\u00e4kerhet och stil f\u00f6r ditt hem. Med sina 4...\" \/>\n<meta property=\"og:url\" content=\"https:\/\/truusk.store\/sv\/produkt\/truusk-avsparrningsgrind-for-hund-4-delad-med-dorr-hopfallbar-tra-ljusgra\/\" \/>\n<meta property=\"og:site_name\" content=\"TRUUSK - Hem, Tr\u00e4dg\u00e5rd &amp; Fritid\" \/>\n<meta property=\"article:modified_time\" content=\"2026-03-12T08:41:30+00:00\" \/>\n<meta property=\"og:image\" content=\"https:\/\/i0.wp.com\/truusk.se\/wp-content\/uploads\/2025\/06\/avsparrningsgrind-for-hund-4-delad-hundgrind-med-dorr-hopfallbar-hundgrind-tra-ljusgra-1.webp?fit=2000%2C2000&ssl=1\" \/>\n\t<meta property=\"og:image:width\" content=\"2000\" \/>\n\t<meta property=\"og:image:height\" content=\"2000\" \/>\n\t<meta property=\"og:image:type\" content=\"image\/webp\" \/>\n<meta name=\"twitter:card\" content=\"summary_large_image\" \/>\n<meta name=\"twitter:label1\" content=\"Ber\u00e4knad l\u00e4stid\" \/>\n\t<meta name=\"twitter:data1\" content=\"1 minut\" \/>\n<!-- \/ Yoast SEO plugin. -->","yoast_head_json":{"title":"TRUUSK Avsp\u00e4rrningsgrind f\u00f6r Hund - 4-delad - Med d\u00f6rr - Hopf\u00e4llbar - Tr\u00e4 - Ljusgr\u00e5 - TRUUSK - Hem, Tr\u00e4dg\u00e5rd &amp; Fritid","robots":{"index":"index","follow":"follow","max-snippet":"max-snippet:-1","max-image-preview":"max-image-preview:large","max-video-preview":"max-video-preview:-1"},"canonical":"https:\/\/truusk.store\/sv\/produkt\/truusk-avsparrningsgrind-for-hund-4-delad-med-dorr-hopfallbar-tra-ljusgra\/","og_locale":"sv_SE","og_type":"article","og_title":"TRUUSK Avsp\u00e4rrningsgrind f\u00f6r Hund - 4-delad - Med d\u00f6rr - Hopf\u00e4llbar - Tr\u00e4 - Ljusgr\u00e5 - TRUUSK - Hem, Tr\u00e4dg\u00e5rd &amp; Fritid","og_description":"Uppt\u00e4ck hundgaller med d\u00f6rr fr\u00e5n TRUUSK &#8211; den perfekta kombinationen av s\u00e4kerhet och stil f\u00f6r ditt hem. Med sina 4...","og_url":"https:\/\/truusk.store\/sv\/produkt\/truusk-avsparrningsgrind-for-hund-4-delad-med-dorr-hopfallbar-tra-ljusgra\/","og_site_name":"TRUUSK - Hem, Tr\u00e4dg\u00e5rd &amp; Fritid","article_modified_time":"2026-03-12T08:41:30+00:00","og_image":[{"width":2000,"height":2000,"url":"https:\/\/i0.wp.com\/truusk.se\/wp-content\/uploads\/2025\/06\/avsparrningsgrind-for-hund-4-delad-hundgrind-med-dorr-hopfallbar-hundgrind-tra-ljusgra-1.webp?fit=2000%2C2000&ssl=1","type":"image\/webp"}],"twitter_card":"summary_large_image","twitter_misc":{"Ber\u00e4knad l\u00e4stid":"1 minut"},"schema":{"@context":"https:\/\/schema.org","@graph":[{"@type":"WebPage","@id":"https:\/\/truusk.store\/sv\/produkt\/truusk-avsparrningsgrind-for-hund-4-delad-med-dorr-hopfallbar-tra-ljusgra\/","url":"https:\/\/truusk.store\/sv\/produkt\/truusk-avsparrningsgrind-for-hund-4-delad-med-dorr-hopfallbar-tra-ljusgra\/","name":"TRUUSK Avsp\u00e4rrningsgrind f\u00f6r Hund - 4-delad - Med d\u00f6rr - Hopf\u00e4llbar - Tr\u00e4 - Ljusgr\u00e5 - TRUUSK - Hem, Tr\u00e4dg\u00e5rd &amp; Fritid","isPartOf":{"@id":"https:\/\/truusk.store\/sv\/#website"},"primaryImageOfPage":{"@id":"https:\/\/truusk.store\/sv\/produkt\/truusk-avsparrningsgrind-for-hund-4-delad-med-dorr-hopfallbar-tra-ljusgra\/#primaryimage"},"image":{"@id":"https:\/\/truusk.store\/sv\/produkt\/truusk-avsparrningsgrind-for-hund-4-delad-med-dorr-hopfallbar-tra-ljusgra\/#primaryimage"},"thumbnailUrl":"https:\/\/i0.wp.com\/truusk.store\/wp-content\/uploads\/2025\/06\/avsparrningsgrind-for-hund-4-delad-hundgrind-med-dorr-hopfallbar-hundgrind-tra-ljusgra-1.webp?fit=2000%2C2000&ssl=1","datePublished":"2025-06-05T03:34:33+00:00","dateModified":"2026-03-12T08:41:30+00:00","breadcrumb":{"@id":"https:\/\/truusk.store\/sv\/produkt\/truusk-avsparrningsgrind-for-hund-4-delad-med-dorr-hopfallbar-tra-ljusgra\/#breadcrumb"},"inLanguage":"sv-SE","potentialAction":[{"@type":"ReadAction","target":["https:\/\/truusk.store\/sv\/produkt\/truusk-avsparrningsgrind-for-hund-4-delad-med-dorr-hopfallbar-tra-ljusgra\/"]}]},{"@type":"ImageObject","inLanguage":"sv-SE","@id":"https:\/\/truusk.store\/sv\/produkt\/truusk-avsparrningsgrind-for-hund-4-delad-med-dorr-hopfallbar-tra-ljusgra\/#primaryimage","url":"https:\/\/i0.wp.com\/truusk.store\/wp-content\/uploads\/2025\/06\/avsparrningsgrind-for-hund-4-delad-hundgrind-med-dorr-hopfallbar-hundgrind-tra-ljusgra-1.webp?fit=2000%2C2000&ssl=1","contentUrl":"https:\/\/i0.wp.com\/truusk.store\/wp-content\/uploads\/2025\/06\/avsparrningsgrind-for-hund-4-delad-hundgrind-med-dorr-hopfallbar-hundgrind-tra-ljusgra-1.webp?fit=2000%2C2000&ssl=1","width":2000,"height":2000},{"@type":"BreadcrumbList","@id":"https:\/\/truusk.store\/sv\/produkt\/truusk-avsparrningsgrind-for-hund-4-delad-med-dorr-hopfallbar-tra-ljusgra\/#breadcrumb","itemListElement":[{"@type":"ListItem","position":1,"name":"Home","item":"https:\/\/truusk.store\/sv\/"},{"@type":"ListItem","position":2,"name":"Shop","item":"https:\/\/truusk.store\/shop\/"},{"@type":"ListItem","position":3,"name":"TRUUSK Avsp\u00e4rrningsgrind f\u00f6r Hund &#8211; 4-delad &#8211; Med d\u00f6rr &#8211; Hopf\u00e4llbar &#8211; Tr\u00e4 &#8211; Ljusgr\u00e5"}]},{"@type":"WebSite","@id":"https:\/\/truusk.store\/sv\/#website","url":"https:\/\/truusk.store\/sv\/","name":"TRUUSK - Hem, Tr\u00e4dg\u00e5rd & Fritid","description":"","publisher":{"@id":"https:\/\/truusk.store\/sv\/#organization"},"potentialAction":[{"@type":"SearchAction","target":{"@type":"EntryPoint","urlTemplate":"https:\/\/truusk.store\/sv\/?s={search_term_string}"},"query-input":{"@type":"PropertyValueSpecification","valueRequired":true,"valueName":"search_term_string"}}],"inLanguage":"sv-SE"},{"@type":"Organization","@id":"https:\/\/truusk.store\/sv\/#organization","name":"TRUUSK - Hem, Tr\u00e4dg\u00e5rd & Fritid","url":"https:\/\/truusk.store\/sv\/","logo":{"@type":"ImageObject","inLanguage":"sv-SE","@id":"https:\/\/truusk.store\/sv\/#\/schema\/logo\/image\/","url":"https:\/\/i0.wp.com\/truusk.store\/wp-content\/uploads\/2026\/03\/cropped-TRUUSK.png?fit=2032%2C917&ssl=1","contentUrl":"https:\/\/i0.wp.com\/truusk.store\/wp-content\/uploads\/2026\/03\/cropped-TRUUSK.png?fit=2032%2C917&ssl=1","width":2032,"height":917,"caption":"TRUUSK - Hem, Tr\u00e4dg\u00e5rd & Fritid"},"image":{"@id":"https:\/\/truusk.store\/sv\/#\/schema\/logo\/image\/"}}]}},"jetpack_sharing_enabled":true,"_links":{"self":[{"href":"https:\/\/truusk.store\/sv\/wp-json\/wp\/v2\/product\/61539","targetHints":{"allow":["GET"]}}],"collection":[{"href":"https:\/\/truusk.store\/sv\/wp-json\/wp\/v2\/product"}],"about":[{"href":"https:\/\/truusk.store\/sv\/wp-json\/wp\/v2\/types\/product"}],"wp:featuredmedia":[{"embeddable":true,"href":"https:\/\/truusk.store\/sv\/wp-json\/wp\/v2\/media\/61530"}],"wp:attachment":[{"href":"https:\/\/truusk.store\/sv\/wp-json\/wp\/v2\/media?parent=61539"}],"wp:term":[{"taxonomy":"product_brand","embeddable":true,"href":"https:\/\/truusk.store\/sv\/wp-json\/wp\/v2\/product_brand?post=61539"},{"taxonomy":"product_cat","embeddable":true,"href":"https:\/\/truusk.store\/sv\/wp-json\/wp\/v2\/product_cat?post=61539"},{"taxonomy":"product_tag","embeddable":true,"href":"https:\/\/truusk.store\/sv\/wp-json\/wp\/v2\/product_tag?post=61539"}],"curies":[{"name":"wp","href":"https:\/\/api.w.org\/{rel}","templated":true}]}}