{"id":61579,"date":"2025-06-05T04:38:28","date_gmt":"2025-06-05T03:38:28","guid":{"rendered":"https:\/\/truusk.store\/product\/hundbur-for-hemmet-lasbar-hundlada-med-2-ingangar-hundhus-for-sma-hundar-brun-585-x-81-x-66-cm\/"},"modified":"2026-03-12T08:55:53","modified_gmt":"2026-03-12T07:55:53","slug":"truusk-hundbur-med-lasbara-2-ingangar-for-sma-hundar-brun-585-x-81-x-66-cm","status":"publish","type":"product","link":"https:\/\/truusk.store\/sv\/produkt\/truusk-hundbur-med-lasbara-2-ingangar-for-sma-hundar-brun-585-x-81-x-66-cm\/","title":{"rendered":"TRUUSK Hundbur med L\u00e5sbara 2 Ing\u00e5ngar &#8211; F\u00f6r Sm\u00e5 Hundar &#8211; Brun &#8211; 58,5 x 81 x 66 cm"},"content":{"rendered":"<p>Uppt\u00e4ck den perfekta kombinationen av stil och funktionalitet med TRUUSK hundbur. Denna praktiska hundbur erbjuder en mysig viloplats f\u00f6r din fyrbenta v\u00e4n. Tack vare d\u00f6rrarna p\u00e5 b\u00e5da sidor har du alltid enkel tillg\u00e5ng. Tillverkad av h\u00f6gkvalitativa material, sm\u00e4lter det enkla men charmiga designen av hundhuset s\u00f6ml\u00f6st in i alla inredningar och lovar h\u00e5llbarhet. Skapa ett dekorativt hem f\u00f6r din p\u00e4lsn\u00e4sa!<\/p>\n<p>Beskrivning:<\/p>\n<ul>\n<li> Tv\u00e5 ing\u00e5ngar: M\u00f6jligg\u00f6r tillg\u00e5ng fr\u00e5n alla vinklar och underl\u00e4ttar f\u00f6r din hund att komma in<\/li>\n<li> H\u00e5llbart MDF-material: Solid och robust f\u00f6r en l\u00e5ng livsl\u00e4ngd<\/li>\n<li> Modern design av hundburen: Svarta l\u00e5s och b\u00e5gformade f\u00f6nsterformer p\u00e5 sidov\u00e4ggarna<\/li>\n<li> L\u00e5sbar: F\u00f6r extra s\u00e4kerhet<\/li>\n<li> Franska d\u00f6rrar och enkel d\u00f6rr till hundkojan: F\u00f6r m\u00e5ngsidig anv\u00e4ndning<\/li>\n<li> L\u00e4mplig f\u00f6r medelstora och sm\u00e5 hundar: Upp till 20 kg och 65 cm l\u00e5nga<\/li>\n<li> Montering kr\u00e4vs<\/li>\n<li>Obs: Med st\u00e4ngda d\u00f6rrar \u00e4r denna hundbur endast l\u00e4mplig f\u00f6r kortvarig inkvartering eller f\u00f6r transport av din hund. Hundar b\u00f6r aldrig h\u00e5llas inl\u00e5sta i en bur under en l\u00e4ngre tid<\/li>\n<\/ul>\n<p> Tekniska specifikationer:<\/p>\n<ul>\n<li> F\u00e4rg: Brun<\/li>\n<li> Material: MDF, Metall<\/li>\n<li> Totala m\u00e5tt: 58,5L x 81,B x 66H cm<\/li>\n<li> Storlek p\u00e5 fr\u00e4mre d\u00f6rren: 45B x 53H cm<\/li>\n<li> Storlek p\u00e5 sidod\u00f6rren: (Enkeld\u00f6rrstorlek) 35B x 53H cm<\/li>\n<li> MDF-tjocklek: 1,2 cm<\/li>\n<li> B\u00e4rkapacitet: 30 kg<\/li>\n<\/ul>\n<p>Leveransinneh\u00e5ll:<\/p>\n<ul>\n<li> 1 x Hundbur<\/li>\n<li> 1 x Instruktioner<\/li>\n<\/ul>\n","protected":false},"excerpt":{"rendered":"<p>Uppt\u00e4ck den perfekta kombinationen av stil och funktionalitet med TRUUSK hundbur. Denna praktiska hundbur erbjuder en mysig viloplats f\u00f6r din&#8230;<\/p>\n","protected":false},"featured_media":61570,"template":"","meta":[],"product_brand":[],"product_cat":[878,583,574],"product_tag":[],"class_list":{"0":"post-61579","1":"product","2":"type-product","3":"status-publish","4":"has-post-thumbnail","6":"product_cat-djurbehov","7":"product_cat-hundburar","8":"product_cat-hundtillbehor","10":"first","11":"instock","12":"sale","13":"taxable","14":"shipping-taxable","15":"purchasable","16":"product-type-simple"},"yoast_head":"<!-- This site is optimized with the Yoast SEO plugin v25.4 - https:\/\/yoast.com\/wordpress\/plugins\/seo\/ -->\n<title>TRUUSK Hundbur med L\u00e5sbara 2 Ing\u00e5ngar - F\u00f6r Sm\u00e5 Hundar - Brun - 58,5 x 81 x 66 cm - TRUUSK - Hem, Tr\u00e4dg\u00e5rd &amp; Fritid<\/title>\n<meta name=\"robots\" content=\"index, follow, max-snippet:-1, max-image-preview:large, max-video-preview:-1\" \/>\n<link rel=\"canonical\" href=\"https:\/\/truusk.store\/sv\/produkt\/truusk-hundbur-med-lasbara-2-ingangar-for-sma-hundar-brun-585-x-81-x-66-cm\/\" \/>\n<meta property=\"og:locale\" content=\"sv_SE\" \/>\n<meta property=\"og:type\" content=\"article\" \/>\n<meta property=\"og:title\" content=\"TRUUSK Hundbur med L\u00e5sbara 2 Ing\u00e5ngar - F\u00f6r Sm\u00e5 Hundar - Brun - 58,5 x 81 x 66 cm - TRUUSK - Hem, Tr\u00e4dg\u00e5rd &amp; Fritid\" \/>\n<meta property=\"og:description\" content=\"Uppt\u00e4ck den perfekta kombinationen av stil och funktionalitet med TRUUSK hundbur. Denna praktiska hundbur erbjuder en mysig viloplats f\u00f6r din...\" \/>\n<meta property=\"og:url\" content=\"https:\/\/truusk.store\/sv\/produkt\/truusk-hundbur-med-lasbara-2-ingangar-for-sma-hundar-brun-585-x-81-x-66-cm\/\" \/>\n<meta property=\"og:site_name\" content=\"TRUUSK - Hem, Tr\u00e4dg\u00e5rd &amp; Fritid\" \/>\n<meta property=\"article:modified_time\" content=\"2026-03-12T07:55:53+00:00\" \/>\n<meta property=\"og:image\" content=\"https:\/\/i0.wp.com\/truusk.se\/wp-content\/uploads\/2025\/06\/hundbur-for-hemmet-lasbar-hundlada-med-2-ingangar-hundhus-for-sma-hundar-brun-585-x-81-x-66-cm-1.webp?fit=2000%2C2000&ssl=1\" \/>\n\t<meta property=\"og:image:width\" content=\"2000\" \/>\n\t<meta property=\"og:image:height\" content=\"2000\" \/>\n\t<meta property=\"og:image:type\" content=\"image\/webp\" \/>\n<meta name=\"twitter:card\" content=\"summary_large_image\" \/>\n<meta name=\"twitter:label1\" content=\"Ber\u00e4knad l\u00e4stid\" \/>\n\t<meta name=\"twitter:data1\" content=\"1 minut\" \/>\n<!-- \/ Yoast SEO plugin. -->","yoast_head_json":{"title":"TRUUSK Hundbur med L\u00e5sbara 2 Ing\u00e5ngar - F\u00f6r Sm\u00e5 Hundar - Brun - 58,5 x 81 x 66 cm - TRUUSK - Hem, Tr\u00e4dg\u00e5rd &amp; Fritid","robots":{"index":"index","follow":"follow","max-snippet":"max-snippet:-1","max-image-preview":"max-image-preview:large","max-video-preview":"max-video-preview:-1"},"canonical":"https:\/\/truusk.store\/sv\/produkt\/truusk-hundbur-med-lasbara-2-ingangar-for-sma-hundar-brun-585-x-81-x-66-cm\/","og_locale":"sv_SE","og_type":"article","og_title":"TRUUSK Hundbur med L\u00e5sbara 2 Ing\u00e5ngar - F\u00f6r Sm\u00e5 Hundar - Brun - 58,5 x 81 x 66 cm - TRUUSK - Hem, Tr\u00e4dg\u00e5rd &amp; Fritid","og_description":"Uppt\u00e4ck den perfekta kombinationen av stil och funktionalitet med TRUUSK hundbur. Denna praktiska hundbur erbjuder en mysig viloplats f\u00f6r din...","og_url":"https:\/\/truusk.store\/sv\/produkt\/truusk-hundbur-med-lasbara-2-ingangar-for-sma-hundar-brun-585-x-81-x-66-cm\/","og_site_name":"TRUUSK - Hem, Tr\u00e4dg\u00e5rd &amp; Fritid","article_modified_time":"2026-03-12T07:55:53+00:00","og_image":[{"width":2000,"height":2000,"url":"https:\/\/i0.wp.com\/truusk.se\/wp-content\/uploads\/2025\/06\/hundbur-for-hemmet-lasbar-hundlada-med-2-ingangar-hundhus-for-sma-hundar-brun-585-x-81-x-66-cm-1.webp?fit=2000%2C2000&ssl=1","type":"image\/webp"}],"twitter_card":"summary_large_image","twitter_misc":{"Ber\u00e4knad l\u00e4stid":"1 minut"},"schema":{"@context":"https:\/\/schema.org","@graph":[{"@type":"WebPage","@id":"https:\/\/truusk.store\/sv\/produkt\/truusk-hundbur-med-lasbara-2-ingangar-for-sma-hundar-brun-585-x-81-x-66-cm\/","url":"https:\/\/truusk.store\/sv\/produkt\/truusk-hundbur-med-lasbara-2-ingangar-for-sma-hundar-brun-585-x-81-x-66-cm\/","name":"TRUUSK Hundbur med L\u00e5sbara 2 Ing\u00e5ngar - F\u00f6r Sm\u00e5 Hundar - Brun - 58,5 x 81 x 66 cm - TRUUSK - Hem, Tr\u00e4dg\u00e5rd &amp; Fritid","isPartOf":{"@id":"https:\/\/truusk.store\/sv\/#website"},"primaryImageOfPage":{"@id":"https:\/\/truusk.store\/sv\/produkt\/truusk-hundbur-med-lasbara-2-ingangar-for-sma-hundar-brun-585-x-81-x-66-cm\/#primaryimage"},"image":{"@id":"https:\/\/truusk.store\/sv\/produkt\/truusk-hundbur-med-lasbara-2-ingangar-for-sma-hundar-brun-585-x-81-x-66-cm\/#primaryimage"},"thumbnailUrl":"https:\/\/i0.wp.com\/truusk.store\/wp-content\/uploads\/2025\/06\/hundbur-for-hemmet-lasbar-hundlada-med-2-ingangar-hundhus-for-sma-hundar-brun-585-x-81-x-66-cm-1.webp?fit=2000%2C2000&ssl=1","datePublished":"2025-06-05T03:38:28+00:00","dateModified":"2026-03-12T07:55:53+00:00","breadcrumb":{"@id":"https:\/\/truusk.store\/sv\/produkt\/truusk-hundbur-med-lasbara-2-ingangar-for-sma-hundar-brun-585-x-81-x-66-cm\/#breadcrumb"},"inLanguage":"sv-SE","potentialAction":[{"@type":"ReadAction","target":["https:\/\/truusk.store\/sv\/produkt\/truusk-hundbur-med-lasbara-2-ingangar-for-sma-hundar-brun-585-x-81-x-66-cm\/"]}]},{"@type":"ImageObject","inLanguage":"sv-SE","@id":"https:\/\/truusk.store\/sv\/produkt\/truusk-hundbur-med-lasbara-2-ingangar-for-sma-hundar-brun-585-x-81-x-66-cm\/#primaryimage","url":"https:\/\/i0.wp.com\/truusk.store\/wp-content\/uploads\/2025\/06\/hundbur-for-hemmet-lasbar-hundlada-med-2-ingangar-hundhus-for-sma-hundar-brun-585-x-81-x-66-cm-1.webp?fit=2000%2C2000&ssl=1","contentUrl":"https:\/\/i0.wp.com\/truusk.store\/wp-content\/uploads\/2025\/06\/hundbur-for-hemmet-lasbar-hundlada-med-2-ingangar-hundhus-for-sma-hundar-brun-585-x-81-x-66-cm-1.webp?fit=2000%2C2000&ssl=1","width":2000,"height":2000},{"@type":"BreadcrumbList","@id":"https:\/\/truusk.store\/sv\/produkt\/truusk-hundbur-med-lasbara-2-ingangar-for-sma-hundar-brun-585-x-81-x-66-cm\/#breadcrumb","itemListElement":[{"@type":"ListItem","position":1,"name":"Home","item":"https:\/\/truusk.store\/sv\/"},{"@type":"ListItem","position":2,"name":"Shop","item":"https:\/\/truusk.store\/shop\/"},{"@type":"ListItem","position":3,"name":"TRUUSK Hundbur med L\u00e5sbara 2 Ing\u00e5ngar &#8211; F\u00f6r Sm\u00e5 Hundar &#8211; Brun &#8211; 58,5 x 81 x 66 cm"}]},{"@type":"WebSite","@id":"https:\/\/truusk.store\/sv\/#website","url":"https:\/\/truusk.store\/sv\/","name":"TRUUSK - Hem, Tr\u00e4dg\u00e5rd & Fritid","description":"","publisher":{"@id":"https:\/\/truusk.store\/sv\/#organization"},"potentialAction":[{"@type":"SearchAction","target":{"@type":"EntryPoint","urlTemplate":"https:\/\/truusk.store\/sv\/?s={search_term_string}"},"query-input":{"@type":"PropertyValueSpecification","valueRequired":true,"valueName":"search_term_string"}}],"inLanguage":"sv-SE"},{"@type":"Organization","@id":"https:\/\/truusk.store\/sv\/#organization","name":"TRUUSK - Hem, Tr\u00e4dg\u00e5rd & Fritid","url":"https:\/\/truusk.store\/sv\/","logo":{"@type":"ImageObject","inLanguage":"sv-SE","@id":"https:\/\/truusk.store\/sv\/#\/schema\/logo\/image\/","url":"https:\/\/i0.wp.com\/truusk.store\/wp-content\/uploads\/2026\/03\/cropped-TRUUSK.png?fit=2032%2C917&ssl=1","contentUrl":"https:\/\/i0.wp.com\/truusk.store\/wp-content\/uploads\/2026\/03\/cropped-TRUUSK.png?fit=2032%2C917&ssl=1","width":2032,"height":917,"caption":"TRUUSK - Hem, Tr\u00e4dg\u00e5rd & Fritid"},"image":{"@id":"https:\/\/truusk.store\/sv\/#\/schema\/logo\/image\/"}}]}},"jetpack_sharing_enabled":true,"_links":{"self":[{"href":"https:\/\/truusk.store\/sv\/wp-json\/wp\/v2\/product\/61579","targetHints":{"allow":["GET"]}}],"collection":[{"href":"https:\/\/truusk.store\/sv\/wp-json\/wp\/v2\/product"}],"about":[{"href":"https:\/\/truusk.store\/sv\/wp-json\/wp\/v2\/types\/product"}],"wp:featuredmedia":[{"embeddable":true,"href":"https:\/\/truusk.store\/sv\/wp-json\/wp\/v2\/media\/61570"}],"wp:attachment":[{"href":"https:\/\/truusk.store\/sv\/wp-json\/wp\/v2\/media?parent=61579"}],"wp:term":[{"taxonomy":"product_brand","embeddable":true,"href":"https:\/\/truusk.store\/sv\/wp-json\/wp\/v2\/product_brand?post=61579"},{"taxonomy":"product_cat","embeddable":true,"href":"https:\/\/truusk.store\/sv\/wp-json\/wp\/v2\/product_cat?post=61579"},{"taxonomy":"product_tag","embeddable":true,"href":"https:\/\/truusk.store\/sv\/wp-json\/wp\/v2\/product_tag?post=61579"}],"curies":[{"name":"wp","href":"https:\/\/api.w.org\/{rel}","templated":true}]}}