{"id":61589,"date":"2025-06-05T04:39:27","date_gmt":"2025-06-05T03:39:27","guid":{"rendered":"https:\/\/truusk.store\/product\/kommode-fur-kinderzimmer-4-ebenen-spielzeug-organizer-stauraum-fur-spielzeug-blau\/"},"modified":"2026-03-12T09:42:28","modified_gmt":"2026-03-12T08:42:28","slug":"truusk-forvaringsskap-for-barnrum-4-nivaer-leksaksorganisator-bla","status":"publish","type":"product","link":"https:\/\/truusk.store\/sv\/produkt\/truusk-forvaringsskap-for-barnrum-4-nivaer-leksaksorganisator-bla\/","title":{"rendered":"TRUUSK F\u00f6rvaringssk\u00e5p f\u00f6r barnrum &#8211; 4 niv\u00e5er leksaksorganisat\u00f6r &#8211; Bl\u00e5"},"content":{"rendered":"<p>Med de vackra f\u00f6rvaringsl\u00e5dorna fr\u00e5n TRUUSK blir det en fr\u00f6jd att h\u00e5lla ordning! Den barnv\u00e4nliga designen med rundade kanter ger b\u00e5de s\u00e4kerhet och roligt p\u00e5 samma g\u00e5ng. Fyra rymliga l\u00e5dor erbjuder gott om plats f\u00f6r leksaker, kl\u00e4der, kuddar och andra saker. S\u00e5 st\u00e4dning blir en barnlek. Skapa gl\u00e4dje och ordning i barnrummet &#8211; med de praktiska f\u00f6rvaringsl\u00e5dorna fr\u00e5n TRUUSK!<\/p>\n<p>Beskrivning:<\/p>\n<ul>\n<li> Fyra stora l\u00e5dor och en bred yta erbjuder gener\u00f6st f\u00f6rvaringsutrymme f\u00f6r leksaker, kl\u00e4der, dockor, kuddar och mer<\/li>\n<li> Rund polerad kant f\u00f6rhindrar att ditt barn skadar sig<\/li>\n<li> Bl\u00e5a f\u00e4rgtoner g\u00f6r f\u00f6rvaringsl\u00e5dorna till en fantastisk dekoration f\u00f6r barnrummet<\/li>\n<li> Den h\u00f6jda designen skyddar mot fukt underifr\u00e5n<\/li>\n<li> Idealisk f\u00f6r sovrum, barnrum, daghem eller vardagsrum &#8211; \u00f6verallt d\u00e4r extra utrymme beh\u00f6vs<\/li>\n<li> Enkel och barnv\u00e4nlig design f\u00f6r utdragning<\/li>\n<li> Montering kr\u00e4vs<\/li>\n<\/ul>\n<p>Tekniska data:<\/p>\n<ul>\n<li> F\u00e4rg: Bl\u00e5<\/li>\n<li> Material: Plast<\/li>\n<li> Totala m\u00e5tt: 37L x 37B x 76H cm<\/li>\n<li> L\u00e5dstorlek (inre utrymme): 33L x 31,5B x 15H cm<\/li>\n<li> H\u00f6jd p\u00e5 f\u00f6tterna: 2,5 cm<\/li>\n<li> Belastningskapacitet (varje niv\u00e5): 10 kg<\/li>\n<\/ul>\n<p>Leveransinneh\u00e5ll:<\/p>\n<ul>\n<li> 1 x F\u00f6rvaringsl\u00e5da<\/li>\n<li> 1 x Instruktion<\/li>\n<\/ul>\n","protected":false},"excerpt":{"rendered":"<p>Med de vackra f\u00f6rvaringsl\u00e5dorna fr\u00e5n TRUUSK blir det en fr\u00f6jd att h\u00e5lla ordning! Den barnv\u00e4nliga designen med rundade kanter ger&#8230;<\/p>\n","protected":false},"featured_media":61580,"template":"","meta":[],"product_brand":[],"product_cat":[880,631,909],"product_tag":[],"class_list":{"0":"post-61589","1":"product","2":"type-product","3":"status-publish","4":"has-post-thumbnail","6":"product_cat-baby-barn-2","7":"product_cat-barnmobler","8":"product_cat-forvaring-av-leksaker","10":"first","11":"instock","12":"sale","13":"taxable","14":"shipping-taxable","15":"purchasable","16":"product-type-simple"},"yoast_head":"<!-- This site is optimized with the Yoast SEO plugin v25.4 - https:\/\/yoast.com\/wordpress\/plugins\/seo\/ -->\n<title>TRUUSK F\u00f6rvaringssk\u00e5p f\u00f6r barnrum - 4 niv\u00e5er leksaksorganisat\u00f6r - Bl\u00e5 - TRUUSK - Hem, Tr\u00e4dg\u00e5rd &amp; Fritid<\/title>\n<meta name=\"robots\" content=\"index, follow, max-snippet:-1, max-image-preview:large, max-video-preview:-1\" \/>\n<link rel=\"canonical\" href=\"https:\/\/truusk.store\/sv\/produkt\/truusk-forvaringsskap-for-barnrum-4-nivaer-leksaksorganisator-bla\/\" \/>\n<meta property=\"og:locale\" content=\"sv_SE\" \/>\n<meta property=\"og:type\" content=\"article\" \/>\n<meta property=\"og:title\" content=\"TRUUSK F\u00f6rvaringssk\u00e5p f\u00f6r barnrum - 4 niv\u00e5er leksaksorganisat\u00f6r - Bl\u00e5 - TRUUSK - Hem, Tr\u00e4dg\u00e5rd &amp; Fritid\" \/>\n<meta property=\"og:description\" content=\"Med de vackra f\u00f6rvaringsl\u00e5dorna fr\u00e5n TRUUSK blir det en fr\u00f6jd att h\u00e5lla ordning! Den barnv\u00e4nliga designen med rundade kanter ger...\" \/>\n<meta property=\"og:url\" content=\"https:\/\/truusk.store\/sv\/produkt\/truusk-forvaringsskap-for-barnrum-4-nivaer-leksaksorganisator-bla\/\" \/>\n<meta property=\"og:site_name\" content=\"TRUUSK - Hem, Tr\u00e4dg\u00e5rd &amp; Fritid\" \/>\n<meta property=\"article:modified_time\" content=\"2026-03-12T08:42:28+00:00\" \/>\n<meta property=\"og:image\" content=\"https:\/\/i0.wp.com\/truusk.se\/wp-content\/uploads\/2025\/06\/kommode-fur-kinderzimmer-4-ebenen-spielzeug-organizer-stauraum-fur-spielzeug-blau-1.webp?fit=2000%2C2000&ssl=1\" \/>\n\t<meta property=\"og:image:width\" content=\"2000\" \/>\n\t<meta property=\"og:image:height\" content=\"2000\" \/>\n\t<meta property=\"og:image:type\" content=\"image\/webp\" \/>\n<meta name=\"twitter:card\" content=\"summary_large_image\" \/>\n<meta name=\"twitter:label1\" content=\"Ber\u00e4knad l\u00e4stid\" \/>\n\t<meta name=\"twitter:data1\" content=\"1 minut\" \/>\n<!-- \/ Yoast SEO plugin. -->","yoast_head_json":{"title":"TRUUSK F\u00f6rvaringssk\u00e5p f\u00f6r barnrum - 4 niv\u00e5er leksaksorganisat\u00f6r - Bl\u00e5 - TRUUSK - Hem, Tr\u00e4dg\u00e5rd &amp; Fritid","robots":{"index":"index","follow":"follow","max-snippet":"max-snippet:-1","max-image-preview":"max-image-preview:large","max-video-preview":"max-video-preview:-1"},"canonical":"https:\/\/truusk.store\/sv\/produkt\/truusk-forvaringsskap-for-barnrum-4-nivaer-leksaksorganisator-bla\/","og_locale":"sv_SE","og_type":"article","og_title":"TRUUSK F\u00f6rvaringssk\u00e5p f\u00f6r barnrum - 4 niv\u00e5er leksaksorganisat\u00f6r - Bl\u00e5 - TRUUSK - Hem, Tr\u00e4dg\u00e5rd &amp; Fritid","og_description":"Med de vackra f\u00f6rvaringsl\u00e5dorna fr\u00e5n TRUUSK blir det en fr\u00f6jd att h\u00e5lla ordning! Den barnv\u00e4nliga designen med rundade kanter ger...","og_url":"https:\/\/truusk.store\/sv\/produkt\/truusk-forvaringsskap-for-barnrum-4-nivaer-leksaksorganisator-bla\/","og_site_name":"TRUUSK - Hem, Tr\u00e4dg\u00e5rd &amp; Fritid","article_modified_time":"2026-03-12T08:42:28+00:00","og_image":[{"width":2000,"height":2000,"url":"https:\/\/i0.wp.com\/truusk.se\/wp-content\/uploads\/2025\/06\/kommode-fur-kinderzimmer-4-ebenen-spielzeug-organizer-stauraum-fur-spielzeug-blau-1.webp?fit=2000%2C2000&ssl=1","type":"image\/webp"}],"twitter_card":"summary_large_image","twitter_misc":{"Ber\u00e4knad l\u00e4stid":"1 minut"},"schema":{"@context":"https:\/\/schema.org","@graph":[{"@type":"WebPage","@id":"https:\/\/truusk.store\/sv\/produkt\/truusk-forvaringsskap-for-barnrum-4-nivaer-leksaksorganisator-bla\/","url":"https:\/\/truusk.store\/sv\/produkt\/truusk-forvaringsskap-for-barnrum-4-nivaer-leksaksorganisator-bla\/","name":"TRUUSK F\u00f6rvaringssk\u00e5p f\u00f6r barnrum - 4 niv\u00e5er leksaksorganisat\u00f6r - Bl\u00e5 - TRUUSK - Hem, Tr\u00e4dg\u00e5rd &amp; Fritid","isPartOf":{"@id":"https:\/\/truusk.store\/sv\/#website"},"primaryImageOfPage":{"@id":"https:\/\/truusk.store\/sv\/produkt\/truusk-forvaringsskap-for-barnrum-4-nivaer-leksaksorganisator-bla\/#primaryimage"},"image":{"@id":"https:\/\/truusk.store\/sv\/produkt\/truusk-forvaringsskap-for-barnrum-4-nivaer-leksaksorganisator-bla\/#primaryimage"},"thumbnailUrl":"https:\/\/i0.wp.com\/truusk.store\/wp-content\/uploads\/2025\/06\/kommode-fur-kinderzimmer-4-ebenen-spielzeug-organizer-stauraum-fur-spielzeug-blau-1.webp?fit=2000%2C2000&ssl=1","datePublished":"2025-06-05T03:39:27+00:00","dateModified":"2026-03-12T08:42:28+00:00","breadcrumb":{"@id":"https:\/\/truusk.store\/sv\/produkt\/truusk-forvaringsskap-for-barnrum-4-nivaer-leksaksorganisator-bla\/#breadcrumb"},"inLanguage":"sv-SE","potentialAction":[{"@type":"ReadAction","target":["https:\/\/truusk.store\/sv\/produkt\/truusk-forvaringsskap-for-barnrum-4-nivaer-leksaksorganisator-bla\/"]}]},{"@type":"ImageObject","inLanguage":"sv-SE","@id":"https:\/\/truusk.store\/sv\/produkt\/truusk-forvaringsskap-for-barnrum-4-nivaer-leksaksorganisator-bla\/#primaryimage","url":"https:\/\/i0.wp.com\/truusk.store\/wp-content\/uploads\/2025\/06\/kommode-fur-kinderzimmer-4-ebenen-spielzeug-organizer-stauraum-fur-spielzeug-blau-1.webp?fit=2000%2C2000&ssl=1","contentUrl":"https:\/\/i0.wp.com\/truusk.store\/wp-content\/uploads\/2025\/06\/kommode-fur-kinderzimmer-4-ebenen-spielzeug-organizer-stauraum-fur-spielzeug-blau-1.webp?fit=2000%2C2000&ssl=1","width":2000,"height":2000},{"@type":"BreadcrumbList","@id":"https:\/\/truusk.store\/sv\/produkt\/truusk-forvaringsskap-for-barnrum-4-nivaer-leksaksorganisator-bla\/#breadcrumb","itemListElement":[{"@type":"ListItem","position":1,"name":"Home","item":"https:\/\/truusk.store\/sv\/"},{"@type":"ListItem","position":2,"name":"Shop","item":"https:\/\/truusk.store\/shop\/"},{"@type":"ListItem","position":3,"name":"TRUUSK F\u00f6rvaringssk\u00e5p f\u00f6r barnrum &#8211; 4 niv\u00e5er leksaksorganisat\u00f6r &#8211; Bl\u00e5"}]},{"@type":"WebSite","@id":"https:\/\/truusk.store\/sv\/#website","url":"https:\/\/truusk.store\/sv\/","name":"TRUUSK - Hem, Tr\u00e4dg\u00e5rd & Fritid","description":"","publisher":{"@id":"https:\/\/truusk.store\/sv\/#organization"},"potentialAction":[{"@type":"SearchAction","target":{"@type":"EntryPoint","urlTemplate":"https:\/\/truusk.store\/sv\/?s={search_term_string}"},"query-input":{"@type":"PropertyValueSpecification","valueRequired":true,"valueName":"search_term_string"}}],"inLanguage":"sv-SE"},{"@type":"Organization","@id":"https:\/\/truusk.store\/sv\/#organization","name":"TRUUSK - Hem, Tr\u00e4dg\u00e5rd & Fritid","url":"https:\/\/truusk.store\/sv\/","logo":{"@type":"ImageObject","inLanguage":"sv-SE","@id":"https:\/\/truusk.store\/sv\/#\/schema\/logo\/image\/","url":"https:\/\/i0.wp.com\/truusk.store\/wp-content\/uploads\/2026\/03\/cropped-TRUUSK.png?fit=2032%2C917&ssl=1","contentUrl":"https:\/\/i0.wp.com\/truusk.store\/wp-content\/uploads\/2026\/03\/cropped-TRUUSK.png?fit=2032%2C917&ssl=1","width":2032,"height":917,"caption":"TRUUSK - Hem, Tr\u00e4dg\u00e5rd & Fritid"},"image":{"@id":"https:\/\/truusk.store\/sv\/#\/schema\/logo\/image\/"}}]}},"jetpack_sharing_enabled":true,"_links":{"self":[{"href":"https:\/\/truusk.store\/sv\/wp-json\/wp\/v2\/product\/61589","targetHints":{"allow":["GET"]}}],"collection":[{"href":"https:\/\/truusk.store\/sv\/wp-json\/wp\/v2\/product"}],"about":[{"href":"https:\/\/truusk.store\/sv\/wp-json\/wp\/v2\/types\/product"}],"wp:featuredmedia":[{"embeddable":true,"href":"https:\/\/truusk.store\/sv\/wp-json\/wp\/v2\/media\/61580"}],"wp:attachment":[{"href":"https:\/\/truusk.store\/sv\/wp-json\/wp\/v2\/media?parent=61589"}],"wp:term":[{"taxonomy":"product_brand","embeddable":true,"href":"https:\/\/truusk.store\/sv\/wp-json\/wp\/v2\/product_brand?post=61589"},{"taxonomy":"product_cat","embeddable":true,"href":"https:\/\/truusk.store\/sv\/wp-json\/wp\/v2\/product_cat?post=61589"},{"taxonomy":"product_tag","embeddable":true,"href":"https:\/\/truusk.store\/sv\/wp-json\/wp\/v2\/product_tag?post=61589"}],"curies":[{"name":"wp","href":"https:\/\/api.w.org\/{rel}","templated":true}]}}