{"id":61649,"date":"2025-06-05T04:45:33","date_gmt":"2025-06-05T03:45:33","guid":{"rendered":"https:\/\/truusk.store\/product\/mjuka-byggklossar-2-delars-set-skumbyggklossar-jattebyggklossar-byggklossar-leksaker-for-barn-1-3-ar-gammal-konstlader-epe\/"},"modified":"2026-03-12T09:43:12","modified_gmt":"2026-03-12T08:43:12","slug":"truusk-mjuka-byggklossar-2-delars-set-skumbyggklossar-jattebyggklossar-konstlader-for-barn-1-3-ar-leksaker-epe-130","status":"publish","type":"product","link":"https:\/\/truusk.store\/sv\/produkt\/truusk-mjuka-byggklossar-2-delars-set-skumbyggklossar-jattebyggklossar-konstlader-for-barn-1-3-ar-leksaker-epe-130\/","title":{"rendered":"TRUUSK Mjuka Byggklossar 2-delars Set &#8211; Skumbyggklossar &#8211; J\u00e4ttebyggklossar &#8211; Konstl\u00e4der &#8211; F\u00f6r Barn 1-3 \u00e5r &#8211; Leksaker &#8211; EPE &#8211; 130"},"content":{"rendered":"<p>Uppt\u00e4ck den perfekta presenten f\u00f6r sm\u00e5 \u00e4ventyrare! V\u00e5rt mjuka byggklossset fr\u00e4mjar lekfullt ditt barns motoriska utveckling. De mjuka, konstl\u00e4derkl\u00e4dda mjuka byggklossarna \u00e4r l\u00e4tta att reng\u00f6ra och erbjuder h\u00f6gsta s\u00e4kerhet tack vare skumstoppningen. Oavsett om det handlar om att kl\u00e4ttra, krypa eller \u00e5ka rutschkana &#8211; de mjuka byggklossarna kan kombineras efter eget tycke. Idealiskt f\u00f6r ditt hem, f\u00f6rskolan och skolan. Fr\u00e4mja ditt barns utveckling med roligt och s\u00e4kert!<\/p>\n<p>Beskrivning:<\/p>\n<ul>\n<li> Det mjuka byggklosssetet fr\u00e4mjar motorisk utveckling genom kl\u00e4ttring, krypning och \u00e5kning<\/li>\n<li> Mjukt konstl\u00e4der av skumklossar f\u00f6r praktisk reng\u00f6ring<\/li>\n<li> EPE-skumstoppning av mjuka byggklossar f\u00f6r \u00f6kad s\u00e4kerhet<\/li>\n<li> Kan monteras till ett bord- och stolset eller anv\u00e4ndas som rutschkana<\/li>\n<li> L\u00e4mplig f\u00f6r 1-3 \u00e5r<\/li>\n<li> Ingen montering kr\u00e4vs<\/li>\n<\/ul>\n<p>Tekniska data:<\/p>\n<ul>\n<li> F\u00e4rg: Gr\u00e5<\/li>\n<li> Material: Konstl\u00e4der, skum<\/li>\n<li> Tabell: 86L x 49B x 47H cm<\/li>\n<li> Bro: 147L x 49B x 47H cm<\/li>\n<li> Varje trappa: 49L x 25B x 12H cm<\/li>\n<li> Utdragbar kub: 49L x 39B x 24H cm<\/li>\n<li> L\u00e4mplig \u00e5lder: 1-3 \u00e5r<\/li>\n<li> B\u00e4rkapacitet: 60 kg<\/li>\n<\/ul>\n<p>Leveransinneh\u00e5ll:<\/p>\n<ul>\n<li> 1 x 2-delat barnmjukspelset<\/li>\n<li> 1 x instruktioner<\/li>\n<\/ul>\n","protected":false},"excerpt":{"rendered":"<p>Uppt\u00e4ck den perfekta presenten f\u00f6r sm\u00e5 \u00e4ventyrare! V\u00e5rt mjuka byggklossset fr\u00e4mjar lekfullt ditt barns motoriska utveckling. De mjuka, konstl\u00e4derkl\u00e4dda mjuka&#8230;<\/p>\n","protected":false},"featured_media":61640,"template":"","meta":[],"product_brand":[],"product_cat":[880,919,918],"product_tag":[],"class_list":{"0":"post-61649","1":"product","2":"type-product","3":"status-publish","4":"has-post-thumbnail","6":"product_cat-baby-barn-2","7":"product_cat-byggklossar","8":"product_cat-leksaker","10":"first","11":"instock","12":"sale","13":"taxable","14":"shipping-taxable","15":"purchasable","16":"product-type-simple"},"yoast_head":"<!-- This site is optimized with the Yoast SEO plugin v25.4 - https:\/\/yoast.com\/wordpress\/plugins\/seo\/ -->\n<title>TRUUSK Mjuka Byggklossar 2-delars Set - Skumbyggklossar - J\u00e4ttebyggklossar - Konstl\u00e4der - F\u00f6r Barn 1-3 \u00e5r - Leksaker - EPE - 130 - TRUUSK - Hem, Tr\u00e4dg\u00e5rd &amp; Fritid<\/title>\n<meta name=\"robots\" content=\"index, follow, max-snippet:-1, max-image-preview:large, max-video-preview:-1\" \/>\n<link rel=\"canonical\" href=\"https:\/\/truusk.store\/sv\/produkt\/truusk-mjuka-byggklossar-2-delars-set-skumbyggklossar-jattebyggklossar-konstlader-for-barn-1-3-ar-leksaker-epe-130\/\" \/>\n<meta property=\"og:locale\" content=\"sv_SE\" \/>\n<meta property=\"og:type\" content=\"article\" \/>\n<meta property=\"og:title\" content=\"TRUUSK Mjuka Byggklossar 2-delars Set - Skumbyggklossar - J\u00e4ttebyggklossar - Konstl\u00e4der - F\u00f6r Barn 1-3 \u00e5r - Leksaker - EPE - 130 - TRUUSK - Hem, Tr\u00e4dg\u00e5rd &amp; Fritid\" \/>\n<meta property=\"og:description\" content=\"Uppt\u00e4ck den perfekta presenten f\u00f6r sm\u00e5 \u00e4ventyrare! V\u00e5rt mjuka byggklossset fr\u00e4mjar lekfullt ditt barns motoriska utveckling. De mjuka, konstl\u00e4derkl\u00e4dda mjuka...\" \/>\n<meta property=\"og:url\" content=\"https:\/\/truusk.store\/sv\/produkt\/truusk-mjuka-byggklossar-2-delars-set-skumbyggklossar-jattebyggklossar-konstlader-for-barn-1-3-ar-leksaker-epe-130\/\" \/>\n<meta property=\"og:site_name\" content=\"TRUUSK - Hem, Tr\u00e4dg\u00e5rd &amp; Fritid\" \/>\n<meta property=\"article:modified_time\" content=\"2026-03-12T08:43:12+00:00\" \/>\n<meta property=\"og:image\" content=\"https:\/\/i0.wp.com\/truusk.se\/wp-content\/uploads\/2025\/06\/mjuka-byggklossar-2-delars-set-skumbyggklossar-jattebyggklossar-byggklossar-leksaker-for-barn-1-3-ar-gammal-konstlader-epe-1.webp?fit=2000%2C2000&ssl=1\" \/>\n\t<meta property=\"og:image:width\" content=\"2000\" \/>\n\t<meta property=\"og:image:height\" content=\"2000\" \/>\n\t<meta property=\"og:image:type\" content=\"image\/webp\" \/>\n<meta name=\"twitter:card\" content=\"summary_large_image\" \/>\n<meta name=\"twitter:label1\" content=\"Ber\u00e4knad l\u00e4stid\" \/>\n\t<meta name=\"twitter:data1\" content=\"1 minut\" \/>\n<!-- \/ Yoast SEO plugin. -->","yoast_head_json":{"title":"TRUUSK Mjuka Byggklossar 2-delars Set - Skumbyggklossar - J\u00e4ttebyggklossar - Konstl\u00e4der - F\u00f6r Barn 1-3 \u00e5r - Leksaker - EPE - 130 - TRUUSK - Hem, Tr\u00e4dg\u00e5rd &amp; Fritid","robots":{"index":"index","follow":"follow","max-snippet":"max-snippet:-1","max-image-preview":"max-image-preview:large","max-video-preview":"max-video-preview:-1"},"canonical":"https:\/\/truusk.store\/sv\/produkt\/truusk-mjuka-byggklossar-2-delars-set-skumbyggklossar-jattebyggklossar-konstlader-for-barn-1-3-ar-leksaker-epe-130\/","og_locale":"sv_SE","og_type":"article","og_title":"TRUUSK Mjuka Byggklossar 2-delars Set - Skumbyggklossar - J\u00e4ttebyggklossar - Konstl\u00e4der - F\u00f6r Barn 1-3 \u00e5r - Leksaker - EPE - 130 - TRUUSK - Hem, Tr\u00e4dg\u00e5rd &amp; Fritid","og_description":"Uppt\u00e4ck den perfekta presenten f\u00f6r sm\u00e5 \u00e4ventyrare! V\u00e5rt mjuka byggklossset fr\u00e4mjar lekfullt ditt barns motoriska utveckling. De mjuka, konstl\u00e4derkl\u00e4dda mjuka...","og_url":"https:\/\/truusk.store\/sv\/produkt\/truusk-mjuka-byggklossar-2-delars-set-skumbyggklossar-jattebyggklossar-konstlader-for-barn-1-3-ar-leksaker-epe-130\/","og_site_name":"TRUUSK - Hem, Tr\u00e4dg\u00e5rd &amp; Fritid","article_modified_time":"2026-03-12T08:43:12+00:00","og_image":[{"width":2000,"height":2000,"url":"https:\/\/i0.wp.com\/truusk.se\/wp-content\/uploads\/2025\/06\/mjuka-byggklossar-2-delars-set-skumbyggklossar-jattebyggklossar-byggklossar-leksaker-for-barn-1-3-ar-gammal-konstlader-epe-1.webp?fit=2000%2C2000&ssl=1","type":"image\/webp"}],"twitter_card":"summary_large_image","twitter_misc":{"Ber\u00e4knad l\u00e4stid":"1 minut"},"schema":{"@context":"https:\/\/schema.org","@graph":[{"@type":"WebPage","@id":"https:\/\/truusk.store\/sv\/produkt\/truusk-mjuka-byggklossar-2-delars-set-skumbyggklossar-jattebyggklossar-konstlader-for-barn-1-3-ar-leksaker-epe-130\/","url":"https:\/\/truusk.store\/sv\/produkt\/truusk-mjuka-byggklossar-2-delars-set-skumbyggklossar-jattebyggklossar-konstlader-for-barn-1-3-ar-leksaker-epe-130\/","name":"TRUUSK Mjuka Byggklossar 2-delars Set - Skumbyggklossar - J\u00e4ttebyggklossar - Konstl\u00e4der - F\u00f6r Barn 1-3 \u00e5r - Leksaker - EPE - 130 - TRUUSK - Hem, Tr\u00e4dg\u00e5rd &amp; Fritid","isPartOf":{"@id":"https:\/\/truusk.store\/sv\/#website"},"primaryImageOfPage":{"@id":"https:\/\/truusk.store\/sv\/produkt\/truusk-mjuka-byggklossar-2-delars-set-skumbyggklossar-jattebyggklossar-konstlader-for-barn-1-3-ar-leksaker-epe-130\/#primaryimage"},"image":{"@id":"https:\/\/truusk.store\/sv\/produkt\/truusk-mjuka-byggklossar-2-delars-set-skumbyggklossar-jattebyggklossar-konstlader-for-barn-1-3-ar-leksaker-epe-130\/#primaryimage"},"thumbnailUrl":"https:\/\/i0.wp.com\/truusk.store\/wp-content\/uploads\/2025\/06\/mjuka-byggklossar-2-delars-set-skumbyggklossar-jattebyggklossar-byggklossar-leksaker-for-barn-1-3-ar-gammal-konstlader-epe-1.webp?fit=2000%2C2000&ssl=1","datePublished":"2025-06-05T03:45:33+00:00","dateModified":"2026-03-12T08:43:12+00:00","breadcrumb":{"@id":"https:\/\/truusk.store\/sv\/produkt\/truusk-mjuka-byggklossar-2-delars-set-skumbyggklossar-jattebyggklossar-konstlader-for-barn-1-3-ar-leksaker-epe-130\/#breadcrumb"},"inLanguage":"sv-SE","potentialAction":[{"@type":"ReadAction","target":["https:\/\/truusk.store\/sv\/produkt\/truusk-mjuka-byggklossar-2-delars-set-skumbyggklossar-jattebyggklossar-konstlader-for-barn-1-3-ar-leksaker-epe-130\/"]}]},{"@type":"ImageObject","inLanguage":"sv-SE","@id":"https:\/\/truusk.store\/sv\/produkt\/truusk-mjuka-byggklossar-2-delars-set-skumbyggklossar-jattebyggklossar-konstlader-for-barn-1-3-ar-leksaker-epe-130\/#primaryimage","url":"https:\/\/i0.wp.com\/truusk.store\/wp-content\/uploads\/2025\/06\/mjuka-byggklossar-2-delars-set-skumbyggklossar-jattebyggklossar-byggklossar-leksaker-for-barn-1-3-ar-gammal-konstlader-epe-1.webp?fit=2000%2C2000&ssl=1","contentUrl":"https:\/\/i0.wp.com\/truusk.store\/wp-content\/uploads\/2025\/06\/mjuka-byggklossar-2-delars-set-skumbyggklossar-jattebyggklossar-byggklossar-leksaker-for-barn-1-3-ar-gammal-konstlader-epe-1.webp?fit=2000%2C2000&ssl=1","width":2000,"height":2000},{"@type":"BreadcrumbList","@id":"https:\/\/truusk.store\/sv\/produkt\/truusk-mjuka-byggklossar-2-delars-set-skumbyggklossar-jattebyggklossar-konstlader-for-barn-1-3-ar-leksaker-epe-130\/#breadcrumb","itemListElement":[{"@type":"ListItem","position":1,"name":"Home","item":"https:\/\/truusk.store\/sv\/"},{"@type":"ListItem","position":2,"name":"Shop","item":"https:\/\/truusk.store\/shop\/"},{"@type":"ListItem","position":3,"name":"TRUUSK Mjuka Byggklossar 2-delars Set &#8211; Skumbyggklossar &#8211; J\u00e4ttebyggklossar &#8211; Konstl\u00e4der &#8211; F\u00f6r Barn 1-3 \u00e5r &#8211; Leksaker &#8211; EPE &#8211; 130"}]},{"@type":"WebSite","@id":"https:\/\/truusk.store\/sv\/#website","url":"https:\/\/truusk.store\/sv\/","name":"TRUUSK - Hem, Tr\u00e4dg\u00e5rd & Fritid","description":"","publisher":{"@id":"https:\/\/truusk.store\/sv\/#organization"},"potentialAction":[{"@type":"SearchAction","target":{"@type":"EntryPoint","urlTemplate":"https:\/\/truusk.store\/sv\/?s={search_term_string}"},"query-input":{"@type":"PropertyValueSpecification","valueRequired":true,"valueName":"search_term_string"}}],"inLanguage":"sv-SE"},{"@type":"Organization","@id":"https:\/\/truusk.store\/sv\/#organization","name":"TRUUSK - Hem, Tr\u00e4dg\u00e5rd & Fritid","url":"https:\/\/truusk.store\/sv\/","logo":{"@type":"ImageObject","inLanguage":"sv-SE","@id":"https:\/\/truusk.store\/sv\/#\/schema\/logo\/image\/","url":"https:\/\/i0.wp.com\/truusk.store\/wp-content\/uploads\/2026\/03\/cropped-TRUUSK.png?fit=2032%2C917&ssl=1","contentUrl":"https:\/\/i0.wp.com\/truusk.store\/wp-content\/uploads\/2026\/03\/cropped-TRUUSK.png?fit=2032%2C917&ssl=1","width":2032,"height":917,"caption":"TRUUSK - Hem, Tr\u00e4dg\u00e5rd & Fritid"},"image":{"@id":"https:\/\/truusk.store\/sv\/#\/schema\/logo\/image\/"}}]}},"jetpack_sharing_enabled":true,"_links":{"self":[{"href":"https:\/\/truusk.store\/sv\/wp-json\/wp\/v2\/product\/61649","targetHints":{"allow":["GET"]}}],"collection":[{"href":"https:\/\/truusk.store\/sv\/wp-json\/wp\/v2\/product"}],"about":[{"href":"https:\/\/truusk.store\/sv\/wp-json\/wp\/v2\/types\/product"}],"wp:featuredmedia":[{"embeddable":true,"href":"https:\/\/truusk.store\/sv\/wp-json\/wp\/v2\/media\/61640"}],"wp:attachment":[{"href":"https:\/\/truusk.store\/sv\/wp-json\/wp\/v2\/media?parent=61649"}],"wp:term":[{"taxonomy":"product_brand","embeddable":true,"href":"https:\/\/truusk.store\/sv\/wp-json\/wp\/v2\/product_brand?post=61649"},{"taxonomy":"product_cat","embeddable":true,"href":"https:\/\/truusk.store\/sv\/wp-json\/wp\/v2\/product_cat?post=61649"},{"taxonomy":"product_tag","embeddable":true,"href":"https:\/\/truusk.store\/sv\/wp-json\/wp\/v2\/product_tag?post=61649"}],"curies":[{"name":"wp","href":"https:\/\/api.w.org\/{rel}","templated":true}]}}