{"id":61669,"date":"2025-06-05T04:47:39","date_gmt":"2025-06-05T03:47:39","guid":{"rendered":"https:\/\/truusk.store\/product\/mjuka-byggklossar-4-delars-set-skumbyggklossar-jatteklossar-byggleksak-for-barn-1-3-ar-gammal-konstlader-epe\/"},"modified":"2026-03-12T09:43:13","modified_gmt":"2026-03-12T08:43:13","slug":"truusk-mjuka-byggklossar-4-delars-set-skumbyggklossar-jatteklossar-for-barn-1-3-ar-konstlader-epe","status":"publish","type":"product","link":"https:\/\/truusk.store\/sv\/produkt\/truusk-mjuka-byggklossar-4-delars-set-skumbyggklossar-jatteklossar-for-barn-1-3-ar-konstlader-epe\/","title":{"rendered":"TRUUSK Mjuka Byggklossar 4-delars Set &#8211; Skumbyggklossar &#8211; J\u00e4tteklossar &#8211; F\u00f6r Barn 1-3 \u00e5r &#8211; Konstl\u00e4der &amp; EPE"},"content":{"rendered":"<p>Uppt\u00e4ck TRUUSK mjukblockset &#8211; den perfekta f\u00f6ljeslagaren f\u00f6r ditt lilla barns motoriska utveckling! Dessa m\u00e5ngsidiga mjukblock fr\u00e4mjar kl\u00e4ttring, krypning och glidning och erbjuder h\u00f6gsta s\u00e4kerhet tack vare mjukt konstl\u00e4der och skumstoppning. Oavsett om det \u00e4r hemma, p\u00e5 f\u00f6rskolan eller i skolan &#8211; de 4 skumblocken kan flexibelt omvandlas till ett bord- och stolset eller en rutschkana. L\u00e4tt att reng\u00f6ra och perfekt f\u00f6r o\u00e4ndlig lekgl\u00e4dje!<\/p>\n<p>Beskrivning:<\/p>\n<ul>\n<li> Mjukblocksetet kan hj\u00e4lpa till med kl\u00e4ttring, krypning och glidning, vilket fr\u00e4mjar barnens motoriska utveckling<\/li>\n<li> Mjukt konstl\u00e4der p\u00e5 mjukblocken f\u00f6r praktisk reng\u00f6ring<\/li>\n<li> EPE skumstoppning f\u00f6r \u00f6kad s\u00e4kerhet<\/li>\n<li> M\u00e5ngsidig design av skumblocken f\u00f6r att \u00f6ka ditt barns intresse<\/li>\n<li> L\u00e4mplig f\u00f6r 12 till 36 m\u00e5nader<\/li>\n<li> Ingen montering kr\u00e4vs<\/li>\n<\/ul>\n<p> Tekniska data:<\/p>\n<ul>\n<li> F\u00e4rg: Ljusbl\u00e5+Orange+Lila+Ljusgr\u00f6n<\/li>\n<li> Material: Konstl\u00e4der, Skum<\/li>\n<li> Ljuslila block totala m\u00e5tt: 45L x 45B x 25H cm<\/li>\n<li> Ljusgr\u00f6nt block totala m\u00e5tt: 45L x 45B x 5H cm<\/li>\n<li> Bl\u00e5tt block totala m\u00e5tt: 45,5L x 45,5B x 25H cm<\/li>\n<li> Ljusorange block totala m\u00e5tt: 45,5L x 45,5B x 25H cm<\/li>\n<li> L\u00e4mplig \u00e5lder: f\u00f6r 12 till 36 m\u00e5nader<\/li>\n<\/ul>\n<p>Leveransinneh\u00e5ll:<\/p>\n<ul>\n<li> 4 x skumblock<\/li>\n<li> 1 x instruktioner<\/li>\n<\/ul>\n","protected":false},"excerpt":{"rendered":"<p>Uppt\u00e4ck TRUUSK mjukblockset &#8211; den perfekta f\u00f6ljeslagaren f\u00f6r ditt lilla barns motoriska utveckling! Dessa m\u00e5ngsidiga mjukblock fr\u00e4mjar kl\u00e4ttring, krypning och&#8230;<\/p>\n","protected":false},"featured_media":61660,"template":"","meta":[],"product_brand":[],"product_cat":[880,919,918],"product_tag":[],"class_list":{"0":"post-61669","1":"product","2":"type-product","3":"status-publish","4":"has-post-thumbnail","6":"product_cat-baby-barn-2","7":"product_cat-byggklossar","8":"product_cat-leksaker","10":"first","11":"instock","12":"sale","13":"taxable","14":"shipping-taxable","15":"purchasable","16":"product-type-simple"},"yoast_head":"<!-- This site is optimized with the Yoast SEO plugin v25.4 - https:\/\/yoast.com\/wordpress\/plugins\/seo\/ -->\n<title>TRUUSK Mjuka Byggklossar 4-delars Set - Skumbyggklossar - J\u00e4tteklossar - F\u00f6r Barn 1-3 \u00e5r - Konstl\u00e4der &amp; EPE - TRUUSK - Hem, Tr\u00e4dg\u00e5rd &amp; Fritid<\/title>\n<meta name=\"robots\" content=\"index, follow, max-snippet:-1, max-image-preview:large, max-video-preview:-1\" \/>\n<link rel=\"canonical\" href=\"https:\/\/truusk.store\/sv\/produkt\/truusk-mjuka-byggklossar-4-delars-set-skumbyggklossar-jatteklossar-for-barn-1-3-ar-konstlader-epe\/\" \/>\n<meta property=\"og:locale\" content=\"sv_SE\" \/>\n<meta property=\"og:type\" content=\"article\" \/>\n<meta property=\"og:title\" content=\"TRUUSK Mjuka Byggklossar 4-delars Set - Skumbyggklossar - J\u00e4tteklossar - F\u00f6r Barn 1-3 \u00e5r - Konstl\u00e4der &amp; EPE - TRUUSK - Hem, Tr\u00e4dg\u00e5rd &amp; Fritid\" \/>\n<meta property=\"og:description\" content=\"Uppt\u00e4ck TRUUSK mjukblockset &#8211; den perfekta f\u00f6ljeslagaren f\u00f6r ditt lilla barns motoriska utveckling! Dessa m\u00e5ngsidiga mjukblock fr\u00e4mjar kl\u00e4ttring, krypning och...\" \/>\n<meta property=\"og:url\" content=\"https:\/\/truusk.store\/sv\/produkt\/truusk-mjuka-byggklossar-4-delars-set-skumbyggklossar-jatteklossar-for-barn-1-3-ar-konstlader-epe\/\" \/>\n<meta property=\"og:site_name\" content=\"TRUUSK - Hem, Tr\u00e4dg\u00e5rd &amp; Fritid\" \/>\n<meta property=\"article:modified_time\" content=\"2026-03-12T08:43:13+00:00\" \/>\n<meta property=\"og:image\" content=\"https:\/\/i0.wp.com\/truusk.se\/wp-content\/uploads\/2025\/06\/mjuka-byggklossar-4-delars-set-skumbyggklossar-jatteklossar-byggleksak-for-barn-1-3-ar-gammal-konstlader-epe-1.webp?fit=2000%2C2000&ssl=1\" \/>\n\t<meta property=\"og:image:width\" content=\"2000\" \/>\n\t<meta property=\"og:image:height\" content=\"2000\" \/>\n\t<meta property=\"og:image:type\" content=\"image\/webp\" \/>\n<meta name=\"twitter:card\" content=\"summary_large_image\" \/>\n<meta name=\"twitter:label1\" content=\"Ber\u00e4knad l\u00e4stid\" \/>\n\t<meta name=\"twitter:data1\" content=\"1 minut\" \/>\n<!-- \/ Yoast SEO plugin. -->","yoast_head_json":{"title":"TRUUSK Mjuka Byggklossar 4-delars Set - Skumbyggklossar - J\u00e4tteklossar - F\u00f6r Barn 1-3 \u00e5r - Konstl\u00e4der &amp; EPE - TRUUSK - Hem, Tr\u00e4dg\u00e5rd &amp; Fritid","robots":{"index":"index","follow":"follow","max-snippet":"max-snippet:-1","max-image-preview":"max-image-preview:large","max-video-preview":"max-video-preview:-1"},"canonical":"https:\/\/truusk.store\/sv\/produkt\/truusk-mjuka-byggklossar-4-delars-set-skumbyggklossar-jatteklossar-for-barn-1-3-ar-konstlader-epe\/","og_locale":"sv_SE","og_type":"article","og_title":"TRUUSK Mjuka Byggklossar 4-delars Set - Skumbyggklossar - J\u00e4tteklossar - F\u00f6r Barn 1-3 \u00e5r - Konstl\u00e4der &amp; EPE - TRUUSK - Hem, Tr\u00e4dg\u00e5rd &amp; Fritid","og_description":"Uppt\u00e4ck TRUUSK mjukblockset &#8211; den perfekta f\u00f6ljeslagaren f\u00f6r ditt lilla barns motoriska utveckling! Dessa m\u00e5ngsidiga mjukblock fr\u00e4mjar kl\u00e4ttring, krypning och...","og_url":"https:\/\/truusk.store\/sv\/produkt\/truusk-mjuka-byggklossar-4-delars-set-skumbyggklossar-jatteklossar-for-barn-1-3-ar-konstlader-epe\/","og_site_name":"TRUUSK - Hem, Tr\u00e4dg\u00e5rd &amp; Fritid","article_modified_time":"2026-03-12T08:43:13+00:00","og_image":[{"width":2000,"height":2000,"url":"https:\/\/i0.wp.com\/truusk.se\/wp-content\/uploads\/2025\/06\/mjuka-byggklossar-4-delars-set-skumbyggklossar-jatteklossar-byggleksak-for-barn-1-3-ar-gammal-konstlader-epe-1.webp?fit=2000%2C2000&ssl=1","type":"image\/webp"}],"twitter_card":"summary_large_image","twitter_misc":{"Ber\u00e4knad l\u00e4stid":"1 minut"},"schema":{"@context":"https:\/\/schema.org","@graph":[{"@type":"WebPage","@id":"https:\/\/truusk.store\/sv\/produkt\/truusk-mjuka-byggklossar-4-delars-set-skumbyggklossar-jatteklossar-for-barn-1-3-ar-konstlader-epe\/","url":"https:\/\/truusk.store\/sv\/produkt\/truusk-mjuka-byggklossar-4-delars-set-skumbyggklossar-jatteklossar-for-barn-1-3-ar-konstlader-epe\/","name":"TRUUSK Mjuka Byggklossar 4-delars Set - Skumbyggklossar - J\u00e4tteklossar - F\u00f6r Barn 1-3 \u00e5r - Konstl\u00e4der &amp; EPE - TRUUSK - Hem, Tr\u00e4dg\u00e5rd &amp; Fritid","isPartOf":{"@id":"https:\/\/truusk.store\/sv\/#website"},"primaryImageOfPage":{"@id":"https:\/\/truusk.store\/sv\/produkt\/truusk-mjuka-byggklossar-4-delars-set-skumbyggklossar-jatteklossar-for-barn-1-3-ar-konstlader-epe\/#primaryimage"},"image":{"@id":"https:\/\/truusk.store\/sv\/produkt\/truusk-mjuka-byggklossar-4-delars-set-skumbyggklossar-jatteklossar-for-barn-1-3-ar-konstlader-epe\/#primaryimage"},"thumbnailUrl":"https:\/\/i0.wp.com\/truusk.store\/wp-content\/uploads\/2025\/06\/mjuka-byggklossar-4-delars-set-skumbyggklossar-jatteklossar-byggleksak-for-barn-1-3-ar-gammal-konstlader-epe-1.webp?fit=2000%2C2000&ssl=1","datePublished":"2025-06-05T03:47:39+00:00","dateModified":"2026-03-12T08:43:13+00:00","breadcrumb":{"@id":"https:\/\/truusk.store\/sv\/produkt\/truusk-mjuka-byggklossar-4-delars-set-skumbyggklossar-jatteklossar-for-barn-1-3-ar-konstlader-epe\/#breadcrumb"},"inLanguage":"sv-SE","potentialAction":[{"@type":"ReadAction","target":["https:\/\/truusk.store\/sv\/produkt\/truusk-mjuka-byggklossar-4-delars-set-skumbyggklossar-jatteklossar-for-barn-1-3-ar-konstlader-epe\/"]}]},{"@type":"ImageObject","inLanguage":"sv-SE","@id":"https:\/\/truusk.store\/sv\/produkt\/truusk-mjuka-byggklossar-4-delars-set-skumbyggklossar-jatteklossar-for-barn-1-3-ar-konstlader-epe\/#primaryimage","url":"https:\/\/i0.wp.com\/truusk.store\/wp-content\/uploads\/2025\/06\/mjuka-byggklossar-4-delars-set-skumbyggklossar-jatteklossar-byggleksak-for-barn-1-3-ar-gammal-konstlader-epe-1.webp?fit=2000%2C2000&ssl=1","contentUrl":"https:\/\/i0.wp.com\/truusk.store\/wp-content\/uploads\/2025\/06\/mjuka-byggklossar-4-delars-set-skumbyggklossar-jatteklossar-byggleksak-for-barn-1-3-ar-gammal-konstlader-epe-1.webp?fit=2000%2C2000&ssl=1","width":2000,"height":2000},{"@type":"BreadcrumbList","@id":"https:\/\/truusk.store\/sv\/produkt\/truusk-mjuka-byggklossar-4-delars-set-skumbyggklossar-jatteklossar-for-barn-1-3-ar-konstlader-epe\/#breadcrumb","itemListElement":[{"@type":"ListItem","position":1,"name":"Home","item":"https:\/\/truusk.store\/sv\/"},{"@type":"ListItem","position":2,"name":"Shop","item":"https:\/\/truusk.store\/shop\/"},{"@type":"ListItem","position":3,"name":"TRUUSK Mjuka Byggklossar 4-delars Set &#8211; Skumbyggklossar &#8211; J\u00e4tteklossar &#8211; F\u00f6r Barn 1-3 \u00e5r &#8211; Konstl\u00e4der &amp; EPE"}]},{"@type":"WebSite","@id":"https:\/\/truusk.store\/sv\/#website","url":"https:\/\/truusk.store\/sv\/","name":"TRUUSK - Hem, Tr\u00e4dg\u00e5rd & Fritid","description":"","publisher":{"@id":"https:\/\/truusk.store\/sv\/#organization"},"potentialAction":[{"@type":"SearchAction","target":{"@type":"EntryPoint","urlTemplate":"https:\/\/truusk.store\/sv\/?s={search_term_string}"},"query-input":{"@type":"PropertyValueSpecification","valueRequired":true,"valueName":"search_term_string"}}],"inLanguage":"sv-SE"},{"@type":"Organization","@id":"https:\/\/truusk.store\/sv\/#organization","name":"TRUUSK - Hem, Tr\u00e4dg\u00e5rd & Fritid","url":"https:\/\/truusk.store\/sv\/","logo":{"@type":"ImageObject","inLanguage":"sv-SE","@id":"https:\/\/truusk.store\/sv\/#\/schema\/logo\/image\/","url":"https:\/\/i0.wp.com\/truusk.store\/wp-content\/uploads\/2026\/03\/cropped-TRUUSK.png?fit=2032%2C917&ssl=1","contentUrl":"https:\/\/i0.wp.com\/truusk.store\/wp-content\/uploads\/2026\/03\/cropped-TRUUSK.png?fit=2032%2C917&ssl=1","width":2032,"height":917,"caption":"TRUUSK - Hem, Tr\u00e4dg\u00e5rd & Fritid"},"image":{"@id":"https:\/\/truusk.store\/sv\/#\/schema\/logo\/image\/"}}]}},"jetpack_sharing_enabled":true,"_links":{"self":[{"href":"https:\/\/truusk.store\/sv\/wp-json\/wp\/v2\/product\/61669","targetHints":{"allow":["GET"]}}],"collection":[{"href":"https:\/\/truusk.store\/sv\/wp-json\/wp\/v2\/product"}],"about":[{"href":"https:\/\/truusk.store\/sv\/wp-json\/wp\/v2\/types\/product"}],"wp:featuredmedia":[{"embeddable":true,"href":"https:\/\/truusk.store\/sv\/wp-json\/wp\/v2\/media\/61660"}],"wp:attachment":[{"href":"https:\/\/truusk.store\/sv\/wp-json\/wp\/v2\/media?parent=61669"}],"wp:term":[{"taxonomy":"product_brand","embeddable":true,"href":"https:\/\/truusk.store\/sv\/wp-json\/wp\/v2\/product_brand?post=61669"},{"taxonomy":"product_cat","embeddable":true,"href":"https:\/\/truusk.store\/sv\/wp-json\/wp\/v2\/product_cat?post=61669"},{"taxonomy":"product_tag","embeddable":true,"href":"https:\/\/truusk.store\/sv\/wp-json\/wp\/v2\/product_tag?post=61669"}],"curies":[{"name":"wp","href":"https:\/\/api.w.org\/{rel}","templated":true}]}}