{"id":61749,"date":"2025-06-05T04:55:30","date_gmt":"2025-06-05T03:55:30","guid":{"rendered":"https:\/\/truusk.store\/product\/sportnow-basketkorg-basketplatta-med-korg-basketnat-med-basketplatta-vaggmontering-for-utomhus-stal-113-x-61-x-73-cm-rod\/"},"modified":"2026-03-12T09:41:34","modified_gmt":"2026-03-12T08:41:34","slug":"truusk-sportvagn-for-hundar-och-katter-hopfallbar-med-regnskydd-mesh-fonster-kudde-for-husdjur-upp-till-10-kg-khaki","status":"publish","type":"product","link":"https:\/\/truusk.store\/sv\/produkt\/truusk-sportvagn-for-hundar-och-katter-hopfallbar-med-regnskydd-mesh-fonster-kudde-for-husdjur-upp-till-10-kg-khaki\/","title":{"rendered":"TRUUSK Sportvagn f\u00f6r hundar och katter &#8211; Hopf\u00e4llbar med regnskydd &#8211; Mesh-f\u00f6nster &#8211; Kudde &#8211; F\u00f6r husdjur upp till 10 kg &#8211; Khaki"},"content":{"rendered":"<p>Upplev basketkul f\u00f6r hela familjen med den m\u00e5ngsidiga basketkorgen fr\u00e5n SPORTNOW! Montera enkelt basketkorgen p\u00e5 v\u00e4ggen och justera h\u00f6jden individuellt &#8211; perfekt f\u00f6r barn och vuxna. Den robusta, rostfria st\u00e5lramen p\u00e5 basketkorgen garanterar h\u00e5llbarhet, medan inomhus\/utomhus-versionen g\u00f6r att du kan flytta spelet till vardagsrummet. Perfekt f\u00f6r alla \u00e5rstider och alla v\u00e4der &#8211; ta med basketkul hem!<\/p>\n<p>Beskrivning:<\/p>\n<ul>\n<li> Splitters\u00e4ker bakv\u00e4gg, h\u00e5llbar st\u00e5lkant och slitstarkt n\u00e4t<\/li>\n<li> Stilren look p\u00e5 basketkorgen med professionella grafik<\/li>\n<li> St\u00e5lramen p\u00e5 basketkorgen med skyddande bel\u00e4ggning<\/li>\n<li> Inklusive monteringskit<\/li>\n<li> Enkel montering kr\u00e4vs<\/li>\n<li> H\u00f6jdjusterbar f\u00f6r barn och vuxna<\/li>\n<li> M\u00e5ngsidigt anv\u00e4ndbar f\u00f6r inomhus och utomhus<\/li>\n<li> Robust, rostfri st\u00e5lram p\u00e5 basketkorgen f\u00f6r h\u00e5llbarhet<\/li>\n<li> Perfekt f\u00f6r vardagsrummet eller tr\u00e4dg\u00e5rden<\/li>\n<\/ul>\n<p>Tekniska data:<\/p>\n<ul>\n<li> F\u00e4rg: Svart+Transparent+R\u00f6d<\/li>\n<li> Material: St\u00e5l, Plast, Polyester<\/li>\n<li> Totala dimensioner: 113L x 61B x 73H cm<\/li>\n<li> Bakv\u00e4ggens dimensioner: 113L x 73B cm<\/li>\n<li> Ringens dimensioner: 45 cm i diameter<\/li>\n<\/ul>\n<p>Leveransinneh\u00e5ll:<\/p>\n<ul>\n<li> 1 x Basketkorg<\/li>\n<li> Set med skruvar<\/li>\n<li> 1 x Skruvnyckel<\/li>\n<li> 1 x Instruktioner<\/li>\n<\/ul>\n","protected":false},"excerpt":{"rendered":"<p>Upplev basketkul f\u00f6r hela familjen med den m\u00e5ngsidiga basketkorgen fr\u00e5n SPORTNOW! Montera enkelt basketkorgen p\u00e5 v\u00e4ggen och justera h\u00f6jden individuellt&#8230;<\/p>\n","protected":false},"featured_media":61740,"template":"","meta":[],"product_brand":[],"product_cat":[982,647],"product_tag":[],"class_list":{"0":"post-61749","1":"product","2":"type-product","3":"status-publish","4":"has-post-thumbnail","6":"product_cat-bollsport","7":"product_cat-sport-fritid","9":"first","10":"instock","11":"sale","12":"taxable","13":"shipping-taxable","14":"purchasable","15":"product-type-simple"},"yoast_head":"<!-- This site is optimized with the Yoast SEO plugin v25.4 - https:\/\/yoast.com\/wordpress\/plugins\/seo\/ -->\n<title>TRUUSK Sportvagn f\u00f6r hundar och katter - Hopf\u00e4llbar med regnskydd - Mesh-f\u00f6nster - Kudde - F\u00f6r husdjur upp till 10 kg - Khaki - TRUUSK - Hem, Tr\u00e4dg\u00e5rd &amp; Fritid<\/title>\n<meta name=\"robots\" content=\"index, follow, max-snippet:-1, max-image-preview:large, max-video-preview:-1\" \/>\n<link rel=\"canonical\" href=\"https:\/\/truusk.store\/sv\/produkt\/truusk-sportvagn-for-hundar-och-katter-hopfallbar-med-regnskydd-mesh-fonster-kudde-for-husdjur-upp-till-10-kg-khaki\/\" \/>\n<meta property=\"og:locale\" content=\"sv_SE\" \/>\n<meta property=\"og:type\" content=\"article\" \/>\n<meta property=\"og:title\" content=\"TRUUSK Sportvagn f\u00f6r hundar och katter - Hopf\u00e4llbar med regnskydd - Mesh-f\u00f6nster - Kudde - F\u00f6r husdjur upp till 10 kg - Khaki - TRUUSK - Hem, Tr\u00e4dg\u00e5rd &amp; Fritid\" \/>\n<meta property=\"og:description\" content=\"Upplev basketkul f\u00f6r hela familjen med den m\u00e5ngsidiga basketkorgen fr\u00e5n SPORTNOW! Montera enkelt basketkorgen p\u00e5 v\u00e4ggen och justera h\u00f6jden individuellt...\" \/>\n<meta property=\"og:url\" content=\"https:\/\/truusk.store\/sv\/produkt\/truusk-sportvagn-for-hundar-och-katter-hopfallbar-med-regnskydd-mesh-fonster-kudde-for-husdjur-upp-till-10-kg-khaki\/\" \/>\n<meta property=\"og:site_name\" content=\"TRUUSK - Hem, Tr\u00e4dg\u00e5rd &amp; Fritid\" \/>\n<meta property=\"article:modified_time\" content=\"2026-03-12T08:41:34+00:00\" \/>\n<meta property=\"og:image\" content=\"https:\/\/i0.wp.com\/truusk.se\/wp-content\/uploads\/2025\/06\/sportnow-basketkorg-basketplatta-med-korg-basketnat-med-basketplatta-vaggmontering-for-utomhus-stal-113-x-61-x-73-cm-rod-1.webp?fit=2000%2C2000&ssl=1\" \/>\n\t<meta property=\"og:image:width\" content=\"2000\" \/>\n\t<meta property=\"og:image:height\" content=\"2000\" \/>\n\t<meta property=\"og:image:type\" content=\"image\/webp\" \/>\n<meta name=\"twitter:card\" content=\"summary_large_image\" \/>\n<meta name=\"twitter:label1\" content=\"Ber\u00e4knad l\u00e4stid\" \/>\n\t<meta name=\"twitter:data1\" content=\"1 minut\" \/>\n<!-- \/ Yoast SEO plugin. -->","yoast_head_json":{"title":"TRUUSK Sportvagn f\u00f6r hundar och katter - Hopf\u00e4llbar med regnskydd - Mesh-f\u00f6nster - Kudde - F\u00f6r husdjur upp till 10 kg - Khaki - TRUUSK - Hem, Tr\u00e4dg\u00e5rd &amp; Fritid","robots":{"index":"index","follow":"follow","max-snippet":"max-snippet:-1","max-image-preview":"max-image-preview:large","max-video-preview":"max-video-preview:-1"},"canonical":"https:\/\/truusk.store\/sv\/produkt\/truusk-sportvagn-for-hundar-och-katter-hopfallbar-med-regnskydd-mesh-fonster-kudde-for-husdjur-upp-till-10-kg-khaki\/","og_locale":"sv_SE","og_type":"article","og_title":"TRUUSK Sportvagn f\u00f6r hundar och katter - Hopf\u00e4llbar med regnskydd - Mesh-f\u00f6nster - Kudde - F\u00f6r husdjur upp till 10 kg - Khaki - TRUUSK - Hem, Tr\u00e4dg\u00e5rd &amp; Fritid","og_description":"Upplev basketkul f\u00f6r hela familjen med den m\u00e5ngsidiga basketkorgen fr\u00e5n SPORTNOW! Montera enkelt basketkorgen p\u00e5 v\u00e4ggen och justera h\u00f6jden individuellt...","og_url":"https:\/\/truusk.store\/sv\/produkt\/truusk-sportvagn-for-hundar-och-katter-hopfallbar-med-regnskydd-mesh-fonster-kudde-for-husdjur-upp-till-10-kg-khaki\/","og_site_name":"TRUUSK - Hem, Tr\u00e4dg\u00e5rd &amp; Fritid","article_modified_time":"2026-03-12T08:41:34+00:00","og_image":[{"width":2000,"height":2000,"url":"https:\/\/i0.wp.com\/truusk.se\/wp-content\/uploads\/2025\/06\/sportnow-basketkorg-basketplatta-med-korg-basketnat-med-basketplatta-vaggmontering-for-utomhus-stal-113-x-61-x-73-cm-rod-1.webp?fit=2000%2C2000&ssl=1","type":"image\/webp"}],"twitter_card":"summary_large_image","twitter_misc":{"Ber\u00e4knad l\u00e4stid":"1 minut"},"schema":{"@context":"https:\/\/schema.org","@graph":[{"@type":"WebPage","@id":"https:\/\/truusk.store\/sv\/produkt\/truusk-sportvagn-for-hundar-och-katter-hopfallbar-med-regnskydd-mesh-fonster-kudde-for-husdjur-upp-till-10-kg-khaki\/","url":"https:\/\/truusk.store\/sv\/produkt\/truusk-sportvagn-for-hundar-och-katter-hopfallbar-med-regnskydd-mesh-fonster-kudde-for-husdjur-upp-till-10-kg-khaki\/","name":"TRUUSK Sportvagn f\u00f6r hundar och katter - Hopf\u00e4llbar med regnskydd - Mesh-f\u00f6nster - Kudde - F\u00f6r husdjur upp till 10 kg - Khaki - TRUUSK - Hem, Tr\u00e4dg\u00e5rd &amp; Fritid","isPartOf":{"@id":"https:\/\/truusk.store\/sv\/#website"},"primaryImageOfPage":{"@id":"https:\/\/truusk.store\/sv\/produkt\/truusk-sportvagn-for-hundar-och-katter-hopfallbar-med-regnskydd-mesh-fonster-kudde-for-husdjur-upp-till-10-kg-khaki\/#primaryimage"},"image":{"@id":"https:\/\/truusk.store\/sv\/produkt\/truusk-sportvagn-for-hundar-och-katter-hopfallbar-med-regnskydd-mesh-fonster-kudde-for-husdjur-upp-till-10-kg-khaki\/#primaryimage"},"thumbnailUrl":"https:\/\/i0.wp.com\/truusk.store\/wp-content\/uploads\/2025\/06\/sportnow-basketkorg-basketplatta-med-korg-basketnat-med-basketplatta-vaggmontering-for-utomhus-stal-113-x-61-x-73-cm-rod-1.webp?fit=2000%2C2000&ssl=1","datePublished":"2025-06-05T03:55:30+00:00","dateModified":"2026-03-12T08:41:34+00:00","breadcrumb":{"@id":"https:\/\/truusk.store\/sv\/produkt\/truusk-sportvagn-for-hundar-och-katter-hopfallbar-med-regnskydd-mesh-fonster-kudde-for-husdjur-upp-till-10-kg-khaki\/#breadcrumb"},"inLanguage":"sv-SE","potentialAction":[{"@type":"ReadAction","target":["https:\/\/truusk.store\/sv\/produkt\/truusk-sportvagn-for-hundar-och-katter-hopfallbar-med-regnskydd-mesh-fonster-kudde-for-husdjur-upp-till-10-kg-khaki\/"]}]},{"@type":"ImageObject","inLanguage":"sv-SE","@id":"https:\/\/truusk.store\/sv\/produkt\/truusk-sportvagn-for-hundar-och-katter-hopfallbar-med-regnskydd-mesh-fonster-kudde-for-husdjur-upp-till-10-kg-khaki\/#primaryimage","url":"https:\/\/i0.wp.com\/truusk.store\/wp-content\/uploads\/2025\/06\/sportnow-basketkorg-basketplatta-med-korg-basketnat-med-basketplatta-vaggmontering-for-utomhus-stal-113-x-61-x-73-cm-rod-1.webp?fit=2000%2C2000&ssl=1","contentUrl":"https:\/\/i0.wp.com\/truusk.store\/wp-content\/uploads\/2025\/06\/sportnow-basketkorg-basketplatta-med-korg-basketnat-med-basketplatta-vaggmontering-for-utomhus-stal-113-x-61-x-73-cm-rod-1.webp?fit=2000%2C2000&ssl=1","width":2000,"height":2000},{"@type":"BreadcrumbList","@id":"https:\/\/truusk.store\/sv\/produkt\/truusk-sportvagn-for-hundar-och-katter-hopfallbar-med-regnskydd-mesh-fonster-kudde-for-husdjur-upp-till-10-kg-khaki\/#breadcrumb","itemListElement":[{"@type":"ListItem","position":1,"name":"Home","item":"https:\/\/truusk.store\/sv\/"},{"@type":"ListItem","position":2,"name":"Shop","item":"https:\/\/truusk.store\/shop\/"},{"@type":"ListItem","position":3,"name":"TRUUSK Sportvagn f\u00f6r hundar och katter &#8211; Hopf\u00e4llbar med regnskydd &#8211; Mesh-f\u00f6nster &#8211; Kudde &#8211; F\u00f6r husdjur upp till 10 kg &#8211; Khaki"}]},{"@type":"WebSite","@id":"https:\/\/truusk.store\/sv\/#website","url":"https:\/\/truusk.store\/sv\/","name":"TRUUSK - Hem, Tr\u00e4dg\u00e5rd & Fritid","description":"","publisher":{"@id":"https:\/\/truusk.store\/sv\/#organization"},"potentialAction":[{"@type":"SearchAction","target":{"@type":"EntryPoint","urlTemplate":"https:\/\/truusk.store\/sv\/?s={search_term_string}"},"query-input":{"@type":"PropertyValueSpecification","valueRequired":true,"valueName":"search_term_string"}}],"inLanguage":"sv-SE"},{"@type":"Organization","@id":"https:\/\/truusk.store\/sv\/#organization","name":"TRUUSK - Hem, Tr\u00e4dg\u00e5rd & Fritid","url":"https:\/\/truusk.store\/sv\/","logo":{"@type":"ImageObject","inLanguage":"sv-SE","@id":"https:\/\/truusk.store\/sv\/#\/schema\/logo\/image\/","url":"https:\/\/i0.wp.com\/truusk.store\/wp-content\/uploads\/2026\/03\/cropped-TRUUSK.png?fit=2032%2C917&ssl=1","contentUrl":"https:\/\/i0.wp.com\/truusk.store\/wp-content\/uploads\/2026\/03\/cropped-TRUUSK.png?fit=2032%2C917&ssl=1","width":2032,"height":917,"caption":"TRUUSK - Hem, Tr\u00e4dg\u00e5rd & Fritid"},"image":{"@id":"https:\/\/truusk.store\/sv\/#\/schema\/logo\/image\/"}}]}},"jetpack_sharing_enabled":true,"_links":{"self":[{"href":"https:\/\/truusk.store\/sv\/wp-json\/wp\/v2\/product\/61749","targetHints":{"allow":["GET"]}}],"collection":[{"href":"https:\/\/truusk.store\/sv\/wp-json\/wp\/v2\/product"}],"about":[{"href":"https:\/\/truusk.store\/sv\/wp-json\/wp\/v2\/types\/product"}],"wp:featuredmedia":[{"embeddable":true,"href":"https:\/\/truusk.store\/sv\/wp-json\/wp\/v2\/media\/61740"}],"wp:attachment":[{"href":"https:\/\/truusk.store\/sv\/wp-json\/wp\/v2\/media?parent=61749"}],"wp:term":[{"taxonomy":"product_brand","embeddable":true,"href":"https:\/\/truusk.store\/sv\/wp-json\/wp\/v2\/product_brand?post=61749"},{"taxonomy":"product_cat","embeddable":true,"href":"https:\/\/truusk.store\/sv\/wp-json\/wp\/v2\/product_cat?post=61749"},{"taxonomy":"product_tag","embeddable":true,"href":"https:\/\/truusk.store\/sv\/wp-json\/wp\/v2\/product_tag?post=61749"}],"curies":[{"name":"wp","href":"https:\/\/api.w.org\/{rel}","templated":true}]}}