{"id":61789,"date":"2025-06-05T04:59:33","date_gmt":"2025-06-05T03:59:33","guid":{"rendered":"https:\/\/truusk.store\/product\/dryckeskasserhylla-fristaende-for-6-lador-justerbar-hyllhojd-3-nivaer-halkfri-103-x-33-x-1135-cm-svart-stal\/"},"modified":"2026-03-12T09:40:39","modified_gmt":"2026-03-12T08:40:39","slug":"truusk-dryckeskasserhylla-fristaende-justerbar-hyllhojd-halkfri-svart-stal-103-x-33-x-1135-cm","status":"publish","type":"product","link":"https:\/\/truusk.store\/sv\/produkt\/truusk-dryckeskasserhylla-fristaende-justerbar-hyllhojd-halkfri-svart-stal-103-x-33-x-1135-cm\/","title":{"rendered":"TRUUSK Dryckeskasserhylla &#8211; Frist\u00e5ende &#8211; Justerbar hyllh\u00f6jd &#8211; Halkfri &#8211; Svart st\u00e5l &#8211; 103 x 33 x 113,5 cm"},"content":{"rendered":"<p>Uppt\u00e4ck den praktiska f\u00f6rvaringsl\u00f6sningen med TRUUSK dryckeshyllan! Organisera enkelt upp till 6 dryckesl\u00e5dor p\u00e5 tv\u00e5 niv\u00e5er, medan den \u00f6vre hyllan \u00e4r idealisk f\u00f6r glas och snacks. Designen m\u00f6jligg\u00f6r snabb \u00e5tkomst och enkel sortering av flaskor. Anpassa st\u00e4llhyllan flexibelt f\u00f6r att till exempel ocks\u00e5 f\u00f6rvara gr\u00f6nsaksl\u00e5dor eller tv\u00e4ttartiklar.<\/p>\n<p>Beskrivning:<\/p>\n<ul>\n<li> Enkel montering med ett praktiskt verktyg<\/li>\n<li> Utrymmesbesparande design av l\u00e5dstativet med tre niv\u00e5er f\u00f6r drycker och snacks<\/li>\n<li> Snedst\u00e4lld dryckesl\u00e5dah\u00e5llare m\u00f6jligg\u00f6r enkel uttagning och sortering av flaskor<\/li>\n<li> Hyllh\u00f6jden \u00e4r justerbar f\u00f6r olika f\u00f6rvaringsbehov<\/li>\n<li> M\u00e5ngsidigt anv\u00e4ndbar f\u00f6r f\u00f6rvaring av gr\u00f6nsaker, frukt eller tv\u00e4tt<\/li>\n<li> Tillverkad av stabil, belagd st\u00e5l med fotdynor och tipps\u00e4ker design<\/li>\n<\/ul>\n<p>Tekniska data:<\/p>\n<ul>\n<li> F\u00e4rg: Svart<\/li>\n<li> Material: Metall<\/li>\n<li> Totala dimensioner: 103L x 33B x 113,5H cm<\/li>\n<li> Hyllstorlek: 103L x 33B cm<\/li>\n<li> Hyllh\u00f6jdjusteringsomr\u00e5de: 14 cm<\/li>\n<li> B\u00e4rkapacitet: Totalt: 210 kg, \u00d6vre hylla: 10 kg, Dryckeshylla: 100 kg<\/li>\n<\/ul>\n<p>Leveransinneh\u00e5ll:<\/p>\n<ul>\n<li> 1 x Dryckeshylla<\/li>\n<li> 1 x Instruktioner<\/li>\n<\/ul>\n","protected":false},"excerpt":{"rendered":"<p>Uppt\u00e4ck den praktiska f\u00f6rvaringsl\u00f6sningen med TRUUSK dryckeshyllan! Organisera enkelt upp till 6 dryckesl\u00e5dor p\u00e5 tv\u00e5 niv\u00e5er, medan den \u00f6vre hyllan&#8230;<\/p>\n","protected":false},"featured_media":61780,"template":"","meta":[],"product_brand":[],"product_cat":[977,872,871],"product_tag":[],"class_list":{"0":"post-61789","1":"product","2":"type-product","3":"status-publish","4":"has-post-thumbnail","6":"product_cat-bok-staende-hyllor","7":"product_cat-hemmakontor-arbetsplats","8":"product_cat-hus-hem","10":"first","11":"instock","12":"sale","13":"taxable","14":"shipping-taxable","15":"purchasable","16":"product-type-simple"},"yoast_head":"<!-- This site is optimized with the Yoast SEO plugin v25.4 - https:\/\/yoast.com\/wordpress\/plugins\/seo\/ -->\n<title>TRUUSK Dryckeskasserhylla - Frist\u00e5ende - Justerbar hyllh\u00f6jd - Halkfri - Svart st\u00e5l - 103 x 33 x 113,5 cm - TRUUSK - Hem, Tr\u00e4dg\u00e5rd &amp; Fritid<\/title>\n<meta name=\"robots\" content=\"index, follow, max-snippet:-1, max-image-preview:large, max-video-preview:-1\" \/>\n<link rel=\"canonical\" href=\"https:\/\/truusk.store\/sv\/produkt\/truusk-dryckeskasserhylla-fristaende-justerbar-hyllhojd-halkfri-svart-stal-103-x-33-x-1135-cm\/\" \/>\n<meta property=\"og:locale\" content=\"sv_SE\" \/>\n<meta property=\"og:type\" content=\"article\" \/>\n<meta property=\"og:title\" content=\"TRUUSK Dryckeskasserhylla - Frist\u00e5ende - Justerbar hyllh\u00f6jd - Halkfri - Svart st\u00e5l - 103 x 33 x 113,5 cm - TRUUSK - Hem, Tr\u00e4dg\u00e5rd &amp; Fritid\" \/>\n<meta property=\"og:description\" content=\"Uppt\u00e4ck den praktiska f\u00f6rvaringsl\u00f6sningen med TRUUSK dryckeshyllan! Organisera enkelt upp till 6 dryckesl\u00e5dor p\u00e5 tv\u00e5 niv\u00e5er, medan den \u00f6vre hyllan...\" \/>\n<meta property=\"og:url\" content=\"https:\/\/truusk.store\/sv\/produkt\/truusk-dryckeskasserhylla-fristaende-justerbar-hyllhojd-halkfri-svart-stal-103-x-33-x-1135-cm\/\" \/>\n<meta property=\"og:site_name\" content=\"TRUUSK - Hem, Tr\u00e4dg\u00e5rd &amp; Fritid\" \/>\n<meta property=\"article:modified_time\" content=\"2026-03-12T08:40:39+00:00\" \/>\n<meta property=\"og:image\" content=\"https:\/\/i0.wp.com\/truusk.se\/wp-content\/uploads\/2025\/06\/dryckeskasserhylla-fristaende-for-6-lador-justerbar-hyllhojd-3-nivaer-halkfri-103-x-33-x-1135-cm-svart-stal-1.webp?fit=2000%2C2000&ssl=1\" \/>\n\t<meta property=\"og:image:width\" content=\"2000\" \/>\n\t<meta property=\"og:image:height\" content=\"2000\" \/>\n\t<meta property=\"og:image:type\" content=\"image\/webp\" \/>\n<meta name=\"twitter:card\" content=\"summary_large_image\" \/>\n<meta name=\"twitter:label1\" content=\"Ber\u00e4knad l\u00e4stid\" \/>\n\t<meta name=\"twitter:data1\" content=\"1 minut\" \/>\n<!-- \/ Yoast SEO plugin. -->","yoast_head_json":{"title":"TRUUSK Dryckeskasserhylla - Frist\u00e5ende - Justerbar hyllh\u00f6jd - Halkfri - Svart st\u00e5l - 103 x 33 x 113,5 cm - TRUUSK - Hem, Tr\u00e4dg\u00e5rd &amp; Fritid","robots":{"index":"index","follow":"follow","max-snippet":"max-snippet:-1","max-image-preview":"max-image-preview:large","max-video-preview":"max-video-preview:-1"},"canonical":"https:\/\/truusk.store\/sv\/produkt\/truusk-dryckeskasserhylla-fristaende-justerbar-hyllhojd-halkfri-svart-stal-103-x-33-x-1135-cm\/","og_locale":"sv_SE","og_type":"article","og_title":"TRUUSK Dryckeskasserhylla - Frist\u00e5ende - Justerbar hyllh\u00f6jd - Halkfri - Svart st\u00e5l - 103 x 33 x 113,5 cm - TRUUSK - Hem, Tr\u00e4dg\u00e5rd &amp; Fritid","og_description":"Uppt\u00e4ck den praktiska f\u00f6rvaringsl\u00f6sningen med TRUUSK dryckeshyllan! Organisera enkelt upp till 6 dryckesl\u00e5dor p\u00e5 tv\u00e5 niv\u00e5er, medan den \u00f6vre hyllan...","og_url":"https:\/\/truusk.store\/sv\/produkt\/truusk-dryckeskasserhylla-fristaende-justerbar-hyllhojd-halkfri-svart-stal-103-x-33-x-1135-cm\/","og_site_name":"TRUUSK - Hem, Tr\u00e4dg\u00e5rd &amp; Fritid","article_modified_time":"2026-03-12T08:40:39+00:00","og_image":[{"width":2000,"height":2000,"url":"https:\/\/i0.wp.com\/truusk.se\/wp-content\/uploads\/2025\/06\/dryckeskasserhylla-fristaende-for-6-lador-justerbar-hyllhojd-3-nivaer-halkfri-103-x-33-x-1135-cm-svart-stal-1.webp?fit=2000%2C2000&ssl=1","type":"image\/webp"}],"twitter_card":"summary_large_image","twitter_misc":{"Ber\u00e4knad l\u00e4stid":"1 minut"},"schema":{"@context":"https:\/\/schema.org","@graph":[{"@type":"WebPage","@id":"https:\/\/truusk.store\/sv\/produkt\/truusk-dryckeskasserhylla-fristaende-justerbar-hyllhojd-halkfri-svart-stal-103-x-33-x-1135-cm\/","url":"https:\/\/truusk.store\/sv\/produkt\/truusk-dryckeskasserhylla-fristaende-justerbar-hyllhojd-halkfri-svart-stal-103-x-33-x-1135-cm\/","name":"TRUUSK Dryckeskasserhylla - Frist\u00e5ende - Justerbar hyllh\u00f6jd - Halkfri - Svart st\u00e5l - 103 x 33 x 113,5 cm - TRUUSK - Hem, Tr\u00e4dg\u00e5rd &amp; Fritid","isPartOf":{"@id":"https:\/\/truusk.store\/sv\/#website"},"primaryImageOfPage":{"@id":"https:\/\/truusk.store\/sv\/produkt\/truusk-dryckeskasserhylla-fristaende-justerbar-hyllhojd-halkfri-svart-stal-103-x-33-x-1135-cm\/#primaryimage"},"image":{"@id":"https:\/\/truusk.store\/sv\/produkt\/truusk-dryckeskasserhylla-fristaende-justerbar-hyllhojd-halkfri-svart-stal-103-x-33-x-1135-cm\/#primaryimage"},"thumbnailUrl":"https:\/\/i0.wp.com\/truusk.store\/wp-content\/uploads\/2025\/06\/dryckeskasserhylla-fristaende-for-6-lador-justerbar-hyllhojd-3-nivaer-halkfri-103-x-33-x-1135-cm-svart-stal-1.webp?fit=2000%2C2000&ssl=1","datePublished":"2025-06-05T03:59:33+00:00","dateModified":"2026-03-12T08:40:39+00:00","breadcrumb":{"@id":"https:\/\/truusk.store\/sv\/produkt\/truusk-dryckeskasserhylla-fristaende-justerbar-hyllhojd-halkfri-svart-stal-103-x-33-x-1135-cm\/#breadcrumb"},"inLanguage":"sv-SE","potentialAction":[{"@type":"ReadAction","target":["https:\/\/truusk.store\/sv\/produkt\/truusk-dryckeskasserhylla-fristaende-justerbar-hyllhojd-halkfri-svart-stal-103-x-33-x-1135-cm\/"]}]},{"@type":"ImageObject","inLanguage":"sv-SE","@id":"https:\/\/truusk.store\/sv\/produkt\/truusk-dryckeskasserhylla-fristaende-justerbar-hyllhojd-halkfri-svart-stal-103-x-33-x-1135-cm\/#primaryimage","url":"https:\/\/i0.wp.com\/truusk.store\/wp-content\/uploads\/2025\/06\/dryckeskasserhylla-fristaende-for-6-lador-justerbar-hyllhojd-3-nivaer-halkfri-103-x-33-x-1135-cm-svart-stal-1.webp?fit=2000%2C2000&ssl=1","contentUrl":"https:\/\/i0.wp.com\/truusk.store\/wp-content\/uploads\/2025\/06\/dryckeskasserhylla-fristaende-for-6-lador-justerbar-hyllhojd-3-nivaer-halkfri-103-x-33-x-1135-cm-svart-stal-1.webp?fit=2000%2C2000&ssl=1","width":2000,"height":2000},{"@type":"BreadcrumbList","@id":"https:\/\/truusk.store\/sv\/produkt\/truusk-dryckeskasserhylla-fristaende-justerbar-hyllhojd-halkfri-svart-stal-103-x-33-x-1135-cm\/#breadcrumb","itemListElement":[{"@type":"ListItem","position":1,"name":"Home","item":"https:\/\/truusk.store\/sv\/"},{"@type":"ListItem","position":2,"name":"Shop","item":"https:\/\/truusk.store\/shop\/"},{"@type":"ListItem","position":3,"name":"TRUUSK Dryckeskasserhylla &#8211; Frist\u00e5ende &#8211; Justerbar hyllh\u00f6jd &#8211; Halkfri &#8211; Svart st\u00e5l &#8211; 103 x 33 x 113,5 cm"}]},{"@type":"WebSite","@id":"https:\/\/truusk.store\/sv\/#website","url":"https:\/\/truusk.store\/sv\/","name":"TRUUSK - Hem, Tr\u00e4dg\u00e5rd & Fritid","description":"","publisher":{"@id":"https:\/\/truusk.store\/sv\/#organization"},"potentialAction":[{"@type":"SearchAction","target":{"@type":"EntryPoint","urlTemplate":"https:\/\/truusk.store\/sv\/?s={search_term_string}"},"query-input":{"@type":"PropertyValueSpecification","valueRequired":true,"valueName":"search_term_string"}}],"inLanguage":"sv-SE"},{"@type":"Organization","@id":"https:\/\/truusk.store\/sv\/#organization","name":"TRUUSK - Hem, Tr\u00e4dg\u00e5rd & Fritid","url":"https:\/\/truusk.store\/sv\/","logo":{"@type":"ImageObject","inLanguage":"sv-SE","@id":"https:\/\/truusk.store\/sv\/#\/schema\/logo\/image\/","url":"https:\/\/i0.wp.com\/truusk.store\/wp-content\/uploads\/2026\/03\/cropped-TRUUSK.png?fit=2032%2C917&ssl=1","contentUrl":"https:\/\/i0.wp.com\/truusk.store\/wp-content\/uploads\/2026\/03\/cropped-TRUUSK.png?fit=2032%2C917&ssl=1","width":2032,"height":917,"caption":"TRUUSK - Hem, Tr\u00e4dg\u00e5rd & Fritid"},"image":{"@id":"https:\/\/truusk.store\/sv\/#\/schema\/logo\/image\/"}}]}},"jetpack_sharing_enabled":true,"_links":{"self":[{"href":"https:\/\/truusk.store\/sv\/wp-json\/wp\/v2\/product\/61789","targetHints":{"allow":["GET"]}}],"collection":[{"href":"https:\/\/truusk.store\/sv\/wp-json\/wp\/v2\/product"}],"about":[{"href":"https:\/\/truusk.store\/sv\/wp-json\/wp\/v2\/types\/product"}],"wp:featuredmedia":[{"embeddable":true,"href":"https:\/\/truusk.store\/sv\/wp-json\/wp\/v2\/media\/61780"}],"wp:attachment":[{"href":"https:\/\/truusk.store\/sv\/wp-json\/wp\/v2\/media?parent=61789"}],"wp:term":[{"taxonomy":"product_brand","embeddable":true,"href":"https:\/\/truusk.store\/sv\/wp-json\/wp\/v2\/product_brand?post=61789"},{"taxonomy":"product_cat","embeddable":true,"href":"https:\/\/truusk.store\/sv\/wp-json\/wp\/v2\/product_cat?post=61789"},{"taxonomy":"product_tag","embeddable":true,"href":"https:\/\/truusk.store\/sv\/wp-json\/wp\/v2\/product_tag?post=61789"}],"curies":[{"name":"wp","href":"https:\/\/api.w.org\/{rel}","templated":true}]}}