{"id":61877,"date":"2025-06-05T05:08:29","date_gmt":"2025-06-05T04:08:29","guid":{"rendered":"https:\/\/truusk.store\/product\/mjuka-byggklossar-7-delars-set-skumbyggklossar-jattebyggklossar-for-barn-1-3-ar-konstlader-epe-byggleksak\/"},"modified":"2026-03-12T09:43:17","modified_gmt":"2026-03-12T08:43:17","slug":"truusk-byggklossar-7-delars-set-mjuka-skumbyggklossar-for-barn-1-3-ar-konstlader-epe-byggleksak","status":"publish","type":"product","link":"https:\/\/truusk.store\/sv\/produkt\/truusk-byggklossar-7-delars-set-mjuka-skumbyggklossar-for-barn-1-3-ar-konstlader-epe-byggleksak\/","title":{"rendered":"TRUUSK Byggklossar 7-delars Set &#8211; Mjuka Skumbyggklossar &#8211; F\u00f6r Barn 1-3 \u00e5r &#8211; Konstl\u00e4der &#8211; EPE Byggleksak"},"content":{"rendered":"<p>Uppt\u00e4ck Soozier Softblock-setet &#8211; det perfekta leksaken f\u00f6r dina sm\u00e5 uppt\u00e4ckare! Detta interaktiva mjuka blockset av mjuka skumblock fr\u00e4mjar kreativitet och fantasi hos dina barn p\u00e5 ett lekfullt s\u00e4tt. Med sju olika former l\u00e4r de sig att k\u00e4nna igen f\u00e4rger och former medan de springer, hoppar, kl\u00e4ttrar och bygger. Mjuka blocken \u00e4r l\u00e4tta att reng\u00f6ra och erbjuder timmar av s\u00e4ker lek. Ge dina barn of\u00f6rgl\u00f6mliga \u00e4ventyr!<\/p>\n<p>Beskrivning:<\/p>\n<ul>\n<li> Inneh\u00e5ller sju olika mjuka skumblock som stimulerar fantasin och kreativiteten<\/li>\n<li> Det mjuka blocksetet inneh\u00e5ller tre kuber, en ramp, ett v\u00e5gelement, en kvartscylinder och en cylinder<\/li>\n<li> Reng\u00f6r ytor med en fuktig trasa av skumblock<\/li>\n<li> Ingen montering kr\u00e4vs<\/li>\n<li> Rekommenderad \u00e5lder: 1-3 \u00e5r<\/li>\n<\/ul>\n<p>Tekniska data:<\/p>\n<ul>\n<li> F\u00e4rg: Flerf\u00e4rgad<\/li>\n<li> Material: Konstl\u00e4der, EPE<\/li>\n<li> M\u00e5tt stor kvadratisk block: 40L x 40B x 20H cm<\/li>\n<li> M\u00e5tt rektangul\u00e4rt block: 40L x 20B x 20H cm<\/li>\n<li> M\u00e5tt kvadratisk platta: 40L x 40B x 5H cm<\/li>\n<li> M\u00e5tt v\u00e5gelement: 60L x 40B x 11H cm<\/li>\n<li> M\u00e5tt ramp: 40L x 40B x 20H cm<\/li>\n<li> M\u00e5tt kvartscylinder: 40L x 20B x 20H cm<\/li>\n<li> M\u00e5tt cylinder: \u00d815 x 40L cm<\/li>\n<li> Rekommenderad \u00e5lder: 1-3 \u00e5r<\/li>\n<\/ul>\n<p>Leveransinneh\u00e5ll:<\/p>\n<ul>\n<li> 7 x mjuka block<\/li>\n<li> 1 x bruksanvisning<\/li>\n<\/ul>\n","protected":false},"excerpt":{"rendered":"<p>Uppt\u00e4ck Soozier Softblock-setet &#8211; det perfekta leksaken f\u00f6r dina sm\u00e5 uppt\u00e4ckare! Detta interaktiva mjuka blockset av mjuka skumblock fr\u00e4mjar kreativitet&#8230;<\/p>\n","protected":false},"featured_media":61868,"template":"","meta":[],"product_brand":[],"product_cat":[880,919,918],"product_tag":[],"class_list":{"0":"post-61877","1":"product","2":"type-product","3":"status-publish","4":"has-post-thumbnail","6":"product_cat-baby-barn-2","7":"product_cat-byggklossar","8":"product_cat-leksaker","10":"first","11":"instock","12":"sale","13":"taxable","14":"shipping-taxable","15":"purchasable","16":"product-type-simple"},"yoast_head":"<!-- This site is optimized with the Yoast SEO plugin v25.4 - https:\/\/yoast.com\/wordpress\/plugins\/seo\/ -->\n<title>TRUUSK Byggklossar 7-delars Set - Mjuka Skumbyggklossar - F\u00f6r Barn 1-3 \u00e5r - Konstl\u00e4der - EPE Byggleksak - TRUUSK - Hem, Tr\u00e4dg\u00e5rd &amp; Fritid<\/title>\n<meta name=\"robots\" content=\"index, follow, max-snippet:-1, max-image-preview:large, max-video-preview:-1\" \/>\n<link rel=\"canonical\" href=\"https:\/\/truusk.store\/sv\/produkt\/truusk-byggklossar-7-delars-set-mjuka-skumbyggklossar-for-barn-1-3-ar-konstlader-epe-byggleksak\/\" \/>\n<meta property=\"og:locale\" content=\"sv_SE\" \/>\n<meta property=\"og:type\" content=\"article\" \/>\n<meta property=\"og:title\" content=\"TRUUSK Byggklossar 7-delars Set - Mjuka Skumbyggklossar - F\u00f6r Barn 1-3 \u00e5r - Konstl\u00e4der - EPE Byggleksak - TRUUSK - Hem, Tr\u00e4dg\u00e5rd &amp; Fritid\" \/>\n<meta property=\"og:description\" content=\"Uppt\u00e4ck Soozier Softblock-setet &#8211; det perfekta leksaken f\u00f6r dina sm\u00e5 uppt\u00e4ckare! Detta interaktiva mjuka blockset av mjuka skumblock fr\u00e4mjar kreativitet...\" \/>\n<meta property=\"og:url\" content=\"https:\/\/truusk.store\/sv\/produkt\/truusk-byggklossar-7-delars-set-mjuka-skumbyggklossar-for-barn-1-3-ar-konstlader-epe-byggleksak\/\" \/>\n<meta property=\"og:site_name\" content=\"TRUUSK - Hem, Tr\u00e4dg\u00e5rd &amp; Fritid\" \/>\n<meta property=\"article:modified_time\" content=\"2026-03-12T08:43:17+00:00\" \/>\n<meta property=\"og:image\" content=\"https:\/\/i0.wp.com\/truusk.se\/wp-content\/uploads\/2025\/06\/mjuka-byggklossar-7-delars-set-skumbyggklossar-jattebyggklossar-for-barn-1-3-ar-konstlader-epe-byggleksak-1.webp?fit=2000%2C2000&ssl=1\" \/>\n\t<meta property=\"og:image:width\" content=\"2000\" \/>\n\t<meta property=\"og:image:height\" content=\"2000\" \/>\n\t<meta property=\"og:image:type\" content=\"image\/webp\" \/>\n<meta name=\"twitter:card\" content=\"summary_large_image\" \/>\n<meta name=\"twitter:label1\" content=\"Ber\u00e4knad l\u00e4stid\" \/>\n\t<meta name=\"twitter:data1\" content=\"1 minut\" \/>\n<!-- \/ Yoast SEO plugin. -->","yoast_head_json":{"title":"TRUUSK Byggklossar 7-delars Set - Mjuka Skumbyggklossar - F\u00f6r Barn 1-3 \u00e5r - Konstl\u00e4der - EPE Byggleksak - TRUUSK - Hem, Tr\u00e4dg\u00e5rd &amp; Fritid","robots":{"index":"index","follow":"follow","max-snippet":"max-snippet:-1","max-image-preview":"max-image-preview:large","max-video-preview":"max-video-preview:-1"},"canonical":"https:\/\/truusk.store\/sv\/produkt\/truusk-byggklossar-7-delars-set-mjuka-skumbyggklossar-for-barn-1-3-ar-konstlader-epe-byggleksak\/","og_locale":"sv_SE","og_type":"article","og_title":"TRUUSK Byggklossar 7-delars Set - Mjuka Skumbyggklossar - F\u00f6r Barn 1-3 \u00e5r - Konstl\u00e4der - EPE Byggleksak - TRUUSK - Hem, Tr\u00e4dg\u00e5rd &amp; Fritid","og_description":"Uppt\u00e4ck Soozier Softblock-setet &#8211; det perfekta leksaken f\u00f6r dina sm\u00e5 uppt\u00e4ckare! Detta interaktiva mjuka blockset av mjuka skumblock fr\u00e4mjar kreativitet...","og_url":"https:\/\/truusk.store\/sv\/produkt\/truusk-byggklossar-7-delars-set-mjuka-skumbyggklossar-for-barn-1-3-ar-konstlader-epe-byggleksak\/","og_site_name":"TRUUSK - Hem, Tr\u00e4dg\u00e5rd &amp; Fritid","article_modified_time":"2026-03-12T08:43:17+00:00","og_image":[{"width":2000,"height":2000,"url":"https:\/\/i0.wp.com\/truusk.se\/wp-content\/uploads\/2025\/06\/mjuka-byggklossar-7-delars-set-skumbyggklossar-jattebyggklossar-for-barn-1-3-ar-konstlader-epe-byggleksak-1.webp?fit=2000%2C2000&ssl=1","type":"image\/webp"}],"twitter_card":"summary_large_image","twitter_misc":{"Ber\u00e4knad l\u00e4stid":"1 minut"},"schema":{"@context":"https:\/\/schema.org","@graph":[{"@type":"WebPage","@id":"https:\/\/truusk.store\/sv\/produkt\/truusk-byggklossar-7-delars-set-mjuka-skumbyggklossar-for-barn-1-3-ar-konstlader-epe-byggleksak\/","url":"https:\/\/truusk.store\/sv\/produkt\/truusk-byggklossar-7-delars-set-mjuka-skumbyggklossar-for-barn-1-3-ar-konstlader-epe-byggleksak\/","name":"TRUUSK Byggklossar 7-delars Set - Mjuka Skumbyggklossar - F\u00f6r Barn 1-3 \u00e5r - Konstl\u00e4der - EPE Byggleksak - TRUUSK - Hem, Tr\u00e4dg\u00e5rd &amp; Fritid","isPartOf":{"@id":"https:\/\/truusk.store\/sv\/#website"},"primaryImageOfPage":{"@id":"https:\/\/truusk.store\/sv\/produkt\/truusk-byggklossar-7-delars-set-mjuka-skumbyggklossar-for-barn-1-3-ar-konstlader-epe-byggleksak\/#primaryimage"},"image":{"@id":"https:\/\/truusk.store\/sv\/produkt\/truusk-byggklossar-7-delars-set-mjuka-skumbyggklossar-for-barn-1-3-ar-konstlader-epe-byggleksak\/#primaryimage"},"thumbnailUrl":"https:\/\/i0.wp.com\/truusk.store\/wp-content\/uploads\/2025\/06\/mjuka-byggklossar-7-delars-set-skumbyggklossar-jattebyggklossar-for-barn-1-3-ar-konstlader-epe-byggleksak-1.webp?fit=2000%2C2000&ssl=1","datePublished":"2025-06-05T04:08:29+00:00","dateModified":"2026-03-12T08:43:17+00:00","breadcrumb":{"@id":"https:\/\/truusk.store\/sv\/produkt\/truusk-byggklossar-7-delars-set-mjuka-skumbyggklossar-for-barn-1-3-ar-konstlader-epe-byggleksak\/#breadcrumb"},"inLanguage":"sv-SE","potentialAction":[{"@type":"ReadAction","target":["https:\/\/truusk.store\/sv\/produkt\/truusk-byggklossar-7-delars-set-mjuka-skumbyggklossar-for-barn-1-3-ar-konstlader-epe-byggleksak\/"]}]},{"@type":"ImageObject","inLanguage":"sv-SE","@id":"https:\/\/truusk.store\/sv\/produkt\/truusk-byggklossar-7-delars-set-mjuka-skumbyggklossar-for-barn-1-3-ar-konstlader-epe-byggleksak\/#primaryimage","url":"https:\/\/i0.wp.com\/truusk.store\/wp-content\/uploads\/2025\/06\/mjuka-byggklossar-7-delars-set-skumbyggklossar-jattebyggklossar-for-barn-1-3-ar-konstlader-epe-byggleksak-1.webp?fit=2000%2C2000&ssl=1","contentUrl":"https:\/\/i0.wp.com\/truusk.store\/wp-content\/uploads\/2025\/06\/mjuka-byggklossar-7-delars-set-skumbyggklossar-jattebyggklossar-for-barn-1-3-ar-konstlader-epe-byggleksak-1.webp?fit=2000%2C2000&ssl=1","width":2000,"height":2000},{"@type":"BreadcrumbList","@id":"https:\/\/truusk.store\/sv\/produkt\/truusk-byggklossar-7-delars-set-mjuka-skumbyggklossar-for-barn-1-3-ar-konstlader-epe-byggleksak\/#breadcrumb","itemListElement":[{"@type":"ListItem","position":1,"name":"Home","item":"https:\/\/truusk.store\/sv\/"},{"@type":"ListItem","position":2,"name":"Shop","item":"https:\/\/truusk.store\/shop\/"},{"@type":"ListItem","position":3,"name":"TRUUSK Byggklossar 7-delars Set &#8211; Mjuka Skumbyggklossar &#8211; F\u00f6r Barn 1-3 \u00e5r &#8211; Konstl\u00e4der &#8211; EPE Byggleksak"}]},{"@type":"WebSite","@id":"https:\/\/truusk.store\/sv\/#website","url":"https:\/\/truusk.store\/sv\/","name":"TRUUSK - Hem, Tr\u00e4dg\u00e5rd & Fritid","description":"","publisher":{"@id":"https:\/\/truusk.store\/sv\/#organization"},"potentialAction":[{"@type":"SearchAction","target":{"@type":"EntryPoint","urlTemplate":"https:\/\/truusk.store\/sv\/?s={search_term_string}"},"query-input":{"@type":"PropertyValueSpecification","valueRequired":true,"valueName":"search_term_string"}}],"inLanguage":"sv-SE"},{"@type":"Organization","@id":"https:\/\/truusk.store\/sv\/#organization","name":"TRUUSK - Hem, Tr\u00e4dg\u00e5rd & Fritid","url":"https:\/\/truusk.store\/sv\/","logo":{"@type":"ImageObject","inLanguage":"sv-SE","@id":"https:\/\/truusk.store\/sv\/#\/schema\/logo\/image\/","url":"https:\/\/i0.wp.com\/truusk.store\/wp-content\/uploads\/2026\/03\/cropped-TRUUSK.png?fit=2032%2C917&ssl=1","contentUrl":"https:\/\/i0.wp.com\/truusk.store\/wp-content\/uploads\/2026\/03\/cropped-TRUUSK.png?fit=2032%2C917&ssl=1","width":2032,"height":917,"caption":"TRUUSK - Hem, Tr\u00e4dg\u00e5rd & Fritid"},"image":{"@id":"https:\/\/truusk.store\/sv\/#\/schema\/logo\/image\/"}}]}},"jetpack_sharing_enabled":true,"_links":{"self":[{"href":"https:\/\/truusk.store\/sv\/wp-json\/wp\/v2\/product\/61877","targetHints":{"allow":["GET"]}}],"collection":[{"href":"https:\/\/truusk.store\/sv\/wp-json\/wp\/v2\/product"}],"about":[{"href":"https:\/\/truusk.store\/sv\/wp-json\/wp\/v2\/types\/product"}],"wp:featuredmedia":[{"embeddable":true,"href":"https:\/\/truusk.store\/sv\/wp-json\/wp\/v2\/media\/61868"}],"wp:attachment":[{"href":"https:\/\/truusk.store\/sv\/wp-json\/wp\/v2\/media?parent=61877"}],"wp:term":[{"taxonomy":"product_brand","embeddable":true,"href":"https:\/\/truusk.store\/sv\/wp-json\/wp\/v2\/product_brand?post=61877"},{"taxonomy":"product_cat","embeddable":true,"href":"https:\/\/truusk.store\/sv\/wp-json\/wp\/v2\/product_cat?post=61877"},{"taxonomy":"product_tag","embeddable":true,"href":"https:\/\/truusk.store\/sv\/wp-json\/wp\/v2\/product_tag?post=61877"}],"curies":[{"name":"wp","href":"https:\/\/api.w.org\/{rel}","templated":true}]}}