{"id":61937,"date":"2025-06-05T05:14:21","date_gmt":"2025-06-05T04:14:21","guid":{"rendered":"https:\/\/truusk.store\/product\/vedhylla-123-x-32-x-115-cm-vedhylla-med-tva-sektioner-tre-krokar-vedhylla-for-utomhus-inomhus-upp-till-200-kg-stal-svart\/"},"modified":"2026-03-12T09:42:29","modified_gmt":"2026-03-12T08:42:29","slug":"truusk-vedhylla-123-x-32-x-115-cm-med-tva-sektioner-tre-krokar-for-utomhus-och-inomhus-upp-till-200-kg-stal-svart","status":"publish","type":"product","link":"https:\/\/truusk.store\/sv\/produkt\/truusk-vedhylla-123-x-32-x-115-cm-med-tva-sektioner-tre-krokar-for-utomhus-och-inomhus-upp-till-200-kg-stal-svart\/","title":{"rendered":"TRUUSK Vedhylla 123 x 32 x 115 cm &#8211; Med tv\u00e5 sektioner &#8211; Tre krokar &#8211; F\u00f6r utomhus och inomhus &#8211; Upp till 200 kg &#8211; St\u00e5l &#8211; Svart"},"content":{"rendered":"<p>Organisera och skydda ditt ved p\u00e5 ett stilfullt s\u00e4tt med TRUUSK vedst\u00e4llet! Den har en innovativ design med tv\u00e5 omr\u00e5den f\u00f6r att separera mindre och st\u00f6rre vedklabbar samt t\u00e4ndved. Den robusta ramen p\u00e5 vedst\u00e4llet \u00e4r gjord av pulverlackerat st\u00e5l och kan b\u00e4ra upp till 200 kg. Tre s\u00e4kerhetsringar och sex stabila ben p\u00e5 vedst\u00e4llet f\u00f6rhindrar tippning, medan den upph\u00f6jda basen h\u00e5ller veden torr och redo att t\u00e4ndas.<\/p>\n<p>Beskrivning:<\/p>\n<ul>\n<li> Dubbelrumdesign p\u00e5 vedst\u00e4llet separerar stora och sm\u00e5 vedklabbar<\/li>\n<li> Stor kapacitet p\u00e5 vedst\u00e4llet, lagring av upp till 200 kg ved<\/li>\n<li> Pulverlackerad st\u00e5lram p\u00e5 vedst\u00e4llet f\u00f6r inomhus och utomhus anv\u00e4ndning<\/li>\n<li> Tre l\u00e5sringar och sex fasta ben f\u00f6r extra s\u00e4kerhet<\/li>\n<li> Upph\u00f6jd bas h\u00e5ller veden torr och f\u00f6rhindrar r\u00f6ta<\/li>\n<li> Montering kr\u00e4vs<\/li>\n<\/ul>\n<p> Tekniska data:<\/p>\n<ul>\n<li> F\u00e4rg: Svart<\/li>\n<li> Material: St\u00e5l<\/li>\n<li> Totala dimensioner: 123L x 32B x 115H cm<\/li>\n<li> Storlek p\u00e5 det nedre hyllan: 57,5L x 32B cm<\/li>\n<li> H\u00f6jd fr\u00e5n golvet till hyllan: 12 cm<\/li>\n<li> B\u00e4rkapacitet: 200 kg<\/li>\n<\/ul>\n<p> Leveransinneh\u00e5ll:<\/p>\n<ul>\n<li> 1 x Vedst\u00e4ll<\/li>\n<li> 1 x Manual<\/li>\n<\/ul>\n","protected":false},"excerpt":{"rendered":"<p>Organisera och skydda ditt ved p\u00e5 ett stilfullt s\u00e4tt med TRUUSK vedst\u00e4llet! Den har en innovativ design med tv\u00e5 omr\u00e5den&#8230;<\/p>\n","protected":false},"featured_media":61928,"template":"","meta":[],"product_brand":[],"product_cat":[867,926,874],"product_tag":[],"class_list":{"0":"post-61937","1":"product","2":"type-product","3":"status-publish","4":"has-post-thumbnail","6":"product_cat-byggmarknad","7":"product_cat-kamin-tillbehor","8":"product_cat-spisar-ugnar","10":"first","11":"instock","12":"sale","13":"taxable","14":"shipping-taxable","15":"purchasable","16":"product-type-simple"},"yoast_head":"<!-- This site is optimized with the Yoast SEO plugin v25.4 - https:\/\/yoast.com\/wordpress\/plugins\/seo\/ -->\n<title>TRUUSK Vedhylla 123 x 32 x 115 cm - Med tv\u00e5 sektioner - Tre krokar - F\u00f6r utomhus och inomhus - Upp till 200 kg - St\u00e5l - Svart - TRUUSK - Hem, Tr\u00e4dg\u00e5rd &amp; Fritid<\/title>\n<meta name=\"robots\" content=\"index, follow, max-snippet:-1, max-image-preview:large, max-video-preview:-1\" \/>\n<link rel=\"canonical\" href=\"https:\/\/truusk.store\/sv\/produkt\/truusk-vedhylla-123-x-32-x-115-cm-med-tva-sektioner-tre-krokar-for-utomhus-och-inomhus-upp-till-200-kg-stal-svart\/\" \/>\n<meta property=\"og:locale\" content=\"sv_SE\" \/>\n<meta property=\"og:type\" content=\"article\" \/>\n<meta property=\"og:title\" content=\"TRUUSK Vedhylla 123 x 32 x 115 cm - Med tv\u00e5 sektioner - Tre krokar - F\u00f6r utomhus och inomhus - Upp till 200 kg - St\u00e5l - Svart - TRUUSK - Hem, Tr\u00e4dg\u00e5rd &amp; Fritid\" \/>\n<meta property=\"og:description\" content=\"Organisera och skydda ditt ved p\u00e5 ett stilfullt s\u00e4tt med TRUUSK vedst\u00e4llet! Den har en innovativ design med tv\u00e5 omr\u00e5den...\" \/>\n<meta property=\"og:url\" content=\"https:\/\/truusk.store\/sv\/produkt\/truusk-vedhylla-123-x-32-x-115-cm-med-tva-sektioner-tre-krokar-for-utomhus-och-inomhus-upp-till-200-kg-stal-svart\/\" \/>\n<meta property=\"og:site_name\" content=\"TRUUSK - Hem, Tr\u00e4dg\u00e5rd &amp; Fritid\" \/>\n<meta property=\"article:modified_time\" content=\"2026-03-12T08:42:29+00:00\" \/>\n<meta property=\"og:image\" content=\"https:\/\/i0.wp.com\/truusk.se\/wp-content\/uploads\/2025\/06\/vedhylla-123-x-32-x-115-cm-vedhylla-med-tva-sektioner-tre-krokar-vedhylla-for-utomhus-inomhus-upp-till-200-kg-stal-svart-1.webp?fit=2000%2C2000&ssl=1\" \/>\n\t<meta property=\"og:image:width\" content=\"2000\" \/>\n\t<meta property=\"og:image:height\" content=\"2000\" \/>\n\t<meta property=\"og:image:type\" content=\"image\/webp\" \/>\n<meta name=\"twitter:card\" content=\"summary_large_image\" \/>\n<meta name=\"twitter:label1\" content=\"Ber\u00e4knad l\u00e4stid\" \/>\n\t<meta name=\"twitter:data1\" content=\"1 minut\" \/>\n<!-- \/ Yoast SEO plugin. -->","yoast_head_json":{"title":"TRUUSK Vedhylla 123 x 32 x 115 cm - Med tv\u00e5 sektioner - Tre krokar - F\u00f6r utomhus och inomhus - Upp till 200 kg - St\u00e5l - Svart - TRUUSK - Hem, Tr\u00e4dg\u00e5rd &amp; Fritid","robots":{"index":"index","follow":"follow","max-snippet":"max-snippet:-1","max-image-preview":"max-image-preview:large","max-video-preview":"max-video-preview:-1"},"canonical":"https:\/\/truusk.store\/sv\/produkt\/truusk-vedhylla-123-x-32-x-115-cm-med-tva-sektioner-tre-krokar-for-utomhus-och-inomhus-upp-till-200-kg-stal-svart\/","og_locale":"sv_SE","og_type":"article","og_title":"TRUUSK Vedhylla 123 x 32 x 115 cm - Med tv\u00e5 sektioner - Tre krokar - F\u00f6r utomhus och inomhus - Upp till 200 kg - St\u00e5l - Svart - TRUUSK - Hem, Tr\u00e4dg\u00e5rd &amp; Fritid","og_description":"Organisera och skydda ditt ved p\u00e5 ett stilfullt s\u00e4tt med TRUUSK vedst\u00e4llet! Den har en innovativ design med tv\u00e5 omr\u00e5den...","og_url":"https:\/\/truusk.store\/sv\/produkt\/truusk-vedhylla-123-x-32-x-115-cm-med-tva-sektioner-tre-krokar-for-utomhus-och-inomhus-upp-till-200-kg-stal-svart\/","og_site_name":"TRUUSK - Hem, Tr\u00e4dg\u00e5rd &amp; Fritid","article_modified_time":"2026-03-12T08:42:29+00:00","og_image":[{"width":2000,"height":2000,"url":"https:\/\/i0.wp.com\/truusk.se\/wp-content\/uploads\/2025\/06\/vedhylla-123-x-32-x-115-cm-vedhylla-med-tva-sektioner-tre-krokar-vedhylla-for-utomhus-inomhus-upp-till-200-kg-stal-svart-1.webp?fit=2000%2C2000&ssl=1","type":"image\/webp"}],"twitter_card":"summary_large_image","twitter_misc":{"Ber\u00e4knad l\u00e4stid":"1 minut"},"schema":{"@context":"https:\/\/schema.org","@graph":[{"@type":"WebPage","@id":"https:\/\/truusk.store\/sv\/produkt\/truusk-vedhylla-123-x-32-x-115-cm-med-tva-sektioner-tre-krokar-for-utomhus-och-inomhus-upp-till-200-kg-stal-svart\/","url":"https:\/\/truusk.store\/sv\/produkt\/truusk-vedhylla-123-x-32-x-115-cm-med-tva-sektioner-tre-krokar-for-utomhus-och-inomhus-upp-till-200-kg-stal-svart\/","name":"TRUUSK Vedhylla 123 x 32 x 115 cm - Med tv\u00e5 sektioner - Tre krokar - F\u00f6r utomhus och inomhus - Upp till 200 kg - St\u00e5l - Svart - TRUUSK - Hem, Tr\u00e4dg\u00e5rd &amp; Fritid","isPartOf":{"@id":"https:\/\/truusk.store\/sv\/#website"},"primaryImageOfPage":{"@id":"https:\/\/truusk.store\/sv\/produkt\/truusk-vedhylla-123-x-32-x-115-cm-med-tva-sektioner-tre-krokar-for-utomhus-och-inomhus-upp-till-200-kg-stal-svart\/#primaryimage"},"image":{"@id":"https:\/\/truusk.store\/sv\/produkt\/truusk-vedhylla-123-x-32-x-115-cm-med-tva-sektioner-tre-krokar-for-utomhus-och-inomhus-upp-till-200-kg-stal-svart\/#primaryimage"},"thumbnailUrl":"https:\/\/i0.wp.com\/truusk.store\/wp-content\/uploads\/2025\/06\/vedhylla-123-x-32-x-115-cm-vedhylla-med-tva-sektioner-tre-krokar-vedhylla-for-utomhus-inomhus-upp-till-200-kg-stal-svart-1.webp?fit=2000%2C2000&ssl=1","datePublished":"2025-06-05T04:14:21+00:00","dateModified":"2026-03-12T08:42:29+00:00","breadcrumb":{"@id":"https:\/\/truusk.store\/sv\/produkt\/truusk-vedhylla-123-x-32-x-115-cm-med-tva-sektioner-tre-krokar-for-utomhus-och-inomhus-upp-till-200-kg-stal-svart\/#breadcrumb"},"inLanguage":"sv-SE","potentialAction":[{"@type":"ReadAction","target":["https:\/\/truusk.store\/sv\/produkt\/truusk-vedhylla-123-x-32-x-115-cm-med-tva-sektioner-tre-krokar-for-utomhus-och-inomhus-upp-till-200-kg-stal-svart\/"]}]},{"@type":"ImageObject","inLanguage":"sv-SE","@id":"https:\/\/truusk.store\/sv\/produkt\/truusk-vedhylla-123-x-32-x-115-cm-med-tva-sektioner-tre-krokar-for-utomhus-och-inomhus-upp-till-200-kg-stal-svart\/#primaryimage","url":"https:\/\/i0.wp.com\/truusk.store\/wp-content\/uploads\/2025\/06\/vedhylla-123-x-32-x-115-cm-vedhylla-med-tva-sektioner-tre-krokar-vedhylla-for-utomhus-inomhus-upp-till-200-kg-stal-svart-1.webp?fit=2000%2C2000&ssl=1","contentUrl":"https:\/\/i0.wp.com\/truusk.store\/wp-content\/uploads\/2025\/06\/vedhylla-123-x-32-x-115-cm-vedhylla-med-tva-sektioner-tre-krokar-vedhylla-for-utomhus-inomhus-upp-till-200-kg-stal-svart-1.webp?fit=2000%2C2000&ssl=1","width":2000,"height":2000},{"@type":"BreadcrumbList","@id":"https:\/\/truusk.store\/sv\/produkt\/truusk-vedhylla-123-x-32-x-115-cm-med-tva-sektioner-tre-krokar-for-utomhus-och-inomhus-upp-till-200-kg-stal-svart\/#breadcrumb","itemListElement":[{"@type":"ListItem","position":1,"name":"Home","item":"https:\/\/truusk.store\/sv\/"},{"@type":"ListItem","position":2,"name":"Shop","item":"https:\/\/truusk.store\/shop\/"},{"@type":"ListItem","position":3,"name":"TRUUSK Vedhylla 123 x 32 x 115 cm &#8211; Med tv\u00e5 sektioner &#8211; Tre krokar &#8211; F\u00f6r utomhus och inomhus &#8211; Upp till 200 kg &#8211; St\u00e5l &#8211; Svart"}]},{"@type":"WebSite","@id":"https:\/\/truusk.store\/sv\/#website","url":"https:\/\/truusk.store\/sv\/","name":"TRUUSK - Hem, Tr\u00e4dg\u00e5rd & Fritid","description":"","publisher":{"@id":"https:\/\/truusk.store\/sv\/#organization"},"potentialAction":[{"@type":"SearchAction","target":{"@type":"EntryPoint","urlTemplate":"https:\/\/truusk.store\/sv\/?s={search_term_string}"},"query-input":{"@type":"PropertyValueSpecification","valueRequired":true,"valueName":"search_term_string"}}],"inLanguage":"sv-SE"},{"@type":"Organization","@id":"https:\/\/truusk.store\/sv\/#organization","name":"TRUUSK - Hem, Tr\u00e4dg\u00e5rd & Fritid","url":"https:\/\/truusk.store\/sv\/","logo":{"@type":"ImageObject","inLanguage":"sv-SE","@id":"https:\/\/truusk.store\/sv\/#\/schema\/logo\/image\/","url":"https:\/\/i0.wp.com\/truusk.store\/wp-content\/uploads\/2026\/03\/cropped-TRUUSK.png?fit=2032%2C917&ssl=1","contentUrl":"https:\/\/i0.wp.com\/truusk.store\/wp-content\/uploads\/2026\/03\/cropped-TRUUSK.png?fit=2032%2C917&ssl=1","width":2032,"height":917,"caption":"TRUUSK - Hem, Tr\u00e4dg\u00e5rd & Fritid"},"image":{"@id":"https:\/\/truusk.store\/sv\/#\/schema\/logo\/image\/"}}]}},"jetpack_sharing_enabled":true,"_links":{"self":[{"href":"https:\/\/truusk.store\/sv\/wp-json\/wp\/v2\/product\/61937","targetHints":{"allow":["GET"]}}],"collection":[{"href":"https:\/\/truusk.store\/sv\/wp-json\/wp\/v2\/product"}],"about":[{"href":"https:\/\/truusk.store\/sv\/wp-json\/wp\/v2\/types\/product"}],"wp:featuredmedia":[{"embeddable":true,"href":"https:\/\/truusk.store\/sv\/wp-json\/wp\/v2\/media\/61928"}],"wp:attachment":[{"href":"https:\/\/truusk.store\/sv\/wp-json\/wp\/v2\/media?parent=61937"}],"wp:term":[{"taxonomy":"product_brand","embeddable":true,"href":"https:\/\/truusk.store\/sv\/wp-json\/wp\/v2\/product_brand?post=61937"},{"taxonomy":"product_cat","embeddable":true,"href":"https:\/\/truusk.store\/sv\/wp-json\/wp\/v2\/product_cat?post=61937"},{"taxonomy":"product_tag","embeddable":true,"href":"https:\/\/truusk.store\/sv\/wp-json\/wp\/v2\/product_tag?post=61937"}],"curies":[{"name":"wp","href":"https:\/\/api.w.org\/{rel}","templated":true}]}}