{"id":61977,"date":"2025-06-05T05:18:29","date_gmt":"2025-06-05T04:18:29","guid":{"rendered":"https:\/\/truusk.store\/product\/hundsoffa-tvattbar-husdjursoffa-med-ryggstod-och-traben-for-sma-hundar-upp-till-45-kg-i-gratt\/"},"modified":"2026-03-12T09:42:21","modified_gmt":"2026-03-12T08:42:21","slug":"truusk-tvattbar-hundsoffa-med-ryggstod-och-traben-for-sma-hundar-upp-till-45-kg-gratt","status":"publish","type":"product","link":"https:\/\/truusk.store\/sv\/produkt\/truusk-tvattbar-hundsoffa-med-ryggstod-och-traben-for-sma-hundar-upp-till-45-kg-gratt\/","title":{"rendered":"TRUUSK Tv\u00e4ttbar Hundsoffa &#8211; Med Ryggst\u00f6d och Tr\u00e4ben &#8211; F\u00f6r Sm\u00e5 Hundar Upp Till 45 kg &#8211; Gr\u00e5tt"},"content":{"rendered":"<p>Unna din lilla \u00e4lskling den ultimata komforten med TRUUSK hundsoffa! Den tjocka kudden och den mjuka flanell\u00f6verdraget p\u00e5 hundsoffan erbjuder mycket mysighet. Den omgivande ryggst\u00f6det p\u00e5 hunds\u00e4ngen ger ett s\u00e4kert och mysigt viloomr\u00e5de. Oavsett om det placeras i vardagsrummet eller sovrummet &#8211; din fyrbenta v\u00e4n kommer att \u00e4lska att ha sin egen soffa. G\u00f6r ditt husdjur glad och skapa en tillflyktsort som lovar ren avkoppling!<\/p>\n<p>Beskrivning:<\/p>\n<ul>\n<li> L\u00e4mplig f\u00f6r de flesta sm\u00e5 hundar och katter<\/li>\n<li> Den eleganta utseendet p\u00e5 hunds\u00e4ngen kompletterar din inredning p\u00e5 ett tilltalande s\u00e4tt<\/li>\n<li> Robusta tr\u00e4ben f\u00f6r en stabil och l\u00e5ngvarig st\u00e5nd<\/li>\n<li> H\u00f6jt design av hundsoffan h\u00e5ller soffan fuktbest\u00e4ndig<\/li>\n<li> Mjukt \u00f6verdrag med flanellk\u00e4nsla f\u00f6r extra komfort<\/li>\n<li> Kudd\u00f6verdraget p\u00e5 hunds\u00e4ngen \u00e4r avtagbart och tv\u00e4ttbart<\/li>\n<li> B\u00e4rkapacitet upp till 4,5 kg, f\u00f6r sm\u00e5 hundar med en kroppsl\u00e4ngd p\u00e5 upp till 30 cm<\/li>\n<li> Montering kr\u00e4vs<\/li>\n<\/ul>\n<p>Tekniska data:<\/p>\n<ul>\n<li> F\u00e4rg: Gr\u00e5<\/li>\n<li> Material: Skum, Polyester, Bj\u00f6rktr\u00e4<\/li>\n<li> Totala m\u00e5tt: 65L x 64B x 37H cm<\/li>\n<li> Sittm\u00e5tt: 48L x 55B x 20H cm<\/li>\n<li> Kuddstorlek: 48L x 48B x 4T cm<\/li>\n<li> Fotens h\u00f6jd: 6 cm<\/li>\n<\/ul>\n<p>Leveransinneh\u00e5ll:<\/p>\n<ul>\n<li> 1 x Husdjursoffa<\/li>\n<li> 1 x Instruktioner<\/li>\n<\/ul>\n","protected":false},"excerpt":{"rendered":"<p>Unna din lilla \u00e4lskling den ultimata komforten med TRUUSK hundsoffa! Den tjocka kudden och den mjuka flanell\u00f6verdraget p\u00e5 hundsoffan erbjuder&#8230;<\/p>\n","protected":false},"featured_media":61968,"template":"","meta":[],"product_brand":[],"product_cat":[878,576,574],"product_tag":[],"class_list":{"0":"post-61977","1":"product","2":"type-product","3":"status-publish","4":"has-post-thumbnail","6":"product_cat-djurbehov","7":"product_cat-hundsangar-hundsoffor","8":"product_cat-hundtillbehor","10":"first","11":"instock","12":"sale","13":"taxable","14":"shipping-taxable","15":"purchasable","16":"product-type-simple"},"yoast_head":"<!-- This site is optimized with the Yoast SEO plugin v25.4 - https:\/\/yoast.com\/wordpress\/plugins\/seo\/ -->\n<title>TRUUSK Tv\u00e4ttbar Hundsoffa - Med Ryggst\u00f6d och Tr\u00e4ben - F\u00f6r Sm\u00e5 Hundar Upp Till 45 kg - Gr\u00e5tt - TRUUSK - Hem, Tr\u00e4dg\u00e5rd &amp; Fritid<\/title>\n<meta name=\"robots\" content=\"index, follow, max-snippet:-1, max-image-preview:large, max-video-preview:-1\" \/>\n<link rel=\"canonical\" href=\"https:\/\/truusk.store\/sv\/produkt\/truusk-tvattbar-hundsoffa-med-ryggstod-och-traben-for-sma-hundar-upp-till-45-kg-gratt\/\" \/>\n<meta property=\"og:locale\" content=\"sv_SE\" \/>\n<meta property=\"og:type\" content=\"article\" \/>\n<meta property=\"og:title\" content=\"TRUUSK Tv\u00e4ttbar Hundsoffa - Med Ryggst\u00f6d och Tr\u00e4ben - F\u00f6r Sm\u00e5 Hundar Upp Till 45 kg - Gr\u00e5tt - TRUUSK - Hem, Tr\u00e4dg\u00e5rd &amp; Fritid\" \/>\n<meta property=\"og:description\" content=\"Unna din lilla \u00e4lskling den ultimata komforten med TRUUSK hundsoffa! Den tjocka kudden och den mjuka flanell\u00f6verdraget p\u00e5 hundsoffan erbjuder...\" \/>\n<meta property=\"og:url\" content=\"https:\/\/truusk.store\/sv\/produkt\/truusk-tvattbar-hundsoffa-med-ryggstod-och-traben-for-sma-hundar-upp-till-45-kg-gratt\/\" \/>\n<meta property=\"og:site_name\" content=\"TRUUSK - Hem, Tr\u00e4dg\u00e5rd &amp; Fritid\" \/>\n<meta property=\"article:modified_time\" content=\"2026-03-12T08:42:21+00:00\" \/>\n<meta property=\"og:image\" content=\"https:\/\/i0.wp.com\/truusk.se\/wp-content\/uploads\/2025\/06\/hundsoffa-tvattbar-husdjursoffa-med-ryggstod-och-traben-for-sma-hundar-upp-till-45-kg-i-gratt-1.webp?fit=2000%2C2000&ssl=1\" \/>\n\t<meta property=\"og:image:width\" content=\"2000\" \/>\n\t<meta property=\"og:image:height\" content=\"2000\" \/>\n\t<meta property=\"og:image:type\" content=\"image\/webp\" \/>\n<meta name=\"twitter:card\" content=\"summary_large_image\" \/>\n<meta name=\"twitter:label1\" content=\"Ber\u00e4knad l\u00e4stid\" \/>\n\t<meta name=\"twitter:data1\" content=\"1 minut\" \/>\n<!-- \/ Yoast SEO plugin. -->","yoast_head_json":{"title":"TRUUSK Tv\u00e4ttbar Hundsoffa - Med Ryggst\u00f6d och Tr\u00e4ben - F\u00f6r Sm\u00e5 Hundar Upp Till 45 kg - Gr\u00e5tt - TRUUSK - Hem, Tr\u00e4dg\u00e5rd &amp; Fritid","robots":{"index":"index","follow":"follow","max-snippet":"max-snippet:-1","max-image-preview":"max-image-preview:large","max-video-preview":"max-video-preview:-1"},"canonical":"https:\/\/truusk.store\/sv\/produkt\/truusk-tvattbar-hundsoffa-med-ryggstod-och-traben-for-sma-hundar-upp-till-45-kg-gratt\/","og_locale":"sv_SE","og_type":"article","og_title":"TRUUSK Tv\u00e4ttbar Hundsoffa - Med Ryggst\u00f6d och Tr\u00e4ben - F\u00f6r Sm\u00e5 Hundar Upp Till 45 kg - Gr\u00e5tt - TRUUSK - Hem, Tr\u00e4dg\u00e5rd &amp; Fritid","og_description":"Unna din lilla \u00e4lskling den ultimata komforten med TRUUSK hundsoffa! Den tjocka kudden och den mjuka flanell\u00f6verdraget p\u00e5 hundsoffan erbjuder...","og_url":"https:\/\/truusk.store\/sv\/produkt\/truusk-tvattbar-hundsoffa-med-ryggstod-och-traben-for-sma-hundar-upp-till-45-kg-gratt\/","og_site_name":"TRUUSK - Hem, Tr\u00e4dg\u00e5rd &amp; Fritid","article_modified_time":"2026-03-12T08:42:21+00:00","og_image":[{"width":2000,"height":2000,"url":"https:\/\/i0.wp.com\/truusk.se\/wp-content\/uploads\/2025\/06\/hundsoffa-tvattbar-husdjursoffa-med-ryggstod-och-traben-for-sma-hundar-upp-till-45-kg-i-gratt-1.webp?fit=2000%2C2000&ssl=1","type":"image\/webp"}],"twitter_card":"summary_large_image","twitter_misc":{"Ber\u00e4knad l\u00e4stid":"1 minut"},"schema":{"@context":"https:\/\/schema.org","@graph":[{"@type":"WebPage","@id":"https:\/\/truusk.store\/sv\/produkt\/truusk-tvattbar-hundsoffa-med-ryggstod-och-traben-for-sma-hundar-upp-till-45-kg-gratt\/","url":"https:\/\/truusk.store\/sv\/produkt\/truusk-tvattbar-hundsoffa-med-ryggstod-och-traben-for-sma-hundar-upp-till-45-kg-gratt\/","name":"TRUUSK Tv\u00e4ttbar Hundsoffa - Med Ryggst\u00f6d och Tr\u00e4ben - F\u00f6r Sm\u00e5 Hundar Upp Till 45 kg - Gr\u00e5tt - TRUUSK - Hem, Tr\u00e4dg\u00e5rd &amp; Fritid","isPartOf":{"@id":"https:\/\/truusk.store\/sv\/#website"},"primaryImageOfPage":{"@id":"https:\/\/truusk.store\/sv\/produkt\/truusk-tvattbar-hundsoffa-med-ryggstod-och-traben-for-sma-hundar-upp-till-45-kg-gratt\/#primaryimage"},"image":{"@id":"https:\/\/truusk.store\/sv\/produkt\/truusk-tvattbar-hundsoffa-med-ryggstod-och-traben-for-sma-hundar-upp-till-45-kg-gratt\/#primaryimage"},"thumbnailUrl":"https:\/\/i0.wp.com\/truusk.store\/wp-content\/uploads\/2025\/06\/hundsoffa-tvattbar-husdjursoffa-med-ryggstod-och-traben-for-sma-hundar-upp-till-45-kg-i-gratt-1.webp?fit=2000%2C2000&ssl=1","datePublished":"2025-06-05T04:18:29+00:00","dateModified":"2026-03-12T08:42:21+00:00","breadcrumb":{"@id":"https:\/\/truusk.store\/sv\/produkt\/truusk-tvattbar-hundsoffa-med-ryggstod-och-traben-for-sma-hundar-upp-till-45-kg-gratt\/#breadcrumb"},"inLanguage":"sv-SE","potentialAction":[{"@type":"ReadAction","target":["https:\/\/truusk.store\/sv\/produkt\/truusk-tvattbar-hundsoffa-med-ryggstod-och-traben-for-sma-hundar-upp-till-45-kg-gratt\/"]}]},{"@type":"ImageObject","inLanguage":"sv-SE","@id":"https:\/\/truusk.store\/sv\/produkt\/truusk-tvattbar-hundsoffa-med-ryggstod-och-traben-for-sma-hundar-upp-till-45-kg-gratt\/#primaryimage","url":"https:\/\/i0.wp.com\/truusk.store\/wp-content\/uploads\/2025\/06\/hundsoffa-tvattbar-husdjursoffa-med-ryggstod-och-traben-for-sma-hundar-upp-till-45-kg-i-gratt-1.webp?fit=2000%2C2000&ssl=1","contentUrl":"https:\/\/i0.wp.com\/truusk.store\/wp-content\/uploads\/2025\/06\/hundsoffa-tvattbar-husdjursoffa-med-ryggstod-och-traben-for-sma-hundar-upp-till-45-kg-i-gratt-1.webp?fit=2000%2C2000&ssl=1","width":2000,"height":2000},{"@type":"BreadcrumbList","@id":"https:\/\/truusk.store\/sv\/produkt\/truusk-tvattbar-hundsoffa-med-ryggstod-och-traben-for-sma-hundar-upp-till-45-kg-gratt\/#breadcrumb","itemListElement":[{"@type":"ListItem","position":1,"name":"Home","item":"https:\/\/truusk.store\/sv\/"},{"@type":"ListItem","position":2,"name":"Shop","item":"https:\/\/truusk.store\/shop\/"},{"@type":"ListItem","position":3,"name":"TRUUSK Tv\u00e4ttbar Hundsoffa &#8211; Med Ryggst\u00f6d och Tr\u00e4ben &#8211; F\u00f6r Sm\u00e5 Hundar Upp Till 45 kg &#8211; Gr\u00e5tt"}]},{"@type":"WebSite","@id":"https:\/\/truusk.store\/sv\/#website","url":"https:\/\/truusk.store\/sv\/","name":"TRUUSK - Hem, Tr\u00e4dg\u00e5rd & Fritid","description":"","publisher":{"@id":"https:\/\/truusk.store\/sv\/#organization"},"potentialAction":[{"@type":"SearchAction","target":{"@type":"EntryPoint","urlTemplate":"https:\/\/truusk.store\/sv\/?s={search_term_string}"},"query-input":{"@type":"PropertyValueSpecification","valueRequired":true,"valueName":"search_term_string"}}],"inLanguage":"sv-SE"},{"@type":"Organization","@id":"https:\/\/truusk.store\/sv\/#organization","name":"TRUUSK - Hem, Tr\u00e4dg\u00e5rd & Fritid","url":"https:\/\/truusk.store\/sv\/","logo":{"@type":"ImageObject","inLanguage":"sv-SE","@id":"https:\/\/truusk.store\/sv\/#\/schema\/logo\/image\/","url":"https:\/\/i0.wp.com\/truusk.store\/wp-content\/uploads\/2026\/03\/cropped-TRUUSK.png?fit=2032%2C917&ssl=1","contentUrl":"https:\/\/i0.wp.com\/truusk.store\/wp-content\/uploads\/2026\/03\/cropped-TRUUSK.png?fit=2032%2C917&ssl=1","width":2032,"height":917,"caption":"TRUUSK - Hem, Tr\u00e4dg\u00e5rd & Fritid"},"image":{"@id":"https:\/\/truusk.store\/sv\/#\/schema\/logo\/image\/"}}]}},"jetpack_sharing_enabled":true,"_links":{"self":[{"href":"https:\/\/truusk.store\/sv\/wp-json\/wp\/v2\/product\/61977","targetHints":{"allow":["GET"]}}],"collection":[{"href":"https:\/\/truusk.store\/sv\/wp-json\/wp\/v2\/product"}],"about":[{"href":"https:\/\/truusk.store\/sv\/wp-json\/wp\/v2\/types\/product"}],"wp:featuredmedia":[{"embeddable":true,"href":"https:\/\/truusk.store\/sv\/wp-json\/wp\/v2\/media\/61968"}],"wp:attachment":[{"href":"https:\/\/truusk.store\/sv\/wp-json\/wp\/v2\/media?parent=61977"}],"wp:term":[{"taxonomy":"product_brand","embeddable":true,"href":"https:\/\/truusk.store\/sv\/wp-json\/wp\/v2\/product_brand?post=61977"},{"taxonomy":"product_cat","embeddable":true,"href":"https:\/\/truusk.store\/sv\/wp-json\/wp\/v2\/product_cat?post=61977"},{"taxonomy":"product_tag","embeddable":true,"href":"https:\/\/truusk.store\/sv\/wp-json\/wp\/v2\/product_tag?post=61977"}],"curies":[{"name":"wp","href":"https:\/\/api.w.org\/{rel}","templated":true}]}}