{"id":62007,"date":"2025-06-05T05:21:38","date_gmt":"2025-06-05T04:21:38","guid":{"rendered":"https:\/\/truusk.store\/product\/garagestalt-21-x-36-x-235-m-forvaringstalt-med-uv-skydd-dragkedjadorr-vattenavvisande-foliegarage-for-motorcykel-tradgardsverktyg-morkgra\/"},"modified":"2026-03-12T09:32:25","modified_gmt":"2026-03-12T08:32:25","slug":"truusk-garagestalt-21-x-36-x-235-m-uv-skydd-dragkedjadorr-vattenavvisande-folie-for-motorcykel-och-tradgardsverktyg","status":"publish","type":"product","link":"https:\/\/truusk.store\/sv\/produkt\/truusk-garagestalt-21-x-36-x-235-m-uv-skydd-dragkedjadorr-vattenavvisande-folie-for-motorcykel-och-tradgardsverktyg\/","title":{"rendered":"TRUUSK Garagest\u00e4lt &#8211; 2,1 x 3,6 x 2,35 m &#8211; UV-skydd &#8211; Dragkedjad\u00f6rr &#8211; Vattenavvisande Folie &#8211; F\u00f6r Motorcykel och Tr\u00e4dg\u00e5rdsverktyg"},"content":{"rendered":"<p>Uppt\u00e4ck TRUUSK f\u00f6rvaringst\u00e4lt f\u00f6r din tr\u00e4dg\u00e5rd &#8211; den idealiska l\u00f6sningen f\u00f6r extra f\u00f6rvaringsutrymme utomhus. Skydda din motorcykel, verktyg eller andra f\u00f6rem\u00e5l med en robust PE-presenning som kan s\u00e4kert f\u00f6rankras i marken. Genom den stora, upprullbara dragkedjad\u00f6rren passar \u00e4ven st\u00f6rre enheter, som till exempel gr\u00e4sklippare. Tillverkat av stark, galvaniserad st\u00e5l och f\u00f6rankrat med markankare, erbjuder detta cykelt\u00e4lt snabb och tillf\u00f6rlitligt skydd mot elementen.<\/p>\n<p>Beskrivning:<\/p>\n<ul>\n<li> Tak och sidov\u00e4ggar av tjockt PE-material som enkelt st\u00e5r emot UV-str\u00e5lar och l\u00e4tt regn<\/li>\n<li> En stor, rullbar dragkedjad\u00f6rr p\u00e5 cykelt\u00e4ltet m\u00f6jligg\u00f6r flexibel tillg\u00e5ng<\/li>\n<li> Ett ventilationsf\u00f6nster p\u00e5 utrustningst\u00e4ltet s\u00e4kerst\u00e4ller optimal luftcirkulation<\/li>\n<li> Vatten- och deformationresistent ram av galvaniserat st\u00e5l<\/li>\n<li> F\u00f6rl\u00e4ngda kanter och markspikar f\u00f6r fasts\u00e4ttning i marken<\/li>\n<li> Montering kr\u00e4vs<\/li>\n<\/ul>\n<p>Tekniska data:<\/p>\n<ul>\n<li> F\u00e4rg: M\u00f6rkgr\u00e5<\/li>\n<li> Material: Galvaniserat st\u00e5l, PE<\/li>\n<li> Totala m\u00e5tt: 210B x 360D x 235H cm<\/li>\n<li> Takets h\u00f6jd: 180H cm<\/li>\n<li> D\u00f6rrh\u00f6jd: 140B x 175H cm<\/li>\n<li> F\u00f6nsterstorlek: 50B x 55H cm<\/li>\n<li> F\u00f6rl\u00e4ngningskant: 20L cm<\/li>\n<\/ul>\n<p>Leveransinneh\u00e5ll:<\/p>\n<ul>\n<li> 1 x Tr\u00e4dg\u00e5rdst\u00e4lt<\/li>\n<li> 4 x F\u00f6rankringslina<\/li>\n<li> 4 x Spiralmarkspik<\/li>\n<li> 44 x Sp\u00e4nnband<\/li>\n<li> 1 x Instruktioner<\/li>\n<\/ul>\n","protected":false},"excerpt":{"rendered":"<p>Uppt\u00e4ck TRUUSK f\u00f6rvaringst\u00e4lt f\u00f6r din tr\u00e4dg\u00e5rd &#8211; den idealiska l\u00f6sningen f\u00f6r extra f\u00f6rvaringsutrymme utomhus. Skydda din motorcykel, verktyg eller andra&#8230;<\/p>\n","protected":false},"featured_media":61998,"template":"","meta":[],"product_brand":[],"product_cat":[901,902,858],"product_tag":[],"class_list":{"0":"post-62007","1":"product","2":"type-product","3":"status-publish","4":"has-post-thumbnail","6":"product_cat-ordning-i-tradgarden","7":"product_cat-redskapsskjul-och-redskapshus","8":"product_cat-tradgard-terrass","10":"first","11":"instock","12":"sale","13":"taxable","14":"shipping-taxable","15":"purchasable","16":"product-type-simple"},"yoast_head":"<!-- This site is optimized with the Yoast SEO plugin v25.4 - https:\/\/yoast.com\/wordpress\/plugins\/seo\/ -->\n<title>TRUUSK Garagest\u00e4lt - 2,1 x 3,6 x 2,35 m - UV-skydd - Dragkedjad\u00f6rr - Vattenavvisande Folie - F\u00f6r Motorcykel och Tr\u00e4dg\u00e5rdsverktyg - TRUUSK - Hem, Tr\u00e4dg\u00e5rd &amp; Fritid<\/title>\n<meta name=\"robots\" content=\"index, follow, max-snippet:-1, max-image-preview:large, max-video-preview:-1\" \/>\n<link rel=\"canonical\" href=\"https:\/\/truusk.store\/sv\/produkt\/truusk-garagestalt-21-x-36-x-235-m-uv-skydd-dragkedjadorr-vattenavvisande-folie-for-motorcykel-och-tradgardsverktyg\/\" \/>\n<meta property=\"og:locale\" content=\"sv_SE\" \/>\n<meta property=\"og:type\" content=\"article\" \/>\n<meta property=\"og:title\" content=\"TRUUSK Garagest\u00e4lt - 2,1 x 3,6 x 2,35 m - UV-skydd - Dragkedjad\u00f6rr - Vattenavvisande Folie - F\u00f6r Motorcykel och Tr\u00e4dg\u00e5rdsverktyg - TRUUSK - Hem, Tr\u00e4dg\u00e5rd &amp; Fritid\" \/>\n<meta property=\"og:description\" content=\"Uppt\u00e4ck TRUUSK f\u00f6rvaringst\u00e4lt f\u00f6r din tr\u00e4dg\u00e5rd &#8211; den idealiska l\u00f6sningen f\u00f6r extra f\u00f6rvaringsutrymme utomhus. Skydda din motorcykel, verktyg eller andra...\" \/>\n<meta property=\"og:url\" content=\"https:\/\/truusk.store\/sv\/produkt\/truusk-garagestalt-21-x-36-x-235-m-uv-skydd-dragkedjadorr-vattenavvisande-folie-for-motorcykel-och-tradgardsverktyg\/\" \/>\n<meta property=\"og:site_name\" content=\"TRUUSK - Hem, Tr\u00e4dg\u00e5rd &amp; Fritid\" \/>\n<meta property=\"article:modified_time\" content=\"2026-03-12T08:32:25+00:00\" \/>\n<meta property=\"og:image\" content=\"https:\/\/i0.wp.com\/truusk.se\/wp-content\/uploads\/2025\/06\/garagestalt-21-x-36-x-235-m-forvaringstalt-med-uv-skydd-dragkedjadorr-vattenavvisande-foliegarage-for-motorcykel-tradgardsverktyg-morkgra-1.webp?fit=2000%2C2000&ssl=1\" \/>\n\t<meta property=\"og:image:width\" content=\"2000\" \/>\n\t<meta property=\"og:image:height\" content=\"2000\" \/>\n\t<meta property=\"og:image:type\" content=\"image\/webp\" \/>\n<meta name=\"twitter:card\" content=\"summary_large_image\" \/>\n<meta name=\"twitter:label1\" content=\"Ber\u00e4knad l\u00e4stid\" \/>\n\t<meta name=\"twitter:data1\" content=\"1 minut\" \/>\n<!-- \/ Yoast SEO plugin. -->","yoast_head_json":{"title":"TRUUSK Garagest\u00e4lt - 2,1 x 3,6 x 2,35 m - UV-skydd - Dragkedjad\u00f6rr - Vattenavvisande Folie - F\u00f6r Motorcykel och Tr\u00e4dg\u00e5rdsverktyg - TRUUSK - Hem, Tr\u00e4dg\u00e5rd &amp; Fritid","robots":{"index":"index","follow":"follow","max-snippet":"max-snippet:-1","max-image-preview":"max-image-preview:large","max-video-preview":"max-video-preview:-1"},"canonical":"https:\/\/truusk.store\/sv\/produkt\/truusk-garagestalt-21-x-36-x-235-m-uv-skydd-dragkedjadorr-vattenavvisande-folie-for-motorcykel-och-tradgardsverktyg\/","og_locale":"sv_SE","og_type":"article","og_title":"TRUUSK Garagest\u00e4lt - 2,1 x 3,6 x 2,35 m - UV-skydd - Dragkedjad\u00f6rr - Vattenavvisande Folie - F\u00f6r Motorcykel och Tr\u00e4dg\u00e5rdsverktyg - TRUUSK - Hem, Tr\u00e4dg\u00e5rd &amp; Fritid","og_description":"Uppt\u00e4ck TRUUSK f\u00f6rvaringst\u00e4lt f\u00f6r din tr\u00e4dg\u00e5rd &#8211; den idealiska l\u00f6sningen f\u00f6r extra f\u00f6rvaringsutrymme utomhus. Skydda din motorcykel, verktyg eller andra...","og_url":"https:\/\/truusk.store\/sv\/produkt\/truusk-garagestalt-21-x-36-x-235-m-uv-skydd-dragkedjadorr-vattenavvisande-folie-for-motorcykel-och-tradgardsverktyg\/","og_site_name":"TRUUSK - Hem, Tr\u00e4dg\u00e5rd &amp; Fritid","article_modified_time":"2026-03-12T08:32:25+00:00","og_image":[{"width":2000,"height":2000,"url":"https:\/\/i0.wp.com\/truusk.se\/wp-content\/uploads\/2025\/06\/garagestalt-21-x-36-x-235-m-forvaringstalt-med-uv-skydd-dragkedjadorr-vattenavvisande-foliegarage-for-motorcykel-tradgardsverktyg-morkgra-1.webp?fit=2000%2C2000&ssl=1","type":"image\/webp"}],"twitter_card":"summary_large_image","twitter_misc":{"Ber\u00e4knad l\u00e4stid":"1 minut"},"schema":{"@context":"https:\/\/schema.org","@graph":[{"@type":"WebPage","@id":"https:\/\/truusk.store\/sv\/produkt\/truusk-garagestalt-21-x-36-x-235-m-uv-skydd-dragkedjadorr-vattenavvisande-folie-for-motorcykel-och-tradgardsverktyg\/","url":"https:\/\/truusk.store\/sv\/produkt\/truusk-garagestalt-21-x-36-x-235-m-uv-skydd-dragkedjadorr-vattenavvisande-folie-for-motorcykel-och-tradgardsverktyg\/","name":"TRUUSK Garagest\u00e4lt - 2,1 x 3,6 x 2,35 m - UV-skydd - Dragkedjad\u00f6rr - Vattenavvisande Folie - F\u00f6r Motorcykel och Tr\u00e4dg\u00e5rdsverktyg - TRUUSK - Hem, Tr\u00e4dg\u00e5rd &amp; Fritid","isPartOf":{"@id":"https:\/\/truusk.store\/sv\/#website"},"primaryImageOfPage":{"@id":"https:\/\/truusk.store\/sv\/produkt\/truusk-garagestalt-21-x-36-x-235-m-uv-skydd-dragkedjadorr-vattenavvisande-folie-for-motorcykel-och-tradgardsverktyg\/#primaryimage"},"image":{"@id":"https:\/\/truusk.store\/sv\/produkt\/truusk-garagestalt-21-x-36-x-235-m-uv-skydd-dragkedjadorr-vattenavvisande-folie-for-motorcykel-och-tradgardsverktyg\/#primaryimage"},"thumbnailUrl":"https:\/\/i0.wp.com\/truusk.store\/wp-content\/uploads\/2025\/06\/garagestalt-21-x-36-x-235-m-forvaringstalt-med-uv-skydd-dragkedjadorr-vattenavvisande-foliegarage-for-motorcykel-tradgardsverktyg-morkgra-1.webp?fit=2000%2C2000&ssl=1","datePublished":"2025-06-05T04:21:38+00:00","dateModified":"2026-03-12T08:32:25+00:00","breadcrumb":{"@id":"https:\/\/truusk.store\/sv\/produkt\/truusk-garagestalt-21-x-36-x-235-m-uv-skydd-dragkedjadorr-vattenavvisande-folie-for-motorcykel-och-tradgardsverktyg\/#breadcrumb"},"inLanguage":"sv-SE","potentialAction":[{"@type":"ReadAction","target":["https:\/\/truusk.store\/sv\/produkt\/truusk-garagestalt-21-x-36-x-235-m-uv-skydd-dragkedjadorr-vattenavvisande-folie-for-motorcykel-och-tradgardsverktyg\/"]}]},{"@type":"ImageObject","inLanguage":"sv-SE","@id":"https:\/\/truusk.store\/sv\/produkt\/truusk-garagestalt-21-x-36-x-235-m-uv-skydd-dragkedjadorr-vattenavvisande-folie-for-motorcykel-och-tradgardsverktyg\/#primaryimage","url":"https:\/\/i0.wp.com\/truusk.store\/wp-content\/uploads\/2025\/06\/garagestalt-21-x-36-x-235-m-forvaringstalt-med-uv-skydd-dragkedjadorr-vattenavvisande-foliegarage-for-motorcykel-tradgardsverktyg-morkgra-1.webp?fit=2000%2C2000&ssl=1","contentUrl":"https:\/\/i0.wp.com\/truusk.store\/wp-content\/uploads\/2025\/06\/garagestalt-21-x-36-x-235-m-forvaringstalt-med-uv-skydd-dragkedjadorr-vattenavvisande-foliegarage-for-motorcykel-tradgardsverktyg-morkgra-1.webp?fit=2000%2C2000&ssl=1","width":2000,"height":2000},{"@type":"BreadcrumbList","@id":"https:\/\/truusk.store\/sv\/produkt\/truusk-garagestalt-21-x-36-x-235-m-uv-skydd-dragkedjadorr-vattenavvisande-folie-for-motorcykel-och-tradgardsverktyg\/#breadcrumb","itemListElement":[{"@type":"ListItem","position":1,"name":"Home","item":"https:\/\/truusk.store\/sv\/"},{"@type":"ListItem","position":2,"name":"Shop","item":"https:\/\/truusk.store\/shop\/"},{"@type":"ListItem","position":3,"name":"TRUUSK Garagest\u00e4lt &#8211; 2,1 x 3,6 x 2,35 m &#8211; UV-skydd &#8211; Dragkedjad\u00f6rr &#8211; Vattenavvisande Folie &#8211; F\u00f6r Motorcykel och Tr\u00e4dg\u00e5rdsverktyg"}]},{"@type":"WebSite","@id":"https:\/\/truusk.store\/sv\/#website","url":"https:\/\/truusk.store\/sv\/","name":"TRUUSK - Hem, Tr\u00e4dg\u00e5rd & Fritid","description":"","publisher":{"@id":"https:\/\/truusk.store\/sv\/#organization"},"potentialAction":[{"@type":"SearchAction","target":{"@type":"EntryPoint","urlTemplate":"https:\/\/truusk.store\/sv\/?s={search_term_string}"},"query-input":{"@type":"PropertyValueSpecification","valueRequired":true,"valueName":"search_term_string"}}],"inLanguage":"sv-SE"},{"@type":"Organization","@id":"https:\/\/truusk.store\/sv\/#organization","name":"TRUUSK - Hem, Tr\u00e4dg\u00e5rd & Fritid","url":"https:\/\/truusk.store\/sv\/","logo":{"@type":"ImageObject","inLanguage":"sv-SE","@id":"https:\/\/truusk.store\/sv\/#\/schema\/logo\/image\/","url":"https:\/\/i0.wp.com\/truusk.store\/wp-content\/uploads\/2026\/03\/cropped-TRUUSK.png?fit=2032%2C917&ssl=1","contentUrl":"https:\/\/i0.wp.com\/truusk.store\/wp-content\/uploads\/2026\/03\/cropped-TRUUSK.png?fit=2032%2C917&ssl=1","width":2032,"height":917,"caption":"TRUUSK - Hem, Tr\u00e4dg\u00e5rd & Fritid"},"image":{"@id":"https:\/\/truusk.store\/sv\/#\/schema\/logo\/image\/"}}]}},"jetpack_sharing_enabled":true,"_links":{"self":[{"href":"https:\/\/truusk.store\/sv\/wp-json\/wp\/v2\/product\/62007","targetHints":{"allow":["GET"]}}],"collection":[{"href":"https:\/\/truusk.store\/sv\/wp-json\/wp\/v2\/product"}],"about":[{"href":"https:\/\/truusk.store\/sv\/wp-json\/wp\/v2\/types\/product"}],"wp:featuredmedia":[{"embeddable":true,"href":"https:\/\/truusk.store\/sv\/wp-json\/wp\/v2\/media\/61998"}],"wp:attachment":[{"href":"https:\/\/truusk.store\/sv\/wp-json\/wp\/v2\/media?parent=62007"}],"wp:term":[{"taxonomy":"product_brand","embeddable":true,"href":"https:\/\/truusk.store\/sv\/wp-json\/wp\/v2\/product_brand?post=62007"},{"taxonomy":"product_cat","embeddable":true,"href":"https:\/\/truusk.store\/sv\/wp-json\/wp\/v2\/product_cat?post=62007"},{"taxonomy":"product_tag","embeddable":true,"href":"https:\/\/truusk.store\/sv\/wp-json\/wp\/v2\/product_tag?post=62007"}],"curies":[{"name":"wp","href":"https:\/\/api.w.org\/{rel}","templated":true}]}}