{"id":62047,"date":"2025-06-05T05:25:28","date_gmt":"2025-06-05T04:25:28","guid":{"rendered":"https:\/\/truusk.store\/product\/eldstadsskyddsgaller-eldstadsgaller-med-magnetiska-dorrar-spis-skyddsgaller-gnistskyddsgaller-for-vardagsrum-stal-105-x-805-cm-svart\/"},"modified":"2026-03-12T09:41:34","modified_gmt":"2026-03-12T08:41:34","slug":"truusk-eldstadsskyddsgaller-med-magnetiska-dorrar-stalgaller-for-spis-gnistskydd-for-vardagsrum-matt-105-x-805-cm-svart","status":"publish","type":"product","link":"https:\/\/truusk.store\/sv\/produkt\/truusk-eldstadsskyddsgaller-med-magnetiska-dorrar-stalgaller-for-spis-gnistskydd-for-vardagsrum-matt-105-x-805-cm-svart\/","title":{"rendered":"TRUUSK Eldstadsskyddsgaller med magnetiska d\u00f6rrar &#8211; St\u00e5lgaller f\u00f6r spis &#8211; Gnistskydd f\u00f6r vardagsrum &#8211; M\u00e5tt: 105 x 80,5 cm &#8211; Svart"},"content":{"rendered":"<p>Ge din spis en elegant touch med TRUUSK spisskyddsgaller. Den stiliga b\u00e5gdesignen och det detaljerade m\u00f6nstret p\u00e5 spisgallret kombinerar estetik med nytta och skyddar ditt rum fr\u00e5n flygande gnistor. De bekv\u00e4ma dubbla d\u00f6rrarna p\u00e5 spisgallret med magneter och handtag underl\u00e4ttar p\u00e5fyllning av ved, omgiven av h\u00e5llbart, pulverlackerat st\u00e5l.<\/p>\n<p>Beskrivning:<\/p>\n<ul>\n<li> Elegant m\u00f6nster och b\u00e5gad avslutning f\u00f6rb\u00e4ttrar rummets estetik<\/li>\n<li> Gnistskydd blockerar flygande gl\u00f6d f\u00f6r \u00f6kad s\u00e4kerhet<\/li>\n<li> Dubbeld\u00f6rrarna p\u00e5 spisgallret underl\u00e4ttar enkel tillg\u00e5ng till gropen<\/li>\n<li> Magnetiska d\u00f6rrar p\u00e5 spisskyddsgallret garanterar en s\u00e4ker st\u00e4ngning<\/li>\n<li> Handtagen p\u00e5 spisskyddet m\u00f6jligg\u00f6r en smidig hantering<\/li>\n<li> Pulverlackerad yta motst\u00e5r korrosion<\/li>\n<\/ul>\n<p> Tekniska data:<\/p>\n<ul>\n<li> F\u00e4rg: Svart<\/li>\n<li> Material: St\u00e5l, Metall<\/li>\n<li> Totala dimensioner: 105L x 40B x 80,5H cm<\/li>\n<li> Enkel d\u00f6rrdimension: 48,5L x 62B cm<\/li>\n<\/ul>\n<p>Leveransinneh\u00e5ll:<\/p>\n<ul>\n<li> 1 x Spissk\u00e4rm<\/li>\n<li> 1 x Bruksanvisning<\/li>\n<\/ul>\n","protected":false},"excerpt":{"rendered":"<p>Ge din spis en elegant touch med TRUUSK spisskyddsgaller. Den stiliga b\u00e5gdesignen och det detaljerade m\u00f6nstret p\u00e5 spisgallret kombinerar estetik&#8230;<\/p>\n","protected":false},"featured_media":62038,"template":"","meta":[],"product_brand":[],"product_cat":[867,926,876],"product_tag":[],"class_list":{"0":"post-62047","1":"product","2":"type-product","3":"status-publish","4":"has-post-thumbnail","6":"product_cat-byggmarknad","7":"product_cat-kamin-tillbehor","8":"product_cat-kaminer-ugnar","10":"first","11":"instock","12":"sale","13":"taxable","14":"shipping-taxable","15":"purchasable","16":"product-type-simple"},"yoast_head":"<!-- This site is optimized with the Yoast SEO plugin v25.4 - https:\/\/yoast.com\/wordpress\/plugins\/seo\/ -->\n<title>TRUUSK Eldstadsskyddsgaller med magnetiska d\u00f6rrar - St\u00e5lgaller f\u00f6r spis - Gnistskydd f\u00f6r vardagsrum - M\u00e5tt: 105 x 80,5 cm - Svart - TRUUSK - Hem, Tr\u00e4dg\u00e5rd &amp; Fritid<\/title>\n<meta name=\"robots\" content=\"index, follow, max-snippet:-1, max-image-preview:large, max-video-preview:-1\" \/>\n<link rel=\"canonical\" href=\"https:\/\/truusk.store\/sv\/produkt\/truusk-eldstadsskyddsgaller-med-magnetiska-dorrar-stalgaller-for-spis-gnistskydd-for-vardagsrum-matt-105-x-805-cm-svart\/\" \/>\n<meta property=\"og:locale\" content=\"sv_SE\" \/>\n<meta property=\"og:type\" content=\"article\" \/>\n<meta property=\"og:title\" content=\"TRUUSK Eldstadsskyddsgaller med magnetiska d\u00f6rrar - St\u00e5lgaller f\u00f6r spis - Gnistskydd f\u00f6r vardagsrum - M\u00e5tt: 105 x 80,5 cm - Svart - TRUUSK - Hem, Tr\u00e4dg\u00e5rd &amp; Fritid\" \/>\n<meta property=\"og:description\" content=\"Ge din spis en elegant touch med TRUUSK spisskyddsgaller. Den stiliga b\u00e5gdesignen och det detaljerade m\u00f6nstret p\u00e5 spisgallret kombinerar estetik...\" \/>\n<meta property=\"og:url\" content=\"https:\/\/truusk.store\/sv\/produkt\/truusk-eldstadsskyddsgaller-med-magnetiska-dorrar-stalgaller-for-spis-gnistskydd-for-vardagsrum-matt-105-x-805-cm-svart\/\" \/>\n<meta property=\"og:site_name\" content=\"TRUUSK - Hem, Tr\u00e4dg\u00e5rd &amp; Fritid\" \/>\n<meta property=\"article:modified_time\" content=\"2026-03-12T08:41:34+00:00\" \/>\n<meta property=\"og:image\" content=\"https:\/\/i0.wp.com\/truusk.se\/wp-content\/uploads\/2025\/06\/eldstadsskyddsgaller-eldstadsgaller-med-magnetiska-dorrar-spis-skyddsgaller-gnistskyddsgaller-for-vardagsrum-stal-105-x-805-cm-svart-1.webp?fit=2000%2C2000&ssl=1\" \/>\n\t<meta property=\"og:image:width\" content=\"2000\" \/>\n\t<meta property=\"og:image:height\" content=\"2000\" \/>\n\t<meta property=\"og:image:type\" content=\"image\/webp\" \/>\n<meta name=\"twitter:card\" content=\"summary_large_image\" \/>\n<meta name=\"twitter:label1\" content=\"Ber\u00e4knad l\u00e4stid\" \/>\n\t<meta name=\"twitter:data1\" content=\"1 minut\" \/>\n<!-- \/ Yoast SEO plugin. -->","yoast_head_json":{"title":"TRUUSK Eldstadsskyddsgaller med magnetiska d\u00f6rrar - St\u00e5lgaller f\u00f6r spis - Gnistskydd f\u00f6r vardagsrum - M\u00e5tt: 105 x 80,5 cm - Svart - TRUUSK - Hem, Tr\u00e4dg\u00e5rd &amp; Fritid","robots":{"index":"index","follow":"follow","max-snippet":"max-snippet:-1","max-image-preview":"max-image-preview:large","max-video-preview":"max-video-preview:-1"},"canonical":"https:\/\/truusk.store\/sv\/produkt\/truusk-eldstadsskyddsgaller-med-magnetiska-dorrar-stalgaller-for-spis-gnistskydd-for-vardagsrum-matt-105-x-805-cm-svart\/","og_locale":"sv_SE","og_type":"article","og_title":"TRUUSK Eldstadsskyddsgaller med magnetiska d\u00f6rrar - St\u00e5lgaller f\u00f6r spis - Gnistskydd f\u00f6r vardagsrum - M\u00e5tt: 105 x 80,5 cm - Svart - TRUUSK - Hem, Tr\u00e4dg\u00e5rd &amp; Fritid","og_description":"Ge din spis en elegant touch med TRUUSK spisskyddsgaller. Den stiliga b\u00e5gdesignen och det detaljerade m\u00f6nstret p\u00e5 spisgallret kombinerar estetik...","og_url":"https:\/\/truusk.store\/sv\/produkt\/truusk-eldstadsskyddsgaller-med-magnetiska-dorrar-stalgaller-for-spis-gnistskydd-for-vardagsrum-matt-105-x-805-cm-svart\/","og_site_name":"TRUUSK - Hem, Tr\u00e4dg\u00e5rd &amp; Fritid","article_modified_time":"2026-03-12T08:41:34+00:00","og_image":[{"width":2000,"height":2000,"url":"https:\/\/i0.wp.com\/truusk.se\/wp-content\/uploads\/2025\/06\/eldstadsskyddsgaller-eldstadsgaller-med-magnetiska-dorrar-spis-skyddsgaller-gnistskyddsgaller-for-vardagsrum-stal-105-x-805-cm-svart-1.webp?fit=2000%2C2000&ssl=1","type":"image\/webp"}],"twitter_card":"summary_large_image","twitter_misc":{"Ber\u00e4knad l\u00e4stid":"1 minut"},"schema":{"@context":"https:\/\/schema.org","@graph":[{"@type":"WebPage","@id":"https:\/\/truusk.store\/sv\/produkt\/truusk-eldstadsskyddsgaller-med-magnetiska-dorrar-stalgaller-for-spis-gnistskydd-for-vardagsrum-matt-105-x-805-cm-svart\/","url":"https:\/\/truusk.store\/sv\/produkt\/truusk-eldstadsskyddsgaller-med-magnetiska-dorrar-stalgaller-for-spis-gnistskydd-for-vardagsrum-matt-105-x-805-cm-svart\/","name":"TRUUSK Eldstadsskyddsgaller med magnetiska d\u00f6rrar - St\u00e5lgaller f\u00f6r spis - Gnistskydd f\u00f6r vardagsrum - M\u00e5tt: 105 x 80,5 cm - Svart - TRUUSK - Hem, Tr\u00e4dg\u00e5rd &amp; Fritid","isPartOf":{"@id":"https:\/\/truusk.store\/sv\/#website"},"primaryImageOfPage":{"@id":"https:\/\/truusk.store\/sv\/produkt\/truusk-eldstadsskyddsgaller-med-magnetiska-dorrar-stalgaller-for-spis-gnistskydd-for-vardagsrum-matt-105-x-805-cm-svart\/#primaryimage"},"image":{"@id":"https:\/\/truusk.store\/sv\/produkt\/truusk-eldstadsskyddsgaller-med-magnetiska-dorrar-stalgaller-for-spis-gnistskydd-for-vardagsrum-matt-105-x-805-cm-svart\/#primaryimage"},"thumbnailUrl":"https:\/\/i0.wp.com\/truusk.store\/wp-content\/uploads\/2025\/06\/eldstadsskyddsgaller-eldstadsgaller-med-magnetiska-dorrar-spis-skyddsgaller-gnistskyddsgaller-for-vardagsrum-stal-105-x-805-cm-svart-1.webp?fit=2000%2C2000&ssl=1","datePublished":"2025-06-05T04:25:28+00:00","dateModified":"2026-03-12T08:41:34+00:00","breadcrumb":{"@id":"https:\/\/truusk.store\/sv\/produkt\/truusk-eldstadsskyddsgaller-med-magnetiska-dorrar-stalgaller-for-spis-gnistskydd-for-vardagsrum-matt-105-x-805-cm-svart\/#breadcrumb"},"inLanguage":"sv-SE","potentialAction":[{"@type":"ReadAction","target":["https:\/\/truusk.store\/sv\/produkt\/truusk-eldstadsskyddsgaller-med-magnetiska-dorrar-stalgaller-for-spis-gnistskydd-for-vardagsrum-matt-105-x-805-cm-svart\/"]}]},{"@type":"ImageObject","inLanguage":"sv-SE","@id":"https:\/\/truusk.store\/sv\/produkt\/truusk-eldstadsskyddsgaller-med-magnetiska-dorrar-stalgaller-for-spis-gnistskydd-for-vardagsrum-matt-105-x-805-cm-svart\/#primaryimage","url":"https:\/\/i0.wp.com\/truusk.store\/wp-content\/uploads\/2025\/06\/eldstadsskyddsgaller-eldstadsgaller-med-magnetiska-dorrar-spis-skyddsgaller-gnistskyddsgaller-for-vardagsrum-stal-105-x-805-cm-svart-1.webp?fit=2000%2C2000&ssl=1","contentUrl":"https:\/\/i0.wp.com\/truusk.store\/wp-content\/uploads\/2025\/06\/eldstadsskyddsgaller-eldstadsgaller-med-magnetiska-dorrar-spis-skyddsgaller-gnistskyddsgaller-for-vardagsrum-stal-105-x-805-cm-svart-1.webp?fit=2000%2C2000&ssl=1","width":2000,"height":2000},{"@type":"BreadcrumbList","@id":"https:\/\/truusk.store\/sv\/produkt\/truusk-eldstadsskyddsgaller-med-magnetiska-dorrar-stalgaller-for-spis-gnistskydd-for-vardagsrum-matt-105-x-805-cm-svart\/#breadcrumb","itemListElement":[{"@type":"ListItem","position":1,"name":"Home","item":"https:\/\/truusk.store\/sv\/"},{"@type":"ListItem","position":2,"name":"Shop","item":"https:\/\/truusk.store\/shop\/"},{"@type":"ListItem","position":3,"name":"TRUUSK Eldstadsskyddsgaller med magnetiska d\u00f6rrar &#8211; St\u00e5lgaller f\u00f6r spis &#8211; Gnistskydd f\u00f6r vardagsrum &#8211; M\u00e5tt: 105 x 80,5 cm &#8211; Svart"}]},{"@type":"WebSite","@id":"https:\/\/truusk.store\/sv\/#website","url":"https:\/\/truusk.store\/sv\/","name":"TRUUSK - Hem, Tr\u00e4dg\u00e5rd & Fritid","description":"","publisher":{"@id":"https:\/\/truusk.store\/sv\/#organization"},"potentialAction":[{"@type":"SearchAction","target":{"@type":"EntryPoint","urlTemplate":"https:\/\/truusk.store\/sv\/?s={search_term_string}"},"query-input":{"@type":"PropertyValueSpecification","valueRequired":true,"valueName":"search_term_string"}}],"inLanguage":"sv-SE"},{"@type":"Organization","@id":"https:\/\/truusk.store\/sv\/#organization","name":"TRUUSK - Hem, Tr\u00e4dg\u00e5rd & Fritid","url":"https:\/\/truusk.store\/sv\/","logo":{"@type":"ImageObject","inLanguage":"sv-SE","@id":"https:\/\/truusk.store\/sv\/#\/schema\/logo\/image\/","url":"https:\/\/i0.wp.com\/truusk.store\/wp-content\/uploads\/2026\/03\/cropped-TRUUSK.png?fit=2032%2C917&ssl=1","contentUrl":"https:\/\/i0.wp.com\/truusk.store\/wp-content\/uploads\/2026\/03\/cropped-TRUUSK.png?fit=2032%2C917&ssl=1","width":2032,"height":917,"caption":"TRUUSK - Hem, Tr\u00e4dg\u00e5rd & Fritid"},"image":{"@id":"https:\/\/truusk.store\/sv\/#\/schema\/logo\/image\/"}}]}},"jetpack_sharing_enabled":true,"_links":{"self":[{"href":"https:\/\/truusk.store\/sv\/wp-json\/wp\/v2\/product\/62047","targetHints":{"allow":["GET"]}}],"collection":[{"href":"https:\/\/truusk.store\/sv\/wp-json\/wp\/v2\/product"}],"about":[{"href":"https:\/\/truusk.store\/sv\/wp-json\/wp\/v2\/types\/product"}],"wp:featuredmedia":[{"embeddable":true,"href":"https:\/\/truusk.store\/sv\/wp-json\/wp\/v2\/media\/62038"}],"wp:attachment":[{"href":"https:\/\/truusk.store\/sv\/wp-json\/wp\/v2\/media?parent=62047"}],"wp:term":[{"taxonomy":"product_brand","embeddable":true,"href":"https:\/\/truusk.store\/sv\/wp-json\/wp\/v2\/product_brand?post=62047"},{"taxonomy":"product_cat","embeddable":true,"href":"https:\/\/truusk.store\/sv\/wp-json\/wp\/v2\/product_cat?post=62047"},{"taxonomy":"product_tag","embeddable":true,"href":"https:\/\/truusk.store\/sv\/wp-json\/wp\/v2\/product_tag?post=62047"}],"curies":[{"name":"wp","href":"https:\/\/api.w.org\/{rel}","templated":true}]}}