{"id":62057,"date":"2025-06-05T05:26:24","date_gmt":"2025-06-05T04:26:24","guid":{"rendered":"https:\/\/truusk.store\/product\/matbord-koksbord-for-4-personer-modernt-vardagsrumsbord-av-stal-naturtra-80x80x76-cm-for-matsal-kok\/"},"modified":"2026-03-12T09:23:14","modified_gmt":"2026-03-12T08:23:14","slug":"truusk-matbord-for-4-personer-modernt-design-av-stal-och-naturtra-perfekt-for-matsal-och-kok-matt-80x80x76-cm","status":"publish","type":"product","link":"https:\/\/truusk.store\/sv\/produkt\/truusk-matbord-for-4-personer-modernt-design-av-stal-och-naturtra-perfekt-for-matsal-och-kok-matt-80x80x76-cm\/","title":{"rendered":"TRUUSK Matbord F\u00f6r 4 Personer &#8211; Modernt Design av St\u00e5l och Naturtr\u00e4 &#8211; Perfekt f\u00f6r Matsal och K\u00f6k &#8211; M\u00e5tt: 80x80x76 cm"},"content":{"rendered":"<p>Med TRUUSK matbordet f\u00e5r du en stabil och snygg m\u00f6bel i ditt hem. Den varma, tr\u00e4f\u00e4rgade bordsskivan och de robusta metallbenen p\u00e5 matbordet ger din matplats en touch av industriell charm och elegans. Oavsett om det \u00e4r f\u00f6r en mysig frukost p\u00e5 helgen, spelkv\u00e4llar eller l\u00e4xor &#8211; detta matbord erbjuder tillr\u00e4ckligt med utrymme och passar perfekt i kompakta utrymmen.<\/p>\n<p>Beskrivning:<\/p>\n<ul>\n<li> Detta matbord i industriell stil med tr\u00e4f\u00e4rgad bordsskiva och vita ben ger ditt matrum en modern atmosf\u00e4r<\/li>\n<li> Den rundade designen p\u00e5 matbordet undviker sm\u00e4rtsamma kollisioner<\/li>\n<li> Den stora bordsskivan erbjuder tillr\u00e4ckligt med utrymme f\u00f6r tre till fyra personer<\/li>\n<li> Metallbenen p\u00e5 matbordet \u00e4r stabila nog att b\u00e4ra upp till 60 kg<\/li>\n<li> De halkfria fotdynorna ger stabilitet och skyddar ditt golv<\/li>\n<li> Montering kr\u00e4vs<\/li>\n<\/ul>\n<p>Tekniska data:<\/p>\n<ul>\n<li> F\u00e4rg: Naturtr\u00e4, Vit<\/li>\n<li> Material: Sp\u00e5nskiva, St\u00e5l<\/li>\n<li> Totala dimensioner: \u00d880 x 76H cm<\/li>\n<li> B\u00e4rkapacitet: 60 kg<\/li>\n<li> Rekommenderad minsta utrymme: 1,2 x 1,2 m<\/li>\n<\/ul>\n<p>Leveransinneh\u00e5ll:<\/p>\n<ul>\n<li> 1 x Matbord<\/li>\n<li> 1 x Handbok<\/li>\n<\/ul>\n","protected":false},"excerpt":{"rendered":"<p>Med TRUUSK matbordet f\u00e5r du en stabil och snygg m\u00f6bel i ditt hem. Den varma, tr\u00e4f\u00e4rgade bordsskivan och de robusta&#8230;<\/p>\n","protected":false},"featured_media":62048,"template":"","meta":[],"product_brand":[],"product_cat":[871,889,509],"product_tag":[],"class_list":{"0":"post-62057","1":"product","2":"type-product","3":"status-publish","4":"has-post-thumbnail","6":"product_cat-hus-hem","7":"product_cat-kok-matsal","8":"product_cat-matbord","10":"first","11":"instock","12":"sale","13":"taxable","14":"shipping-taxable","15":"purchasable","16":"product-type-simple"},"yoast_head":"<!-- This site is optimized with the Yoast SEO plugin v25.4 - https:\/\/yoast.com\/wordpress\/plugins\/seo\/ -->\n<title>TRUUSK Matbord F\u00f6r 4 Personer - Modernt Design av St\u00e5l och Naturtr\u00e4 - Perfekt f\u00f6r Matsal och K\u00f6k - M\u00e5tt: 80x80x76 cm - TRUUSK - Hem, Tr\u00e4dg\u00e5rd &amp; Fritid<\/title>\n<meta name=\"robots\" content=\"index, follow, max-snippet:-1, max-image-preview:large, max-video-preview:-1\" \/>\n<link rel=\"canonical\" href=\"https:\/\/truusk.store\/sv\/produkt\/truusk-matbord-for-4-personer-modernt-design-av-stal-och-naturtra-perfekt-for-matsal-och-kok-matt-80x80x76-cm\/\" \/>\n<meta property=\"og:locale\" content=\"sv_SE\" \/>\n<meta property=\"og:type\" content=\"article\" \/>\n<meta property=\"og:title\" content=\"TRUUSK Matbord F\u00f6r 4 Personer - Modernt Design av St\u00e5l och Naturtr\u00e4 - Perfekt f\u00f6r Matsal och K\u00f6k - M\u00e5tt: 80x80x76 cm - TRUUSK - Hem, Tr\u00e4dg\u00e5rd &amp; Fritid\" \/>\n<meta property=\"og:description\" content=\"Med TRUUSK matbordet f\u00e5r du en stabil och snygg m\u00f6bel i ditt hem. Den varma, tr\u00e4f\u00e4rgade bordsskivan och de robusta...\" \/>\n<meta property=\"og:url\" content=\"https:\/\/truusk.store\/sv\/produkt\/truusk-matbord-for-4-personer-modernt-design-av-stal-och-naturtra-perfekt-for-matsal-och-kok-matt-80x80x76-cm\/\" \/>\n<meta property=\"og:site_name\" content=\"TRUUSK - Hem, Tr\u00e4dg\u00e5rd &amp; Fritid\" \/>\n<meta property=\"article:modified_time\" content=\"2026-03-12T08:23:14+00:00\" \/>\n<meta property=\"og:image\" content=\"https:\/\/i0.wp.com\/truusk.se\/wp-content\/uploads\/2025\/06\/matbord-koksbord-for-4-personer-modernt-vardagsrumsbord-av-stal-naturtra-80x80x76-cm-for-matsal-kok-1.webp?fit=2000%2C2000&ssl=1\" \/>\n\t<meta property=\"og:image:width\" content=\"2000\" \/>\n\t<meta property=\"og:image:height\" content=\"2000\" \/>\n\t<meta property=\"og:image:type\" content=\"image\/webp\" \/>\n<meta name=\"twitter:card\" content=\"summary_large_image\" \/>\n<meta name=\"twitter:label1\" content=\"Ber\u00e4knad l\u00e4stid\" \/>\n\t<meta name=\"twitter:data1\" content=\"1 minut\" \/>\n<!-- \/ Yoast SEO plugin. -->","yoast_head_json":{"title":"TRUUSK Matbord F\u00f6r 4 Personer - Modernt Design av St\u00e5l och Naturtr\u00e4 - Perfekt f\u00f6r Matsal och K\u00f6k - M\u00e5tt: 80x80x76 cm - TRUUSK - Hem, Tr\u00e4dg\u00e5rd &amp; Fritid","robots":{"index":"index","follow":"follow","max-snippet":"max-snippet:-1","max-image-preview":"max-image-preview:large","max-video-preview":"max-video-preview:-1"},"canonical":"https:\/\/truusk.store\/sv\/produkt\/truusk-matbord-for-4-personer-modernt-design-av-stal-och-naturtra-perfekt-for-matsal-och-kok-matt-80x80x76-cm\/","og_locale":"sv_SE","og_type":"article","og_title":"TRUUSK Matbord F\u00f6r 4 Personer - Modernt Design av St\u00e5l och Naturtr\u00e4 - Perfekt f\u00f6r Matsal och K\u00f6k - M\u00e5tt: 80x80x76 cm - TRUUSK - Hem, Tr\u00e4dg\u00e5rd &amp; Fritid","og_description":"Med TRUUSK matbordet f\u00e5r du en stabil och snygg m\u00f6bel i ditt hem. Den varma, tr\u00e4f\u00e4rgade bordsskivan och de robusta...","og_url":"https:\/\/truusk.store\/sv\/produkt\/truusk-matbord-for-4-personer-modernt-design-av-stal-och-naturtra-perfekt-for-matsal-och-kok-matt-80x80x76-cm\/","og_site_name":"TRUUSK - Hem, Tr\u00e4dg\u00e5rd &amp; Fritid","article_modified_time":"2026-03-12T08:23:14+00:00","og_image":[{"width":2000,"height":2000,"url":"https:\/\/i0.wp.com\/truusk.se\/wp-content\/uploads\/2025\/06\/matbord-koksbord-for-4-personer-modernt-vardagsrumsbord-av-stal-naturtra-80x80x76-cm-for-matsal-kok-1.webp?fit=2000%2C2000&ssl=1","type":"image\/webp"}],"twitter_card":"summary_large_image","twitter_misc":{"Ber\u00e4knad l\u00e4stid":"1 minut"},"schema":{"@context":"https:\/\/schema.org","@graph":[{"@type":"WebPage","@id":"https:\/\/truusk.store\/sv\/produkt\/truusk-matbord-for-4-personer-modernt-design-av-stal-och-naturtra-perfekt-for-matsal-och-kok-matt-80x80x76-cm\/","url":"https:\/\/truusk.store\/sv\/produkt\/truusk-matbord-for-4-personer-modernt-design-av-stal-och-naturtra-perfekt-for-matsal-och-kok-matt-80x80x76-cm\/","name":"TRUUSK Matbord F\u00f6r 4 Personer - Modernt Design av St\u00e5l och Naturtr\u00e4 - Perfekt f\u00f6r Matsal och K\u00f6k - M\u00e5tt: 80x80x76 cm - TRUUSK - Hem, Tr\u00e4dg\u00e5rd &amp; Fritid","isPartOf":{"@id":"https:\/\/truusk.store\/sv\/#website"},"primaryImageOfPage":{"@id":"https:\/\/truusk.store\/sv\/produkt\/truusk-matbord-for-4-personer-modernt-design-av-stal-och-naturtra-perfekt-for-matsal-och-kok-matt-80x80x76-cm\/#primaryimage"},"image":{"@id":"https:\/\/truusk.store\/sv\/produkt\/truusk-matbord-for-4-personer-modernt-design-av-stal-och-naturtra-perfekt-for-matsal-och-kok-matt-80x80x76-cm\/#primaryimage"},"thumbnailUrl":"https:\/\/i0.wp.com\/truusk.store\/wp-content\/uploads\/2025\/06\/matbord-koksbord-for-4-personer-modernt-vardagsrumsbord-av-stal-naturtra-80x80x76-cm-for-matsal-kok-1.webp?fit=2000%2C2000&ssl=1","datePublished":"2025-06-05T04:26:24+00:00","dateModified":"2026-03-12T08:23:14+00:00","breadcrumb":{"@id":"https:\/\/truusk.store\/sv\/produkt\/truusk-matbord-for-4-personer-modernt-design-av-stal-och-naturtra-perfekt-for-matsal-och-kok-matt-80x80x76-cm\/#breadcrumb"},"inLanguage":"sv-SE","potentialAction":[{"@type":"ReadAction","target":["https:\/\/truusk.store\/sv\/produkt\/truusk-matbord-for-4-personer-modernt-design-av-stal-och-naturtra-perfekt-for-matsal-och-kok-matt-80x80x76-cm\/"]}]},{"@type":"ImageObject","inLanguage":"sv-SE","@id":"https:\/\/truusk.store\/sv\/produkt\/truusk-matbord-for-4-personer-modernt-design-av-stal-och-naturtra-perfekt-for-matsal-och-kok-matt-80x80x76-cm\/#primaryimage","url":"https:\/\/i0.wp.com\/truusk.store\/wp-content\/uploads\/2025\/06\/matbord-koksbord-for-4-personer-modernt-vardagsrumsbord-av-stal-naturtra-80x80x76-cm-for-matsal-kok-1.webp?fit=2000%2C2000&ssl=1","contentUrl":"https:\/\/i0.wp.com\/truusk.store\/wp-content\/uploads\/2025\/06\/matbord-koksbord-for-4-personer-modernt-vardagsrumsbord-av-stal-naturtra-80x80x76-cm-for-matsal-kok-1.webp?fit=2000%2C2000&ssl=1","width":2000,"height":2000},{"@type":"BreadcrumbList","@id":"https:\/\/truusk.store\/sv\/produkt\/truusk-matbord-for-4-personer-modernt-design-av-stal-och-naturtra-perfekt-for-matsal-och-kok-matt-80x80x76-cm\/#breadcrumb","itemListElement":[{"@type":"ListItem","position":1,"name":"Home","item":"https:\/\/truusk.store\/sv\/"},{"@type":"ListItem","position":2,"name":"Shop","item":"https:\/\/truusk.store\/shop\/"},{"@type":"ListItem","position":3,"name":"TRUUSK Matbord F\u00f6r 4 Personer &#8211; Modernt Design av St\u00e5l och Naturtr\u00e4 &#8211; Perfekt f\u00f6r Matsal och K\u00f6k &#8211; M\u00e5tt: 80x80x76 cm"}]},{"@type":"WebSite","@id":"https:\/\/truusk.store\/sv\/#website","url":"https:\/\/truusk.store\/sv\/","name":"TRUUSK - Hem, Tr\u00e4dg\u00e5rd & Fritid","description":"","publisher":{"@id":"https:\/\/truusk.store\/sv\/#organization"},"potentialAction":[{"@type":"SearchAction","target":{"@type":"EntryPoint","urlTemplate":"https:\/\/truusk.store\/sv\/?s={search_term_string}"},"query-input":{"@type":"PropertyValueSpecification","valueRequired":true,"valueName":"search_term_string"}}],"inLanguage":"sv-SE"},{"@type":"Organization","@id":"https:\/\/truusk.store\/sv\/#organization","name":"TRUUSK - Hem, Tr\u00e4dg\u00e5rd & Fritid","url":"https:\/\/truusk.store\/sv\/","logo":{"@type":"ImageObject","inLanguage":"sv-SE","@id":"https:\/\/truusk.store\/sv\/#\/schema\/logo\/image\/","url":"https:\/\/i0.wp.com\/truusk.store\/wp-content\/uploads\/2026\/03\/cropped-TRUUSK.png?fit=2032%2C917&ssl=1","contentUrl":"https:\/\/i0.wp.com\/truusk.store\/wp-content\/uploads\/2026\/03\/cropped-TRUUSK.png?fit=2032%2C917&ssl=1","width":2032,"height":917,"caption":"TRUUSK - Hem, Tr\u00e4dg\u00e5rd & Fritid"},"image":{"@id":"https:\/\/truusk.store\/sv\/#\/schema\/logo\/image\/"}}]}},"jetpack_sharing_enabled":true,"_links":{"self":[{"href":"https:\/\/truusk.store\/sv\/wp-json\/wp\/v2\/product\/62057","targetHints":{"allow":["GET"]}}],"collection":[{"href":"https:\/\/truusk.store\/sv\/wp-json\/wp\/v2\/product"}],"about":[{"href":"https:\/\/truusk.store\/sv\/wp-json\/wp\/v2\/types\/product"}],"wp:featuredmedia":[{"embeddable":true,"href":"https:\/\/truusk.store\/sv\/wp-json\/wp\/v2\/media\/62048"}],"wp:attachment":[{"href":"https:\/\/truusk.store\/sv\/wp-json\/wp\/v2\/media?parent=62057"}],"wp:term":[{"taxonomy":"product_brand","embeddable":true,"href":"https:\/\/truusk.store\/sv\/wp-json\/wp\/v2\/product_brand?post=62057"},{"taxonomy":"product_cat","embeddable":true,"href":"https:\/\/truusk.store\/sv\/wp-json\/wp\/v2\/product_cat?post=62057"},{"taxonomy":"product_tag","embeddable":true,"href":"https:\/\/truusk.store\/sv\/wp-json\/wp\/v2\/product_tag?post=62057"}],"curies":[{"name":"wp","href":"https:\/\/api.w.org\/{rel}","templated":true}]}}