{"id":62086,"date":"2025-06-05T05:29:27","date_gmt":"2025-06-05T04:29:27","guid":{"rendered":"https:\/\/truusk.store\/product\/hundsoffa-tvattbart-overdrag-husdjursoffa-med-ryggstod-och-traben-kattsoffa-for-medelstora-hundar-under-25-kg-rosa\/"},"modified":"2026-03-12T09:41:32","modified_gmt":"2026-03-12T08:41:32","slug":"truusk-hundsoffa-tvattbart-overdrag-med-ryggstod-traben-for-medelstora-hundar-under-25-kg-rosa","status":"publish","type":"product","link":"https:\/\/truusk.store\/sv\/produkt\/truusk-hundsoffa-tvattbart-overdrag-med-ryggstod-traben-for-medelstora-hundar-under-25-kg-rosa\/","title":{"rendered":"TRUUSK Hundsoffa &#8211; Tv\u00e4ttbart \u00f6verdrag &#8211; Med Ryggst\u00f6d &#8211; Tr\u00e4ben &#8211; F\u00f6r Medelstora Hundar Under 25 Kg &#8211; Rosa"},"content":{"rendered":"<p>Unna ditt husdjur ultimat komfort med TRUUSK hundsoffa! Den tjocka kudden och den sammetsmjuka tyg\u00f6verdraget p\u00e5 hundsoffan ger din \u00e4lskling en lyxig plats att koppla av. Oavsett om det \u00e4r filmkv\u00e4ll i vardagsrummet eller tupplur i sovrummet, kommer din fyrbenta v\u00e4n att \u00e4lska att ha en egen hunds\u00e4ng. Ge ditt husdjur en bit mysighet och g\u00f6r gemensamma stunder \u00e4nnu vackrare!<\/p>\n<p>Beskrivning:<\/p>\n<ul>\n<li> L\u00e4mplig f\u00f6r medelstora och stora hundar upp till 25 kg, rekommenderas att hunden ska vara mindre \u00e4n 55 cm l\u00e5ng<\/li>\n<li> Robusta massivtr\u00e4ben p\u00e5 hunds\u00e4ngen f\u00f6r stabil och l\u00e5ngvarig anv\u00e4ndning<\/li>\n<li> H\u00f6jt design av hundsoffan h\u00e5ller soffan fuktbest\u00e4ndig<\/li>\n<li> Vadderad kudde p\u00e5 hunds\u00e4ngen med mjukt \u00f6verdrag ger \u00f6verl\u00e4gsen komfort<\/li>\n<li> Bred sits med h\u00f6g ryggst\u00f6d f\u00f6r extra s\u00e4kerhet<\/li>\n<li> \u00d6verdraget p\u00e5 sittdynan kan tas bort och tv\u00e4ttas<\/li>\n<li> Montering kr\u00e4vs<\/li>\n<\/ul>\n<p>Tekniska data:<\/p>\n<ul>\n<li> F\u00e4rg: Rosa<\/li>\n<li> Material: Polyester, skum, bj\u00f6rktr\u00e4<\/li>\n<li> Totala m\u00e5tt: 98,5L x 60,5B x 35,5H cm<\/li>\n<li> Sitsstorlek: 86L x 47B x 16H cm<\/li>\n<li> Ryggst\u00f6dets h\u00f6jd till sits: 19,5 cm<\/li>\n<li> Kuddstorlek: 92L x 47B x 4H cm<\/li>\n<li> B\u00e4rkapacitet: 25 kg<\/li>\n<\/ul>\n<p>Leveransinneh\u00e5ll:<\/p>\n<ul>\n<li> 1 x Husdjursoffa<\/li>\n<li> 1 x Instruktioner<\/li>\n<\/ul>\n","protected":false},"excerpt":{"rendered":"<p>Unna ditt husdjur ultimat komfort med TRUUSK hundsoffa! Den tjocka kudden och den sammetsmjuka tyg\u00f6verdraget p\u00e5 hundsoffan ger din \u00e4lskling&#8230;<\/p>\n","protected":false},"featured_media":62077,"template":"","meta":[],"product_brand":[],"product_cat":[878,576,574],"product_tag":[],"class_list":{"0":"post-62086","1":"product","2":"type-product","3":"status-publish","4":"has-post-thumbnail","6":"product_cat-djurbehov","7":"product_cat-hundsangar-hundsoffor","8":"product_cat-hundtillbehor","10":"first","11":"instock","12":"sale","13":"taxable","14":"shipping-taxable","15":"purchasable","16":"product-type-simple"},"yoast_head":"<!-- This site is optimized with the Yoast SEO plugin v25.4 - https:\/\/yoast.com\/wordpress\/plugins\/seo\/ -->\n<title>TRUUSK Hundsoffa - Tv\u00e4ttbart \u00f6verdrag - Med Ryggst\u00f6d - Tr\u00e4ben - F\u00f6r Medelstora Hundar Under 25 Kg - Rosa - TRUUSK - Hem, Tr\u00e4dg\u00e5rd &amp; Fritid<\/title>\n<meta name=\"robots\" content=\"index, follow, max-snippet:-1, max-image-preview:large, max-video-preview:-1\" \/>\n<link rel=\"canonical\" href=\"https:\/\/truusk.store\/sv\/produkt\/truusk-hundsoffa-tvattbart-overdrag-med-ryggstod-traben-for-medelstora-hundar-under-25-kg-rosa\/\" \/>\n<meta property=\"og:locale\" content=\"sv_SE\" \/>\n<meta property=\"og:type\" content=\"article\" \/>\n<meta property=\"og:title\" content=\"TRUUSK Hundsoffa - Tv\u00e4ttbart \u00f6verdrag - Med Ryggst\u00f6d - Tr\u00e4ben - F\u00f6r Medelstora Hundar Under 25 Kg - Rosa - TRUUSK - Hem, Tr\u00e4dg\u00e5rd &amp; Fritid\" \/>\n<meta property=\"og:description\" content=\"Unna ditt husdjur ultimat komfort med TRUUSK hundsoffa! Den tjocka kudden och den sammetsmjuka tyg\u00f6verdraget p\u00e5 hundsoffan ger din \u00e4lskling...\" \/>\n<meta property=\"og:url\" content=\"https:\/\/truusk.store\/sv\/produkt\/truusk-hundsoffa-tvattbart-overdrag-med-ryggstod-traben-for-medelstora-hundar-under-25-kg-rosa\/\" \/>\n<meta property=\"og:site_name\" content=\"TRUUSK - Hem, Tr\u00e4dg\u00e5rd &amp; Fritid\" \/>\n<meta property=\"article:modified_time\" content=\"2026-03-12T08:41:32+00:00\" \/>\n<meta property=\"og:image\" content=\"https:\/\/i0.wp.com\/truusk.se\/wp-content\/uploads\/2025\/06\/hundsoffa-tvattbart-overdrag-husdjursoffa-med-ryggstod-och-traben-kattsoffa-for-medelstora-hundar-under-25-kg-rosa-1.webp?fit=2000%2C2000&ssl=1\" \/>\n\t<meta property=\"og:image:width\" content=\"2000\" \/>\n\t<meta property=\"og:image:height\" content=\"2000\" \/>\n\t<meta property=\"og:image:type\" content=\"image\/webp\" \/>\n<meta name=\"twitter:card\" content=\"summary_large_image\" \/>\n<meta name=\"twitter:label1\" content=\"Ber\u00e4knad l\u00e4stid\" \/>\n\t<meta name=\"twitter:data1\" content=\"1 minut\" \/>\n<!-- \/ Yoast SEO plugin. -->","yoast_head_json":{"title":"TRUUSK Hundsoffa - Tv\u00e4ttbart \u00f6verdrag - Med Ryggst\u00f6d - Tr\u00e4ben - F\u00f6r Medelstora Hundar Under 25 Kg - Rosa - TRUUSK - Hem, Tr\u00e4dg\u00e5rd &amp; Fritid","robots":{"index":"index","follow":"follow","max-snippet":"max-snippet:-1","max-image-preview":"max-image-preview:large","max-video-preview":"max-video-preview:-1"},"canonical":"https:\/\/truusk.store\/sv\/produkt\/truusk-hundsoffa-tvattbart-overdrag-med-ryggstod-traben-for-medelstora-hundar-under-25-kg-rosa\/","og_locale":"sv_SE","og_type":"article","og_title":"TRUUSK Hundsoffa - Tv\u00e4ttbart \u00f6verdrag - Med Ryggst\u00f6d - Tr\u00e4ben - F\u00f6r Medelstora Hundar Under 25 Kg - Rosa - TRUUSK - Hem, Tr\u00e4dg\u00e5rd &amp; Fritid","og_description":"Unna ditt husdjur ultimat komfort med TRUUSK hundsoffa! Den tjocka kudden och den sammetsmjuka tyg\u00f6verdraget p\u00e5 hundsoffan ger din \u00e4lskling...","og_url":"https:\/\/truusk.store\/sv\/produkt\/truusk-hundsoffa-tvattbart-overdrag-med-ryggstod-traben-for-medelstora-hundar-under-25-kg-rosa\/","og_site_name":"TRUUSK - Hem, Tr\u00e4dg\u00e5rd &amp; Fritid","article_modified_time":"2026-03-12T08:41:32+00:00","og_image":[{"width":2000,"height":2000,"url":"https:\/\/i0.wp.com\/truusk.se\/wp-content\/uploads\/2025\/06\/hundsoffa-tvattbart-overdrag-husdjursoffa-med-ryggstod-och-traben-kattsoffa-for-medelstora-hundar-under-25-kg-rosa-1.webp?fit=2000%2C2000&ssl=1","type":"image\/webp"}],"twitter_card":"summary_large_image","twitter_misc":{"Ber\u00e4knad l\u00e4stid":"1 minut"},"schema":{"@context":"https:\/\/schema.org","@graph":[{"@type":"WebPage","@id":"https:\/\/truusk.store\/sv\/produkt\/truusk-hundsoffa-tvattbart-overdrag-med-ryggstod-traben-for-medelstora-hundar-under-25-kg-rosa\/","url":"https:\/\/truusk.store\/sv\/produkt\/truusk-hundsoffa-tvattbart-overdrag-med-ryggstod-traben-for-medelstora-hundar-under-25-kg-rosa\/","name":"TRUUSK Hundsoffa - Tv\u00e4ttbart \u00f6verdrag - Med Ryggst\u00f6d - Tr\u00e4ben - F\u00f6r Medelstora Hundar Under 25 Kg - Rosa - TRUUSK - Hem, Tr\u00e4dg\u00e5rd &amp; Fritid","isPartOf":{"@id":"https:\/\/truusk.store\/sv\/#website"},"primaryImageOfPage":{"@id":"https:\/\/truusk.store\/sv\/produkt\/truusk-hundsoffa-tvattbart-overdrag-med-ryggstod-traben-for-medelstora-hundar-under-25-kg-rosa\/#primaryimage"},"image":{"@id":"https:\/\/truusk.store\/sv\/produkt\/truusk-hundsoffa-tvattbart-overdrag-med-ryggstod-traben-for-medelstora-hundar-under-25-kg-rosa\/#primaryimage"},"thumbnailUrl":"https:\/\/i0.wp.com\/truusk.store\/wp-content\/uploads\/2025\/06\/hundsoffa-tvattbart-overdrag-husdjursoffa-med-ryggstod-och-traben-kattsoffa-for-medelstora-hundar-under-25-kg-rosa-1.webp?fit=2000%2C2000&ssl=1","datePublished":"2025-06-05T04:29:27+00:00","dateModified":"2026-03-12T08:41:32+00:00","breadcrumb":{"@id":"https:\/\/truusk.store\/sv\/produkt\/truusk-hundsoffa-tvattbart-overdrag-med-ryggstod-traben-for-medelstora-hundar-under-25-kg-rosa\/#breadcrumb"},"inLanguage":"sv-SE","potentialAction":[{"@type":"ReadAction","target":["https:\/\/truusk.store\/sv\/produkt\/truusk-hundsoffa-tvattbart-overdrag-med-ryggstod-traben-for-medelstora-hundar-under-25-kg-rosa\/"]}]},{"@type":"ImageObject","inLanguage":"sv-SE","@id":"https:\/\/truusk.store\/sv\/produkt\/truusk-hundsoffa-tvattbart-overdrag-med-ryggstod-traben-for-medelstora-hundar-under-25-kg-rosa\/#primaryimage","url":"https:\/\/i0.wp.com\/truusk.store\/wp-content\/uploads\/2025\/06\/hundsoffa-tvattbart-overdrag-husdjursoffa-med-ryggstod-och-traben-kattsoffa-for-medelstora-hundar-under-25-kg-rosa-1.webp?fit=2000%2C2000&ssl=1","contentUrl":"https:\/\/i0.wp.com\/truusk.store\/wp-content\/uploads\/2025\/06\/hundsoffa-tvattbart-overdrag-husdjursoffa-med-ryggstod-och-traben-kattsoffa-for-medelstora-hundar-under-25-kg-rosa-1.webp?fit=2000%2C2000&ssl=1","width":2000,"height":2000},{"@type":"BreadcrumbList","@id":"https:\/\/truusk.store\/sv\/produkt\/truusk-hundsoffa-tvattbart-overdrag-med-ryggstod-traben-for-medelstora-hundar-under-25-kg-rosa\/#breadcrumb","itemListElement":[{"@type":"ListItem","position":1,"name":"Home","item":"https:\/\/truusk.store\/sv\/"},{"@type":"ListItem","position":2,"name":"Shop","item":"https:\/\/truusk.store\/shop\/"},{"@type":"ListItem","position":3,"name":"TRUUSK Hundsoffa &#8211; Tv\u00e4ttbart \u00f6verdrag &#8211; Med Ryggst\u00f6d &#8211; Tr\u00e4ben &#8211; F\u00f6r Medelstora Hundar Under 25 Kg &#8211; Rosa"}]},{"@type":"WebSite","@id":"https:\/\/truusk.store\/sv\/#website","url":"https:\/\/truusk.store\/sv\/","name":"TRUUSK - Hem, Tr\u00e4dg\u00e5rd & Fritid","description":"","publisher":{"@id":"https:\/\/truusk.store\/sv\/#organization"},"potentialAction":[{"@type":"SearchAction","target":{"@type":"EntryPoint","urlTemplate":"https:\/\/truusk.store\/sv\/?s={search_term_string}"},"query-input":{"@type":"PropertyValueSpecification","valueRequired":true,"valueName":"search_term_string"}}],"inLanguage":"sv-SE"},{"@type":"Organization","@id":"https:\/\/truusk.store\/sv\/#organization","name":"TRUUSK - Hem, Tr\u00e4dg\u00e5rd & Fritid","url":"https:\/\/truusk.store\/sv\/","logo":{"@type":"ImageObject","inLanguage":"sv-SE","@id":"https:\/\/truusk.store\/sv\/#\/schema\/logo\/image\/","url":"https:\/\/i0.wp.com\/truusk.store\/wp-content\/uploads\/2026\/03\/cropped-TRUUSK.png?fit=2032%2C917&ssl=1","contentUrl":"https:\/\/i0.wp.com\/truusk.store\/wp-content\/uploads\/2026\/03\/cropped-TRUUSK.png?fit=2032%2C917&ssl=1","width":2032,"height":917,"caption":"TRUUSK - Hem, Tr\u00e4dg\u00e5rd & Fritid"},"image":{"@id":"https:\/\/truusk.store\/sv\/#\/schema\/logo\/image\/"}}]}},"jetpack_sharing_enabled":true,"_links":{"self":[{"href":"https:\/\/truusk.store\/sv\/wp-json\/wp\/v2\/product\/62086","targetHints":{"allow":["GET"]}}],"collection":[{"href":"https:\/\/truusk.store\/sv\/wp-json\/wp\/v2\/product"}],"about":[{"href":"https:\/\/truusk.store\/sv\/wp-json\/wp\/v2\/types\/product"}],"wp:featuredmedia":[{"embeddable":true,"href":"https:\/\/truusk.store\/sv\/wp-json\/wp\/v2\/media\/62077"}],"wp:attachment":[{"href":"https:\/\/truusk.store\/sv\/wp-json\/wp\/v2\/media?parent=62086"}],"wp:term":[{"taxonomy":"product_brand","embeddable":true,"href":"https:\/\/truusk.store\/sv\/wp-json\/wp\/v2\/product_brand?post=62086"},{"taxonomy":"product_cat","embeddable":true,"href":"https:\/\/truusk.store\/sv\/wp-json\/wp\/v2\/product_cat?post=62086"},{"taxonomy":"product_tag","embeddable":true,"href":"https:\/\/truusk.store\/sv\/wp-json\/wp\/v2\/product_tag?post=62086"}],"curies":[{"name":"wp","href":"https:\/\/api.w.org\/{rel}","templated":true}]}}