{"id":62126,"date":"2025-06-05T05:33:25","date_gmt":"2025-06-05T04:33:25","guid":{"rendered":"https:\/\/truusk.store\/product\/hundvagn-hopfallbar-med-natverksfonster-for-sma-hundar-och-katter-2-sakerhetslinor-oxford-material-i-blatt\/"},"modified":"2026-03-12T09:18:40","modified_gmt":"2026-03-12T08:18:40","slug":"truusk-hundvagn-2-i-1-for-sma-hundar-och-katter-hopfallbar-natverksfonster-2-sakerhetslinor-oxford-material-i-blatt","status":"publish","type":"product","link":"https:\/\/truusk.store\/sv\/produkt\/truusk-hundvagn-2-i-1-for-sma-hundar-och-katter-hopfallbar-natverksfonster-2-sakerhetslinor-oxford-material-i-blatt\/","title":{"rendered":"TRUUSK Hundvagn 2-i-1 f\u00f6r Sm\u00e5 Hundar och Katter &#8211; Hopf\u00e4llbar &#8211; N\u00e4tverksf\u00f6nster &#8211; 2 S\u00e4kerhetslinor &#8211; Oxford-material i Bl\u00e5tt"},"content":{"rendered":"<p>Uppt\u00e4ck ultimat komfort f\u00f6r din fyrbenta v\u00e4n med TRUUSK hundvagn. De robusta hjulen garanterar en mjuk \u00e5ktur p\u00e5 alla underlag, medan de tv\u00e5 bromsarna p\u00e5 bakhjulen ger s\u00e4kert grepp. Tack vare den f\u00e4llbara konstruktionen kan vagnen f\u00f6rvaras utrymmeseffektivt och enkelt transporteras i bagageutrymmet. Perfekt f\u00f6r avkopplande promenader och utflykter &#8211; ge din hund den lyx den f\u00f6rtj\u00e4nar!<\/p>\n<p>Beskrivning:<\/p>\n<ul>\n<li> Solid st\u00e5lkonstruktion och 600D Oxford-tyg<\/li>\n<li> Justerbart tak och andningsbara n\u00e4t f\u00f6nster<\/li>\n<li> Dragkedjedesign f\u00f6r enkel \u00e5tkomst<\/li>\n<li> 2 sv\u00e4ngbara hjul och 2 med broms<\/li>\n<li> 2 inre s\u00e4kerhetslinor<\/li>\n<li> Mjuk kudde ing\u00e5r<\/li>\n<li> Inkluderar liten v\u00e4ska<\/li>\n<li> L\u00e4tt att f\u00e4lla ihop och transportera<\/li>\n<\/ul>\n<p> Tekniska data:<\/p>\n<ul>\n<li> F\u00e4rg: Bl\u00e5, Svart<\/li>\n<li> Material: Oxford-tyg (100% polyester), St\u00e5l<\/li>\n<li> Totala dimensioner: 82L x 47B x 97H cm<\/li>\n<li> Inre dimensioner: 65L x 33B x 50\/22,5H cm (med \u00f6ppet\/st\u00e4ngt tak)<\/li>\n<li> M\u00e5tt hopf\u00e4lld: 85L x 46B x 25,5H cm<\/li>\n<li> Kuddm\u00e5tt: 63L x 31B cm<\/li>\n<li> Hjuldiameter: \u00d813,5 cm<\/li>\n<li> B\u00e4rkapacitet: 15 kg<\/li>\n<\/ul>\n<p> Leverans inneh\u00e5ller:<\/p>\n<ul>\n<li> 1 x Hundvagn<\/li>\n<li> 1 x Manual<\/li>\n<\/ul>\n","protected":false},"excerpt":{"rendered":"<p>Uppt\u00e4ck ultimat komfort f\u00f6r din fyrbenta v\u00e4n med TRUUSK hundvagn. De robusta hjulen garanterar en mjuk \u00e5ktur p\u00e5 alla underlag,&#8230;<\/p>\n","protected":false},"featured_media":62117,"template":"","meta":[],"product_brand":[],"product_cat":[895,574,579],"product_tag":[],"class_list":{"0":"post-62126","1":"product","2":"type-product","3":"status-publish","4":"has-post-thumbnail","6":"product_cat-djurutrustning","7":"product_cat-hundtillbehor","8":"product_cat-hundvagn","10":"first","11":"instock","12":"sale","13":"taxable","14":"shipping-taxable","15":"purchasable","16":"product-type-simple"},"yoast_head":"<!-- This site is optimized with the Yoast SEO plugin v25.4 - https:\/\/yoast.com\/wordpress\/plugins\/seo\/ -->\n<title>TRUUSK Hundvagn 2-i-1 f\u00f6r Sm\u00e5 Hundar och Katter - Hopf\u00e4llbar - N\u00e4tverksf\u00f6nster - 2 S\u00e4kerhetslinor - Oxford-material i Bl\u00e5tt - TRUUSK - Hem, Tr\u00e4dg\u00e5rd &amp; Fritid<\/title>\n<meta name=\"robots\" content=\"index, follow, max-snippet:-1, max-image-preview:large, max-video-preview:-1\" \/>\n<link rel=\"canonical\" href=\"https:\/\/truusk.store\/sv\/produkt\/truusk-hundvagn-2-i-1-for-sma-hundar-och-katter-hopfallbar-natverksfonster-2-sakerhetslinor-oxford-material-i-blatt\/\" \/>\n<meta property=\"og:locale\" content=\"sv_SE\" \/>\n<meta property=\"og:type\" content=\"article\" \/>\n<meta property=\"og:title\" content=\"TRUUSK Hundvagn 2-i-1 f\u00f6r Sm\u00e5 Hundar och Katter - Hopf\u00e4llbar - N\u00e4tverksf\u00f6nster - 2 S\u00e4kerhetslinor - Oxford-material i Bl\u00e5tt - TRUUSK - Hem, Tr\u00e4dg\u00e5rd &amp; Fritid\" \/>\n<meta property=\"og:description\" content=\"Uppt\u00e4ck ultimat komfort f\u00f6r din fyrbenta v\u00e4n med TRUUSK hundvagn. De robusta hjulen garanterar en mjuk \u00e5ktur p\u00e5 alla underlag,...\" \/>\n<meta property=\"og:url\" content=\"https:\/\/truusk.store\/sv\/produkt\/truusk-hundvagn-2-i-1-for-sma-hundar-och-katter-hopfallbar-natverksfonster-2-sakerhetslinor-oxford-material-i-blatt\/\" \/>\n<meta property=\"og:site_name\" content=\"TRUUSK - Hem, Tr\u00e4dg\u00e5rd &amp; Fritid\" \/>\n<meta property=\"article:modified_time\" content=\"2026-03-12T08:18:40+00:00\" \/>\n<meta property=\"og:image\" content=\"https:\/\/i0.wp.com\/truusk.se\/wp-content\/uploads\/2025\/06\/hundvagn-hopfallbar-med-natverksfonster-for-sma-hundar-och-katter-2-sakerhetslinor-oxford-material-i-blatt-1.webp?fit=2000%2C2000&ssl=1\" \/>\n\t<meta property=\"og:image:width\" content=\"2000\" \/>\n\t<meta property=\"og:image:height\" content=\"2000\" \/>\n\t<meta property=\"og:image:type\" content=\"image\/webp\" \/>\n<meta name=\"twitter:card\" content=\"summary_large_image\" \/>\n<meta name=\"twitter:label1\" content=\"Ber\u00e4knad l\u00e4stid\" \/>\n\t<meta name=\"twitter:data1\" content=\"1 minut\" \/>\n<!-- \/ Yoast SEO plugin. -->","yoast_head_json":{"title":"TRUUSK Hundvagn 2-i-1 f\u00f6r Sm\u00e5 Hundar och Katter - Hopf\u00e4llbar - N\u00e4tverksf\u00f6nster - 2 S\u00e4kerhetslinor - Oxford-material i Bl\u00e5tt - TRUUSK - Hem, Tr\u00e4dg\u00e5rd &amp; Fritid","robots":{"index":"index","follow":"follow","max-snippet":"max-snippet:-1","max-image-preview":"max-image-preview:large","max-video-preview":"max-video-preview:-1"},"canonical":"https:\/\/truusk.store\/sv\/produkt\/truusk-hundvagn-2-i-1-for-sma-hundar-och-katter-hopfallbar-natverksfonster-2-sakerhetslinor-oxford-material-i-blatt\/","og_locale":"sv_SE","og_type":"article","og_title":"TRUUSK Hundvagn 2-i-1 f\u00f6r Sm\u00e5 Hundar och Katter - Hopf\u00e4llbar - N\u00e4tverksf\u00f6nster - 2 S\u00e4kerhetslinor - Oxford-material i Bl\u00e5tt - TRUUSK - Hem, Tr\u00e4dg\u00e5rd &amp; Fritid","og_description":"Uppt\u00e4ck ultimat komfort f\u00f6r din fyrbenta v\u00e4n med TRUUSK hundvagn. De robusta hjulen garanterar en mjuk \u00e5ktur p\u00e5 alla underlag,...","og_url":"https:\/\/truusk.store\/sv\/produkt\/truusk-hundvagn-2-i-1-for-sma-hundar-och-katter-hopfallbar-natverksfonster-2-sakerhetslinor-oxford-material-i-blatt\/","og_site_name":"TRUUSK - Hem, Tr\u00e4dg\u00e5rd &amp; Fritid","article_modified_time":"2026-03-12T08:18:40+00:00","og_image":[{"width":2000,"height":2000,"url":"https:\/\/i0.wp.com\/truusk.se\/wp-content\/uploads\/2025\/06\/hundvagn-hopfallbar-med-natverksfonster-for-sma-hundar-och-katter-2-sakerhetslinor-oxford-material-i-blatt-1.webp?fit=2000%2C2000&ssl=1","type":"image\/webp"}],"twitter_card":"summary_large_image","twitter_misc":{"Ber\u00e4knad l\u00e4stid":"1 minut"},"schema":{"@context":"https:\/\/schema.org","@graph":[{"@type":"WebPage","@id":"https:\/\/truusk.store\/sv\/produkt\/truusk-hundvagn-2-i-1-for-sma-hundar-och-katter-hopfallbar-natverksfonster-2-sakerhetslinor-oxford-material-i-blatt\/","url":"https:\/\/truusk.store\/sv\/produkt\/truusk-hundvagn-2-i-1-for-sma-hundar-och-katter-hopfallbar-natverksfonster-2-sakerhetslinor-oxford-material-i-blatt\/","name":"TRUUSK Hundvagn 2-i-1 f\u00f6r Sm\u00e5 Hundar och Katter - Hopf\u00e4llbar - N\u00e4tverksf\u00f6nster - 2 S\u00e4kerhetslinor - Oxford-material i Bl\u00e5tt - TRUUSK - Hem, Tr\u00e4dg\u00e5rd &amp; Fritid","isPartOf":{"@id":"https:\/\/truusk.store\/sv\/#website"},"primaryImageOfPage":{"@id":"https:\/\/truusk.store\/sv\/produkt\/truusk-hundvagn-2-i-1-for-sma-hundar-och-katter-hopfallbar-natverksfonster-2-sakerhetslinor-oxford-material-i-blatt\/#primaryimage"},"image":{"@id":"https:\/\/truusk.store\/sv\/produkt\/truusk-hundvagn-2-i-1-for-sma-hundar-och-katter-hopfallbar-natverksfonster-2-sakerhetslinor-oxford-material-i-blatt\/#primaryimage"},"thumbnailUrl":"https:\/\/i0.wp.com\/truusk.store\/wp-content\/uploads\/2025\/06\/hundvagn-hopfallbar-med-natverksfonster-for-sma-hundar-och-katter-2-sakerhetslinor-oxford-material-i-blatt-1.webp?fit=2000%2C2000&ssl=1","datePublished":"2025-06-05T04:33:25+00:00","dateModified":"2026-03-12T08:18:40+00:00","breadcrumb":{"@id":"https:\/\/truusk.store\/sv\/produkt\/truusk-hundvagn-2-i-1-for-sma-hundar-och-katter-hopfallbar-natverksfonster-2-sakerhetslinor-oxford-material-i-blatt\/#breadcrumb"},"inLanguage":"sv-SE","potentialAction":[{"@type":"ReadAction","target":["https:\/\/truusk.store\/sv\/produkt\/truusk-hundvagn-2-i-1-for-sma-hundar-och-katter-hopfallbar-natverksfonster-2-sakerhetslinor-oxford-material-i-blatt\/"]}]},{"@type":"ImageObject","inLanguage":"sv-SE","@id":"https:\/\/truusk.store\/sv\/produkt\/truusk-hundvagn-2-i-1-for-sma-hundar-och-katter-hopfallbar-natverksfonster-2-sakerhetslinor-oxford-material-i-blatt\/#primaryimage","url":"https:\/\/i0.wp.com\/truusk.store\/wp-content\/uploads\/2025\/06\/hundvagn-hopfallbar-med-natverksfonster-for-sma-hundar-och-katter-2-sakerhetslinor-oxford-material-i-blatt-1.webp?fit=2000%2C2000&ssl=1","contentUrl":"https:\/\/i0.wp.com\/truusk.store\/wp-content\/uploads\/2025\/06\/hundvagn-hopfallbar-med-natverksfonster-for-sma-hundar-och-katter-2-sakerhetslinor-oxford-material-i-blatt-1.webp?fit=2000%2C2000&ssl=1","width":2000,"height":2000},{"@type":"BreadcrumbList","@id":"https:\/\/truusk.store\/sv\/produkt\/truusk-hundvagn-2-i-1-for-sma-hundar-och-katter-hopfallbar-natverksfonster-2-sakerhetslinor-oxford-material-i-blatt\/#breadcrumb","itemListElement":[{"@type":"ListItem","position":1,"name":"Home","item":"https:\/\/truusk.store\/sv\/"},{"@type":"ListItem","position":2,"name":"Shop","item":"https:\/\/truusk.store\/shop\/"},{"@type":"ListItem","position":3,"name":"TRUUSK Hundvagn 2-i-1 f\u00f6r Sm\u00e5 Hundar och Katter &#8211; Hopf\u00e4llbar &#8211; N\u00e4tverksf\u00f6nster &#8211; 2 S\u00e4kerhetslinor &#8211; Oxford-material i Bl\u00e5tt"}]},{"@type":"WebSite","@id":"https:\/\/truusk.store\/sv\/#website","url":"https:\/\/truusk.store\/sv\/","name":"TRUUSK - Hem, Tr\u00e4dg\u00e5rd & Fritid","description":"","publisher":{"@id":"https:\/\/truusk.store\/sv\/#organization"},"potentialAction":[{"@type":"SearchAction","target":{"@type":"EntryPoint","urlTemplate":"https:\/\/truusk.store\/sv\/?s={search_term_string}"},"query-input":{"@type":"PropertyValueSpecification","valueRequired":true,"valueName":"search_term_string"}}],"inLanguage":"sv-SE"},{"@type":"Organization","@id":"https:\/\/truusk.store\/sv\/#organization","name":"TRUUSK - Hem, Tr\u00e4dg\u00e5rd & Fritid","url":"https:\/\/truusk.store\/sv\/","logo":{"@type":"ImageObject","inLanguage":"sv-SE","@id":"https:\/\/truusk.store\/sv\/#\/schema\/logo\/image\/","url":"https:\/\/i0.wp.com\/truusk.store\/wp-content\/uploads\/2026\/03\/cropped-TRUUSK.png?fit=2032%2C917&ssl=1","contentUrl":"https:\/\/i0.wp.com\/truusk.store\/wp-content\/uploads\/2026\/03\/cropped-TRUUSK.png?fit=2032%2C917&ssl=1","width":2032,"height":917,"caption":"TRUUSK - Hem, Tr\u00e4dg\u00e5rd & Fritid"},"image":{"@id":"https:\/\/truusk.store\/sv\/#\/schema\/logo\/image\/"}}]}},"jetpack_sharing_enabled":true,"_links":{"self":[{"href":"https:\/\/truusk.store\/sv\/wp-json\/wp\/v2\/product\/62126","targetHints":{"allow":["GET"]}}],"collection":[{"href":"https:\/\/truusk.store\/sv\/wp-json\/wp\/v2\/product"}],"about":[{"href":"https:\/\/truusk.store\/sv\/wp-json\/wp\/v2\/types\/product"}],"wp:featuredmedia":[{"embeddable":true,"href":"https:\/\/truusk.store\/sv\/wp-json\/wp\/v2\/media\/62117"}],"wp:attachment":[{"href":"https:\/\/truusk.store\/sv\/wp-json\/wp\/v2\/media?parent=62126"}],"wp:term":[{"taxonomy":"product_brand","embeddable":true,"href":"https:\/\/truusk.store\/sv\/wp-json\/wp\/v2\/product_brand?post=62126"},{"taxonomy":"product_cat","embeddable":true,"href":"https:\/\/truusk.store\/sv\/wp-json\/wp\/v2\/product_cat?post=62126"},{"taxonomy":"product_tag","embeddable":true,"href":"https:\/\/truusk.store\/sv\/wp-json\/wp\/v2\/product_tag?post=62126"}],"curies":[{"name":"wp","href":"https:\/\/api.w.org\/{rel}","templated":true}]}}