{"id":62146,"date":"2025-06-05T05:35:33","date_gmt":"2025-06-05T04:35:33","guid":{"rendered":"https:\/\/truusk.store\/product\/honshus-400-x-346-x-263-cm-med-lopbur-i-stal-honsbur-med-overdrag-dorr-honsomrade-for-10-15-hons-smadjur-gra\/"},"modified":"2026-03-12T09:36:42","modified_gmt":"2026-03-12T08:36:42","slug":"truusk-honshus-400-x-346-x-263-cm-lopbur-i-stal-honsbur-med-overdrag-dorr-for-10-15-hons-smadjur-gra","status":"publish","type":"product","link":"https:\/\/truusk.store\/sv\/produkt\/truusk-honshus-400-x-346-x-263-cm-lopbur-i-stal-honsbur-med-overdrag-dorr-for-10-15-hons-smadjur-gra\/","title":{"rendered":"TRUUSK H\u00f6nshus 400 x 346 x 263 cm &#8211; L\u00f6pbur i St\u00e5l &#8211; H\u00f6nsbur med \u00f6verdrag &#8211; D\u00f6rr &#8211; F\u00f6r 10-15 H\u00f6ns &#8211; Sm\u00e5djur &#8211; Gr\u00e5"},"content":{"rendered":"<p>Uppt\u00e4ck det gener\u00f6sa h\u00f6nshuset fr\u00e5n TRUUSK, som inte bara erbjuder plats f\u00f6r m\u00e5nga h\u00f6ns, utan ocks\u00e5 ger dig sj\u00e4lv friheten att r\u00f6ra dig inuti. Det skyddande, hexagonala taket p\u00e5 h\u00f6nshuset ger skugga och h\u00e5ller dina djur torra, medan det h\u00f6gkvalitativa, galvaniserade n\u00e4tet och den stabila st\u00e5let skyddar mot rovdjur och samtidigt garanterar optimal luftcirkulation.<\/p>\n<p>Beskrivning:<\/p>\n<ul>\n<li> Det skuggande taket p\u00e5 uteg\u00e5rden ger dina husdjur en sval, torr, bekv\u00e4m och UV-skyddad vistelse<\/li>\n<li> Takets design f\u00f6rhindrar det vanliga problemet med vattenansamling<\/li>\n<li> Den h\u00f6ga konstruktionen g\u00f6r det m\u00f6jligt f\u00f6r \u00e4garna att bekv\u00e4mt g\u00e5 in och ut vid matningsomr\u00e5dena<\/li>\n<li> Tillverkad av robust, galvaniserat st\u00e5l f\u00f6r en stabil struktur<\/li>\n<li> Det galvaniserade n\u00e4tet p\u00e5 uteplatsen skyddar dina djur v\u00e4l och ger optimal ventilation<\/li>\n<li> L\u00e5sbara, l\u00e4ttanv\u00e4nda d\u00f6rrar s\u00e4kerst\u00e4ller djurens s\u00e4kerhet<\/li>\n<li> L\u00e4mplig f\u00f6r 10-15 h\u00f6ns, ankor, kaniner<\/li>\n<li> Montering kr\u00e4vs<\/li>\n<\/ul>\n<p>Tekniska data:<\/p>\n<ul>\n<li> F\u00e4rg: Silver<\/li>\n<li> Material: St\u00e5l, Oxford-tyg, Nylon<\/li>\n<li> Totala dimensioner: 400L x 346B x 263H cm<\/li>\n<li> D\u00f6rrstorlek: 61L x 165H cm<\/li>\n<li> Maskstorlek: 4,5L x 2,5B cm<\/li>\n<li> T\u00e4ckt yta: 10 m\u00b2<\/li>\n<\/ul>\n<p>Leverans inneh\u00e5ller:<\/p>\n<ul>\n<li> 1 x H\u00f6nshus<\/li>\n<li> 1 x Handbok<\/li>\n<\/ul>\n","protected":false},"excerpt":{"rendered":"<p>Uppt\u00e4ck det gener\u00f6sa h\u00f6nshuset fr\u00e5n TRUUSK, som inte bara erbjuder plats f\u00f6r m\u00e5nga h\u00f6ns, utan ocks\u00e5 ger dig sj\u00e4lv friheten&#8230;<\/p>\n","protected":false},"featured_media":62137,"template":"","meta":[],"product_brand":[],"product_cat":[878,601,602],"product_tag":[],"class_list":{"0":"post-62146","1":"product","2":"type-product","3":"status-publish","4":"has-post-thumbnail","6":"product_cat-djurbehov","7":"product_cat-fageltillbehor","8":"product_cat-honshus","10":"first","11":"instock","12":"sale","13":"taxable","14":"shipping-taxable","15":"purchasable","16":"product-type-simple"},"yoast_head":"<!-- This site is optimized with the Yoast SEO plugin v25.4 - https:\/\/yoast.com\/wordpress\/plugins\/seo\/ -->\n<title>TRUUSK H\u00f6nshus 400 x 346 x 263 cm - L\u00f6pbur i St\u00e5l - H\u00f6nsbur med \u00f6verdrag - D\u00f6rr - F\u00f6r 10-15 H\u00f6ns - Sm\u00e5djur - Gr\u00e5 - TRUUSK - Hem, Tr\u00e4dg\u00e5rd &amp; Fritid<\/title>\n<meta name=\"robots\" content=\"index, follow, max-snippet:-1, max-image-preview:large, max-video-preview:-1\" \/>\n<link rel=\"canonical\" href=\"https:\/\/truusk.store\/sv\/produkt\/truusk-honshus-400-x-346-x-263-cm-lopbur-i-stal-honsbur-med-overdrag-dorr-for-10-15-hons-smadjur-gra\/\" \/>\n<meta property=\"og:locale\" content=\"sv_SE\" \/>\n<meta property=\"og:type\" content=\"article\" \/>\n<meta property=\"og:title\" content=\"TRUUSK H\u00f6nshus 400 x 346 x 263 cm - L\u00f6pbur i St\u00e5l - H\u00f6nsbur med \u00f6verdrag - D\u00f6rr - F\u00f6r 10-15 H\u00f6ns - Sm\u00e5djur - Gr\u00e5 - TRUUSK - Hem, Tr\u00e4dg\u00e5rd &amp; Fritid\" \/>\n<meta property=\"og:description\" content=\"Uppt\u00e4ck det gener\u00f6sa h\u00f6nshuset fr\u00e5n TRUUSK, som inte bara erbjuder plats f\u00f6r m\u00e5nga h\u00f6ns, utan ocks\u00e5 ger dig sj\u00e4lv friheten...\" \/>\n<meta property=\"og:url\" content=\"https:\/\/truusk.store\/sv\/produkt\/truusk-honshus-400-x-346-x-263-cm-lopbur-i-stal-honsbur-med-overdrag-dorr-for-10-15-hons-smadjur-gra\/\" \/>\n<meta property=\"og:site_name\" content=\"TRUUSK - Hem, Tr\u00e4dg\u00e5rd &amp; Fritid\" \/>\n<meta property=\"article:modified_time\" content=\"2026-03-12T08:36:42+00:00\" \/>\n<meta property=\"og:image\" content=\"https:\/\/i0.wp.com\/truusk.se\/wp-content\/uploads\/2025\/06\/honshus-400-x-346-x-263-cm-med-lopbur-i-stal-honsbur-med-overdrag-dorr-honsomrade-for-10-15-hons-smadjur-gra-1.webp?fit=2000%2C2000&ssl=1\" \/>\n\t<meta property=\"og:image:width\" content=\"2000\" \/>\n\t<meta property=\"og:image:height\" content=\"2000\" \/>\n\t<meta property=\"og:image:type\" content=\"image\/webp\" \/>\n<meta name=\"twitter:card\" content=\"summary_large_image\" \/>\n<meta name=\"twitter:label1\" content=\"Ber\u00e4knad l\u00e4stid\" \/>\n\t<meta name=\"twitter:data1\" content=\"1 minut\" \/>\n<!-- \/ Yoast SEO plugin. -->","yoast_head_json":{"title":"TRUUSK H\u00f6nshus 400 x 346 x 263 cm - L\u00f6pbur i St\u00e5l - H\u00f6nsbur med \u00f6verdrag - D\u00f6rr - F\u00f6r 10-15 H\u00f6ns - Sm\u00e5djur - Gr\u00e5 - TRUUSK - Hem, Tr\u00e4dg\u00e5rd &amp; Fritid","robots":{"index":"index","follow":"follow","max-snippet":"max-snippet:-1","max-image-preview":"max-image-preview:large","max-video-preview":"max-video-preview:-1"},"canonical":"https:\/\/truusk.store\/sv\/produkt\/truusk-honshus-400-x-346-x-263-cm-lopbur-i-stal-honsbur-med-overdrag-dorr-for-10-15-hons-smadjur-gra\/","og_locale":"sv_SE","og_type":"article","og_title":"TRUUSK H\u00f6nshus 400 x 346 x 263 cm - L\u00f6pbur i St\u00e5l - H\u00f6nsbur med \u00f6verdrag - D\u00f6rr - F\u00f6r 10-15 H\u00f6ns - Sm\u00e5djur - Gr\u00e5 - TRUUSK - Hem, Tr\u00e4dg\u00e5rd &amp; Fritid","og_description":"Uppt\u00e4ck det gener\u00f6sa h\u00f6nshuset fr\u00e5n TRUUSK, som inte bara erbjuder plats f\u00f6r m\u00e5nga h\u00f6ns, utan ocks\u00e5 ger dig sj\u00e4lv friheten...","og_url":"https:\/\/truusk.store\/sv\/produkt\/truusk-honshus-400-x-346-x-263-cm-lopbur-i-stal-honsbur-med-overdrag-dorr-for-10-15-hons-smadjur-gra\/","og_site_name":"TRUUSK - Hem, Tr\u00e4dg\u00e5rd &amp; Fritid","article_modified_time":"2026-03-12T08:36:42+00:00","og_image":[{"width":2000,"height":2000,"url":"https:\/\/i0.wp.com\/truusk.se\/wp-content\/uploads\/2025\/06\/honshus-400-x-346-x-263-cm-med-lopbur-i-stal-honsbur-med-overdrag-dorr-honsomrade-for-10-15-hons-smadjur-gra-1.webp?fit=2000%2C2000&ssl=1","type":"image\/webp"}],"twitter_card":"summary_large_image","twitter_misc":{"Ber\u00e4knad l\u00e4stid":"1 minut"},"schema":{"@context":"https:\/\/schema.org","@graph":[{"@type":"WebPage","@id":"https:\/\/truusk.store\/sv\/produkt\/truusk-honshus-400-x-346-x-263-cm-lopbur-i-stal-honsbur-med-overdrag-dorr-for-10-15-hons-smadjur-gra\/","url":"https:\/\/truusk.store\/sv\/produkt\/truusk-honshus-400-x-346-x-263-cm-lopbur-i-stal-honsbur-med-overdrag-dorr-for-10-15-hons-smadjur-gra\/","name":"TRUUSK H\u00f6nshus 400 x 346 x 263 cm - L\u00f6pbur i St\u00e5l - H\u00f6nsbur med \u00f6verdrag - D\u00f6rr - F\u00f6r 10-15 H\u00f6ns - Sm\u00e5djur - Gr\u00e5 - TRUUSK - Hem, Tr\u00e4dg\u00e5rd &amp; Fritid","isPartOf":{"@id":"https:\/\/truusk.store\/sv\/#website"},"primaryImageOfPage":{"@id":"https:\/\/truusk.store\/sv\/produkt\/truusk-honshus-400-x-346-x-263-cm-lopbur-i-stal-honsbur-med-overdrag-dorr-for-10-15-hons-smadjur-gra\/#primaryimage"},"image":{"@id":"https:\/\/truusk.store\/sv\/produkt\/truusk-honshus-400-x-346-x-263-cm-lopbur-i-stal-honsbur-med-overdrag-dorr-for-10-15-hons-smadjur-gra\/#primaryimage"},"thumbnailUrl":"https:\/\/i0.wp.com\/truusk.store\/wp-content\/uploads\/2025\/06\/honshus-400-x-346-x-263-cm-med-lopbur-i-stal-honsbur-med-overdrag-dorr-honsomrade-for-10-15-hons-smadjur-gra-1.webp?fit=2000%2C2000&ssl=1","datePublished":"2025-06-05T04:35:33+00:00","dateModified":"2026-03-12T08:36:42+00:00","breadcrumb":{"@id":"https:\/\/truusk.store\/sv\/produkt\/truusk-honshus-400-x-346-x-263-cm-lopbur-i-stal-honsbur-med-overdrag-dorr-for-10-15-hons-smadjur-gra\/#breadcrumb"},"inLanguage":"sv-SE","potentialAction":[{"@type":"ReadAction","target":["https:\/\/truusk.store\/sv\/produkt\/truusk-honshus-400-x-346-x-263-cm-lopbur-i-stal-honsbur-med-overdrag-dorr-for-10-15-hons-smadjur-gra\/"]}]},{"@type":"ImageObject","inLanguage":"sv-SE","@id":"https:\/\/truusk.store\/sv\/produkt\/truusk-honshus-400-x-346-x-263-cm-lopbur-i-stal-honsbur-med-overdrag-dorr-for-10-15-hons-smadjur-gra\/#primaryimage","url":"https:\/\/i0.wp.com\/truusk.store\/wp-content\/uploads\/2025\/06\/honshus-400-x-346-x-263-cm-med-lopbur-i-stal-honsbur-med-overdrag-dorr-honsomrade-for-10-15-hons-smadjur-gra-1.webp?fit=2000%2C2000&ssl=1","contentUrl":"https:\/\/i0.wp.com\/truusk.store\/wp-content\/uploads\/2025\/06\/honshus-400-x-346-x-263-cm-med-lopbur-i-stal-honsbur-med-overdrag-dorr-honsomrade-for-10-15-hons-smadjur-gra-1.webp?fit=2000%2C2000&ssl=1","width":2000,"height":2000},{"@type":"BreadcrumbList","@id":"https:\/\/truusk.store\/sv\/produkt\/truusk-honshus-400-x-346-x-263-cm-lopbur-i-stal-honsbur-med-overdrag-dorr-for-10-15-hons-smadjur-gra\/#breadcrumb","itemListElement":[{"@type":"ListItem","position":1,"name":"Home","item":"https:\/\/truusk.store\/sv\/"},{"@type":"ListItem","position":2,"name":"Shop","item":"https:\/\/truusk.store\/shop\/"},{"@type":"ListItem","position":3,"name":"TRUUSK H\u00f6nshus 400 x 346 x 263 cm &#8211; L\u00f6pbur i St\u00e5l &#8211; H\u00f6nsbur med \u00f6verdrag &#8211; D\u00f6rr &#8211; F\u00f6r 10-15 H\u00f6ns &#8211; Sm\u00e5djur &#8211; Gr\u00e5"}]},{"@type":"WebSite","@id":"https:\/\/truusk.store\/sv\/#website","url":"https:\/\/truusk.store\/sv\/","name":"TRUUSK - Hem, Tr\u00e4dg\u00e5rd & Fritid","description":"","publisher":{"@id":"https:\/\/truusk.store\/sv\/#organization"},"potentialAction":[{"@type":"SearchAction","target":{"@type":"EntryPoint","urlTemplate":"https:\/\/truusk.store\/sv\/?s={search_term_string}"},"query-input":{"@type":"PropertyValueSpecification","valueRequired":true,"valueName":"search_term_string"}}],"inLanguage":"sv-SE"},{"@type":"Organization","@id":"https:\/\/truusk.store\/sv\/#organization","name":"TRUUSK - Hem, Tr\u00e4dg\u00e5rd & Fritid","url":"https:\/\/truusk.store\/sv\/","logo":{"@type":"ImageObject","inLanguage":"sv-SE","@id":"https:\/\/truusk.store\/sv\/#\/schema\/logo\/image\/","url":"https:\/\/i0.wp.com\/truusk.store\/wp-content\/uploads\/2026\/03\/cropped-TRUUSK.png?fit=2032%2C917&ssl=1","contentUrl":"https:\/\/i0.wp.com\/truusk.store\/wp-content\/uploads\/2026\/03\/cropped-TRUUSK.png?fit=2032%2C917&ssl=1","width":2032,"height":917,"caption":"TRUUSK - Hem, Tr\u00e4dg\u00e5rd & Fritid"},"image":{"@id":"https:\/\/truusk.store\/sv\/#\/schema\/logo\/image\/"}}]}},"jetpack_sharing_enabled":true,"_links":{"self":[{"href":"https:\/\/truusk.store\/sv\/wp-json\/wp\/v2\/product\/62146","targetHints":{"allow":["GET"]}}],"collection":[{"href":"https:\/\/truusk.store\/sv\/wp-json\/wp\/v2\/product"}],"about":[{"href":"https:\/\/truusk.store\/sv\/wp-json\/wp\/v2\/types\/product"}],"wp:featuredmedia":[{"embeddable":true,"href":"https:\/\/truusk.store\/sv\/wp-json\/wp\/v2\/media\/62137"}],"wp:attachment":[{"href":"https:\/\/truusk.store\/sv\/wp-json\/wp\/v2\/media?parent=62146"}],"wp:term":[{"taxonomy":"product_brand","embeddable":true,"href":"https:\/\/truusk.store\/sv\/wp-json\/wp\/v2\/product_brand?post=62146"},{"taxonomy":"product_cat","embeddable":true,"href":"https:\/\/truusk.store\/sv\/wp-json\/wp\/v2\/product_cat?post=62146"},{"taxonomy":"product_tag","embeddable":true,"href":"https:\/\/truusk.store\/sv\/wp-json\/wp\/v2\/product_tag?post=62146"}],"curies":[{"name":"wp","href":"https:\/\/api.w.org\/{rel}","templated":true}]}}