{"id":62166,"date":"2025-06-05T05:37:31","date_gmt":"2025-06-05T04:37:31","guid":{"rendered":"https:\/\/truusk.store\/product\/klostrad-60-cm-hogt-kattrad-med-2-grottor-klostrad-katttorn-av-sisal-for-katter-upp-till-5-kg-brun\/"},"modified":"2026-03-12T09:44:15","modified_gmt":"2026-03-12T08:44:15","slug":"truusk-klostrad-60-cm-hogt-2-grottor-katttorn-av-sisal-for-katter-upp-till-5-kg-brun","status":"publish","type":"product","link":"https:\/\/truusk.store\/sv\/produkt\/truusk-klostrad-60-cm-hogt-2-grottor-katttorn-av-sisal-for-katter-upp-till-5-kg-brun\/","title":{"rendered":"TRUUSK Kl\u00f6str\u00e4d 60 cm H\u00f6gt &#8211; 2 Grottor &#8211; Katttorn av Sisal &#8211; F\u00f6r Katter upp till 5 kg &#8211; Brun"},"content":{"rendered":"<p>Upplev o\u00e4ndlig underh\u00e5llning f\u00f6r din katt med TRUUSK kattfat. Detta flerskiktiga katttorn har mysiga, plyschkl\u00e4dda h\u00f6rn f\u00f6r att leka och koppla av, samt en sisal-omsluten yttre som tillfredsst\u00e4ller kl\u00f6behov och sparar m\u00f6bler. Kattfatet passar perfekt till alla inredningsstilar. Ett m\u00e5ste f\u00f6r katt\u00e4lskare!<\/p>\n<p>Beskrivning:<\/p>\n<ul>\n<li> Dubbelskikt och \u00f6vre delen av kattfatet \u00e4r idealiska f\u00f6r att leka och koppla av<\/li>\n<li> Plysch\u00f6verdrag och sp\u00e5nskiva erbjuder komfort och h\u00e5llbarhet<\/li>\n<li> Sisal-utv\u00e4ndigt av katttornet fr\u00e4mjar kattens kl\u00f6sande och skyddar samtidigt m\u00f6blerna<\/li>\n<li> Stilfull design av kattfatet kompletterar din inredning<\/li>\n<li> Montering kr\u00e4vs<\/li>\n<\/ul>\n<p> Tekniska data:<\/p>\n<ul>\n<li> F\u00e4rg: Brun+Beige<\/li>\n<li> Material: Sp\u00e5nskiva, Polyester, Plast, Sisal<\/li>\n<li> Totala dimensioner: \u00d835 x 60H cm<\/li>\n<li> Inre utrymme: \u00d833 x 27H cm (Nedre), \u00d833 x 24H cm (\u00d6vre)<\/li>\n<li> D\u00f6rh\u00e5l: \u00d817 cm<\/li>\n<li> \u00d6vre inre utrymme: \u00d832,5 x 2H cm<\/li>\n<li> Maximal vikt: 10 kg<\/li>\n<\/ul>\n<p> Leveransinneh\u00e5ll:<\/p>\n<ul>\n<li> 1 x Katttornsfat;<\/li>\n<\/ul>\n","protected":false},"excerpt":{"rendered":"<p>Upplev o\u00e4ndlig underh\u00e5llning f\u00f6r din katt med TRUUSK kattfat. Detta flerskiktiga katttorn har mysiga, plyschkl\u00e4dda h\u00f6rn f\u00f6r att leka och&#8230;<\/p>\n","protected":false},"featured_media":62157,"template":"","meta":[],"product_brand":[],"product_cat":[878,588,879],"product_tag":[],"class_list":{"0":"post-62166","1":"product","2":"type-product","3":"status-publish","4":"has-post-thumbnail","6":"product_cat-djurbehov","7":"product_cat-katttillbehor","8":"product_cat-klostrad","10":"first","11":"instock","12":"sale","13":"taxable","14":"shipping-taxable","15":"purchasable","16":"product-type-simple"},"yoast_head":"<!-- This site is optimized with the Yoast SEO plugin v25.4 - https:\/\/yoast.com\/wordpress\/plugins\/seo\/ -->\n<title>TRUUSK Kl\u00f6str\u00e4d 60 cm H\u00f6gt - 2 Grottor - Katttorn av Sisal - F\u00f6r Katter upp till 5 kg - Brun - TRUUSK - Hem, Tr\u00e4dg\u00e5rd &amp; Fritid<\/title>\n<meta name=\"robots\" content=\"index, follow, max-snippet:-1, max-image-preview:large, max-video-preview:-1\" \/>\n<link rel=\"canonical\" href=\"https:\/\/truusk.store\/sv\/produkt\/truusk-klostrad-60-cm-hogt-2-grottor-katttorn-av-sisal-for-katter-upp-till-5-kg-brun\/\" \/>\n<meta property=\"og:locale\" content=\"sv_SE\" \/>\n<meta property=\"og:type\" content=\"article\" \/>\n<meta property=\"og:title\" content=\"TRUUSK Kl\u00f6str\u00e4d 60 cm H\u00f6gt - 2 Grottor - Katttorn av Sisal - F\u00f6r Katter upp till 5 kg - Brun - TRUUSK - Hem, Tr\u00e4dg\u00e5rd &amp; Fritid\" \/>\n<meta property=\"og:description\" content=\"Upplev o\u00e4ndlig underh\u00e5llning f\u00f6r din katt med TRUUSK kattfat. Detta flerskiktiga katttorn har mysiga, plyschkl\u00e4dda h\u00f6rn f\u00f6r att leka och...\" \/>\n<meta property=\"og:url\" content=\"https:\/\/truusk.store\/sv\/produkt\/truusk-klostrad-60-cm-hogt-2-grottor-katttorn-av-sisal-for-katter-upp-till-5-kg-brun\/\" \/>\n<meta property=\"og:site_name\" content=\"TRUUSK - Hem, Tr\u00e4dg\u00e5rd &amp; Fritid\" \/>\n<meta property=\"article:modified_time\" content=\"2026-03-12T08:44:15+00:00\" \/>\n<meta property=\"og:image\" content=\"https:\/\/i0.wp.com\/truusk.se\/wp-content\/uploads\/2025\/06\/klostrad-60-cm-hogt-kattrad-med-2-grottor-klostrad-katttorn-av-sisal-for-katter-upp-till-5-kg-brun-1.webp?fit=2000%2C2000&ssl=1\" \/>\n\t<meta property=\"og:image:width\" content=\"2000\" \/>\n\t<meta property=\"og:image:height\" content=\"2000\" \/>\n\t<meta property=\"og:image:type\" content=\"image\/webp\" \/>\n<meta name=\"twitter:card\" content=\"summary_large_image\" \/>\n<meta name=\"twitter:label1\" content=\"Ber\u00e4knad l\u00e4stid\" \/>\n\t<meta name=\"twitter:data1\" content=\"1 minut\" \/>\n<!-- \/ Yoast SEO plugin. -->","yoast_head_json":{"title":"TRUUSK Kl\u00f6str\u00e4d 60 cm H\u00f6gt - 2 Grottor - Katttorn av Sisal - F\u00f6r Katter upp till 5 kg - Brun - TRUUSK - Hem, Tr\u00e4dg\u00e5rd &amp; Fritid","robots":{"index":"index","follow":"follow","max-snippet":"max-snippet:-1","max-image-preview":"max-image-preview:large","max-video-preview":"max-video-preview:-1"},"canonical":"https:\/\/truusk.store\/sv\/produkt\/truusk-klostrad-60-cm-hogt-2-grottor-katttorn-av-sisal-for-katter-upp-till-5-kg-brun\/","og_locale":"sv_SE","og_type":"article","og_title":"TRUUSK Kl\u00f6str\u00e4d 60 cm H\u00f6gt - 2 Grottor - Katttorn av Sisal - F\u00f6r Katter upp till 5 kg - Brun - TRUUSK - Hem, Tr\u00e4dg\u00e5rd &amp; Fritid","og_description":"Upplev o\u00e4ndlig underh\u00e5llning f\u00f6r din katt med TRUUSK kattfat. Detta flerskiktiga katttorn har mysiga, plyschkl\u00e4dda h\u00f6rn f\u00f6r att leka och...","og_url":"https:\/\/truusk.store\/sv\/produkt\/truusk-klostrad-60-cm-hogt-2-grottor-katttorn-av-sisal-for-katter-upp-till-5-kg-brun\/","og_site_name":"TRUUSK - Hem, Tr\u00e4dg\u00e5rd &amp; Fritid","article_modified_time":"2026-03-12T08:44:15+00:00","og_image":[{"width":2000,"height":2000,"url":"https:\/\/i0.wp.com\/truusk.se\/wp-content\/uploads\/2025\/06\/klostrad-60-cm-hogt-kattrad-med-2-grottor-klostrad-katttorn-av-sisal-for-katter-upp-till-5-kg-brun-1.webp?fit=2000%2C2000&ssl=1","type":"image\/webp"}],"twitter_card":"summary_large_image","twitter_misc":{"Ber\u00e4knad l\u00e4stid":"1 minut"},"schema":{"@context":"https:\/\/schema.org","@graph":[{"@type":"WebPage","@id":"https:\/\/truusk.store\/sv\/produkt\/truusk-klostrad-60-cm-hogt-2-grottor-katttorn-av-sisal-for-katter-upp-till-5-kg-brun\/","url":"https:\/\/truusk.store\/sv\/produkt\/truusk-klostrad-60-cm-hogt-2-grottor-katttorn-av-sisal-for-katter-upp-till-5-kg-brun\/","name":"TRUUSK Kl\u00f6str\u00e4d 60 cm H\u00f6gt - 2 Grottor - Katttorn av Sisal - F\u00f6r Katter upp till 5 kg - Brun - TRUUSK - Hem, Tr\u00e4dg\u00e5rd &amp; Fritid","isPartOf":{"@id":"https:\/\/truusk.store\/sv\/#website"},"primaryImageOfPage":{"@id":"https:\/\/truusk.store\/sv\/produkt\/truusk-klostrad-60-cm-hogt-2-grottor-katttorn-av-sisal-for-katter-upp-till-5-kg-brun\/#primaryimage"},"image":{"@id":"https:\/\/truusk.store\/sv\/produkt\/truusk-klostrad-60-cm-hogt-2-grottor-katttorn-av-sisal-for-katter-upp-till-5-kg-brun\/#primaryimage"},"thumbnailUrl":"https:\/\/i0.wp.com\/truusk.store\/wp-content\/uploads\/2025\/06\/klostrad-60-cm-hogt-kattrad-med-2-grottor-klostrad-katttorn-av-sisal-for-katter-upp-till-5-kg-brun-1.webp?fit=2000%2C2000&ssl=1","datePublished":"2025-06-05T04:37:31+00:00","dateModified":"2026-03-12T08:44:15+00:00","breadcrumb":{"@id":"https:\/\/truusk.store\/sv\/produkt\/truusk-klostrad-60-cm-hogt-2-grottor-katttorn-av-sisal-for-katter-upp-till-5-kg-brun\/#breadcrumb"},"inLanguage":"sv-SE","potentialAction":[{"@type":"ReadAction","target":["https:\/\/truusk.store\/sv\/produkt\/truusk-klostrad-60-cm-hogt-2-grottor-katttorn-av-sisal-for-katter-upp-till-5-kg-brun\/"]}]},{"@type":"ImageObject","inLanguage":"sv-SE","@id":"https:\/\/truusk.store\/sv\/produkt\/truusk-klostrad-60-cm-hogt-2-grottor-katttorn-av-sisal-for-katter-upp-till-5-kg-brun\/#primaryimage","url":"https:\/\/i0.wp.com\/truusk.store\/wp-content\/uploads\/2025\/06\/klostrad-60-cm-hogt-kattrad-med-2-grottor-klostrad-katttorn-av-sisal-for-katter-upp-till-5-kg-brun-1.webp?fit=2000%2C2000&ssl=1","contentUrl":"https:\/\/i0.wp.com\/truusk.store\/wp-content\/uploads\/2025\/06\/klostrad-60-cm-hogt-kattrad-med-2-grottor-klostrad-katttorn-av-sisal-for-katter-upp-till-5-kg-brun-1.webp?fit=2000%2C2000&ssl=1","width":2000,"height":2000},{"@type":"BreadcrumbList","@id":"https:\/\/truusk.store\/sv\/produkt\/truusk-klostrad-60-cm-hogt-2-grottor-katttorn-av-sisal-for-katter-upp-till-5-kg-brun\/#breadcrumb","itemListElement":[{"@type":"ListItem","position":1,"name":"Home","item":"https:\/\/truusk.store\/sv\/"},{"@type":"ListItem","position":2,"name":"Shop","item":"https:\/\/truusk.store\/shop\/"},{"@type":"ListItem","position":3,"name":"TRUUSK Kl\u00f6str\u00e4d 60 cm H\u00f6gt &#8211; 2 Grottor &#8211; Katttorn av Sisal &#8211; F\u00f6r Katter upp till 5 kg &#8211; Brun"}]},{"@type":"WebSite","@id":"https:\/\/truusk.store\/sv\/#website","url":"https:\/\/truusk.store\/sv\/","name":"TRUUSK - Hem, Tr\u00e4dg\u00e5rd & Fritid","description":"","publisher":{"@id":"https:\/\/truusk.store\/sv\/#organization"},"potentialAction":[{"@type":"SearchAction","target":{"@type":"EntryPoint","urlTemplate":"https:\/\/truusk.store\/sv\/?s={search_term_string}"},"query-input":{"@type":"PropertyValueSpecification","valueRequired":true,"valueName":"search_term_string"}}],"inLanguage":"sv-SE"},{"@type":"Organization","@id":"https:\/\/truusk.store\/sv\/#organization","name":"TRUUSK - Hem, Tr\u00e4dg\u00e5rd & Fritid","url":"https:\/\/truusk.store\/sv\/","logo":{"@type":"ImageObject","inLanguage":"sv-SE","@id":"https:\/\/truusk.store\/sv\/#\/schema\/logo\/image\/","url":"https:\/\/i0.wp.com\/truusk.store\/wp-content\/uploads\/2026\/03\/cropped-TRUUSK.png?fit=2032%2C917&ssl=1","contentUrl":"https:\/\/i0.wp.com\/truusk.store\/wp-content\/uploads\/2026\/03\/cropped-TRUUSK.png?fit=2032%2C917&ssl=1","width":2032,"height":917,"caption":"TRUUSK - Hem, Tr\u00e4dg\u00e5rd & Fritid"},"image":{"@id":"https:\/\/truusk.store\/sv\/#\/schema\/logo\/image\/"}}]}},"jetpack_sharing_enabled":true,"_links":{"self":[{"href":"https:\/\/truusk.store\/sv\/wp-json\/wp\/v2\/product\/62166","targetHints":{"allow":["GET"]}}],"collection":[{"href":"https:\/\/truusk.store\/sv\/wp-json\/wp\/v2\/product"}],"about":[{"href":"https:\/\/truusk.store\/sv\/wp-json\/wp\/v2\/types\/product"}],"wp:featuredmedia":[{"embeddable":true,"href":"https:\/\/truusk.store\/sv\/wp-json\/wp\/v2\/media\/62157"}],"wp:attachment":[{"href":"https:\/\/truusk.store\/sv\/wp-json\/wp\/v2\/media?parent=62166"}],"wp:term":[{"taxonomy":"product_brand","embeddable":true,"href":"https:\/\/truusk.store\/sv\/wp-json\/wp\/v2\/product_brand?post=62166"},{"taxonomy":"product_cat","embeddable":true,"href":"https:\/\/truusk.store\/sv\/wp-json\/wp\/v2\/product_cat?post=62166"},{"taxonomy":"product_tag","embeddable":true,"href":"https:\/\/truusk.store\/sv\/wp-json\/wp\/v2\/product_tag?post=62166"}],"curies":[{"name":"wp","href":"https:\/\/api.w.org\/{rel}","templated":true}]}}