{"id":62176,"date":"2025-06-05T05:38:27","date_gmt":"2025-06-05T04:38:27","guid":{"rendered":"https:\/\/truusk.store\/product\/klostrad-37-cm-hogt-katttrad-med-dorr-klostrad-med-2-nivaer-katttorn-av-sisal-for-katter-upp-till-5-kg-khaki\/"},"modified":"2026-03-12T09:44:14","modified_gmt":"2026-03-12T08:44:14","slug":"truusk-klostrad-37-cm-hogt-med-dorr-2-nivaer-sisal-katttorn-for-katter-upp-till-5-kg-khaki","status":"publish","type":"product","link":"https:\/\/truusk.store\/sv\/produkt\/truusk-klostrad-37-cm-hogt-med-dorr-2-nivaer-sisal-katttorn-for-katter-upp-till-5-kg-khaki\/","title":{"rendered":"TRUUSK Kl\u00f6str\u00e4d 37 cm H\u00f6gt &#8211; Med D\u00f6rr &#8211; 2 Niv\u00e5er &#8211; Sisal Katttorn &#8211; F\u00f6r Katter Upp Till 5 kg &#8211; Khaki"},"content":{"rendered":"<p>Uppt\u00e4ck TRUUSK katttorn, ett lekfullt paradis med en mysig inredning f\u00f6r tupplurer och en mjuk d\u00e4ck f\u00f6r vakna observat\u00f6rer. Tillverkad av sp\u00e5nskiva och kl\u00e4dd med mjuk plysch, erbjuder detta katttorn ocks\u00e5 sj\u00f6gr\u00e4srep f\u00f6r idealiska kl\u00f6sm\u00f6jligheter. Kl\u00f6strumman skyddar dina m\u00f6bler och integreras s\u00f6ml\u00f6st i ditt hem. En idealisk tillflyktsort f\u00f6r din katt!<\/p>\n<p>Beskrivning:<\/p>\n<ul>\n<li> De inre och \u00f6vre omr\u00e5dena av kl\u00f6strumman erbjuder utrymme f\u00f6r lek och avkoppling<\/li>\n<li> Konstruktionen av katttornet av plysch och sp\u00e5nskiva erbjuder komfort och h\u00e5llbarhet<\/li>\n<li> Ytan av sj\u00f6gr\u00e4srep hj\u00e4lper till med klov\u00e5rden och skyddar m\u00f6blerna<\/li>\n<li> Stilfull design av kl\u00f6strumman kompletterar din rumsdekoration underbart<\/li>\n<li> L\u00e4mplig f\u00f6r katter under 5 kg<\/li>\n<li> Ingen montering kr\u00e4vs<\/li>\n<\/ul>\n<p>Tekniska data:<\/p>\n<ul>\n<li> F\u00e4rg: Khaki+Beige<\/li>\n<li> Material: Sp\u00e5nskiva, Polyester, Plast, Sisal<\/li>\n<li> Totala dimensioner: \u00d838 x 37H cm<\/li>\n<li> Inredning: \u00d835 x 27,5H cm<\/li>\n<li> D\u00f6rr\u00f6ppning: 17,5B x 17,5H cm<\/li>\n<li> \u00d6vre inredning: \u00d835 x 5,5H cm<\/li>\n<li> Maximal vikt: 5 kg<\/li>\n<\/ul>\n<p>Leveransinneh\u00e5ll:<\/p>\n<ul>\n<li> 1 x Katttornsfat;<\/li>\n<\/ul>\n","protected":false},"excerpt":{"rendered":"<p>Uppt\u00e4ck TRUUSK katttorn, ett lekfullt paradis med en mysig inredning f\u00f6r tupplurer och en mjuk d\u00e4ck f\u00f6r vakna observat\u00f6rer. Tillverkad&#8230;<\/p>\n","protected":false},"featured_media":62167,"template":"","meta":[],"product_brand":[],"product_cat":[878,588,879],"product_tag":[],"class_list":{"0":"post-62176","1":"product","2":"type-product","3":"status-publish","4":"has-post-thumbnail","6":"product_cat-djurbehov","7":"product_cat-katttillbehor","8":"product_cat-klostrad","10":"first","11":"instock","12":"sale","13":"taxable","14":"shipping-taxable","15":"purchasable","16":"product-type-simple"},"yoast_head":"<!-- This site is optimized with the Yoast SEO plugin v25.4 - https:\/\/yoast.com\/wordpress\/plugins\/seo\/ -->\n<title>TRUUSK Kl\u00f6str\u00e4d 37 cm H\u00f6gt - Med D\u00f6rr - 2 Niv\u00e5er - Sisal Katttorn - F\u00f6r Katter Upp Till 5 kg - Khaki - TRUUSK - Hem, Tr\u00e4dg\u00e5rd &amp; Fritid<\/title>\n<meta name=\"robots\" content=\"index, follow, max-snippet:-1, max-image-preview:large, max-video-preview:-1\" \/>\n<link rel=\"canonical\" href=\"https:\/\/truusk.store\/sv\/produkt\/truusk-klostrad-37-cm-hogt-med-dorr-2-nivaer-sisal-katttorn-for-katter-upp-till-5-kg-khaki\/\" \/>\n<meta property=\"og:locale\" content=\"sv_SE\" \/>\n<meta property=\"og:type\" content=\"article\" \/>\n<meta property=\"og:title\" content=\"TRUUSK Kl\u00f6str\u00e4d 37 cm H\u00f6gt - Med D\u00f6rr - 2 Niv\u00e5er - Sisal Katttorn - F\u00f6r Katter Upp Till 5 kg - Khaki - TRUUSK - Hem, Tr\u00e4dg\u00e5rd &amp; Fritid\" \/>\n<meta property=\"og:description\" content=\"Uppt\u00e4ck TRUUSK katttorn, ett lekfullt paradis med en mysig inredning f\u00f6r tupplurer och en mjuk d\u00e4ck f\u00f6r vakna observat\u00f6rer. Tillverkad...\" \/>\n<meta property=\"og:url\" content=\"https:\/\/truusk.store\/sv\/produkt\/truusk-klostrad-37-cm-hogt-med-dorr-2-nivaer-sisal-katttorn-for-katter-upp-till-5-kg-khaki\/\" \/>\n<meta property=\"og:site_name\" content=\"TRUUSK - Hem, Tr\u00e4dg\u00e5rd &amp; Fritid\" \/>\n<meta property=\"article:modified_time\" content=\"2026-03-12T08:44:14+00:00\" \/>\n<meta property=\"og:image\" content=\"https:\/\/i0.wp.com\/truusk.se\/wp-content\/uploads\/2025\/06\/klostrad-37-cm-hogt-katttrad-med-dorr-klostrad-med-2-nivaer-katttorn-av-sisal-for-katter-upp-till-5-kg-khaki-1.webp?fit=2000%2C2000&ssl=1\" \/>\n\t<meta property=\"og:image:width\" content=\"2000\" \/>\n\t<meta property=\"og:image:height\" content=\"2000\" \/>\n\t<meta property=\"og:image:type\" content=\"image\/webp\" \/>\n<meta name=\"twitter:card\" content=\"summary_large_image\" \/>\n<meta name=\"twitter:label1\" content=\"Ber\u00e4knad l\u00e4stid\" \/>\n\t<meta name=\"twitter:data1\" content=\"1 minut\" \/>\n<!-- \/ Yoast SEO plugin. -->","yoast_head_json":{"title":"TRUUSK Kl\u00f6str\u00e4d 37 cm H\u00f6gt - Med D\u00f6rr - 2 Niv\u00e5er - Sisal Katttorn - F\u00f6r Katter Upp Till 5 kg - Khaki - TRUUSK - Hem, Tr\u00e4dg\u00e5rd &amp; Fritid","robots":{"index":"index","follow":"follow","max-snippet":"max-snippet:-1","max-image-preview":"max-image-preview:large","max-video-preview":"max-video-preview:-1"},"canonical":"https:\/\/truusk.store\/sv\/produkt\/truusk-klostrad-37-cm-hogt-med-dorr-2-nivaer-sisal-katttorn-for-katter-upp-till-5-kg-khaki\/","og_locale":"sv_SE","og_type":"article","og_title":"TRUUSK Kl\u00f6str\u00e4d 37 cm H\u00f6gt - Med D\u00f6rr - 2 Niv\u00e5er - Sisal Katttorn - F\u00f6r Katter Upp Till 5 kg - Khaki - TRUUSK - Hem, Tr\u00e4dg\u00e5rd &amp; Fritid","og_description":"Uppt\u00e4ck TRUUSK katttorn, ett lekfullt paradis med en mysig inredning f\u00f6r tupplurer och en mjuk d\u00e4ck f\u00f6r vakna observat\u00f6rer. Tillverkad...","og_url":"https:\/\/truusk.store\/sv\/produkt\/truusk-klostrad-37-cm-hogt-med-dorr-2-nivaer-sisal-katttorn-for-katter-upp-till-5-kg-khaki\/","og_site_name":"TRUUSK - Hem, Tr\u00e4dg\u00e5rd &amp; Fritid","article_modified_time":"2026-03-12T08:44:14+00:00","og_image":[{"width":2000,"height":2000,"url":"https:\/\/i0.wp.com\/truusk.se\/wp-content\/uploads\/2025\/06\/klostrad-37-cm-hogt-katttrad-med-dorr-klostrad-med-2-nivaer-katttorn-av-sisal-for-katter-upp-till-5-kg-khaki-1.webp?fit=2000%2C2000&ssl=1","type":"image\/webp"}],"twitter_card":"summary_large_image","twitter_misc":{"Ber\u00e4knad l\u00e4stid":"1 minut"},"schema":{"@context":"https:\/\/schema.org","@graph":[{"@type":"WebPage","@id":"https:\/\/truusk.store\/sv\/produkt\/truusk-klostrad-37-cm-hogt-med-dorr-2-nivaer-sisal-katttorn-for-katter-upp-till-5-kg-khaki\/","url":"https:\/\/truusk.store\/sv\/produkt\/truusk-klostrad-37-cm-hogt-med-dorr-2-nivaer-sisal-katttorn-for-katter-upp-till-5-kg-khaki\/","name":"TRUUSK Kl\u00f6str\u00e4d 37 cm H\u00f6gt - Med D\u00f6rr - 2 Niv\u00e5er - Sisal Katttorn - F\u00f6r Katter Upp Till 5 kg - Khaki - TRUUSK - Hem, Tr\u00e4dg\u00e5rd &amp; Fritid","isPartOf":{"@id":"https:\/\/truusk.store\/sv\/#website"},"primaryImageOfPage":{"@id":"https:\/\/truusk.store\/sv\/produkt\/truusk-klostrad-37-cm-hogt-med-dorr-2-nivaer-sisal-katttorn-for-katter-upp-till-5-kg-khaki\/#primaryimage"},"image":{"@id":"https:\/\/truusk.store\/sv\/produkt\/truusk-klostrad-37-cm-hogt-med-dorr-2-nivaer-sisal-katttorn-for-katter-upp-till-5-kg-khaki\/#primaryimage"},"thumbnailUrl":"https:\/\/i0.wp.com\/truusk.store\/wp-content\/uploads\/2025\/06\/klostrad-37-cm-hogt-katttrad-med-dorr-klostrad-med-2-nivaer-katttorn-av-sisal-for-katter-upp-till-5-kg-khaki-1.webp?fit=2000%2C2000&ssl=1","datePublished":"2025-06-05T04:38:27+00:00","dateModified":"2026-03-12T08:44:14+00:00","breadcrumb":{"@id":"https:\/\/truusk.store\/sv\/produkt\/truusk-klostrad-37-cm-hogt-med-dorr-2-nivaer-sisal-katttorn-for-katter-upp-till-5-kg-khaki\/#breadcrumb"},"inLanguage":"sv-SE","potentialAction":[{"@type":"ReadAction","target":["https:\/\/truusk.store\/sv\/produkt\/truusk-klostrad-37-cm-hogt-med-dorr-2-nivaer-sisal-katttorn-for-katter-upp-till-5-kg-khaki\/"]}]},{"@type":"ImageObject","inLanguage":"sv-SE","@id":"https:\/\/truusk.store\/sv\/produkt\/truusk-klostrad-37-cm-hogt-med-dorr-2-nivaer-sisal-katttorn-for-katter-upp-till-5-kg-khaki\/#primaryimage","url":"https:\/\/i0.wp.com\/truusk.store\/wp-content\/uploads\/2025\/06\/klostrad-37-cm-hogt-katttrad-med-dorr-klostrad-med-2-nivaer-katttorn-av-sisal-for-katter-upp-till-5-kg-khaki-1.webp?fit=2000%2C2000&ssl=1","contentUrl":"https:\/\/i0.wp.com\/truusk.store\/wp-content\/uploads\/2025\/06\/klostrad-37-cm-hogt-katttrad-med-dorr-klostrad-med-2-nivaer-katttorn-av-sisal-for-katter-upp-till-5-kg-khaki-1.webp?fit=2000%2C2000&ssl=1","width":2000,"height":2000},{"@type":"BreadcrumbList","@id":"https:\/\/truusk.store\/sv\/produkt\/truusk-klostrad-37-cm-hogt-med-dorr-2-nivaer-sisal-katttorn-for-katter-upp-till-5-kg-khaki\/#breadcrumb","itemListElement":[{"@type":"ListItem","position":1,"name":"Home","item":"https:\/\/truusk.store\/sv\/"},{"@type":"ListItem","position":2,"name":"Shop","item":"https:\/\/truusk.store\/shop\/"},{"@type":"ListItem","position":3,"name":"TRUUSK Kl\u00f6str\u00e4d 37 cm H\u00f6gt &#8211; Med D\u00f6rr &#8211; 2 Niv\u00e5er &#8211; Sisal Katttorn &#8211; F\u00f6r Katter Upp Till 5 kg &#8211; Khaki"}]},{"@type":"WebSite","@id":"https:\/\/truusk.store\/sv\/#website","url":"https:\/\/truusk.store\/sv\/","name":"TRUUSK - Hem, Tr\u00e4dg\u00e5rd & Fritid","description":"","publisher":{"@id":"https:\/\/truusk.store\/sv\/#organization"},"potentialAction":[{"@type":"SearchAction","target":{"@type":"EntryPoint","urlTemplate":"https:\/\/truusk.store\/sv\/?s={search_term_string}"},"query-input":{"@type":"PropertyValueSpecification","valueRequired":true,"valueName":"search_term_string"}}],"inLanguage":"sv-SE"},{"@type":"Organization","@id":"https:\/\/truusk.store\/sv\/#organization","name":"TRUUSK - Hem, Tr\u00e4dg\u00e5rd & Fritid","url":"https:\/\/truusk.store\/sv\/","logo":{"@type":"ImageObject","inLanguage":"sv-SE","@id":"https:\/\/truusk.store\/sv\/#\/schema\/logo\/image\/","url":"https:\/\/i0.wp.com\/truusk.store\/wp-content\/uploads\/2026\/03\/cropped-TRUUSK.png?fit=2032%2C917&ssl=1","contentUrl":"https:\/\/i0.wp.com\/truusk.store\/wp-content\/uploads\/2026\/03\/cropped-TRUUSK.png?fit=2032%2C917&ssl=1","width":2032,"height":917,"caption":"TRUUSK - Hem, Tr\u00e4dg\u00e5rd & Fritid"},"image":{"@id":"https:\/\/truusk.store\/sv\/#\/schema\/logo\/image\/"}}]}},"jetpack_sharing_enabled":true,"_links":{"self":[{"href":"https:\/\/truusk.store\/sv\/wp-json\/wp\/v2\/product\/62176","targetHints":{"allow":["GET"]}}],"collection":[{"href":"https:\/\/truusk.store\/sv\/wp-json\/wp\/v2\/product"}],"about":[{"href":"https:\/\/truusk.store\/sv\/wp-json\/wp\/v2\/types\/product"}],"wp:featuredmedia":[{"embeddable":true,"href":"https:\/\/truusk.store\/sv\/wp-json\/wp\/v2\/media\/62167"}],"wp:attachment":[{"href":"https:\/\/truusk.store\/sv\/wp-json\/wp\/v2\/media?parent=62176"}],"wp:term":[{"taxonomy":"product_brand","embeddable":true,"href":"https:\/\/truusk.store\/sv\/wp-json\/wp\/v2\/product_brand?post=62176"},{"taxonomy":"product_cat","embeddable":true,"href":"https:\/\/truusk.store\/sv\/wp-json\/wp\/v2\/product_cat?post=62176"},{"taxonomy":"product_tag","embeddable":true,"href":"https:\/\/truusk.store\/sv\/wp-json\/wp\/v2\/product_tag?post=62176"}],"curies":[{"name":"wp","href":"https:\/\/api.w.org\/{rel}","templated":true}]}}