{"id":62186,"date":"2025-06-05T05:39:20","date_gmt":"2025-06-05T04:39:20","guid":{"rendered":"https:\/\/truusk.store\/product\/skjutdorrsbeslagssats-200-cm-komplett-set-med-skenor-rullar-anti-hopp-anordningar-dorrstopp-golvledning-skjutdorrssystem-av-kolstal-brun\/"},"modified":"2026-03-12T09:04:14","modified_gmt":"2026-03-12T08:04:14","slug":"truusk-skjutdorrsbeslagssats-200-cm-komplett-set-med-skenor-rullar-och-anti-hopp-anordningar-brun-kolstal-for-dorrar-upp","status":"publish","type":"product","link":"https:\/\/truusk.store\/sv\/produkt\/truusk-skjutdorrsbeslagssats-200-cm-komplett-set-med-skenor-rullar-och-anti-hopp-anordningar-brun-kolstal-for-dorrar-upp\/","title":{"rendered":"TRUUSK Skjutd\u00f6rrsbeslagssats 200 cm &#8211; Komplett set med skenor, rullar och anti-hopp-anordningar &#8211; Brun kolst\u00e5l &#8211; F\u00f6r d\u00f6rrar upp"},"content":{"rendered":"<p>En skjutd\u00f6rr i ditt hem kan s\u00e4tta stilfulla accenter. F\u00f6r montering kr\u00e4vs ett passande skjutd\u00f6rrsbeslag. V\u00e4lj skjutd\u00f6rrsbeslag som \u00e4r lika framtr\u00e4dande som d\u00f6rrdesignen sj\u00e4lv. Detta skjutd\u00f6rrssystem m\u00f6jligg\u00f6r en mjuk glidning av d\u00f6rren och skapar mer utrymme i omr\u00e5den d\u00e4r d\u00f6rrar vanligtvis beh\u00f6ver sv\u00e4ngrum. Idealisk f\u00f6r korridorer, matsalar och sovrum.<\/p>\n<p>Beskrivning:<\/p>\n<ul>\n<li> Ge ditt hem en touch av klassisk stil<\/li>\n<li> L\u00e4mplig f\u00f6r vanliga tr\u00e4dd\u00f6rrar, glasd\u00f6rrar och paneltr\u00e4d\u00f6rrar<\/li>\n<li> Skjutd\u00f6rrssystemet \u00e4r tillverkat av kolst\u00e5l och b\u00e4r upp till 100 kg<\/li>\n<li> H\u00f6gkvalitativa hjul p\u00e5 skjutd\u00f6rrsbeslaget s\u00e4kerst\u00e4ller en mjuk och tyst glidr\u00f6relse<\/li>\n<li> Utrymmesbesparande eftersom d\u00f6rren glider l\u00e4ngs v\u00e4ggen och inte beh\u00f6ver n\u00e5got sv\u00e4ngrum<\/li>\n<li> Passar f\u00f6r d\u00f6rrpaneler med en tjocklek p\u00e5 35-45 mm och 40-45 mm<\/li>\n<li> Alla n\u00f6dv\u00e4ndiga skjutd\u00f6rrsbeslag och en manual ing\u00e5r f\u00f6r enkel montering<\/li>\n<\/ul>\n<p> Tekniska data:<\/p>\n<ul>\n<li> Material: Kolst\u00e5l<\/li>\n<li> F\u00e4rg: Brun<\/li>\n<li> Maximal d\u00f6rrbelastning: 100 kg<\/li>\n<li> Totala dimensioner: 200L x 4B x 0,6T cm<\/li>\n<li> L\u00e4mplig d\u00f6rrstorlek: 35-45 mm eller 40-45 mm<\/li>\n<li> Passar till d\u00f6rrpanelbredd: Cirka 90 cm<\/li>\n<li> Min. utrymme kr\u00e4vs: 130 mm (fr\u00e5n d\u00f6rr\u00f6verkant)<\/li>\n<\/ul>\n<p>Leveransinneh\u00e5ll:<\/p>\n<ul>\n<li> 2 x Glidskena<\/li>\n<li> 2 x Hjul<\/li>\n<li> 2 x D\u00f6rrstopp<\/li>\n<li> 1 x Golvledare<\/li>\n<li> 5 x F\u00e4stkl\u00e4mma<\/li>\n<li> 1 x Sorterat monteringsmaterial<\/li>\n<\/ul>\n","protected":false},"excerpt":{"rendered":"<p>En skjutd\u00f6rr i ditt hem kan s\u00e4tta stilfulla accenter. F\u00f6r montering kr\u00e4vs ett passande skjutd\u00f6rrsbeslag. V\u00e4lj skjutd\u00f6rrsbeslag som \u00e4r lika&#8230;<\/p>\n","protected":false},"featured_media":62177,"template":"","meta":[],"product_brand":[],"product_cat":[989,963,677],"product_tag":[],"class_list":{"0":"post-62186","1":"product","2":"type-product","3":"status-publish","4":"has-post-thumbnail","6":"product_cat-byggvaruhus","7":"product_cat-runt-om-huset","8":"product_cat-skjutdorrsbeslag","10":"first","11":"instock","12":"sale","13":"taxable","14":"shipping-taxable","15":"purchasable","16":"product-type-simple"},"yoast_head":"<!-- This site is optimized with the Yoast SEO plugin v25.4 - https:\/\/yoast.com\/wordpress\/plugins\/seo\/ -->\n<title>TRUUSK Skjutd\u00f6rrsbeslagssats 200 cm - Komplett set med skenor, rullar och anti-hopp-anordningar - Brun kolst\u00e5l - F\u00f6r d\u00f6rrar upp - TRUUSK - Hem, Tr\u00e4dg\u00e5rd &amp; Fritid<\/title>\n<meta name=\"robots\" content=\"index, follow, max-snippet:-1, max-image-preview:large, max-video-preview:-1\" \/>\n<link rel=\"canonical\" href=\"https:\/\/truusk.store\/sv\/produkt\/truusk-skjutdorrsbeslagssats-200-cm-komplett-set-med-skenor-rullar-och-anti-hopp-anordningar-brun-kolstal-for-dorrar-upp\/\" \/>\n<meta property=\"og:locale\" content=\"sv_SE\" \/>\n<meta property=\"og:type\" content=\"article\" \/>\n<meta property=\"og:title\" content=\"TRUUSK Skjutd\u00f6rrsbeslagssats 200 cm - Komplett set med skenor, rullar och anti-hopp-anordningar - Brun kolst\u00e5l - F\u00f6r d\u00f6rrar upp - TRUUSK - Hem, Tr\u00e4dg\u00e5rd &amp; Fritid\" \/>\n<meta property=\"og:description\" content=\"En skjutd\u00f6rr i ditt hem kan s\u00e4tta stilfulla accenter. F\u00f6r montering kr\u00e4vs ett passande skjutd\u00f6rrsbeslag. V\u00e4lj skjutd\u00f6rrsbeslag som \u00e4r lika...\" \/>\n<meta property=\"og:url\" content=\"https:\/\/truusk.store\/sv\/produkt\/truusk-skjutdorrsbeslagssats-200-cm-komplett-set-med-skenor-rullar-och-anti-hopp-anordningar-brun-kolstal-for-dorrar-upp\/\" \/>\n<meta property=\"og:site_name\" content=\"TRUUSK - Hem, Tr\u00e4dg\u00e5rd &amp; Fritid\" \/>\n<meta property=\"article:modified_time\" content=\"2026-03-12T08:04:14+00:00\" \/>\n<meta property=\"og:image\" content=\"https:\/\/i0.wp.com\/truusk.se\/wp-content\/uploads\/2025\/06\/skjutdorrsbeslagssats-200-cm-komplett-set-med-skenor-rullar-anti-hopp-anordningar-dorrstopp-golvledning-skjutdorrssystem-av-kolstal-brun-1.webp?fit=1600%2C1600&ssl=1\" \/>\n\t<meta property=\"og:image:width\" content=\"1600\" \/>\n\t<meta property=\"og:image:height\" content=\"1600\" \/>\n\t<meta property=\"og:image:type\" content=\"image\/webp\" \/>\n<meta name=\"twitter:card\" content=\"summary_large_image\" \/>\n<meta name=\"twitter:label1\" content=\"Ber\u00e4knad l\u00e4stid\" \/>\n\t<meta name=\"twitter:data1\" content=\"1 minut\" \/>\n<!-- \/ Yoast SEO plugin. -->","yoast_head_json":{"title":"TRUUSK Skjutd\u00f6rrsbeslagssats 200 cm - Komplett set med skenor, rullar och anti-hopp-anordningar - Brun kolst\u00e5l - F\u00f6r d\u00f6rrar upp - TRUUSK - Hem, Tr\u00e4dg\u00e5rd &amp; Fritid","robots":{"index":"index","follow":"follow","max-snippet":"max-snippet:-1","max-image-preview":"max-image-preview:large","max-video-preview":"max-video-preview:-1"},"canonical":"https:\/\/truusk.store\/sv\/produkt\/truusk-skjutdorrsbeslagssats-200-cm-komplett-set-med-skenor-rullar-och-anti-hopp-anordningar-brun-kolstal-for-dorrar-upp\/","og_locale":"sv_SE","og_type":"article","og_title":"TRUUSK Skjutd\u00f6rrsbeslagssats 200 cm - Komplett set med skenor, rullar och anti-hopp-anordningar - Brun kolst\u00e5l - F\u00f6r d\u00f6rrar upp - TRUUSK - Hem, Tr\u00e4dg\u00e5rd &amp; Fritid","og_description":"En skjutd\u00f6rr i ditt hem kan s\u00e4tta stilfulla accenter. F\u00f6r montering kr\u00e4vs ett passande skjutd\u00f6rrsbeslag. V\u00e4lj skjutd\u00f6rrsbeslag som \u00e4r lika...","og_url":"https:\/\/truusk.store\/sv\/produkt\/truusk-skjutdorrsbeslagssats-200-cm-komplett-set-med-skenor-rullar-och-anti-hopp-anordningar-brun-kolstal-for-dorrar-upp\/","og_site_name":"TRUUSK - Hem, Tr\u00e4dg\u00e5rd &amp; Fritid","article_modified_time":"2026-03-12T08:04:14+00:00","og_image":[{"width":1600,"height":1600,"url":"https:\/\/i0.wp.com\/truusk.se\/wp-content\/uploads\/2025\/06\/skjutdorrsbeslagssats-200-cm-komplett-set-med-skenor-rullar-anti-hopp-anordningar-dorrstopp-golvledning-skjutdorrssystem-av-kolstal-brun-1.webp?fit=1600%2C1600&ssl=1","type":"image\/webp"}],"twitter_card":"summary_large_image","twitter_misc":{"Ber\u00e4knad l\u00e4stid":"1 minut"},"schema":{"@context":"https:\/\/schema.org","@graph":[{"@type":"WebPage","@id":"https:\/\/truusk.store\/sv\/produkt\/truusk-skjutdorrsbeslagssats-200-cm-komplett-set-med-skenor-rullar-och-anti-hopp-anordningar-brun-kolstal-for-dorrar-upp\/","url":"https:\/\/truusk.store\/sv\/produkt\/truusk-skjutdorrsbeslagssats-200-cm-komplett-set-med-skenor-rullar-och-anti-hopp-anordningar-brun-kolstal-for-dorrar-upp\/","name":"TRUUSK Skjutd\u00f6rrsbeslagssats 200 cm - Komplett set med skenor, rullar och anti-hopp-anordningar - Brun kolst\u00e5l - F\u00f6r d\u00f6rrar upp - TRUUSK - Hem, Tr\u00e4dg\u00e5rd &amp; Fritid","isPartOf":{"@id":"https:\/\/truusk.store\/sv\/#website"},"primaryImageOfPage":{"@id":"https:\/\/truusk.store\/sv\/produkt\/truusk-skjutdorrsbeslagssats-200-cm-komplett-set-med-skenor-rullar-och-anti-hopp-anordningar-brun-kolstal-for-dorrar-upp\/#primaryimage"},"image":{"@id":"https:\/\/truusk.store\/sv\/produkt\/truusk-skjutdorrsbeslagssats-200-cm-komplett-set-med-skenor-rullar-och-anti-hopp-anordningar-brun-kolstal-for-dorrar-upp\/#primaryimage"},"thumbnailUrl":"https:\/\/i0.wp.com\/truusk.store\/wp-content\/uploads\/2025\/06\/skjutdorrsbeslagssats-200-cm-komplett-set-med-skenor-rullar-anti-hopp-anordningar-dorrstopp-golvledning-skjutdorrssystem-av-kolstal-brun-1.webp?fit=1600%2C1600&ssl=1","datePublished":"2025-06-05T04:39:20+00:00","dateModified":"2026-03-12T08:04:14+00:00","breadcrumb":{"@id":"https:\/\/truusk.store\/sv\/produkt\/truusk-skjutdorrsbeslagssats-200-cm-komplett-set-med-skenor-rullar-och-anti-hopp-anordningar-brun-kolstal-for-dorrar-upp\/#breadcrumb"},"inLanguage":"sv-SE","potentialAction":[{"@type":"ReadAction","target":["https:\/\/truusk.store\/sv\/produkt\/truusk-skjutdorrsbeslagssats-200-cm-komplett-set-med-skenor-rullar-och-anti-hopp-anordningar-brun-kolstal-for-dorrar-upp\/"]}]},{"@type":"ImageObject","inLanguage":"sv-SE","@id":"https:\/\/truusk.store\/sv\/produkt\/truusk-skjutdorrsbeslagssats-200-cm-komplett-set-med-skenor-rullar-och-anti-hopp-anordningar-brun-kolstal-for-dorrar-upp\/#primaryimage","url":"https:\/\/i0.wp.com\/truusk.store\/wp-content\/uploads\/2025\/06\/skjutdorrsbeslagssats-200-cm-komplett-set-med-skenor-rullar-anti-hopp-anordningar-dorrstopp-golvledning-skjutdorrssystem-av-kolstal-brun-1.webp?fit=1600%2C1600&ssl=1","contentUrl":"https:\/\/i0.wp.com\/truusk.store\/wp-content\/uploads\/2025\/06\/skjutdorrsbeslagssats-200-cm-komplett-set-med-skenor-rullar-anti-hopp-anordningar-dorrstopp-golvledning-skjutdorrssystem-av-kolstal-brun-1.webp?fit=1600%2C1600&ssl=1","width":1600,"height":1600},{"@type":"BreadcrumbList","@id":"https:\/\/truusk.store\/sv\/produkt\/truusk-skjutdorrsbeslagssats-200-cm-komplett-set-med-skenor-rullar-och-anti-hopp-anordningar-brun-kolstal-for-dorrar-upp\/#breadcrumb","itemListElement":[{"@type":"ListItem","position":1,"name":"Home","item":"https:\/\/truusk.store\/sv\/"},{"@type":"ListItem","position":2,"name":"Shop","item":"https:\/\/truusk.store\/shop\/"},{"@type":"ListItem","position":3,"name":"TRUUSK Skjutd\u00f6rrsbeslagssats 200 cm &#8211; Komplett set med skenor, rullar och anti-hopp-anordningar &#8211; Brun kolst\u00e5l &#8211; F\u00f6r d\u00f6rrar upp"}]},{"@type":"WebSite","@id":"https:\/\/truusk.store\/sv\/#website","url":"https:\/\/truusk.store\/sv\/","name":"TRUUSK - Hem, Tr\u00e4dg\u00e5rd & Fritid","description":"","publisher":{"@id":"https:\/\/truusk.store\/sv\/#organization"},"potentialAction":[{"@type":"SearchAction","target":{"@type":"EntryPoint","urlTemplate":"https:\/\/truusk.store\/sv\/?s={search_term_string}"},"query-input":{"@type":"PropertyValueSpecification","valueRequired":true,"valueName":"search_term_string"}}],"inLanguage":"sv-SE"},{"@type":"Organization","@id":"https:\/\/truusk.store\/sv\/#organization","name":"TRUUSK - Hem, Tr\u00e4dg\u00e5rd & Fritid","url":"https:\/\/truusk.store\/sv\/","logo":{"@type":"ImageObject","inLanguage":"sv-SE","@id":"https:\/\/truusk.store\/sv\/#\/schema\/logo\/image\/","url":"https:\/\/i0.wp.com\/truusk.store\/wp-content\/uploads\/2026\/03\/cropped-TRUUSK.png?fit=2032%2C917&ssl=1","contentUrl":"https:\/\/i0.wp.com\/truusk.store\/wp-content\/uploads\/2026\/03\/cropped-TRUUSK.png?fit=2032%2C917&ssl=1","width":2032,"height":917,"caption":"TRUUSK - Hem, Tr\u00e4dg\u00e5rd & Fritid"},"image":{"@id":"https:\/\/truusk.store\/sv\/#\/schema\/logo\/image\/"}}]}},"jetpack_sharing_enabled":true,"_links":{"self":[{"href":"https:\/\/truusk.store\/sv\/wp-json\/wp\/v2\/product\/62186","targetHints":{"allow":["GET"]}}],"collection":[{"href":"https:\/\/truusk.store\/sv\/wp-json\/wp\/v2\/product"}],"about":[{"href":"https:\/\/truusk.store\/sv\/wp-json\/wp\/v2\/types\/product"}],"wp:featuredmedia":[{"embeddable":true,"href":"https:\/\/truusk.store\/sv\/wp-json\/wp\/v2\/media\/62177"}],"wp:attachment":[{"href":"https:\/\/truusk.store\/sv\/wp-json\/wp\/v2\/media?parent=62186"}],"wp:term":[{"taxonomy":"product_brand","embeddable":true,"href":"https:\/\/truusk.store\/sv\/wp-json\/wp\/v2\/product_brand?post=62186"},{"taxonomy":"product_cat","embeddable":true,"href":"https:\/\/truusk.store\/sv\/wp-json\/wp\/v2\/product_cat?post=62186"},{"taxonomy":"product_tag","embeddable":true,"href":"https:\/\/truusk.store\/sv\/wp-json\/wp\/v2\/product_tag?post=62186"}],"curies":[{"name":"wp","href":"https:\/\/api.w.org\/{rel}","templated":true}]}}