{"id":62216,"date":"2025-06-05T05:42:28","date_gmt":"2025-06-05T04:42:28","guid":{"rendered":"https:\/\/truusk.store\/product\/skjutdorrsbeslagssats-200-cm-komplett-set-med-skenor-hjul-skenstopp-golvblock-dorrskruvset-skjutdorsystem-av-kolstal-svart\/"},"modified":"2026-03-12T08:56:06","modified_gmt":"2026-03-12T07:56:06","slug":"truusk-skjutdorrsbeslagssats-200-cm-komplett-set-med-skenor-hjul-skenstopp-kolstalsvart-enkel-att-montera","status":"publish","type":"product","link":"https:\/\/truusk.store\/sv\/produkt\/truusk-skjutdorrsbeslagssats-200-cm-komplett-set-med-skenor-hjul-skenstopp-kolstalsvart-enkel-att-montera\/","title":{"rendered":"TRUUSK Skjutd\u00f6rrsbeslagssats 200 cm &#8211; Komplett set med skenor, hjul, skenstopp &#8211; Kolst\u00e5lsvart &#8211; Enkel att montera"},"content":{"rendered":"<p>F\u00f6rvandla varje rum med denna skjutd\u00f6rrsbeslag fr\u00e5n TRUUSK till en rustik atmosf\u00e4r. Att anv\u00e4nda en lada d\u00f6rr ist\u00e4llet f\u00f6r en standardd\u00f6rr kan helt f\u00f6rnya utseendet p\u00e5 ett rum. De \u00e4r universellt anv\u00e4ndbara &#8211; fr\u00e5n sovrum till vardagsrum till badrum. Skjutd\u00f6rrsbeslaget \u00e4r tillverkat av robust kolst\u00e5l, v\u00e5ra skjutd\u00f6rrsbeslag \u00e4r l\u00e4mpliga f\u00f6r tr\u00e4- och betongv\u00e4ggar. Observera att d\u00f6rren inte ing\u00e5r i leveransen.<\/p>\n<p>Beskrivning:<\/p>\n<ul>\n<li> F\u00f6r\u00e4ndra utseendet p\u00e5 ditt hem utan stora renoveringar eller kostnader<\/li>\n<li> Tillverkad av kolst\u00e5l och kan b\u00e4ra upp till 90 kg per d\u00f6rrpanel<\/li>\n<li> Det fria utrymmet fr\u00e5n toppen av d\u00f6rren till taket m\u00e5ste vara minst 18 cm<\/li>\n<li> Skjutd\u00f6rrsbeslagen \u00e4r l\u00e4mpliga f\u00f6r d\u00f6rrpaneler med en tjocklek p\u00e5 34-40 mm<\/li>\n<li> Kan anv\u00e4ndas p\u00e5 cement- eller tr\u00e4v\u00e4ggar, inte rekommenderat f\u00f6r skum- eller h\u00e5lstenar<\/li>\n<li> Alla n\u00f6dv\u00e4ndiga h\u00e5rdvarukomponenter och en manual ing\u00e5r f\u00f6r enkel montering av skjutd\u00f6rrssystemet<\/li>\n<li> I skjutd\u00f6rrssystemet ing\u00e5r endast tillbeh\u00f6r, d\u00f6rrpanelen ing\u00e5r inte<\/li>\n<\/ul>\n<p>Tekniska data:<\/p>\n<ul>\n<li> F\u00e4rg: Svart<\/li>\n<li> Material: Kolst\u00e5l<\/li>\n<li> Totala dimensioner: 200L x 4B x 0,6H cm<\/li>\n<li> Rulldimensioner: 12,5L x 5B x 34,5H cm<\/li>\n<li> Maximal belastningskapacitet: 90 kg<\/li>\n<\/ul>\n<p>Leveransinneh\u00e5ll:<\/p>\n<ul>\n<li> 1 x Beslag f\u00f6r skjutd\u00f6rr<\/li>\n<li> 1 x Manual<\/li>\n<\/ul>\n","protected":false},"excerpt":{"rendered":"<p>F\u00f6rvandla varje rum med denna skjutd\u00f6rrsbeslag fr\u00e5n TRUUSK till en rustik atmosf\u00e4r. Att anv\u00e4nda en lada d\u00f6rr ist\u00e4llet f\u00f6r en&#8230;<\/p>\n","protected":false},"featured_media":62207,"template":"","meta":[],"product_brand":[],"product_cat":[867,963,677],"product_tag":[],"class_list":{"0":"post-62216","1":"product","2":"type-product","3":"status-publish","4":"has-post-thumbnail","6":"product_cat-byggmarknad","7":"product_cat-runt-om-huset","8":"product_cat-skjutdorrsbeslag","10":"first","11":"instock","12":"sale","13":"taxable","14":"shipping-taxable","15":"purchasable","16":"product-type-simple"},"yoast_head":"<!-- This site is optimized with the Yoast SEO plugin v25.4 - https:\/\/yoast.com\/wordpress\/plugins\/seo\/ -->\n<title>TRUUSK Skjutd\u00f6rrsbeslagssats 200 cm - Komplett set med skenor, hjul, skenstopp - Kolst\u00e5lsvart - Enkel att montera - TRUUSK - Hem, Tr\u00e4dg\u00e5rd &amp; Fritid<\/title>\n<meta name=\"robots\" content=\"index, follow, max-snippet:-1, max-image-preview:large, max-video-preview:-1\" \/>\n<link rel=\"canonical\" href=\"https:\/\/truusk.store\/sv\/produkt\/truusk-skjutdorrsbeslagssats-200-cm-komplett-set-med-skenor-hjul-skenstopp-kolstalsvart-enkel-att-montera\/\" \/>\n<meta property=\"og:locale\" content=\"sv_SE\" \/>\n<meta property=\"og:type\" content=\"article\" \/>\n<meta property=\"og:title\" content=\"TRUUSK Skjutd\u00f6rrsbeslagssats 200 cm - Komplett set med skenor, hjul, skenstopp - Kolst\u00e5lsvart - Enkel att montera - TRUUSK - Hem, Tr\u00e4dg\u00e5rd &amp; Fritid\" \/>\n<meta property=\"og:description\" content=\"F\u00f6rvandla varje rum med denna skjutd\u00f6rrsbeslag fr\u00e5n TRUUSK till en rustik atmosf\u00e4r. Att anv\u00e4nda en lada d\u00f6rr ist\u00e4llet f\u00f6r en...\" \/>\n<meta property=\"og:url\" content=\"https:\/\/truusk.store\/sv\/produkt\/truusk-skjutdorrsbeslagssats-200-cm-komplett-set-med-skenor-hjul-skenstopp-kolstalsvart-enkel-att-montera\/\" \/>\n<meta property=\"og:site_name\" content=\"TRUUSK - Hem, Tr\u00e4dg\u00e5rd &amp; Fritid\" \/>\n<meta property=\"article:modified_time\" content=\"2026-03-12T07:56:06+00:00\" \/>\n<meta property=\"og:image\" content=\"https:\/\/i0.wp.com\/truusk.se\/wp-content\/uploads\/2025\/06\/skjutdorrsbeslagssats-200-cm-komplett-set-med-skenor-hjul-skenstopp-golvblock-dorrskruvset-skjutdorsystem-av-kolstal-svart-1.webp?fit=2000%2C2000&ssl=1\" \/>\n\t<meta property=\"og:image:width\" content=\"2000\" \/>\n\t<meta property=\"og:image:height\" content=\"2000\" \/>\n\t<meta property=\"og:image:type\" content=\"image\/webp\" \/>\n<meta name=\"twitter:card\" content=\"summary_large_image\" \/>\n<meta name=\"twitter:label1\" content=\"Ber\u00e4knad l\u00e4stid\" \/>\n\t<meta name=\"twitter:data1\" content=\"1 minut\" \/>\n<!-- \/ Yoast SEO plugin. -->","yoast_head_json":{"title":"TRUUSK Skjutd\u00f6rrsbeslagssats 200 cm - Komplett set med skenor, hjul, skenstopp - Kolst\u00e5lsvart - Enkel att montera - TRUUSK - Hem, Tr\u00e4dg\u00e5rd &amp; Fritid","robots":{"index":"index","follow":"follow","max-snippet":"max-snippet:-1","max-image-preview":"max-image-preview:large","max-video-preview":"max-video-preview:-1"},"canonical":"https:\/\/truusk.store\/sv\/produkt\/truusk-skjutdorrsbeslagssats-200-cm-komplett-set-med-skenor-hjul-skenstopp-kolstalsvart-enkel-att-montera\/","og_locale":"sv_SE","og_type":"article","og_title":"TRUUSK Skjutd\u00f6rrsbeslagssats 200 cm - Komplett set med skenor, hjul, skenstopp - Kolst\u00e5lsvart - Enkel att montera - TRUUSK - Hem, Tr\u00e4dg\u00e5rd &amp; Fritid","og_description":"F\u00f6rvandla varje rum med denna skjutd\u00f6rrsbeslag fr\u00e5n TRUUSK till en rustik atmosf\u00e4r. Att anv\u00e4nda en lada d\u00f6rr ist\u00e4llet f\u00f6r en...","og_url":"https:\/\/truusk.store\/sv\/produkt\/truusk-skjutdorrsbeslagssats-200-cm-komplett-set-med-skenor-hjul-skenstopp-kolstalsvart-enkel-att-montera\/","og_site_name":"TRUUSK - Hem, Tr\u00e4dg\u00e5rd &amp; Fritid","article_modified_time":"2026-03-12T07:56:06+00:00","og_image":[{"width":2000,"height":2000,"url":"https:\/\/i0.wp.com\/truusk.se\/wp-content\/uploads\/2025\/06\/skjutdorrsbeslagssats-200-cm-komplett-set-med-skenor-hjul-skenstopp-golvblock-dorrskruvset-skjutdorsystem-av-kolstal-svart-1.webp?fit=2000%2C2000&ssl=1","type":"image\/webp"}],"twitter_card":"summary_large_image","twitter_misc":{"Ber\u00e4knad l\u00e4stid":"1 minut"},"schema":{"@context":"https:\/\/schema.org","@graph":[{"@type":"WebPage","@id":"https:\/\/truusk.store\/sv\/produkt\/truusk-skjutdorrsbeslagssats-200-cm-komplett-set-med-skenor-hjul-skenstopp-kolstalsvart-enkel-att-montera\/","url":"https:\/\/truusk.store\/sv\/produkt\/truusk-skjutdorrsbeslagssats-200-cm-komplett-set-med-skenor-hjul-skenstopp-kolstalsvart-enkel-att-montera\/","name":"TRUUSK Skjutd\u00f6rrsbeslagssats 200 cm - Komplett set med skenor, hjul, skenstopp - Kolst\u00e5lsvart - Enkel att montera - TRUUSK - Hem, Tr\u00e4dg\u00e5rd &amp; Fritid","isPartOf":{"@id":"https:\/\/truusk.store\/sv\/#website"},"primaryImageOfPage":{"@id":"https:\/\/truusk.store\/sv\/produkt\/truusk-skjutdorrsbeslagssats-200-cm-komplett-set-med-skenor-hjul-skenstopp-kolstalsvart-enkel-att-montera\/#primaryimage"},"image":{"@id":"https:\/\/truusk.store\/sv\/produkt\/truusk-skjutdorrsbeslagssats-200-cm-komplett-set-med-skenor-hjul-skenstopp-kolstalsvart-enkel-att-montera\/#primaryimage"},"thumbnailUrl":"https:\/\/i0.wp.com\/truusk.store\/wp-content\/uploads\/2025\/06\/skjutdorrsbeslagssats-200-cm-komplett-set-med-skenor-hjul-skenstopp-golvblock-dorrskruvset-skjutdorsystem-av-kolstal-svart-1.webp?fit=2000%2C2000&ssl=1","datePublished":"2025-06-05T04:42:28+00:00","dateModified":"2026-03-12T07:56:06+00:00","breadcrumb":{"@id":"https:\/\/truusk.store\/sv\/produkt\/truusk-skjutdorrsbeslagssats-200-cm-komplett-set-med-skenor-hjul-skenstopp-kolstalsvart-enkel-att-montera\/#breadcrumb"},"inLanguage":"sv-SE","potentialAction":[{"@type":"ReadAction","target":["https:\/\/truusk.store\/sv\/produkt\/truusk-skjutdorrsbeslagssats-200-cm-komplett-set-med-skenor-hjul-skenstopp-kolstalsvart-enkel-att-montera\/"]}]},{"@type":"ImageObject","inLanguage":"sv-SE","@id":"https:\/\/truusk.store\/sv\/produkt\/truusk-skjutdorrsbeslagssats-200-cm-komplett-set-med-skenor-hjul-skenstopp-kolstalsvart-enkel-att-montera\/#primaryimage","url":"https:\/\/i0.wp.com\/truusk.store\/wp-content\/uploads\/2025\/06\/skjutdorrsbeslagssats-200-cm-komplett-set-med-skenor-hjul-skenstopp-golvblock-dorrskruvset-skjutdorsystem-av-kolstal-svart-1.webp?fit=2000%2C2000&ssl=1","contentUrl":"https:\/\/i0.wp.com\/truusk.store\/wp-content\/uploads\/2025\/06\/skjutdorrsbeslagssats-200-cm-komplett-set-med-skenor-hjul-skenstopp-golvblock-dorrskruvset-skjutdorsystem-av-kolstal-svart-1.webp?fit=2000%2C2000&ssl=1","width":2000,"height":2000},{"@type":"BreadcrumbList","@id":"https:\/\/truusk.store\/sv\/produkt\/truusk-skjutdorrsbeslagssats-200-cm-komplett-set-med-skenor-hjul-skenstopp-kolstalsvart-enkel-att-montera\/#breadcrumb","itemListElement":[{"@type":"ListItem","position":1,"name":"Home","item":"https:\/\/truusk.store\/sv\/"},{"@type":"ListItem","position":2,"name":"Shop","item":"https:\/\/truusk.store\/shop\/"},{"@type":"ListItem","position":3,"name":"TRUUSK Skjutd\u00f6rrsbeslagssats 200 cm &#8211; Komplett set med skenor, hjul, skenstopp &#8211; Kolst\u00e5lsvart &#8211; Enkel att montera"}]},{"@type":"WebSite","@id":"https:\/\/truusk.store\/sv\/#website","url":"https:\/\/truusk.store\/sv\/","name":"TRUUSK - Hem, Tr\u00e4dg\u00e5rd & Fritid","description":"","publisher":{"@id":"https:\/\/truusk.store\/sv\/#organization"},"potentialAction":[{"@type":"SearchAction","target":{"@type":"EntryPoint","urlTemplate":"https:\/\/truusk.store\/sv\/?s={search_term_string}"},"query-input":{"@type":"PropertyValueSpecification","valueRequired":true,"valueName":"search_term_string"}}],"inLanguage":"sv-SE"},{"@type":"Organization","@id":"https:\/\/truusk.store\/sv\/#organization","name":"TRUUSK - Hem, Tr\u00e4dg\u00e5rd & Fritid","url":"https:\/\/truusk.store\/sv\/","logo":{"@type":"ImageObject","inLanguage":"sv-SE","@id":"https:\/\/truusk.store\/sv\/#\/schema\/logo\/image\/","url":"https:\/\/i0.wp.com\/truusk.store\/wp-content\/uploads\/2026\/03\/cropped-TRUUSK.png?fit=2032%2C917&ssl=1","contentUrl":"https:\/\/i0.wp.com\/truusk.store\/wp-content\/uploads\/2026\/03\/cropped-TRUUSK.png?fit=2032%2C917&ssl=1","width":2032,"height":917,"caption":"TRUUSK - Hem, Tr\u00e4dg\u00e5rd & Fritid"},"image":{"@id":"https:\/\/truusk.store\/sv\/#\/schema\/logo\/image\/"}}]}},"jetpack_sharing_enabled":true,"_links":{"self":[{"href":"https:\/\/truusk.store\/sv\/wp-json\/wp\/v2\/product\/62216","targetHints":{"allow":["GET"]}}],"collection":[{"href":"https:\/\/truusk.store\/sv\/wp-json\/wp\/v2\/product"}],"about":[{"href":"https:\/\/truusk.store\/sv\/wp-json\/wp\/v2\/types\/product"}],"wp:featuredmedia":[{"embeddable":true,"href":"https:\/\/truusk.store\/sv\/wp-json\/wp\/v2\/media\/62207"}],"wp:attachment":[{"href":"https:\/\/truusk.store\/sv\/wp-json\/wp\/v2\/media?parent=62216"}],"wp:term":[{"taxonomy":"product_brand","embeddable":true,"href":"https:\/\/truusk.store\/sv\/wp-json\/wp\/v2\/product_brand?post=62216"},{"taxonomy":"product_cat","embeddable":true,"href":"https:\/\/truusk.store\/sv\/wp-json\/wp\/v2\/product_cat?post=62216"},{"taxonomy":"product_tag","embeddable":true,"href":"https:\/\/truusk.store\/sv\/wp-json\/wp\/v2\/product_tag?post=62216"}],"curies":[{"name":"wp","href":"https:\/\/api.w.org\/{rel}","templated":true}]}}