{"id":62246,"date":"2025-06-05T05:45:29","date_gmt":"2025-06-05T04:45:29","guid":{"rendered":"https:\/\/truusk.store\/product\/hundbur-for-hemmet-hundlada-med-2-dorrar-tvattbara-kuddar-hundkoja-med-justerbara-fotter-sparr-for-stora-hundar-upp-till-30-kg-gra-94-x-60-x-715-cm\/"},"modified":"2026-03-12T09:35:24","modified_gmt":"2026-03-12T08:35:24","slug":"truusk-hundbur-med-2-dorrar-tvattbara-kuddar-justerbara-fotter-sparr-stora-hundar-upp-till-30-kg-gra-94-x-60-x-715-cm","status":"publish","type":"product","link":"https:\/\/truusk.store\/sv\/produkt\/truusk-hundbur-med-2-dorrar-tvattbara-kuddar-justerbara-fotter-sparr-stora-hundar-upp-till-30-kg-gra-94-x-60-x-715-cm\/","title":{"rendered":"TRUUSK Hundbur med 2 d\u00f6rrar &#8211; Tv\u00e4ttbara kuddar &#8211; Justerbara f\u00f6tter &#8211; Sp\u00e4rr &#8211; Stora hundar upp till 30 kg &#8211; Gr\u00e5 &#8211; 94 x 60 x 71,5 cm"},"content":{"rendered":"<p>Uppt\u00e4ck den perfekta kombinationen av stil och funktionalitet med v\u00e5r dekorativa hundbur. Din fyrbenta v\u00e4n kommer att njuta av komforten av en mjuk sovkudde med ett avtagbart, tv\u00e4ttbart \u00f6verdrag. Tv\u00e5 d\u00f6rrar m\u00f6jligg\u00f6r enkel \u00e5tkomst. Den robusta konstruktionen av hundburen garanterar h\u00e5llbarhet och sm\u00e4lter s\u00f6ml\u00f6st in i din milj\u00f6, medan din hund njuter av en mysig, ny tillflyktsort.<\/p>\n<p>Beskrivning:<\/p>\n<ul>\n<li> Mjuk och vattenavvisande kudde<\/li>\n<li> Hundburens fr\u00e4mre och sidod\u00f6rrar underl\u00e4ttar in- och utstigning<\/li>\n<li> St\u00e5lgaller g\u00f6r det m\u00f6jligt f\u00f6r djuren att se omgivningen<\/li>\n<li> L\u00e5set garanterar valpars s\u00e4kerhet<\/li>\n<li> Justerbara f\u00f6tter p\u00e5 hundburen skyddar ditt golv<\/li>\n<li> L\u00e4mplig f\u00f6r stora hundar upp till 30 kg och en l\u00e4ngd p\u00e5 60 cm (23,6 tum)<\/li>\n<li> Montering kr\u00e4vs<\/li>\n<li> Obs: V\u00e4nj ditt djur l\u00e5ngsamt och varsamt till den tillf\u00e4lliga inkvarteringen i buren. B\u00f6rja med att l\u00e5ta ditt djur slappna av i den med d\u00f6rren \u00f6ppen. V\u00e4nj det sedan till att vara i den st\u00e4ngda buren och f\u00f6rl\u00e4ng vistelsetiden. Hundburen b\u00f6r aldrig anv\u00e4ndas som straff, eftersom den ska representera en skyddad och positiv plats f\u00f6r din fyrbenta v\u00e4n<\/li>\n<\/ul>\n<p> Tekniska specifikationer:<\/p>\n<ul>\n<li> F\u00e4rg: Gr\u00e5<\/li>\n<li> Material: St\u00e5l, sp\u00e5nskiva, polyester, skum<\/li>\n<li> Totala m\u00e5tt: 94L x 60B x 71,5H cm<\/li>\n<li> Inre m\u00e5tt: 90L x 57B x 63H cm<\/li>\n<li> M\u00e5tt p\u00e5 d\u00f6rren (enskilt): 44L x 50,5H cm<\/li>\n<li> Kuddens m\u00e5tt: 90L x 56B x 5H cm<\/li>\n<li> Markfrig\u00e5ng: 4 cm<\/li>\n<li> Storlek p\u00e5 sidogallret: 13L x 8B mm<\/li>\n<\/ul>\n<p>Leveransinneh\u00e5ll:<\/p>\n<ul>\n<li> 1 x Hundbur<\/li>\n<li> 1 x Instruktioner<\/li>\n<\/ul>\n","protected":false},"excerpt":{"rendered":"<p>Uppt\u00e4ck den perfekta kombinationen av stil och funktionalitet med v\u00e5r dekorativa hundbur. Din fyrbenta v\u00e4n kommer att njuta av komforten&#8230;<\/p>\n","protected":false},"featured_media":62237,"template":"","meta":[],"product_brand":[],"product_cat":[947,583,574],"product_tag":[],"class_list":{"0":"post-62246","1":"product","2":"type-product","3":"status-publish","4":"has-post-thumbnail","6":"product_cat-djurtillbehor","7":"product_cat-hundburar","8":"product_cat-hundtillbehor","10":"first","11":"instock","12":"sale","13":"taxable","14":"shipping-taxable","15":"purchasable","16":"product-type-simple"},"yoast_head":"<!-- This site is optimized with the Yoast SEO plugin v25.4 - https:\/\/yoast.com\/wordpress\/plugins\/seo\/ -->\n<title>TRUUSK Hundbur med 2 d\u00f6rrar - Tv\u00e4ttbara kuddar - Justerbara f\u00f6tter - Sp\u00e4rr - Stora hundar upp till 30 kg - Gr\u00e5 - 94 x 60 x 71,5 cm - TRUUSK - Hem, Tr\u00e4dg\u00e5rd &amp; Fritid<\/title>\n<meta name=\"robots\" content=\"index, follow, max-snippet:-1, max-image-preview:large, max-video-preview:-1\" \/>\n<link rel=\"canonical\" href=\"https:\/\/truusk.store\/sv\/produkt\/truusk-hundbur-med-2-dorrar-tvattbara-kuddar-justerbara-fotter-sparr-stora-hundar-upp-till-30-kg-gra-94-x-60-x-715-cm\/\" \/>\n<meta property=\"og:locale\" content=\"sv_SE\" \/>\n<meta property=\"og:type\" content=\"article\" \/>\n<meta property=\"og:title\" content=\"TRUUSK Hundbur med 2 d\u00f6rrar - Tv\u00e4ttbara kuddar - Justerbara f\u00f6tter - Sp\u00e4rr - Stora hundar upp till 30 kg - Gr\u00e5 - 94 x 60 x 71,5 cm - TRUUSK - Hem, Tr\u00e4dg\u00e5rd &amp; Fritid\" \/>\n<meta property=\"og:description\" content=\"Uppt\u00e4ck den perfekta kombinationen av stil och funktionalitet med v\u00e5r dekorativa hundbur. Din fyrbenta v\u00e4n kommer att njuta av komforten...\" \/>\n<meta property=\"og:url\" content=\"https:\/\/truusk.store\/sv\/produkt\/truusk-hundbur-med-2-dorrar-tvattbara-kuddar-justerbara-fotter-sparr-stora-hundar-upp-till-30-kg-gra-94-x-60-x-715-cm\/\" \/>\n<meta property=\"og:site_name\" content=\"TRUUSK - Hem, Tr\u00e4dg\u00e5rd &amp; Fritid\" \/>\n<meta property=\"article:modified_time\" content=\"2026-03-12T08:35:24+00:00\" \/>\n<meta property=\"og:image\" content=\"https:\/\/i0.wp.com\/truusk.se\/wp-content\/uploads\/2025\/06\/hundbur-for-hemmet-hundlada-med-2-dorrar-tvattbara-kuddar-hundkoja-med-justerbara-fotter-sparr-for-stora-hundar-upp-till-30-kg-gra-94-x-60-x-715-cm-1.webp?fit=2000%2C2000&ssl=1\" \/>\n\t<meta property=\"og:image:width\" content=\"2000\" \/>\n\t<meta property=\"og:image:height\" content=\"2000\" \/>\n\t<meta property=\"og:image:type\" content=\"image\/webp\" \/>\n<meta name=\"twitter:card\" content=\"summary_large_image\" \/>\n<meta name=\"twitter:label1\" content=\"Ber\u00e4knad l\u00e4stid\" \/>\n\t<meta name=\"twitter:data1\" content=\"1 minut\" \/>\n<!-- \/ Yoast SEO plugin. -->","yoast_head_json":{"title":"TRUUSK Hundbur med 2 d\u00f6rrar - Tv\u00e4ttbara kuddar - Justerbara f\u00f6tter - Sp\u00e4rr - Stora hundar upp till 30 kg - Gr\u00e5 - 94 x 60 x 71,5 cm - TRUUSK - Hem, Tr\u00e4dg\u00e5rd &amp; Fritid","robots":{"index":"index","follow":"follow","max-snippet":"max-snippet:-1","max-image-preview":"max-image-preview:large","max-video-preview":"max-video-preview:-1"},"canonical":"https:\/\/truusk.store\/sv\/produkt\/truusk-hundbur-med-2-dorrar-tvattbara-kuddar-justerbara-fotter-sparr-stora-hundar-upp-till-30-kg-gra-94-x-60-x-715-cm\/","og_locale":"sv_SE","og_type":"article","og_title":"TRUUSK Hundbur med 2 d\u00f6rrar - Tv\u00e4ttbara kuddar - Justerbara f\u00f6tter - Sp\u00e4rr - Stora hundar upp till 30 kg - Gr\u00e5 - 94 x 60 x 71,5 cm - TRUUSK - Hem, Tr\u00e4dg\u00e5rd &amp; Fritid","og_description":"Uppt\u00e4ck den perfekta kombinationen av stil och funktionalitet med v\u00e5r dekorativa hundbur. Din fyrbenta v\u00e4n kommer att njuta av komforten...","og_url":"https:\/\/truusk.store\/sv\/produkt\/truusk-hundbur-med-2-dorrar-tvattbara-kuddar-justerbara-fotter-sparr-stora-hundar-upp-till-30-kg-gra-94-x-60-x-715-cm\/","og_site_name":"TRUUSK - Hem, Tr\u00e4dg\u00e5rd &amp; Fritid","article_modified_time":"2026-03-12T08:35:24+00:00","og_image":[{"width":2000,"height":2000,"url":"https:\/\/i0.wp.com\/truusk.se\/wp-content\/uploads\/2025\/06\/hundbur-for-hemmet-hundlada-med-2-dorrar-tvattbara-kuddar-hundkoja-med-justerbara-fotter-sparr-for-stora-hundar-upp-till-30-kg-gra-94-x-60-x-715-cm-1.webp?fit=2000%2C2000&ssl=1","type":"image\/webp"}],"twitter_card":"summary_large_image","twitter_misc":{"Ber\u00e4knad l\u00e4stid":"1 minut"},"schema":{"@context":"https:\/\/schema.org","@graph":[{"@type":"WebPage","@id":"https:\/\/truusk.store\/sv\/produkt\/truusk-hundbur-med-2-dorrar-tvattbara-kuddar-justerbara-fotter-sparr-stora-hundar-upp-till-30-kg-gra-94-x-60-x-715-cm\/","url":"https:\/\/truusk.store\/sv\/produkt\/truusk-hundbur-med-2-dorrar-tvattbara-kuddar-justerbara-fotter-sparr-stora-hundar-upp-till-30-kg-gra-94-x-60-x-715-cm\/","name":"TRUUSK Hundbur med 2 d\u00f6rrar - Tv\u00e4ttbara kuddar - Justerbara f\u00f6tter - Sp\u00e4rr - Stora hundar upp till 30 kg - Gr\u00e5 - 94 x 60 x 71,5 cm - TRUUSK - Hem, Tr\u00e4dg\u00e5rd &amp; Fritid","isPartOf":{"@id":"https:\/\/truusk.store\/sv\/#website"},"primaryImageOfPage":{"@id":"https:\/\/truusk.store\/sv\/produkt\/truusk-hundbur-med-2-dorrar-tvattbara-kuddar-justerbara-fotter-sparr-stora-hundar-upp-till-30-kg-gra-94-x-60-x-715-cm\/#primaryimage"},"image":{"@id":"https:\/\/truusk.store\/sv\/produkt\/truusk-hundbur-med-2-dorrar-tvattbara-kuddar-justerbara-fotter-sparr-stora-hundar-upp-till-30-kg-gra-94-x-60-x-715-cm\/#primaryimage"},"thumbnailUrl":"https:\/\/i0.wp.com\/truusk.store\/wp-content\/uploads\/2025\/06\/hundbur-for-hemmet-hundlada-med-2-dorrar-tvattbara-kuddar-hundkoja-med-justerbara-fotter-sparr-for-stora-hundar-upp-till-30-kg-gra-94-x-60-x-715-cm-1.webp?fit=2000%2C2000&ssl=1","datePublished":"2025-06-05T04:45:29+00:00","dateModified":"2026-03-12T08:35:24+00:00","breadcrumb":{"@id":"https:\/\/truusk.store\/sv\/produkt\/truusk-hundbur-med-2-dorrar-tvattbara-kuddar-justerbara-fotter-sparr-stora-hundar-upp-till-30-kg-gra-94-x-60-x-715-cm\/#breadcrumb"},"inLanguage":"sv-SE","potentialAction":[{"@type":"ReadAction","target":["https:\/\/truusk.store\/sv\/produkt\/truusk-hundbur-med-2-dorrar-tvattbara-kuddar-justerbara-fotter-sparr-stora-hundar-upp-till-30-kg-gra-94-x-60-x-715-cm\/"]}]},{"@type":"ImageObject","inLanguage":"sv-SE","@id":"https:\/\/truusk.store\/sv\/produkt\/truusk-hundbur-med-2-dorrar-tvattbara-kuddar-justerbara-fotter-sparr-stora-hundar-upp-till-30-kg-gra-94-x-60-x-715-cm\/#primaryimage","url":"https:\/\/i0.wp.com\/truusk.store\/wp-content\/uploads\/2025\/06\/hundbur-for-hemmet-hundlada-med-2-dorrar-tvattbara-kuddar-hundkoja-med-justerbara-fotter-sparr-for-stora-hundar-upp-till-30-kg-gra-94-x-60-x-715-cm-1.webp?fit=2000%2C2000&ssl=1","contentUrl":"https:\/\/i0.wp.com\/truusk.store\/wp-content\/uploads\/2025\/06\/hundbur-for-hemmet-hundlada-med-2-dorrar-tvattbara-kuddar-hundkoja-med-justerbara-fotter-sparr-for-stora-hundar-upp-till-30-kg-gra-94-x-60-x-715-cm-1.webp?fit=2000%2C2000&ssl=1","width":2000,"height":2000},{"@type":"BreadcrumbList","@id":"https:\/\/truusk.store\/sv\/produkt\/truusk-hundbur-med-2-dorrar-tvattbara-kuddar-justerbara-fotter-sparr-stora-hundar-upp-till-30-kg-gra-94-x-60-x-715-cm\/#breadcrumb","itemListElement":[{"@type":"ListItem","position":1,"name":"Home","item":"https:\/\/truusk.store\/sv\/"},{"@type":"ListItem","position":2,"name":"Shop","item":"https:\/\/truusk.store\/shop\/"},{"@type":"ListItem","position":3,"name":"TRUUSK Hundbur med 2 d\u00f6rrar &#8211; Tv\u00e4ttbara kuddar &#8211; Justerbara f\u00f6tter &#8211; Sp\u00e4rr &#8211; Stora hundar upp till 30 kg &#8211; Gr\u00e5 &#8211; 94 x 60 x 71,5 cm"}]},{"@type":"WebSite","@id":"https:\/\/truusk.store\/sv\/#website","url":"https:\/\/truusk.store\/sv\/","name":"TRUUSK - Hem, Tr\u00e4dg\u00e5rd & Fritid","description":"","publisher":{"@id":"https:\/\/truusk.store\/sv\/#organization"},"potentialAction":[{"@type":"SearchAction","target":{"@type":"EntryPoint","urlTemplate":"https:\/\/truusk.store\/sv\/?s={search_term_string}"},"query-input":{"@type":"PropertyValueSpecification","valueRequired":true,"valueName":"search_term_string"}}],"inLanguage":"sv-SE"},{"@type":"Organization","@id":"https:\/\/truusk.store\/sv\/#organization","name":"TRUUSK - Hem, Tr\u00e4dg\u00e5rd & Fritid","url":"https:\/\/truusk.store\/sv\/","logo":{"@type":"ImageObject","inLanguage":"sv-SE","@id":"https:\/\/truusk.store\/sv\/#\/schema\/logo\/image\/","url":"https:\/\/i0.wp.com\/truusk.store\/wp-content\/uploads\/2026\/03\/cropped-TRUUSK.png?fit=2032%2C917&ssl=1","contentUrl":"https:\/\/i0.wp.com\/truusk.store\/wp-content\/uploads\/2026\/03\/cropped-TRUUSK.png?fit=2032%2C917&ssl=1","width":2032,"height":917,"caption":"TRUUSK - Hem, Tr\u00e4dg\u00e5rd & Fritid"},"image":{"@id":"https:\/\/truusk.store\/sv\/#\/schema\/logo\/image\/"}}]}},"jetpack_sharing_enabled":true,"_links":{"self":[{"href":"https:\/\/truusk.store\/sv\/wp-json\/wp\/v2\/product\/62246","targetHints":{"allow":["GET"]}}],"collection":[{"href":"https:\/\/truusk.store\/sv\/wp-json\/wp\/v2\/product"}],"about":[{"href":"https:\/\/truusk.store\/sv\/wp-json\/wp\/v2\/types\/product"}],"wp:featuredmedia":[{"embeddable":true,"href":"https:\/\/truusk.store\/sv\/wp-json\/wp\/v2\/media\/62237"}],"wp:attachment":[{"href":"https:\/\/truusk.store\/sv\/wp-json\/wp\/v2\/media?parent=62246"}],"wp:term":[{"taxonomy":"product_brand","embeddable":true,"href":"https:\/\/truusk.store\/sv\/wp-json\/wp\/v2\/product_brand?post=62246"},{"taxonomy":"product_cat","embeddable":true,"href":"https:\/\/truusk.store\/sv\/wp-json\/wp\/v2\/product_cat?post=62246"},{"taxonomy":"product_tag","embeddable":true,"href":"https:\/\/truusk.store\/sv\/wp-json\/wp\/v2\/product_tag?post=62246"}],"curies":[{"name":"wp","href":"https:\/\/api.w.org\/{rel}","templated":true}]}}