{"id":62296,"date":"2025-06-05T05:50:25","date_gmt":"2025-06-05T04:50:25","guid":{"rendered":"https:\/\/truusk.store\/product\/sportnow-fotbollsmal-med-pe-nat-fotbollsmal-for-barn-och-vuxna-300-x-120-x-200-cm-stal-pe-for-tradgard-fotbollstraning-gra\/"},"modified":"2026-03-12T09:37:06","modified_gmt":"2026-03-12T08:37:06","slug":"truusk-fotbollsmal-med-pe-nat-for-barn-och-vuxna-300x120x200-cm-stal-pe-gra-tradgard-fotbollstraning","status":"publish","type":"product","link":"https:\/\/truusk.store\/sv\/produkt\/truusk-fotbollsmal-med-pe-nat-for-barn-och-vuxna-300x120x200-cm-stal-pe-gra-tradgard-fotbollstraning\/","title":{"rendered":"TRUUSK Fotbollsm\u00e5l Med PE-n\u00e4t &#8211; F\u00f6r Barn och Vuxna &#8211; 300x120x200 cm &#8211; St\u00e5l &#8211; PE &#8211; Gr\u00e5 &#8211; Tr\u00e4dg\u00e5rd &#8211; Fotbollstr\u00e4ning"},"content":{"rendered":"<p>F\u00f6rb\u00e4ttra ditt spel med v\u00e5rt b\u00e4rbara SPORTNOW fotbollsm\u00e5l. Enkelt att s\u00e4tta upp, perfekt f\u00f6r hemmet eller p\u00e5 resande fot. Med en robust st\u00e5lram och v\u00e4derbest\u00e4ndigt n\u00e4t, \u00e4r v\u00e5rt fotbollsm\u00e5l perfekt f\u00f6r intensiv tr\u00e4ning. Enkel montering av fotbollsm\u00e5let: skruva ihop ramen, f\u00e4st n\u00e4tet. Oundg\u00e4nglig f\u00f6r solo-tr\u00e4ning eller t\u00e4vling &#8211; ett m\u00e5ste f\u00f6r varje fotbollsfan.<\/p>\n<p>Beskrivning:<\/p>\n<ul>\n<li> Robust n\u00e4t till fotbollsm\u00e5let, v\u00e4derbest\u00e4ndigt och rivs\u00e4kert<\/li>\n<li> Ramen till fotbollsm\u00e5let \u00e4r gjord av metall med h\u00f6g stabilitet och en pulverlackering, den \u00e4r vattent\u00e4t och st\u00e5r emot \u00e4ven h\u00e5rda spel<\/li>\n<li> Kan l\u00e4tt demonteras i sm\u00e5 delar f\u00f6r enkel transport och smidig f\u00f6rvaring<\/li>\n<li> T\u00e4ltpinnar f\u00f6r att f\u00f6rankra fotbollsm\u00e5let i mjuk mark<\/li>\n<li> Snabb och enkel montering<\/li>\n<\/ul>\n<p>Tekniska data:<\/p>\n<ul>\n<li> F\u00e4rg: Gr\u00e5<\/li>\n<li> Material: PE, st\u00e5l, metall<\/li>\n<li> Totala dimensioner: 300L x 120B x 200H cm<\/li>\n<li> Maskstorlek: 10L x 10B cm<\/li>\n<\/ul>\n<p>Inneh\u00e5ll:<\/p>\n<ul>\n<li> 1 x Fotbollsm\u00e5lsn\u00e4t<\/li>\n<li> 7 x Jordspett<\/li>\n<li> Skruvar<\/li>\n<li> 1 x Manual<\/li>\n<\/ul>\n","protected":false},"excerpt":{"rendered":"<p>F\u00f6rb\u00e4ttra ditt spel med v\u00e5rt b\u00e4rbara SPORTNOW fotbollsm\u00e5l. Enkelt att s\u00e4tta upp, perfekt f\u00f6r hemmet eller p\u00e5 resande fot. Med&#8230;<\/p>\n","protected":false},"featured_media":62287,"template":"","meta":[],"product_brand":[],"product_cat":[880,939,983,616],"product_tag":[],"class_list":{"0":"post-62296","1":"product","2":"type-product","3":"status-publish","4":"has-post-thumbnail","6":"product_cat-baby-barn-2","7":"product_cat-barnsport","8":"product_cat-fusballtore","9":"product_cat-utomhusleksaker","11":"first","12":"instock","13":"sale","14":"taxable","15":"shipping-taxable","16":"purchasable","17":"product-type-simple"},"yoast_head":"<!-- This site is optimized with the Yoast SEO plugin v25.4 - https:\/\/yoast.com\/wordpress\/plugins\/seo\/ -->\n<title>TRUUSK Fotbollsm\u00e5l Med PE-n\u00e4t - F\u00f6r Barn och Vuxna - 300x120x200 cm - St\u00e5l - PE - Gr\u00e5 - Tr\u00e4dg\u00e5rd - Fotbollstr\u00e4ning - TRUUSK - Hem, Tr\u00e4dg\u00e5rd &amp; Fritid<\/title>\n<meta name=\"robots\" content=\"index, follow, max-snippet:-1, max-image-preview:large, max-video-preview:-1\" \/>\n<link rel=\"canonical\" href=\"https:\/\/truusk.store\/sv\/produkt\/truusk-fotbollsmal-med-pe-nat-for-barn-och-vuxna-300x120x200-cm-stal-pe-gra-tradgard-fotbollstraning\/\" \/>\n<meta property=\"og:locale\" content=\"sv_SE\" \/>\n<meta property=\"og:type\" content=\"article\" \/>\n<meta property=\"og:title\" content=\"TRUUSK Fotbollsm\u00e5l Med PE-n\u00e4t - F\u00f6r Barn och Vuxna - 300x120x200 cm - St\u00e5l - PE - Gr\u00e5 - Tr\u00e4dg\u00e5rd - Fotbollstr\u00e4ning - TRUUSK - Hem, Tr\u00e4dg\u00e5rd &amp; Fritid\" \/>\n<meta property=\"og:description\" content=\"F\u00f6rb\u00e4ttra ditt spel med v\u00e5rt b\u00e4rbara SPORTNOW fotbollsm\u00e5l. Enkelt att s\u00e4tta upp, perfekt f\u00f6r hemmet eller p\u00e5 resande fot. Med...\" \/>\n<meta property=\"og:url\" content=\"https:\/\/truusk.store\/sv\/produkt\/truusk-fotbollsmal-med-pe-nat-for-barn-och-vuxna-300x120x200-cm-stal-pe-gra-tradgard-fotbollstraning\/\" \/>\n<meta property=\"og:site_name\" content=\"TRUUSK - Hem, Tr\u00e4dg\u00e5rd &amp; Fritid\" \/>\n<meta property=\"article:modified_time\" content=\"2026-03-12T08:37:06+00:00\" \/>\n<meta property=\"og:image\" content=\"https:\/\/i0.wp.com\/truusk.se\/wp-content\/uploads\/2025\/06\/sportnow-fotbollsmal-med-pe-nat-fotbollsmal-for-barn-och-vuxna-300-x-120-x-200-cm-stal-pe-for-tradgard-fotbollstraning-gra-1.webp?fit=2000%2C2000&ssl=1\" \/>\n\t<meta property=\"og:image:width\" content=\"2000\" \/>\n\t<meta property=\"og:image:height\" content=\"2000\" \/>\n\t<meta property=\"og:image:type\" content=\"image\/webp\" \/>\n<meta name=\"twitter:card\" content=\"summary_large_image\" \/>\n<meta name=\"twitter:label1\" content=\"Ber\u00e4knad l\u00e4stid\" \/>\n\t<meta name=\"twitter:data1\" content=\"1 minut\" \/>\n<!-- \/ Yoast SEO plugin. -->","yoast_head_json":{"title":"TRUUSK Fotbollsm\u00e5l Med PE-n\u00e4t - F\u00f6r Barn och Vuxna - 300x120x200 cm - St\u00e5l - PE - Gr\u00e5 - Tr\u00e4dg\u00e5rd - Fotbollstr\u00e4ning - TRUUSK - Hem, Tr\u00e4dg\u00e5rd &amp; Fritid","robots":{"index":"index","follow":"follow","max-snippet":"max-snippet:-1","max-image-preview":"max-image-preview:large","max-video-preview":"max-video-preview:-1"},"canonical":"https:\/\/truusk.store\/sv\/produkt\/truusk-fotbollsmal-med-pe-nat-for-barn-och-vuxna-300x120x200-cm-stal-pe-gra-tradgard-fotbollstraning\/","og_locale":"sv_SE","og_type":"article","og_title":"TRUUSK Fotbollsm\u00e5l Med PE-n\u00e4t - F\u00f6r Barn och Vuxna - 300x120x200 cm - St\u00e5l - PE - Gr\u00e5 - Tr\u00e4dg\u00e5rd - Fotbollstr\u00e4ning - TRUUSK - Hem, Tr\u00e4dg\u00e5rd &amp; Fritid","og_description":"F\u00f6rb\u00e4ttra ditt spel med v\u00e5rt b\u00e4rbara SPORTNOW fotbollsm\u00e5l. Enkelt att s\u00e4tta upp, perfekt f\u00f6r hemmet eller p\u00e5 resande fot. Med...","og_url":"https:\/\/truusk.store\/sv\/produkt\/truusk-fotbollsmal-med-pe-nat-for-barn-och-vuxna-300x120x200-cm-stal-pe-gra-tradgard-fotbollstraning\/","og_site_name":"TRUUSK - Hem, Tr\u00e4dg\u00e5rd &amp; Fritid","article_modified_time":"2026-03-12T08:37:06+00:00","og_image":[{"width":2000,"height":2000,"url":"https:\/\/i0.wp.com\/truusk.se\/wp-content\/uploads\/2025\/06\/sportnow-fotbollsmal-med-pe-nat-fotbollsmal-for-barn-och-vuxna-300-x-120-x-200-cm-stal-pe-for-tradgard-fotbollstraning-gra-1.webp?fit=2000%2C2000&ssl=1","type":"image\/webp"}],"twitter_card":"summary_large_image","twitter_misc":{"Ber\u00e4knad l\u00e4stid":"1 minut"},"schema":{"@context":"https:\/\/schema.org","@graph":[{"@type":"WebPage","@id":"https:\/\/truusk.store\/sv\/produkt\/truusk-fotbollsmal-med-pe-nat-for-barn-och-vuxna-300x120x200-cm-stal-pe-gra-tradgard-fotbollstraning\/","url":"https:\/\/truusk.store\/sv\/produkt\/truusk-fotbollsmal-med-pe-nat-for-barn-och-vuxna-300x120x200-cm-stal-pe-gra-tradgard-fotbollstraning\/","name":"TRUUSK Fotbollsm\u00e5l Med PE-n\u00e4t - F\u00f6r Barn och Vuxna - 300x120x200 cm - St\u00e5l - PE - Gr\u00e5 - Tr\u00e4dg\u00e5rd - Fotbollstr\u00e4ning - TRUUSK - Hem, Tr\u00e4dg\u00e5rd &amp; Fritid","isPartOf":{"@id":"https:\/\/truusk.store\/sv\/#website"},"primaryImageOfPage":{"@id":"https:\/\/truusk.store\/sv\/produkt\/truusk-fotbollsmal-med-pe-nat-for-barn-och-vuxna-300x120x200-cm-stal-pe-gra-tradgard-fotbollstraning\/#primaryimage"},"image":{"@id":"https:\/\/truusk.store\/sv\/produkt\/truusk-fotbollsmal-med-pe-nat-for-barn-och-vuxna-300x120x200-cm-stal-pe-gra-tradgard-fotbollstraning\/#primaryimage"},"thumbnailUrl":"https:\/\/i0.wp.com\/truusk.store\/wp-content\/uploads\/2025\/06\/sportnow-fotbollsmal-med-pe-nat-fotbollsmal-for-barn-och-vuxna-300-x-120-x-200-cm-stal-pe-for-tradgard-fotbollstraning-gra-1.webp?fit=2000%2C2000&ssl=1","datePublished":"2025-06-05T04:50:25+00:00","dateModified":"2026-03-12T08:37:06+00:00","breadcrumb":{"@id":"https:\/\/truusk.store\/sv\/produkt\/truusk-fotbollsmal-med-pe-nat-for-barn-och-vuxna-300x120x200-cm-stal-pe-gra-tradgard-fotbollstraning\/#breadcrumb"},"inLanguage":"sv-SE","potentialAction":[{"@type":"ReadAction","target":["https:\/\/truusk.store\/sv\/produkt\/truusk-fotbollsmal-med-pe-nat-for-barn-och-vuxna-300x120x200-cm-stal-pe-gra-tradgard-fotbollstraning\/"]}]},{"@type":"ImageObject","inLanguage":"sv-SE","@id":"https:\/\/truusk.store\/sv\/produkt\/truusk-fotbollsmal-med-pe-nat-for-barn-och-vuxna-300x120x200-cm-stal-pe-gra-tradgard-fotbollstraning\/#primaryimage","url":"https:\/\/i0.wp.com\/truusk.store\/wp-content\/uploads\/2025\/06\/sportnow-fotbollsmal-med-pe-nat-fotbollsmal-for-barn-och-vuxna-300-x-120-x-200-cm-stal-pe-for-tradgard-fotbollstraning-gra-1.webp?fit=2000%2C2000&ssl=1","contentUrl":"https:\/\/i0.wp.com\/truusk.store\/wp-content\/uploads\/2025\/06\/sportnow-fotbollsmal-med-pe-nat-fotbollsmal-for-barn-och-vuxna-300-x-120-x-200-cm-stal-pe-for-tradgard-fotbollstraning-gra-1.webp?fit=2000%2C2000&ssl=1","width":2000,"height":2000},{"@type":"BreadcrumbList","@id":"https:\/\/truusk.store\/sv\/produkt\/truusk-fotbollsmal-med-pe-nat-for-barn-och-vuxna-300x120x200-cm-stal-pe-gra-tradgard-fotbollstraning\/#breadcrumb","itemListElement":[{"@type":"ListItem","position":1,"name":"Home","item":"https:\/\/truusk.store\/sv\/"},{"@type":"ListItem","position":2,"name":"Shop","item":"https:\/\/truusk.store\/shop\/"},{"@type":"ListItem","position":3,"name":"TRUUSK Fotbollsm\u00e5l Med PE-n\u00e4t &#8211; F\u00f6r Barn och Vuxna &#8211; 300x120x200 cm &#8211; St\u00e5l &#8211; PE &#8211; Gr\u00e5 &#8211; Tr\u00e4dg\u00e5rd &#8211; Fotbollstr\u00e4ning"}]},{"@type":"WebSite","@id":"https:\/\/truusk.store\/sv\/#website","url":"https:\/\/truusk.store\/sv\/","name":"TRUUSK - Hem, Tr\u00e4dg\u00e5rd & Fritid","description":"","publisher":{"@id":"https:\/\/truusk.store\/sv\/#organization"},"potentialAction":[{"@type":"SearchAction","target":{"@type":"EntryPoint","urlTemplate":"https:\/\/truusk.store\/sv\/?s={search_term_string}"},"query-input":{"@type":"PropertyValueSpecification","valueRequired":true,"valueName":"search_term_string"}}],"inLanguage":"sv-SE"},{"@type":"Organization","@id":"https:\/\/truusk.store\/sv\/#organization","name":"TRUUSK - Hem, Tr\u00e4dg\u00e5rd & Fritid","url":"https:\/\/truusk.store\/sv\/","logo":{"@type":"ImageObject","inLanguage":"sv-SE","@id":"https:\/\/truusk.store\/sv\/#\/schema\/logo\/image\/","url":"https:\/\/i0.wp.com\/truusk.store\/wp-content\/uploads\/2026\/03\/cropped-TRUUSK.png?fit=2032%2C917&ssl=1","contentUrl":"https:\/\/i0.wp.com\/truusk.store\/wp-content\/uploads\/2026\/03\/cropped-TRUUSK.png?fit=2032%2C917&ssl=1","width":2032,"height":917,"caption":"TRUUSK - Hem, Tr\u00e4dg\u00e5rd & Fritid"},"image":{"@id":"https:\/\/truusk.store\/sv\/#\/schema\/logo\/image\/"}}]}},"jetpack_sharing_enabled":true,"_links":{"self":[{"href":"https:\/\/truusk.store\/sv\/wp-json\/wp\/v2\/product\/62296","targetHints":{"allow":["GET"]}}],"collection":[{"href":"https:\/\/truusk.store\/sv\/wp-json\/wp\/v2\/product"}],"about":[{"href":"https:\/\/truusk.store\/sv\/wp-json\/wp\/v2\/types\/product"}],"wp:featuredmedia":[{"embeddable":true,"href":"https:\/\/truusk.store\/sv\/wp-json\/wp\/v2\/media\/62287"}],"wp:attachment":[{"href":"https:\/\/truusk.store\/sv\/wp-json\/wp\/v2\/media?parent=62296"}],"wp:term":[{"taxonomy":"product_brand","embeddable":true,"href":"https:\/\/truusk.store\/sv\/wp-json\/wp\/v2\/product_brand?post=62296"},{"taxonomy":"product_cat","embeddable":true,"href":"https:\/\/truusk.store\/sv\/wp-json\/wp\/v2\/product_cat?post=62296"},{"taxonomy":"product_tag","embeddable":true,"href":"https:\/\/truusk.store\/sv\/wp-json\/wp\/v2\/product_tag?post=62296"}],"curies":[{"name":"wp","href":"https:\/\/api.w.org\/{rel}","templated":true}]}}