{"id":62426,"date":"2025-06-05T06:03:30","date_gmt":"2025-06-05T05:03:30","guid":{"rendered":"https:\/\/truusk.store\/product\/klostrad-takhogt-kattrad-230-250-cm-klattertrad-med-hangmatta-justerbar-hojd-kattrad-lektrad-med-kipp-skydd-plysch-ekkramvit\/"},"modified":"2026-03-12T09:41:31","modified_gmt":"2026-03-12T08:41:31","slug":"truusk-klostrad-takhogt-kattrad-justerbar-hojd-lektrad-med-hangmatta-plysch-ekkramvit","status":"publish","type":"product","link":"https:\/\/truusk.store\/sv\/produkt\/truusk-klostrad-takhogt-kattrad-justerbar-hojd-lektrad-med-hangmatta-plysch-ekkramvit\/","title":{"rendered":"TRUUSK Kl\u00f6str\u00e4d &#8211; Takh\u00f6gt Kattr\u00e4d &#8211; Justerbar H\u00f6jd &#8211; Lektr\u00e4d Med H\u00e4ngmatta &#8211; Plysch &#8211; Ek+Kr\u00e4mvit"},"content":{"rendered":"<p>Ge din lurviga v\u00e4n det paradis han f\u00f6rtj\u00e4nar! V\u00e5r takh\u00f6ga kl\u00e4tterst\u00e4llning erbjuder flera plattformar f\u00f6r vila och solning, perfekt f\u00f6r aktiva katthush\u00e5ll. Den gener\u00f6sa kl\u00f6syta p\u00e5 den takh\u00f6ga kl\u00e4tterst\u00e4llningen g\u00f6r det m\u00f6jligt f\u00f6r dina favoriter att str\u00e4cka ut sig och v\u00e4ssa sina klor. Dina katter kommer att \u00e4lska denna kl\u00e4tterst\u00e4llning och ha fantastiskt roligt. Skapa ett hem fullt av \u00e4ventyr och avkoppling f\u00f6r dina sammetstassar!<\/p>\n<p>Beskrivning:<\/p>\n<ul>\n<li> Justerbar h\u00f6jd p\u00e5 kl\u00e4tterst\u00e4llningen fr\u00e5n 230 till 250 cm<\/li>\n<li> En anti-tipps\u00e4kring f\u00f6r kl\u00e4tterst\u00e4llningen f\u00f6r s\u00e4kerhet ing\u00e5r<\/li>\n<li> Sisalrepstolpen p\u00e5 den takh\u00f6ga kl\u00e4tterst\u00e4llningen tillfredsst\u00e4ller dina katters behov av att kl\u00f6sa<\/li>\n<li> Tillverkad av tr\u00e4material f\u00f6r stabil st\u00e5nd<\/li>\n<li> Kl\u00e4dd med mjukt och bekv\u00e4mt plyschtyg<\/li>\n<li> Montering kr\u00e4vs<\/li>\n<\/ul>\n<p> Tekniska data:<\/p>\n<ul>\n<li> F\u00e4rg: Ek+Cremevit<\/li>\n<li> Material: Sp\u00e5nskiva, Polyester, Sisal<\/li>\n<li> Totala m\u00e5tt: 40L x 40B x 230-250H cm<\/li>\n<li> Storlek p\u00e5 basen: 40L x 40B cm<\/li>\n<li> Sittst\u00e5ngsstorlek: \u00d834 cm<\/li>\n<li> Kuddstorlek: 32,5L x 20B x 0,5H cm<\/li>\n<li> H\u00e4ngmattestorlek: \u00d830 x 12H cm<\/li>\n<li> Stolpstorlek: \u00d88,5 cm<\/li>\n<li> Kattens b\u00e4rkapacitet: under 5 kg<\/li>\n<\/ul>\n<p> Leveransinneh\u00e5ll:<\/p>\n<ul>\n<li> 1 x Kl\u00e4tterst\u00e4llning<\/li>\n<li> 1 x Handbok<\/li>\n<\/ul>\n","protected":false},"excerpt":{"rendered":"<p>Ge din lurviga v\u00e4n det paradis han f\u00f6rtj\u00e4nar! V\u00e5r takh\u00f6ga kl\u00e4tterst\u00e4llning erbjuder flera plattformar f\u00f6r vila och solning, perfekt f\u00f6r&#8230;<\/p>\n","protected":false},"featured_media":62417,"template":"","meta":[],"product_brand":[],"product_cat":[947,588,879],"product_tag":[],"class_list":{"0":"post-62426","1":"product","2":"type-product","3":"status-publish","4":"has-post-thumbnail","6":"product_cat-djurtillbehor","7":"product_cat-katttillbehor","8":"product_cat-klostrad","10":"first","11":"instock","12":"sale","13":"taxable","14":"shipping-taxable","15":"purchasable","16":"product-type-simple"},"yoast_head":"<!-- This site is optimized with the Yoast SEO plugin v25.4 - https:\/\/yoast.com\/wordpress\/plugins\/seo\/ -->\n<title>TRUUSK Kl\u00f6str\u00e4d - Takh\u00f6gt Kattr\u00e4d - Justerbar H\u00f6jd - Lektr\u00e4d Med H\u00e4ngmatta - Plysch - Ek+Kr\u00e4mvit - TRUUSK - Hem, Tr\u00e4dg\u00e5rd &amp; Fritid<\/title>\n<meta name=\"robots\" content=\"index, follow, max-snippet:-1, max-image-preview:large, max-video-preview:-1\" \/>\n<link rel=\"canonical\" href=\"https:\/\/truusk.store\/sv\/produkt\/truusk-klostrad-takhogt-kattrad-justerbar-hojd-lektrad-med-hangmatta-plysch-ekkramvit\/\" \/>\n<meta property=\"og:locale\" content=\"sv_SE\" \/>\n<meta property=\"og:type\" content=\"article\" \/>\n<meta property=\"og:title\" content=\"TRUUSK Kl\u00f6str\u00e4d - Takh\u00f6gt Kattr\u00e4d - Justerbar H\u00f6jd - Lektr\u00e4d Med H\u00e4ngmatta - Plysch - Ek+Kr\u00e4mvit - TRUUSK - Hem, Tr\u00e4dg\u00e5rd &amp; Fritid\" \/>\n<meta property=\"og:description\" content=\"Ge din lurviga v\u00e4n det paradis han f\u00f6rtj\u00e4nar! V\u00e5r takh\u00f6ga kl\u00e4tterst\u00e4llning erbjuder flera plattformar f\u00f6r vila och solning, perfekt f\u00f6r...\" \/>\n<meta property=\"og:url\" content=\"https:\/\/truusk.store\/sv\/produkt\/truusk-klostrad-takhogt-kattrad-justerbar-hojd-lektrad-med-hangmatta-plysch-ekkramvit\/\" \/>\n<meta property=\"og:site_name\" content=\"TRUUSK - Hem, Tr\u00e4dg\u00e5rd &amp; Fritid\" \/>\n<meta property=\"article:modified_time\" content=\"2026-03-12T08:41:31+00:00\" \/>\n<meta property=\"og:image\" content=\"https:\/\/i0.wp.com\/truusk.se\/wp-content\/uploads\/2025\/06\/klostrad-takhogt-kattrad-230-250-cm-klattertrad-med-hangmatta-justerbar-hojd-kattrad-lektrad-med-kipp-skydd-plysch-ekkramvit-1.webp?fit=2000%2C2000&ssl=1\" \/>\n\t<meta property=\"og:image:width\" content=\"2000\" \/>\n\t<meta property=\"og:image:height\" content=\"2000\" \/>\n\t<meta property=\"og:image:type\" content=\"image\/webp\" \/>\n<meta name=\"twitter:card\" content=\"summary_large_image\" \/>\n<meta name=\"twitter:label1\" content=\"Ber\u00e4knad l\u00e4stid\" \/>\n\t<meta name=\"twitter:data1\" content=\"1 minut\" \/>\n<!-- \/ Yoast SEO plugin. -->","yoast_head_json":{"title":"TRUUSK Kl\u00f6str\u00e4d - Takh\u00f6gt Kattr\u00e4d - Justerbar H\u00f6jd - Lektr\u00e4d Med H\u00e4ngmatta - Plysch - Ek+Kr\u00e4mvit - TRUUSK - Hem, Tr\u00e4dg\u00e5rd &amp; Fritid","robots":{"index":"index","follow":"follow","max-snippet":"max-snippet:-1","max-image-preview":"max-image-preview:large","max-video-preview":"max-video-preview:-1"},"canonical":"https:\/\/truusk.store\/sv\/produkt\/truusk-klostrad-takhogt-kattrad-justerbar-hojd-lektrad-med-hangmatta-plysch-ekkramvit\/","og_locale":"sv_SE","og_type":"article","og_title":"TRUUSK Kl\u00f6str\u00e4d - Takh\u00f6gt Kattr\u00e4d - Justerbar H\u00f6jd - Lektr\u00e4d Med H\u00e4ngmatta - Plysch - Ek+Kr\u00e4mvit - TRUUSK - Hem, Tr\u00e4dg\u00e5rd &amp; Fritid","og_description":"Ge din lurviga v\u00e4n det paradis han f\u00f6rtj\u00e4nar! V\u00e5r takh\u00f6ga kl\u00e4tterst\u00e4llning erbjuder flera plattformar f\u00f6r vila och solning, perfekt f\u00f6r...","og_url":"https:\/\/truusk.store\/sv\/produkt\/truusk-klostrad-takhogt-kattrad-justerbar-hojd-lektrad-med-hangmatta-plysch-ekkramvit\/","og_site_name":"TRUUSK - Hem, Tr\u00e4dg\u00e5rd &amp; Fritid","article_modified_time":"2026-03-12T08:41:31+00:00","og_image":[{"width":2000,"height":2000,"url":"https:\/\/i0.wp.com\/truusk.se\/wp-content\/uploads\/2025\/06\/klostrad-takhogt-kattrad-230-250-cm-klattertrad-med-hangmatta-justerbar-hojd-kattrad-lektrad-med-kipp-skydd-plysch-ekkramvit-1.webp?fit=2000%2C2000&ssl=1","type":"image\/webp"}],"twitter_card":"summary_large_image","twitter_misc":{"Ber\u00e4knad l\u00e4stid":"1 minut"},"schema":{"@context":"https:\/\/schema.org","@graph":[{"@type":"WebPage","@id":"https:\/\/truusk.store\/sv\/produkt\/truusk-klostrad-takhogt-kattrad-justerbar-hojd-lektrad-med-hangmatta-plysch-ekkramvit\/","url":"https:\/\/truusk.store\/sv\/produkt\/truusk-klostrad-takhogt-kattrad-justerbar-hojd-lektrad-med-hangmatta-plysch-ekkramvit\/","name":"TRUUSK Kl\u00f6str\u00e4d - Takh\u00f6gt Kattr\u00e4d - Justerbar H\u00f6jd - Lektr\u00e4d Med H\u00e4ngmatta - Plysch - Ek+Kr\u00e4mvit - TRUUSK - Hem, Tr\u00e4dg\u00e5rd &amp; Fritid","isPartOf":{"@id":"https:\/\/truusk.store\/sv\/#website"},"primaryImageOfPage":{"@id":"https:\/\/truusk.store\/sv\/produkt\/truusk-klostrad-takhogt-kattrad-justerbar-hojd-lektrad-med-hangmatta-plysch-ekkramvit\/#primaryimage"},"image":{"@id":"https:\/\/truusk.store\/sv\/produkt\/truusk-klostrad-takhogt-kattrad-justerbar-hojd-lektrad-med-hangmatta-plysch-ekkramvit\/#primaryimage"},"thumbnailUrl":"https:\/\/i0.wp.com\/truusk.store\/wp-content\/uploads\/2025\/06\/klostrad-takhogt-kattrad-230-250-cm-klattertrad-med-hangmatta-justerbar-hojd-kattrad-lektrad-med-kipp-skydd-plysch-ekkramvit-1.webp?fit=2000%2C2000&ssl=1","datePublished":"2025-06-05T05:03:30+00:00","dateModified":"2026-03-12T08:41:31+00:00","breadcrumb":{"@id":"https:\/\/truusk.store\/sv\/produkt\/truusk-klostrad-takhogt-kattrad-justerbar-hojd-lektrad-med-hangmatta-plysch-ekkramvit\/#breadcrumb"},"inLanguage":"sv-SE","potentialAction":[{"@type":"ReadAction","target":["https:\/\/truusk.store\/sv\/produkt\/truusk-klostrad-takhogt-kattrad-justerbar-hojd-lektrad-med-hangmatta-plysch-ekkramvit\/"]}]},{"@type":"ImageObject","inLanguage":"sv-SE","@id":"https:\/\/truusk.store\/sv\/produkt\/truusk-klostrad-takhogt-kattrad-justerbar-hojd-lektrad-med-hangmatta-plysch-ekkramvit\/#primaryimage","url":"https:\/\/i0.wp.com\/truusk.store\/wp-content\/uploads\/2025\/06\/klostrad-takhogt-kattrad-230-250-cm-klattertrad-med-hangmatta-justerbar-hojd-kattrad-lektrad-med-kipp-skydd-plysch-ekkramvit-1.webp?fit=2000%2C2000&ssl=1","contentUrl":"https:\/\/i0.wp.com\/truusk.store\/wp-content\/uploads\/2025\/06\/klostrad-takhogt-kattrad-230-250-cm-klattertrad-med-hangmatta-justerbar-hojd-kattrad-lektrad-med-kipp-skydd-plysch-ekkramvit-1.webp?fit=2000%2C2000&ssl=1","width":2000,"height":2000},{"@type":"BreadcrumbList","@id":"https:\/\/truusk.store\/sv\/produkt\/truusk-klostrad-takhogt-kattrad-justerbar-hojd-lektrad-med-hangmatta-plysch-ekkramvit\/#breadcrumb","itemListElement":[{"@type":"ListItem","position":1,"name":"Home","item":"https:\/\/truusk.store\/sv\/"},{"@type":"ListItem","position":2,"name":"Shop","item":"https:\/\/truusk.store\/shop\/"},{"@type":"ListItem","position":3,"name":"TRUUSK Kl\u00f6str\u00e4d &#8211; Takh\u00f6gt Kattr\u00e4d &#8211; Justerbar H\u00f6jd &#8211; Lektr\u00e4d Med H\u00e4ngmatta &#8211; Plysch &#8211; Ek+Kr\u00e4mvit"}]},{"@type":"WebSite","@id":"https:\/\/truusk.store\/sv\/#website","url":"https:\/\/truusk.store\/sv\/","name":"TRUUSK - Hem, Tr\u00e4dg\u00e5rd & Fritid","description":"","publisher":{"@id":"https:\/\/truusk.store\/sv\/#organization"},"potentialAction":[{"@type":"SearchAction","target":{"@type":"EntryPoint","urlTemplate":"https:\/\/truusk.store\/sv\/?s={search_term_string}"},"query-input":{"@type":"PropertyValueSpecification","valueRequired":true,"valueName":"search_term_string"}}],"inLanguage":"sv-SE"},{"@type":"Organization","@id":"https:\/\/truusk.store\/sv\/#organization","name":"TRUUSK - Hem, Tr\u00e4dg\u00e5rd & Fritid","url":"https:\/\/truusk.store\/sv\/","logo":{"@type":"ImageObject","inLanguage":"sv-SE","@id":"https:\/\/truusk.store\/sv\/#\/schema\/logo\/image\/","url":"https:\/\/i0.wp.com\/truusk.store\/wp-content\/uploads\/2026\/03\/cropped-TRUUSK.png?fit=2032%2C917&ssl=1","contentUrl":"https:\/\/i0.wp.com\/truusk.store\/wp-content\/uploads\/2026\/03\/cropped-TRUUSK.png?fit=2032%2C917&ssl=1","width":2032,"height":917,"caption":"TRUUSK - Hem, Tr\u00e4dg\u00e5rd & Fritid"},"image":{"@id":"https:\/\/truusk.store\/sv\/#\/schema\/logo\/image\/"}}]}},"jetpack_sharing_enabled":true,"_links":{"self":[{"href":"https:\/\/truusk.store\/sv\/wp-json\/wp\/v2\/product\/62426","targetHints":{"allow":["GET"]}}],"collection":[{"href":"https:\/\/truusk.store\/sv\/wp-json\/wp\/v2\/product"}],"about":[{"href":"https:\/\/truusk.store\/sv\/wp-json\/wp\/v2\/types\/product"}],"wp:featuredmedia":[{"embeddable":true,"href":"https:\/\/truusk.store\/sv\/wp-json\/wp\/v2\/media\/62417"}],"wp:attachment":[{"href":"https:\/\/truusk.store\/sv\/wp-json\/wp\/v2\/media?parent=62426"}],"wp:term":[{"taxonomy":"product_brand","embeddable":true,"href":"https:\/\/truusk.store\/sv\/wp-json\/wp\/v2\/product_brand?post=62426"},{"taxonomy":"product_cat","embeddable":true,"href":"https:\/\/truusk.store\/sv\/wp-json\/wp\/v2\/product_cat?post=62426"},{"taxonomy":"product_tag","embeddable":true,"href":"https:\/\/truusk.store\/sv\/wp-json\/wp\/v2\/product_tag?post=62426"}],"curies":[{"name":"wp","href":"https:\/\/api.w.org\/{rel}","templated":true}]}}