{"id":62456,"date":"2025-06-05T06:06:27","date_gmt":"2025-06-05T05:06:27","guid":{"rendered":"https:\/\/truusk.store\/product\/aiyaplay-sminkbord-for-barn-med-spegel-led-ljus-musik-kosmetikbord-med-kran-tillbehor-for-barn-3-6-ar-lila\/"},"modified":"2026-03-12T09:43:15","modified_gmt":"2026-03-12T08:43:15","slug":"truusk-sminkbord-for-barn-led-ljus-musik-kosmetikbord-med-spegel-lila-for-barn-3-6-ar","status":"publish","type":"product","link":"https:\/\/truusk.store\/sv\/produkt\/truusk-sminkbord-for-barn-led-ljus-musik-kosmetikbord-med-spegel-lila-for-barn-3-6-ar\/","title":{"rendered":"TRUUSK Sminkbord f\u00f6r Barn &#8211; LED-ljus &#8211; Musik &#8211; Kosmetikbord med Spegel &#8211; Lila &#8211; F\u00f6r Barn 3-6 \u00e5r"},"content":{"rendered":"<p>F\u00f6rvandla ditt barns lektid till en magisk upplevelse med AIYAPLAY barnens sminkbord. Detta har en spegel med magiska LED-ljus och musik som g\u00f6r leken levande. Kranen, som faktiskt sprutar vatten, ger extra roligt. Med en speciell plats f\u00f6r handdukar och en beh\u00e5llare f\u00f6r desinfektionsmedel kombinerar detta sminkbordssats funktionalitet och s\u00e4kerhet.<\/p>\n<p>Beskrivning:<\/p>\n<ul>\n<li> Komplett sminkbordssats berikar leken med m\u00e5nga tillbeh\u00f6r<\/li>\n<li> Spegel med LED-ljus och musik f\u00f6r interaktiv roligt<\/li>\n<li> Automatisk sensor kran ger vatten och simulerar en realistisk upplevelse<\/li>\n<li> Handduken h\u00e4nger bekv\u00e4mt p\u00e5 spegelns v\u00e4nstra sida<\/li>\n<li> Sminkbordets handfat \u00e4r utrustat med en beh\u00e5llare f\u00f6r desinfektionsmedel, vilket g\u00f6r det enkelt att ta ut<\/li>\n<li> Material som akrylspegeln s\u00e4kerst\u00e4ller s\u00e4ker anv\u00e4ndning<\/li>\n<li> Montering kr\u00e4vs<\/li>\n<\/ul>\n<p>Tekniska data:<\/p>\n<ul>\n<li> F\u00e4rg: Lila<\/li>\n<li> Material: Plast, akryl<\/li>\n<li> Totala dimensioner: 55L x 29B x 71H cm<\/li>\n<li> Bordsh\u00f6jd: 41H cm<\/li>\n<li> Handfat: 12L x 5B x 7H cm<\/li>\n<li> Presentl\u00e5da: 70L x 9B x 55H cm<\/li>\n<li> Standard\u00e5lder: 3+ \u00e5r<\/li>\n<li> Rekommenderad \u00e5lder: 3-6 \u00e5r<\/li>\n<li> Obs: N\u00f6dv\u00e4ndiga 3 x AA-batterier ing\u00e5r inte<\/li>\n<\/ul>\n<p>Leverans inneh\u00e5ller:<\/p>\n<ul>\n<li> 1 x Barn sminkbordssats<\/li>\n<li> 1 x Instruktioner<\/li>\n<\/ul>\n","protected":false},"excerpt":{"rendered":"<p>F\u00f6rvandla ditt barns lektid till en magisk upplevelse med AIYAPLAY barnens sminkbord. Detta har en spegel med magiska LED-ljus och&#8230;<\/p>\n","protected":false},"featured_media":62447,"template":"","meta":[],"product_brand":[],"product_cat":[880,633,631],"product_tag":[],"class_list":{"0":"post-62456","1":"product","2":"type-product","3":"status-publish","4":"has-post-thumbnail","6":"product_cat-baby-barn-2","7":"product_cat-barnbord","8":"product_cat-barnmobler","10":"first","11":"instock","12":"sale","13":"taxable","14":"shipping-taxable","15":"purchasable","16":"product-type-simple"},"yoast_head":"<!-- This site is optimized with the Yoast SEO plugin v25.4 - https:\/\/yoast.com\/wordpress\/plugins\/seo\/ -->\n<title>TRUUSK Sminkbord f\u00f6r Barn - LED-ljus - Musik - Kosmetikbord med Spegel - Lila - F\u00f6r Barn 3-6 \u00e5r - TRUUSK - Hem, Tr\u00e4dg\u00e5rd &amp; Fritid<\/title>\n<meta name=\"robots\" content=\"index, follow, max-snippet:-1, max-image-preview:large, max-video-preview:-1\" \/>\n<link rel=\"canonical\" href=\"https:\/\/truusk.store\/sv\/produkt\/truusk-sminkbord-for-barn-led-ljus-musik-kosmetikbord-med-spegel-lila-for-barn-3-6-ar\/\" \/>\n<meta property=\"og:locale\" content=\"sv_SE\" \/>\n<meta property=\"og:type\" content=\"article\" \/>\n<meta property=\"og:title\" content=\"TRUUSK Sminkbord f\u00f6r Barn - LED-ljus - Musik - Kosmetikbord med Spegel - Lila - F\u00f6r Barn 3-6 \u00e5r - TRUUSK - Hem, Tr\u00e4dg\u00e5rd &amp; Fritid\" \/>\n<meta property=\"og:description\" content=\"F\u00f6rvandla ditt barns lektid till en magisk upplevelse med AIYAPLAY barnens sminkbord. Detta har en spegel med magiska LED-ljus och...\" \/>\n<meta property=\"og:url\" content=\"https:\/\/truusk.store\/sv\/produkt\/truusk-sminkbord-for-barn-led-ljus-musik-kosmetikbord-med-spegel-lila-for-barn-3-6-ar\/\" \/>\n<meta property=\"og:site_name\" content=\"TRUUSK - Hem, Tr\u00e4dg\u00e5rd &amp; Fritid\" \/>\n<meta property=\"article:modified_time\" content=\"2026-03-12T08:43:15+00:00\" \/>\n<meta property=\"og:image\" content=\"https:\/\/i0.wp.com\/truusk.se\/wp-content\/uploads\/2025\/06\/aiyaplay-sminkbord-for-barn-med-spegel-led-ljus-musik-kosmetikbord-med-kran-tillbehor-for-barn-3-6-ar-lila-1.webp?fit=2000%2C2000&ssl=1\" \/>\n\t<meta property=\"og:image:width\" content=\"2000\" \/>\n\t<meta property=\"og:image:height\" content=\"2000\" \/>\n\t<meta property=\"og:image:type\" content=\"image\/webp\" \/>\n<meta name=\"twitter:card\" content=\"summary_large_image\" \/>\n<meta name=\"twitter:label1\" content=\"Ber\u00e4knad l\u00e4stid\" \/>\n\t<meta name=\"twitter:data1\" content=\"1 minut\" \/>\n<!-- \/ Yoast SEO plugin. -->","yoast_head_json":{"title":"TRUUSK Sminkbord f\u00f6r Barn - LED-ljus - Musik - Kosmetikbord med Spegel - Lila - F\u00f6r Barn 3-6 \u00e5r - TRUUSK - Hem, Tr\u00e4dg\u00e5rd &amp; Fritid","robots":{"index":"index","follow":"follow","max-snippet":"max-snippet:-1","max-image-preview":"max-image-preview:large","max-video-preview":"max-video-preview:-1"},"canonical":"https:\/\/truusk.store\/sv\/produkt\/truusk-sminkbord-for-barn-led-ljus-musik-kosmetikbord-med-spegel-lila-for-barn-3-6-ar\/","og_locale":"sv_SE","og_type":"article","og_title":"TRUUSK Sminkbord f\u00f6r Barn - LED-ljus - Musik - Kosmetikbord med Spegel - Lila - F\u00f6r Barn 3-6 \u00e5r - TRUUSK - Hem, Tr\u00e4dg\u00e5rd &amp; Fritid","og_description":"F\u00f6rvandla ditt barns lektid till en magisk upplevelse med AIYAPLAY barnens sminkbord. Detta har en spegel med magiska LED-ljus och...","og_url":"https:\/\/truusk.store\/sv\/produkt\/truusk-sminkbord-for-barn-led-ljus-musik-kosmetikbord-med-spegel-lila-for-barn-3-6-ar\/","og_site_name":"TRUUSK - Hem, Tr\u00e4dg\u00e5rd &amp; Fritid","article_modified_time":"2026-03-12T08:43:15+00:00","og_image":[{"width":2000,"height":2000,"url":"https:\/\/i0.wp.com\/truusk.se\/wp-content\/uploads\/2025\/06\/aiyaplay-sminkbord-for-barn-med-spegel-led-ljus-musik-kosmetikbord-med-kran-tillbehor-for-barn-3-6-ar-lila-1.webp?fit=2000%2C2000&ssl=1","type":"image\/webp"}],"twitter_card":"summary_large_image","twitter_misc":{"Ber\u00e4knad l\u00e4stid":"1 minut"},"schema":{"@context":"https:\/\/schema.org","@graph":[{"@type":"WebPage","@id":"https:\/\/truusk.store\/sv\/produkt\/truusk-sminkbord-for-barn-led-ljus-musik-kosmetikbord-med-spegel-lila-for-barn-3-6-ar\/","url":"https:\/\/truusk.store\/sv\/produkt\/truusk-sminkbord-for-barn-led-ljus-musik-kosmetikbord-med-spegel-lila-for-barn-3-6-ar\/","name":"TRUUSK Sminkbord f\u00f6r Barn - LED-ljus - Musik - Kosmetikbord med Spegel - Lila - F\u00f6r Barn 3-6 \u00e5r - TRUUSK - Hem, Tr\u00e4dg\u00e5rd &amp; Fritid","isPartOf":{"@id":"https:\/\/truusk.store\/sv\/#website"},"primaryImageOfPage":{"@id":"https:\/\/truusk.store\/sv\/produkt\/truusk-sminkbord-for-barn-led-ljus-musik-kosmetikbord-med-spegel-lila-for-barn-3-6-ar\/#primaryimage"},"image":{"@id":"https:\/\/truusk.store\/sv\/produkt\/truusk-sminkbord-for-barn-led-ljus-musik-kosmetikbord-med-spegel-lila-for-barn-3-6-ar\/#primaryimage"},"thumbnailUrl":"https:\/\/i0.wp.com\/truusk.store\/wp-content\/uploads\/2025\/06\/aiyaplay-sminkbord-for-barn-med-spegel-led-ljus-musik-kosmetikbord-med-kran-tillbehor-for-barn-3-6-ar-lila-1.webp?fit=2000%2C2000&ssl=1","datePublished":"2025-06-05T05:06:27+00:00","dateModified":"2026-03-12T08:43:15+00:00","breadcrumb":{"@id":"https:\/\/truusk.store\/sv\/produkt\/truusk-sminkbord-for-barn-led-ljus-musik-kosmetikbord-med-spegel-lila-for-barn-3-6-ar\/#breadcrumb"},"inLanguage":"sv-SE","potentialAction":[{"@type":"ReadAction","target":["https:\/\/truusk.store\/sv\/produkt\/truusk-sminkbord-for-barn-led-ljus-musik-kosmetikbord-med-spegel-lila-for-barn-3-6-ar\/"]}]},{"@type":"ImageObject","inLanguage":"sv-SE","@id":"https:\/\/truusk.store\/sv\/produkt\/truusk-sminkbord-for-barn-led-ljus-musik-kosmetikbord-med-spegel-lila-for-barn-3-6-ar\/#primaryimage","url":"https:\/\/i0.wp.com\/truusk.store\/wp-content\/uploads\/2025\/06\/aiyaplay-sminkbord-for-barn-med-spegel-led-ljus-musik-kosmetikbord-med-kran-tillbehor-for-barn-3-6-ar-lila-1.webp?fit=2000%2C2000&ssl=1","contentUrl":"https:\/\/i0.wp.com\/truusk.store\/wp-content\/uploads\/2025\/06\/aiyaplay-sminkbord-for-barn-med-spegel-led-ljus-musik-kosmetikbord-med-kran-tillbehor-for-barn-3-6-ar-lila-1.webp?fit=2000%2C2000&ssl=1","width":2000,"height":2000},{"@type":"BreadcrumbList","@id":"https:\/\/truusk.store\/sv\/produkt\/truusk-sminkbord-for-barn-led-ljus-musik-kosmetikbord-med-spegel-lila-for-barn-3-6-ar\/#breadcrumb","itemListElement":[{"@type":"ListItem","position":1,"name":"Home","item":"https:\/\/truusk.store\/sv\/"},{"@type":"ListItem","position":2,"name":"Shop","item":"https:\/\/truusk.store\/shop\/"},{"@type":"ListItem","position":3,"name":"TRUUSK Sminkbord f\u00f6r Barn &#8211; LED-ljus &#8211; Musik &#8211; Kosmetikbord med Spegel &#8211; Lila &#8211; F\u00f6r Barn 3-6 \u00e5r"}]},{"@type":"WebSite","@id":"https:\/\/truusk.store\/sv\/#website","url":"https:\/\/truusk.store\/sv\/","name":"TRUUSK - Hem, Tr\u00e4dg\u00e5rd & Fritid","description":"","publisher":{"@id":"https:\/\/truusk.store\/sv\/#organization"},"potentialAction":[{"@type":"SearchAction","target":{"@type":"EntryPoint","urlTemplate":"https:\/\/truusk.store\/sv\/?s={search_term_string}"},"query-input":{"@type":"PropertyValueSpecification","valueRequired":true,"valueName":"search_term_string"}}],"inLanguage":"sv-SE"},{"@type":"Organization","@id":"https:\/\/truusk.store\/sv\/#organization","name":"TRUUSK - Hem, Tr\u00e4dg\u00e5rd & Fritid","url":"https:\/\/truusk.store\/sv\/","logo":{"@type":"ImageObject","inLanguage":"sv-SE","@id":"https:\/\/truusk.store\/sv\/#\/schema\/logo\/image\/","url":"https:\/\/i0.wp.com\/truusk.store\/wp-content\/uploads\/2026\/03\/cropped-TRUUSK.png?fit=2032%2C917&ssl=1","contentUrl":"https:\/\/i0.wp.com\/truusk.store\/wp-content\/uploads\/2026\/03\/cropped-TRUUSK.png?fit=2032%2C917&ssl=1","width":2032,"height":917,"caption":"TRUUSK - Hem, Tr\u00e4dg\u00e5rd & Fritid"},"image":{"@id":"https:\/\/truusk.store\/sv\/#\/schema\/logo\/image\/"}}]}},"jetpack_sharing_enabled":true,"_links":{"self":[{"href":"https:\/\/truusk.store\/sv\/wp-json\/wp\/v2\/product\/62456","targetHints":{"allow":["GET"]}}],"collection":[{"href":"https:\/\/truusk.store\/sv\/wp-json\/wp\/v2\/product"}],"about":[{"href":"https:\/\/truusk.store\/sv\/wp-json\/wp\/v2\/types\/product"}],"wp:featuredmedia":[{"embeddable":true,"href":"https:\/\/truusk.store\/sv\/wp-json\/wp\/v2\/media\/62447"}],"wp:attachment":[{"href":"https:\/\/truusk.store\/sv\/wp-json\/wp\/v2\/media?parent=62456"}],"wp:term":[{"taxonomy":"product_brand","embeddable":true,"href":"https:\/\/truusk.store\/sv\/wp-json\/wp\/v2\/product_brand?post=62456"},{"taxonomy":"product_cat","embeddable":true,"href":"https:\/\/truusk.store\/sv\/wp-json\/wp\/v2\/product_cat?post=62456"},{"taxonomy":"product_tag","embeddable":true,"href":"https:\/\/truusk.store\/sv\/wp-json\/wp\/v2\/product_tag?post=62456"}],"curies":[{"name":"wp","href":"https:\/\/api.w.org\/{rel}","templated":true}]}}