{"id":62476,"date":"2025-06-05T06:08:36","date_gmt":"2025-06-05T05:08:36","guid":{"rendered":"https:\/\/truusk.store\/product\/hundbur-for-hemmet-lasbar-hundkoja-med-kudde-hundlada-med-dorr-hundhus-for-medelstora-hundar-under-15-kg-ek-86-x-60-x-70-cm\/"},"modified":"2026-03-12T09:41:31","modified_gmt":"2026-03-12T08:41:31","slug":"truusk-lasbar-hundkoja-med-kudde-hundlada-med-dorr-hundhus-for-hundar-under-15-kg-ek-86x60x70-cm","status":"publish","type":"product","link":"https:\/\/truusk.store\/sv\/produkt\/truusk-lasbar-hundkoja-med-kudde-hundlada-med-dorr-hundhus-for-hundar-under-15-kg-ek-86x60x70-cm\/","title":{"rendered":"TRUUSK L\u00e5sbar Hundkoja Med Kudde &#8211; Hundl\u00e5da Med D\u00f6rr &#8211; Hundhus F\u00f6r Hundar Under 15 Kg &#8211; Ek &#8211; 86x60x70 cm"},"content":{"rendered":"<p>Letar du efter en mysig tillflyktsort f\u00f6r din hund? TRUUSK hundbur erbjuder precis det! Utrustad med en mjuk kudde, ger hundkojan h\u00f6gsta komfort. De robusta metallgallren garanterar optimal ventilation och l\u00e5ter dig alltid ha en titt p\u00e5 din \u00e4lskling. Tillverkad av stabil st\u00e5l och tr\u00e4material, \u00e4r denna hundbur f\u00f6r hemmet idealisk f\u00f6r medelstora hundar. Ge din fyrbenta v\u00e4n ett s\u00e4kert och bekv\u00e4mt hem!<\/p>\n<p>Beskrivning:<\/p>\n<ul>\n<li> Varje st\u00e5ng \u00e4r fast svetsad till ramen f\u00f6r s\u00e4kerhet<\/li>\n<li> Inkluderar avtagbar, tv\u00e4ttbar och l\u00e4ttsk\u00f6tt kudde<\/li>\n<li> En burd\u00f6rr p\u00e5 hundburen med l\u00e5s, f\u00f6r \u00f6kad s\u00e4kerhet<\/li>\n<li> Metallgallren p\u00e5 hundburm\u00f6beln ger god ventilation inuti<\/li>\n<li> Idealisk f\u00f6r medelstora hundar upp till 15 kg, kroppsl\u00e4ngden b\u00f6r inte \u00f6verstiga 70 cm<\/li>\n<li> Montering kr\u00e4vs<\/li>\n<li> Obs: Med st\u00e4ngda d\u00f6rrar \u00e4r denna hundbur endast l\u00e4mplig f\u00f6r kortvarig inkvartering eller f\u00f6r transport av din hund. Hundar b\u00f6r aldrig h\u00e5llas i en st\u00e4ngd bur under en l\u00e4ngre tid<\/li>\n<\/ul>\n<p> Tekniska data:<\/p>\n<ul>\n<li> F\u00e4rg: Vit+Ek<\/li>\n<li> Material: St\u00e5l, Sp\u00e5nskiva, Polyester<\/li>\n<li> Totala m\u00e5tt: 86L x 60B x 70H cm<\/li>\n<li> Burstorlek inuti: 79L x 54B x 55H cm<\/li>\n<li> Kuddstorlek: 78L x 54B x 3H cm<\/li>\n<li> Storlek p\u00e5 fr\u00e4mre d\u00f6rren: 39,5L x 52H cm<\/li>\n<li> Avst\u00e5nd: 3 cm<\/li>\n<li> H\u00f6jd p\u00e5 foten fr\u00e5n golvet: 12 cm<\/li>\n<li> B\u00e4rkapacitet: 80 kg(\u00f6vre), 40 kg(inre)<\/li>\n<\/ul>\n<p>Leveransinneh\u00e5ll:<\/p>\n<ul>\n<li> 1 x Hundbur<\/li>\n<li> 1 x Instruktioner<\/li>\n<\/ul>\n","protected":false},"excerpt":{"rendered":"<p>Letar du efter en mysig tillflyktsort f\u00f6r din hund? TRUUSK hundbur erbjuder precis det! Utrustad med en mjuk kudde, ger&#8230;<\/p>\n","protected":false},"featured_media":62467,"template":"","meta":[],"product_brand":[],"product_cat":[878,583,574],"product_tag":[],"class_list":{"0":"post-62476","1":"product","2":"type-product","3":"status-publish","4":"has-post-thumbnail","6":"product_cat-djurbehov","7":"product_cat-hundburar","8":"product_cat-hundtillbehor","10":"first","11":"instock","12":"sale","13":"taxable","14":"shipping-taxable","15":"purchasable","16":"product-type-simple"},"yoast_head":"<!-- This site is optimized with the Yoast SEO plugin v25.4 - https:\/\/yoast.com\/wordpress\/plugins\/seo\/ -->\n<title>TRUUSK L\u00e5sbar Hundkoja Med Kudde - Hundl\u00e5da Med D\u00f6rr - Hundhus F\u00f6r Hundar Under 15 Kg - Ek - 86x60x70 cm - TRUUSK - Hem, Tr\u00e4dg\u00e5rd &amp; Fritid<\/title>\n<meta name=\"robots\" content=\"index, follow, max-snippet:-1, max-image-preview:large, max-video-preview:-1\" \/>\n<link rel=\"canonical\" href=\"https:\/\/truusk.store\/sv\/produkt\/truusk-lasbar-hundkoja-med-kudde-hundlada-med-dorr-hundhus-for-hundar-under-15-kg-ek-86x60x70-cm\/\" \/>\n<meta property=\"og:locale\" content=\"sv_SE\" \/>\n<meta property=\"og:type\" content=\"article\" \/>\n<meta property=\"og:title\" content=\"TRUUSK L\u00e5sbar Hundkoja Med Kudde - Hundl\u00e5da Med D\u00f6rr - Hundhus F\u00f6r Hundar Under 15 Kg - Ek - 86x60x70 cm - TRUUSK - Hem, Tr\u00e4dg\u00e5rd &amp; Fritid\" \/>\n<meta property=\"og:description\" content=\"Letar du efter en mysig tillflyktsort f\u00f6r din hund? TRUUSK hundbur erbjuder precis det! Utrustad med en mjuk kudde, ger...\" \/>\n<meta property=\"og:url\" content=\"https:\/\/truusk.store\/sv\/produkt\/truusk-lasbar-hundkoja-med-kudde-hundlada-med-dorr-hundhus-for-hundar-under-15-kg-ek-86x60x70-cm\/\" \/>\n<meta property=\"og:site_name\" content=\"TRUUSK - Hem, Tr\u00e4dg\u00e5rd &amp; Fritid\" \/>\n<meta property=\"article:modified_time\" content=\"2026-03-12T08:41:31+00:00\" \/>\n<meta property=\"og:image\" content=\"https:\/\/i0.wp.com\/truusk.se\/wp-content\/uploads\/2025\/06\/hundbur-for-hemmet-lasbar-hundkoja-med-kudde-hundlada-med-dorr-hundhus-for-medelstora-hundar-under-15-kg-ek-86-x-60-x-70-cm-1.webp?fit=2000%2C2000&ssl=1\" \/>\n\t<meta property=\"og:image:width\" content=\"2000\" \/>\n\t<meta property=\"og:image:height\" content=\"2000\" \/>\n\t<meta property=\"og:image:type\" content=\"image\/webp\" \/>\n<meta name=\"twitter:card\" content=\"summary_large_image\" \/>\n<meta name=\"twitter:label1\" content=\"Ber\u00e4knad l\u00e4stid\" \/>\n\t<meta name=\"twitter:data1\" content=\"1 minut\" \/>\n<!-- \/ Yoast SEO plugin. -->","yoast_head_json":{"title":"TRUUSK L\u00e5sbar Hundkoja Med Kudde - Hundl\u00e5da Med D\u00f6rr - Hundhus F\u00f6r Hundar Under 15 Kg - Ek - 86x60x70 cm - TRUUSK - Hem, Tr\u00e4dg\u00e5rd &amp; Fritid","robots":{"index":"index","follow":"follow","max-snippet":"max-snippet:-1","max-image-preview":"max-image-preview:large","max-video-preview":"max-video-preview:-1"},"canonical":"https:\/\/truusk.store\/sv\/produkt\/truusk-lasbar-hundkoja-med-kudde-hundlada-med-dorr-hundhus-for-hundar-under-15-kg-ek-86x60x70-cm\/","og_locale":"sv_SE","og_type":"article","og_title":"TRUUSK L\u00e5sbar Hundkoja Med Kudde - Hundl\u00e5da Med D\u00f6rr - Hundhus F\u00f6r Hundar Under 15 Kg - Ek - 86x60x70 cm - TRUUSK - Hem, Tr\u00e4dg\u00e5rd &amp; Fritid","og_description":"Letar du efter en mysig tillflyktsort f\u00f6r din hund? TRUUSK hundbur erbjuder precis det! Utrustad med en mjuk kudde, ger...","og_url":"https:\/\/truusk.store\/sv\/produkt\/truusk-lasbar-hundkoja-med-kudde-hundlada-med-dorr-hundhus-for-hundar-under-15-kg-ek-86x60x70-cm\/","og_site_name":"TRUUSK - Hem, Tr\u00e4dg\u00e5rd &amp; Fritid","article_modified_time":"2026-03-12T08:41:31+00:00","og_image":[{"width":2000,"height":2000,"url":"https:\/\/i0.wp.com\/truusk.se\/wp-content\/uploads\/2025\/06\/hundbur-for-hemmet-lasbar-hundkoja-med-kudde-hundlada-med-dorr-hundhus-for-medelstora-hundar-under-15-kg-ek-86-x-60-x-70-cm-1.webp?fit=2000%2C2000&ssl=1","type":"image\/webp"}],"twitter_card":"summary_large_image","twitter_misc":{"Ber\u00e4knad l\u00e4stid":"1 minut"},"schema":{"@context":"https:\/\/schema.org","@graph":[{"@type":"WebPage","@id":"https:\/\/truusk.store\/sv\/produkt\/truusk-lasbar-hundkoja-med-kudde-hundlada-med-dorr-hundhus-for-hundar-under-15-kg-ek-86x60x70-cm\/","url":"https:\/\/truusk.store\/sv\/produkt\/truusk-lasbar-hundkoja-med-kudde-hundlada-med-dorr-hundhus-for-hundar-under-15-kg-ek-86x60x70-cm\/","name":"TRUUSK L\u00e5sbar Hundkoja Med Kudde - Hundl\u00e5da Med D\u00f6rr - Hundhus F\u00f6r Hundar Under 15 Kg - Ek - 86x60x70 cm - TRUUSK - Hem, Tr\u00e4dg\u00e5rd &amp; Fritid","isPartOf":{"@id":"https:\/\/truusk.store\/sv\/#website"},"primaryImageOfPage":{"@id":"https:\/\/truusk.store\/sv\/produkt\/truusk-lasbar-hundkoja-med-kudde-hundlada-med-dorr-hundhus-for-hundar-under-15-kg-ek-86x60x70-cm\/#primaryimage"},"image":{"@id":"https:\/\/truusk.store\/sv\/produkt\/truusk-lasbar-hundkoja-med-kudde-hundlada-med-dorr-hundhus-for-hundar-under-15-kg-ek-86x60x70-cm\/#primaryimage"},"thumbnailUrl":"https:\/\/i0.wp.com\/truusk.store\/wp-content\/uploads\/2025\/06\/hundbur-for-hemmet-lasbar-hundkoja-med-kudde-hundlada-med-dorr-hundhus-for-medelstora-hundar-under-15-kg-ek-86-x-60-x-70-cm-1.webp?fit=2000%2C2000&ssl=1","datePublished":"2025-06-05T05:08:36+00:00","dateModified":"2026-03-12T08:41:31+00:00","breadcrumb":{"@id":"https:\/\/truusk.store\/sv\/produkt\/truusk-lasbar-hundkoja-med-kudde-hundlada-med-dorr-hundhus-for-hundar-under-15-kg-ek-86x60x70-cm\/#breadcrumb"},"inLanguage":"sv-SE","potentialAction":[{"@type":"ReadAction","target":["https:\/\/truusk.store\/sv\/produkt\/truusk-lasbar-hundkoja-med-kudde-hundlada-med-dorr-hundhus-for-hundar-under-15-kg-ek-86x60x70-cm\/"]}]},{"@type":"ImageObject","inLanguage":"sv-SE","@id":"https:\/\/truusk.store\/sv\/produkt\/truusk-lasbar-hundkoja-med-kudde-hundlada-med-dorr-hundhus-for-hundar-under-15-kg-ek-86x60x70-cm\/#primaryimage","url":"https:\/\/i0.wp.com\/truusk.store\/wp-content\/uploads\/2025\/06\/hundbur-for-hemmet-lasbar-hundkoja-med-kudde-hundlada-med-dorr-hundhus-for-medelstora-hundar-under-15-kg-ek-86-x-60-x-70-cm-1.webp?fit=2000%2C2000&ssl=1","contentUrl":"https:\/\/i0.wp.com\/truusk.store\/wp-content\/uploads\/2025\/06\/hundbur-for-hemmet-lasbar-hundkoja-med-kudde-hundlada-med-dorr-hundhus-for-medelstora-hundar-under-15-kg-ek-86-x-60-x-70-cm-1.webp?fit=2000%2C2000&ssl=1","width":2000,"height":2000},{"@type":"BreadcrumbList","@id":"https:\/\/truusk.store\/sv\/produkt\/truusk-lasbar-hundkoja-med-kudde-hundlada-med-dorr-hundhus-for-hundar-under-15-kg-ek-86x60x70-cm\/#breadcrumb","itemListElement":[{"@type":"ListItem","position":1,"name":"Home","item":"https:\/\/truusk.store\/sv\/"},{"@type":"ListItem","position":2,"name":"Shop","item":"https:\/\/truusk.store\/shop\/"},{"@type":"ListItem","position":3,"name":"TRUUSK L\u00e5sbar Hundkoja Med Kudde &#8211; Hundl\u00e5da Med D\u00f6rr &#8211; Hundhus F\u00f6r Hundar Under 15 Kg &#8211; Ek &#8211; 86x60x70 cm"}]},{"@type":"WebSite","@id":"https:\/\/truusk.store\/sv\/#website","url":"https:\/\/truusk.store\/sv\/","name":"TRUUSK - Hem, Tr\u00e4dg\u00e5rd & Fritid","description":"","publisher":{"@id":"https:\/\/truusk.store\/sv\/#organization"},"potentialAction":[{"@type":"SearchAction","target":{"@type":"EntryPoint","urlTemplate":"https:\/\/truusk.store\/sv\/?s={search_term_string}"},"query-input":{"@type":"PropertyValueSpecification","valueRequired":true,"valueName":"search_term_string"}}],"inLanguage":"sv-SE"},{"@type":"Organization","@id":"https:\/\/truusk.store\/sv\/#organization","name":"TRUUSK - Hem, Tr\u00e4dg\u00e5rd & Fritid","url":"https:\/\/truusk.store\/sv\/","logo":{"@type":"ImageObject","inLanguage":"sv-SE","@id":"https:\/\/truusk.store\/sv\/#\/schema\/logo\/image\/","url":"https:\/\/i0.wp.com\/truusk.store\/wp-content\/uploads\/2026\/03\/cropped-TRUUSK.png?fit=2032%2C917&ssl=1","contentUrl":"https:\/\/i0.wp.com\/truusk.store\/wp-content\/uploads\/2026\/03\/cropped-TRUUSK.png?fit=2032%2C917&ssl=1","width":2032,"height":917,"caption":"TRUUSK - Hem, Tr\u00e4dg\u00e5rd & Fritid"},"image":{"@id":"https:\/\/truusk.store\/sv\/#\/schema\/logo\/image\/"}}]}},"jetpack_sharing_enabled":true,"_links":{"self":[{"href":"https:\/\/truusk.store\/sv\/wp-json\/wp\/v2\/product\/62476","targetHints":{"allow":["GET"]}}],"collection":[{"href":"https:\/\/truusk.store\/sv\/wp-json\/wp\/v2\/product"}],"about":[{"href":"https:\/\/truusk.store\/sv\/wp-json\/wp\/v2\/types\/product"}],"wp:featuredmedia":[{"embeddable":true,"href":"https:\/\/truusk.store\/sv\/wp-json\/wp\/v2\/media\/62467"}],"wp:attachment":[{"href":"https:\/\/truusk.store\/sv\/wp-json\/wp\/v2\/media?parent=62476"}],"wp:term":[{"taxonomy":"product_brand","embeddable":true,"href":"https:\/\/truusk.store\/sv\/wp-json\/wp\/v2\/product_brand?post=62476"},{"taxonomy":"product_cat","embeddable":true,"href":"https:\/\/truusk.store\/sv\/wp-json\/wp\/v2\/product_cat?post=62476"},{"taxonomy":"product_tag","embeddable":true,"href":"https:\/\/truusk.store\/sv\/wp-json\/wp\/v2\/product_tag?post=62476"}],"curies":[{"name":"wp","href":"https:\/\/api.w.org\/{rel}","templated":true}]}}