{"id":62566,"date":"2025-06-05T06:17:31","date_gmt":"2025-06-05T05:17:31","guid":{"rendered":"https:\/\/truusk.store\/product\/matstation-hojd-matstation-med-2l-rostfritt-stal-matbal-forvaringsutrymme-dubbeldorr-med-las-hundbar-for-extra-stora-hundar-vit\/"},"modified":"2026-03-12T09:31:17","modified_gmt":"2026-03-12T08:31:17","slug":"truusk-hundmatstation-justerbar-hojd-2l-rostfritt-stal-matskal-forvaringsutrymme-dubbeldorr-med-las-vit","status":"publish","type":"product","link":"https:\/\/truusk.store\/sv\/produkt\/truusk-hundmatstation-justerbar-hojd-2l-rostfritt-stal-matskal-forvaringsutrymme-dubbeldorr-med-las-vit\/","title":{"rendered":"TRUUSK Hundmatstation &#8211; Justerbar h\u00f6jd &#8211; 2L rostfritt st\u00e5l matsk\u00e5l &#8211; F\u00f6rvaringsutrymme &#8211; Dubbeld\u00f6rr med l\u00e5s &#8211; Vit"},"content":{"rendered":"<p>F\u00f6rb\u00e4ttra din hunds \u00e4tupplevelse med den upph\u00f6jda hundsk\u00e5lssetet fr\u00e5n TRUUSK! Denna stiliga matstation fr\u00e4mjar en h\u00e4lsosammare \u00e4tposition och minskar belastningen p\u00e5 nacken f\u00f6r stora hundar. Den eleganta st\u00e4llningen f\u00f6r hundsk\u00e5len s\u00e4kerst\u00e4ller stabila m\u00e5ltider och passar s\u00f6ml\u00f6st in i din inredning. G\u00f6r matningen till en trevlig upplevelse f\u00f6r din fyrbenta v\u00e4n och f\u00f6rsk\u00f6na samtidigt ditt hem!<\/p>\n<p>Beskrivning:<\/p>\n<ul>\n<li> Tv\u00e5 avtagbara rostfria sk\u00e5lar f\u00f6r mat och vatten<\/li>\n<li> Kapaciteten p\u00e5 en enskild sk\u00e5l \u00e4r 2000 ml<\/li>\n<li> Upph\u00f6jd design st\u00f6djer dina husdjurs h\u00e5llning<\/li>\n<li> S\u00e4kra d\u00f6rrarna med en sp\u00e4rr f\u00f6r att f\u00f6rhindra att djur \u00f6ppnar dem<\/li>\n<li> Elegant utseende, passar din inredning<\/li>\n<li> L\u00e4mplig f\u00f6r mycket stora hundar med en skulderh\u00f6jd mellan 60 och 75 cm<\/li>\n<li> Montering kr\u00e4vs<\/li>\n<\/ul>\n<p> Tekniska data:<\/p>\n<ul>\n<li> F\u00e4rg: Vit<\/li>\n<li> Material: MDF, rostfritt st\u00e5l<\/li>\n<li> M\u00e5tt: 60L x 30B x 43H cm<\/li>\n<li> \u00d6vre h\u00e5l: \u00d822 cm<\/li>\n<li> Sk\u00e5l: \u00d824 cm<\/li>\n<li> Kapacitet f\u00f6r en sk\u00e5l: 2000 ml<\/li>\n<li> Enkel d\u00f6rr: 24,5L x 28,5H cm<\/li>\n<li> F\u00f6rvaringsutrymme: 55L x 25B x 27H cm<\/li>\n<li> F\u00f6rvaringskapacitet: 37 L<\/li>\n<li> B\u00e4rkapacitet: 20 kg (ovanp\u00e5), 10 kg (inuti)<\/li>\n<\/ul>\n<p> Leveransinneh\u00e5ll:<\/p>\n<ul>\n<li> 1 x Matstation<\/li>\n<li> 1 x Handbok<\/li>\n<\/ul>\n","protected":false},"excerpt":{"rendered":"<p>F\u00f6rb\u00e4ttra din hunds \u00e4tupplevelse med den upph\u00f6jda hundsk\u00e5lssetet fr\u00e5n TRUUSK! Denna stiliga matstation fr\u00e4mjar en h\u00e4lsosammare \u00e4tposition och minskar belastningen&#8230;<\/p>\n","protected":false},"featured_media":62557,"template":"","meta":[],"product_brand":[],"product_cat":[947,574,580],"product_tag":[],"class_list":{"0":"post-62566","1":"product","2":"type-product","3":"status-publish","4":"has-post-thumbnail","6":"product_cat-djurtillbehor","7":"product_cat-hundtillbehor","8":"product_cat-matskalar","10":"first","11":"instock","12":"sale","13":"taxable","14":"shipping-taxable","15":"purchasable","16":"product-type-simple"},"yoast_head":"<!-- This site is optimized with the Yoast SEO plugin v25.4 - https:\/\/yoast.com\/wordpress\/plugins\/seo\/ -->\n<title>TRUUSK Hundmatstation - Justerbar h\u00f6jd - 2L rostfritt st\u00e5l matsk\u00e5l - F\u00f6rvaringsutrymme - Dubbeld\u00f6rr med l\u00e5s - Vit - TRUUSK - Hem, Tr\u00e4dg\u00e5rd &amp; Fritid<\/title>\n<meta name=\"robots\" content=\"index, follow, max-snippet:-1, max-image-preview:large, max-video-preview:-1\" \/>\n<link rel=\"canonical\" href=\"https:\/\/truusk.store\/sv\/produkt\/truusk-hundmatstation-justerbar-hojd-2l-rostfritt-stal-matskal-forvaringsutrymme-dubbeldorr-med-las-vit\/\" \/>\n<meta property=\"og:locale\" content=\"sv_SE\" \/>\n<meta property=\"og:type\" content=\"article\" \/>\n<meta property=\"og:title\" content=\"TRUUSK Hundmatstation - Justerbar h\u00f6jd - 2L rostfritt st\u00e5l matsk\u00e5l - F\u00f6rvaringsutrymme - Dubbeld\u00f6rr med l\u00e5s - Vit - TRUUSK - Hem, Tr\u00e4dg\u00e5rd &amp; Fritid\" \/>\n<meta property=\"og:description\" content=\"F\u00f6rb\u00e4ttra din hunds \u00e4tupplevelse med den upph\u00f6jda hundsk\u00e5lssetet fr\u00e5n TRUUSK! Denna stiliga matstation fr\u00e4mjar en h\u00e4lsosammare \u00e4tposition och minskar belastningen...\" \/>\n<meta property=\"og:url\" content=\"https:\/\/truusk.store\/sv\/produkt\/truusk-hundmatstation-justerbar-hojd-2l-rostfritt-stal-matskal-forvaringsutrymme-dubbeldorr-med-las-vit\/\" \/>\n<meta property=\"og:site_name\" content=\"TRUUSK - Hem, Tr\u00e4dg\u00e5rd &amp; Fritid\" \/>\n<meta property=\"article:modified_time\" content=\"2026-03-12T08:31:17+00:00\" \/>\n<meta property=\"og:image\" content=\"https:\/\/i0.wp.com\/truusk.se\/wp-content\/uploads\/2025\/06\/matstation-hojd-matstation-med-2l-rostfritt-stal-matbal-forvaringsutrymme-dubbeldorr-med-las-hundbar-for-extra-stora-hundar-vit-1.webp?fit=2000%2C2000&ssl=1\" \/>\n\t<meta property=\"og:image:width\" content=\"2000\" \/>\n\t<meta property=\"og:image:height\" content=\"2000\" \/>\n\t<meta property=\"og:image:type\" content=\"image\/webp\" \/>\n<meta name=\"twitter:card\" content=\"summary_large_image\" \/>\n<meta name=\"twitter:label1\" content=\"Ber\u00e4knad l\u00e4stid\" \/>\n\t<meta name=\"twitter:data1\" content=\"1 minut\" \/>\n<!-- \/ Yoast SEO plugin. -->","yoast_head_json":{"title":"TRUUSK Hundmatstation - Justerbar h\u00f6jd - 2L rostfritt st\u00e5l matsk\u00e5l - F\u00f6rvaringsutrymme - Dubbeld\u00f6rr med l\u00e5s - Vit - TRUUSK - Hem, Tr\u00e4dg\u00e5rd &amp; Fritid","robots":{"index":"index","follow":"follow","max-snippet":"max-snippet:-1","max-image-preview":"max-image-preview:large","max-video-preview":"max-video-preview:-1"},"canonical":"https:\/\/truusk.store\/sv\/produkt\/truusk-hundmatstation-justerbar-hojd-2l-rostfritt-stal-matskal-forvaringsutrymme-dubbeldorr-med-las-vit\/","og_locale":"sv_SE","og_type":"article","og_title":"TRUUSK Hundmatstation - Justerbar h\u00f6jd - 2L rostfritt st\u00e5l matsk\u00e5l - F\u00f6rvaringsutrymme - Dubbeld\u00f6rr med l\u00e5s - Vit - TRUUSK - Hem, Tr\u00e4dg\u00e5rd &amp; Fritid","og_description":"F\u00f6rb\u00e4ttra din hunds \u00e4tupplevelse med den upph\u00f6jda hundsk\u00e5lssetet fr\u00e5n TRUUSK! Denna stiliga matstation fr\u00e4mjar en h\u00e4lsosammare \u00e4tposition och minskar belastningen...","og_url":"https:\/\/truusk.store\/sv\/produkt\/truusk-hundmatstation-justerbar-hojd-2l-rostfritt-stal-matskal-forvaringsutrymme-dubbeldorr-med-las-vit\/","og_site_name":"TRUUSK - Hem, Tr\u00e4dg\u00e5rd &amp; Fritid","article_modified_time":"2026-03-12T08:31:17+00:00","og_image":[{"width":2000,"height":2000,"url":"https:\/\/i0.wp.com\/truusk.se\/wp-content\/uploads\/2025\/06\/matstation-hojd-matstation-med-2l-rostfritt-stal-matbal-forvaringsutrymme-dubbeldorr-med-las-hundbar-for-extra-stora-hundar-vit-1.webp?fit=2000%2C2000&ssl=1","type":"image\/webp"}],"twitter_card":"summary_large_image","twitter_misc":{"Ber\u00e4knad l\u00e4stid":"1 minut"},"schema":{"@context":"https:\/\/schema.org","@graph":[{"@type":"WebPage","@id":"https:\/\/truusk.store\/sv\/produkt\/truusk-hundmatstation-justerbar-hojd-2l-rostfritt-stal-matskal-forvaringsutrymme-dubbeldorr-med-las-vit\/","url":"https:\/\/truusk.store\/sv\/produkt\/truusk-hundmatstation-justerbar-hojd-2l-rostfritt-stal-matskal-forvaringsutrymme-dubbeldorr-med-las-vit\/","name":"TRUUSK Hundmatstation - Justerbar h\u00f6jd - 2L rostfritt st\u00e5l matsk\u00e5l - F\u00f6rvaringsutrymme - Dubbeld\u00f6rr med l\u00e5s - Vit - TRUUSK - Hem, Tr\u00e4dg\u00e5rd &amp; Fritid","isPartOf":{"@id":"https:\/\/truusk.store\/sv\/#website"},"primaryImageOfPage":{"@id":"https:\/\/truusk.store\/sv\/produkt\/truusk-hundmatstation-justerbar-hojd-2l-rostfritt-stal-matskal-forvaringsutrymme-dubbeldorr-med-las-vit\/#primaryimage"},"image":{"@id":"https:\/\/truusk.store\/sv\/produkt\/truusk-hundmatstation-justerbar-hojd-2l-rostfritt-stal-matskal-forvaringsutrymme-dubbeldorr-med-las-vit\/#primaryimage"},"thumbnailUrl":"https:\/\/i0.wp.com\/truusk.store\/wp-content\/uploads\/2025\/06\/matstation-hojd-matstation-med-2l-rostfritt-stal-matbal-forvaringsutrymme-dubbeldorr-med-las-hundbar-for-extra-stora-hundar-vit-1.webp?fit=2000%2C2000&ssl=1","datePublished":"2025-06-05T05:17:31+00:00","dateModified":"2026-03-12T08:31:17+00:00","breadcrumb":{"@id":"https:\/\/truusk.store\/sv\/produkt\/truusk-hundmatstation-justerbar-hojd-2l-rostfritt-stal-matskal-forvaringsutrymme-dubbeldorr-med-las-vit\/#breadcrumb"},"inLanguage":"sv-SE","potentialAction":[{"@type":"ReadAction","target":["https:\/\/truusk.store\/sv\/produkt\/truusk-hundmatstation-justerbar-hojd-2l-rostfritt-stal-matskal-forvaringsutrymme-dubbeldorr-med-las-vit\/"]}]},{"@type":"ImageObject","inLanguage":"sv-SE","@id":"https:\/\/truusk.store\/sv\/produkt\/truusk-hundmatstation-justerbar-hojd-2l-rostfritt-stal-matskal-forvaringsutrymme-dubbeldorr-med-las-vit\/#primaryimage","url":"https:\/\/i0.wp.com\/truusk.store\/wp-content\/uploads\/2025\/06\/matstation-hojd-matstation-med-2l-rostfritt-stal-matbal-forvaringsutrymme-dubbeldorr-med-las-hundbar-for-extra-stora-hundar-vit-1.webp?fit=2000%2C2000&ssl=1","contentUrl":"https:\/\/i0.wp.com\/truusk.store\/wp-content\/uploads\/2025\/06\/matstation-hojd-matstation-med-2l-rostfritt-stal-matbal-forvaringsutrymme-dubbeldorr-med-las-hundbar-for-extra-stora-hundar-vit-1.webp?fit=2000%2C2000&ssl=1","width":2000,"height":2000},{"@type":"BreadcrumbList","@id":"https:\/\/truusk.store\/sv\/produkt\/truusk-hundmatstation-justerbar-hojd-2l-rostfritt-stal-matskal-forvaringsutrymme-dubbeldorr-med-las-vit\/#breadcrumb","itemListElement":[{"@type":"ListItem","position":1,"name":"Home","item":"https:\/\/truusk.store\/sv\/"},{"@type":"ListItem","position":2,"name":"Shop","item":"https:\/\/truusk.store\/shop\/"},{"@type":"ListItem","position":3,"name":"TRUUSK Hundmatstation &#8211; Justerbar h\u00f6jd &#8211; 2L rostfritt st\u00e5l matsk\u00e5l &#8211; F\u00f6rvaringsutrymme &#8211; Dubbeld\u00f6rr med l\u00e5s &#8211; Vit"}]},{"@type":"WebSite","@id":"https:\/\/truusk.store\/sv\/#website","url":"https:\/\/truusk.store\/sv\/","name":"TRUUSK - Hem, Tr\u00e4dg\u00e5rd & Fritid","description":"","publisher":{"@id":"https:\/\/truusk.store\/sv\/#organization"},"potentialAction":[{"@type":"SearchAction","target":{"@type":"EntryPoint","urlTemplate":"https:\/\/truusk.store\/sv\/?s={search_term_string}"},"query-input":{"@type":"PropertyValueSpecification","valueRequired":true,"valueName":"search_term_string"}}],"inLanguage":"sv-SE"},{"@type":"Organization","@id":"https:\/\/truusk.store\/sv\/#organization","name":"TRUUSK - Hem, Tr\u00e4dg\u00e5rd & Fritid","url":"https:\/\/truusk.store\/sv\/","logo":{"@type":"ImageObject","inLanguage":"sv-SE","@id":"https:\/\/truusk.store\/sv\/#\/schema\/logo\/image\/","url":"https:\/\/i0.wp.com\/truusk.store\/wp-content\/uploads\/2026\/03\/cropped-TRUUSK.png?fit=2032%2C917&ssl=1","contentUrl":"https:\/\/i0.wp.com\/truusk.store\/wp-content\/uploads\/2026\/03\/cropped-TRUUSK.png?fit=2032%2C917&ssl=1","width":2032,"height":917,"caption":"TRUUSK - Hem, Tr\u00e4dg\u00e5rd & Fritid"},"image":{"@id":"https:\/\/truusk.store\/sv\/#\/schema\/logo\/image\/"}}]}},"jetpack_sharing_enabled":true,"_links":{"self":[{"href":"https:\/\/truusk.store\/sv\/wp-json\/wp\/v2\/product\/62566","targetHints":{"allow":["GET"]}}],"collection":[{"href":"https:\/\/truusk.store\/sv\/wp-json\/wp\/v2\/product"}],"about":[{"href":"https:\/\/truusk.store\/sv\/wp-json\/wp\/v2\/types\/product"}],"wp:featuredmedia":[{"embeddable":true,"href":"https:\/\/truusk.store\/sv\/wp-json\/wp\/v2\/media\/62557"}],"wp:attachment":[{"href":"https:\/\/truusk.store\/sv\/wp-json\/wp\/v2\/media?parent=62566"}],"wp:term":[{"taxonomy":"product_brand","embeddable":true,"href":"https:\/\/truusk.store\/sv\/wp-json\/wp\/v2\/product_brand?post=62566"},{"taxonomy":"product_cat","embeddable":true,"href":"https:\/\/truusk.store\/sv\/wp-json\/wp\/v2\/product_cat?post=62566"},{"taxonomy":"product_tag","embeddable":true,"href":"https:\/\/truusk.store\/sv\/wp-json\/wp\/v2\/product_tag?post=62566"}],"curies":[{"name":"wp","href":"https:\/\/api.w.org\/{rel}","templated":true}]}}