{"id":62576,"date":"2025-06-05T06:18:39","date_gmt":"2025-06-05T05:18:39","guid":{"rendered":"https:\/\/truusk.store\/product\/aiyaplay-barns-elektriska-bil-12v-med-fjarrkontroll-musik-elektriskt-fordon-med-ljus-usb-mp3-anslutning-backfunktion-upp-till-5-km-h-for-barn-3-6-ar-svart\/"},"modified":"2026-03-12T09:44:14","modified_gmt":"2026-03-12T08:44:14","slug":"truusk-elektrisk-bil-for-barn-12v-med-fjarrkontroll-musik-och-ljus-usb-mp3-anslutning-backfunktion-upp-till-5-km-h","status":"publish","type":"product","link":"https:\/\/truusk.store\/sv\/produkt\/truusk-elektrisk-bil-for-barn-12v-med-fjarrkontroll-musik-och-ljus-usb-mp3-anslutning-backfunktion-upp-till-5-km-h\/","title":{"rendered":"TRUUSK Elektrisk Bil f\u00f6r Barn 12V med Fj\u00e4rrkontroll &#8211; Musik och Ljus &#8211; USB\/MP3-Anslutning &#8211; Backfunktion &#8211; Upp till 5 km\/h &#8211;"},"content":{"rendered":"<p>Med AIYAPLAY barnens elbil, licensierad av Mercedes-benz AMG CLA 45, upplever dina sm\u00e5 s\u00e4rskilda \u00e4ventyr. Elbilen erbjuder gnistrande LED-lampor och en inbyggd horn samt ett musiksystem f\u00f6r ultimat k\u00f6rnjutning. V\u00e4lj mellan fj\u00e4rrstyrning eller manuell k\u00f6rning och l\u00e5t dina barn glatt k\u00f6ra runt i sin egen elbil.<\/p>\n<p>Beskrivning:<\/p>\n<ul>\n<li> Mercedes-benz AMG CLA 45-licensen garanterar en autentisk designreplik<\/li>\n<li> Avtagbara transportrullar g\u00f6r det enkelt f\u00f6r f\u00f6r\u00e4ldrarna att flytta n\u00e4r drivningen \u00e4r avst\u00e4ngd<\/li>\n<li> LED-lampor, horn och musikalternativ f\u00f6r elbilen \u00f6kar underh\u00e5llningsv\u00e4rdet<\/li>\n<li> Fj\u00e4dringssystemet p\u00e5 elbilen i bakhjulen f\u00f6rb\u00e4ttrar k\u00f6rkomforten<\/li>\n<li> V\u00e4lj mellan fj\u00e4rrstyrning eller manuell k\u00f6rl\u00e4ge<\/li>\n<li> Batteriindikatorn p\u00e5 elbilen hj\u00e4lper till att h\u00e5lla koll p\u00e5 energiniv\u00e5n<\/li>\n<li> Montering kr\u00e4vs, fr\u00e4mjar en praktisk byggupplevelse<\/li>\n<\/ul>\n<p> Tekniska data:<\/p>\n<ul>\n<li> F\u00e4rg: Svart<\/li>\n<li> Material: Plast, metall<\/li>\n<li> Totala dimensioner: 110L x 61B x 45H cm<\/li>\n<li> Sitsstorlek: 30B x 22T cm<\/li>\n<li> Sitth\u00f6jd: 21 cm (till golvet)<\/li>\n<li> Hjuldiameter: \u00d819 cm<\/li>\n<li> Fj\u00e4rrkontrollradie: \u226515 m<\/li>\n<li> Batteri: 12V 4,5AH<\/li>\n<li> Motor: 2 x 12V<\/li>\n<li> Laddningstid: 8-10 timmar (f\u00f6rsta g\u00e5ngen), 8-12 timmar (regelbundet)<\/li>\n<li> Drifttid: 45 Min<\/li>\n<li> Hastighet: 3-5 km\/h<\/li>\n<li> Belastningskapacitet: 30 kg<\/li>\n<li> L\u00e4mplig \u00e5lder: 3-6 \u00e5r gammal<\/li>\n<li> Registreringsskylt: 13,4L x 2,2B cm<\/li>\n<li> Notera:1, \u00d6vervaka alltid dina barn n\u00e4r de k\u00f6r<\/li>\n<li>2, 2 x 1,5V AAA batterier f\u00f6r fj\u00e4rrkontroll (ing\u00e5r ej)<\/li>\n<\/ul>\n<p>Leveransinneh\u00e5ll:<\/p>\n<ul>\n<li> 1 x Elektrisk barnbil<\/li>\n<li> 1 x Fj\u00e4rrkontroll<\/li>\n<li> 1 x Bruksanvisning<\/li>\n<\/ul>\n","protected":false},"excerpt":{"rendered":"<p>Med AIYAPLAY barnens elbil, licensierad av Mercedes-benz AMG CLA 45, upplever dina sm\u00e5 s\u00e4rskilda \u00e4ventyr. Elbilen erbjuder gnistrande LED-lampor och&#8230;<\/p>\n","protected":false},"featured_media":62567,"template":"","meta":[],"product_brand":[],"product_cat":[880,610,925],"product_tag":[],"class_list":{"0":"post-62576","1":"product","2":"type-product","3":"status-publish","4":"has-post-thumbnail","6":"product_cat-baby-barn-2","7":"product_cat-barnfordon","8":"product_cat-barns-elektriska-fordon","10":"first","11":"instock","12":"sale","13":"taxable","14":"shipping-taxable","15":"purchasable","16":"product-type-simple"},"yoast_head":"<!-- This site is optimized with the Yoast SEO plugin v25.4 - https:\/\/yoast.com\/wordpress\/plugins\/seo\/ -->\n<title>TRUUSK Elektrisk Bil f\u00f6r Barn 12V med Fj\u00e4rrkontroll - Musik och Ljus - USB\/MP3-Anslutning - Backfunktion - Upp till 5 km\/h - TRUUSK - Hem, Tr\u00e4dg\u00e5rd &amp; Fritid<\/title>\n<meta name=\"robots\" content=\"index, follow, max-snippet:-1, max-image-preview:large, max-video-preview:-1\" \/>\n<link rel=\"canonical\" href=\"https:\/\/truusk.store\/sv\/produkt\/truusk-elektrisk-bil-for-barn-12v-med-fjarrkontroll-musik-och-ljus-usb-mp3-anslutning-backfunktion-upp-till-5-km-h\/\" \/>\n<meta property=\"og:locale\" content=\"sv_SE\" \/>\n<meta property=\"og:type\" content=\"article\" \/>\n<meta property=\"og:title\" content=\"TRUUSK Elektrisk Bil f\u00f6r Barn 12V med Fj\u00e4rrkontroll - Musik och Ljus - USB\/MP3-Anslutning - Backfunktion - Upp till 5 km\/h - TRUUSK - Hem, Tr\u00e4dg\u00e5rd &amp; Fritid\" \/>\n<meta property=\"og:description\" content=\"Med AIYAPLAY barnens elbil, licensierad av Mercedes-benz AMG CLA 45, upplever dina sm\u00e5 s\u00e4rskilda \u00e4ventyr. Elbilen erbjuder gnistrande LED-lampor och...\" \/>\n<meta property=\"og:url\" content=\"https:\/\/truusk.store\/sv\/produkt\/truusk-elektrisk-bil-for-barn-12v-med-fjarrkontroll-musik-och-ljus-usb-mp3-anslutning-backfunktion-upp-till-5-km-h\/\" \/>\n<meta property=\"og:site_name\" content=\"TRUUSK - Hem, Tr\u00e4dg\u00e5rd &amp; Fritid\" \/>\n<meta property=\"article:modified_time\" content=\"2026-03-12T08:44:14+00:00\" \/>\n<meta property=\"og:image\" content=\"https:\/\/i0.wp.com\/truusk.se\/wp-content\/uploads\/2025\/06\/aiyaplay-barns-elektriska-bil-12v-med-fjarrkontroll-musik-elektriskt-fordon-med-ljus-usb-mp3-anslutning-backfunktion-upp-till-5-km-h-for-barn-3-6-ar-svart-1.webp?fit=2000%2C2000&ssl=1\" \/>\n\t<meta property=\"og:image:width\" content=\"2000\" \/>\n\t<meta property=\"og:image:height\" content=\"2000\" \/>\n\t<meta property=\"og:image:type\" content=\"image\/webp\" \/>\n<meta name=\"twitter:card\" content=\"summary_large_image\" \/>\n<meta name=\"twitter:label1\" content=\"Ber\u00e4knad l\u00e4stid\" \/>\n\t<meta name=\"twitter:data1\" content=\"1 minut\" \/>\n<!-- \/ Yoast SEO plugin. -->","yoast_head_json":{"title":"TRUUSK Elektrisk Bil f\u00f6r Barn 12V med Fj\u00e4rrkontroll - Musik och Ljus - USB\/MP3-Anslutning - Backfunktion - Upp till 5 km\/h - TRUUSK - Hem, Tr\u00e4dg\u00e5rd &amp; Fritid","robots":{"index":"index","follow":"follow","max-snippet":"max-snippet:-1","max-image-preview":"max-image-preview:large","max-video-preview":"max-video-preview:-1"},"canonical":"https:\/\/truusk.store\/sv\/produkt\/truusk-elektrisk-bil-for-barn-12v-med-fjarrkontroll-musik-och-ljus-usb-mp3-anslutning-backfunktion-upp-till-5-km-h\/","og_locale":"sv_SE","og_type":"article","og_title":"TRUUSK Elektrisk Bil f\u00f6r Barn 12V med Fj\u00e4rrkontroll - Musik och Ljus - USB\/MP3-Anslutning - Backfunktion - Upp till 5 km\/h - TRUUSK - Hem, Tr\u00e4dg\u00e5rd &amp; Fritid","og_description":"Med AIYAPLAY barnens elbil, licensierad av Mercedes-benz AMG CLA 45, upplever dina sm\u00e5 s\u00e4rskilda \u00e4ventyr. Elbilen erbjuder gnistrande LED-lampor och...","og_url":"https:\/\/truusk.store\/sv\/produkt\/truusk-elektrisk-bil-for-barn-12v-med-fjarrkontroll-musik-och-ljus-usb-mp3-anslutning-backfunktion-upp-till-5-km-h\/","og_site_name":"TRUUSK - Hem, Tr\u00e4dg\u00e5rd &amp; Fritid","article_modified_time":"2026-03-12T08:44:14+00:00","og_image":[{"width":2000,"height":2000,"url":"https:\/\/i0.wp.com\/truusk.se\/wp-content\/uploads\/2025\/06\/aiyaplay-barns-elektriska-bil-12v-med-fjarrkontroll-musik-elektriskt-fordon-med-ljus-usb-mp3-anslutning-backfunktion-upp-till-5-km-h-for-barn-3-6-ar-svart-1.webp?fit=2000%2C2000&ssl=1","type":"image\/webp"}],"twitter_card":"summary_large_image","twitter_misc":{"Ber\u00e4knad l\u00e4stid":"1 minut"},"schema":{"@context":"https:\/\/schema.org","@graph":[{"@type":"WebPage","@id":"https:\/\/truusk.store\/sv\/produkt\/truusk-elektrisk-bil-for-barn-12v-med-fjarrkontroll-musik-och-ljus-usb-mp3-anslutning-backfunktion-upp-till-5-km-h\/","url":"https:\/\/truusk.store\/sv\/produkt\/truusk-elektrisk-bil-for-barn-12v-med-fjarrkontroll-musik-och-ljus-usb-mp3-anslutning-backfunktion-upp-till-5-km-h\/","name":"TRUUSK Elektrisk Bil f\u00f6r Barn 12V med Fj\u00e4rrkontroll - Musik och Ljus - USB\/MP3-Anslutning - Backfunktion - Upp till 5 km\/h - TRUUSK - Hem, Tr\u00e4dg\u00e5rd &amp; Fritid","isPartOf":{"@id":"https:\/\/truusk.store\/sv\/#website"},"primaryImageOfPage":{"@id":"https:\/\/truusk.store\/sv\/produkt\/truusk-elektrisk-bil-for-barn-12v-med-fjarrkontroll-musik-och-ljus-usb-mp3-anslutning-backfunktion-upp-till-5-km-h\/#primaryimage"},"image":{"@id":"https:\/\/truusk.store\/sv\/produkt\/truusk-elektrisk-bil-for-barn-12v-med-fjarrkontroll-musik-och-ljus-usb-mp3-anslutning-backfunktion-upp-till-5-km-h\/#primaryimage"},"thumbnailUrl":"https:\/\/i0.wp.com\/truusk.store\/wp-content\/uploads\/2025\/06\/aiyaplay-barns-elektriska-bil-12v-med-fjarrkontroll-musik-elektriskt-fordon-med-ljus-usb-mp3-anslutning-backfunktion-upp-till-5-km-h-for-barn-3-6-ar-svart-1.webp?fit=2000%2C2000&ssl=1","datePublished":"2025-06-05T05:18:39+00:00","dateModified":"2026-03-12T08:44:14+00:00","breadcrumb":{"@id":"https:\/\/truusk.store\/sv\/produkt\/truusk-elektrisk-bil-for-barn-12v-med-fjarrkontroll-musik-och-ljus-usb-mp3-anslutning-backfunktion-upp-till-5-km-h\/#breadcrumb"},"inLanguage":"sv-SE","potentialAction":[{"@type":"ReadAction","target":["https:\/\/truusk.store\/sv\/produkt\/truusk-elektrisk-bil-for-barn-12v-med-fjarrkontroll-musik-och-ljus-usb-mp3-anslutning-backfunktion-upp-till-5-km-h\/"]}]},{"@type":"ImageObject","inLanguage":"sv-SE","@id":"https:\/\/truusk.store\/sv\/produkt\/truusk-elektrisk-bil-for-barn-12v-med-fjarrkontroll-musik-och-ljus-usb-mp3-anslutning-backfunktion-upp-till-5-km-h\/#primaryimage","url":"https:\/\/i0.wp.com\/truusk.store\/wp-content\/uploads\/2025\/06\/aiyaplay-barns-elektriska-bil-12v-med-fjarrkontroll-musik-elektriskt-fordon-med-ljus-usb-mp3-anslutning-backfunktion-upp-till-5-km-h-for-barn-3-6-ar-svart-1.webp?fit=2000%2C2000&ssl=1","contentUrl":"https:\/\/i0.wp.com\/truusk.store\/wp-content\/uploads\/2025\/06\/aiyaplay-barns-elektriska-bil-12v-med-fjarrkontroll-musik-elektriskt-fordon-med-ljus-usb-mp3-anslutning-backfunktion-upp-till-5-km-h-for-barn-3-6-ar-svart-1.webp?fit=2000%2C2000&ssl=1","width":2000,"height":2000},{"@type":"BreadcrumbList","@id":"https:\/\/truusk.store\/sv\/produkt\/truusk-elektrisk-bil-for-barn-12v-med-fjarrkontroll-musik-och-ljus-usb-mp3-anslutning-backfunktion-upp-till-5-km-h\/#breadcrumb","itemListElement":[{"@type":"ListItem","position":1,"name":"Home","item":"https:\/\/truusk.store\/sv\/"},{"@type":"ListItem","position":2,"name":"Shop","item":"https:\/\/truusk.store\/shop\/"},{"@type":"ListItem","position":3,"name":"TRUUSK Elektrisk Bil f\u00f6r Barn 12V med Fj\u00e4rrkontroll &#8211; Musik och Ljus &#8211; USB\/MP3-Anslutning &#8211; Backfunktion &#8211; Upp till 5 km\/h &#8211;"}]},{"@type":"WebSite","@id":"https:\/\/truusk.store\/sv\/#website","url":"https:\/\/truusk.store\/sv\/","name":"TRUUSK - Hem, Tr\u00e4dg\u00e5rd & Fritid","description":"","publisher":{"@id":"https:\/\/truusk.store\/sv\/#organization"},"potentialAction":[{"@type":"SearchAction","target":{"@type":"EntryPoint","urlTemplate":"https:\/\/truusk.store\/sv\/?s={search_term_string}"},"query-input":{"@type":"PropertyValueSpecification","valueRequired":true,"valueName":"search_term_string"}}],"inLanguage":"sv-SE"},{"@type":"Organization","@id":"https:\/\/truusk.store\/sv\/#organization","name":"TRUUSK - Hem, Tr\u00e4dg\u00e5rd & Fritid","url":"https:\/\/truusk.store\/sv\/","logo":{"@type":"ImageObject","inLanguage":"sv-SE","@id":"https:\/\/truusk.store\/sv\/#\/schema\/logo\/image\/","url":"https:\/\/i0.wp.com\/truusk.store\/wp-content\/uploads\/2026\/03\/cropped-TRUUSK.png?fit=2032%2C917&ssl=1","contentUrl":"https:\/\/i0.wp.com\/truusk.store\/wp-content\/uploads\/2026\/03\/cropped-TRUUSK.png?fit=2032%2C917&ssl=1","width":2032,"height":917,"caption":"TRUUSK - Hem, Tr\u00e4dg\u00e5rd & Fritid"},"image":{"@id":"https:\/\/truusk.store\/sv\/#\/schema\/logo\/image\/"}}]}},"jetpack_sharing_enabled":true,"_links":{"self":[{"href":"https:\/\/truusk.store\/sv\/wp-json\/wp\/v2\/product\/62576","targetHints":{"allow":["GET"]}}],"collection":[{"href":"https:\/\/truusk.store\/sv\/wp-json\/wp\/v2\/product"}],"about":[{"href":"https:\/\/truusk.store\/sv\/wp-json\/wp\/v2\/types\/product"}],"wp:featuredmedia":[{"embeddable":true,"href":"https:\/\/truusk.store\/sv\/wp-json\/wp\/v2\/media\/62567"}],"wp:attachment":[{"href":"https:\/\/truusk.store\/sv\/wp-json\/wp\/v2\/media?parent=62576"}],"wp:term":[{"taxonomy":"product_brand","embeddable":true,"href":"https:\/\/truusk.store\/sv\/wp-json\/wp\/v2\/product_brand?post=62576"},{"taxonomy":"product_cat","embeddable":true,"href":"https:\/\/truusk.store\/sv\/wp-json\/wp\/v2\/product_cat?post=62576"},{"taxonomy":"product_tag","embeddable":true,"href":"https:\/\/truusk.store\/sv\/wp-json\/wp\/v2\/product_tag?post=62576"}],"curies":[{"name":"wp","href":"https:\/\/api.w.org\/{rel}","templated":true}]}}