{"id":62656,"date":"2025-06-05T06:26:29","date_gmt":"2025-06-05T05:26:29","guid":{"rendered":"https:\/\/truusk.store\/product\/fotstod-skrivbord-hojdstallbart-fotstod-ergonomisk-fotstod-halkfri-for-hemmakontor-kontor-svart\/"},"modified":"2026-03-12T09:44:32","modified_gmt":"2026-03-12T08:44:32","slug":"truusk-ergonomiskt-hoj-och-sankbart-fotstod-halkfritt-for-hemmakontor-kontor-svart","status":"publish","type":"product","link":"https:\/\/truusk.store\/sv\/produkt\/truusk-ergonomiskt-hoj-och-sankbart-fotstod-halkfritt-for-hemmakontor-kontor-svart\/","title":{"rendered":"TRUUSK Ergonomiskt H\u00f6j- och S\u00e4nkbart Fotst\u00f6d &#8211; Halkfritt &#8211; F\u00f6r Hemmakontor &#8211; Kontor &#8211; Svart"},"content":{"rendered":"<p>Upplev o\u00f6vertr\u00e4ffad komfort med v\u00e5r ergonomiska fotst\u00f6d f\u00f6r skrivbordet. Den strukturerade plattformen och massagevalserna slappnar av och stimulerar dina f\u00f6tter under l\u00e5nga arbetsdagar. Justera lutningen fr\u00e5n -30\u00b0 till +30\u00b0 f\u00f6r att minska trycket p\u00e5 dina fotleder. H\u00f6jden kan individuellt justeras till 11 cm, 13,5 cm eller 17 cm, s\u00e5 att du kan hitta en bekv\u00e4m position \u00e4ven under l\u00e5nga sessioner och f\u00f6rb\u00e4ttra din h\u00e5llning p\u00e5 l\u00e5ng sikt.<\/p>\n<p>Beskrivning:<\/p>\n<ul>\n<li> Massageyta p\u00e5 fotst\u00f6det med massagevalser och massageknoppar<\/li>\n<li> Justerbar vinkel fr\u00e5n -30\u00b0 till +30\u00b0<\/li>\n<li> Justerbar h\u00f6jd p\u00e5 fotst\u00f6det under skrivbordet f\u00f6r att anpassa till kroppsh\u00f6jd och sitth\u00f6jd<\/li>\n<li> Tjock ABS-plast med anti-glidpads<\/li>\n<li> F\u00f6rmonterad och redo att anv\u00e4ndas direkt<\/li>\n<\/ul>\n<p>Tekniska data:<\/p>\n<ul>\n<li> F\u00e4rg: Svart<\/li>\n<li> Material: ABS<\/li>\n<li> Totala dimensioner: 46L x 35B x 11\/13,5\/17H cm<\/li>\n<li> B\u00e4rkapacitet: 20 kg<\/li>\n<\/ul>\n<p>Leveransinneh\u00e5ll:<\/p>\n<ul>\n<li> 1 x Fotst\u00f6d<\/li>\n<li> 1 x Instruktioner<\/li>\n<\/ul>\n","protected":false},"excerpt":{"rendered":"<p>Upplev o\u00f6vertr\u00e4ffad komfort med v\u00e5r ergonomiska fotst\u00f6d f\u00f6r skrivbordet. Den strukturerade plattformen och massagevalserna slappnar av och stimulerar dina f\u00f6tter&#8230;<\/p>\n","protected":false},"featured_media":62647,"template":"","meta":[],"product_brand":[],"product_cat":[872,871,497],"product_tag":[],"class_list":{"0":"post-62656","1":"product","2":"type-product","3":"status-publish","4":"has-post-thumbnail","6":"product_cat-hemmakontor-arbetsplats","7":"product_cat-hus-hem","8":"product_cat-kontorsmaterial","10":"first","11":"instock","12":"sale","13":"taxable","14":"shipping-taxable","15":"purchasable","16":"product-type-simple"},"yoast_head":"<!-- This site is optimized with the Yoast SEO plugin v25.4 - https:\/\/yoast.com\/wordpress\/plugins\/seo\/ -->\n<title>TRUUSK Ergonomiskt H\u00f6j- och S\u00e4nkbart Fotst\u00f6d - Halkfritt - F\u00f6r Hemmakontor - Kontor - Svart - TRUUSK - Hem, Tr\u00e4dg\u00e5rd &amp; Fritid<\/title>\n<meta name=\"robots\" content=\"index, follow, max-snippet:-1, max-image-preview:large, max-video-preview:-1\" \/>\n<link rel=\"canonical\" href=\"https:\/\/truusk.store\/sv\/produkt\/truusk-ergonomiskt-hoj-och-sankbart-fotstod-halkfritt-for-hemmakontor-kontor-svart\/\" \/>\n<meta property=\"og:locale\" content=\"sv_SE\" \/>\n<meta property=\"og:type\" content=\"article\" \/>\n<meta property=\"og:title\" content=\"TRUUSK Ergonomiskt H\u00f6j- och S\u00e4nkbart Fotst\u00f6d - Halkfritt - F\u00f6r Hemmakontor - Kontor - Svart - TRUUSK - Hem, Tr\u00e4dg\u00e5rd &amp; Fritid\" \/>\n<meta property=\"og:description\" content=\"Upplev o\u00f6vertr\u00e4ffad komfort med v\u00e5r ergonomiska fotst\u00f6d f\u00f6r skrivbordet. Den strukturerade plattformen och massagevalserna slappnar av och stimulerar dina f\u00f6tter...\" \/>\n<meta property=\"og:url\" content=\"https:\/\/truusk.store\/sv\/produkt\/truusk-ergonomiskt-hoj-och-sankbart-fotstod-halkfritt-for-hemmakontor-kontor-svart\/\" \/>\n<meta property=\"og:site_name\" content=\"TRUUSK - Hem, Tr\u00e4dg\u00e5rd &amp; Fritid\" \/>\n<meta property=\"article:modified_time\" content=\"2026-03-12T08:44:32+00:00\" \/>\n<meta property=\"og:image\" content=\"https:\/\/i0.wp.com\/truusk.se\/wp-content\/uploads\/2025\/06\/fotstod-skrivbord-hojdstallbart-fotstod-ergonomisk-fotstod-halkfri-for-hemmakontor-kontor-svart-1.webp?fit=2000%2C2000&ssl=1\" \/>\n\t<meta property=\"og:image:width\" content=\"2000\" \/>\n\t<meta property=\"og:image:height\" content=\"2000\" \/>\n\t<meta property=\"og:image:type\" content=\"image\/webp\" \/>\n<meta name=\"twitter:card\" content=\"summary_large_image\" \/>\n<meta name=\"twitter:label1\" content=\"Ber\u00e4knad l\u00e4stid\" \/>\n\t<meta name=\"twitter:data1\" content=\"1 minut\" \/>\n<!-- \/ Yoast SEO plugin. -->","yoast_head_json":{"title":"TRUUSK Ergonomiskt H\u00f6j- och S\u00e4nkbart Fotst\u00f6d - Halkfritt - F\u00f6r Hemmakontor - Kontor - Svart - TRUUSK - Hem, Tr\u00e4dg\u00e5rd &amp; Fritid","robots":{"index":"index","follow":"follow","max-snippet":"max-snippet:-1","max-image-preview":"max-image-preview:large","max-video-preview":"max-video-preview:-1"},"canonical":"https:\/\/truusk.store\/sv\/produkt\/truusk-ergonomiskt-hoj-och-sankbart-fotstod-halkfritt-for-hemmakontor-kontor-svart\/","og_locale":"sv_SE","og_type":"article","og_title":"TRUUSK Ergonomiskt H\u00f6j- och S\u00e4nkbart Fotst\u00f6d - Halkfritt - F\u00f6r Hemmakontor - Kontor - Svart - TRUUSK - Hem, Tr\u00e4dg\u00e5rd &amp; Fritid","og_description":"Upplev o\u00f6vertr\u00e4ffad komfort med v\u00e5r ergonomiska fotst\u00f6d f\u00f6r skrivbordet. Den strukturerade plattformen och massagevalserna slappnar av och stimulerar dina f\u00f6tter...","og_url":"https:\/\/truusk.store\/sv\/produkt\/truusk-ergonomiskt-hoj-och-sankbart-fotstod-halkfritt-for-hemmakontor-kontor-svart\/","og_site_name":"TRUUSK - Hem, Tr\u00e4dg\u00e5rd &amp; Fritid","article_modified_time":"2026-03-12T08:44:32+00:00","og_image":[{"width":2000,"height":2000,"url":"https:\/\/i0.wp.com\/truusk.se\/wp-content\/uploads\/2025\/06\/fotstod-skrivbord-hojdstallbart-fotstod-ergonomisk-fotstod-halkfri-for-hemmakontor-kontor-svart-1.webp?fit=2000%2C2000&ssl=1","type":"image\/webp"}],"twitter_card":"summary_large_image","twitter_misc":{"Ber\u00e4knad l\u00e4stid":"1 minut"},"schema":{"@context":"https:\/\/schema.org","@graph":[{"@type":"WebPage","@id":"https:\/\/truusk.store\/sv\/produkt\/truusk-ergonomiskt-hoj-och-sankbart-fotstod-halkfritt-for-hemmakontor-kontor-svart\/","url":"https:\/\/truusk.store\/sv\/produkt\/truusk-ergonomiskt-hoj-och-sankbart-fotstod-halkfritt-for-hemmakontor-kontor-svart\/","name":"TRUUSK Ergonomiskt H\u00f6j- och S\u00e4nkbart Fotst\u00f6d - Halkfritt - F\u00f6r Hemmakontor - Kontor - Svart - TRUUSK - Hem, Tr\u00e4dg\u00e5rd &amp; Fritid","isPartOf":{"@id":"https:\/\/truusk.store\/sv\/#website"},"primaryImageOfPage":{"@id":"https:\/\/truusk.store\/sv\/produkt\/truusk-ergonomiskt-hoj-och-sankbart-fotstod-halkfritt-for-hemmakontor-kontor-svart\/#primaryimage"},"image":{"@id":"https:\/\/truusk.store\/sv\/produkt\/truusk-ergonomiskt-hoj-och-sankbart-fotstod-halkfritt-for-hemmakontor-kontor-svart\/#primaryimage"},"thumbnailUrl":"https:\/\/i0.wp.com\/truusk.store\/wp-content\/uploads\/2025\/06\/fotstod-skrivbord-hojdstallbart-fotstod-ergonomisk-fotstod-halkfri-for-hemmakontor-kontor-svart-1.webp?fit=2000%2C2000&ssl=1","datePublished":"2025-06-05T05:26:29+00:00","dateModified":"2026-03-12T08:44:32+00:00","breadcrumb":{"@id":"https:\/\/truusk.store\/sv\/produkt\/truusk-ergonomiskt-hoj-och-sankbart-fotstod-halkfritt-for-hemmakontor-kontor-svart\/#breadcrumb"},"inLanguage":"sv-SE","potentialAction":[{"@type":"ReadAction","target":["https:\/\/truusk.store\/sv\/produkt\/truusk-ergonomiskt-hoj-och-sankbart-fotstod-halkfritt-for-hemmakontor-kontor-svart\/"]}]},{"@type":"ImageObject","inLanguage":"sv-SE","@id":"https:\/\/truusk.store\/sv\/produkt\/truusk-ergonomiskt-hoj-och-sankbart-fotstod-halkfritt-for-hemmakontor-kontor-svart\/#primaryimage","url":"https:\/\/i0.wp.com\/truusk.store\/wp-content\/uploads\/2025\/06\/fotstod-skrivbord-hojdstallbart-fotstod-ergonomisk-fotstod-halkfri-for-hemmakontor-kontor-svart-1.webp?fit=2000%2C2000&ssl=1","contentUrl":"https:\/\/i0.wp.com\/truusk.store\/wp-content\/uploads\/2025\/06\/fotstod-skrivbord-hojdstallbart-fotstod-ergonomisk-fotstod-halkfri-for-hemmakontor-kontor-svart-1.webp?fit=2000%2C2000&ssl=1","width":2000,"height":2000},{"@type":"BreadcrumbList","@id":"https:\/\/truusk.store\/sv\/produkt\/truusk-ergonomiskt-hoj-och-sankbart-fotstod-halkfritt-for-hemmakontor-kontor-svart\/#breadcrumb","itemListElement":[{"@type":"ListItem","position":1,"name":"Home","item":"https:\/\/truusk.store\/sv\/"},{"@type":"ListItem","position":2,"name":"Shop","item":"https:\/\/truusk.store\/shop\/"},{"@type":"ListItem","position":3,"name":"TRUUSK Ergonomiskt H\u00f6j- och S\u00e4nkbart Fotst\u00f6d &#8211; Halkfritt &#8211; F\u00f6r Hemmakontor &#8211; Kontor &#8211; Svart"}]},{"@type":"WebSite","@id":"https:\/\/truusk.store\/sv\/#website","url":"https:\/\/truusk.store\/sv\/","name":"TRUUSK - Hem, Tr\u00e4dg\u00e5rd & Fritid","description":"","publisher":{"@id":"https:\/\/truusk.store\/sv\/#organization"},"potentialAction":[{"@type":"SearchAction","target":{"@type":"EntryPoint","urlTemplate":"https:\/\/truusk.store\/sv\/?s={search_term_string}"},"query-input":{"@type":"PropertyValueSpecification","valueRequired":true,"valueName":"search_term_string"}}],"inLanguage":"sv-SE"},{"@type":"Organization","@id":"https:\/\/truusk.store\/sv\/#organization","name":"TRUUSK - Hem, Tr\u00e4dg\u00e5rd & Fritid","url":"https:\/\/truusk.store\/sv\/","logo":{"@type":"ImageObject","inLanguage":"sv-SE","@id":"https:\/\/truusk.store\/sv\/#\/schema\/logo\/image\/","url":"https:\/\/i0.wp.com\/truusk.store\/wp-content\/uploads\/2026\/03\/cropped-TRUUSK.png?fit=2032%2C917&ssl=1","contentUrl":"https:\/\/i0.wp.com\/truusk.store\/wp-content\/uploads\/2026\/03\/cropped-TRUUSK.png?fit=2032%2C917&ssl=1","width":2032,"height":917,"caption":"TRUUSK - Hem, Tr\u00e4dg\u00e5rd & Fritid"},"image":{"@id":"https:\/\/truusk.store\/sv\/#\/schema\/logo\/image\/"}}]}},"jetpack_sharing_enabled":true,"_links":{"self":[{"href":"https:\/\/truusk.store\/sv\/wp-json\/wp\/v2\/product\/62656","targetHints":{"allow":["GET"]}}],"collection":[{"href":"https:\/\/truusk.store\/sv\/wp-json\/wp\/v2\/product"}],"about":[{"href":"https:\/\/truusk.store\/sv\/wp-json\/wp\/v2\/types\/product"}],"wp:featuredmedia":[{"embeddable":true,"href":"https:\/\/truusk.store\/sv\/wp-json\/wp\/v2\/media\/62647"}],"wp:attachment":[{"href":"https:\/\/truusk.store\/sv\/wp-json\/wp\/v2\/media?parent=62656"}],"wp:term":[{"taxonomy":"product_brand","embeddable":true,"href":"https:\/\/truusk.store\/sv\/wp-json\/wp\/v2\/product_brand?post=62656"},{"taxonomy":"product_cat","embeddable":true,"href":"https:\/\/truusk.store\/sv\/wp-json\/wp\/v2\/product_cat?post=62656"},{"taxonomy":"product_tag","embeddable":true,"href":"https:\/\/truusk.store\/sv\/wp-json\/wp\/v2\/product_tag?post=62656"}],"curies":[{"name":"wp","href":"https:\/\/api.w.org\/{rel}","templated":true}]}}